{"id":10303,"date":"2022-04-26T04:01:15","date_gmt":"2022-04-26T04:01:15","guid":{"rendered":"https:\/\/decoupledhhg.wpengine.com\/homepage\/"},"modified":"2025-07-17T14:34:21","modified_gmt":"2025-07-17T14:34:21","slug":"homepage","status":"publish","type":"page","link":"https:\/\/www.hhglobal.com\/zh\/","title":{"rendered":"Home Page (Chinese)"},"content":{"rendered":"\r\n<p>home page<\/p>\r\n","protected":false},"excerpt":{"rendered":"<p>home page<\/p>\n","protected":false},"author":41,"featured_media":0,"parent":0,"menu_order":0,"comment_status":"closed","ping_status":"open","template":"","meta":{"_acf_changed":"","_yoast_wpseo_focuskw":"","_yoast_wpseo_metadesc":"","_yoast_wpseo_linkdex":"","_yoast_wpseo_content_score":"","_yoast_wpseo_meta-robots-noindex":"","_yoast_wpseo_meta-robots-nofollow":"","inline_featured_image":[],"_genesis_block_theme_hide_title":false,"_cms_nav_minihome":"","_icl_lang_duplicate_of":"","_menu_item_classes":[],"_menu_item_menu_item_parent":"","_menu_item_object":"","_menu_item_object_id":"","_menu_item_orphaned":"","_menu_item_target":"","_menu_item_type":"","_menu_item_url":"","_menu_item_xfn":"","_seedprod_page":"","_seedprod_page_template_type":"","_seedprod_page_uuid":"","_top_nav_excluded":"","_wp_attachment_backup_sizes":[],"_wp_attachment_context":"","_wp_attachment_image_alt":"","_wp_old_date":"","_wpcode_auto_insert":"","_wpcode_auto_insert_number":"","_wpcode_library_id":"","_wpml_media_duplicate":"1","_wpml_media_featured":"1","_wpml_post_translation_editor_native":"","_wpml_word_count":"{\"total\":90,\"to_translate\":{\"zh-hans\":90,\"cs\":90,\"de\":90,\"ja\":90,\"pt-br\":90,\"es\":90}}","_yoast_wpseo_estimated-reading-time-minutes":[],"_yoast_wpseo_primary_category":"","_yoast_wpseo_primary_industry":"","_yoast_wpseo_primary_solution":"","_yoast_wpseo_primary_the_author":"","_yoast_wpseo_wordproof_timestamp":"","acfml_non_translatable_locations":[],"career_externalLink":"","career_featuredImage":"","career_title":"","casestudy_featuredImage":"","casestudy_title":"","infocallout_excerpt":"","infocallout_featuredImage":"","infocallout_title":"","jobTitle":"","language":"","name":"","profilePicture":"","wp-smpro-smush-data":[],"wp-smush-animated":"","wp-smush-ignore-bulk":"","wp-smush-lossy":"","wpml_media_processed":"","_wpcode_conditional_logic_enabled":"","_wpcode_location_extra":"","_wpcode_note":"","_wpcode_priority":"","_wpcode_shortcode_attributes":[],"footnotes":""},"class_list":["post-10303","page","type-page","status-publish","hentry","post","without-featured-image"],"acf":{"page_title":"\u5168\u7403\u521b\u610f\u751f\u4ea7\u548c\u91c7\u8d2d\u89e3\u51b3\u65b9\u6848| HH Global","page_description":"\u4e3a\u5bfb\u6c42\u53ef\u6301\u7eed\u53d1\u5c55\u7684\u54c1\u724c\u63d0\u4f9b\u5168\u7403\u6700\u5177\u5f71\u54cd\u529b\u7684\u79d1\u6280\u521b\u610f\u751f\u4ea7\u548c\u91c7\u8d2d\u5408\u4f5c\u4f19\u4f34","social_title":"","social_description":"\u5168\u7403\u6280\u672f\u521b\u65b0\u6027\u751f\u4ea7\u548c\u91c7\u8d2d\u9886\u57df\u6700\u5177\u5f71\u54cd\u529b\u7684\u5408\u4f5c\u4f19\u4f34\uff0c\u4e3a\u5bfb\u6c42\u53ef\u6301\u7eed\u589e\u957f\u7684\u54c1\u724c\u63d0\u4f9b\u670d\u52a1","social_share_image":null,"modules":[{"acf_fc_layout":"hero","size":"large","theme":"dark","choose_images":[{"image":10352},{"image":10346},{"image":10348},{"image":10350}],"show_eyebrow":true,"eyebrow":"eyebrow","title":"\u5168\u7403\u6027\u7684\u3001\u4ee5\u6280\u672f\u4e3a\u652f\u6491\u7684\u521b\u610f\u751f\u4ea7\u548c\u91c7\u8d2d\u5408\u4f5c\u4f19\u4f34","show_cta":true,"cta_url":"\/zh\/company","cta_title":"\u8fdb\u4e00\u6b65\u4e86\u89e3\u6211\u4eec\u7684\u516c\u53f8"},{"acf_fc_layout":"data_visualization","title":"HH Global \u7b80\u4ecb","stats":[{"page_link":10293,"sub_heading":"\u5168\u7403","heading":"","stat":"4,500\u540d","description_type":false,"description":"","styled_description":{"before_description_text":"\u56e2\u961f\u6210\u5458\u4e3a\u5ba2\u6237\u63d0\u4f9b\u7aed\u8bda\u670d\u52a1","middle_stats":"\u904d\u5e0364\u4e2a\u56fd\u5bb6","after_description_text":"&nbsp;"},"icon":10564,"hover_color":"secondary-blue"},{"page_link":10293,"sub_heading":"\u5168\u7403","heading":"\u7ba1\u7406\u652f\u51fa\u8fbe25\u4ebf\u7f8e\u5143","stat":"","description_type":true,"description":"","styled_description":{"before_description_text":"","middle_stats":"","after_description_text":""},"icon":10562,"hover_color":"primary-green-2"},{"page_link":12114,"sub_heading":"\u53ef\u6301\u7eed\u6027","heading":"","stat":"\u8d85\u8fc74.4\u4e07\u5428","description_type":true,"description":"\u91c7\u8d2d\u5546\u54c1\u548c\u670d\u52a1\u7684\u78b3\u51cf\u6392\u91cf ","styled_description":{"before_description_text":"","middle_stats":"","after_description_text":""},"icon":10570,"hover_color":"primary-green-2"},{"page_link":10291,"sub_heading":"\u5168\u7403\u521b\u610f\u751f\u4ea7","heading":"","stat":"26\u5bb6","description_type":true,"description":"\u521b\u610f\u673a\u6784\u5de5\u4f5c\u5ba4","styled_description":{"before_description_text":"","middle_stats":"","after_description_text":""},"icon":10568,"hover_color":"secondary-purple"},{"page_link":10279,"sub_heading":"\u91c7\u8d2d","heading":"","stat":"25%","description_type":true,"description":"\u4e3a\u5ba2\u6237\u8282\u7701\u7684\u5f00\u652f","styled_description":{"before_description_text":"","middle_stats":"","after_description_text":""},"icon":null,"hover_color":"secondary-dark-blue"},{"page_link":10281,"sub_heading":"\u6280\u672f","heading":"","stat":"130\u4e07\u7b14\u4ea4\u6613","description_type":true,"description":"\u901a\u8fc7\u6211\u4eec\u7684\u6280\u672f\u8fdb\u884c\u5904\u7406","styled_description":{"before_description_text":"","middle_stats":"","after_description_text":""},"icon":10560,"hover_color":"secondary-dark-blue"},{"page_link":10279,"sub_heading":"\u91c7\u8d2d","heading":"","stat":"8,606\u5bb6","description_type":true,"description":"\u5168\u7403\u6218\u7565\u4f9b\u5e94\u5546\u5408\u4f5c\u4f19\u4f34\r\n\u6db5\u76d619 \u4e2a\u5173\u952e\u6d88\u8d39\u54c1\u7c7b\r\n","styled_description":{"before_description_text":"","middle_stats":"","after_description_text":""},"icon":null,"hover_color":"primary-green-2"},{"page_link":10281,"sub_heading":"\u6280\u672f","heading":"","stat":"89,485\u5bb6","description_type":true,"description":"\u91c7\u7528\u6211\u4eec\u6280\u672f\u7684\u6d3b\u8dc3\u7528\u6237","styled_description":{"before_description_text":"","middle_stats":"","after_description_text":""},"icon":10566,"hover_color":"secondary-purple"},{"page_link":10291,"sub_heading":"\u5168\u7403\u521b\u610f\u751f\u4ea7","heading":"","stat":"72,015\u9879","description_type":true,"description":"\u6570\u5b57\u8d44\u4ea7\u7ba1\u7406","styled_description":{"before_description_text":"","middle_stats":"","after_description_text":""},"icon":null,"hover_color":"primary-green-2"}]},{"acf_fc_layout":"cards","scroll_to_link":"","container_background_color":"bg-pure-black","show_heading":true,"heading":"\u4e0e\u5bfb\u6c42\u66f4\u5f3a\u52b2\u3001\u66f4\u53ef\u6301\u7eed\u589e\u957f\u7684\u54c1\u724c\u8fdb\u884c\u5408\u4f5c ","content":"","cards":{"layout":"case-studies-layout","sub_layout":"default","cards_display_mode":"bg-white","solution_term":null,"industry_term":null,"author_term":null,"region_term":null,"choose_cards":[365],"choose_case_studies":[5697,10300,10264,10261,10258,10267,10255],"choose_featured_case_studies":null,"choose_staff_members":null,"choose_careers":null,"choose_info_callouts":null,"show_titles":true,"show_description":true,"show_date":false,"show_sector":false}},{"acf_fc_layout":"text_with_media","scroll_to_link":"","theme":"dark","container_background_color":"bg-pure-black","show_eyebrow":false,"eyebrow":"","show_title":true,"title":"\u4e00\u6d41\u7684\u4e13\u6709\u6280\u672f","show_sub_title":false,"sub_title":"","content":"\u6211\u4eec\u62e5\u6709\u72ec\u7279\u7684\u6280\u672f\u5e73\u53f0\uff0c\u53ef\u4f18\u5316\u6bcf\u4e00\u6b65\u6d41\u7a0b\uff0c\u4ece\u800c\u51cf\u5c11\u6d6a\u8d39\uff0c\u63a8\u52a8\u589e\u957f\uff0c\u5e76\u6839\u636e\u9700\u6c42\u6269\u5927\u89c4\u6a21\u3002\u8be5\u6280\u672f\u5e73\u53f0\u53ef\u4ee5\u4e3a\u5ba2\u6237\u63d0\u4f9b\u6570\u636e\u548c\u89c1\u89e3\uff0c\u6709\u5229\u4e8e\u5728\u5168\u7403\u4e0d\u540c\u7684\u56fd\u5bb6\u548c\u5730\u533a\u4e4b\u95f4\u5b9e\u73b0\u54c1\u724c\u7edf\u4e00\u3002\u660e\u786e\u7684\u7ee9\u6548\u8bc4\u4f30\u548c\u62a5\u544a\u6709\u52a9\u4e8e\u4f18\u5316\u9884\u7b97\u7b56\u7565\uff0c\u4f7f\u8425\u9500\u66f4\u5177\u6709\u53ef\u6301\u7eed\u6027\u3002","cta_url":"\/zh\/technology","cta_text":"\u63a2\u7d22\u6280\u672f\u652f\u6301\u7684\u5e73\u53f0","open_in_new_window":false,"choose_media":[{"image":10660}],"image_alignment":"right","image_fit":"cover","image_size":"half-width","vimeoid":"","ytid":""},{"acf_fc_layout":"sustainability","container_background_color":"bg-pure-black","title":"\u63d0\u9ad8\u53ef\u6301\u7eed\u6027\u7684\u5173\u6ce8\u5ea6","sustainability_features":[{"icon":10304,"stats":"40%","stats_color":"primary-green","description":"\u7528\u7535\u91cf\u6bd4\u4e0a\u4e00\u5e74\u8282\u7701\u4e8640% "},{"icon":10784,"stats":"8%","stats_color":"secondary-blue","description":"\u603b\u6392\u653e\u91cf\u6bd4\u4e0a\u4e00\u5e74\u964d\u4f4e\u4e868%"},{"icon":10324,"stats":"4.4 \u4e07\u516c\u5428 ","stats_color":"light-purple","description":"\u4e0e\u4e0a\u4e00\u5e74\u76f8\u6bd4\uff0c\u4e3a\u6211\u4eec\u7684\u5ba2\u6237\u51cf\u5c11\u4e864.4\u4e07\u5428\u4ee5\u4e0a\u7684\u78b3\u6392\u653e"}]},{"acf_fc_layout":"text_with_media","scroll_to_link":"","theme":"dark","container_background_color":"bg-pure-black","show_eyebrow":false,"eyebrow":"","show_title":true,"title":"\u4fc3\u8fdb\u53ef\u6301\u7eed\u8425\u9500\u7684\u6280\u672f","show_sub_title":true,"sub_title":"","content":"\u4f5c\u4e3a\u53ef\u6301\u7eed\u53d1\u5c55\u7684\u9886\u5bfc\u8005\uff0c\u6211\u4eec\u4f1a\u4e3a\u60a8\u91cf\u8eab\u5b9a\u5236\u6280\u672f\u9a71\u52a8\u7684\u89e3\u51b3\u65b9\u6848\u4ee5\u652f\u6301\u60a8\u7684\u76ee\u6807\uff0c\u5305\u62ec\u6211\u4eec\u5229\u7528\u81ea\u8eab\u4e13\u6709\u7684\u73af\u5883\u6d4b\u91cf\u5de5\u5177\u548c\u4e8c\u6c27\u5316\u78b3\u5f71\u54cd\u6280\u672f\uff0c\u5e2e\u60a8\u505a\u51fa\u66f4\u660e\u667a\u7684\u53ef\u6301\u7eed\u53d1\u5c55\u51b3\u7b56\u3002","cta_url":"\/zh\/sustainable-growth\/","cta_text":"\u63a2\u7d22\u53ef\u6301\u7eed\u6027","open_in_new_window":false,"choose_media":[{"image":10554}],"image_alignment":"left","image_fit":"cover","image_size":"half-width","vimeoid":"","ytid":""},{"acf_fc_layout":"contact_form","scroll_to_link":"","title":"\u8054\u7cfb\u65b9\u5f0f"},{"acf_fc_layout":"map","title":"\u4ee3\u8868 64 \u4e2a\u56fd\u5bb6\u7684\u56e2\u961f\u6210\u5458\u7684\u533a\u57df\u603b\u90e8","locations":[{"region":"REGIONAL NORTH AMERICA HEADQUARTERs","title":"\u829d\u52a0\u54e5","address":[{"line":"203 N. LaSalle"},{"line":"Chicago, IL 60601"},{"line":"United States"}],"map_label":"\u829d\u52a0\u54e5","map_dotx":"12%","map_doxy":"35%","map_boxx":"62px","map_boxy":"-14px"},{"region":"REGIONAL LATIN AMERICA HEADQUARTERs","title":"\u58a8\u897f\u54e5","address":[{"line":"Av. P.\u00ba de la Reforma 350"},{"line":"Ju\u00e1rez, Cuauht\u00e9moc"},{"line":"06600 Ciudad de M\u00e9xico"},{"line":"CDMX, M\u00e9xico"}],"map_label":"\u58a8\u897f\u54e5","map_dotx":"5.5%","map_doxy":"63%","map_boxx":"60px","map_boxy":"-60px"},{"region":"REGIONAL EMEA HEADQUARTERs","title":"HH Global | London","address":[{"line":"Grove House,"},{"line":"Guildford Road,"},{"line":"Leatherhead, Surrey KT22 9DF"},{"line":"United Kingdom"}],"map_label":"\u82f1\u56fd","map_dotx":"42.2%","map_doxy":"15%","map_boxx":"45px","map_boxy":"21px"},{"region":"REGIONAL ASIA-PACIFIC HEADQUARTERs","title":"HH Global | Hong Kong","address":[{"line":"20th Floor, East Town Building,"},{"line":"No. 41 Lockhart Road, Wan Chai,"},{"line":"Hong Kong Island,"},{"line":"Hong Kong S.A.R."}],"map_label":"\u9999\u6e2f","map_dotx":"94.5%","map_doxy":"54.8%","map_boxx":"-363px","map_boxy":"-136px"}]}]},"yoast_head":"<!-- This site is optimized with the Yoast SEO plugin v27.4 - https:\/\/yoast.com\/product\/yoast-seo-wordpress\/ -->\n<title>Home Page (Chinese) - HH Global<\/title>\n<meta name=\"robots\" content=\"index, follow, max-snippet:-1, max-image-preview:large, max-video-preview:-1\" \/>\n<link rel=\"canonical\" href=\"https:\/\/www.hhglobal.com\/zh\/\" \/>\n<meta property=\"og:locale\" content=\"zh_CN\" \/>\n<meta property=\"og:type\" content=\"article\" \/>\n<meta property=\"og:title\" content=\"Home Page (Chinese) - HH Global\" \/>\n<meta property=\"og:description\" content=\"home page\" \/>\n<meta property=\"og:url\" content=\"https:\/\/www.hhglobal.com\/zh\/\" \/>\n<meta property=\"og:site_name\" content=\"HH Global\" \/>\n<meta property=\"article:modified_time\" content=\"2025-07-17T14:34:21+00:00\" \/>\n<meta name=\"twitter:card\" content=\"summary_large_image\" \/>\n<script type=\"application\/ld+json\" class=\"yoast-schema-graph\">{\"@context\":\"https:\\\/\\\/schema.org\",\"@graph\":[{\"@type\":\"WebPage\",\"@id\":\"https:\\\/\\\/www.hhglobal.com\\\/zh\\\/\",\"url\":\"https:\\\/\\\/www.hhglobal.com\\\/zh\\\/\",\"name\":\"Home Page (Chinese) - HH Global\",\"isPartOf\":{\"@id\":\"https:\\\/\\\/www.hhglobal.com\\\/zh\\\/#website\"},\"datePublished\":\"2022-04-26T04:01:15+00:00\",\"dateModified\":\"2025-07-17T14:34:21+00:00\",\"breadcrumb\":{\"@id\":\"https:\\\/\\\/www.hhglobal.com\\\/zh\\\/#breadcrumb\"},\"inLanguage\":\"zh\",\"potentialAction\":[{\"@type\":\"ReadAction\",\"target\":[\"https:\\\/\\\/www.hhglobal.com\\\/zh\\\/\"]}]},{\"@type\":\"BreadcrumbList\",\"@id\":\"https:\\\/\\\/www.hhglobal.com\\\/zh\\\/#breadcrumb\",\"itemListElement\":[{\"@type\":\"ListItem\",\"position\":1,\"name\":\"Home\",\"item\":\"https:\\\/\\\/www.hhglobal.com\\\/zh\\\/\"},{\"@type\":\"ListItem\",\"position\":2,\"name\":\"Home Page (Chinese)\"}]},{\"@type\":\"WebSite\",\"@id\":\"https:\\\/\\\/www.hhglobal.com\\\/zh\\\/#website\",\"url\":\"https:\\\/\\\/www.hhglobal.com\\\/zh\\\/\",\"name\":\"HH Global\",\"description\":\"The global, tech-enabled creative production and procurement partner.\",\"publisher\":{\"@id\":\"https:\\\/\\\/www.hhglobal.com\\\/zh\\\/#organization\"},\"potentialAction\":[{\"@type\":\"SearchAction\",\"target\":{\"@type\":\"EntryPoint\",\"urlTemplate\":\"https:\\\/\\\/www.hhglobal.com\\\/zh\\\/?s={search_term_string}\"},\"query-input\":{\"@type\":\"PropertyValueSpecification\",\"valueRequired\":true,\"valueName\":\"search_term_string\"}}],\"inLanguage\":\"zh\"},{\"@type\":\"Organization\",\"@id\":\"https:\\\/\\\/www.hhglobal.com\\\/zh\\\/#organization\",\"name\":\"HH Global\",\"url\":\"https:\\\/\\\/www.hhglobal.com\\\/zh\\\/\",\"logo\":{\"@type\":\"ImageObject\",\"inLanguage\":\"zh\",\"@id\":\"https:\\\/\\\/www.hhglobal.com\\\/zh\\\/#\\\/schema\\\/logo\\\/image\\\/\",\"url\":\"https:\\\/\\\/www.hhglobal.com\\\/wp-content\\\/uploads\\\/2023\\\/12\\\/logo-white.svg\",\"contentUrl\":\"https:\\\/\\\/www.hhglobal.com\\\/wp-content\\\/uploads\\\/2023\\\/12\\\/logo-white.svg\",\"width\":77,\"height\":18,\"caption\":\"HH Global\"},\"image\":{\"@id\":\"https:\\\/\\\/www.hhglobal.com\\\/zh\\\/#\\\/schema\\\/logo\\\/image\\\/\"}}]}<\/script>\n<!-- \/ Yoast SEO plugin. -->","yoast_head_json":{"title":"Home Page (Chinese) - HH Global","robots":{"index":"index","follow":"follow","max-snippet":"max-snippet:-1","max-image-preview":"max-image-preview:large","max-video-preview":"max-video-preview:-1"},"canonical":"https:\/\/www.hhglobal.com\/zh\/","og_locale":"zh_CN","og_type":"article","og_title":"Home Page (Chinese) - HH Global","og_description":"home page","og_url":"https:\/\/www.hhglobal.com\/zh\/","og_site_name":"HH Global","article_modified_time":"2025-07-17T14:34:21+00:00","twitter_card":"summary_large_image","schema":{"@context":"https:\/\/schema.org","@graph":[{"@type":"WebPage","@id":"https:\/\/www.hhglobal.com\/zh\/","url":"https:\/\/www.hhglobal.com\/zh\/","name":"Home Page (Chinese) - HH Global","isPartOf":{"@id":"https:\/\/www.hhglobal.com\/zh\/#website"},"datePublished":"2022-04-26T04:01:15+00:00","dateModified":"2025-07-17T14:34:21+00:00","breadcrumb":{"@id":"https:\/\/www.hhglobal.com\/zh\/#breadcrumb"},"inLanguage":"zh","potentialAction":[{"@type":"ReadAction","target":["https:\/\/www.hhglobal.com\/zh\/"]}]},{"@type":"BreadcrumbList","@id":"https:\/\/www.hhglobal.com\/zh\/#breadcrumb","itemListElement":[{"@type":"ListItem","position":1,"name":"Home","item":"https:\/\/www.hhglobal.com\/zh\/"},{"@type":"ListItem","position":2,"name":"Home Page (Chinese)"}]},{"@type":"WebSite","@id":"https:\/\/www.hhglobal.com\/zh\/#website","url":"https:\/\/www.hhglobal.com\/zh\/","name":"HH Global","description":"The global, tech-enabled creative production and procurement partner.","publisher":{"@id":"https:\/\/www.hhglobal.com\/zh\/#organization"},"potentialAction":[{"@type":"SearchAction","target":{"@type":"EntryPoint","urlTemplate":"https:\/\/www.hhglobal.com\/zh\/?s={search_term_string}"},"query-input":{"@type":"PropertyValueSpecification","valueRequired":true,"valueName":"search_term_string"}}],"inLanguage":"zh"},{"@type":"Organization","@id":"https:\/\/www.hhglobal.com\/zh\/#organization","name":"HH Global","url":"https:\/\/www.hhglobal.com\/zh\/","logo":{"@type":"ImageObject","inLanguage":"zh","@id":"https:\/\/www.hhglobal.com\/zh\/#\/schema\/logo\/image\/","url":"https:\/\/www.hhglobal.com\/wp-content\/uploads\/2023\/12\/logo-white.svg","contentUrl":"https:\/\/www.hhglobal.com\/wp-content\/uploads\/2023\/12\/logo-white.svg","width":77,"height":18,"caption":"HH Global"},"image":{"@id":"https:\/\/www.hhglobal.com\/zh\/#\/schema\/logo\/image\/"}}]}},"_links":{"self":[{"href":"https:\/\/www.hhglobal.com\/zh\/wp-json\/wp\/v2\/pages\/10303","targetHints":{"allow":["GET"]}}],"collection":[{"href":"https:\/\/www.hhglobal.com\/zh\/wp-json\/wp\/v2\/pages"}],"about":[{"href":"https:\/\/www.hhglobal.com\/zh\/wp-json\/wp\/v2\/types\/page"}],"author":[{"embeddable":true,"href":"https:\/\/www.hhglobal.com\/zh\/wp-json\/wp\/v2\/users\/41"}],"replies":[{"embeddable":true,"href":"https:\/\/www.hhglobal.com\/zh\/wp-json\/wp\/v2\/comments?post=10303"}],"version-history":[{"count":0,"href":"https:\/\/www.hhglobal.com\/zh\/wp-json\/wp\/v2\/pages\/10303\/revisions"}],"wp:attachment":[{"href":"https:\/\/www.hhglobal.com\/zh\/wp-json\/wp\/v2\/media?parent=10303"}],"curies":[{"name":"wp","href":"https:\/\/api.w.org\/{rel}","templated":true}]}}