{"id":18457,"date":"2022-05-18T22:12:21","date_gmt":"2022-05-18T22:12:21","guid":{"rendered":"https:\/\/www.hhglobal.com\/careers-2\/"},"modified":"2025-07-16T19:37:35","modified_gmt":"2025-07-16T19:37:35","slug":"careers","status":"publish","type":"page","link":"https:\/\/www.hhglobal.com\/pt\/careers\/","title":{"rendered":"Estamos contratando"},"content":{"rendered":"","protected":false},"excerpt":{"rendered":"","protected":false},"author":41,"featured_media":0,"parent":0,"menu_order":0,"comment_status":"closed","ping_status":"closed","template":"","meta":{"_acf_changed":"","_yoast_wpseo_focuskw":"","_yoast_wpseo_metadesc":"","_yoast_wpseo_linkdex":"","_yoast_wpseo_content_score":"","_yoast_wpseo_meta-robots-noindex":"","_yoast_wpseo_meta-robots-nofollow":"","inline_featured_image":[],"_genesis_block_theme_hide_title":false,"_cms_nav_minihome":"","_icl_lang_duplicate_of":"","_menu_item_classes":[],"_menu_item_menu_item_parent":"","_menu_item_object":"","_menu_item_object_id":"","_menu_item_orphaned":"","_menu_item_target":"","_menu_item_type":"","_menu_item_url":"","_menu_item_xfn":"","_seedprod_page":"","_seedprod_page_template_type":"","_seedprod_page_uuid":"","_top_nav_excluded":"","_wp_attachment_backup_sizes":[],"_wp_attachment_context":"","_wp_attachment_image_alt":"","_wp_old_date":"","_wpcode_auto_insert":"","_wpcode_auto_insert_number":"","_wpcode_library_id":"","_wpml_media_duplicate":"1","_wpml_media_featured":"1","_wpml_post_translation_editor_native":"","_wpml_word_count":"{\"total\":520,\"to_translate\":{\"zh-hans\":520,\"cs\":520,\"de\":520,\"ja\":520,\"pt-br\":520,\"es\":520}}","_yoast_wpseo_estimated-reading-time-minutes":["0"],"_yoast_wpseo_primary_category":"","_yoast_wpseo_primary_industry":"","_yoast_wpseo_primary_solution":"","_yoast_wpseo_primary_the_author":"","_yoast_wpseo_wordproof_timestamp":"","acfml_non_translatable_locations":[],"career_externalLink":"","career_featuredImage":"","career_title":"","casestudy_featuredImage":"","casestudy_title":"","infocallout_excerpt":"","infocallout_featuredImage":"","infocallout_title":"","jobTitle":"","language":"","name":"","profilePicture":"","wp-smpro-smush-data":[],"wp-smush-animated":"","wp-smush-ignore-bulk":"","wp-smush-lossy":"","wpml_media_processed":"","_wpcode_conditional_logic_enabled":"","_wpcode_location_extra":"","_wpcode_note":"","_wpcode_priority":"","_wpcode_shortcode_attributes":[],"footnotes":""},"class_list":["post-18457","page","type-page","status-publish","hentry","post","without-featured-image"],"acf":{"page_title":"Cultura da empresa, diversidade e oportunidades de carreira | HH Global ","page_description":"Junte-se \u00e0 HH Global para obter oportunidades internacionais e uma cultura global de apoio que capacita os indiv\u00edduos, celebra a diversidade e promove o crescimento da carreira","social_title":"","social_description":"","social_share_image":null,"modules":[{"acf_fc_layout":"hero","size":"medium2","theme":"dark","choose_images":[{"image":18345},{"image":18356},{"image":18367},{"image":18378}],"show_eyebrow":true,"eyebrow":"","title":"Cultura e carreiras","show_cta":false,"cta_url":"","cta_title":""},{"acf_fc_layout":"intro_content_block","scroll_to_link":"","container_background_color":"bg-white","type":"standard","show_image":false,"intro_image":null,"show_background":false,"background":null,"show_eyebrow":false,"eyebrow":"Open Roles By Region","show_designations":false,"designations":null,"show_title":true,"size":"small","title":"Cause impacto global","show_intro":true,"intro":"Na HH Global, ajudamos as maiores marcas a transformar grandes ideias em grandes impactos, trazendo produ\u00e7\u00e3o criativa e aquisi\u00e7\u00e3o com tecnologia que \u00e9 vista, ouvida e sentida em todo o mundo. Tamb\u00e9m somos l\u00edderes globais em tornar o marketing mais sustent\u00e1vel.","show_body":true,"body":"Quando voc\u00ea entra para a nossa empresa, est\u00e1 se juntando aos melhores especialistas da classe, que s\u00e3o apaixonados por fazer parcerias com nossos clientes para ajud\u00e1-los a crescer. E voc\u00ea trabalhar\u00e1 com tecnologia avan\u00e7ada incompar\u00e1vel em nosso setor.\r\n\r\nEstamos profundamente comprometidos com a responsabilidade ambiental e social, desenvolvendo solu\u00e7\u00f5es inovadoras para impulsionar a sustentabilidade e agilizar a cadeia de suprimentos. Nossas capacidades e escala diferenciadas nos permitem trabalhar juntos em todo o mundo para apoiar o crescimento sustent\u00e1vel.","show_labels":true,"labels":{"show_social":false,"custom_categories":[{"category_label":"Vagas abertas por regi\u00e3o","labels":[{"link_label":"Vagas na Am\u00e9rica do Norte","link_href":"https:\/\/globaleur251.dayforcehcm.com\/CandidatePortal\/en-US\/hhglobal","link_internal_pages":[],"link_file":null,"link_type":"external"},{"link_label":"Vagas na LATAM","link_href":"https:\/\/globaleur251.dayforcehcm.com\/CandidatePortal\/en-US\/hhglobal","link_internal_pages":[],"link_file":null,"link_type":"external"},{"link_label":"Vagas na regi\u00e3o \u00c1sia-Pac\u00edfico ","link_href":"https:\/\/globaleur251.dayforcehcm.com\/CandidatePortal\/en-GB\/hhglobal","link_internal_pages":[],"link_file":null,"link_type":"external"},{"link_label":"Vagas na EMEA","link_href":"https:\/\/globaleur251.dayforcehcm.com\/CandidatePortal\/en-GB\/hhglobal","link_internal_pages":[],"link_file":null,"link_type":"external"}]}]}},{"acf_fc_layout":"text_with_media","scroll_to_link":"","theme":"light","container_background_color":"bg-grey","show_eyebrow":false,"eyebrow":"","show_title":false,"title":"","show_sub_title":true,"sub_title":"Estamos comprometidos em ser um \u00f3timo lugar para trabalhar. Para todos.","content":"Na HH Global, entendemos que a nossa gente representa a nossa maior for\u00e7a. E suas variadas opini\u00f5es e experi\u00eancias enriquecem nossa capacidade de construir parcerias extraordin\u00e1rias com nossos clientes. \u00c9 por isso que estamos comprometidos com a diversidade e inclus\u00e3o em todo o nosso neg\u00f3cio.\r\n\r\nCom uma cultura global de apoio que capacita os indiv\u00edduos, garantimos que todos t\u00eam direitos equitativos e a oportunidade de crescer e se desenvolver livremente.\r\n\r\n\u00c0 medida que crescemos, procuramos o melhor talento para participar da nossa equipe. Com oportunidades internacionais e carreiras gratificantes, a HH Global tem um lugar para todos.\r\n\r\nDescubra as nossas vagas abertas por regi\u00e3o.","cta_url":"","cta_text":"","open_in_new_window":false,"choose_media":[{"image":18389},{"image":18400},{"image":18411}],"image_alignment":"left","image_fit":"cover","image_size":"half-width","vimeoid":"","ytid":""},{"acf_fc_layout":"content_block","container_background_color":"bg-white","show_header":false,"header":"","contents":[{"show_header_icon":true,"header_icon":18422,"show_header":false,"header":"","header_color":"primary-green-2","show_subheader":true,"subheader":"Oportunidades globais","description":"Com uma presen\u00e7a global estabelecida, oferecemos oportunidades de carreira em todo o mundo. Todos os dias continuamos a expandir nossa equipe, \u00e0 medida que fazemos parcerias com novos clientes que buscam um crescimento mais forte e sustent\u00e1vel, e proporcionamos os benef\u00edcios advindos da lideran\u00e7a do setor."},{"show_header_icon":true,"header_icon":18433,"show_header":false,"header":"","header_color":"primary-green-2","show_subheader":true,"subheader":"Investindo em nossa gente","description":"Nosso treinamento inclusivo e culturalmente alinhado \u00e9 traduzido em v\u00e1rios idiomas e usa tecnologia inteligente para orientar os usu\u00e1rios em todo o seu desenvolvimento. Assumimos o compromisso de construir princ\u00edpios de diversidade, equidade e inclus\u00e3o em todos os nossos programas de desenvolvimento e treinamento at\u00e9 2025."},{"show_header_icon":true,"header_icon":18444,"show_header":false,"header":"","header_color":"primary-green-2","show_subheader":true,"subheader":"Nossa comunidade","description":"Temos uma comunidade de funcion\u00e1rios diversificada e vibrante de indiv\u00edduos apaixonados que se re\u00fanem para apoiar e celebrar uns aos outros. Nosso objetivo \u00e9 fazer a diferen\u00e7a dentro de nossa empresa, para nossos clientes e para o mundo. Nossa ambi\u00e7\u00e3o \u00e9 fornecer uma plataforma para o crescimento pessoal e profissional para todos, e aprender como parte de uma equipe."}]},{"acf_fc_layout":"text_with_media","scroll_to_link":"","theme":"light","container_background_color":"bg-grey","show_eyebrow":false,"eyebrow":"","show_title":false,"title":"Uma forte cultura de sustentabilidade","show_sub_title":true,"sub_title":"Uma forte cultura de sustentabilidade","content":"Estamos comprometidos com a sustentabilidade dentro de nossos neg\u00f3cios, bem como com o crescimento sustent\u00e1vel para nossos parceiros. Nossos funcion\u00e1rios recebem um sal\u00e1rio digno, e exigimos a confirma\u00e7\u00e3o de uma pol\u00edtica de sal\u00e1rio digno de 100% de nossos parceiros fornecedores estrat\u00e9gicos at\u00e9 2025. Al\u00e9m disso, todos os nossos fornecedores estrat\u00e9gicos estar\u00e3o alinhados com os nossos padr\u00f5es ambientais e sociais claramente definidos \u2013 ou ter\u00e3o planos de a\u00e7\u00e3o corretiva adequados em vigor \u2013 at\u00e9 2025.","cta_url":"https:\/\/ebooks.decoupledhhstg.wpengine.com\/view\/465383337\/","cta_text":"Fa\u00e7a o download do nosso relat\u00f3rio de sustentabilidade","open_in_new_window":false,"choose_media":[{"image":18455}],"image_alignment":"right","image_fit":"cover","image_size":"half-width","vimeoid":"","ytid":""},{"acf_fc_layout":"cards","scroll_to_link":"","container_background_color":"bg-pure-black","show_heading":true,"heading":"Explore vagas por regi\u00e3o","content":"","cards":{"layout":"careers-layout","sub_layout":"simple","cards_display_mode":"bg-white","solution_term":null,"industry_term":null,"author_term":null,"region_term":null,"choose_cards":0,"choose_case_studies":0,"choose_featured_case_studies":0,"choose_staff_members":0,"choose_careers":[6228,6229,10146],"choose_info_callouts":0,"show_titles":true,"show_description":true,"show_date":true,"show_sector":true}}]},"yoast_head":"<!-- This site is optimized with the Yoast SEO plugin v27.5 - https:\/\/yoast.com\/product\/yoast-seo-wordpress\/ -->\n<title>Estamos contratando - HH Global<\/title>\n<meta name=\"robots\" content=\"index, follow, max-snippet:-1, max-image-preview:large, max-video-preview:-1\" \/>\n<link rel=\"canonical\" href=\"https:\/\/www.hhglobal.com\/pt\/careers\/\" \/>\n<meta property=\"og:locale\" content=\"pt_PT\" \/>\n<meta property=\"og:type\" content=\"article\" \/>\n<meta property=\"og:title\" content=\"Estamos contratando - HH Global\" \/>\n<meta property=\"og:url\" content=\"https:\/\/www.hhglobal.com\/pt\/careers\/\" \/>\n<meta property=\"og:site_name\" content=\"HH Global\" \/>\n<meta property=\"article:modified_time\" content=\"2025-07-16T19:37:35+00:00\" \/>\n<meta name=\"twitter:card\" content=\"summary_large_image\" \/>\n<script type=\"application\/ld+json\" class=\"yoast-schema-graph\">{\"@context\":\"https:\\\/\\\/schema.org\",\"@graph\":[{\"@type\":\"WebPage\",\"@id\":\"https:\\\/\\\/www.hhglobal.com\\\/pt\\\/careers\\\/\",\"url\":\"https:\\\/\\\/www.hhglobal.com\\\/pt\\\/careers\\\/\",\"name\":\"Estamos contratando - HH Global\",\"isPartOf\":{\"@id\":\"https:\\\/\\\/www.hhglobal.com\\\/pt\\\/#website\"},\"datePublished\":\"2022-05-18T22:12:21+00:00\",\"dateModified\":\"2025-07-16T19:37:35+00:00\",\"breadcrumb\":{\"@id\":\"https:\\\/\\\/www.hhglobal.com\\\/pt\\\/careers\\\/#breadcrumb\"},\"inLanguage\":\"pt\",\"potentialAction\":[{\"@type\":\"ReadAction\",\"target\":[\"https:\\\/\\\/www.hhglobal.com\\\/pt\\\/careers\\\/\"]}]},{\"@type\":\"BreadcrumbList\",\"@id\":\"https:\\\/\\\/www.hhglobal.com\\\/pt\\\/careers\\\/#breadcrumb\",\"itemListElement\":[{\"@type\":\"ListItem\",\"position\":1,\"name\":\"Home\",\"item\":\"https:\\\/\\\/www.hhglobal.com\\\/pt\\\/\"},{\"@type\":\"ListItem\",\"position\":2,\"name\":\"Estamos contratando\"}]},{\"@type\":\"WebSite\",\"@id\":\"https:\\\/\\\/www.hhglobal.com\\\/pt\\\/#website\",\"url\":\"https:\\\/\\\/www.hhglobal.com\\\/pt\\\/\",\"name\":\"HH Global\",\"description\":\"The global, tech-enabled creative production and procurement partner.\",\"publisher\":{\"@id\":\"https:\\\/\\\/www.hhglobal.com\\\/pt\\\/#organization\"},\"potentialAction\":[{\"@type\":\"SearchAction\",\"target\":{\"@type\":\"EntryPoint\",\"urlTemplate\":\"https:\\\/\\\/www.hhglobal.com\\\/pt\\\/?s={search_term_string}\"},\"query-input\":{\"@type\":\"PropertyValueSpecification\",\"valueRequired\":true,\"valueName\":\"search_term_string\"}}],\"inLanguage\":\"pt\"},{\"@type\":\"Organization\",\"@id\":\"https:\\\/\\\/www.hhglobal.com\\\/pt\\\/#organization\",\"name\":\"HH Global\",\"url\":\"https:\\\/\\\/www.hhglobal.com\\\/pt\\\/\",\"logo\":{\"@type\":\"ImageObject\",\"inLanguage\":\"pt\",\"@id\":\"https:\\\/\\\/www.hhglobal.com\\\/pt\\\/#\\\/schema\\\/logo\\\/image\\\/\",\"url\":\"https:\\\/\\\/www.hhglobal.com\\\/wp-content\\\/uploads\\\/2023\\\/12\\\/logo-white.svg\",\"contentUrl\":\"https:\\\/\\\/www.hhglobal.com\\\/wp-content\\\/uploads\\\/2023\\\/12\\\/logo-white.svg\",\"width\":77,\"height\":18,\"caption\":\"HH Global\"},\"image\":{\"@id\":\"https:\\\/\\\/www.hhglobal.com\\\/pt\\\/#\\\/schema\\\/logo\\\/image\\\/\"}}]}<\/script>\n<!-- \/ Yoast SEO plugin. -->","yoast_head_json":{"title":"Estamos contratando - HH Global","robots":{"index":"index","follow":"follow","max-snippet":"max-snippet:-1","max-image-preview":"max-image-preview:large","max-video-preview":"max-video-preview:-1"},"canonical":"https:\/\/www.hhglobal.com\/pt\/careers\/","og_locale":"pt_PT","og_type":"article","og_title":"Estamos contratando - HH Global","og_url":"https:\/\/www.hhglobal.com\/pt\/careers\/","og_site_name":"HH Global","article_modified_time":"2025-07-16T19:37:35+00:00","twitter_card":"summary_large_image","schema":{"@context":"https:\/\/schema.org","@graph":[{"@type":"WebPage","@id":"https:\/\/www.hhglobal.com\/pt\/careers\/","url":"https:\/\/www.hhglobal.com\/pt\/careers\/","name":"Estamos contratando - HH Global","isPartOf":{"@id":"https:\/\/www.hhglobal.com\/pt\/#website"},"datePublished":"2022-05-18T22:12:21+00:00","dateModified":"2025-07-16T19:37:35+00:00","breadcrumb":{"@id":"https:\/\/www.hhglobal.com\/pt\/careers\/#breadcrumb"},"inLanguage":"pt","potentialAction":[{"@type":"ReadAction","target":["https:\/\/www.hhglobal.com\/pt\/careers\/"]}]},{"@type":"BreadcrumbList","@id":"https:\/\/www.hhglobal.com\/pt\/careers\/#breadcrumb","itemListElement":[{"@type":"ListItem","position":1,"name":"Home","item":"https:\/\/www.hhglobal.com\/pt\/"},{"@type":"ListItem","position":2,"name":"Estamos contratando"}]},{"@type":"WebSite","@id":"https:\/\/www.hhglobal.com\/pt\/#website","url":"https:\/\/www.hhglobal.com\/pt\/","name":"HH Global","description":"The global, tech-enabled creative production and procurement partner.","publisher":{"@id":"https:\/\/www.hhglobal.com\/pt\/#organization"},"potentialAction":[{"@type":"SearchAction","target":{"@type":"EntryPoint","urlTemplate":"https:\/\/www.hhglobal.com\/pt\/?s={search_term_string}"},"query-input":{"@type":"PropertyValueSpecification","valueRequired":true,"valueName":"search_term_string"}}],"inLanguage":"pt"},{"@type":"Organization","@id":"https:\/\/www.hhglobal.com\/pt\/#organization","name":"HH Global","url":"https:\/\/www.hhglobal.com\/pt\/","logo":{"@type":"ImageObject","inLanguage":"pt","@id":"https:\/\/www.hhglobal.com\/pt\/#\/schema\/logo\/image\/","url":"https:\/\/www.hhglobal.com\/wp-content\/uploads\/2023\/12\/logo-white.svg","contentUrl":"https:\/\/www.hhglobal.com\/wp-content\/uploads\/2023\/12\/logo-white.svg","width":77,"height":18,"caption":"HH Global"},"image":{"@id":"https:\/\/www.hhglobal.com\/pt\/#\/schema\/logo\/image\/"}}]}},"_links":{"self":[{"href":"https:\/\/www.hhglobal.com\/pt\/wp-json\/wp\/v2\/pages\/18457","targetHints":{"allow":["GET"]}}],"collection":[{"href":"https:\/\/www.hhglobal.com\/pt\/wp-json\/wp\/v2\/pages"}],"about":[{"href":"https:\/\/www.hhglobal.com\/pt\/wp-json\/wp\/v2\/types\/page"}],"author":[{"embeddable":true,"href":"https:\/\/www.hhglobal.com\/pt\/wp-json\/wp\/v2\/users\/41"}],"replies":[{"embeddable":true,"href":"https:\/\/www.hhglobal.com\/pt\/wp-json\/wp\/v2\/comments?post=18457"}],"version-history":[{"count":0,"href":"https:\/\/www.hhglobal.com\/pt\/wp-json\/wp\/v2\/pages\/18457\/revisions"}],"wp:attachment":[{"href":"https:\/\/www.hhglobal.com\/pt\/wp-json\/wp\/v2\/media?parent=18457"}],"curies":[{"name":"wp","href":"https:\/\/api.w.org\/{rel}","templated":true}]}}