{"id":12122,"date":"2023-10-04T15:26:13","date_gmt":"2023-10-04T15:26:13","guid":{"rendered":"https:\/\/decoupledhhg.wpengine.com\/sustainable-growth\/"},"modified":"2023-12-01T11:10:36","modified_gmt":"2023-12-01T11:10:36","slug":"sustainable-growth","status":"publish","type":"page","link":"https:\/\/www.hhglobal.com\/pt\/who-we-are\/sustainable-growth\/","title":{"rendered":"Crescimento sustent\u00e1vel"},"content":{"rendered":"","protected":false},"excerpt":{"rendered":"","protected":false},"author":31,"featured_media":23136,"parent":0,"menu_order":0,"comment_status":"closed","ping_status":"closed","template":"","meta":{"_acf_changed":"","_yoast_wpseo_focuskw":"","_yoast_wpseo_metadesc":"","_yoast_wpseo_linkdex":"","_yoast_wpseo_content_score":"","_yoast_wpseo_meta-robots-noindex":"","_yoast_wpseo_meta-robots-nofollow":"","inline_featured_image":[],"_genesis_block_theme_hide_title":false,"_cms_nav_minihome":"","_icl_lang_duplicate_of":"","_menu_item_classes":[],"_menu_item_menu_item_parent":"","_menu_item_object":"","_menu_item_object_id":"","_menu_item_orphaned":"","_menu_item_target":"","_menu_item_type":"","_menu_item_url":"","_menu_item_xfn":"","_seedprod_page":"","_seedprod_page_template_type":"","_seedprod_page_uuid":"","_top_nav_excluded":"","_wp_attachment_backup_sizes":[],"_wp_attachment_context":"","_wp_attachment_image_alt":"","_wp_old_date":"","_wpcode_auto_insert":"","_wpcode_auto_insert_number":"","_wpcode_library_id":"","_wpml_media_duplicate":"1","_wpml_media_featured":"1","_wpml_post_translation_editor_native":"","_wpml_word_count":"{\"total\":595,\"to_translate\":{\"zh\":595,\"zh-hans\":595,\"cs\":595,\"nl\":595,\"fr\":595,\"de\":595,\"it\":595,\"ja\":595,\"ko\":595,\"pt\":595,\"pt-br\":595,\"es\":595}}","_yoast_wpseo_estimated-reading-time-minutes":[],"_yoast_wpseo_primary_category":"","_yoast_wpseo_primary_industry":"","_yoast_wpseo_primary_solution":"","_yoast_wpseo_primary_the_author":"","_yoast_wpseo_wordproof_timestamp":"","acfml_non_translatable_locations":[],"career_externalLink":"","career_featuredImage":"","career_title":"","casestudy_featuredImage":"","casestudy_title":"","infocallout_excerpt":"","infocallout_featuredImage":"","infocallout_title":"","jobTitle":"","language":"","name":"","profilePicture":"","wp-smpro-smush-data":[],"wp-smush-animated":"","wp-smush-ignore-bulk":"","wp-smush-lossy":"","wpml_media_processed":"","_wpcode_conditional_logic_enabled":"","_wpcode_location_extra":"","_wpcode_note":"","_wpcode_priority":"","_wpcode_shortcode_attributes":[],"footnotes":""},"class_list":["post-12122","page","type-page","status-publish","has-post-thumbnail","hentry","post","with-featured-image"],"acf":{"page_title":"Sustainable Growth | HH Global","page_description":"","social_title":"","social_description":"","social_share_image":null,"modules":[{"acf_fc_layout":"hero","size":"medium2","theme":"dark","choose_images":[{"image":11423}],"show_eyebrow":false,"eyebrow":"","title":"Crescimento sustent\u00e1vel","show_cta":false,"cta_url":"","cta_title":""},{"acf_fc_layout":"text_with_media_carousel","scroll_to_link":"","theme":"light","container_background_color":"bg-white","highlight_color":"purple","title":"Fortalecimento das marcas com marketing sustent\u00e1vel","content":"A crise clim\u00e1tica \u00e9 um fator que nos afeta a todos, pelo que \u00e9 necess\u00e1rio que a sustentabilidade impulsione uma forte mudan\u00e7a.\r\n\r\nA HH Global est\u00e1 na vanguarda do marketing sustent\u00e1vel, permitindo que as marcas consigam criar um impacto forte com uma pegada ambiental reduzida.","additional_spacing":true,"features_title":"","features":[{"navigation_label":"Design para um futuro sustent\u00e1vel","show_title":true,"title":"Design para um futuro sustent\u00e1vel","show_subtitle":false,"subtitle":"","content":"Colaboramos com as marcas para mudar a forma de pensar no design e execu\u00e7\u00e3o do marketing f\u00edsico. Ao fazer a ponte entre designers e criadores, os nossos servi\u00e7os permitem uma tomada de decis\u00f5es informada, equipando as empresas com os conhecimentos e as ferramentas de que necessitam para explorar as oportunidades interessantes que as pr\u00e1ticas mais sustent\u00e1veis podem trazer.\r\n\r\nCom a Conscious Creative, melhoramos a sustentabilidade do marketing no processo de design, do in\u00edcio ao fim.\r\n\r\n<a style=\"margin-top: 15px; display: inline-flex; align-items: center; height: 54px; padding-left: 18px; padding-right: 18px; border-radius: 4px; font-size: 16px; line-height: 16px; color: #000000; background-color: #aeff24; text-decoration: none; font-weight: 400;\" href=\"\/pt\/who-we-are\/conscious-creative\/\">Saiba mais<\/a>","choose_media":[{"image":11425}],"vimeoid":"","ytid":""},{"navigation_label":"Ferramentas poderosas para a mudan\u00e7a","show_title":true,"title":"Ferramentas poderosas para a mudan\u00e7a","show_subtitle":false,"subtitle":"","content":"Com recurso a tecnologia avan\u00e7ada e a informa\u00e7\u00f5es baseadas em dados, capacitamos os nossos clientes e parceiros estrat\u00e9gicos. As nossas ferramentas exclusivas de \u00faltima gera\u00e7\u00e3o aumentam a efici\u00eancia operacional e os resultados.\r\n\r\nConcentramo-nos nas necessidades do cliente, controlamos as despesas, o CO<sub>2<\/sub> e medimos o desempenho para uma melhoria cont\u00ednua e, em seguida, utilizamos conhecimentos s\u00f3lidos que nos permitem reunir as pessoas para obter uma escalabilidade r\u00e1pida, uma funcionalidade otimizada e um crescimento transformador, reduzindo simultaneamente o desperd\u00edcio.","choose_media":[{"image":11427}],"vimeoid":"","ytid":""},{"navigation_label":"Contrata\u00e7\u00e3o \u00e9tica","show_title":true,"title":"Contrata\u00e7\u00e3o \u00e9tica","show_subtitle":false,"subtitle":"","content":"Os nossos programas de aquisi\u00e7\u00e3o personalizados reduzem o risco e otimizam as cadeias de abastecimento. Somos excelentes no fornecimento de materiais e produ\u00e7\u00e3o sustent\u00e1veis, ao mesmo tempo que auditamos as cadeias de abastecimento.\r\n\r\nAo reduzir o impacto ambiental e social, a experi\u00eancia da HH Global ajuda os clientes a alinhar os seus valores com as melhores pr\u00e1ticas de contrata\u00e7\u00e3o.\r\n\r\n<a style=\"margin-top: 15px; display: inline-flex; align-items: center; height: 54px; padding-left: 18px; padding-right: 18px; border-radius: 4px; font-size: 16px; line-height: 16px; color: #000000; background-color: #aeff24; text-decoration: none; font-weight: 400;\" href=\"\/pt\/who-we-are\/inspiring-solutions\/\">Saiba mais<\/a>","choose_media":[{"image":11429}],"vimeoid":"","ytid":""},{"navigation_label":"Gest\u00e3o da pegada de carbono","show_title":true,"title":"Gest\u00e3o da pegada de carbono","show_subtitle":false,"subtitle":"","content":"Apresentamos formas inovadoras de medir e certificar as emiss\u00f5es de CO<sub>2<\/sub>.\r\n\r\n<strong>Solu\u00e7\u00f5es de desperd\u00edcio zero<\/strong>\r\n\r\nAs estrat\u00e9gias da HH Global ajudam as marcas a reduzir a sua pegada ecol\u00f3gica. Ao visar solu\u00e7\u00f5es de desperd\u00edcio zero e promover o consumo circular, apoiamos as marcas para que integrem a sustentabilidade de forma definitiva no seu neg\u00f3cio.","choose_media":[{"image":11431}],"vimeoid":"","ytid":""}]},{"acf_fc_layout":"text_with_media_carousel","scroll_to_link":"","theme":"light","container_background_color":"bg-grey","highlight_color":"purple","title":"Padr\u00f5es de sustentabilidade","content":"Cumprimos sistematicamente os mais elevados padr\u00f5es ambientais, sociais e de governa\u00e7\u00e3o.","additional_spacing":true,"features_title":"","features":[{"navigation_label":"ESG","show_title":true,"title":"ESG","show_subtitle":false,"subtitle":"","content":"Os relat\u00f3rios ambientais, sociais e de governa\u00e7\u00e3o (ESG) deixaram de ser opcionais para as grandes empresas. As m\u00e9tricas de sustentabilidade s\u00e3o agora parte integrante dos relat\u00f3rios anuais, promovendo uma maior transpar\u00eancia e responsabilidade junto dos consumidores e investidores. A medi\u00e7\u00e3o da responsabilidade das empresas \u00e9 o novo normal.","choose_media":[{"image":11433}],"vimeoid":"","ytid":""},{"navigation_label":"CSRD","show_title":true,"title":"CSRD","show_subtitle":false,"subtitle":"","content":"A Uni\u00e3o Europeia introduziu a diretiva de comunica\u00e7\u00e3o de informa\u00e7\u00f5es sobre sustentabilidade das empresas (Corporate Sustainability Reporting Directive \u2013 CSRD), que exige a elabora\u00e7\u00e3o de relat\u00f3rios pormenorizados por parte das empresas da UE e das empresas n\u00e3o comunit\u00e1rias cujo volume de neg\u00f3cios l\u00edquido na UE atinja determinados patamares, bem como empresas com t\u00edtulos cotados em mercados regulamentados da UE.","choose_media":[{"image":11435}],"vimeoid":"","ytid":""},{"navigation_label":"Norma de desperd\u00edcio zero","show_title":true,"title":"Norma de desperd\u00edcio zero","show_subtitle":false,"subtitle":"","content":"Somos a primeira empresa do nosso setor, e uma das primeiras empresas do mundo, a obter a aprova\u00e7\u00e3o da SBTi (Science Based Targets Initiative) para os nossos objetivos no \u00e2mbito da norma de desperd\u00edcio zero. Em colabora\u00e7\u00e3o com parceiros globais, pretendemos reduzir as emiss\u00f5es de gases com efeito de estufa em 50%, at\u00e9 ao EF30, e em 90%, at\u00e9 ao EF40.","choose_media":[{"image":11437}],"vimeoid":"","ytid":""},{"navigation_label":"TCFD","show_title":true,"title":"TCFD","show_subtitle":false,"subtitle":"","content":"A taskforce sobre divulga\u00e7\u00f5es financeiras relacionadas com o clima (Task Force on Climate-related Financial Disclosures \u2013TCFD) elaborou um conjunto de recomenda\u00e7\u00f5es que vieram alterar a forma como as organiza\u00e7\u00f5es gerem os riscos e as oportunidades em mat\u00e9ria clim\u00e1tica. O Governo do Reino Unido \u00e9 o primeiro pa\u00eds do G20 a tornar obrigat\u00f3ria a divulga\u00e7\u00e3o de informa\u00e7\u00f5es em conformidade com a TCFD para mais de 1300 das maiores empresas e institui\u00e7\u00f5es financeiras registadas no pa\u00eds.\r\n\r\nPara mais informa\u00e7\u00f5es, visite: <a href=\"https:\/\/www.fsb-tcfd.org\/\" target=\"_blank\" rel=\"noopener\">https:\/\/www.fsb-tcfd.org\/<\/a>","choose_media":[{"image":11439}],"vimeoid":"","ytid":""},{"navigation_label":"ODS das Na\u00e7\u00f5es Unidas","show_title":true,"title":"ODS das Na\u00e7\u00f5es Unidas","show_subtitle":false,"subtitle":"","content":"Os objetivos de desenvolvimento sustent\u00e1vel (ODS) das Na\u00e7\u00f5es Unidas estabeleceram objetivos para promover a a\u00e7\u00e3o clim\u00e1tica, o desenvolvimento sustent\u00e1vel, a energia limpa e o consumo respons\u00e1vel, procurando simultaneamente acabar com a desigualdade, a pobreza e a fome, no sentido de criar um mundo ambientalmente sustent\u00e1vel e equitativo para todos.","choose_media":[{"image":11441}],"vimeoid":"","ytid":""},{"navigation_label":"ISO 14001","show_title":true,"title":"ISO 14001","show_subtitle":false,"subtitle":"","content":"A ISO 14001 \u00e9 uma norma internacional que promove a considera\u00e7\u00e3o de m\u00faltiplos aspetos do neg\u00f3cio para reduzir o impacto no ambiente. Ajuda a avaliar a contrata\u00e7\u00e3o, distribui\u00e7\u00e3o, desenvolvimento de produtos, resposta a emerg\u00eancias, expectativas dos clientes, partes interessadas e rela\u00e7\u00f5es com a comunidade local.\r\n\r\nPara mais informa\u00e7\u00f5es, <a href=\"https:\/\/www.bsigroup.com\/en-gb\/iso-14001-environmental-management\/\" target=\"_blank\" rel=\"noopener\">clique aqui<\/a>.","choose_media":[{"image":11443}],"vimeoid":"","ytid":""},{"navigation_label":"EcoVadis","show_title":true,"title":"EcoVadis","show_subtitle":false,"subtitle":"","content":"A EcoVadis \u00e9 uma plataforma de classifica\u00e7\u00e3o da sustentabilidade empresarial amplamente reconhecida em todo o mundo.\r\n\r\nFacilita a gest\u00e3o do risco ESG e da conformidade, para melhorar o desempenho da sustentabilidade empresarial. A HH Global \u00e9 uma empresa com classifica\u00e7\u00e3o de ouro h\u00e1 mais de 5 anos.\r\n\r\nPara mais informa\u00e7\u00f5es, <a href=\"https:\/\/ecovadis.com\/\" target=\"_blank\" rel=\"noopener\">clique aqui<\/a>.","choose_media":[{"image":11445}],"vimeoid":"","ytid":""}]},{"acf_fc_layout":"intro_content_block","scroll_to_link":"","container_background_color":"bg-white","type":false,"show_image":false,"intro_image":null,"show_background":false,"background":null,"show_eyebrow":false,"eyebrow":"","show_designations":false,"designations":null,"show_title":true,"size":"large","title":"","show_intro":false,"intro":"","show_body":false,"body":"","show_labels":false,"labels":{"show_social":false,"custom_categories":null}},{"acf_fc_layout":"simple_content_block","scroll_to_link":"","container_background_color":"bg-white","columns":1,"title_one":"","content_one":"","title_two":"","content_two":""},{"acf_fc_layout":"simple_content_block","scroll_to_link":"","container_background_color":"bg-white","columns":"2","title_one":"","content_one":"<img class=\"alignnone size-medium wp-image-12364\" src=\"https:\/\/decoupledhhg.wpengine.com\/wp-content\/uploads\/2023\/11\/1644910-Portugese-300x90.png\" alt=\"\" width=\"300\" height=\"90\" \/>\r\n\r\n<strong>Crescimento econ\u00f3mico e trabalho digno<\/strong>\r\n\r\nO objetivo de condi\u00e7\u00f5es dignas, sal\u00e1rios justos, equidade e direitos dos trabalhadores no local de trabalho at\u00e9 2025 garantir\u00e1 que:\r\n<ul>\r\n \t<li>Os colaboradores recebem um sal\u00e1rio digno, havendo confirma\u00e7\u00e3o de uma pol\u00edtica de sal\u00e1rio digno de 100% dos nossos colaboradores de n\u00edvel 1 (diretos).*<\/li>\r\n \t<li>100% dos nossos fornecedores de n\u00edvel 1 (diretos)* est\u00e3o alinhados com (ou t\u00eam um plano para cumprir) as normas ambientais e sociais que temos claramente definidas.<\/li>\r\n \t<li>Todos os nossos fornecedores de n\u00edvel 1 (diretos)* receberam informa\u00e7\u00f5es e orienta\u00e7\u00f5es sobre os objetivos de desenvolvimento sustent\u00e1vel, tendo 30% demonstrado o seu apoio.<\/li>\r\n<\/ul>\r\n<em>*Os fornecedores que representam 95% das despesas da HH Global.<\/em>","title_two":"","content_two":"<img class=\"alignnone size-medium wp-image-12485\" src=\"https:\/\/decoupledhhg.wpengine.com\/wp-content\/uploads\/2023\/11\/1644910-Portugese-1-300x90.png\" alt=\"\" width=\"300\" height=\"90\" \/>\r\n\r\n<strong>Redu\u00e7\u00e3o das desigualdades<\/strong>\r\n\r\nUma organiza\u00e7\u00e3o diversificada e inclusiva reflete as comunidades em que opera. Respeitamos os direitos e as oportunidades de todas as pessoas, independentemente do g\u00e9nero, etnia, cren\u00e7as religiosas, orienta\u00e7\u00e3o sexual ou antecedentes socioecon\u00f3micos. At\u00e9 2025, iremos:\r\n<ul>\r\n \t<li>Ter 30% de representa\u00e7\u00e3o diversificada ao n\u00edvel da lideran\u00e7a* da HH Global (com base no g\u00e9nero, ra\u00e7a, etnia, idade e gera\u00e7\u00e3o).<\/li>\r\n \t<li>Aplicar 15% das nossas despesas anuais em fornecedores de pequenas empresas e empresas diversificadas.<\/li>\r\n \t<li>Garantir que todos os programas de desenvolvimento e forma\u00e7\u00e3o dos nossos colaboradores incluem os princ\u00edpios da DE&amp;I e s\u00e3o conclu\u00eddos por 100% dos colaboradores.<\/li>\r\n<\/ul>\r\n<em>*Conselho de Administra\u00e7\u00e3o do Grupo e Equipa de Lideran\u00e7a Regional.<\/em>"},{"acf_fc_layout":"simple_content_block","scroll_to_link":"","container_background_color":"bg-white","columns":"2","title_one":"","content_one":"<img class=\"alignnone size-medium wp-image-12606\" src=\"https:\/\/decoupledhhg.wpengine.com\/wp-content\/uploads\/2023\/11\/1644910-Portugese-2-300x90.png\" alt=\"\" width=\"300\" height=\"90\" \/>\r\n\r\n<strong>Consumo e produ\u00e7\u00e3o respons\u00e1veis<\/strong>\r\n\r\nGarante que os produtos s\u00e3o obtidos e produzidos de forma respons\u00e1vel, apresentando simultaneamente aos clientes as alternativas mais sustent\u00e1veis. At\u00e9 2025, iremos:\r\n<ul>\r\n \t<li>Aumentar a utiliza\u00e7\u00e3o de material reciclado na produ\u00e7\u00e3o em 20% (em rela\u00e7\u00e3o \u00e0 base de refer\u00eancia de 2021) atrav\u00e9s da educa\u00e7\u00e3o dos nossos clientes sobre a disponibilidade de solu\u00e7\u00f5es alternativas ao pl\u00e1stico, tais como materiais \u00e0 base de fibras celul\u00f3sicas.<\/li>\r\n \t<li>Fornecer a todos os clientes c\u00e1lculos de impacto ambiental na fase de or\u00e7amenta\u00e7\u00e3o.<\/li>\r\n \t<li>Eliminar os pl\u00e1sticos de utiliza\u00e7\u00e3o \u00fanica nos nossos pr\u00f3prios escrit\u00f3rios.<\/li>\r\n<\/ul>","title_two":"","content_two":"<img class=\"alignnone size-medium wp-image-12716\" src=\"https:\/\/decoupledhhg.wpengine.com\/wp-content\/uploads\/2023\/11\/1644910-Portugese-3-300x90.png\" alt=\"\" width=\"300\" height=\"90\" \/>\r\n\r\n<strong>A\u00e7\u00e3o clim\u00e1tica<\/strong>\r\n\r\nAjudar a manter o aquecimento global abaixo de 1,5 \u00b0C, reduzindo a nossa pegada de carbono e atingindo marcos importantes para alcan\u00e7ar zero emiss\u00f5es l\u00edquidas.\r\n<ul>\r\n \t<li>100% de energia renov\u00e1vel nas nossas opera\u00e7\u00f5es at\u00e9 2025.<\/li>\r\n \t<li>50% de redu\u00e7\u00e3o de emiss\u00f5es at\u00e9 2030.*<\/li>\r\n \t<li>90% de redu\u00e7\u00e3o de emiss\u00f5es at\u00e9 2040.*<\/li>\r\n \t<li>Investimento cont\u00ednuo em solu\u00e7\u00f5es com base na natureza.<\/li>\r\n \t<li>10% de neutraliza\u00e7\u00e3o de emiss\u00f5es at\u00e9 2040.<\/li>\r\n<\/ul>\r\n<em>* Em compara\u00e7\u00e3o com uma base de refer\u00eancia do EF22.<\/em>"},{"acf_fc_layout":"contact_form","scroll_to_link":"","title":"Get in touch"}]},"yoast_head":"<!-- This site is optimized with the Yoast SEO plugin v27.5 - https:\/\/yoast.com\/product\/yoast-seo-wordpress\/ -->\n<title>Crescimento sustent\u00e1vel - HH Global<\/title>\n<meta name=\"robots\" content=\"index, follow, max-snippet:-1, max-image-preview:large, max-video-preview:-1\" \/>\n<link rel=\"canonical\" href=\"https:\/\/www.hhglobal.com\/pt\/who-we-are\/sustainable-growth\/\" \/>\n<meta property=\"og:locale\" content=\"pt_PT\" \/>\n<meta property=\"og:type\" content=\"article\" \/>\n<meta property=\"og:title\" content=\"Crescimento sustent\u00e1vel - HH Global\" \/>\n<meta property=\"og:url\" content=\"https:\/\/www.hhglobal.com\/pt\/who-we-are\/sustainable-growth\/\" \/>\n<meta property=\"og:site_name\" content=\"HH Global\" \/>\n<meta property=\"article:modified_time\" content=\"2023-12-01T11:10:36+00:00\" \/>\n<meta name=\"twitter:card\" content=\"summary_large_image\" \/>\n<script type=\"application\/ld+json\" class=\"yoast-schema-graph\">{\"@context\":\"https:\\\/\\\/schema.org\",\"@graph\":[{\"@type\":\"WebPage\",\"@id\":\"https:\\\/\\\/www.hhglobal.com\\\/pt\\\/who-we-are\\\/sustainable-growth\\\/\",\"url\":\"https:\\\/\\\/www.hhglobal.com\\\/pt\\\/who-we-are\\\/sustainable-growth\\\/\",\"name\":\"Crescimento sustent\u00e1vel - HH Global\",\"isPartOf\":{\"@id\":\"https:\\\/\\\/www.hhglobal.com\\\/pt\\\/#website\"},\"primaryImageOfPage\":{\"@id\":\"https:\\\/\\\/www.hhglobal.com\\\/pt\\\/who-we-are\\\/sustainable-growth\\\/#primaryimage\"},\"image\":{\"@id\":\"https:\\\/\\\/www.hhglobal.com\\\/pt\\\/who-we-are\\\/sustainable-growth\\\/#primaryimage\"},\"thumbnailUrl\":\"https:\\\/\\\/www.hhglobal.com\\\/wp-content\\\/uploads\\\/2024\\\/09\\\/Sustainable-growth-social-image.png\",\"datePublished\":\"2023-10-04T15:26:13+00:00\",\"dateModified\":\"2023-12-01T11:10:36+00:00\",\"breadcrumb\":{\"@id\":\"https:\\\/\\\/www.hhglobal.com\\\/pt\\\/who-we-are\\\/sustainable-growth\\\/#breadcrumb\"},\"inLanguage\":\"pt\",\"potentialAction\":[{\"@type\":\"ReadAction\",\"target\":[\"https:\\\/\\\/www.hhglobal.com\\\/pt\\\/who-we-are\\\/sustainable-growth\\\/\"]}]},{\"@type\":\"ImageObject\",\"inLanguage\":\"pt\",\"@id\":\"https:\\\/\\\/www.hhglobal.com\\\/pt\\\/who-we-are\\\/sustainable-growth\\\/#primaryimage\",\"url\":\"https:\\\/\\\/www.hhglobal.com\\\/wp-content\\\/uploads\\\/2024\\\/09\\\/Sustainable-growth-social-image.png\",\"contentUrl\":\"https:\\\/\\\/www.hhglobal.com\\\/wp-content\\\/uploads\\\/2024\\\/09\\\/Sustainable-growth-social-image.png\",\"width\":10667,\"height\":7113},{\"@type\":\"BreadcrumbList\",\"@id\":\"https:\\\/\\\/www.hhglobal.com\\\/pt\\\/who-we-are\\\/sustainable-growth\\\/#breadcrumb\",\"itemListElement\":[{\"@type\":\"ListItem\",\"position\":1,\"name\":\"Home\",\"item\":\"https:\\\/\\\/www.hhglobal.com\\\/pt\\\/\"},{\"@type\":\"ListItem\",\"position\":2,\"name\":\"Crescimento sustent\u00e1vel\"}]},{\"@type\":\"WebSite\",\"@id\":\"https:\\\/\\\/www.hhglobal.com\\\/pt\\\/#website\",\"url\":\"https:\\\/\\\/www.hhglobal.com\\\/pt\\\/\",\"name\":\"HH Global\",\"description\":\"The global, tech-enabled creative production and procurement partner.\",\"publisher\":{\"@id\":\"https:\\\/\\\/www.hhglobal.com\\\/pt\\\/#organization\"},\"potentialAction\":[{\"@type\":\"SearchAction\",\"target\":{\"@type\":\"EntryPoint\",\"urlTemplate\":\"https:\\\/\\\/www.hhglobal.com\\\/pt\\\/?s={search_term_string}\"},\"query-input\":{\"@type\":\"PropertyValueSpecification\",\"valueRequired\":true,\"valueName\":\"search_term_string\"}}],\"inLanguage\":\"pt\"},{\"@type\":\"Organization\",\"@id\":\"https:\\\/\\\/www.hhglobal.com\\\/pt\\\/#organization\",\"name\":\"HH Global\",\"url\":\"https:\\\/\\\/www.hhglobal.com\\\/pt\\\/\",\"logo\":{\"@type\":\"ImageObject\",\"inLanguage\":\"pt\",\"@id\":\"https:\\\/\\\/www.hhglobal.com\\\/pt\\\/#\\\/schema\\\/logo\\\/image\\\/\",\"url\":\"https:\\\/\\\/www.hhglobal.com\\\/wp-content\\\/uploads\\\/2023\\\/12\\\/logo-white.svg\",\"contentUrl\":\"https:\\\/\\\/www.hhglobal.com\\\/wp-content\\\/uploads\\\/2023\\\/12\\\/logo-white.svg\",\"width\":77,\"height\":18,\"caption\":\"HH Global\"},\"image\":{\"@id\":\"https:\\\/\\\/www.hhglobal.com\\\/pt\\\/#\\\/schema\\\/logo\\\/image\\\/\"}}]}<\/script>\n<!-- \/ Yoast SEO plugin. -->","yoast_head_json":{"title":"Crescimento sustent\u00e1vel - HH Global","robots":{"index":"index","follow":"follow","max-snippet":"max-snippet:-1","max-image-preview":"max-image-preview:large","max-video-preview":"max-video-preview:-1"},"canonical":"https:\/\/www.hhglobal.com\/pt\/who-we-are\/sustainable-growth\/","og_locale":"pt_PT","og_type":"article","og_title":"Crescimento sustent\u00e1vel - HH Global","og_url":"https:\/\/www.hhglobal.com\/pt\/who-we-are\/sustainable-growth\/","og_site_name":"HH Global","article_modified_time":"2023-12-01T11:10:36+00:00","twitter_card":"summary_large_image","schema":{"@context":"https:\/\/schema.org","@graph":[{"@type":"WebPage","@id":"https:\/\/www.hhglobal.com\/pt\/who-we-are\/sustainable-growth\/","url":"https:\/\/www.hhglobal.com\/pt\/who-we-are\/sustainable-growth\/","name":"Crescimento sustent\u00e1vel - HH Global","isPartOf":{"@id":"https:\/\/www.hhglobal.com\/pt\/#website"},"primaryImageOfPage":{"@id":"https:\/\/www.hhglobal.com\/pt\/who-we-are\/sustainable-growth\/#primaryimage"},"image":{"@id":"https:\/\/www.hhglobal.com\/pt\/who-we-are\/sustainable-growth\/#primaryimage"},"thumbnailUrl":"https:\/\/www.hhglobal.com\/wp-content\/uploads\/2024\/09\/Sustainable-growth-social-image.png","datePublished":"2023-10-04T15:26:13+00:00","dateModified":"2023-12-01T11:10:36+00:00","breadcrumb":{"@id":"https:\/\/www.hhglobal.com\/pt\/who-we-are\/sustainable-growth\/#breadcrumb"},"inLanguage":"pt","potentialAction":[{"@type":"ReadAction","target":["https:\/\/www.hhglobal.com\/pt\/who-we-are\/sustainable-growth\/"]}]},{"@type":"ImageObject","inLanguage":"pt","@id":"https:\/\/www.hhglobal.com\/pt\/who-we-are\/sustainable-growth\/#primaryimage","url":"https:\/\/www.hhglobal.com\/wp-content\/uploads\/2024\/09\/Sustainable-growth-social-image.png","contentUrl":"https:\/\/www.hhglobal.com\/wp-content\/uploads\/2024\/09\/Sustainable-growth-social-image.png","width":10667,"height":7113},{"@type":"BreadcrumbList","@id":"https:\/\/www.hhglobal.com\/pt\/who-we-are\/sustainable-growth\/#breadcrumb","itemListElement":[{"@type":"ListItem","position":1,"name":"Home","item":"https:\/\/www.hhglobal.com\/pt\/"},{"@type":"ListItem","position":2,"name":"Crescimento sustent\u00e1vel"}]},{"@type":"WebSite","@id":"https:\/\/www.hhglobal.com\/pt\/#website","url":"https:\/\/www.hhglobal.com\/pt\/","name":"HH Global","description":"The global, tech-enabled creative production and procurement partner.","publisher":{"@id":"https:\/\/www.hhglobal.com\/pt\/#organization"},"potentialAction":[{"@type":"SearchAction","target":{"@type":"EntryPoint","urlTemplate":"https:\/\/www.hhglobal.com\/pt\/?s={search_term_string}"},"query-input":{"@type":"PropertyValueSpecification","valueRequired":true,"valueName":"search_term_string"}}],"inLanguage":"pt"},{"@type":"Organization","@id":"https:\/\/www.hhglobal.com\/pt\/#organization","name":"HH Global","url":"https:\/\/www.hhglobal.com\/pt\/","logo":{"@type":"ImageObject","inLanguage":"pt","@id":"https:\/\/www.hhglobal.com\/pt\/#\/schema\/logo\/image\/","url":"https:\/\/www.hhglobal.com\/wp-content\/uploads\/2023\/12\/logo-white.svg","contentUrl":"https:\/\/www.hhglobal.com\/wp-content\/uploads\/2023\/12\/logo-white.svg","width":77,"height":18,"caption":"HH Global"},"image":{"@id":"https:\/\/www.hhglobal.com\/pt\/#\/schema\/logo\/image\/"}}]}},"_links":{"self":[{"href":"https:\/\/www.hhglobal.com\/pt\/wp-json\/wp\/v2\/pages\/12122","targetHints":{"allow":["GET"]}}],"collection":[{"href":"https:\/\/www.hhglobal.com\/pt\/wp-json\/wp\/v2\/pages"}],"about":[{"href":"https:\/\/www.hhglobal.com\/pt\/wp-json\/wp\/v2\/types\/page"}],"author":[{"embeddable":true,"href":"https:\/\/www.hhglobal.com\/pt\/wp-json\/wp\/v2\/users\/31"}],"replies":[{"embeddable":true,"href":"https:\/\/www.hhglobal.com\/pt\/wp-json\/wp\/v2\/comments?post=12122"}],"version-history":[{"count":0,"href":"https:\/\/www.hhglobal.com\/pt\/wp-json\/wp\/v2\/pages\/12122\/revisions"}],"wp:featuredmedia":[{"embeddable":true,"href":"https:\/\/www.hhglobal.com\/pt\/wp-json\/wp\/v2\/media\/23136"}],"wp:attachment":[{"href":"https:\/\/www.hhglobal.com\/pt\/wp-json\/wp\/v2\/media?parent=12122"}],"curies":[{"name":"wp","href":"https:\/\/api.w.org\/{rel}","templated":true}]}}