{"id":12111,"date":"2023-10-04T15:12:24","date_gmt":"2023-10-04T15:12:24","guid":{"rendered":"https:\/\/decoupledhhg.wpengine.com\/inspiring-solutions\/"},"modified":"2023-12-05T08:43:43","modified_gmt":"2023-12-05T08:43:43","slug":"inspiring-solutions","status":"publish","type":"page","link":"https:\/\/www.hhglobal.com\/pt\/who-we-are\/inspiring-solutions\/","title":{"rendered":"Solu\u00e7\u00f5es inspiradoras"},"content":{"rendered":"","protected":false},"excerpt":{"rendered":"","protected":false},"author":31,"featured_media":23147,"parent":0,"menu_order":0,"comment_status":"closed","ping_status":"closed","template":"","meta":{"_acf_changed":"","_yoast_wpseo_focuskw":"","_yoast_wpseo_metadesc":"","_yoast_wpseo_linkdex":"","_yoast_wpseo_content_score":"","_yoast_wpseo_meta-robots-noindex":"","_yoast_wpseo_meta-robots-nofollow":"","inline_featured_image":[],"_genesis_block_theme_hide_title":false,"_cms_nav_minihome":"","_icl_lang_duplicate_of":"","_menu_item_classes":[],"_menu_item_menu_item_parent":"","_menu_item_object":"","_menu_item_object_id":"","_menu_item_orphaned":"","_menu_item_target":"","_menu_item_type":"","_menu_item_url":"","_menu_item_xfn":"","_seedprod_page":"","_seedprod_page_template_type":"","_seedprod_page_uuid":"","_top_nav_excluded":"","_wp_attachment_backup_sizes":[],"_wp_attachment_context":"","_wp_attachment_image_alt":"","_wp_old_date":"","_wpcode_auto_insert":"","_wpcode_auto_insert_number":"","_wpcode_library_id":"","_wpml_media_duplicate":"1","_wpml_media_featured":"1","_wpml_post_translation_editor_native":"","_wpml_word_count":"{\"total\":358,\"to_translate\":{\"zh\":358,\"cs\":358,\"nl\":358,\"fr\":358,\"de\":358,\"it\":358,\"ja\":358,\"ko\":358,\"pt\":358,\"es\":358}}","_yoast_wpseo_estimated-reading-time-minutes":[],"_yoast_wpseo_primary_category":"","_yoast_wpseo_primary_industry":"","_yoast_wpseo_primary_solution":"","_yoast_wpseo_primary_the_author":"","_yoast_wpseo_wordproof_timestamp":"","acfml_non_translatable_locations":[],"career_externalLink":"","career_featuredImage":"","career_title":"","casestudy_featuredImage":"","casestudy_title":"","infocallout_excerpt":"","infocallout_featuredImage":"","infocallout_title":"","jobTitle":"","language":"","name":"","profilePicture":"","wp-smpro-smush-data":[],"wp-smush-animated":"","wp-smush-ignore-bulk":"","wp-smush-lossy":"","wpml_media_processed":"","_wpcode_conditional_logic_enabled":"","_wpcode_location_extra":"","_wpcode_note":"","_wpcode_priority":"","_wpcode_shortcode_attributes":[],"footnotes":""},"class_list":["post-12111","page","type-page","status-publish","has-post-thumbnail","hentry","post","with-featured-image"],"acf":{"page_title":"Inspiring Solutions | HH Global","page_description":"","social_title":"","social_description":"","social_share_image":null,"modules":[{"acf_fc_layout":"hero","size":"medium2","theme":"dark","choose_images":[{"image":11401}],"show_eyebrow":false,"eyebrow":"","title":"Solu\u00e7\u00f5es inspiradoras","show_cta":false,"cta_url":"","cta_title":""},{"acf_fc_layout":"intro_content_block","container_background_color":"bg-white","type":false,"show_image":false,"intro_image":null,"show_background":false,"background":null,"show_eyebrow":false,"eyebrow":"","show_designations":false,"designations":null,"show_title":true,"size":"large","title":"Impulsionar a mudan\u00e7a no marketing sustent\u00e1vel","show_intro":true,"intro":"A HH Global capacita algumas das marcas mais influentes do mundo com servi\u00e7os e compet\u00eancias que conduzem \u00e0 altera\u00e7\u00e3o de comportamentos para um futuro mais sustent\u00e1vel.\r\n\r\nLideramos essa mudan\u00e7a quando colocamos o marketing sustent\u00e1vel no centro do processo de design criativo.","show_body":false,"body":"","show_labels":false,"labels":{"show_social":false,"custom_categories":null}},{"acf_fc_layout":"text_with_media","scroll_to_link":"","theme":"light","container_background_color":"bg-white","show_eyebrow":false,"eyebrow":"","show_title":false,"title":"","show_sub_title":true,"sub_title":"Uma nova era para o marketing sustent\u00e1vel","content":"A nossa vis\u00e3o passa por sermos o aliado com maior impacto do mundo para as empresas que procuram um crescimento mais forte e mais sustent\u00e1vel.\r\n\r\nO nosso compromisso inabal\u00e1vel para com a sustentabilidade significa que integramos solu\u00e7\u00f5es progressivas e personalizadas em todos os dias, contribuindo para a concretiza\u00e7\u00e3o de objetivos ambientais e sociais.","cta_url":"","cta_text":"","open_in_new_window":false,"choose_media":[{"image":11403}],"image_alignment":"left","image_fit":"cover","image_size":"half-width","vimeoid":"","ytid":""},{"acf_fc_layout":"text_with_media_carousel","theme":"light","container_background_color":"bg-grey","highlight_color":"purple","title":"Utiliza\u00e7\u00e3o da tecnologia para maximizar a sustentabilidade","content":"Mudan\u00e7as orientadas por dados e conhecimentos conduzem aos melhores resultados de sustentabilidade. O nosso pacote exclusivo de tecnologia, produtos e servi\u00e7os ricos em dados apoiam os nossos clientes, organiza\u00e7\u00f5es e parceiros na concretiza\u00e7\u00e3o dos objetivos de sustentabilidade, do seguinte modo:","additional_spacing":true,"features_title":"","features":[{"navigation_label":"Hub","show_title":true,"title":"Hub","show_subtitle":false,"subtitle":"","content":"A HH Global \u00e9 o primeiro parceiro de produ\u00e7\u00e3o e contrata\u00e7\u00e3o criativa do mundo a criar uma plataforma que gera dados sobre o impacto do CO<sub>2<\/sub> de cada projeto. A nossa Calculadora Ambiental, que faz parte do nosso modelo operacional padr\u00e3o, permite que os clientes tomem decis\u00f5es informadas sobre as t\u00e1ticas da campanha e a escolha do canal. O nosso objetivo \u00e9 fornecer continuamente dados mais apurados, permitindo uma modela\u00e7\u00e3o preditiva do impacto das emiss\u00f5es de CO<sub>2<\/sub> que suporte e forne\u00e7a informa\u00e7\u00f5es e benef\u00edcios a longo prazo aos clientes.","choose_media":[{"image":11405}],"vimeoid":"","ytid":""},{"navigation_label":"Conjunto de dados alimentado por IA","show_title":true,"title":"Conjunto de dados alimentado por IA","show_subtitle":false,"subtitle":"","content":"Fornecimento cont\u00ednuo de dados mais apurados que permitam uma modela\u00e7\u00e3o preditiva do impacto das emiss\u00f5es de CO<sub>2<\/sub>, proporcionando benef\u00edcios e conhecimentos ao cliente a longo prazo.","choose_media":[{"image":11407}],"vimeoid":"","ytid":""},{"navigation_label":"Enquadramento de contrata\u00e7\u00e3o sustent\u00e1vel","show_title":true,"title":"Enquadramento de contrata\u00e7\u00e3o sustent\u00e1vel","show_subtitle":false,"subtitle":"","content":"Mais uma estreia no mercado: a utiliza\u00e7\u00e3o de tecnologia e dados para escalar as melhores pr\u00e1ticas em toda a nossa cadeia de abastecimento global. Ao conjugar os dados de fornecedores com pesquisas e o conhecimento de parceiros, cri\u00e1mos uma estrutura de gest\u00e3o da cadeia de abastecimento sustent\u00e1vel pioneira. Com este enquadramento, os parceiros da cadeia de abastecimento podem avaliar a atual maturidade da sustentabilidade, aplicar as melhores pr\u00e1ticas e partilhar experi\u00eancias.","choose_media":[{"image":11409}],"vimeoid":"","ytid":""}]},{"acf_fc_layout":"text_with_media_carousel","theme":"light","container_background_color":"bg-white","highlight_color":"purple","title":"Especialistas em estrat\u00e9gia de sustentabilidade","content":"<strong>Servi\u00e7os de consultoria de sustentabilidade<\/strong>\r\n\r\nA HH Global proporciona servi\u00e7os completos de consultoria em mat\u00e9ria de sustentabilidade, aplicando os seus conhecimentos especializados para criar ou impulsionar as iniciativas ESG dos clientes.","additional_spacing":true,"features_title":"","features":[{"navigation_label":"Estrat\u00e9gia de sustentabilidade","show_title":true,"title":"Estrat\u00e9gia de sustentabilidade","show_subtitle":false,"subtitle":"","content":"<ul>\r\n \t<li>Oficina para identificar como concretizar os ODS da ONU<\/li>\r\n \t<li>Cria\u00e7\u00e3o de relat\u00f3rios<\/li>\r\n \t<li>Roteiro de sustentabilidade e ESG<\/li>\r\n<\/ul>","choose_media":[{"image":11411}],"vimeoid":"","ytid":""},{"navigation_label":"Roteiro de sustentabilidade","show_title":true,"title":"Roteiro de sustentabilidade","show_subtitle":false,"subtitle":"","content":"<ul>\r\n \t<li>Planeamento de redu\u00e7\u00e3o de CO<sub>2<\/sub><\/li>\r\n \t<li>Medi\u00e7\u00e3o da poupan\u00e7a + impacto ambiental<\/li>\r\n \t<li>Avalia\u00e7\u00e3o do ciclo de vida: produtos, embalagens e servi\u00e7os<\/li>\r\n \t<li>Mitiga\u00e7\u00e3o do carbono<\/li>\r\n<\/ul>","choose_media":[{"image":11413}],"vimeoid":"","ytid":""},{"navigation_label":"Gest\u00e3o de desperd\u00edcio","show_title":true,"title":"Gest\u00e3o de desperd\u00edcio","show_subtitle":false,"subtitle":"","content":"<ul>\r\n \t<li>Transforma\u00e7\u00e3o das economias descart\u00e1veis em economias circulares<\/li>\r\n \t<li>Auditorias ao desperd\u00edcio: escrit\u00f3rios, armaz\u00e9ns e pontos de venda<\/li>\r\n \t<li>Relat\u00f3rios finais dos resultados da investiga\u00e7\u00e3o<\/li>\r\n \t<li>Recomenda\u00e7\u00f5es, objetivos e metas<\/li>\r\n \t<li>Redu\u00e7\u00e3o dos custos de deposi\u00e7\u00e3o e elimina\u00e7\u00e3o em aterro<\/li>\r\n \t<li>Cria\u00e7\u00e3o de novos fluxos de receitas do desperd\u00edcio<\/li>\r\n \t<li>Aumento do desvio de desperd\u00edcio e de oportunidades de reciclagem em circuito fechado<\/li>\r\n<\/ul>","choose_media":[{"image":11415}],"vimeoid":"","ytid":""}]},{"acf_fc_layout":"text_with_media_carousel","theme":"light","container_background_color":"bg-grey","highlight_color":"purple","title":"Refor\u00e7o das normas de marketing sustent\u00e1vel","content":"No sentido de melhorar o design sustent\u00e1vel e promover a inova\u00e7\u00e3o criativa ecol\u00f3gica, lan\u00e7\u00e1mos a Conscious Creative. Promover a sustentabilidade do marketing no processo de design, do in\u00edcio ao fim.","additional_spacing":true,"features_title":"","features":[{"navigation_label":"An\u00e1lise + avalia\u00e7\u00e3o","show_title":true,"title":"An\u00e1lise + avalia\u00e7\u00e3o","show_subtitle":false,"subtitle":"","content":"Plataforma de sustentabilidade e ESG, avalia\u00e7\u00e3o criativa presencial","choose_media":[{"image":11417}],"vimeoid":"","ytid":""},{"navigation_label":"Aprendizagem + inspira\u00e7\u00e3o","show_title":true,"title":"Aprendizagem + inspira\u00e7\u00e3o","show_subtitle":false,"subtitle":"","content":"M\u00f3dulos certificados de forma\u00e7\u00e3o e e-learning, manuais de boas pr\u00e1ticas educativas, biblioteca de materiais.","choose_media":[{"image":11419}],"vimeoid":"","ytid":""},{"navigation_label":"Capacita\u00e7\u00e3o + medi\u00e7\u00e3o","show_title":true,"title":"Capacita\u00e7\u00e3o + medi\u00e7\u00e3o","show_subtitle":false,"subtitle":"","content":"Rotulagem da sustentabilidade do processo criativo, cart\u00e3o de pontua\u00e7\u00e3o da sustentabilidade, conceptualiza\u00e7\u00e3o virtual.","choose_media":[{"image":11421}],"vimeoid":"","ytid":""}]},{"acf_fc_layout":"clients_awards","title":"Construir um percurso com parcerias de sucesso","logos":[{"logo":11135},{"logo":11137},{"logo":11139},{"logo":11141},{"logo":11143},{"logo":11373},{"logo":11375},{"logo":11387},{"logo":11385},{"logo":11383},{"logo":11381},{"logo":11379},{"logo":11377},{"logo":11395},{"logo":11393},{"logo":11391},{"logo":11389},{"logo":10893},{"logo":11397},{"logo":11255},{"logo":10869},{"logo":11399}]},{"acf_fc_layout":"contact_form","title":"Entre em contato"}]},"yoast_head":"<!-- This site is optimized with the Yoast SEO plugin v27.3 - https:\/\/yoast.com\/product\/yoast-seo-wordpress\/ -->\n<title>Solu\u00e7\u00f5es inspiradoras - HH Global<\/title>\n<meta name=\"robots\" content=\"index, follow, max-snippet:-1, max-image-preview:large, max-video-preview:-1\" \/>\n<link rel=\"canonical\" href=\"https:\/\/www.hhglobal.com\/pt\/who-we-are\/inspiring-solutions\/\" \/>\n<meta property=\"og:locale\" content=\"pt_PT\" \/>\n<meta property=\"og:type\" content=\"article\" \/>\n<meta property=\"og:title\" content=\"Solu\u00e7\u00f5es inspiradoras - HH Global\" \/>\n<meta property=\"og:url\" content=\"https:\/\/www.hhglobal.com\/pt\/who-we-are\/inspiring-solutions\/\" \/>\n<meta property=\"og:site_name\" content=\"HH Global\" \/>\n<meta property=\"article:modified_time\" content=\"2023-12-05T08:43:43+00:00\" \/>\n<meta name=\"twitter:card\" content=\"summary_large_image\" \/>\n<script type=\"application\/ld+json\" class=\"yoast-schema-graph\">{\"@context\":\"https:\\\/\\\/schema.org\",\"@graph\":[{\"@type\":\"WebPage\",\"@id\":\"https:\\\/\\\/www.hhglobal.com\\\/pt\\\/who-we-are\\\/inspiring-solutions\\\/\",\"url\":\"https:\\\/\\\/www.hhglobal.com\\\/pt\\\/who-we-are\\\/inspiring-solutions\\\/\",\"name\":\"Solu\u00e7\u00f5es inspiradoras - HH Global\",\"isPartOf\":{\"@id\":\"https:\\\/\\\/www.hhglobal.com\\\/pt\\\/#website\"},\"primaryImageOfPage\":{\"@id\":\"https:\\\/\\\/www.hhglobal.com\\\/pt\\\/who-we-are\\\/inspiring-solutions\\\/#primaryimage\"},\"image\":{\"@id\":\"https:\\\/\\\/www.hhglobal.com\\\/pt\\\/who-we-are\\\/inspiring-solutions\\\/#primaryimage\"},\"thumbnailUrl\":\"https:\\\/\\\/www.hhglobal.com\\\/wp-content\\\/uploads\\\/2024\\\/09\\\/Inspiring-solutions-social-image-1.png\",\"datePublished\":\"2023-10-04T15:12:24+00:00\",\"dateModified\":\"2023-12-05T08:43:43+00:00\",\"breadcrumb\":{\"@id\":\"https:\\\/\\\/www.hhglobal.com\\\/pt\\\/who-we-are\\\/inspiring-solutions\\\/#breadcrumb\"},\"inLanguage\":\"pt\",\"potentialAction\":[{\"@type\":\"ReadAction\",\"target\":[\"https:\\\/\\\/www.hhglobal.com\\\/pt\\\/who-we-are\\\/inspiring-solutions\\\/\"]}]},{\"@type\":\"ImageObject\",\"inLanguage\":\"pt\",\"@id\":\"https:\\\/\\\/www.hhglobal.com\\\/pt\\\/who-we-are\\\/inspiring-solutions\\\/#primaryimage\",\"url\":\"https:\\\/\\\/www.hhglobal.com\\\/wp-content\\\/uploads\\\/2024\\\/09\\\/Inspiring-solutions-social-image-1.png\",\"contentUrl\":\"https:\\\/\\\/www.hhglobal.com\\\/wp-content\\\/uploads\\\/2024\\\/09\\\/Inspiring-solutions-social-image-1.png\",\"width\":10667,\"height\":7113},{\"@type\":\"BreadcrumbList\",\"@id\":\"https:\\\/\\\/www.hhglobal.com\\\/pt\\\/who-we-are\\\/inspiring-solutions\\\/#breadcrumb\",\"itemListElement\":[{\"@type\":\"ListItem\",\"position\":1,\"name\":\"Home\",\"item\":\"https:\\\/\\\/www.hhglobal.com\\\/pt\\\/\"},{\"@type\":\"ListItem\",\"position\":2,\"name\":\"Solu\u00e7\u00f5es inspiradoras\"}]},{\"@type\":\"WebSite\",\"@id\":\"https:\\\/\\\/www.hhglobal.com\\\/pt\\\/#website\",\"url\":\"https:\\\/\\\/www.hhglobal.com\\\/pt\\\/\",\"name\":\"HH Global\",\"description\":\"The global, tech-enabled creative production and procurement partner.\",\"publisher\":{\"@id\":\"https:\\\/\\\/www.hhglobal.com\\\/pt\\\/#organization\"},\"potentialAction\":[{\"@type\":\"SearchAction\",\"target\":{\"@type\":\"EntryPoint\",\"urlTemplate\":\"https:\\\/\\\/www.hhglobal.com\\\/pt\\\/?s={search_term_string}\"},\"query-input\":{\"@type\":\"PropertyValueSpecification\",\"valueRequired\":true,\"valueName\":\"search_term_string\"}}],\"inLanguage\":\"pt\"},{\"@type\":\"Organization\",\"@id\":\"https:\\\/\\\/www.hhglobal.com\\\/pt\\\/#organization\",\"name\":\"HH Global\",\"url\":\"https:\\\/\\\/www.hhglobal.com\\\/pt\\\/\",\"logo\":{\"@type\":\"ImageObject\",\"inLanguage\":\"pt\",\"@id\":\"https:\\\/\\\/www.hhglobal.com\\\/pt\\\/#\\\/schema\\\/logo\\\/image\\\/\",\"url\":\"https:\\\/\\\/www.hhglobal.com\\\/wp-content\\\/uploads\\\/2023\\\/12\\\/logo-white.svg\",\"contentUrl\":\"https:\\\/\\\/www.hhglobal.com\\\/wp-content\\\/uploads\\\/2023\\\/12\\\/logo-white.svg\",\"width\":77,\"height\":18,\"caption\":\"HH Global\"},\"image\":{\"@id\":\"https:\\\/\\\/www.hhglobal.com\\\/pt\\\/#\\\/schema\\\/logo\\\/image\\\/\"}}]}<\/script>\n<!-- \/ Yoast SEO plugin. -->","yoast_head_json":{"title":"Solu\u00e7\u00f5es inspiradoras - HH Global","robots":{"index":"index","follow":"follow","max-snippet":"max-snippet:-1","max-image-preview":"max-image-preview:large","max-video-preview":"max-video-preview:-1"},"canonical":"https:\/\/www.hhglobal.com\/pt\/who-we-are\/inspiring-solutions\/","og_locale":"pt_PT","og_type":"article","og_title":"Solu\u00e7\u00f5es inspiradoras - HH Global","og_url":"https:\/\/www.hhglobal.com\/pt\/who-we-are\/inspiring-solutions\/","og_site_name":"HH Global","article_modified_time":"2023-12-05T08:43:43+00:00","twitter_card":"summary_large_image","schema":{"@context":"https:\/\/schema.org","@graph":[{"@type":"WebPage","@id":"https:\/\/www.hhglobal.com\/pt\/who-we-are\/inspiring-solutions\/","url":"https:\/\/www.hhglobal.com\/pt\/who-we-are\/inspiring-solutions\/","name":"Solu\u00e7\u00f5es inspiradoras - HH Global","isPartOf":{"@id":"https:\/\/www.hhglobal.com\/pt\/#website"},"primaryImageOfPage":{"@id":"https:\/\/www.hhglobal.com\/pt\/who-we-are\/inspiring-solutions\/#primaryimage"},"image":{"@id":"https:\/\/www.hhglobal.com\/pt\/who-we-are\/inspiring-solutions\/#primaryimage"},"thumbnailUrl":"https:\/\/www.hhglobal.com\/wp-content\/uploads\/2024\/09\/Inspiring-solutions-social-image-1.png","datePublished":"2023-10-04T15:12:24+00:00","dateModified":"2023-12-05T08:43:43+00:00","breadcrumb":{"@id":"https:\/\/www.hhglobal.com\/pt\/who-we-are\/inspiring-solutions\/#breadcrumb"},"inLanguage":"pt","potentialAction":[{"@type":"ReadAction","target":["https:\/\/www.hhglobal.com\/pt\/who-we-are\/inspiring-solutions\/"]}]},{"@type":"ImageObject","inLanguage":"pt","@id":"https:\/\/www.hhglobal.com\/pt\/who-we-are\/inspiring-solutions\/#primaryimage","url":"https:\/\/www.hhglobal.com\/wp-content\/uploads\/2024\/09\/Inspiring-solutions-social-image-1.png","contentUrl":"https:\/\/www.hhglobal.com\/wp-content\/uploads\/2024\/09\/Inspiring-solutions-social-image-1.png","width":10667,"height":7113},{"@type":"BreadcrumbList","@id":"https:\/\/www.hhglobal.com\/pt\/who-we-are\/inspiring-solutions\/#breadcrumb","itemListElement":[{"@type":"ListItem","position":1,"name":"Home","item":"https:\/\/www.hhglobal.com\/pt\/"},{"@type":"ListItem","position":2,"name":"Solu\u00e7\u00f5es inspiradoras"}]},{"@type":"WebSite","@id":"https:\/\/www.hhglobal.com\/pt\/#website","url":"https:\/\/www.hhglobal.com\/pt\/","name":"HH Global","description":"The global, tech-enabled creative production and procurement partner.","publisher":{"@id":"https:\/\/www.hhglobal.com\/pt\/#organization"},"potentialAction":[{"@type":"SearchAction","target":{"@type":"EntryPoint","urlTemplate":"https:\/\/www.hhglobal.com\/pt\/?s={search_term_string}"},"query-input":{"@type":"PropertyValueSpecification","valueRequired":true,"valueName":"search_term_string"}}],"inLanguage":"pt"},{"@type":"Organization","@id":"https:\/\/www.hhglobal.com\/pt\/#organization","name":"HH Global","url":"https:\/\/www.hhglobal.com\/pt\/","logo":{"@type":"ImageObject","inLanguage":"pt","@id":"https:\/\/www.hhglobal.com\/pt\/#\/schema\/logo\/image\/","url":"https:\/\/www.hhglobal.com\/wp-content\/uploads\/2023\/12\/logo-white.svg","contentUrl":"https:\/\/www.hhglobal.com\/wp-content\/uploads\/2023\/12\/logo-white.svg","width":77,"height":18,"caption":"HH Global"},"image":{"@id":"https:\/\/www.hhglobal.com\/pt\/#\/schema\/logo\/image\/"}}]}},"_links":{"self":[{"href":"https:\/\/www.hhglobal.com\/pt\/wp-json\/wp\/v2\/pages\/12111","targetHints":{"allow":["GET"]}}],"collection":[{"href":"https:\/\/www.hhglobal.com\/pt\/wp-json\/wp\/v2\/pages"}],"about":[{"href":"https:\/\/www.hhglobal.com\/pt\/wp-json\/wp\/v2\/types\/page"}],"author":[{"embeddable":true,"href":"https:\/\/www.hhglobal.com\/pt\/wp-json\/wp\/v2\/users\/31"}],"replies":[{"embeddable":true,"href":"https:\/\/www.hhglobal.com\/pt\/wp-json\/wp\/v2\/comments?post=12111"}],"version-history":[{"count":0,"href":"https:\/\/www.hhglobal.com\/pt\/wp-json\/wp\/v2\/pages\/12111\/revisions"}],"wp:featuredmedia":[{"embeddable":true,"href":"https:\/\/www.hhglobal.com\/pt\/wp-json\/wp\/v2\/media\/23147"}],"wp:attachment":[{"href":"https:\/\/www.hhglobal.com\/pt\/wp-json\/wp\/v2\/media?parent=12111"}],"curies":[{"name":"wp","href":"https:\/\/api.w.org\/{rel}","templated":true}]}}