{"id":12084,"date":"2023-10-04T14:40:28","date_gmt":"2023-10-04T14:40:28","guid":{"rendered":"https:\/\/decoupledhhg.wpengine.com\/conscious-creative\/"},"modified":"2023-12-01T13:25:26","modified_gmt":"2023-12-01T13:25:26","slug":"conscious-creative","status":"publish","type":"page","link":"https:\/\/www.hhglobal.com\/pt\/who-we-are\/conscious-creative\/","title":{"rendered":"Conscious Creative"},"content":{"rendered":"","protected":false},"excerpt":{"rendered":"","protected":false},"author":31,"featured_media":13344,"parent":0,"menu_order":0,"comment_status":"closed","ping_status":"closed","template":"","meta":{"_acf_changed":"","_yoast_wpseo_focuskw":"","_yoast_wpseo_metadesc":"","_yoast_wpseo_linkdex":"","_yoast_wpseo_content_score":"","_yoast_wpseo_meta-robots-noindex":"","_yoast_wpseo_meta-robots-nofollow":"","inline_featured_image":[],"_genesis_block_theme_hide_title":false,"_cms_nav_minihome":"","_icl_lang_duplicate_of":"","_menu_item_classes":[],"_menu_item_menu_item_parent":"","_menu_item_object":"","_menu_item_object_id":"","_menu_item_orphaned":"","_menu_item_target":"","_menu_item_type":"","_menu_item_url":"","_menu_item_xfn":"","_seedprod_page":"","_seedprod_page_template_type":"","_seedprod_page_uuid":"","_top_nav_excluded":"","_wp_attachment_backup_sizes":[],"_wp_attachment_context":"","_wp_attachment_image_alt":"","_wp_old_date":"","_wpcode_auto_insert":"","_wpcode_auto_insert_number":"","_wpcode_library_id":"","_wpml_media_duplicate":"1","_wpml_media_featured":"1","_wpml_post_translation_editor_native":"","_wpml_word_count":"{\"total\":500,\"to_translate\":{\"zh\":500,\"cs\":500,\"nl\":500,\"fr\":500,\"de\":500,\"it\":500,\"ja\":500,\"ko\":500,\"pt\":500,\"es\":500}}","_yoast_wpseo_estimated-reading-time-minutes":[],"_yoast_wpseo_primary_category":"","_yoast_wpseo_primary_industry":"","_yoast_wpseo_primary_solution":"","_yoast_wpseo_primary_the_author":"","_yoast_wpseo_wordproof_timestamp":"","acfml_non_translatable_locations":[],"career_externalLink":"","career_featuredImage":"","career_title":"","casestudy_featuredImage":"","casestudy_title":"","infocallout_excerpt":"","infocallout_featuredImage":"","infocallout_title":"","jobTitle":"","language":"","name":"","profilePicture":"","wp-smpro-smush-data":[],"wp-smush-animated":"","wp-smush-ignore-bulk":"","wp-smush-lossy":"","wpml_media_processed":"","_wpcode_conditional_logic_enabled":"","_wpcode_location_extra":"","_wpcode_note":"","_wpcode_priority":"","_wpcode_shortcode_attributes":[],"footnotes":""},"class_list":["post-12084","page","type-page","status-publish","has-post-thumbnail","hentry","post","with-featured-image"],"acf":{"page_title":"Conscious Creative | HH Global","page_description":"","social_title":"","social_description":"","social_share_image":null,"modules":[{"acf_fc_layout":"hero","size":"medium2","theme":"dark","choose_images":[{"image":11355}],"show_eyebrow":false,"eyebrow":"","title":"Conscious Creative","show_cta":false,"cta_url":"","cta_title":""},{"acf_fc_layout":"intro_content_block","scroll_to_link":"","container_background_color":"bg-white","type":false,"show_image":false,"intro_image":null,"show_background":false,"background":null,"show_eyebrow":false,"eyebrow":"","show_designations":false,"designations":null,"show_title":true,"size":"large","title":"Design para um futuro sustent\u00e1vel","show_intro":true,"intro":"A inova\u00e7\u00e3o criativa ecol\u00f3gica requer que se defenda um design sustent\u00e1vel. Com o lan\u00e7amento da <strong>Conscious Creative<\/strong>, contribu\u00edmos para uma melhoria na sustentabilidade do marketing, desde o momento do planeamento at\u00e9 \u00e0 produ\u00e7\u00e3o, e muito mais. Fazemo-lo atrav\u00e9s de:","show_body":false,"body":"","show_labels":false,"labels":{"show_social":false,"custom_categories":null}},{"acf_fc_layout":"content_block","container_background_color":"bg-white","show_header":false,"header":"","contents":[{"show_header_icon":true,"header_icon":11357,"show_header":false,"header":"","header_color":"primary-green-2","show_subheader":true,"subheader":"Avalia\u00e7\u00e3o","description":"A equipa criativa, o est\u00fadio, a maturidade ESG e os ODS, incluindo uma an\u00e1lise presencial das pr\u00e1ticas de design circular sustent\u00e1vel e recomenda\u00e7\u00f5es de melhoria."},{"show_header_icon":true,"header_icon":11359,"show_header":false,"header":"Educating","header_color":"light-purple","show_subheader":true,"subheader":"Aprendizagem","description":"Com o pacote de forma\u00e7\u00e3o Conscious Creative e um conjunto de recursos de promo\u00e7\u00e3o de pr\u00e1ticas sustent\u00e1veis, nomeadamente: e-learning, manuais de boas pr\u00e1ticas educativas, workshops de design circular e recursos adicionais."},{"show_header_icon":true,"header_icon":11361,"show_header":false,"header":"","header_color":"primary-green-2","show_subheader":true,"subheader":"Capacita\u00e7\u00e3o","description":"Plataforma tecnol\u00f3gica da Conscious Creative, biblioteca de materiais, calculadora de CO<sub>2<\/sub>, tecnologia para a classifica\u00e7\u00e3o criativa e a rotulagem da Conscious Creative."}]},{"acf_fc_layout":"text_with_media_carousel","scroll_to_link":"","theme":"light","container_background_color":"bg-grey","highlight_color":"purple","title":"Na vanguarda do marketing sustent\u00e1vel","content":"<strong>Desde o design at\u00e9 ao fim da utiliza\u00e7\u00e3o, trabalhamos para minimizar o impacto ambiental e social.<\/strong>\r\n\r\nEducamos, inspiramos e possibilitamos escolhas respons\u00e1veis de materiais e de fabrico que contribuem para mudan\u00e7as transformadoras.\r\n\r\nA nossa experi\u00eancia \u00edmpar na medi\u00e7\u00e3o certificada de CO<sub>2<\/sub> garante a conformidade regulamentar e a elabora\u00e7\u00e3o de relat\u00f3rios precisos e transparentes.\r\n\r\nCom a gest\u00e3o de cadeias de abastecimento auditadas no \u00e2mbito do ESG, reduzimos o risco \u00e0 reputa\u00e7\u00e3o e contribu\u00edmos para a cria\u00e7\u00e3o de uma cultura \u00e9tica e criativa de excel\u00eancia, defendendo simultaneamente estrat\u00e9gias de desperd\u00edcio zero.","additional_spacing":true,"features_title":"","features":[{"navigation_label":"An\u00e1lise + avalia\u00e7\u00e3o","show_title":true,"title":"An\u00e1lise + avalia\u00e7\u00e3o","show_subtitle":false,"subtitle":"","content":"<ul>\r\n \t<li>A avalia\u00e7\u00e3o criativa presencial analisa as capacidades de design sustent\u00e1vel e circular e faculta informa\u00e7\u00f5es sobre pr\u00e1ticas ambientalmente conscientes.<\/li>\r\n \t<li>A plataforma ESG e de sustentabilidade analisa as pr\u00e1ticas e os n\u00edveis de maturidade, em alinhamento com os ODS da ONU, para avaliar os progressos e os objetivos.<\/li>\r\n<\/ul>","choose_media":[{"image":11363}],"vimeoid":"","ytid":""},{"navigation_label":"Aprendizagem + inspira\u00e7\u00e3o","show_title":true,"title":"Aprendizagem + inspira\u00e7\u00e3o","show_subtitle":false,"subtitle":"","content":"<ul>\r\n \t<li>Pacote de forma\u00e7\u00e3o Conscious Creative, criado por especialistas com o objetivo de permitir e promover o ensino do design sustent\u00e1vel e de uma economia circular.<\/li>\r\n \t<li>A forma\u00e7\u00e3o certificada e os m\u00f3dulos de e-learning oferecem cursos educativos acreditados e materiais de aprendizagem online que permitem a forma\u00e7\u00e3o e a consolida\u00e7\u00e3o de conhecimentos de qualidade.<\/li>\r\n \t<li>Manuais de boas pr\u00e1ticas e guias concisos e abrangentes que descrevem as estrat\u00e9gias de maior efic\u00e1cia e sucesso na concretiza\u00e7\u00e3o dos objetivos.<\/li>\r\n \t<li>Oficinas de design circular para explorar formas de criar sistemas e produtos que se afastam dos modelos lineares de promo\u00e7\u00e3o do desperd\u00edcio, aproximando-se de m\u00e9todos mais inovadores e sustent\u00e1veis.<\/li>\r\n<\/ul>","choose_media":[{"image":11365}],"vimeoid":"","ytid":""},{"navigation_label":"Capacita\u00e7\u00e3o + medi\u00e7\u00e3o","show_title":true,"title":"Capacita\u00e7\u00e3o + medi\u00e7\u00e3o","show_subtitle":false,"subtitle":"","content":"<ul>\r\n \t<li>Plataforma Conscious Creative. Um pacote de tecnologia avan\u00e7ada onde encontrar\u00e1 uma extensa biblioteca de materiais, c\u00e1lculos de CO<sub>2<\/sub>, bem como a gera\u00e7\u00e3o de r\u00f3tulos e cart\u00f5es de registo de design.<\/li>\r\n \t<li>A biblioteca de materiais tem uma vasta gama de materiais ecol\u00f3gicos para os criativos que procuram op\u00e7\u00f5es com consci\u00eancia ambiental para os seus projetos.<\/li>\r\n \t<li>Calculadora de CO<sub>2<\/sub> que compara e contrasta o impacto ambiental de materiais e superf\u00edcies com base na sua pegada de carbono e fornece informa\u00e7\u00f5es valiosas que permitem validar escolhas de material que promova a sustentabilidade de design e fabrico.<\/li>\r\n \t<li>Rotulagem da sustentabilidade do processo criativo atrav\u00e9s da avalia\u00e7\u00e3o dos materiais, dos elementos de design, do perfil de risco geogr\u00e1fico e dos n\u00edveis m\u00e9dios de maturidade da sustentabilidade da cadeia de abastecimento, n\u00e3o descurando os fatores nacionais, como a infraestrutura das capacidades de produ\u00e7\u00e3o, o perfil energ\u00e9tico regional e a modularidade, a capacidade de reciclagem, a circularidade e a a\u00e7\u00e3o social.<\/li>\r\n \t<li>Cart\u00f5es de classifica\u00e7\u00e3o da sustentabilidade que avaliam a metodologia em seis fases do ciclo de vida. S\u00e3o apresentados em conjuga\u00e7\u00e3o com estimativas de emiss\u00f5es de carbono para informar decis\u00f5es e classifica\u00e7\u00f5es indicativas para a sele\u00e7\u00e3o de fornecedores. Monitorizado retrospetivamente para permitir uma vis\u00e3o mais clara e evidenciar a melhoria cont\u00ednua.<\/li>\r\n \t<li>Conceptualiza\u00e7\u00e3o virtual que utiliza m\u00e9tricas de classifica\u00e7\u00e3o e rotulagem para criar elementos visuais e avaliar a sustentabilidade e o desempenho do conceito, contribuindo para uma tomada de decis\u00f5es mais informada.<\/li>\r\n<\/ul>","choose_media":[{"image":11367}],"vimeoid":"","ytid":""}]},{"acf_fc_layout":"text_with_media","scroll_to_link":"","theme":"light","container_background_color":"bg-white","show_eyebrow":false,"eyebrow":"","show_title":false,"title":"","show_sub_title":true,"sub_title":"Utilizamos a mentalidade de design circular para criar produtos e sistemas com foco em todo o ciclo de vida, visando a sustentabilidade e o m\u00ednimo de desperd\u00edcio.","content":"","cta_url":"","cta_text":"","open_in_new_window":false,"choose_media":[{"image":11369}],"image_alignment":"right","image_fit":"cover","image_size":"half-width","vimeoid":"","ytid":""},{"acf_fc_layout":"text_with_media","scroll_to_link":"","theme":"light","container_background_color":"bg-grey","show_eyebrow":false,"eyebrow":"","show_title":false,"title":"","show_sub_title":true,"sub_title":"Cause um grande impacto, com uma pegada mais pequena.","content":"Permitimos a utiliza\u00e7\u00e3o de materiais e produ\u00e7\u00e3o \u00e9ticos para designs pioneiros, com os quais os consumidores conscientes se v\u00e3o identificar. Formas de trabalho respons\u00e1veis e inovadoras podem inspirar ideias criativas e desempenhar um papel vital na cria\u00e7\u00e3o de uma sociedade e de um planeta pr\u00f3speros.","cta_url":"","cta_text":"","open_in_new_window":false,"choose_media":[{"image":11371}],"image_alignment":"left","image_fit":"cover","image_size":"half-width","vimeoid":"","ytid":""},{"acf_fc_layout":"clients_awards","title":"Construir um percurso com parcerias de sucesso","logos":[{"logo":11135},{"logo":11137},{"logo":11139},{"logo":11141},{"logo":11143},{"logo":11373},{"logo":11375},{"logo":11387},{"logo":11385},{"logo":11383},{"logo":11381},{"logo":11379},{"logo":11377},{"logo":11395},{"logo":11393},{"logo":11391},{"logo":11389},{"logo":10893},{"logo":11397},{"logo":11255},{"logo":10869},{"logo":11399}]},{"acf_fc_layout":"contact_form","scroll_to_link":"","title":"Entre em contato"}]},"yoast_head":"<!-- This site is optimized with the Yoast SEO plugin v27.4 - https:\/\/yoast.com\/product\/yoast-seo-wordpress\/ -->\n<title>Conscious Creative - HH Global<\/title>\n<meta name=\"robots\" content=\"index, follow, max-snippet:-1, max-image-preview:large, max-video-preview:-1\" \/>\n<link rel=\"canonical\" href=\"https:\/\/www.hhglobal.com\/pt\/who-we-are\/conscious-creative\/\" \/>\n<meta property=\"og:locale\" content=\"pt_PT\" \/>\n<meta property=\"og:type\" content=\"article\" \/>\n<meta property=\"og:title\" content=\"Conscious Creative - HH Global\" \/>\n<meta property=\"og:url\" content=\"https:\/\/www.hhglobal.com\/pt\/who-we-are\/conscious-creative\/\" \/>\n<meta property=\"og:site_name\" content=\"HH Global\" \/>\n<meta property=\"article:modified_time\" content=\"2023-12-01T13:25:26+00:00\" \/>\n<meta name=\"twitter:card\" content=\"summary_large_image\" \/>\n<script type=\"application\/ld+json\" class=\"yoast-schema-graph\">{\"@context\":\"https:\\\/\\\/schema.org\",\"@graph\":[{\"@type\":\"WebPage\",\"@id\":\"https:\\\/\\\/www.hhglobal.com\\\/pt\\\/who-we-are\\\/conscious-creative\\\/\",\"url\":\"https:\\\/\\\/www.hhglobal.com\\\/pt\\\/who-we-are\\\/conscious-creative\\\/\",\"name\":\"Conscious Creative - HH Global\",\"isPartOf\":{\"@id\":\"https:\\\/\\\/www.hhglobal.com\\\/pt\\\/#website\"},\"primaryImageOfPage\":{\"@id\":\"https:\\\/\\\/www.hhglobal.com\\\/pt\\\/who-we-are\\\/conscious-creative\\\/#primaryimage\"},\"image\":{\"@id\":\"https:\\\/\\\/www.hhglobal.com\\\/pt\\\/who-we-are\\\/conscious-creative\\\/#primaryimage\"},\"thumbnailUrl\":\"https:\\\/\\\/www.hhglobal.com\\\/wp-content\\\/uploads\\\/2024\\\/02\\\/1_ConsciousCreative.jpg\",\"datePublished\":\"2023-10-04T14:40:28+00:00\",\"dateModified\":\"2023-12-01T13:25:26+00:00\",\"breadcrumb\":{\"@id\":\"https:\\\/\\\/www.hhglobal.com\\\/pt\\\/who-we-are\\\/conscious-creative\\\/#breadcrumb\"},\"inLanguage\":\"pt\",\"potentialAction\":[{\"@type\":\"ReadAction\",\"target\":[\"https:\\\/\\\/www.hhglobal.com\\\/pt\\\/who-we-are\\\/conscious-creative\\\/\"]}]},{\"@type\":\"ImageObject\",\"inLanguage\":\"pt\",\"@id\":\"https:\\\/\\\/www.hhglobal.com\\\/pt\\\/who-we-are\\\/conscious-creative\\\/#primaryimage\",\"url\":\"https:\\\/\\\/www.hhglobal.com\\\/wp-content\\\/uploads\\\/2024\\\/02\\\/1_ConsciousCreative.jpg\",\"contentUrl\":\"https:\\\/\\\/www.hhglobal.com\\\/wp-content\\\/uploads\\\/2024\\\/02\\\/1_ConsciousCreative.jpg\",\"width\":1811,\"height\":1080},{\"@type\":\"BreadcrumbList\",\"@id\":\"https:\\\/\\\/www.hhglobal.com\\\/pt\\\/who-we-are\\\/conscious-creative\\\/#breadcrumb\",\"itemListElement\":[{\"@type\":\"ListItem\",\"position\":1,\"name\":\"Home\",\"item\":\"https:\\\/\\\/www.hhglobal.com\\\/pt\\\/\"},{\"@type\":\"ListItem\",\"position\":2,\"name\":\"Conscious Creative\"}]},{\"@type\":\"WebSite\",\"@id\":\"https:\\\/\\\/www.hhglobal.com\\\/pt\\\/#website\",\"url\":\"https:\\\/\\\/www.hhglobal.com\\\/pt\\\/\",\"name\":\"HH Global\",\"description\":\"The global, tech-enabled creative production and procurement partner.\",\"publisher\":{\"@id\":\"https:\\\/\\\/www.hhglobal.com\\\/pt\\\/#organization\"},\"potentialAction\":[{\"@type\":\"SearchAction\",\"target\":{\"@type\":\"EntryPoint\",\"urlTemplate\":\"https:\\\/\\\/www.hhglobal.com\\\/pt\\\/?s={search_term_string}\"},\"query-input\":{\"@type\":\"PropertyValueSpecification\",\"valueRequired\":true,\"valueName\":\"search_term_string\"}}],\"inLanguage\":\"pt\"},{\"@type\":\"Organization\",\"@id\":\"https:\\\/\\\/www.hhglobal.com\\\/pt\\\/#organization\",\"name\":\"HH Global\",\"url\":\"https:\\\/\\\/www.hhglobal.com\\\/pt\\\/\",\"logo\":{\"@type\":\"ImageObject\",\"inLanguage\":\"pt\",\"@id\":\"https:\\\/\\\/www.hhglobal.com\\\/pt\\\/#\\\/schema\\\/logo\\\/image\\\/\",\"url\":\"https:\\\/\\\/www.hhglobal.com\\\/wp-content\\\/uploads\\\/2023\\\/12\\\/logo-white.svg\",\"contentUrl\":\"https:\\\/\\\/www.hhglobal.com\\\/wp-content\\\/uploads\\\/2023\\\/12\\\/logo-white.svg\",\"width\":77,\"height\":18,\"caption\":\"HH Global\"},\"image\":{\"@id\":\"https:\\\/\\\/www.hhglobal.com\\\/pt\\\/#\\\/schema\\\/logo\\\/image\\\/\"}}]}<\/script>\n<!-- \/ Yoast SEO plugin. -->","yoast_head_json":{"title":"Conscious Creative - HH Global","robots":{"index":"index","follow":"follow","max-snippet":"max-snippet:-1","max-image-preview":"max-image-preview:large","max-video-preview":"max-video-preview:-1"},"canonical":"https:\/\/www.hhglobal.com\/pt\/who-we-are\/conscious-creative\/","og_locale":"pt_PT","og_type":"article","og_title":"Conscious Creative - HH Global","og_url":"https:\/\/www.hhglobal.com\/pt\/who-we-are\/conscious-creative\/","og_site_name":"HH Global","article_modified_time":"2023-12-01T13:25:26+00:00","twitter_card":"summary_large_image","schema":{"@context":"https:\/\/schema.org","@graph":[{"@type":"WebPage","@id":"https:\/\/www.hhglobal.com\/pt\/who-we-are\/conscious-creative\/","url":"https:\/\/www.hhglobal.com\/pt\/who-we-are\/conscious-creative\/","name":"Conscious Creative - HH Global","isPartOf":{"@id":"https:\/\/www.hhglobal.com\/pt\/#website"},"primaryImageOfPage":{"@id":"https:\/\/www.hhglobal.com\/pt\/who-we-are\/conscious-creative\/#primaryimage"},"image":{"@id":"https:\/\/www.hhglobal.com\/pt\/who-we-are\/conscious-creative\/#primaryimage"},"thumbnailUrl":"https:\/\/www.hhglobal.com\/wp-content\/uploads\/2024\/02\/1_ConsciousCreative.jpg","datePublished":"2023-10-04T14:40:28+00:00","dateModified":"2023-12-01T13:25:26+00:00","breadcrumb":{"@id":"https:\/\/www.hhglobal.com\/pt\/who-we-are\/conscious-creative\/#breadcrumb"},"inLanguage":"pt","potentialAction":[{"@type":"ReadAction","target":["https:\/\/www.hhglobal.com\/pt\/who-we-are\/conscious-creative\/"]}]},{"@type":"ImageObject","inLanguage":"pt","@id":"https:\/\/www.hhglobal.com\/pt\/who-we-are\/conscious-creative\/#primaryimage","url":"https:\/\/www.hhglobal.com\/wp-content\/uploads\/2024\/02\/1_ConsciousCreative.jpg","contentUrl":"https:\/\/www.hhglobal.com\/wp-content\/uploads\/2024\/02\/1_ConsciousCreative.jpg","width":1811,"height":1080},{"@type":"BreadcrumbList","@id":"https:\/\/www.hhglobal.com\/pt\/who-we-are\/conscious-creative\/#breadcrumb","itemListElement":[{"@type":"ListItem","position":1,"name":"Home","item":"https:\/\/www.hhglobal.com\/pt\/"},{"@type":"ListItem","position":2,"name":"Conscious Creative"}]},{"@type":"WebSite","@id":"https:\/\/www.hhglobal.com\/pt\/#website","url":"https:\/\/www.hhglobal.com\/pt\/","name":"HH Global","description":"The global, tech-enabled creative production and procurement partner.","publisher":{"@id":"https:\/\/www.hhglobal.com\/pt\/#organization"},"potentialAction":[{"@type":"SearchAction","target":{"@type":"EntryPoint","urlTemplate":"https:\/\/www.hhglobal.com\/pt\/?s={search_term_string}"},"query-input":{"@type":"PropertyValueSpecification","valueRequired":true,"valueName":"search_term_string"}}],"inLanguage":"pt"},{"@type":"Organization","@id":"https:\/\/www.hhglobal.com\/pt\/#organization","name":"HH Global","url":"https:\/\/www.hhglobal.com\/pt\/","logo":{"@type":"ImageObject","inLanguage":"pt","@id":"https:\/\/www.hhglobal.com\/pt\/#\/schema\/logo\/image\/","url":"https:\/\/www.hhglobal.com\/wp-content\/uploads\/2023\/12\/logo-white.svg","contentUrl":"https:\/\/www.hhglobal.com\/wp-content\/uploads\/2023\/12\/logo-white.svg","width":77,"height":18,"caption":"HH Global"},"image":{"@id":"https:\/\/www.hhglobal.com\/pt\/#\/schema\/logo\/image\/"}}]}},"_links":{"self":[{"href":"https:\/\/www.hhglobal.com\/pt\/wp-json\/wp\/v2\/pages\/12084","targetHints":{"allow":["GET"]}}],"collection":[{"href":"https:\/\/www.hhglobal.com\/pt\/wp-json\/wp\/v2\/pages"}],"about":[{"href":"https:\/\/www.hhglobal.com\/pt\/wp-json\/wp\/v2\/types\/page"}],"author":[{"embeddable":true,"href":"https:\/\/www.hhglobal.com\/pt\/wp-json\/wp\/v2\/users\/31"}],"replies":[{"embeddable":true,"href":"https:\/\/www.hhglobal.com\/pt\/wp-json\/wp\/v2\/comments?post=12084"}],"version-history":[{"count":0,"href":"https:\/\/www.hhglobal.com\/pt\/wp-json\/wp\/v2\/pages\/12084\/revisions"}],"wp:featuredmedia":[{"embeddable":true,"href":"https:\/\/www.hhglobal.com\/pt\/wp-json\/wp\/v2\/media\/13344"}],"wp:attachment":[{"href":"https:\/\/www.hhglobal.com\/pt\/wp-json\/wp\/v2\/media?parent=12084"}],"curies":[{"name":"wp","href":"https:\/\/api.w.org\/{rel}","templated":true}]}}