{"id":10193,"date":"2022-05-18T10:29:54","date_gmt":"2022-05-18T10:29:54","guid":{"rendered":"https:\/\/decoupledhhg.wpengine.com\/creative-digital\/"},"modified":"2023-11-24T13:57:23","modified_gmt":"2023-11-24T13:57:23","slug":"creative-digital","status":"publish","type":"page","link":"https:\/\/www.hhglobal.com\/pt\/what-we-do\/creative-digital\/","title":{"rendered":"Criativo e Digital"},"content":{"rendered":"","protected":false},"excerpt":{"rendered":"","protected":false},"author":41,"featured_media":0,"parent":0,"menu_order":0,"comment_status":"closed","ping_status":"closed","template":"","meta":{"_acf_changed":"","_yoast_wpseo_focuskw":"","_yoast_wpseo_metadesc":"","_yoast_wpseo_linkdex":"","_yoast_wpseo_content_score":"","_yoast_wpseo_meta-robots-noindex":"","_yoast_wpseo_meta-robots-nofollow":"","inline_featured_image":[],"_genesis_block_theme_hide_title":false,"_cms_nav_minihome":"","_icl_lang_duplicate_of":"","_menu_item_classes":[],"_menu_item_menu_item_parent":"","_menu_item_object":"","_menu_item_object_id":"","_menu_item_orphaned":"","_menu_item_target":"","_menu_item_type":"","_menu_item_url":"","_menu_item_xfn":"","_seedprod_page":"","_seedprod_page_template_type":"","_seedprod_page_uuid":"","_top_nav_excluded":"","_wp_attachment_backup_sizes":[],"_wp_attachment_context":"","_wp_attachment_image_alt":"","_wp_old_date":"","_wpcode_auto_insert":"","_wpcode_auto_insert_number":"","_wpcode_library_id":"","_wpml_media_duplicate":"1","_wpml_media_featured":"1","_wpml_post_translation_editor_native":"","_wpml_word_count":"{\"total\":38,\"to_translate\":null}","_yoast_wpseo_estimated-reading-time-minutes":[],"_yoast_wpseo_primary_category":"","_yoast_wpseo_primary_industry":"","_yoast_wpseo_primary_solution":"","_yoast_wpseo_primary_the_author":"","_yoast_wpseo_wordproof_timestamp":"","acfml_non_translatable_locations":[],"career_externalLink":"","career_featuredImage":"","career_title":"","casestudy_featuredImage":"","casestudy_title":"","infocallout_excerpt":"","infocallout_featuredImage":"","infocallout_title":"","jobTitle":"","language":"","name":"","profilePicture":"","wp-smpro-smush-data":[],"wp-smush-animated":"","wp-smush-ignore-bulk":"","wp-smush-lossy":"","wpml_media_processed":"","_wpcode_conditional_logic_enabled":"","_wpcode_location_extra":"","_wpcode_note":"","_wpcode_priority":"","_wpcode_shortcode_attributes":[],"footnotes":""},"class_list":["post-10193","page","type-page","status-publish","hentry","post","without-featured-image"],"acf":{"page_title":"Produ\u00e7\u00e3o criativa orientada por dados para marketing global | HH Global","page_description":"Descubra como a HH Global transforma informa\u00e7\u00f5es de dados na produ\u00e7\u00e3o criativa e digital impactante que impulsiona campanhas de marketing globais para marcas mundiais \r\n ","social_title":"","social_description":"","social_share_image":null,"modules":[{"acf_fc_layout":"hero","size":"medium2","theme":"dark","choose_images":[{"image":10347},{"image":10449},{"image":10399},{"image":10759}],"show_eyebrow":false,"eyebrow":"","title":"Criativo e Digital","show_cta":false,"cta_url":"","cta_title":""},{"acf_fc_layout":"intro_content_block","container_background_color":"bg-white","type":false,"show_image":false,"intro_image":null,"show_background":false,"background":null,"show_eyebrow":false,"eyebrow":"","show_designations":false,"designations":null,"show_title":true,"size":"large","title":"Produ\u00e7\u00e3o criativa baseada em dados para marketing global","show_intro":false,"intro":"","show_body":false,"body":"","show_labels":false,"labels":{"show_social":false,"custom_categories":null}},{"acf_fc_layout":"text_with_media_carousel","theme":"light","container_background_color":"bg-primary-black","highlight_color":"purple","title":"Amplificando o impacto da marca","content":"Atrav\u00e9s do poder de nossa tecnologia exclusiva, criamos campanhas estrat\u00e9gicas lideradas por dados para o desempenho da marca de alto impactos. Em todos os meios de comunica\u00e7\u00e3o, todos os canais e todos os mercados.\r\n\r\nNossa experi\u00eancia em produ\u00e7\u00e3o global, criativa e digital nos permite oferecer campanhas otimizadas para conte\u00fado para muitas das maiores marcas do mundo. O resultado \u00e9 um grande impacto para as grandes ideias de nossos clientes \u2013 excelentes resultados e retornos revolucion\u00e1rios em seus investimentos em marketing.","additional_spacing":false,"features_title":"Linhas de servi\u00e7o","features":[{"navigation_label":"Criativo Estrat\u00e9gico","show_title":true,"title":"Criativo Estrat\u00e9gico","show_subtitle":false,"subtitle":"","content":"<strong>Est\u00fadio de conte\u00fado da HH Global \u2013 para marca, no tempo certo, dentro do or\u00e7amento<\/strong>\r\n\r\nCriamos conte\u00fado personalizado e estrat\u00e9gico que se alinha ao seu neg\u00f3cio e cumpre com os seus objetivos, melhorando a qualidade e a velocidade para o mercado a um custo menor do que o modelo tradicional de ag\u00eancia.\r\n<ul>\r\n \t<li>Ampliamos campanhas criativas para marcas em todos os meios de comunica\u00e7\u00e3o, todos os canais e todos os mercados<\/li>\r\n \t<li>Design reconhecido e impactante, impulsionando a consist\u00eancia da marca e o crescimento da categoria<\/li>\r\n \t<li>Nossa rede mundial de est\u00fadios digitais e de uma equipe verdadeiramente global que trabalha sem parar<\/li>\r\n \t<li>Tudo com recursos dedicados e otimizados para volume, taxas transparentes, al\u00e9m de tempo e rastreamento de recursos<\/li>\r\n<\/ul>","choose_media":[{"image":10397}],"vimeoid":"https:\/\/player.vimeo.com\/video\/820868015","ytid":""},{"navigation_label":"Desenvolvimento de conte\u00fado","show_title":true,"title":"Desenvolvimento de conte\u00fado","show_subtitle":false,"subtitle":"","content":"<strong>Desenvolvimento de conte\u00fado\r\n<\/strong>\r\nN\u00f3s constru\u00edmos est\u00fadios dedicados internos ou no local, trabalhando com exclusividade para voc\u00ea, trazendo criatividade e bom custo-benef\u00edcio na velocidade que a marca exige.\r\n\r\nEssa abordagem de parceria permite que o cliente e a ag\u00eancia trabalhem em verdadeira colabora\u00e7\u00e3o para gerar uma equipe din\u00e2mica e centrada na marca. Isso nos permite mergulhar na sua organiza\u00e7\u00e3o, viver e respirar a marca, entender seus objetivos comerciais e de neg\u00f3cios, trabalhar de forma mais eficaz, melhorar a velocidade de comercializa\u00e7\u00e3o a um custo menor do que o modelo tradicional de ag\u00eancia.\r\n<ul>\r\n \t<li><strong>Exibi\u00e7\u00e3o de varejo:<\/strong> POS 3D e loja de varejo, design estrutural, cria\u00e7\u00e3o de novos conceitos de loja, mapeamento de jornada do cliente, localiza\u00e7\u00e3o de campanhas de varejo, garantia personalizada da zona de lan\u00e7amento<\/li>\r\n \t<li><strong>Branding:<\/strong> desenvolvimento de diretrizes de marca, exibi\u00e7\u00f5es de eventos e branding, desenvolvimento de ferramentas de campanha<\/li>\r\n \t<li><strong>Digital:<\/strong> cria\u00e7\u00e3o de v\u00eddeo e storyboarding, social e exibi\u00e7\u00e3o, e-books interativos, design de site, e-mail marketing, m\u00eddia de tela, realidade virtual aumentada e mundos digitais imersivos, pr\u00e9 e p\u00f3s-produ\u00e7\u00e3o<\/li>\r\n \t<li><strong>Material de impress\u00e3o e embalagem:<\/strong> Estrat\u00e9gia e design de MD, materiais de marketing, conceitos e design de embalagens, ferramentas de vendas de marketing interno, embalagens de valor agregado e design de mercadorias<\/li>\r\n<\/ul>","choose_media":[{"image":10461}],"vimeoid":"","ytid":""},{"navigation_label":"Produ\u00e7\u00e3o de conte\u00fado","show_title":true,"title":"Produ\u00e7\u00e3o de conte\u00fado","show_subtitle":false,"subtitle":"","content":"<strong>Produ\u00e7\u00e3o de conte\u00fado<\/strong>\r\n<ul>\r\n \t<li><strong>Produ\u00e7\u00e3o offshore:<\/strong> localiza\u00e7\u00e3o de ferramentas de campanha, adapta\u00e7\u00e3o e redimensionamento de ativos, tradu\u00e7\u00e3o e transcria\u00e7\u00e3o, adapta\u00e7\u00e3o visual e retoques principais<\/li>\r\n \t<li><strong>Adapta\u00e7\u00e3o de arte:<\/strong> tipografia, formul\u00e1rios de aplica\u00e7\u00e3o edit\u00e1veis, formatos alternativos e documenta\u00e7\u00e3o acess\u00edvel pela web e adapta\u00e7\u00e3o de documentos<\/li>\r\n \t<li><strong>Digital:<\/strong> edi\u00e7\u00e3o de v\u00eddeo, corte de v\u00eddeo e demos, tradu\u00e7\u00e3o e transcria\u00e7\u00e3o de v\u00eddeo, versionamento de ativos de m\u00eddia social<\/li>\r\n \t<li><strong>Gest\u00e3o de ativos:<\/strong> biblioteconomia de ativos e servi\u00e7os de gest\u00e3o de metadados, controle e revis\u00e3o de qualidade, copyediting, pr\u00e9-voo e gest\u00e3o de pr\u00e9-impress\u00e3o<\/li>\r\n<\/ul>","choose_media":[{"image":11034}],"vimeoid":"","ytid":""},{"navigation_label":"Dados e Insights","show_title":true,"title":"Dados e Insights","show_subtitle":false,"subtitle":"","content":"<strong>Dados e Insights<\/strong>\r\n\r\nAproveitamos dados, insights e tecnologia para desenvolver estrat\u00e9gias e programas de comunica\u00e7\u00e3o que oferecem experi\u00eancias personalizadas e perfeitas para o cliente com campanhas otimizadas para conte\u00fado em v\u00e1rios canais que proporcionam sucesso comercial e retorno sobre o investimento em marketing.\r\n<ul>\r\n \t<li><strong>Criatividade orientada por dados:<\/strong> As imagens e o tom da HH Global trabalham para envolver de forma mais eficaz os clientes-alvo dos nossos clientes com mensagens de marketing personalizadas<\/li>\r\n \t<li><strong>Canais de comunica\u00e7\u00e3o otimizados:<\/strong> Nossas equipes de ci\u00eancia de dados podem usar a an\u00e1lise de dados preditiva para determinar onde seus gastos de marketing impulsionar\u00e3o os maiores retornos e eliminar\u00e3o a produ\u00e7\u00e3o desnecess\u00e1ria<\/li>\r\n \t<li><strong>Investimento de marketing melhorado:<\/strong> Nossas equipes trabalham para garantir que sua tecnologia de marketing e seus ativos de dados estejam oferecendo o m\u00e1ximo de resultados para apoiar seu investimento<\/li>\r\n \t<li><strong>Vis\u00e3o de neg\u00f3cios de alto impacto:<\/strong> N\u00f3s damos vida aos dados, seu maior ativo de neg\u00f3cios, gerando intelig\u00eancia tang\u00edvel, \u00fatil e acion\u00e1vel para resolver seus maiores desafios de marketing<\/li>\r\n<\/ul>","choose_media":[{"image":10439}],"vimeoid":"","ytid":""}]},{"acf_fc_layout":"content_block","container_background_color":"bg-grey","show_header":false,"header":"","contents":[{"show_header_icon":false,"header_icon":null,"show_header":true,"header":"26","header_color":"secondary-blue","show_subheader":true,"subheader":"Est\u00fadios criativos","description":""},{"show_header_icon":false,"header_icon":null,"show_header":true,"header":"72.015","header_color":"purple","show_subheader":true,"subheader":"Ativos digitais gerenciados","description":""},{"show_header_icon":false,"header_icon":null,"show_header":true,"header":"612TB","header_color":"light-purple","show_subheader":true,"subheader":"Ativos armazenados","description":""}]},{"acf_fc_layout":"video","container_background_color":"bg-white","layout_style":"default","video_show_title":false,"video_title":"","poster":10771,"vimeoid":"https:\/\/player.vimeo.com\/video\/841829969","ytid":""},{"acf_fc_layout":"cards","container_background_color":"bg-pure-black","show_heading":true,"heading":"Explore mais","content":"","cards":{"layout":"case-studies-layout","sub_layout":"simple","cards_display_mode":"bg-white","solution_term":null,"industry_term":null,"author_term":null,"region_term":null,"choose_cards":null,"choose_case_studies":[10161,10164],"choose_featured_case_studies":null,"choose_staff_members":null,"choose_careers":null,"choose_info_callouts":null,"show_titles":true,"show_description":true,"show_date":false,"show_sector":false}},{"acf_fc_layout":"contact_form","title":"Entre em contato"}]},"yoast_head":"<!-- This site is optimized with the Yoast SEO plugin v27.4 - https:\/\/yoast.com\/product\/yoast-seo-wordpress\/ -->\n<title>Criativo e Digital - HH Global<\/title>\n<meta name=\"robots\" content=\"index, follow, max-snippet:-1, max-image-preview:large, max-video-preview:-1\" \/>\n<link rel=\"canonical\" href=\"https:\/\/www.hhglobal.com\/pt\/what-we-do\/creative-digital\/\" \/>\n<meta property=\"og:locale\" content=\"pt_PT\" \/>\n<meta property=\"og:type\" content=\"article\" \/>\n<meta property=\"og:title\" content=\"Criativo e Digital - HH Global\" \/>\n<meta property=\"og:url\" content=\"https:\/\/www.hhglobal.com\/pt\/what-we-do\/creative-digital\/\" \/>\n<meta property=\"og:site_name\" content=\"HH Global\" \/>\n<meta property=\"article:modified_time\" content=\"2023-11-24T13:57:23+00:00\" \/>\n<meta name=\"twitter:card\" content=\"summary_large_image\" \/>\n<script type=\"application\/ld+json\" class=\"yoast-schema-graph\">{\"@context\":\"https:\\\/\\\/schema.org\",\"@graph\":[{\"@type\":\"WebPage\",\"@id\":\"https:\\\/\\\/www.hhglobal.com\\\/pt\\\/what-we-do\\\/creative-digital\\\/\",\"url\":\"https:\\\/\\\/www.hhglobal.com\\\/pt\\\/what-we-do\\\/creative-digital\\\/\",\"name\":\"Criativo e Digital - HH Global\",\"isPartOf\":{\"@id\":\"https:\\\/\\\/www.hhglobal.com\\\/pt\\\/#website\"},\"datePublished\":\"2022-05-18T10:29:54+00:00\",\"dateModified\":\"2023-11-24T13:57:23+00:00\",\"breadcrumb\":{\"@id\":\"https:\\\/\\\/www.hhglobal.com\\\/pt\\\/what-we-do\\\/creative-digital\\\/#breadcrumb\"},\"inLanguage\":\"pt\",\"potentialAction\":[{\"@type\":\"ReadAction\",\"target\":[\"https:\\\/\\\/www.hhglobal.com\\\/pt\\\/what-we-do\\\/creative-digital\\\/\"]}]},{\"@type\":\"BreadcrumbList\",\"@id\":\"https:\\\/\\\/www.hhglobal.com\\\/pt\\\/what-we-do\\\/creative-digital\\\/#breadcrumb\",\"itemListElement\":[{\"@type\":\"ListItem\",\"position\":1,\"name\":\"Home\",\"item\":\"https:\\\/\\\/www.hhglobal.com\\\/pt\\\/\"},{\"@type\":\"ListItem\",\"position\":2,\"name\":\"Criativo e Digital\"}]},{\"@type\":\"WebSite\",\"@id\":\"https:\\\/\\\/www.hhglobal.com\\\/pt\\\/#website\",\"url\":\"https:\\\/\\\/www.hhglobal.com\\\/pt\\\/\",\"name\":\"HH Global\",\"description\":\"The global, tech-enabled creative production and procurement partner.\",\"publisher\":{\"@id\":\"https:\\\/\\\/www.hhglobal.com\\\/pt\\\/#organization\"},\"potentialAction\":[{\"@type\":\"SearchAction\",\"target\":{\"@type\":\"EntryPoint\",\"urlTemplate\":\"https:\\\/\\\/www.hhglobal.com\\\/pt\\\/?s={search_term_string}\"},\"query-input\":{\"@type\":\"PropertyValueSpecification\",\"valueRequired\":true,\"valueName\":\"search_term_string\"}}],\"inLanguage\":\"pt\"},{\"@type\":\"Organization\",\"@id\":\"https:\\\/\\\/www.hhglobal.com\\\/pt\\\/#organization\",\"name\":\"HH Global\",\"url\":\"https:\\\/\\\/www.hhglobal.com\\\/pt\\\/\",\"logo\":{\"@type\":\"ImageObject\",\"inLanguage\":\"pt\",\"@id\":\"https:\\\/\\\/www.hhglobal.com\\\/pt\\\/#\\\/schema\\\/logo\\\/image\\\/\",\"url\":\"https:\\\/\\\/www.hhglobal.com\\\/wp-content\\\/uploads\\\/2023\\\/12\\\/logo-white.svg\",\"contentUrl\":\"https:\\\/\\\/www.hhglobal.com\\\/wp-content\\\/uploads\\\/2023\\\/12\\\/logo-white.svg\",\"width\":77,\"height\":18,\"caption\":\"HH Global\"},\"image\":{\"@id\":\"https:\\\/\\\/www.hhglobal.com\\\/pt\\\/#\\\/schema\\\/logo\\\/image\\\/\"}}]}<\/script>\n<!-- \/ Yoast SEO plugin. -->","yoast_head_json":{"title":"Criativo e Digital - HH Global","robots":{"index":"index","follow":"follow","max-snippet":"max-snippet:-1","max-image-preview":"max-image-preview:large","max-video-preview":"max-video-preview:-1"},"canonical":"https:\/\/www.hhglobal.com\/pt\/what-we-do\/creative-digital\/","og_locale":"pt_PT","og_type":"article","og_title":"Criativo e Digital - HH Global","og_url":"https:\/\/www.hhglobal.com\/pt\/what-we-do\/creative-digital\/","og_site_name":"HH Global","article_modified_time":"2023-11-24T13:57:23+00:00","twitter_card":"summary_large_image","schema":{"@context":"https:\/\/schema.org","@graph":[{"@type":"WebPage","@id":"https:\/\/www.hhglobal.com\/pt\/what-we-do\/creative-digital\/","url":"https:\/\/www.hhglobal.com\/pt\/what-we-do\/creative-digital\/","name":"Criativo e Digital - HH Global","isPartOf":{"@id":"https:\/\/www.hhglobal.com\/pt\/#website"},"datePublished":"2022-05-18T10:29:54+00:00","dateModified":"2023-11-24T13:57:23+00:00","breadcrumb":{"@id":"https:\/\/www.hhglobal.com\/pt\/what-we-do\/creative-digital\/#breadcrumb"},"inLanguage":"pt","potentialAction":[{"@type":"ReadAction","target":["https:\/\/www.hhglobal.com\/pt\/what-we-do\/creative-digital\/"]}]},{"@type":"BreadcrumbList","@id":"https:\/\/www.hhglobal.com\/pt\/what-we-do\/creative-digital\/#breadcrumb","itemListElement":[{"@type":"ListItem","position":1,"name":"Home","item":"https:\/\/www.hhglobal.com\/pt\/"},{"@type":"ListItem","position":2,"name":"Criativo e Digital"}]},{"@type":"WebSite","@id":"https:\/\/www.hhglobal.com\/pt\/#website","url":"https:\/\/www.hhglobal.com\/pt\/","name":"HH Global","description":"The global, tech-enabled creative production and procurement partner.","publisher":{"@id":"https:\/\/www.hhglobal.com\/pt\/#organization"},"potentialAction":[{"@type":"SearchAction","target":{"@type":"EntryPoint","urlTemplate":"https:\/\/www.hhglobal.com\/pt\/?s={search_term_string}"},"query-input":{"@type":"PropertyValueSpecification","valueRequired":true,"valueName":"search_term_string"}}],"inLanguage":"pt"},{"@type":"Organization","@id":"https:\/\/www.hhglobal.com\/pt\/#organization","name":"HH Global","url":"https:\/\/www.hhglobal.com\/pt\/","logo":{"@type":"ImageObject","inLanguage":"pt","@id":"https:\/\/www.hhglobal.com\/pt\/#\/schema\/logo\/image\/","url":"https:\/\/www.hhglobal.com\/wp-content\/uploads\/2023\/12\/logo-white.svg","contentUrl":"https:\/\/www.hhglobal.com\/wp-content\/uploads\/2023\/12\/logo-white.svg","width":77,"height":18,"caption":"HH Global"},"image":{"@id":"https:\/\/www.hhglobal.com\/pt\/#\/schema\/logo\/image\/"}}]}},"_links":{"self":[{"href":"https:\/\/www.hhglobal.com\/pt\/wp-json\/wp\/v2\/pages\/10193","targetHints":{"allow":["GET"]}}],"collection":[{"href":"https:\/\/www.hhglobal.com\/pt\/wp-json\/wp\/v2\/pages"}],"about":[{"href":"https:\/\/www.hhglobal.com\/pt\/wp-json\/wp\/v2\/types\/page"}],"author":[{"embeddable":true,"href":"https:\/\/www.hhglobal.com\/pt\/wp-json\/wp\/v2\/users\/41"}],"replies":[{"embeddable":true,"href":"https:\/\/www.hhglobal.com\/pt\/wp-json\/wp\/v2\/comments?post=10193"}],"version-history":[{"count":0,"href":"https:\/\/www.hhglobal.com\/pt\/wp-json\/wp\/v2\/pages\/10193\/revisions"}],"wp:attachment":[{"href":"https:\/\/www.hhglobal.com\/pt\/wp-json\/wp\/v2\/media?parent=10193"}],"curies":[{"name":"wp","href":"https:\/\/api.w.org\/{rel}","templated":true}]}}