{"id":10191,"date":"2022-05-18T10:29:31","date_gmt":"2022-05-18T10:29:31","guid":{"rendered":"https:\/\/decoupledhhg.wpengine.com\/company\/"},"modified":"2023-11-22T16:00:30","modified_gmt":"2023-11-22T16:00:30","slug":"company","status":"publish","type":"page","link":"https:\/\/www.hhglobal.com\/pt\/who-we-are\/company\/","title":{"rendered":"Nossa empresa"},"content":{"rendered":"","protected":false},"excerpt":{"rendered":"","protected":false},"author":41,"featured_media":0,"parent":0,"menu_order":0,"comment_status":"closed","ping_status":"closed","template":"","meta":{"_acf_changed":"","_yoast_wpseo_focuskw":"","_yoast_wpseo_metadesc":"","_yoast_wpseo_linkdex":"","_yoast_wpseo_content_score":"","_yoast_wpseo_meta-robots-noindex":"","_yoast_wpseo_meta-robots-nofollow":"","inline_featured_image":[],"_genesis_block_theme_hide_title":false,"_cms_nav_minihome":"","_icl_lang_duplicate_of":"","_menu_item_classes":[],"_menu_item_menu_item_parent":"","_menu_item_object":"","_menu_item_object_id":"","_menu_item_orphaned":"","_menu_item_target":"","_menu_item_type":"","_menu_item_url":"","_menu_item_xfn":"","_seedprod_page":"","_seedprod_page_template_type":"","_seedprod_page_uuid":"","_top_nav_excluded":"","_wp_attachment_backup_sizes":[],"_wp_attachment_context":"","_wp_attachment_image_alt":"","_wp_old_date":"","_wpcode_auto_insert":"","_wpcode_auto_insert_number":"","_wpcode_library_id":"","_wpml_media_duplicate":"1","_wpml_media_featured":"1","_wpml_post_translation_editor_native":"","_wpml_word_count":"{\"total\":498,\"to_translate\":{\"zh-hans\":498,\"cs\":498,\"de\":498,\"ja\":498,\"pt-br\":498,\"es\":498}}","_yoast_wpseo_estimated-reading-time-minutes":[],"_yoast_wpseo_primary_category":"","_yoast_wpseo_primary_industry":"","_yoast_wpseo_primary_solution":"","_yoast_wpseo_primary_the_author":"","_yoast_wpseo_wordproof_timestamp":"","acfml_non_translatable_locations":[],"career_externalLink":"","career_featuredImage":"","career_title":"","casestudy_featuredImage":"","casestudy_title":"","infocallout_excerpt":"","infocallout_featuredImage":"","infocallout_title":"","jobTitle":"","language":"","name":"","profilePicture":"","wp-smpro-smush-data":[],"wp-smush-animated":"","wp-smush-ignore-bulk":"","wp-smush-lossy":"","wpml_media_processed":"","_wpcode_conditional_logic_enabled":"","_wpcode_location_extra":"","_wpcode_note":"","_wpcode_priority":"","_wpcode_shortcode_attributes":[],"footnotes":""},"class_list":["post-10191","page","type-page","status-publish","hentry","post","without-featured-image"],"acf":{"page_title":"L\u00edder do setor de produ\u00e7\u00e3o criativa e compras | HH Global ","page_description":"Saiba por que a HH Global \u2013 especialistas em produ\u00e7\u00e3o criativa e compras com tecnologia \u2013 \u00e9 o parceiro certo para ajud\u00e1-lo a ampliar o marketing global de forma sustent\u00e1vel","social_title":"","social_description":"","social_share_image":null,"modules":[{"acf_fc_layout":"hero","size":"small","theme":"light","choose_images":[{"image":null}],"show_eyebrow":false,"eyebrow":"Eyebrow title here","title":"Nossa empresa","show_cta":false,"cta_url":"","cta_title":""},{"acf_fc_layout":"video","container_background_color":"bg-white","layout_style":"waffle","video_show_title":true,"video_title":"Grande impacto para suas grandes ideias.","poster":10773,"vimeoid":"https:\/\/player.vimeo.com\/video\/827617129","ytid":""},{"acf_fc_layout":"text_with_media_carousel","theme":"light","container_background_color":"bg-grey","highlight_color":"purple","title":"Seu parceiro de crescimento","content":"Somos o l\u00edder global em produ\u00e7\u00e3o criativa e compra tecnol\u00f3gica. Ampliamos suas campanhas de marketing por meio de produ\u00e7\u00e3o, lideran\u00e7a em compras e os recursos de sustentabilidade in\u00e9ditos e mais avan\u00e7ados dispon\u00edveis. Tudo entregue em escala atrav\u00e9s de tecnologia l\u00edder do setor e da experi\u00eancia apaixonada de nossos funcion\u00e1rios.","additional_spacing":false,"features_title":"Como criamos impactos","features":[{"navigation_label":"Tecnologia","show_title":true,"title":"Tecnologia","show_subtitle":false,"subtitle":"","content":"Tecnologia exclusiva para impulsionar o ROI e a efici\u00eancia operacional\r\n\r\nNossa plataforma de tecnologia l\u00edder do setor permite que voc\u00ea:\r\n<ul>\r\n \t<li>Entenda o que compra, acompanhe os gastos e me\u00e7a o desempenho para permitir melhoria cont\u00ednua<\/li>\r\n \t<li>Obtenha informa\u00e7\u00f5es e vantagens em grande escala enquanto unifica marcas em todos os pa\u00edses e regi\u00f5es<\/li>\r\n \t<li>Otimize a funcionalidade que suporta seus ciclos de vida de marketing, reduzindo o desperd\u00edcio, impulsionando o crescimento e apoiando a transforma\u00e7\u00e3o<\/li>\r\n<\/ul>","choose_media":[{"image":10687}],"vimeoid":"","ytid":""},{"navigation_label":"Produ\u00e7\u00e3o criativa  ","show_title":true,"title":"Produ\u00e7\u00e3o criativa  ","show_subtitle":false,"subtitle":"","content":"Produ\u00e7\u00e3o criativa orientada por dados para impulsionar a presen\u00e7a da marca\r\n\r\nAtrav\u00e9s da nossa rede mundial de est\u00fadios digitais e de uma equipe verdadeiramente global que trabalha sem parar, n\u00f3s:\r\n<ul>\r\n \t<li>Ampliamos campanhas criativas para marcas em todos os meios de comunica\u00e7\u00e3o, todos os canais e todos os mercados<\/li>\r\n \t<li>Oferecemos um design reconhecido e impactante, impulsionando a consist\u00eancia da marca e o crescimento da categoria<\/li>\r\n \t<li>Fornecemos recursos dedicados e otimizados para volume, taxas transparentes, al\u00e9m de tempo e rastreamento de recursos<\/li>\r\n<\/ul>","choose_media":[{"image":10437}],"vimeoid":"","ytid":""},{"navigation_label":"Lideran\u00e7a em compras ","show_title":true,"title":"Lideran\u00e7a em compras ","show_subtitle":false,"subtitle":"","content":"Beneficie-se de uma alavancagem de aquisi\u00e7\u00e3o inigual\u00e1vel\r\n\r\nComo l\u00edder do setor em compras com mais de 2 bilh\u00f5es de d\u00f3lares sob gest\u00e3o, n\u00f3s:\r\n<ul>\r\n \t<li>Implementamos uma experi\u00eancia inigual\u00e1vel no setor e no canal em escala<\/li>\r\n \t<li>Oferecemos programas de aquisi\u00e7\u00e3o personalizados que minimizem os riscos e otimizem sua cadeia de suprimentos<\/li>\r\n \t<li>Contratamos estrategicamente de mais de 8.600 parceiros fornecedores em todas as categorias de produtos em todo o mundo<\/li>\r\n \t<li>Investimos continuamente na nossa cadeia de abastecimento sustent\u00e1vel, promovendo diversidade e inclus\u00e3o<\/li>\r\n<\/ul>","choose_media":[{"image":10465}],"vimeoid":"","ytid":""},{"navigation_label":"Inova\u00e7\u00e3o sustent\u00e1vel","show_title":true,"title":"Inova\u00e7\u00e3o sustent\u00e1vel","show_subtitle":false,"subtitle":"","content":"Tecnologias e estrat\u00e9gias de sustentabilidade l\u00edderes do setor\r\n\r\nAtrav\u00e9s do nosso profundo compromisso com a sustentabilidade global, desenvolvemos capacidades de lideran\u00e7a para fornecer:\r\n<ul>\r\n \t<li>Solu\u00e7\u00f5es personalizadas e incorporadas para apoiar seus objetivos de sustentabilidade<\/li>\r\n \t<li>Intelig\u00eancia avan\u00e7ada para ajudar voc\u00ea a tomar decis\u00f5es sustent\u00e1veis informadas<\/li>\r\n \t<li>Estrutura de certifica\u00e7\u00e3o l\u00edder do setor alinhada aos Objetivos de Desenvolvimento Sustent\u00e1vel da ONU<\/li>\r\n<\/ul>","choose_media":[{"image":10387}],"vimeoid":"","ytid":""},{"navigation_label":"Parcerias inteligentes","show_title":true,"title":"Parcerias inteligentes","show_subtitle":false,"subtitle":"","content":"O parceiro mais impactante do mundo\r\n\r\nTrabalhamos lado a lado com voc\u00ea, criando grande impactos para suas grandes ideias, atrav\u00e9s de:\r\n<ul>\r\n \t<li>A melhor experi\u00eancia de nossos funcion\u00e1rios, incorporada em seu neg\u00f3cio, marca e cultura<\/li>\r\n \t<li>Recursos globais implantados com uma abordagem local<\/li>\r\n \t<li>Profundidade e amplitude de nossa experi\u00eancia servindo mais 150 das principais marcas do mundo<\/li>\r\n \t<li>Visibilidade e informa\u00e7\u00f5es orientadas pela tecnologia para uma tomada de decis\u00e3o aprimorada<\/li>\r\n<\/ul>\r\n&nbsp;","choose_media":[{"image":10188}],"vimeoid":"","ytid":""}]},{"acf_fc_layout":"content_block","container_background_color":"bg-grey","show_header":false,"header":"","contents":[{"show_header_icon":false,"header_icon":null,"show_header":true,"header":"Mais de 2.5 bilh\u00f5es","header_color":"secondary-blue","show_subheader":true,"subheader":"De gastos sob gest\u00e3o","description":""},{"show_header_icon":false,"header_icon":null,"show_header":true,"header":"99%","header_color":"purple","show_subheader":true,"subheader":"de clientes fidelizados","description":"Mais de 99% dos nossos clientes continuam a trabalhar conosco em projetos futuros"},{"show_header_icon":false,"header_icon":null,"show_header":true,"header":"Mais de 1.000","header_color":"light-purple","show_subheader":true,"subheader":"Marcas representadas","description":"Somos parceiros de mais de um ter\u00e7o das 100 principais empresas globais, representando mais de mil marcas"},{"show_header_icon":false,"header_icon":null,"show_header":true,"header":"4.500","header_color":"light-purple","show_subheader":true,"subheader":"Membros da s\u00f3lida equipe","description":"Uma equipe global dedicada ao sucesso dos nossos clientes"},{"show_header_icon":false,"header_icon":null,"show_header":true,"header":"90","header_color":"purple","show_subheader":true,"subheader":"Pa\u00edses atendidos","description":"Com membros da equipe em 64 pa\u00edses"}]},{"acf_fc_layout":"clients_awards","title":"Nossos clientes","logos":[{"logo":10709},{"logo":10711},{"logo":11181},{"logo":10715},{"logo":10717},{"logo":10719},{"logo":10721},{"logo":11193},{"logo":10725},{"logo":10783},{"logo":10775},{"logo":10781},{"logo":10731},{"logo":10777},{"logo":10737},{"logo":11183},{"logo":10741},{"logo":11251},{"logo":11171},{"logo":10747},{"logo":10751},{"logo":10753},{"logo":10755},{"logo":10757},{"logo":null}]},{"acf_fc_layout":"contact_form","title":"Entre em contato"}]},"yoast_head":"<!-- This site is optimized with the Yoast SEO plugin v27.3 - https:\/\/yoast.com\/product\/yoast-seo-wordpress\/ -->\n<title>Nossa empresa - HH Global<\/title>\n<meta name=\"robots\" content=\"index, follow, max-snippet:-1, max-image-preview:large, max-video-preview:-1\" \/>\n<link rel=\"canonical\" href=\"https:\/\/www.hhglobal.com\/pt\/who-we-are\/company\/\" \/>\n<meta property=\"og:locale\" content=\"pt_PT\" \/>\n<meta property=\"og:type\" content=\"article\" \/>\n<meta property=\"og:title\" content=\"Nossa empresa - HH Global\" \/>\n<meta property=\"og:url\" content=\"https:\/\/www.hhglobal.com\/pt\/who-we-are\/company\/\" \/>\n<meta property=\"og:site_name\" content=\"HH Global\" \/>\n<meta property=\"article:modified_time\" content=\"2023-11-22T16:00:30+00:00\" \/>\n<meta name=\"twitter:card\" content=\"summary_large_image\" \/>\n<script type=\"application\/ld+json\" class=\"yoast-schema-graph\">{\"@context\":\"https:\\\/\\\/schema.org\",\"@graph\":[{\"@type\":\"WebPage\",\"@id\":\"https:\\\/\\\/www.hhglobal.com\\\/pt\\\/who-we-are\\\/company\\\/\",\"url\":\"https:\\\/\\\/www.hhglobal.com\\\/pt\\\/who-we-are\\\/company\\\/\",\"name\":\"Nossa empresa - HH Global\",\"isPartOf\":{\"@id\":\"https:\\\/\\\/www.hhglobal.com\\\/pt\\\/#website\"},\"datePublished\":\"2022-05-18T10:29:31+00:00\",\"dateModified\":\"2023-11-22T16:00:30+00:00\",\"breadcrumb\":{\"@id\":\"https:\\\/\\\/www.hhglobal.com\\\/pt\\\/who-we-are\\\/company\\\/#breadcrumb\"},\"inLanguage\":\"pt\",\"potentialAction\":[{\"@type\":\"ReadAction\",\"target\":[\"https:\\\/\\\/www.hhglobal.com\\\/pt\\\/who-we-are\\\/company\\\/\"]}]},{\"@type\":\"BreadcrumbList\",\"@id\":\"https:\\\/\\\/www.hhglobal.com\\\/pt\\\/who-we-are\\\/company\\\/#breadcrumb\",\"itemListElement\":[{\"@type\":\"ListItem\",\"position\":1,\"name\":\"Home\",\"item\":\"https:\\\/\\\/www.hhglobal.com\\\/pt\\\/\"},{\"@type\":\"ListItem\",\"position\":2,\"name\":\"Nossa empresa\"}]},{\"@type\":\"WebSite\",\"@id\":\"https:\\\/\\\/www.hhglobal.com\\\/pt\\\/#website\",\"url\":\"https:\\\/\\\/www.hhglobal.com\\\/pt\\\/\",\"name\":\"HH Global\",\"description\":\"The global, tech-enabled creative production and procurement partner.\",\"publisher\":{\"@id\":\"https:\\\/\\\/www.hhglobal.com\\\/pt\\\/#organization\"},\"potentialAction\":[{\"@type\":\"SearchAction\",\"target\":{\"@type\":\"EntryPoint\",\"urlTemplate\":\"https:\\\/\\\/www.hhglobal.com\\\/pt\\\/?s={search_term_string}\"},\"query-input\":{\"@type\":\"PropertyValueSpecification\",\"valueRequired\":true,\"valueName\":\"search_term_string\"}}],\"inLanguage\":\"pt\"},{\"@type\":\"Organization\",\"@id\":\"https:\\\/\\\/www.hhglobal.com\\\/pt\\\/#organization\",\"name\":\"HH Global\",\"url\":\"https:\\\/\\\/www.hhglobal.com\\\/pt\\\/\",\"logo\":{\"@type\":\"ImageObject\",\"inLanguage\":\"pt\",\"@id\":\"https:\\\/\\\/www.hhglobal.com\\\/pt\\\/#\\\/schema\\\/logo\\\/image\\\/\",\"url\":\"https:\\\/\\\/www.hhglobal.com\\\/wp-content\\\/uploads\\\/2023\\\/12\\\/logo-white.svg\",\"contentUrl\":\"https:\\\/\\\/www.hhglobal.com\\\/wp-content\\\/uploads\\\/2023\\\/12\\\/logo-white.svg\",\"width\":77,\"height\":18,\"caption\":\"HH Global\"},\"image\":{\"@id\":\"https:\\\/\\\/www.hhglobal.com\\\/pt\\\/#\\\/schema\\\/logo\\\/image\\\/\"}}]}<\/script>\n<!-- \/ Yoast SEO plugin. -->","yoast_head_json":{"title":"Nossa empresa - HH Global","robots":{"index":"index","follow":"follow","max-snippet":"max-snippet:-1","max-image-preview":"max-image-preview:large","max-video-preview":"max-video-preview:-1"},"canonical":"https:\/\/www.hhglobal.com\/pt\/who-we-are\/company\/","og_locale":"pt_PT","og_type":"article","og_title":"Nossa empresa - HH Global","og_url":"https:\/\/www.hhglobal.com\/pt\/who-we-are\/company\/","og_site_name":"HH Global","article_modified_time":"2023-11-22T16:00:30+00:00","twitter_card":"summary_large_image","schema":{"@context":"https:\/\/schema.org","@graph":[{"@type":"WebPage","@id":"https:\/\/www.hhglobal.com\/pt\/who-we-are\/company\/","url":"https:\/\/www.hhglobal.com\/pt\/who-we-are\/company\/","name":"Nossa empresa - HH Global","isPartOf":{"@id":"https:\/\/www.hhglobal.com\/pt\/#website"},"datePublished":"2022-05-18T10:29:31+00:00","dateModified":"2023-11-22T16:00:30+00:00","breadcrumb":{"@id":"https:\/\/www.hhglobal.com\/pt\/who-we-are\/company\/#breadcrumb"},"inLanguage":"pt","potentialAction":[{"@type":"ReadAction","target":["https:\/\/www.hhglobal.com\/pt\/who-we-are\/company\/"]}]},{"@type":"BreadcrumbList","@id":"https:\/\/www.hhglobal.com\/pt\/who-we-are\/company\/#breadcrumb","itemListElement":[{"@type":"ListItem","position":1,"name":"Home","item":"https:\/\/www.hhglobal.com\/pt\/"},{"@type":"ListItem","position":2,"name":"Nossa empresa"}]},{"@type":"WebSite","@id":"https:\/\/www.hhglobal.com\/pt\/#website","url":"https:\/\/www.hhglobal.com\/pt\/","name":"HH Global","description":"The global, tech-enabled creative production and procurement partner.","publisher":{"@id":"https:\/\/www.hhglobal.com\/pt\/#organization"},"potentialAction":[{"@type":"SearchAction","target":{"@type":"EntryPoint","urlTemplate":"https:\/\/www.hhglobal.com\/pt\/?s={search_term_string}"},"query-input":{"@type":"PropertyValueSpecification","valueRequired":true,"valueName":"search_term_string"}}],"inLanguage":"pt"},{"@type":"Organization","@id":"https:\/\/www.hhglobal.com\/pt\/#organization","name":"HH Global","url":"https:\/\/www.hhglobal.com\/pt\/","logo":{"@type":"ImageObject","inLanguage":"pt","@id":"https:\/\/www.hhglobal.com\/pt\/#\/schema\/logo\/image\/","url":"https:\/\/www.hhglobal.com\/wp-content\/uploads\/2023\/12\/logo-white.svg","contentUrl":"https:\/\/www.hhglobal.com\/wp-content\/uploads\/2023\/12\/logo-white.svg","width":77,"height":18,"caption":"HH Global"},"image":{"@id":"https:\/\/www.hhglobal.com\/pt\/#\/schema\/logo\/image\/"}}]}},"_links":{"self":[{"href":"https:\/\/www.hhglobal.com\/pt\/wp-json\/wp\/v2\/pages\/10191","targetHints":{"allow":["GET"]}}],"collection":[{"href":"https:\/\/www.hhglobal.com\/pt\/wp-json\/wp\/v2\/pages"}],"about":[{"href":"https:\/\/www.hhglobal.com\/pt\/wp-json\/wp\/v2\/types\/page"}],"author":[{"embeddable":true,"href":"https:\/\/www.hhglobal.com\/pt\/wp-json\/wp\/v2\/users\/41"}],"replies":[{"embeddable":true,"href":"https:\/\/www.hhglobal.com\/pt\/wp-json\/wp\/v2\/comments?post=10191"}],"version-history":[{"count":0,"href":"https:\/\/www.hhglobal.com\/pt\/wp-json\/wp\/v2\/pages\/10191\/revisions"}],"wp:attachment":[{"href":"https:\/\/www.hhglobal.com\/pt\/wp-json\/wp\/v2\/media?parent=10191"}],"curies":[{"name":"wp","href":"https:\/\/api.w.org\/{rel}","templated":true}]}}