{"id":10187,"date":"2022-05-19T12:38:49","date_gmt":"2022-05-19T12:38:49","guid":{"rendered":"https:\/\/decoupledhhg.wpengine.com\/strategic-partners\/"},"modified":"2023-11-24T13:47:33","modified_gmt":"2023-11-24T13:47:33","slug":"strategic-partners","status":"publish","type":"page","link":"https:\/\/www.hhglobal.com\/pt\/who-we-are\/strategic-partners\/","title":{"rendered":"Parceiro de crescimento"},"content":{"rendered":"","protected":false},"excerpt":{"rendered":"","protected":false},"author":41,"featured_media":0,"parent":0,"menu_order":0,"comment_status":"closed","ping_status":"closed","template":"","meta":{"_acf_changed":"","_yoast_wpseo_focuskw":"","_yoast_wpseo_metadesc":"","_yoast_wpseo_linkdex":"","_yoast_wpseo_content_score":"","_yoast_wpseo_meta-robots-noindex":"","_yoast_wpseo_meta-robots-nofollow":"","inline_featured_image":[],"_genesis_block_theme_hide_title":false,"_cms_nav_minihome":"","_icl_lang_duplicate_of":"","_menu_item_classes":[],"_menu_item_menu_item_parent":"","_menu_item_object":"","_menu_item_object_id":"","_menu_item_orphaned":"","_menu_item_target":"","_menu_item_type":"","_menu_item_url":"","_menu_item_xfn":"","_seedprod_page":"","_seedprod_page_template_type":"","_seedprod_page_uuid":"","_top_nav_excluded":"","_wp_attachment_backup_sizes":[],"_wp_attachment_context":"","_wp_attachment_image_alt":"","_wp_old_date":"","_wpcode_auto_insert":"","_wpcode_auto_insert_number":"","_wpcode_library_id":"","_wpml_media_duplicate":"1","_wpml_media_featured":"1","_wpml_post_translation_editor_native":"","_wpml_word_count":"{\"total\":586,\"to_translate\":{\"zh-hans\":586,\"cs\":586,\"de\":586,\"ja\":586,\"pt-br\":586,\"es\":586}}","_yoast_wpseo_estimated-reading-time-minutes":[],"_yoast_wpseo_primary_category":"","_yoast_wpseo_primary_industry":"","_yoast_wpseo_primary_solution":"","_yoast_wpseo_primary_the_author":"","_yoast_wpseo_wordproof_timestamp":"","acfml_non_translatable_locations":[],"career_externalLink":"","career_featuredImage":"","career_title":"","casestudy_featuredImage":"","casestudy_title":"","infocallout_excerpt":"","infocallout_featuredImage":"","infocallout_title":"","jobTitle":"","language":"","name":"","profilePicture":"","wp-smpro-smush-data":[],"wp-smush-animated":"","wp-smush-ignore-bulk":"","wp-smush-lossy":"","wpml_media_processed":"","_wpcode_conditional_logic_enabled":"","_wpcode_location_extra":"","_wpcode_note":"","_wpcode_priority":"","_wpcode_shortcode_attributes":[],"footnotes":""},"class_list":["post-10187","page","type-page","status-publish","hentry","post","without-featured-image"],"acf":{"page_title":"Principais benef\u00edcios e servi\u00e7os do parceiro fornecedor estrat\u00e9gico | HH Global","page_description":"Torne-se um parceiro estrat\u00e9gico da HH Global - a l\u00edder mundial em produ\u00e7\u00e3o criativa e compras - para beneficiar-se do crescimento mais sustent\u00e1vel dos seus neg\u00f3cios","social_title":"","social_description":"","social_share_image":null,"modules":[{"acf_fc_layout":"hero","size":"medium2","theme":"dark","choose_images":[{"image":10429}],"show_eyebrow":false,"eyebrow":"","title":"Parceiros estrat\u00e9gicos","show_cta":false,"cta_url":"","cta_title":""},{"acf_fc_layout":"intro_content_block","container_background_color":"bg-white","type":false,"show_image":false,"intro_image":null,"show_background":false,"background":null,"show_eyebrow":false,"eyebrow":"Strategic partners ","show_designations":false,"designations":null,"show_title":true,"size":"large","title":"Parceiro de crescimento","show_intro":true,"intro":"Firmamos parceria com fornecedores estrat\u00e9gicos como voc\u00ea para criar um relacionamento ben\u00e9fico para ambos os lados.\r\n\r\nAs maiores marcas do mundo s\u00e3o nossas clientes. Elas contam com a HH Global para fornecer a cadeia de suprimentos mais s\u00f3lida e eficiente dispon\u00edvel. A nossa miss\u00e3o \u00e9 entregar um impacto extraordin\u00e1rio para esses clientes em todo o mundo, apoiando os objetivos de crescimento do neg\u00f3cio.\r\n\r\n<a href=\"mailto:HHGSupplierInquiry@www.hhglobal.com\"><strong>Torne-se um parceiro estrat\u00e9gico<\/strong><\/a>","show_body":false,"body":"Our clients are the biggest brands in the world, and there is a reason they count on HH Global to provide the strongest, most efficient supply chain in the business. We actively partner with strategic suppliers like you to create a mutually productive relationship that ensures we can deliver extraordinary impact for our clients across the globe while enabling you to grow your business.\r\n\r\n<a href=\"mailto:HHGSupplierInquiry@www.hhglobal.com\">Become a strategic partner<\/a>","show_labels":false,"labels":{"show_social":false,"custom_categories":null}},{"acf_fc_layout":"text_with_media","scroll_to_link":"","theme":"light","container_background_color":"bg-grey","show_eyebrow":false,"eyebrow":"","show_title":false,"title":"","show_sub_title":true,"sub_title":"Benef\u00edcios e servi\u00e7os","content":"<h4>Trabalhe com as maiores marcas e a melhor tecnologia da ind\u00fastria<\/h4>\r\n\r\nA HH Global oferece benef\u00edcios e servi\u00e7os \u00edmpares na ind\u00fastria aos nossos parceiros fornecedores estrat\u00e9gicos.\r\n\r\n<ul>\r\n \t<li>Crescimento direcionado com as maiores marcas do mundo<\/li>\r\n \t<li>As nossas equipes de gest\u00e3o de categoria de Contrata\u00e7\u00e3o Estrat\u00e9gica regional atendem aos requisitos dos nossos clientes conforme as suas compet\u00eancias, permitindo que voc\u00ea fa\u00e7a ainda mais o que melhor sabe fazer.<\/li>\r\n \t<li>N\u00f3s aplicamos as melhores pr\u00e1ticas da cadeia de suprimentos, otimiza\u00e7\u00e3o e consultoria de processos nos parceiros fornecedores estrat\u00e9gicos para melhorar o seu desempenho.<\/li>\r\n<\/ul>","cta_url":"","cta_text":"","open_in_new_window":false,"choose_media":[{"image":11163}],"image_alignment":"left","image_fit":"cover","image_size":"half-width","vimeoid":"","ytid":""},{"acf_fc_layout":"text_with_media","scroll_to_link":"","theme":"light","container_background_color":"bg-grey","show_eyebrow":false,"eyebrow":"","show_title":false,"title":"Learn more about Sustainable Procurement Framework  ","show_sub_title":false,"sub_title":"Benefits and services","content":"<h4>Melhore a sua efic\u00e1cia com a nossa Central su\u00edte de compras digitais<\/h4>\r\nO status preferencial de parceiro fornecedor estrat\u00e9gico da HH Global em todos os nossos sistemas de e-commerce concede a voc\u00ea:\r\n<ul>\r\n \t<li>Um sistema de faturamento eletr\u00f4nico otimizado, minimizando custos administrativos e reduzindo o ciclo de pagamentos<\/li>\r\n \t<li>Acesso a um painel de desempenho personalizado para apoiar as suas decis\u00f5es e opera\u00e7\u00f5es<\/li>\r\n<\/ul>\r\n<h4>Obtenha maior visibilidade no seu neg\u00f3cio para melhorar o desempenho<\/h4>\r\n<ul>\r\n \t<li>Inclus\u00e3o no nosso exclusivo sistema de Gest\u00e3o de Relacionamento com o Fornecedor<\/li>\r\n \t<li>Inclus\u00e3o no Programa de Informa\u00e7\u00f5es do Fornecedor da HH Global<\/li>\r\n \t<li>An\u00e1lises de desempenho do fornecedor<\/li>\r\n \t<li><em>Benchmarking<\/em> inovador baseado nas melhores pr\u00e1ticas da categoria e da ind\u00fastria<\/li>\r\n \t<li>Auditorias de risco de seguran\u00e7a da informa\u00e7\u00e3o e operacional<\/li>\r\n<\/ul>\r\n&nbsp;","cta_url":"","cta_text":"","open_in_new_window":false,"choose_media":[{"image":11133}],"image_alignment":"right","image_fit":"cover","image_size":"half-width","vimeoid":"","ytid":""},{"acf_fc_layout":"text_with_media","scroll_to_link":"","theme":"light","container_background_color":"bg-grey","show_eyebrow":false,"eyebrow":"","show_title":false,"title":"","show_sub_title":true,"sub_title":"Melhore o seu perfil ESG com o nosso Arcabou\u00e7o de Compras Sustent\u00e1veis","content":"<p class=\"Body\" style=\"line-height: 107%;\"><strong>Cumpra com as crescentes demandas por desempenho sustent\u00e1vel\r\n<\/strong>\r\nA HH Global tem o compromisso de ajudar os nossos parceiros fornecedores estrat\u00e9gicos a ampliarem os seus neg\u00f3cios de maneira sustent\u00e1vel.\r\n\r\nCada vez mais clientes exigem que os fornecedores cumpram com metas de sustentabilidade. Para ajudar voc\u00ea a avan\u00e7ar na sua jornada em busca da sustentabilidade e fechar mais neg\u00f3cios com as maiores marcas do mundo, oferecemos o Arcabou\u00e7o de Compras Sustent\u00e1veis Globais da HH Global.\r\n\r\nComo um programa de cadeia de suprimentos tecnol\u00f3gico alinhado com os Objetivos de Desenvolvimento Sustent\u00e1vel da ONU, o ACS \u00e9 exclusivo para os nossos parceiros fornecedores estrat\u00e9gicos. Ele permitir\u00e1 que voc\u00ea compartilhe as suas credenciais com facilidade e tenha pr\u00e1ticas de neg\u00f3cios mais conformes.<\/p>","cta_url":"","cta_text":"","open_in_new_window":false,"choose_media":[{"image":10385}],"image_alignment":"right","image_fit":"cover","image_size":"half-width","vimeoid":"","ytid":""},{"acf_fc_layout":"quotes","container_background_color":"bg-grey","quote":[{"attribution_name":"Carolyn Pickney","attribution_title":"Presidente da Ag\u00eancia Internacional Billboard da Am\u00e9rica do Norte","content":"Trabalhar com a HH Global representa um novo f\u00f4lego numa ind\u00fastria muito desafiadora. O respeito que a HH Global tem pelos seus fornecedores, a parceria de confian\u00e7a e a comunica\u00e7\u00e3o s\u00e3o, de longe, as melhores da ind\u00fastria. N\u00f3s alimentamos um gosto profundo por trabalhar com todos na HH Global e valorizamos o nosso relacionamento.","prevent_graphic":false},{"attribution_name":"Laura Soto","attribution_title":"Diretora do Grupo Imaginaci\u00f3n y Movimiento do M\u00e9xico","content":"Trabalhar com a HH Global nos confere um padr\u00e3o de alta qualidade e motiva a melhoria cont\u00ednua. Cada projeto tem as suas diferen\u00e7as e representa um novo desafio. N\u00e3o paramos de criar inova\u00e7\u00f5es e trabalhar com o esp\u00edrito de equipe e o foco no cliente que caracteriza o nosso parceiro de neg\u00f3cios, e tudo isso agrega valor \u00e0s nossas opera\u00e7\u00f5es. Somos parceiros fornecedores estrat\u00e9gicos da HH Global h\u00e1 mais de cinco anos, e crescemos de forma constante em todo esse per\u00edodo, j\u00e1 que chegam novos clientes.","prevent_graphic":false},{"attribution_name":"Bachar Aintaoui","attribution_title":"Presidente do Grupo MBA no Reino Unido","content":"No MBA, acreditamos que inova\u00e7\u00e3o e colabora\u00e7\u00e3o podem transformar os neg\u00f3cios, elevando-os a um patamar superior. Buscamos a mesma abordagem das empresas e trabalhamos com o fornecedor para prestar um servi\u00e7o melhor e mais eficiente aos nossos clientes. Isso \u00e9 fundamental para o nosso relacionamento de sucesso de 10 anos com a HH Global - trabalhando de forma proativa com contrata\u00e7\u00e3o de parcerias que foca na melhoria cont\u00ednua e entrega uma excelente rela\u00e7\u00e3o custo-benef\u00edcio, melhor pr\u00e1tica e inova\u00e7\u00e3o.","prevent_graphic":false}],"reduce_spacing":false},{"acf_fc_layout":"contact_form","title":"Entre em contato"}]},"yoast_head":"<!-- This site is optimized with the Yoast SEO plugin v27.3 - https:\/\/yoast.com\/product\/yoast-seo-wordpress\/ -->\n<title>Parceiro de crescimento - HH Global<\/title>\n<meta name=\"robots\" content=\"index, follow, max-snippet:-1, max-image-preview:large, max-video-preview:-1\" \/>\n<link rel=\"canonical\" href=\"https:\/\/www.hhglobal.com\/pt\/who-we-are\/strategic-partners\/\" \/>\n<meta property=\"og:locale\" content=\"pt_PT\" \/>\n<meta property=\"og:type\" content=\"article\" \/>\n<meta property=\"og:title\" content=\"Parceiro de crescimento - HH Global\" \/>\n<meta property=\"og:url\" content=\"https:\/\/www.hhglobal.com\/pt\/who-we-are\/strategic-partners\/\" \/>\n<meta property=\"og:site_name\" content=\"HH Global\" \/>\n<meta property=\"article:modified_time\" content=\"2023-11-24T13:47:33+00:00\" \/>\n<meta name=\"twitter:card\" content=\"summary_large_image\" \/>\n<script type=\"application\/ld+json\" class=\"yoast-schema-graph\">{\"@context\":\"https:\\\/\\\/schema.org\",\"@graph\":[{\"@type\":\"WebPage\",\"@id\":\"https:\\\/\\\/www.hhglobal.com\\\/pt\\\/who-we-are\\\/strategic-partners\\\/\",\"url\":\"https:\\\/\\\/www.hhglobal.com\\\/pt\\\/who-we-are\\\/strategic-partners\\\/\",\"name\":\"Parceiro de crescimento - HH Global\",\"isPartOf\":{\"@id\":\"https:\\\/\\\/www.hhglobal.com\\\/pt\\\/#website\"},\"datePublished\":\"2022-05-19T12:38:49+00:00\",\"dateModified\":\"2023-11-24T13:47:33+00:00\",\"breadcrumb\":{\"@id\":\"https:\\\/\\\/www.hhglobal.com\\\/pt\\\/who-we-are\\\/strategic-partners\\\/#breadcrumb\"},\"inLanguage\":\"pt\",\"potentialAction\":[{\"@type\":\"ReadAction\",\"target\":[\"https:\\\/\\\/www.hhglobal.com\\\/pt\\\/who-we-are\\\/strategic-partners\\\/\"]}]},{\"@type\":\"BreadcrumbList\",\"@id\":\"https:\\\/\\\/www.hhglobal.com\\\/pt\\\/who-we-are\\\/strategic-partners\\\/#breadcrumb\",\"itemListElement\":[{\"@type\":\"ListItem\",\"position\":1,\"name\":\"Home\",\"item\":\"https:\\\/\\\/www.hhglobal.com\\\/pt\\\/\"},{\"@type\":\"ListItem\",\"position\":2,\"name\":\"Parceiro de crescimento\"}]},{\"@type\":\"WebSite\",\"@id\":\"https:\\\/\\\/www.hhglobal.com\\\/pt\\\/#website\",\"url\":\"https:\\\/\\\/www.hhglobal.com\\\/pt\\\/\",\"name\":\"HH Global\",\"description\":\"The global, tech-enabled creative production and procurement partner.\",\"publisher\":{\"@id\":\"https:\\\/\\\/www.hhglobal.com\\\/pt\\\/#organization\"},\"potentialAction\":[{\"@type\":\"SearchAction\",\"target\":{\"@type\":\"EntryPoint\",\"urlTemplate\":\"https:\\\/\\\/www.hhglobal.com\\\/pt\\\/?s={search_term_string}\"},\"query-input\":{\"@type\":\"PropertyValueSpecification\",\"valueRequired\":true,\"valueName\":\"search_term_string\"}}],\"inLanguage\":\"pt\"},{\"@type\":\"Organization\",\"@id\":\"https:\\\/\\\/www.hhglobal.com\\\/pt\\\/#organization\",\"name\":\"HH Global\",\"url\":\"https:\\\/\\\/www.hhglobal.com\\\/pt\\\/\",\"logo\":{\"@type\":\"ImageObject\",\"inLanguage\":\"pt\",\"@id\":\"https:\\\/\\\/www.hhglobal.com\\\/pt\\\/#\\\/schema\\\/logo\\\/image\\\/\",\"url\":\"https:\\\/\\\/www.hhglobal.com\\\/wp-content\\\/uploads\\\/2023\\\/12\\\/logo-white.svg\",\"contentUrl\":\"https:\\\/\\\/www.hhglobal.com\\\/wp-content\\\/uploads\\\/2023\\\/12\\\/logo-white.svg\",\"width\":77,\"height\":18,\"caption\":\"HH Global\"},\"image\":{\"@id\":\"https:\\\/\\\/www.hhglobal.com\\\/pt\\\/#\\\/schema\\\/logo\\\/image\\\/\"}}]}<\/script>\n<!-- \/ Yoast SEO plugin. -->","yoast_head_json":{"title":"Parceiro de crescimento - HH Global","robots":{"index":"index","follow":"follow","max-snippet":"max-snippet:-1","max-image-preview":"max-image-preview:large","max-video-preview":"max-video-preview:-1"},"canonical":"https:\/\/www.hhglobal.com\/pt\/who-we-are\/strategic-partners\/","og_locale":"pt_PT","og_type":"article","og_title":"Parceiro de crescimento - HH Global","og_url":"https:\/\/www.hhglobal.com\/pt\/who-we-are\/strategic-partners\/","og_site_name":"HH Global","article_modified_time":"2023-11-24T13:47:33+00:00","twitter_card":"summary_large_image","schema":{"@context":"https:\/\/schema.org","@graph":[{"@type":"WebPage","@id":"https:\/\/www.hhglobal.com\/pt\/who-we-are\/strategic-partners\/","url":"https:\/\/www.hhglobal.com\/pt\/who-we-are\/strategic-partners\/","name":"Parceiro de crescimento - HH Global","isPartOf":{"@id":"https:\/\/www.hhglobal.com\/pt\/#website"},"datePublished":"2022-05-19T12:38:49+00:00","dateModified":"2023-11-24T13:47:33+00:00","breadcrumb":{"@id":"https:\/\/www.hhglobal.com\/pt\/who-we-are\/strategic-partners\/#breadcrumb"},"inLanguage":"pt","potentialAction":[{"@type":"ReadAction","target":["https:\/\/www.hhglobal.com\/pt\/who-we-are\/strategic-partners\/"]}]},{"@type":"BreadcrumbList","@id":"https:\/\/www.hhglobal.com\/pt\/who-we-are\/strategic-partners\/#breadcrumb","itemListElement":[{"@type":"ListItem","position":1,"name":"Home","item":"https:\/\/www.hhglobal.com\/pt\/"},{"@type":"ListItem","position":2,"name":"Parceiro de crescimento"}]},{"@type":"WebSite","@id":"https:\/\/www.hhglobal.com\/pt\/#website","url":"https:\/\/www.hhglobal.com\/pt\/","name":"HH Global","description":"The global, tech-enabled creative production and procurement partner.","publisher":{"@id":"https:\/\/www.hhglobal.com\/pt\/#organization"},"potentialAction":[{"@type":"SearchAction","target":{"@type":"EntryPoint","urlTemplate":"https:\/\/www.hhglobal.com\/pt\/?s={search_term_string}"},"query-input":{"@type":"PropertyValueSpecification","valueRequired":true,"valueName":"search_term_string"}}],"inLanguage":"pt"},{"@type":"Organization","@id":"https:\/\/www.hhglobal.com\/pt\/#organization","name":"HH Global","url":"https:\/\/www.hhglobal.com\/pt\/","logo":{"@type":"ImageObject","inLanguage":"pt","@id":"https:\/\/www.hhglobal.com\/pt\/#\/schema\/logo\/image\/","url":"https:\/\/www.hhglobal.com\/wp-content\/uploads\/2023\/12\/logo-white.svg","contentUrl":"https:\/\/www.hhglobal.com\/wp-content\/uploads\/2023\/12\/logo-white.svg","width":77,"height":18,"caption":"HH Global"},"image":{"@id":"https:\/\/www.hhglobal.com\/pt\/#\/schema\/logo\/image\/"}}]}},"_links":{"self":[{"href":"https:\/\/www.hhglobal.com\/pt\/wp-json\/wp\/v2\/pages\/10187","targetHints":{"allow":["GET"]}}],"collection":[{"href":"https:\/\/www.hhglobal.com\/pt\/wp-json\/wp\/v2\/pages"}],"about":[{"href":"https:\/\/www.hhglobal.com\/pt\/wp-json\/wp\/v2\/types\/page"}],"author":[{"embeddable":true,"href":"https:\/\/www.hhglobal.com\/pt\/wp-json\/wp\/v2\/users\/41"}],"replies":[{"embeddable":true,"href":"https:\/\/www.hhglobal.com\/pt\/wp-json\/wp\/v2\/comments?post=10187"}],"version-history":[{"count":0,"href":"https:\/\/www.hhglobal.com\/pt\/wp-json\/wp\/v2\/pages\/10187\/revisions"}],"wp:attachment":[{"href":"https:\/\/www.hhglobal.com\/pt\/wp-json\/wp\/v2\/media?parent=10187"}],"curies":[{"name":"wp","href":"https:\/\/api.w.org\/{rel}","templated":true}]}}