{"id":10185,"date":"2022-05-19T12:39:43","date_gmt":"2022-05-19T12:39:43","guid":{"rendered":"https:\/\/decoupledhhg.wpengine.com\/sustainability\/"},"modified":"2022-05-19T12:39:43","modified_gmt":"2022-05-19T12:39:43","slug":"sustainability","status":"publish","type":"page","link":"https:\/\/www.hhglobal.com\/pt\/sustainability\/","title":{"rendered":"Sustentabilidade"},"content":{"rendered":"","protected":false},"excerpt":{"rendered":"","protected":false},"author":41,"featured_media":0,"parent":0,"menu_order":0,"comment_status":"closed","ping_status":"closed","template":"","meta":{"_acf_changed":"","_yoast_wpseo_focuskw":"","_yoast_wpseo_metadesc":"","_yoast_wpseo_linkdex":"","_yoast_wpseo_content_score":"","_yoast_wpseo_meta-robots-noindex":"","_yoast_wpseo_meta-robots-nofollow":"","inline_featured_image":[],"_genesis_block_theme_hide_title":false,"_cms_nav_minihome":"","_icl_lang_duplicate_of":"5822","_menu_item_classes":[],"_menu_item_menu_item_parent":"","_menu_item_object":"","_menu_item_object_id":"","_menu_item_orphaned":"","_menu_item_target":"","_menu_item_type":"","_menu_item_url":"","_menu_item_xfn":"","_seedprod_page":"","_seedprod_page_template_type":"","_seedprod_page_uuid":"","_top_nav_excluded":"","_wp_attachment_backup_sizes":[],"_wp_attachment_context":"","_wp_attachment_image_alt":"","_wp_old_date":"","_wpcode_auto_insert":"","_wpcode_auto_insert_number":"","_wpcode_library_id":"","_wpml_media_duplicate":"1","_wpml_media_featured":"1","_wpml_post_translation_editor_native":"","_wpml_word_count":"{\"total\":41,\"to_translate\":null}","_yoast_wpseo_estimated-reading-time-minutes":[],"_yoast_wpseo_primary_category":"","_yoast_wpseo_primary_industry":"","_yoast_wpseo_primary_solution":"","_yoast_wpseo_primary_the_author":"","_yoast_wpseo_wordproof_timestamp":"","acfml_non_translatable_locations":[],"career_externalLink":"","career_featuredImage":"","career_title":"","casestudy_featuredImage":"","casestudy_title":"","infocallout_excerpt":"","infocallout_featuredImage":"","infocallout_title":"","jobTitle":"","language":"","name":"","profilePicture":"","wp-smpro-smush-data":[],"wp-smush-animated":"","wp-smush-ignore-bulk":"","wp-smush-lossy":"","wpml_media_processed":"","_wpcode_conditional_logic_enabled":"","_wpcode_location_extra":"","_wpcode_note":"","_wpcode_priority":"","_wpcode_shortcode_attributes":[],"footnotes":""},"class_list":["post-10185","page","type-page","status-publish","hentry","post","without-featured-image"],"acf":{"page_title":"Produ\u00e7\u00e3o criativa sustent\u00e1vel + l\u00edder de compras | HH Global","page_description":"Seja parceiro da HH Global e tenha acesso \u00e0 produ\u00e7\u00e3o criativa sustent\u00e1vel e solu\u00e7\u00f5es de compras que permitem avan\u00e7o social e impulsionam o crescimento sustent\u00e1vel dos neg\u00f3cios","social_title":"","social_description":"","social_share_image":null,"modules":[{"acf_fc_layout":"hero","size":"medium2","theme":"dark","choose_images":[{"image":11099}],"show_eyebrow":false,"eyebrow":"","title":"Sustentabilidade","show_cta":false,"cta_url":"","cta_title":""},{"acf_fc_layout":"intro_content_block","container_background_color":"bg-white","type":false,"show_image":false,"intro_image":null,"show_background":false,"background":null,"show_eyebrow":false,"eyebrow":"","show_designations":false,"designations":null,"show_title":true,"size":"large","title":"L\u00edderes no marketing de sustentabilidade","show_intro":true,"intro":"<p class=\"Body\">Na condi\u00e7\u00e3o de l\u00edder em responsabilidade de impacto e sustentabilidade, a HH Global adapta as solu\u00e7\u00f5es incorporadas nas opera\u00e7\u00f5es di\u00e1rias para respaldar os seus objetivos de sustentabilidade. Trabalhando com as maiores e mais vis\u00edveis marcas do mundo, fornecemos informa\u00e7\u00f5es avan\u00e7adas para ajud\u00e1-las a tomar decis\u00f5es informadas sobre sustentabilidade. E nossa estrutura de certifica\u00e7\u00e3o l\u00edder do setor fornece um amplo e crescente conjunto de fornecedores alinhados com nossa vis\u00e3o em todo o mundo.<\/p>","show_body":false,"body":"At HH Global we have built our business practices around our sustainability goals\u2014and have enabled our clients and supplier partners to do the same. Our sustainability strategy centers on the United Nations Sustainability Development Goals (SDGs) . <link to sustainability report> as well as our Innovation with Purpose sustainability program, guiding everything we do as a company and the way we plan for the future. ","show_labels":false,"labels":{"show_social":false,"custom_categories":null}},{"acf_fc_layout":"text_with_media","scroll_to_link":"","theme":"light","container_background_color":"bg-white","show_eyebrow":false,"eyebrow":"","show_title":false,"title":"","show_sub_title":true,"sub_title":"Crescimento da sustentabilidade \u2013 para os nossos parceiros, colaboradores e para o planeta.","content":"As nossas estrat\u00e9gias de sustentabilidade s\u00e3o baseadas nos <a href=\"https:\/\/sdgs.un.org\/goals\" target=\"_blank\" rel=\"noopener\">Objetivos de Desenvolvimento Sustent\u00e1veis das Na\u00e7\u00f5es Unidas<\/a> (ODS) assim como o nosso programa de sustentabilidade Inova\u00e7\u00e3o com Prop\u00f3sito. A sustentabilidade orienta tudo o que fazemos como empresa e como nos planejamos para o futuro. Aproveitando nossas amplas vantagens da cadeia de suprimentos e efici\u00eancias operacionais, impulsionamos o sucesso dos neg\u00f3cios de nossos clientes, minimizando o desperd\u00edcio para benef\u00edcio a longo prazo. Veja nosso mais recente <a href=\"https:\/\/ebooks.www.hhglobal.com\/view\/1025254788\/\" target=\"_blank\" rel=\"noopener\">Relat\u00f3rio de Sustentabilidade<\/a>.","cta_url":"","cta_text":"","open_in_new_window":false,"choose_media":[{"image":11097}],"image_alignment":"left","image_fit":"cover","image_size":"half-width","vimeoid":"","ytid":""},{"acf_fc_layout":"text_with_media_carousel","theme":"light","container_background_color":"bg-grey","highlight_color":"purple","title":"Maximizando a sustentabilidade atrav\u00e9s da tecnologia de ponta","content":"Sabemos, por experi\u00eancia pr\u00f3pria, que as mudan\u00e7as orientadas por dados e orientadas por informa\u00e7\u00f5es levam aos melhores resultados de sustentabilidade poss\u00edveis. Nosso conjunto exclusivo de tecnologia e produtos e servi\u00e7os ricos em dados apoia nossos clientes, nossa organiza\u00e7\u00e3o e nossos parceiros de fornecedores estrat\u00e9gicos para alcan\u00e7ar metas de sustentabilidade.","additional_spacing":false,"features_title":"","features":[{"navigation_label":"Hub","show_title":true,"title":"Hub","show_subtitle":false,"subtitle":"","content":"Nossa plataforma Central gera dados de impactos de CO2 na fase de planejamento, permitindo que nossos clientes tomem decis\u00f5es informadas sobre t\u00e1ticas de campanha e escolha de canal. A HH Global \u00e9 o primeiro parceiro criativo de produ\u00e7\u00e3o e aquisi\u00e7\u00e3o do mundo a fazer isso em tal escala, incorporando nosso mecanismo de Calculadora Ambiental como parte de nosso modelo operacional padr\u00e3o.","choose_media":[{"image":11191}],"vimeoid":"","ytid":""},{"navigation_label":"Conjunto de dados alimentado por IA","show_title":true,"title":"Conjunto de dados alimentado por IA","show_subtitle":false,"subtitle":"","content":"Conjunto de dados alimentado por IA\r\n\r\nComplementando este crit\u00e9rio de CO2, temos um conjunto de dados alimentado por IA. \u00c0 medida que mais dados s\u00e3o processados, nossa tecnologia fornece continuamente aos nossos clientes uma produ\u00e7\u00e3o mais refinada, permitindo a modelagem preditiva de impactos de CO2 para apoiar, al\u00e9m de trazer informa\u00e7\u00f5es e benef\u00edcios a longo prazo ao cliente.","choose_media":[{"image":11173}],"vimeoid":"","ytid":""},{"navigation_label":"Estrutura de Compras Sustent\u00e1veis","show_title":true,"title":"Estrutura de Compras Sustent\u00e1veis","show_subtitle":false,"subtitle":"","content":"Nosso Arcabou\u00e7o de Compras Sustent\u00e1veis representa outro pioneirismo de mercado, usando tecnologia e dados para escalar as melhores pr\u00e1ticas em toda a nossa cadeia de suprimentos global. Ao combinar dados de fornecedores da HH Global com pesquisas e informa\u00e7\u00f5es de nossos parceiros, criamos uma estrutura de cadeia de suprimentos sustent\u00e1vel pioneira de sua esp\u00e9cie. O ACS ajuda nossos parceiros da cadeia de suprimentos a avaliar sua maturidade atual com rela\u00e7\u00e3o \u00e0 sustentabilidade. O ACS tamb\u00e9m ajuda a progredir por meio de recursos educacionais, compartilhamento de melhores pr\u00e1ticas e conhecimento das experi\u00eancias da HH Global.\r\n\r\nO reconhecimento do sucesso dos parceiros da cadeia de suprimentos \u00e9 uma parte fundamental do ACS, al\u00e9m de impulsionar a melhoria cont\u00ednua e reduzir os perfis de risco. Com a ideia de que \"uma mar\u00e9 crescente suspende todos os barcos\", o ACS est\u00e1 claramente focado em resultados mensur\u00e1veis e progresso em dire\u00e7\u00e3o aos ODS das Na\u00e7\u00f5es Unidas.","choose_media":[{"image":11119}],"vimeoid":"","ytid":""}]},{"acf_fc_layout":"text_with_media_carousel","theme":"light","container_background_color":"bg-grey","highlight_color":"purple","title":"Servi\u00e7os de consultoria em sustentabilidade","content":"A HH Global fornece servi\u00e7os abrangentes de consultoria em sustentabilidade, aplicando nossa experi\u00eancia para criar ou aumentar as iniciativas de ESG dos clientes. Esses servi\u00e7os incluem guias de implementa\u00e7\u00e3o de sustentabilidade, avalia\u00e7\u00f5es de sustentabilidade, auditorias de gest\u00e3o de res\u00edduos e estrat\u00e9gia de sustentabilidade.","additional_spacing":false,"features_title":"","features":[{"navigation_label":"Avalia\u00e7\u00e3o da sustentabilidade ","show_title":true,"title":"Avalia\u00e7\u00e3o da sustentabilidade ","show_subtitle":false,"subtitle":"","content":"O nosso servi\u00e7o pioneiro de avalia\u00e7\u00e3o de sustentabilidade utiliza conhecimentos de tecnologia e dados, juntamente comuma oferta de servi\u00e7os assistida para ajudar a comparar e contrastar o seu neg\u00f3cio com os seus concorrentes porvertical ou geografia do mercado.\r\n<ul>\r\n \t<li>Fornece duas m\u00e9tricas principais para referenciais<\/li>\r\n \t<li>M\u00e9trica de CO 2 por gasto de US$ 1 milh\u00e3o<\/li>\r\n \t<li>Pontua\u00e7\u00e3o de alinhamento baseado em compra e princ\u00edpio<\/li>\r\n<\/ul>","choose_media":null,"vimeoid":"","ytid":""},{"navigation_label":"Servi\u00e7os estrat\u00e9gicos em sustentabilidade","show_title":true,"title":"Servi\u00e7os estrat\u00e9gicos em sustentabilidade","show_subtitle":false,"subtitle":"","content":"Como parceiro chave, podemos ajudar a enfrentar seus desafios de sustentabilidade com nosso processo focado, interativo e dividido em tr\u00eas etapas. Nossa abordagem dividida em fases ajuda a criar objetivos de curto prazo juntamente com metas de sustentabilidade de longo prazo.\r\n<ul>\r\n \t<li>Um workshop para identificar como voc\u00ea pode contribuir para os Objetivos de Desenvolvimento Sustent\u00e1vel da ONU<\/li>\r\n \t<li>Elabora\u00e7\u00e3o de relat\u00f3rios<\/li>\r\n \t<li>Um roteiro de ESG e sustentabilidade com suporte cont\u00ednuo<\/li>\r\n<\/ul>","choose_media":null,"vimeoid":"","ytid":""},{"navigation_label":"Guia de implementa\u00e7\u00e3o estrat\u00e9gico de sustentabilidade","show_title":true,"title":"Guia de implementa\u00e7\u00e3o estrat\u00e9gico de sustentabilidade","show_subtitle":false,"subtitle":"","content":"<ul>\r\n \t<li>C\u00e1lculos de CO2 e planejamento de redu\u00e7\u00e3o<\/li>\r\n \t<li>Cria um guia de implementa\u00e7\u00e3o de sustentabilidade a longo prazo para se concentrar nas \u00e1reas mais impactantes do meio ambiente, como CO2, alinhado com os compromissos de sustentabilidade corporativa do cliente<\/li>\r\n \t<li>Estabelece uma linha de refer\u00eancia de emiss\u00f5es de carbono<\/li>\r\n \t<li>Define e alinha-se com as metas, permitindo o planejamento da redu\u00e7\u00e3o<\/li>\r\n \t<li>Define a estrat\u00e9gia para redu\u00e7\u00f5es mensur\u00e1veis de CO2 com base em nossos princ\u00edpios fundamentais de sustentabilidade<\/li>\r\n \t<li>Impacto ambiental Medi\u00e7\u00e3o de economia<\/li>\r\n \t<li>Avalia\u00e7\u00e3o do Ciclo de Vida \u2013 produtos, embalagens e servi\u00e7os<\/li>\r\n \t<li>Mitiga\u00e7\u00e3o de carbono<\/li>\r\n<\/ul>","choose_media":null,"vimeoid":"","ytid":""},{"navigation_label":"Gest\u00e3o de res\u00edduos operacionais","show_title":true,"title":"Gest\u00e3o de res\u00edduos operacionais","show_subtitle":false,"subtitle":"","content":"Com o reconhecimento da crescente ambi\u00e7\u00e3o dos nossos clientes de alcan\u00e7ar zero desperd\u00edcio e eliminar pl\u00e1sticos descart\u00e1veis nas suas opera\u00e7\u00f5es, a HH Global pode ajudar a transformar economias de passagem em economias circulares. Realizamos auditorias locais de res\u00edduos, analisamos dados agrupados e apresentamos recomenda\u00e7\u00f5es significativas para reduzir o desperd\u00edcio operacional.\r\n<ul>\r\n \t<li>Auditorias de res\u00edduos \u2013 escrit\u00f3rios, dep\u00f3sitos e pontos de venda de varejo.<\/li>\r\n \t<li>Cria\u00e7\u00e3o de relat\u00f3rios finais de resultados de pesquisa a partir de auditorias de res\u00edduos on-line e locais, apoiados com recomenda\u00e7\u00f5es, metas e objetivos<\/li>\r\n \t<li>Publica\u00e7\u00e3o de resultados com relat\u00f3rios de sustentabilidade dos clientes<\/li>\r\n \t<li>Redu\u00e7\u00e3o do uso de aterros sanit\u00e1rios, aumento da reciclagem e oportunidades de ciclo fechado<\/li>\r\n \t<li>Redu\u00e7\u00e3o dos custos de elimina\u00e7\u00e3o e apoio \u00e0 cria\u00e7\u00e3o de novos fluxos de receitas de res\u00edduos<\/li>\r\n \t<li>Aumento do desvio de res\u00edduos e oportunidades de reciclagem em ciclo fechado<\/li>\r\n<\/ul>","choose_media":null,"vimeoid":"","ytid":""}]},{"acf_fc_layout":"simple_content_block","scroll_to_link":"","container_background_color":"bg-white","columns":"2","title_one":"Objetivo: ODS 8","content_one":"<img class=\"alignnone size-medium wp-image-1071 aligncenter\" src=\"https:\/\/decoupledhhg.wpengine.com\/wp-content\/uploads\/2022\/05\/E-WEB-Goal-08-1024x1024-1-300x154.png\" alt=\"\" width=\"300\" height=\"154\" \/>\r\n\r\n<strong>Trabalho decente e crescimento econ\u00f4mico<\/strong>\r\n\r\nEstamos comprometidos em fazer com que a HH Global seja um \u00f3timo lugar para trabalhar para nossos colaboradores, al\u00e9m de garantir que nossos parceiros fornecedores estrat\u00e9gicos proporcionem condi\u00e7\u00f5es de trabalho dignas, sal\u00e1rios justos, justi\u00e7a no local de trabalho e garantia de direitos trabalhistas em seu local de trabalho. At\u00e9 2025, garantiremos que:\r\n<ul>\r\n \t<li>Os nossos colaboradores recebam um sal\u00e1rio digno<\/li>\r\n \t<li>Temos a confirma\u00e7\u00e3o da pol\u00edtica de sal\u00e1rios dignos de 100% dos nossos fornecedores de N\u00edvel 1*<\/li>\r\n \t<li>100% dos nossos fornecedores de N\u00edvel 1* est\u00e3o alinhados com nossos padr\u00f5es ambientais e sociais claramente definidos<\/li>\r\n \t<li>Todos os nossos fornecedores de N\u00edvel 1* receberam informa\u00e7\u00f5es e orienta\u00e7\u00f5es sobre os Objetivos de Desenvolvimento Sustent\u00e1vel, e 30% demonstraram apoio<\/li>\r\n \t<li>*Fornecedores que comp\u00f5em 95% do gasto da HH Global<\/li>\r\n<\/ul>","title_two":"Target: SDG 10","content_two":"<img class=\"alignnone size-medium wp-image-1072 aligncenter\" src=\"https:\/\/decoupledhhg.wpengine.com\/wp-content\/uploads\/2022\/05\/E-WEB-Goal-10-1024x1024-1-300x154.png\" alt=\"\" width=\"300\" height=\"154\" \/>\r\n\r\n<strong>Redu\u00e7\u00e3o das desigualdades<\/strong>\r\n\r\nSomos uma organiza\u00e7\u00e3o crescente, diversificada e inclusiva que reflete as comunidades em que operamos. Respeitamos os direitos e as oportunidades de cada pessoa, independentemente do seu g\u00e9nero, etnia, cren\u00e7as religiosas, orienta\u00e7\u00e3o sexual ou contexto socioecon\u00f4mico. At\u00e9 2025, iremos:\r\n<ul>\r\n \t<li>Ter 30% de representa\u00e7\u00e3o diversificada no n\u00edvel da lideran\u00e7a* da HH Global<\/li>\r\n \t<li>Investir 15% dos nossos gastos anuais com fornecedores de pequenas e diversas empresas<\/li>\r\n \t<li>Garantir que todos os nossos programas de desenvolvimento e forma\u00e7\u00e3o de pessoas incluam princ\u00edpios de Diversidade, Igualdade e Inclus\u00e3o, e que todos os nossos colaboradores os cursem<\/li>\r\n<\/ul>\r\n*Conselho de Administra\u00e7\u00e3o de Grupo e Equipe de Lideran\u00e7a Regional"},{"acf_fc_layout":"simple_content_block","scroll_to_link":"","container_background_color":"bg-white","columns":"2","title_one":"Target: SDG 12","content_one":"<img class=\"alignnone size-medium wp-image-1073 aligncenter\" src=\"https:\/\/decoupledhhg.wpengine.com\/wp-content\/uploads\/2022\/05\/E-WEB-Goal-12-1024x1024-1-300x154.png\" alt=\"\" width=\"300\" height=\"154\" \/>\r\n\r\n<strong>Consumo e produ\u00e7\u00e3o respons\u00e1veis<\/strong>\r\n\r\nGarantiremos que os produtos sejam contratados e produzidos de forma respons\u00e1vel e, ao mesmo tempo, mostraremos aos nossos clientes as alternativas mais sustent\u00e1veis. At\u00e9 2025, iremos:\r\n<ul>\r\n \t<li>Aumentar o uso de conte\u00fado reciclado na produ\u00e7\u00e3o em 20% atrav\u00e9s da educa\u00e7\u00e3o de nossos clientes sobre a disponibilidade de solu\u00e7\u00f5es alternativas para o pl\u00e1stico, como materiais \u00e0 base de fibras celul\u00f3sicas<\/li>\r\n \t<li>Disponibilizar a todos os clientes c\u00e1lculos de impactos ambiental na fase de cota\u00e7\u00e3o<\/li>\r\n \t<li>Eliminar pl\u00e1sticos de uso \u00fanico em nossos pr\u00f3prios escrit\u00f3rios<\/li>\r\n<\/ul>","title_two":"Target: SDG 13","content_two":"<img class=\"alignnone size-medium wp-image-1074 aligncenter\" src=\"https:\/\/decoupledhhg.wpengine.com\/wp-content\/uploads\/2022\/05\/E-WEB-Goal-13-1024x1024-1-300x154.png\" alt=\"\" width=\"300\" height=\"154\" \/>\r\n\r\n<strong>A\u00e7\u00e3o contra a mudan\u00e7a global do clima<\/strong>\r\n\r\nAjudaremos a manter o aquecimento global abaixo de 1,5\u00baC, reduzindo nossa pegada de carbono e caminhando zerar as emiss\u00f5es l\u00edquidas. Ajudaremos a manter o aquecimento global abaixo de 1,5\u00baC, reduzindo nossa pegada de carbono e caminhando para zerar as emiss\u00f5es l\u00edquidas. A HH Global prop\u00f5e os seguintes marcos para o atingimento do objetivo de emiss\u00f5es l\u00edquidas nulas:\r\n<ul>\r\n \t<li data-leveltext=\"\uf0b7\" data-font=\"Symbol\" data-listid=\"2\" data-list-defn-props=\"{&quot;335552541&quot;:1,&quot;335559684&quot;:-2,&quot;335559685&quot;:720,&quot;335559991&quot;:360,&quot;469769226&quot;:&quot;Symbol&quot;,&quot;469769242&quot;:[8226],&quot;469777803&quot;:&quot;left&quot;,&quot;469777804&quot;:&quot;\uf0b7&quot;,&quot;469777815&quot;:&quot;multilevel&quot;}\" aria-setsize=\"-1\" data-aria-posinset=\"1\" data-aria-level=\"1\">100% de energia renov\u00e1vel em nossas opera\u00e7\u00f5es at\u00e9 2025<\/li>\r\n \t<li data-leveltext=\"\uf0b7\" data-font=\"Symbol\" data-listid=\"2\" data-list-defn-props=\"{&quot;335552541&quot;:1,&quot;335559684&quot;:-2,&quot;335559685&quot;:720,&quot;335559991&quot;:360,&quot;469769226&quot;:&quot;Symbol&quot;,&quot;469769242&quot;:[8226],&quot;469777803&quot;:&quot;left&quot;,&quot;469777804&quot;:&quot;\uf0b7&quot;,&quot;469777815&quot;:&quot;multilevel&quot;}\" aria-setsize=\"-1\" data-aria-posinset=\"1\" data-aria-level=\"1\">Redu\u00e7\u00e3o de 50% das emiss\u00f5es at\u00e9 2030*<\/li>\r\n \t<li data-leveltext=\"\uf0b7\" data-font=\"Symbol\" data-listid=\"2\" data-list-defn-props=\"{&quot;335552541&quot;:1,&quot;335559684&quot;:-2,&quot;335559685&quot;:720,&quot;335559991&quot;:360,&quot;469769226&quot;:&quot;Symbol&quot;,&quot;469769242&quot;:[8226],&quot;469777803&quot;:&quot;left&quot;,&quot;469777804&quot;:&quot;\uf0b7&quot;,&quot;469777815&quot;:&quot;multilevel&quot;}\" aria-setsize=\"-1\" data-aria-posinset=\"1\" data-aria-level=\"1\">Redu\u00e7\u00e3o de 90% das emiss\u00f5es at\u00e9 2040*<\/li>\r\n \t<li data-leveltext=\"\uf0b7\" data-font=\"Symbol\" data-listid=\"2\" data-list-defn-props=\"{&quot;335552541&quot;:1,&quot;335559684&quot;:-2,&quot;335559685&quot;:720,&quot;335559991&quot;:360,&quot;469769226&quot;:&quot;Symbol&quot;,&quot;469769242&quot;:[8226],&quot;469777803&quot;:&quot;left&quot;,&quot;469777804&quot;:&quot;\uf0b7&quot;,&quot;469777815&quot;:&quot;multilevel&quot;}\" aria-setsize=\"-1\" data-aria-posinset=\"1\" data-aria-level=\"1\">Investimento cont\u00ednuo em solu\u00e7\u00f5es baseadas na natureza<\/li>\r\n \t<li data-leveltext=\"\uf0b7\" data-font=\"Symbol\" data-listid=\"2\" data-list-defn-props=\"{&quot;335552541&quot;:1,&quot;335559684&quot;:-2,&quot;335559685&quot;:720,&quot;335559991&quot;:360,&quot;469769226&quot;:&quot;Symbol&quot;,&quot;469769242&quot;:[8226],&quot;469777803&quot;:&quot;left&quot;,&quot;469777804&quot;:&quot;\uf0b7&quot;,&quot;469777815&quot;:&quot;multilevel&quot;}\" aria-setsize=\"-1\" data-aria-posinset=\"1\" data-aria-level=\"1\">Neutraliza\u00e7\u00e3o de 10% das emiss\u00f5es at\u00e9 2040*<\/li>\r\n<\/ul>\r\n<em>*Em compara\u00e7\u00e3o com uma linha de refer\u00eancia do ano fiscal de 2022\u202f <\/em>"},{"acf_fc_layout":"clients_awards","title":"","logos":null},{"acf_fc_layout":"contact_form","title":"Get in touch"}]},"yoast_head":"<!-- This site is optimized with the Yoast SEO plugin v27.4 - https:\/\/yoast.com\/product\/yoast-seo-wordpress\/ -->\n<title>Sustentabilidade - HH Global<\/title>\n<meta name=\"robots\" content=\"index, follow, max-snippet:-1, max-image-preview:large, max-video-preview:-1\" \/>\n<link rel=\"canonical\" href=\"https:\/\/www.hhglobal.com\/pt\/sustainability\/\" \/>\n<meta property=\"og:locale\" content=\"pt_PT\" \/>\n<meta property=\"og:type\" content=\"article\" \/>\n<meta property=\"og:title\" content=\"Sustentabilidade - HH Global\" \/>\n<meta property=\"og:url\" content=\"https:\/\/www.hhglobal.com\/pt\/sustainability\/\" \/>\n<meta property=\"og:site_name\" content=\"HH Global\" \/>\n<meta name=\"twitter:card\" content=\"summary_large_image\" \/>\n<script type=\"application\/ld+json\" class=\"yoast-schema-graph\">{\"@context\":\"https:\\\/\\\/schema.org\",\"@graph\":[{\"@type\":\"WebPage\",\"@id\":\"https:\\\/\\\/www.hhglobal.com\\\/pt\\\/sustainability\\\/\",\"url\":\"https:\\\/\\\/www.hhglobal.com\\\/pt\\\/sustainability\\\/\",\"name\":\"Sustentabilidade - HH Global\",\"isPartOf\":{\"@id\":\"https:\\\/\\\/www.hhglobal.com\\\/pt\\\/#website\"},\"datePublished\":\"2022-05-19T12:39:43+00:00\",\"breadcrumb\":{\"@id\":\"https:\\\/\\\/www.hhglobal.com\\\/pt\\\/sustainability\\\/#breadcrumb\"},\"inLanguage\":\"pt\",\"potentialAction\":[{\"@type\":\"ReadAction\",\"target\":[\"https:\\\/\\\/www.hhglobal.com\\\/pt\\\/sustainability\\\/\"]}]},{\"@type\":\"BreadcrumbList\",\"@id\":\"https:\\\/\\\/www.hhglobal.com\\\/pt\\\/sustainability\\\/#breadcrumb\",\"itemListElement\":[{\"@type\":\"ListItem\",\"position\":1,\"name\":\"Home\",\"item\":\"https:\\\/\\\/www.hhglobal.com\\\/pt\\\/\"},{\"@type\":\"ListItem\",\"position\":2,\"name\":\"Sustentabilidade\"}]},{\"@type\":\"WebSite\",\"@id\":\"https:\\\/\\\/www.hhglobal.com\\\/pt\\\/#website\",\"url\":\"https:\\\/\\\/www.hhglobal.com\\\/pt\\\/\",\"name\":\"HH Global\",\"description\":\"The global, tech-enabled creative production and procurement partner.\",\"publisher\":{\"@id\":\"https:\\\/\\\/www.hhglobal.com\\\/pt\\\/#organization\"},\"potentialAction\":[{\"@type\":\"SearchAction\",\"target\":{\"@type\":\"EntryPoint\",\"urlTemplate\":\"https:\\\/\\\/www.hhglobal.com\\\/pt\\\/?s={search_term_string}\"},\"query-input\":{\"@type\":\"PropertyValueSpecification\",\"valueRequired\":true,\"valueName\":\"search_term_string\"}}],\"inLanguage\":\"pt\"},{\"@type\":\"Organization\",\"@id\":\"https:\\\/\\\/www.hhglobal.com\\\/pt\\\/#organization\",\"name\":\"HH Global\",\"url\":\"https:\\\/\\\/www.hhglobal.com\\\/pt\\\/\",\"logo\":{\"@type\":\"ImageObject\",\"inLanguage\":\"pt\",\"@id\":\"https:\\\/\\\/www.hhglobal.com\\\/pt\\\/#\\\/schema\\\/logo\\\/image\\\/\",\"url\":\"https:\\\/\\\/www.hhglobal.com\\\/wp-content\\\/uploads\\\/2023\\\/12\\\/logo-white.svg\",\"contentUrl\":\"https:\\\/\\\/www.hhglobal.com\\\/wp-content\\\/uploads\\\/2023\\\/12\\\/logo-white.svg\",\"width\":77,\"height\":18,\"caption\":\"HH Global\"},\"image\":{\"@id\":\"https:\\\/\\\/www.hhglobal.com\\\/pt\\\/#\\\/schema\\\/logo\\\/image\\\/\"}}]}<\/script>\n<!-- \/ Yoast SEO plugin. -->","yoast_head_json":{"title":"Sustentabilidade - HH Global","robots":{"index":"index","follow":"follow","max-snippet":"max-snippet:-1","max-image-preview":"max-image-preview:large","max-video-preview":"max-video-preview:-1"},"canonical":"https:\/\/www.hhglobal.com\/pt\/sustainability\/","og_locale":"pt_PT","og_type":"article","og_title":"Sustentabilidade - HH Global","og_url":"https:\/\/www.hhglobal.com\/pt\/sustainability\/","og_site_name":"HH Global","twitter_card":"summary_large_image","schema":{"@context":"https:\/\/schema.org","@graph":[{"@type":"WebPage","@id":"https:\/\/www.hhglobal.com\/pt\/sustainability\/","url":"https:\/\/www.hhglobal.com\/pt\/sustainability\/","name":"Sustentabilidade - HH Global","isPartOf":{"@id":"https:\/\/www.hhglobal.com\/pt\/#website"},"datePublished":"2022-05-19T12:39:43+00:00","breadcrumb":{"@id":"https:\/\/www.hhglobal.com\/pt\/sustainability\/#breadcrumb"},"inLanguage":"pt","potentialAction":[{"@type":"ReadAction","target":["https:\/\/www.hhglobal.com\/pt\/sustainability\/"]}]},{"@type":"BreadcrumbList","@id":"https:\/\/www.hhglobal.com\/pt\/sustainability\/#breadcrumb","itemListElement":[{"@type":"ListItem","position":1,"name":"Home","item":"https:\/\/www.hhglobal.com\/pt\/"},{"@type":"ListItem","position":2,"name":"Sustentabilidade"}]},{"@type":"WebSite","@id":"https:\/\/www.hhglobal.com\/pt\/#website","url":"https:\/\/www.hhglobal.com\/pt\/","name":"HH Global","description":"The global, tech-enabled creative production and procurement partner.","publisher":{"@id":"https:\/\/www.hhglobal.com\/pt\/#organization"},"potentialAction":[{"@type":"SearchAction","target":{"@type":"EntryPoint","urlTemplate":"https:\/\/www.hhglobal.com\/pt\/?s={search_term_string}"},"query-input":{"@type":"PropertyValueSpecification","valueRequired":true,"valueName":"search_term_string"}}],"inLanguage":"pt"},{"@type":"Organization","@id":"https:\/\/www.hhglobal.com\/pt\/#organization","name":"HH Global","url":"https:\/\/www.hhglobal.com\/pt\/","logo":{"@type":"ImageObject","inLanguage":"pt","@id":"https:\/\/www.hhglobal.com\/pt\/#\/schema\/logo\/image\/","url":"https:\/\/www.hhglobal.com\/wp-content\/uploads\/2023\/12\/logo-white.svg","contentUrl":"https:\/\/www.hhglobal.com\/wp-content\/uploads\/2023\/12\/logo-white.svg","width":77,"height":18,"caption":"HH Global"},"image":{"@id":"https:\/\/www.hhglobal.com\/pt\/#\/schema\/logo\/image\/"}}]}},"_links":{"self":[{"href":"https:\/\/www.hhglobal.com\/pt\/wp-json\/wp\/v2\/pages\/10185","targetHints":{"allow":["GET"]}}],"collection":[{"href":"https:\/\/www.hhglobal.com\/pt\/wp-json\/wp\/v2\/pages"}],"about":[{"href":"https:\/\/www.hhglobal.com\/pt\/wp-json\/wp\/v2\/types\/page"}],"author":[{"embeddable":true,"href":"https:\/\/www.hhglobal.com\/pt\/wp-json\/wp\/v2\/users\/41"}],"replies":[{"embeddable":true,"href":"https:\/\/www.hhglobal.com\/pt\/wp-json\/wp\/v2\/comments?post=10185"}],"version-history":[{"count":0,"href":"https:\/\/www.hhglobal.com\/pt\/wp-json\/wp\/v2\/pages\/10185\/revisions"}],"wp:attachment":[{"href":"https:\/\/www.hhglobal.com\/pt\/wp-json\/wp\/v2\/media?parent=10185"}],"curies":[{"name":"wp","href":"https:\/\/api.w.org\/{rel}","templated":true}]}}