{"id":10181,"date":"2022-05-19T12:46:27","date_gmt":"2022-05-19T12:46:27","guid":{"rendered":"https:\/\/decoupledhhg.wpengine.com\/technology\/"},"modified":"2023-11-24T14:02:53","modified_gmt":"2023-11-24T14:02:53","slug":"technology","status":"publish","type":"page","link":"https:\/\/www.hhglobal.com\/pt\/what-we-do\/technology\/","title":{"rendered":"Tecnologia"},"content":{"rendered":"","protected":false},"excerpt":{"rendered":"","protected":false},"author":41,"featured_media":0,"parent":0,"menu_order":0,"comment_status":"closed","ping_status":"closed","template":"","meta":{"_acf_changed":"","_yoast_wpseo_focuskw":"","_yoast_wpseo_metadesc":"","_yoast_wpseo_linkdex":"","_yoast_wpseo_content_score":"","_yoast_wpseo_meta-robots-noindex":"","_yoast_wpseo_meta-robots-nofollow":"","inline_featured_image":[],"_genesis_block_theme_hide_title":false,"_cms_nav_minihome":"","_icl_lang_duplicate_of":"","_menu_item_classes":[],"_menu_item_menu_item_parent":"","_menu_item_object":"","_menu_item_object_id":"","_menu_item_orphaned":"","_menu_item_target":"","_menu_item_type":"","_menu_item_url":"","_menu_item_xfn":"","_seedprod_page":"","_seedprod_page_template_type":"","_seedprod_page_uuid":"","_top_nav_excluded":"","_wp_attachment_backup_sizes":[],"_wp_attachment_context":"","_wp_attachment_image_alt":"","_wp_old_date":"","_wpcode_auto_insert":"","_wpcode_auto_insert_number":"","_wpcode_library_id":"","_wpml_media_duplicate":"1","_wpml_media_featured":"1","_wpml_post_translation_editor_native":"","_wpml_word_count":"{\"total\":26,\"to_translate\":null}","_yoast_wpseo_estimated-reading-time-minutes":[],"_yoast_wpseo_primary_category":"","_yoast_wpseo_primary_industry":"","_yoast_wpseo_primary_solution":"","_yoast_wpseo_primary_the_author":"","_yoast_wpseo_wordproof_timestamp":"","acfml_non_translatable_locations":[],"career_externalLink":"","career_featuredImage":"","career_title":"","casestudy_featuredImage":"","casestudy_title":"","infocallout_excerpt":"","infocallout_featuredImage":"","infocallout_title":"","jobTitle":"","language":"","name":"","profilePicture":"","wp-smpro-smush-data":[],"wp-smush-animated":"","wp-smush-ignore-bulk":"","wp-smush-lossy":"","wpml_media_processed":"","_wpcode_conditional_logic_enabled":"","_wpcode_location_extra":"","_wpcode_note":"","_wpcode_priority":"","_wpcode_shortcode_attributes":[],"footnotes":""},"class_list":["post-10181","page","type-page","status-publish","hentry","post","without-featured-image"],"acf":{"page_title":"Tecnologia exclusiva para um ROI eficiente e marketing superior","page_description":"Nossa tecnologia de ponta exclusiva impulsiona a efici\u00eancia operacional, a visibilidade do desempenho e o ROI para nossos clientes","social_title":"","social_description":"","social_share_image":null,"modules":[{"acf_fc_layout":"hero","size":"medium2","theme":"dark","choose_images":[{"image":11074},{"image":10623},{"image":10679},{"image":10182}],"show_eyebrow":false,"eyebrow":"","title":"Tecnologia","show_cta":false,"cta_url":"","cta_title":""},{"acf_fc_layout":"intro_content_block","container_background_color":"bg-white","type":false,"show_image":false,"intro_image":null,"show_background":false,"background":null,"show_eyebrow":false,"eyebrow":"","show_designations":false,"designations":null,"show_title":true,"size":"large","title":"Inova\u00e7\u00e3o de plataforma e ativa\u00e7\u00e3o de marketing simplificada","show_intro":false,"intro":"","show_body":false,"body":"","show_labels":false,"labels":{"show_social":false,"custom_categories":null}},{"acf_fc_layout":"text_with_media_carousel","theme":"light","container_background_color":"bg-grey","highlight_color":"purple","title":"Tecnologia exclusiva para impulsionar o ROI","content":"Nossa tecnologia de ponta gera um impacto de marketing inigual\u00e1vel. Unir marcas, pa\u00edses e regi\u00f5es para alcan\u00e7ar escala em velocidade com insights orientados por dados. Acompanhe os gastos e me\u00e7a o desempenho para melhoria cont\u00ednua. Otimize a funcionalidade a cada passo do caminho para reduzir o desperd\u00edcio, apoiar o crescimento e permitir a transforma\u00e7\u00e3o.\r\n\r\nConstru\u00eddas para empresas globais, nossas ferramentas estrat\u00e9gicas podem se integrar aos sistemas existentes para agilizar todos os aspetos de seu marketing. Isso inclui m\u00f3dulos para ajudar a planejar, criar, adquirir e executar campanhas enquanto fornece insights sobre os resultados.","additional_spacing":false,"features_title":"Linhas de servi\u00e7o","features":[{"navigation_label":"Loja digital","show_title":true,"title":"Loja digital","show_subtitle":false,"subtitle":"","content":"<ul>\r\n \t<li>Frentes de loja online personalizadas para todos os seus materiais de marketing \u2013 f\u00edsicos ou digitais \u2013 atrav\u00e9s de um sistema de com\u00e9rcio eletr\u00f4nico baseado em carrinho de compras<\/li>\r\n \t<li>F\u00e1cil de usar, dispon\u00edvel em 18 idiomas e 38 moedas, permite que os usu\u00e1rios corporativos encontrem, selecionem, encomendem e acompanhem tudo o que precisam de uma \u00fanica fonte<\/li>\r\n \t<li>Os clientes controlam o acesso usando sistemas corporativos, como Ariba e Coupa, para gerenciar identidades de usu\u00e1rios e garantir que o conte\u00fado certo seja apresentado<\/li>\r\n<\/ul>\r\n&nbsp;\r\n\r\n&nbsp;\r\n\r\n&nbsp;","choose_media":[{"image":11235}],"vimeoid":"","ytid":""},{"navigation_label":"Gest\u00e3o de Ativos Digitais","show_title":true,"title":"Gest\u00e3o de Ativos Digitais","show_subtitle":false,"subtitle":"","content":"<ul>\r\n \t<li>Assuma o controle de arquivos de produ\u00e7\u00e3o e ativos das ag\u00eancias e da cadeia de suprimentos com o Hub Digital Asset Manager, um reposit\u00f3rio de arquivos digitais online<\/li>\r\n \t<li>Automatize os fluxos de trabalho fornecendo uma interface integrada e segura para a entrada de arquivos e um processo de lan\u00e7amento robusto, garantindo que os fornecedores de produ\u00e7\u00e3o recebam o arquivo certo no momento certo<\/li>\r\n \t<li>Implante, adapte e reutilize conte\u00fado em todos os canais, f\u00edsicos e digitais, usando metadados inteligentes e bem estruturados<\/li>\r\n<\/ul>","choose_media":[{"image":11076}],"vimeoid":"","ytid":""},{"navigation_label":"Perfilamento de loja","show_title":true,"title":"Perfilamento de loja","show_subtitle":false,"subtitle":"","content":"<ul>\r\n \t<li>Elimine os c\u00e1lculos manuais na determina\u00e7\u00e3o dos requisitos de produ\u00e7\u00e3o para cada loja na rede de um revendedor.<\/li>\r\n \t<li>O Perfilador de Loja de Varejo mant\u00e9m atributos de loja e informa\u00e7\u00f5es de pontos de exibi\u00e7\u00e3o, gerando sinaliza\u00e7\u00e3o e listas de kits automaticamente para reduzir o desperd\u00edcio, garantindo a produ\u00e7\u00e3o apenas do que \u00e9 necess\u00e1rio<\/li>\r\n \t<li>F\u00e1cil de manter e atualizar, o Perfilador de Loja de Varejo permite que a sinaliza\u00e7\u00e3o certa seja implantada no local ideal para gerar impacto<\/li>\r\n<\/ul>","choose_media":[{"image":10649}],"vimeoid":"","ytid":""},{"navigation_label":"Relat\u00f3rios e an\u00e1lises","show_title":true,"title":"Relat\u00f3rios e an\u00e1lises","show_subtitle":false,"subtitle":"","content":"<ul>\r\n \t<li>Pain\u00e9is personalizados com a marca do cliente para relat\u00f3rios, an\u00e1lise de tend\u00eancias e lacunas, sustentabilidade e an\u00e1lise de gastos<\/li>\r\n \t<li>Tenha acesso f\u00e1cil aos dados por meio de relat\u00f3rios e pain\u00e9is configurados, fornecendo insights relevantes e orientados para a a\u00e7\u00e3o para apoiar a tomada de decis\u00f5es e o investimento<\/li>\r\n \t<li>Requer pouco ou nenhum treinamento e permite que nossos clientes trabalhem nas plataformas que desejam usar, reunindo v\u00e1rias fontes de dados em um \u00fanico local<\/li>\r\n \t<li>Permite uma revis\u00e3o r\u00e1pida do desempenho em rela\u00e7\u00e3o aos KPIs acordados, ajudando a manter o foco no que mais importa<\/li>\r\n<\/ul>","choose_media":[{"image":10205}],"vimeoid":"","ytid":""},{"navigation_label":"Produ\u00e7\u00e3o de self-service e Compras","show_title":true,"title":"Produ\u00e7\u00e3o de self-service e Compras","show_subtitle":false,"subtitle":"","content":"<ul>\r\n \t<li>Software de execu\u00e7\u00e3o de marketing com visibilidade completa e controle ideal dos fatores de custo, qualidade, tempo e sustentabilidade durante a produ\u00e7\u00e3o e execu\u00e7\u00e3o da campanha<\/li>\r\n \t<li>Baseado em API e pronto para integra\u00e7\u00e3o, melhore a colabora\u00e7\u00e3o por meio de um fluxo de trabalho de marketing central para equipes internas e ag\u00eancias e fornecedores de terceiros<\/li>\r\n \t<li>Solu\u00e7\u00f5es SaaS flex\u00edveis e altamente configur\u00e1veis, desde o briefing criativo, passando pela aquisi\u00e7\u00e3o e produ\u00e7\u00e3o, at\u00e9 a reconcilia\u00e7\u00e3o de faturas<\/li>\r\n<\/ul>","choose_media":[{"image":11024}],"vimeoid":"","ytid":""}]},{"acf_fc_layout":"content_block","container_background_color":"bg-grey","show_header":false,"header":"","contents":[{"show_header_icon":false,"header_icon":null,"show_header":true,"header":"1,3 milh\u00f5es","header_color":"secondary-blue","show_subheader":true,"subheader":"De transa\u00e7\u00f5es processadas","description":"Atrav\u00e9s da nossa tecnologia, processamos 1,3 milh\u00f5es de transa\u00e7\u00f5es nos \u00faltimos doze meses, incluindo 692.000 itens de linha"},{"show_header_icon":false,"header_icon":null,"show_header":true,"header":"625k","header_color":"purple","show_subheader":true,"subheader":"Transa\u00e7\u00f5es na loja digital","description":"Mais de 625k transa\u00e7\u00f5es na loja digital foram processadas nos \u00faltimos doze meses"},{"show_header_icon":false,"header_icon":null,"show_header":true,"header":"89.485","header_color":"light-purple","show_subheader":true,"subheader":"Usu\u00e1rios ativos","description":"No m\u00eas de maio de 2022, atingimos quase 100.000 usu\u00e1rios ativos da nossa tecnologia"},{"show_header_icon":false,"header_icon":null,"show_header":true,"header":"526k","header_color":"light-purple","show_subheader":true,"subheader":"Projetos geridos","description":"Nos \u00faltimos doze meses, gerimos com sucesso mais de 500 mil projetos"},{"show_header_icon":false,"header_icon":null,"show_header":true,"header":"1,2 milh\u00e3o","header_color":"purple","show_subheader":true,"subheader":"De estimativas de concorrentes","description":"Recebemos 1,2 milh\u00f5es de cota\u00e7\u00f5es de fornecedores nos \u00faltimos doze meses"}]},{"acf_fc_layout":"cards","container_background_color":"bg-pure-black","show_heading":true,"heading":"Explore mais","content":"","cards":{"layout":"case-studies-layout","sub_layout":"simple","cards_display_mode":"bg-white","solution_term":null,"industry_term":null,"author_term":null,"region_term":null,"choose_cards":null,"choose_case_studies":[10161,10148],"choose_featured_case_studies":null,"choose_staff_members":null,"choose_careers":null,"choose_info_callouts":null,"show_titles":true,"show_description":true,"show_date":false,"show_sector":false}},{"acf_fc_layout":"contact_form","title":"Entre em contato"}]},"yoast_head":"<!-- This site is optimized with the Yoast SEO plugin v27.3 - https:\/\/yoast.com\/product\/yoast-seo-wordpress\/ -->\n<title>Tecnologia - HH Global<\/title>\n<meta name=\"robots\" content=\"index, follow, max-snippet:-1, max-image-preview:large, max-video-preview:-1\" \/>\n<link rel=\"canonical\" href=\"https:\/\/www.hhglobal.com\/pt\/what-we-do\/technology\/\" \/>\n<meta property=\"og:locale\" content=\"pt_PT\" \/>\n<meta property=\"og:type\" content=\"article\" \/>\n<meta property=\"og:title\" content=\"Tecnologia - HH Global\" \/>\n<meta property=\"og:url\" content=\"https:\/\/www.hhglobal.com\/pt\/what-we-do\/technology\/\" \/>\n<meta property=\"og:site_name\" content=\"HH Global\" \/>\n<meta property=\"article:modified_time\" content=\"2023-11-24T14:02:53+00:00\" \/>\n<meta name=\"twitter:card\" content=\"summary_large_image\" \/>\n<script type=\"application\/ld+json\" class=\"yoast-schema-graph\">{\"@context\":\"https:\\\/\\\/schema.org\",\"@graph\":[{\"@type\":\"WebPage\",\"@id\":\"https:\\\/\\\/www.hhglobal.com\\\/pt\\\/what-we-do\\\/technology\\\/\",\"url\":\"https:\\\/\\\/www.hhglobal.com\\\/pt\\\/what-we-do\\\/technology\\\/\",\"name\":\"Tecnologia - HH Global\",\"isPartOf\":{\"@id\":\"https:\\\/\\\/www.hhglobal.com\\\/pt\\\/#website\"},\"datePublished\":\"2022-05-19T12:46:27+00:00\",\"dateModified\":\"2023-11-24T14:02:53+00:00\",\"breadcrumb\":{\"@id\":\"https:\\\/\\\/www.hhglobal.com\\\/pt\\\/what-we-do\\\/technology\\\/#breadcrumb\"},\"inLanguage\":\"pt\",\"potentialAction\":[{\"@type\":\"ReadAction\",\"target\":[\"https:\\\/\\\/www.hhglobal.com\\\/pt\\\/what-we-do\\\/technology\\\/\"]}]},{\"@type\":\"BreadcrumbList\",\"@id\":\"https:\\\/\\\/www.hhglobal.com\\\/pt\\\/what-we-do\\\/technology\\\/#breadcrumb\",\"itemListElement\":[{\"@type\":\"ListItem\",\"position\":1,\"name\":\"Home\",\"item\":\"https:\\\/\\\/www.hhglobal.com\\\/pt\\\/\"},{\"@type\":\"ListItem\",\"position\":2,\"name\":\"Tecnologia\"}]},{\"@type\":\"WebSite\",\"@id\":\"https:\\\/\\\/www.hhglobal.com\\\/pt\\\/#website\",\"url\":\"https:\\\/\\\/www.hhglobal.com\\\/pt\\\/\",\"name\":\"HH Global\",\"description\":\"The global, tech-enabled creative production and procurement partner.\",\"publisher\":{\"@id\":\"https:\\\/\\\/www.hhglobal.com\\\/pt\\\/#organization\"},\"potentialAction\":[{\"@type\":\"SearchAction\",\"target\":{\"@type\":\"EntryPoint\",\"urlTemplate\":\"https:\\\/\\\/www.hhglobal.com\\\/pt\\\/?s={search_term_string}\"},\"query-input\":{\"@type\":\"PropertyValueSpecification\",\"valueRequired\":true,\"valueName\":\"search_term_string\"}}],\"inLanguage\":\"pt\"},{\"@type\":\"Organization\",\"@id\":\"https:\\\/\\\/www.hhglobal.com\\\/pt\\\/#organization\",\"name\":\"HH Global\",\"url\":\"https:\\\/\\\/www.hhglobal.com\\\/pt\\\/\",\"logo\":{\"@type\":\"ImageObject\",\"inLanguage\":\"pt\",\"@id\":\"https:\\\/\\\/www.hhglobal.com\\\/pt\\\/#\\\/schema\\\/logo\\\/image\\\/\",\"url\":\"https:\\\/\\\/www.hhglobal.com\\\/wp-content\\\/uploads\\\/2023\\\/12\\\/logo-white.svg\",\"contentUrl\":\"https:\\\/\\\/www.hhglobal.com\\\/wp-content\\\/uploads\\\/2023\\\/12\\\/logo-white.svg\",\"width\":77,\"height\":18,\"caption\":\"HH Global\"},\"image\":{\"@id\":\"https:\\\/\\\/www.hhglobal.com\\\/pt\\\/#\\\/schema\\\/logo\\\/image\\\/\"}}]}<\/script>\n<!-- \/ Yoast SEO plugin. -->","yoast_head_json":{"title":"Tecnologia - HH Global","robots":{"index":"index","follow":"follow","max-snippet":"max-snippet:-1","max-image-preview":"max-image-preview:large","max-video-preview":"max-video-preview:-1"},"canonical":"https:\/\/www.hhglobal.com\/pt\/what-we-do\/technology\/","og_locale":"pt_PT","og_type":"article","og_title":"Tecnologia - HH Global","og_url":"https:\/\/www.hhglobal.com\/pt\/what-we-do\/technology\/","og_site_name":"HH Global","article_modified_time":"2023-11-24T14:02:53+00:00","twitter_card":"summary_large_image","schema":{"@context":"https:\/\/schema.org","@graph":[{"@type":"WebPage","@id":"https:\/\/www.hhglobal.com\/pt\/what-we-do\/technology\/","url":"https:\/\/www.hhglobal.com\/pt\/what-we-do\/technology\/","name":"Tecnologia - HH Global","isPartOf":{"@id":"https:\/\/www.hhglobal.com\/pt\/#website"},"datePublished":"2022-05-19T12:46:27+00:00","dateModified":"2023-11-24T14:02:53+00:00","breadcrumb":{"@id":"https:\/\/www.hhglobal.com\/pt\/what-we-do\/technology\/#breadcrumb"},"inLanguage":"pt","potentialAction":[{"@type":"ReadAction","target":["https:\/\/www.hhglobal.com\/pt\/what-we-do\/technology\/"]}]},{"@type":"BreadcrumbList","@id":"https:\/\/www.hhglobal.com\/pt\/what-we-do\/technology\/#breadcrumb","itemListElement":[{"@type":"ListItem","position":1,"name":"Home","item":"https:\/\/www.hhglobal.com\/pt\/"},{"@type":"ListItem","position":2,"name":"Tecnologia"}]},{"@type":"WebSite","@id":"https:\/\/www.hhglobal.com\/pt\/#website","url":"https:\/\/www.hhglobal.com\/pt\/","name":"HH Global","description":"The global, tech-enabled creative production and procurement partner.","publisher":{"@id":"https:\/\/www.hhglobal.com\/pt\/#organization"},"potentialAction":[{"@type":"SearchAction","target":{"@type":"EntryPoint","urlTemplate":"https:\/\/www.hhglobal.com\/pt\/?s={search_term_string}"},"query-input":{"@type":"PropertyValueSpecification","valueRequired":true,"valueName":"search_term_string"}}],"inLanguage":"pt"},{"@type":"Organization","@id":"https:\/\/www.hhglobal.com\/pt\/#organization","name":"HH Global","url":"https:\/\/www.hhglobal.com\/pt\/","logo":{"@type":"ImageObject","inLanguage":"pt","@id":"https:\/\/www.hhglobal.com\/pt\/#\/schema\/logo\/image\/","url":"https:\/\/www.hhglobal.com\/wp-content\/uploads\/2023\/12\/logo-white.svg","contentUrl":"https:\/\/www.hhglobal.com\/wp-content\/uploads\/2023\/12\/logo-white.svg","width":77,"height":18,"caption":"HH Global"},"image":{"@id":"https:\/\/www.hhglobal.com\/pt\/#\/schema\/logo\/image\/"}}]}},"_links":{"self":[{"href":"https:\/\/www.hhglobal.com\/pt\/wp-json\/wp\/v2\/pages\/10181","targetHints":{"allow":["GET"]}}],"collection":[{"href":"https:\/\/www.hhglobal.com\/pt\/wp-json\/wp\/v2\/pages"}],"about":[{"href":"https:\/\/www.hhglobal.com\/pt\/wp-json\/wp\/v2\/types\/page"}],"author":[{"embeddable":true,"href":"https:\/\/www.hhglobal.com\/pt\/wp-json\/wp\/v2\/users\/41"}],"replies":[{"embeddable":true,"href":"https:\/\/www.hhglobal.com\/pt\/wp-json\/wp\/v2\/comments?post=10181"}],"version-history":[{"count":0,"href":"https:\/\/www.hhglobal.com\/pt\/wp-json\/wp\/v2\/pages\/10181\/revisions"}],"wp:attachment":[{"href":"https:\/\/www.hhglobal.com\/pt\/wp-json\/wp\/v2\/media?parent=10181"}],"curies":[{"name":"wp","href":"https:\/\/api.w.org\/{rel}","templated":true}]}}