{"id":10179,"date":"2022-05-19T12:46:43","date_gmt":"2022-05-19T12:46:43","guid":{"rendered":"https:\/\/decoupledhhg.wpengine.com\/procurement\/"},"modified":"2023-11-24T14:11:07","modified_gmt":"2023-11-24T14:11:07","slug":"procurement","status":"publish","type":"page","link":"https:\/\/www.hhglobal.com\/pt\/what-we-do\/procurement\/","title":{"rendered":"Compras"},"content":{"rendered":"","protected":false},"excerpt":{"rendered":"","protected":false},"author":41,"featured_media":0,"parent":0,"menu_order":0,"comment_status":"closed","ping_status":"closed","template":"","meta":{"_acf_changed":"","_yoast_wpseo_focuskw":"","_yoast_wpseo_metadesc":"","_yoast_wpseo_linkdex":"","_yoast_wpseo_content_score":"","_yoast_wpseo_meta-robots-noindex":"","_yoast_wpseo_meta-robots-nofollow":"","inline_featured_image":[],"_genesis_block_theme_hide_title":false,"_cms_nav_minihome":"","_icl_lang_duplicate_of":"","_menu_item_classes":[],"_menu_item_menu_item_parent":"","_menu_item_object":"","_menu_item_object_id":"","_menu_item_orphaned":"","_menu_item_target":"","_menu_item_type":"","_menu_item_url":"","_menu_item_xfn":"","_seedprod_page":"","_seedprod_page_template_type":"","_seedprod_page_uuid":"","_top_nav_excluded":"","_wp_attachment_backup_sizes":[],"_wp_attachment_context":"","_wp_attachment_image_alt":"","_wp_old_date":"","_wpcode_auto_insert":"","_wpcode_auto_insert_number":"","_wpcode_library_id":"","_wpml_media_duplicate":"1","_wpml_media_featured":"1","_wpml_post_translation_editor_native":"","_wpml_word_count":"{\"total\":444,\"to_translate\":{\"zh-hans\":444,\"cs\":444,\"de\":444,\"ja\":444,\"pt-br\":444,\"es\":444}}","_yoast_wpseo_estimated-reading-time-minutes":[],"_yoast_wpseo_primary_category":"","_yoast_wpseo_primary_industry":"","_yoast_wpseo_primary_solution":"","_yoast_wpseo_primary_the_author":"","_yoast_wpseo_wordproof_timestamp":"","acfml_non_translatable_locations":[],"career_externalLink":"","career_featuredImage":"","career_title":"","casestudy_featuredImage":"","casestudy_title":"","infocallout_excerpt":"","infocallout_featuredImage":"","infocallout_title":"","jobTitle":"","language":"","name":"","profilePicture":"","wp-smpro-smush-data":[],"wp-smush-animated":"","wp-smush-ignore-bulk":"","wp-smush-lossy":"","wpml_media_processed":"","_wpcode_conditional_logic_enabled":"","_wpcode_location_extra":"","_wpcode_note":"","_wpcode_priority":"","_wpcode_shortcode_attributes":[],"footnotes":""},"class_list":["post-10179","page","type-page","status-publish","hentry","post","without-featured-image"],"acf":{"page_title":"Experi\u00eancia em compras para o sucesso global de marketing | HH Global","page_description":"Contate a HH Global, especialistas em compras criativas, para a contrata\u00e7\u00e3o da cadeia de suprimentos de uma ampla rede de fornecedores mundiais que atender\u00e3o \u00e0s necessidades do seu projeto","social_title":"","social_description":"","social_share_image":null,"modules":[{"acf_fc_layout":"hero","size":"medium2","theme":"dark","choose_images":[{"image":11155},{"image":10389},{"image":11070},{"image":11066}],"show_eyebrow":false,"eyebrow":"","title":"Compras","show_cta":false,"cta_url":"","cta_title":""},{"acf_fc_layout":"intro_content_block","container_background_color":"bg-white","type":false,"show_image":false,"intro_image":null,"show_background":false,"background":null,"show_eyebrow":false,"eyebrow":"","show_designations":false,"designations":null,"show_title":true,"size":"large","title":"Experi\u00eancia em compras para o sucesso global de marketing","show_intro":false,"intro":"","show_body":false,"body":"","show_labels":false,"labels":{"show_social":false,"custom_categories":null}},{"acf_fc_layout":"text_with_media_carousel","theme":"light","container_background_color":"bg-grey","highlight_color":"purple","title":"Acesse conte\u00fados \u00fanicos de compras, alavancagem e escala ","content":"A experi\u00eancia de canal e os recursos mundiais da HH Global oferecem programas personalizados que otimizam sua cadeia de suprimentos enquanto mitigam riscos. Como l\u00edder do setor em compras, temos mais gastos sob gest\u00e3o do que qualquer concorrente. Temos acesso a mais de 15.000 fornecedores em todas as categorias globais. Isso confere a voc\u00ea uma alavancagem extraordin\u00e1ria para alcan\u00e7ar a qualidade a um custo mais baixo.\r\n\r\nInvestimos continuamente em uma cadeia de suprimentos cada vez mais sustent\u00e1vel, que promove a diversidade e a inclus\u00e3o. Isso significa que, enquanto voc\u00ea est\u00e1 reduzindo os custos e melhorando a velocidade de comercializa\u00e7\u00e3o, voc\u00ea tamb\u00e9m pode cumprir e exceder as metas de meio ambiente corporativo, social e governan\u00e7a.","additional_spacing":false,"features_title":"Linhas de servi\u00e7o","features":[{"navigation_label":"Otimiza\u00e7\u00e3o da cadeia de fornecimento","show_title":true,"title":"Otimiza\u00e7\u00e3o da cadeia de fornecimento","show_subtitle":false,"subtitle":"","content":"<strong>Otimiza\u00e7\u00e3o da cadeia de fornecimento<\/strong>\r\n<ul>\r\n \t<li>Combinamos os requisitos do cliente com os melhores fornecedores para o projeto, minimizando o custo total de propriedade<\/li>\r\n \t<li>A sele\u00e7\u00e3o de fornecedores tem como base an\u00e1lises aprofundadas de cada parceiro estrat\u00e9gico de fornecedores, desde a integra\u00e7\u00e3o at\u00e9 a execu\u00e7\u00e3o final do projeto<\/li>\r\n \t<li>Avaliamos mais de 20 crit\u00e9rios entre categorias de geografia, capacidades, estabilidade e desempenho<\/li>\r\n<\/ul>","choose_media":[{"image":11040}],"vimeoid":"","ytid":""},{"navigation_label":"Compra de marketing sustent\u00e1vel","show_title":true,"title":"Compra de marketing sustent\u00e1vel","show_subtitle":false,"subtitle":"","content":"<strong>Compra de marketing sustent\u00e1vel<\/strong>\r\n<ul>\r\n \t<li>A HH Global define o padr\u00e3o para neg\u00f3cios respons\u00e1veis nos \u00e2mbitos social e de sustentabilidade, al\u00e9m de uma \u00e9tica s\u00f3lida em conformidade com as leis e regulamentos aplic\u00e1veis<\/li>\r\n \t<li>Estamos comprometidos com condi\u00e7\u00f5es de trabalho seguras em toda a cadeia de suprimentos, respeito e dignidade para todos os colaboradores e processos de fabrica\u00e7\u00e3o ambientalmente e socialmente respons\u00e1veis<\/li>\r\n \t<li>Nossos parceiros fornecedores estrat\u00e9gicos t\u00eam o dever de cumprir com todas as leis e regulamentos ambientais aplic\u00e1veis e pr\u00e1ticas s\u00f3lidas da ind\u00fastria, como gerenciamento e descarte de res\u00edduos qu\u00edmicos e res\u00edduos, reciclagem, tratamento e descarga de \u00e1guas residuais industriais, controles de emiss\u00f5es de ar, licen\u00e7as ambientais e relat\u00f3rios ambientais<\/li>\r\n<\/ul>","choose_media":[{"image":11105}],"vimeoid":"","ytid":""},{"navigation_label":"Gest\u00e3o de gastos perif\u00e9ricos","show_title":true,"title":"Gest\u00e3o de gastos perif\u00e9ricos","show_subtitle":false,"subtitle":"","content":"<strong>Gest\u00e3o de gastos perif\u00e9ricos<\/strong>\r\n<ul>\r\n \t<li>A gest\u00e3o de gastos perif\u00e9ricos \u00e9 um compromisso com nossos parceiros fornecedores estrat\u00e9gicos, essencial para a nossa estrat\u00e9gia de contrata\u00e7\u00e3o<\/li>\r\n \t<li>A supervis\u00e3o dos gastos perif\u00e9ricos \u00e9 fundamental para o nosso processo regular de relat\u00f3rios e avalia\u00e7\u00e3o cont\u00ednua de fornecedores<\/li>\r\n<\/ul>","choose_media":[{"image":11233}],"vimeoid":"","ytid":""}]},{"acf_fc_layout":"content_block","container_background_color":"bg-grey","show_header":false,"header":"","contents":[{"show_header_icon":false,"header_icon":null,"show_header":true,"header":"+8.600","header_color":"secondary-blue","show_subheader":true,"subheader":"Parceiros estrat\u00e9gicos","description":"Cobrimos 19 categorias-chave de gastos com marketing com a nossa rede global"},{"show_header_icon":false,"header_icon":null,"show_header":true,"header":"25%","header_color":"purple","show_subheader":true,"subheader":"Economia para o cliente","description":"Geramos muita economia para os nossos clientes, aproveitando a nossa escala de compras"},{"show_header_icon":false,"header_icon":null,"show_header":true,"header":"+300","header_color":"light-purple","show_subheader":true,"subheader":"Especialistas em contrata\u00e7\u00e3o estrat\u00e9gica","description":"Nossa equipe global de contrata\u00e7\u00e3o \u00e9 composta por especialistas em uma ampla gama de categorias de produtos"},{"show_header_icon":false,"header_icon":null,"show_header":true,"header":"+7 milh\u00f5es","header_color":"light-purple","show_subheader":true,"subheader":"De p\u00e9s quadrados (ft\u00b2) em todo o mundo","description":"Mantemos dep\u00f3sitos com enormes capacidades estrategicamente localizados em cada regi\u00e3o do mundo"},{"show_header_icon":false,"header_icon":null,"show_header":true,"header":"+2 milh\u00f5es","header_color":"purple","show_subheader":true,"subheader":"De envios e encomendas","description":"Entregamos com sucesso milh\u00f5es de pe\u00e7as todos os anos atrav\u00e9s da nossa extensa rede global"}]},{"acf_fc_layout":"cards","container_background_color":"bg-pure-black","show_heading":true,"heading":"Explore mais","content":"","cards":{"layout":"case-studies-layout","sub_layout":"simple","cards_display_mode":"bg-white","solution_term":null,"industry_term":null,"author_term":null,"region_term":null,"choose_cards":null,"choose_case_studies":[10164,10148],"choose_featured_case_studies":null,"choose_staff_members":null,"choose_careers":null,"choose_info_callouts":null,"show_titles":true,"show_description":true,"show_date":false,"show_sector":false}},{"acf_fc_layout":"contact_form","title":"Est\u00e1 procurando gerar maior valor  a sua cadeia de suprimentos de marketing? Estamos aqui para ajud\u00e1-lo."}]},"yoast_head":"<!-- This site is optimized with the Yoast SEO plugin v27.3 - https:\/\/yoast.com\/product\/yoast-seo-wordpress\/ -->\n<title>Compras - HH Global<\/title>\n<meta name=\"robots\" content=\"index, follow, max-snippet:-1, max-image-preview:large, max-video-preview:-1\" \/>\n<link rel=\"canonical\" href=\"https:\/\/www.hhglobal.com\/pt\/what-we-do\/procurement\/\" \/>\n<meta property=\"og:locale\" content=\"pt_PT\" \/>\n<meta property=\"og:type\" content=\"article\" \/>\n<meta property=\"og:title\" content=\"Compras - HH Global\" \/>\n<meta property=\"og:url\" content=\"https:\/\/www.hhglobal.com\/pt\/what-we-do\/procurement\/\" \/>\n<meta property=\"og:site_name\" content=\"HH Global\" \/>\n<meta property=\"article:modified_time\" content=\"2023-11-24T14:11:07+00:00\" \/>\n<meta name=\"twitter:card\" content=\"summary_large_image\" \/>\n<script type=\"application\/ld+json\" class=\"yoast-schema-graph\">{\"@context\":\"https:\\\/\\\/schema.org\",\"@graph\":[{\"@type\":\"WebPage\",\"@id\":\"https:\\\/\\\/www.hhglobal.com\\\/pt\\\/what-we-do\\\/procurement\\\/\",\"url\":\"https:\\\/\\\/www.hhglobal.com\\\/pt\\\/what-we-do\\\/procurement\\\/\",\"name\":\"Compras - HH Global\",\"isPartOf\":{\"@id\":\"https:\\\/\\\/www.hhglobal.com\\\/pt\\\/#website\"},\"datePublished\":\"2022-05-19T12:46:43+00:00\",\"dateModified\":\"2023-11-24T14:11:07+00:00\",\"breadcrumb\":{\"@id\":\"https:\\\/\\\/www.hhglobal.com\\\/pt\\\/what-we-do\\\/procurement\\\/#breadcrumb\"},\"inLanguage\":\"pt\",\"potentialAction\":[{\"@type\":\"ReadAction\",\"target\":[\"https:\\\/\\\/www.hhglobal.com\\\/pt\\\/what-we-do\\\/procurement\\\/\"]}]},{\"@type\":\"BreadcrumbList\",\"@id\":\"https:\\\/\\\/www.hhglobal.com\\\/pt\\\/what-we-do\\\/procurement\\\/#breadcrumb\",\"itemListElement\":[{\"@type\":\"ListItem\",\"position\":1,\"name\":\"Home\",\"item\":\"https:\\\/\\\/www.hhglobal.com\\\/pt\\\/\"},{\"@type\":\"ListItem\",\"position\":2,\"name\":\"Compras\"}]},{\"@type\":\"WebSite\",\"@id\":\"https:\\\/\\\/www.hhglobal.com\\\/pt\\\/#website\",\"url\":\"https:\\\/\\\/www.hhglobal.com\\\/pt\\\/\",\"name\":\"HH Global\",\"description\":\"The global, tech-enabled creative production and procurement partner.\",\"publisher\":{\"@id\":\"https:\\\/\\\/www.hhglobal.com\\\/pt\\\/#organization\"},\"potentialAction\":[{\"@type\":\"SearchAction\",\"target\":{\"@type\":\"EntryPoint\",\"urlTemplate\":\"https:\\\/\\\/www.hhglobal.com\\\/pt\\\/?s={search_term_string}\"},\"query-input\":{\"@type\":\"PropertyValueSpecification\",\"valueRequired\":true,\"valueName\":\"search_term_string\"}}],\"inLanguage\":\"pt\"},{\"@type\":\"Organization\",\"@id\":\"https:\\\/\\\/www.hhglobal.com\\\/pt\\\/#organization\",\"name\":\"HH Global\",\"url\":\"https:\\\/\\\/www.hhglobal.com\\\/pt\\\/\",\"logo\":{\"@type\":\"ImageObject\",\"inLanguage\":\"pt\",\"@id\":\"https:\\\/\\\/www.hhglobal.com\\\/pt\\\/#\\\/schema\\\/logo\\\/image\\\/\",\"url\":\"https:\\\/\\\/www.hhglobal.com\\\/wp-content\\\/uploads\\\/2023\\\/12\\\/logo-white.svg\",\"contentUrl\":\"https:\\\/\\\/www.hhglobal.com\\\/wp-content\\\/uploads\\\/2023\\\/12\\\/logo-white.svg\",\"width\":77,\"height\":18,\"caption\":\"HH Global\"},\"image\":{\"@id\":\"https:\\\/\\\/www.hhglobal.com\\\/pt\\\/#\\\/schema\\\/logo\\\/image\\\/\"}}]}<\/script>\n<!-- \/ Yoast SEO plugin. -->","yoast_head_json":{"title":"Compras - HH Global","robots":{"index":"index","follow":"follow","max-snippet":"max-snippet:-1","max-image-preview":"max-image-preview:large","max-video-preview":"max-video-preview:-1"},"canonical":"https:\/\/www.hhglobal.com\/pt\/what-we-do\/procurement\/","og_locale":"pt_PT","og_type":"article","og_title":"Compras - HH Global","og_url":"https:\/\/www.hhglobal.com\/pt\/what-we-do\/procurement\/","og_site_name":"HH Global","article_modified_time":"2023-11-24T14:11:07+00:00","twitter_card":"summary_large_image","schema":{"@context":"https:\/\/schema.org","@graph":[{"@type":"WebPage","@id":"https:\/\/www.hhglobal.com\/pt\/what-we-do\/procurement\/","url":"https:\/\/www.hhglobal.com\/pt\/what-we-do\/procurement\/","name":"Compras - HH Global","isPartOf":{"@id":"https:\/\/www.hhglobal.com\/pt\/#website"},"datePublished":"2022-05-19T12:46:43+00:00","dateModified":"2023-11-24T14:11:07+00:00","breadcrumb":{"@id":"https:\/\/www.hhglobal.com\/pt\/what-we-do\/procurement\/#breadcrumb"},"inLanguage":"pt","potentialAction":[{"@type":"ReadAction","target":["https:\/\/www.hhglobal.com\/pt\/what-we-do\/procurement\/"]}]},{"@type":"BreadcrumbList","@id":"https:\/\/www.hhglobal.com\/pt\/what-we-do\/procurement\/#breadcrumb","itemListElement":[{"@type":"ListItem","position":1,"name":"Home","item":"https:\/\/www.hhglobal.com\/pt\/"},{"@type":"ListItem","position":2,"name":"Compras"}]},{"@type":"WebSite","@id":"https:\/\/www.hhglobal.com\/pt\/#website","url":"https:\/\/www.hhglobal.com\/pt\/","name":"HH Global","description":"The global, tech-enabled creative production and procurement partner.","publisher":{"@id":"https:\/\/www.hhglobal.com\/pt\/#organization"},"potentialAction":[{"@type":"SearchAction","target":{"@type":"EntryPoint","urlTemplate":"https:\/\/www.hhglobal.com\/pt\/?s={search_term_string}"},"query-input":{"@type":"PropertyValueSpecification","valueRequired":true,"valueName":"search_term_string"}}],"inLanguage":"pt"},{"@type":"Organization","@id":"https:\/\/www.hhglobal.com\/pt\/#organization","name":"HH Global","url":"https:\/\/www.hhglobal.com\/pt\/","logo":{"@type":"ImageObject","inLanguage":"pt","@id":"https:\/\/www.hhglobal.com\/pt\/#\/schema\/logo\/image\/","url":"https:\/\/www.hhglobal.com\/wp-content\/uploads\/2023\/12\/logo-white.svg","contentUrl":"https:\/\/www.hhglobal.com\/wp-content\/uploads\/2023\/12\/logo-white.svg","width":77,"height":18,"caption":"HH Global"},"image":{"@id":"https:\/\/www.hhglobal.com\/pt\/#\/schema\/logo\/image\/"}}]}},"_links":{"self":[{"href":"https:\/\/www.hhglobal.com\/pt\/wp-json\/wp\/v2\/pages\/10179","targetHints":{"allow":["GET"]}}],"collection":[{"href":"https:\/\/www.hhglobal.com\/pt\/wp-json\/wp\/v2\/pages"}],"about":[{"href":"https:\/\/www.hhglobal.com\/pt\/wp-json\/wp\/v2\/types\/page"}],"author":[{"embeddable":true,"href":"https:\/\/www.hhglobal.com\/pt\/wp-json\/wp\/v2\/users\/41"}],"replies":[{"embeddable":true,"href":"https:\/\/www.hhglobal.com\/pt\/wp-json\/wp\/v2\/comments?post=10179"}],"version-history":[{"count":0,"href":"https:\/\/www.hhglobal.com\/pt\/wp-json\/wp\/v2\/pages\/10179\/revisions"}],"wp:attachment":[{"href":"https:\/\/www.hhglobal.com\/pt\/wp-json\/wp\/v2\/media?parent=10179"}],"curies":[{"name":"wp","href":"https:\/\/api.w.org\/{rel}","templated":true}]}}