{"id":10177,"date":"2022-05-19T12:47:26","date_gmt":"2022-05-19T12:47:26","guid":{"rendered":"https:\/\/decoupledhhg.wpengine.com\/logistics\/"},"modified":"2023-11-24T14:17:47","modified_gmt":"2023-11-24T14:17:47","slug":"logistics","status":"publish","type":"page","link":"https:\/\/www.hhglobal.com\/pt\/what-we-do\/logistics\/","title":{"rendered":"Log\u00edstica"},"content":{"rendered":"","protected":false},"excerpt":{"rendered":"","protected":false},"author":41,"featured_media":0,"parent":0,"menu_order":0,"comment_status":"closed","ping_status":"closed","template":"","meta":{"_acf_changed":"","_yoast_wpseo_focuskw":"","_yoast_wpseo_metadesc":"","_yoast_wpseo_linkdex":"","_yoast_wpseo_content_score":"","_yoast_wpseo_meta-robots-noindex":"","_yoast_wpseo_meta-robots-nofollow":"","inline_featured_image":[],"_genesis_block_theme_hide_title":false,"_cms_nav_minihome":"","_icl_lang_duplicate_of":"","_menu_item_classes":[],"_menu_item_menu_item_parent":"","_menu_item_object":"","_menu_item_object_id":"","_menu_item_orphaned":"","_menu_item_target":"","_menu_item_type":"","_menu_item_url":"","_menu_item_xfn":"","_seedprod_page":"","_seedprod_page_template_type":"","_seedprod_page_uuid":"","_top_nav_excluded":"","_wp_attachment_backup_sizes":[],"_wp_attachment_context":"","_wp_attachment_image_alt":"","_wp_old_date":"","_wpcode_auto_insert":"","_wpcode_auto_insert_number":"","_wpcode_library_id":"","_wpml_media_duplicate":"1","_wpml_media_featured":"1","_wpml_post_translation_editor_native":"","_wpml_word_count":"{\"total\":464,\"to_translate\":{\"zh-hans\":464,\"cs\":464,\"de\":464,\"ja\":464,\"pt-br\":464,\"es\":464}}","_yoast_wpseo_estimated-reading-time-minutes":[],"_yoast_wpseo_primary_category":"","_yoast_wpseo_primary_industry":"","_yoast_wpseo_primary_solution":"","_yoast_wpseo_primary_the_author":"","_yoast_wpseo_wordproof_timestamp":"","acfml_non_translatable_locations":[],"career_externalLink":"","career_featuredImage":"","career_title":"","casestudy_featuredImage":"","casestudy_title":"","infocallout_excerpt":"","infocallout_featuredImage":"","infocallout_title":"","jobTitle":"","language":"","name":"","profilePicture":"","wp-smpro-smush-data":[],"wp-smush-animated":"","wp-smush-ignore-bulk":"","wp-smush-lossy":"","wpml_media_processed":"","_wpcode_conditional_logic_enabled":"","_wpcode_location_extra":"","_wpcode_note":"","_wpcode_priority":"","_wpcode_shortcode_attributes":[],"footnotes":""},"class_list":["post-10177","page","type-page","status-publish","hentry","post","without-featured-image"],"acf":{"page_title":"Solu\u00e7\u00f5es de log\u00edstica para marketing global estrat\u00e9gico | HH Global ","page_description":"Deixe que a experi\u00eancia log\u00edstica da HH Global, totalmente integrada com solu\u00e7\u00f5es criativas de produ\u00e7\u00e3o e aquisi\u00e7\u00e3o, traga sucesso de marketing global para sua marca","social_title":"","social_description":"","social_share_image":null,"modules":[{"acf_fc_layout":"hero","size":"medium2","theme":"dark","choose_images":[{"image":10427},{"image":10371},{"image":11046},{"image":11040}],"show_eyebrow":false,"eyebrow":"","title":"Log\u00edstica","show_cta":false,"cta_url":"","cta_title":""},{"acf_fc_layout":"intro_content_block","scroll_to_link":"","container_background_color":"bg-white","type":false,"show_image":false,"intro_image":null,"show_background":false,"background":null,"show_eyebrow":false,"eyebrow":"","show_designations":false,"designations":null,"show_title":true,"size":"large","title":"Solu\u00e7\u00f5es de log\u00edstica para marketing global estrat\u00e9gico","show_intro":false,"intro":"","show_body":false,"body":"","show_labels":false,"labels":{"show_social":false,"custom_categories":null}},{"acf_fc_layout":"text_with_media_carousel","scroll_to_link":"","theme":"light","container_background_color":"bg-grey","highlight_color":"purple","title":"Suas grandes ideias prontas para impactar","content":"Voc\u00ea tem grandes ideias para o seu marketing. Mas os seus materiais de marketing t\u00eam que estar no lugar certo no momento certo para causar um grande impacto. Nosso armazenamento inteligente e tecnol\u00f3gico, juntamente com locais estrat\u00e9gicos em todo o mundo, traz a visibilidade e as vantagens de velocidade de comercializa\u00e7\u00e3o de que voc\u00ea precisa para ter sucesso.\r\n\r\nNa HH Global, priorizamos a compreens\u00e3o do seu neg\u00f3cio, desde o conceito criativo at\u00e9 os detalhes de armazenamento e entrega de seus ativos de marketing. Fazemos uma integra\u00e7\u00e3o total com os seus sistemas atuais, conferindo visibilidade de invent\u00e1rio e acompanhamento para uma gest\u00e3o excepcional. Al\u00e9m disso, a nossa estrat\u00e9gia de sustentabilidade, recursos de medi\u00e7\u00e3o e relat\u00f3rios ajudam voc\u00ea a atender e superar seus objetivos corporativos.","additional_spacing":true,"features_title":"Linhas de servi\u00e7o","features":[{"navigation_label":"Armazenagem e distribui\u00e7\u00e3o","show_title":true,"title":"Armazenagem e distribui\u00e7\u00e3o","show_subtitle":false,"subtitle":"","content":"<strong>Fornecemos solu\u00e7\u00f5es flex\u00edveis de armazenagem e distribui\u00e7\u00e3o em escala que incluem o seguinte:<\/strong>\r\n<ul>\r\n \t<li>Flexibilidade t\u00e1tica para estabelecer rapidamente opera\u00e7\u00f5es que atendam aos objetivos \u00fanicos da sua empresa<\/li>\r\n \t<li>Locais de dep\u00f3sitos distribu\u00eddos para melhor atender \u00e0s necessidades de envio do cliente<\/li>\r\n \t<li>Rede diversificada de prestadores de dep\u00f3sitos certificados que oferecem escalabilidade em todos os setores da ind\u00fastria<\/li>\r\n \t<li>Op\u00e7\u00f5es centralizadas e descentralizadas dispon\u00edveis para atender a qualquer exig\u00eancia de distribui\u00e7\u00e3o<\/li>\r\n \t<li>Base de fornecedores em constante expans\u00e3o para melhorar os servi\u00e7os em todas as rotas<\/li>\r\n \t<li>Economias de escala e economia atrav\u00e9s da agrega\u00e7\u00e3o da atividade do cliente dentro do nosso portf\u00f3lio<\/li>\r\n<\/ul>","choose_media":[{"image":11044}],"vimeoid":"","ytid":""},{"navigation_label":"Otimiza\u00e7\u00e3o de frete","show_title":true,"title":"Otimiza\u00e7\u00e3o de frete","show_subtitle":false,"subtitle":"","content":"<strong>O gerenciamento robusto de frete agiliza seus processos de marketing, invent\u00e1rio e atendimento, como:<\/strong>\r\n<ul>\r\n \t<li>As tecnologias exclusivas de cat\u00e1logo e pain\u00e9is simplificam os pedidos e fornecem insights em tempo real<\/li>\r\n \t<li>Todo o frete gerenciado via software de gerenciamento de transporte on-line<\/li>\r\n \t<li>mais de 14 milh\u00f5es de quilos gerenciados todos os anos<\/li>\r\n \t<li>Prazo de entrega cumprido em 99,5%<\/li>\r\n \t<li>Importa\u00e7\u00f5es e exporta\u00e7\u00f5es para mais de 60 pa\u00edses<\/li>\r\n<\/ul>","choose_media":[{"image":11056}],"vimeoid":"","ytid":""},{"navigation_label":"Montagem e instala\u00e7\u00e3o","show_title":true,"title":"Montagem e instala\u00e7\u00e3o","show_subtitle":false,"subtitle":"","content":"<strong>Somos especializados em coordenar e gerenciar programas de instala\u00e7\u00e3o estrat\u00e9gica para seus ativos de marketing mais importantes, como:<\/strong>\r\n<ul>\r\n \t<li>Sinaliza\u00e7\u00e3o tradicional e digital, lumin\u00e1rias e displays, al\u00e9m de solu\u00e7\u00f5es personalizadas \u00fanicas de todos os n\u00edveis de complexidade<\/li>\r\n \t<li>Equipe interna de especialistas experientes em montagem e instala\u00e7\u00e3o<\/li>\r\n \t<li>Servi\u00e7os especializados e r\u00e1pidos de instala\u00e7\u00e3o em todos os setores<\/li>\r\n \t<li>Servi\u00e7os de gest\u00e3o de projetos a qualquer hora do dia, em qualquer dia do ano<\/li>\r\n \t<li>Comunica\u00e7\u00e3o constante com clientes de gerentes de projeto dedicados<\/li>\r\n \t<li>Resultados confi\u00e1veis e consistentes em cada projeto<\/li>\r\n<\/ul>","choose_media":[{"image":10178}],"vimeoid":"","ytid":""},{"navigation_label":"Embalagem compartilhada","show_title":true,"title":"Embalagem compartilhada","show_subtitle":false,"subtitle":"","content":"<strong>Mantemos uma grande instala\u00e7\u00e3o dedicada, com equipes operacionais e de engenharia para facilitar os servi\u00e7os de display de embalagem compartilhada, como: <\/strong>\r\n<ul>\r\n \t<li>Instala\u00e7\u00e3o de 350.000 p\u00e9s quadrados certificados pela AIB e registrados pelo FDA<\/li>\r\n \t<li>Dois turnos de pessoal para montagem de exibi\u00e7\u00e3o, embalagem compartilhada e embalagem de kit conferem flexibilidade e escala conforme necess\u00e1rio<\/li>\r\n \t<li>Tabela interna da vibra\u00e7\u00e3o para a simula\u00e7\u00e3o do transporte e o teste de frete<\/li>\r\n \t<li>US$175 milh\u00f5es de produtos de consumo embalados e despachados todos os anos<\/li>\r\n<\/ul>","choose_media":[{"image":11187}],"vimeoid":"","ytid":""}]},{"acf_fc_layout":"content_block","container_background_color":"bg-white","show_header":false,"header":"","contents":[{"show_header_icon":false,"header_icon":null,"show_header":true,"header":"+ 7 mil","header_color":"secondary-blue","show_subheader":true,"subheader":"Transportadoras","description":"Na rede"},{"show_header_icon":false,"header_icon":null,"show_header":true,"header":"+ 250","header_color":"purple","show_subheader":true,"subheader":"Produtos lan\u00e7ados","description":"Geridos anualmente"},{"show_header_icon":false,"header_icon":null,"show_header":true,"header":"+ 150","header_color":"light-purple","show_subheader":true,"subheader":"Empresas de FMCG","description":"Apoiadas em todo o mundo"}]},{"acf_fc_layout":"cards","scroll_to_link":"","container_background_color":"bg-pure-black","show_heading":true,"heading":"Explore mais","content":"","cards":{"layout":"case-studies-layout","sub_layout":"simple","cards_display_mode":"bg-white","solution_term":null,"industry_term":null,"author_term":null,"region_term":null,"choose_cards":null,"choose_case_studies":[5739,10167],"choose_featured_case_studies":null,"choose_staff_members":null,"choose_careers":null,"choose_info_callouts":null,"show_titles":true,"show_description":true,"show_date":false,"show_sector":false}},{"acf_fc_layout":"contact_form","scroll_to_link":"","title":"Entre em contato"}]},"yoast_head":"<!-- This site is optimized with the Yoast SEO plugin v27.4 - https:\/\/yoast.com\/product\/yoast-seo-wordpress\/ -->\n<title>Log\u00edstica - HH Global<\/title>\n<meta name=\"robots\" content=\"index, follow, max-snippet:-1, max-image-preview:large, max-video-preview:-1\" \/>\n<link rel=\"canonical\" href=\"https:\/\/www.hhglobal.com\/pt\/what-we-do\/logistics\/\" \/>\n<meta property=\"og:locale\" content=\"pt_PT\" \/>\n<meta property=\"og:type\" content=\"article\" \/>\n<meta property=\"og:title\" content=\"Log\u00edstica - HH Global\" \/>\n<meta property=\"og:url\" content=\"https:\/\/www.hhglobal.com\/pt\/what-we-do\/logistics\/\" \/>\n<meta property=\"og:site_name\" content=\"HH Global\" \/>\n<meta property=\"article:modified_time\" content=\"2023-11-24T14:17:47+00:00\" \/>\n<meta name=\"twitter:card\" content=\"summary_large_image\" \/>\n<script type=\"application\/ld+json\" class=\"yoast-schema-graph\">{\"@context\":\"https:\\\/\\\/schema.org\",\"@graph\":[{\"@type\":\"WebPage\",\"@id\":\"https:\\\/\\\/www.hhglobal.com\\\/pt\\\/what-we-do\\\/logistics\\\/\",\"url\":\"https:\\\/\\\/www.hhglobal.com\\\/pt\\\/what-we-do\\\/logistics\\\/\",\"name\":\"Log\u00edstica - HH Global\",\"isPartOf\":{\"@id\":\"https:\\\/\\\/www.hhglobal.com\\\/pt\\\/#website\"},\"datePublished\":\"2022-05-19T12:47:26+00:00\",\"dateModified\":\"2023-11-24T14:17:47+00:00\",\"breadcrumb\":{\"@id\":\"https:\\\/\\\/www.hhglobal.com\\\/pt\\\/what-we-do\\\/logistics\\\/#breadcrumb\"},\"inLanguage\":\"pt\",\"potentialAction\":[{\"@type\":\"ReadAction\",\"target\":[\"https:\\\/\\\/www.hhglobal.com\\\/pt\\\/what-we-do\\\/logistics\\\/\"]}]},{\"@type\":\"BreadcrumbList\",\"@id\":\"https:\\\/\\\/www.hhglobal.com\\\/pt\\\/what-we-do\\\/logistics\\\/#breadcrumb\",\"itemListElement\":[{\"@type\":\"ListItem\",\"position\":1,\"name\":\"Home\",\"item\":\"https:\\\/\\\/www.hhglobal.com\\\/pt\\\/\"},{\"@type\":\"ListItem\",\"position\":2,\"name\":\"Log\u00edstica\"}]},{\"@type\":\"WebSite\",\"@id\":\"https:\\\/\\\/www.hhglobal.com\\\/pt\\\/#website\",\"url\":\"https:\\\/\\\/www.hhglobal.com\\\/pt\\\/\",\"name\":\"HH Global\",\"description\":\"The global, tech-enabled creative production and procurement partner.\",\"publisher\":{\"@id\":\"https:\\\/\\\/www.hhglobal.com\\\/pt\\\/#organization\"},\"potentialAction\":[{\"@type\":\"SearchAction\",\"target\":{\"@type\":\"EntryPoint\",\"urlTemplate\":\"https:\\\/\\\/www.hhglobal.com\\\/pt\\\/?s={search_term_string}\"},\"query-input\":{\"@type\":\"PropertyValueSpecification\",\"valueRequired\":true,\"valueName\":\"search_term_string\"}}],\"inLanguage\":\"pt\"},{\"@type\":\"Organization\",\"@id\":\"https:\\\/\\\/www.hhglobal.com\\\/pt\\\/#organization\",\"name\":\"HH Global\",\"url\":\"https:\\\/\\\/www.hhglobal.com\\\/pt\\\/\",\"logo\":{\"@type\":\"ImageObject\",\"inLanguage\":\"pt\",\"@id\":\"https:\\\/\\\/www.hhglobal.com\\\/pt\\\/#\\\/schema\\\/logo\\\/image\\\/\",\"url\":\"https:\\\/\\\/www.hhglobal.com\\\/wp-content\\\/uploads\\\/2023\\\/12\\\/logo-white.svg\",\"contentUrl\":\"https:\\\/\\\/www.hhglobal.com\\\/wp-content\\\/uploads\\\/2023\\\/12\\\/logo-white.svg\",\"width\":77,\"height\":18,\"caption\":\"HH Global\"},\"image\":{\"@id\":\"https:\\\/\\\/www.hhglobal.com\\\/pt\\\/#\\\/schema\\\/logo\\\/image\\\/\"}}]}<\/script>\n<!-- \/ Yoast SEO plugin. -->","yoast_head_json":{"title":"Log\u00edstica - HH Global","robots":{"index":"index","follow":"follow","max-snippet":"max-snippet:-1","max-image-preview":"max-image-preview:large","max-video-preview":"max-video-preview:-1"},"canonical":"https:\/\/www.hhglobal.com\/pt\/what-we-do\/logistics\/","og_locale":"pt_PT","og_type":"article","og_title":"Log\u00edstica - HH Global","og_url":"https:\/\/www.hhglobal.com\/pt\/what-we-do\/logistics\/","og_site_name":"HH Global","article_modified_time":"2023-11-24T14:17:47+00:00","twitter_card":"summary_large_image","schema":{"@context":"https:\/\/schema.org","@graph":[{"@type":"WebPage","@id":"https:\/\/www.hhglobal.com\/pt\/what-we-do\/logistics\/","url":"https:\/\/www.hhglobal.com\/pt\/what-we-do\/logistics\/","name":"Log\u00edstica - HH Global","isPartOf":{"@id":"https:\/\/www.hhglobal.com\/pt\/#website"},"datePublished":"2022-05-19T12:47:26+00:00","dateModified":"2023-11-24T14:17:47+00:00","breadcrumb":{"@id":"https:\/\/www.hhglobal.com\/pt\/what-we-do\/logistics\/#breadcrumb"},"inLanguage":"pt","potentialAction":[{"@type":"ReadAction","target":["https:\/\/www.hhglobal.com\/pt\/what-we-do\/logistics\/"]}]},{"@type":"BreadcrumbList","@id":"https:\/\/www.hhglobal.com\/pt\/what-we-do\/logistics\/#breadcrumb","itemListElement":[{"@type":"ListItem","position":1,"name":"Home","item":"https:\/\/www.hhglobal.com\/pt\/"},{"@type":"ListItem","position":2,"name":"Log\u00edstica"}]},{"@type":"WebSite","@id":"https:\/\/www.hhglobal.com\/pt\/#website","url":"https:\/\/www.hhglobal.com\/pt\/","name":"HH Global","description":"The global, tech-enabled creative production and procurement partner.","publisher":{"@id":"https:\/\/www.hhglobal.com\/pt\/#organization"},"potentialAction":[{"@type":"SearchAction","target":{"@type":"EntryPoint","urlTemplate":"https:\/\/www.hhglobal.com\/pt\/?s={search_term_string}"},"query-input":{"@type":"PropertyValueSpecification","valueRequired":true,"valueName":"search_term_string"}}],"inLanguage":"pt"},{"@type":"Organization","@id":"https:\/\/www.hhglobal.com\/pt\/#organization","name":"HH Global","url":"https:\/\/www.hhglobal.com\/pt\/","logo":{"@type":"ImageObject","inLanguage":"pt","@id":"https:\/\/www.hhglobal.com\/pt\/#\/schema\/logo\/image\/","url":"https:\/\/www.hhglobal.com\/wp-content\/uploads\/2023\/12\/logo-white.svg","contentUrl":"https:\/\/www.hhglobal.com\/wp-content\/uploads\/2023\/12\/logo-white.svg","width":77,"height":18,"caption":"HH Global"},"image":{"@id":"https:\/\/www.hhglobal.com\/pt\/#\/schema\/logo\/image\/"}}]}},"_links":{"self":[{"href":"https:\/\/www.hhglobal.com\/pt\/wp-json\/wp\/v2\/pages\/10177","targetHints":{"allow":["GET"]}}],"collection":[{"href":"https:\/\/www.hhglobal.com\/pt\/wp-json\/wp\/v2\/pages"}],"about":[{"href":"https:\/\/www.hhglobal.com\/pt\/wp-json\/wp\/v2\/types\/page"}],"author":[{"embeddable":true,"href":"https:\/\/www.hhglobal.com\/pt\/wp-json\/wp\/v2\/users\/41"}],"replies":[{"embeddable":true,"href":"https:\/\/www.hhglobal.com\/pt\/wp-json\/wp\/v2\/comments?post=10177"}],"version-history":[{"count":0,"href":"https:\/\/www.hhglobal.com\/pt\/wp-json\/wp\/v2\/pages\/10177\/revisions"}],"wp:attachment":[{"href":"https:\/\/www.hhglobal.com\/pt\/wp-json\/wp\/v2\/media?parent=10177"}],"curies":[{"name":"wp","href":"https:\/\/api.w.org\/{rel}","templated":true}]}}