{"id":10157,"date":"2022-04-26T04:01:15","date_gmt":"2022-04-26T04:01:15","guid":{"rendered":"https:\/\/decoupledhhg.wpengine.com\/homepage\/"},"modified":"2025-07-17T14:39:43","modified_gmt":"2025-07-17T14:39:43","slug":"homepage","status":"publish","type":"page","link":"https:\/\/www.hhglobal.com\/pt\/","title":{"rendered":"Home Page (PR)"},"content":{"rendered":"\r\n<p>home page<\/p>\r\n","protected":false},"excerpt":{"rendered":"<p>home page<\/p>\n","protected":false},"author":41,"featured_media":0,"parent":0,"menu_order":0,"comment_status":"closed","ping_status":"open","template":"","meta":{"_acf_changed":"","_yoast_wpseo_focuskw":"","_yoast_wpseo_metadesc":"","_yoast_wpseo_linkdex":"","_yoast_wpseo_content_score":"","_yoast_wpseo_meta-robots-noindex":"","_yoast_wpseo_meta-robots-nofollow":"","inline_featured_image":[],"_genesis_block_theme_hide_title":false,"_cms_nav_minihome":"","_icl_lang_duplicate_of":"","_menu_item_classes":[],"_menu_item_menu_item_parent":"","_menu_item_object":"","_menu_item_object_id":"","_menu_item_orphaned":"","_menu_item_target":"","_menu_item_type":"","_menu_item_url":"","_menu_item_xfn":"","_seedprod_page":"","_seedprod_page_template_type":"","_seedprod_page_uuid":"","_top_nav_excluded":"","_wp_attachment_backup_sizes":[],"_wp_attachment_context":"","_wp_attachment_image_alt":"","_wp_old_date":"","_wpcode_auto_insert":"","_wpcode_auto_insert_number":"","_wpcode_library_id":"","_wpml_media_duplicate":"1","_wpml_media_featured":"1","_wpml_post_translation_editor_native":"","_wpml_word_count":"{\"total\":77,\"to_translate\":{\"zh-hans\":77,\"cs\":77,\"de\":77,\"ja\":77,\"pt-br\":77,\"es\":77}}","_yoast_wpseo_estimated-reading-time-minutes":[],"_yoast_wpseo_primary_category":"","_yoast_wpseo_primary_industry":"","_yoast_wpseo_primary_solution":"","_yoast_wpseo_primary_the_author":"","_yoast_wpseo_wordproof_timestamp":"","acfml_non_translatable_locations":[],"career_externalLink":"","career_featuredImage":"","career_title":"","casestudy_featuredImage":"","casestudy_title":"","infocallout_excerpt":"","infocallout_featuredImage":"","infocallout_title":"","jobTitle":"","language":"","name":"","profilePicture":"","wp-smpro-smush-data":[],"wp-smush-animated":"","wp-smush-ignore-bulk":"","wp-smush-lossy":"","wpml_media_processed":"","_wpcode_conditional_logic_enabled":"","_wpcode_location_extra":"","_wpcode_note":"","_wpcode_priority":"","_wpcode_shortcode_attributes":[],"footnotes":""},"class_list":["post-10157","page","type-page","status-publish","hentry","post","without-featured-image"],"acf":{"page_title":"Solu\u00e7\u00f5es globais de produ\u00e7\u00e3o criativa e compras | HH Global","page_description":"O parceiro de produ\u00e7\u00e3o criativa e compras mais impactante e tecnol\u00f3gico do mundo habilitado para marcas que buscam crescimento sustent\u00e1vel","social_title":"","social_description":"","social_share_image":null,"modules":[{"acf_fc_layout":"hero","size":"large","theme":"dark","choose_images":[{"image":10353},{"image":10347},{"image":10349},{"image":10351}],"show_eyebrow":true,"eyebrow":"eyebrow","title":"O parceiro global de aquisi\u00e7\u00e3o e produ\u00e7\u00e3o criativa habilitado para tecnologia  ","show_cta":true,"cta_url":"\/pt\/company","cta_title":"Explore a empresa "},{"acf_fc_layout":"data_visualization","title":"Vis\u00e3o geral da HH Global ","stats":[{"page_link":5853,"sub_heading":"Global","heading":"","stat":"4500","description_type":false,"description":"","styled_description":{"before_description_text":"Membros da equipe dedicados ao sucesso de nossos clientes em","middle_stats":"64","after_description_text":"pa\u00edses"},"icon":10565,"hover_color":"secondary-blue"},{"page_link":5853,"sub_heading":"Global","heading":"US$ 2.5 bilh\u00f5es gastos sob gest\u00e3o","stat":"","description_type":true,"description":"","styled_description":{"before_description_text":"","middle_stats":"","after_description_text":""},"icon":10563,"hover_color":"primary-green-2"},{"page_link":12122,"sub_heading":"Sustentabilidade","heading":"","stat":"Mais de 44 mil","description_type":true,"description":"toneladas m\u00e9tricas de redu\u00e7\u00e3o de carbono em bens e servi\u00e7os adquiridos","styled_description":{"before_description_text":"","middle_stats":"","after_description_text":""},"icon":10571,"hover_color":"primary-green-2"},{"page_link":5846,"sub_heading":"Produ\u00e7\u00e3o Criativa Global","heading":"","stat":"26","description_type":true,"description":"Est\u00fadios criativos","styled_description":{"before_description_text":"","middle_stats":"","after_description_text":""},"icon":10569,"hover_color":"secondary-purple"},{"page_link":5794,"sub_heading":"Compras","heading":"","stat":"25%","description_type":true,"description":"de economia entregue aos clientes","styled_description":{"before_description_text":"","middle_stats":"","after_description_text":""},"icon":null,"hover_color":"secondary-dark-blue"},{"page_link":5804,"sub_heading":"Tecnologia","heading":"","stat":"1,3 milh\u00f5es","description_type":true,"description":"de transa\u00e7\u00f5es processadas com a nossa tecnologia","styled_description":{"before_description_text":"","middle_stats":"","after_description_text":""},"icon":10561,"hover_color":"secondary-dark-blue"},{"page_link":5794,"sub_heading":"Compras","heading":"","stat":"8,606","description_type":true,"description":"fornecedores estrat\u00e9gicos cobrindo globalmente\r\n19 categorias principais de gastos\r\n","styled_description":{"before_description_text":"","middle_stats":"","after_description_text":""},"icon":null,"hover_color":"primary-green-2"},{"page_link":5804,"sub_heading":"Tecnologia","heading":"","stat":"89.485","description_type":true,"description":"Usu\u00e1rios ativos de nossa tecnologia","styled_description":{"before_description_text":"","middle_stats":"","after_description_text":""},"icon":10567,"hover_color":"secondary-purple"},{"page_link":5846,"sub_heading":"Produ\u00e7\u00e3o Criativa Global","heading":"","stat":"72.015","description_type":true,"description":"Ativos digitais gerenciados","styled_description":{"before_description_text":"","middle_stats":"","after_description_text":""},"icon":null,"hover_color":"primary-green-2"}]},{"acf_fc_layout":"cards","container_background_color":"bg-pure-black","show_heading":true,"heading":"Parceria com marcas que buscam um crescimento mais forte e sustent\u00e1vel ","content":"","cards":{"layout":"case-studies-layout","sub_layout":"default","cards_display_mode":"bg-white","solution_term":null,"industry_term":null,"author_term":null,"region_term":null,"choose_cards":[365],"choose_case_studies":[10148,5739,5723,5716,10154,5731,10151],"choose_featured_case_studies":null,"choose_staff_members":null,"choose_careers":null,"choose_info_callouts":null,"show_titles":true,"show_description":true,"show_date":false,"show_sector":false}},{"acf_fc_layout":"text_with_media","scroll_to_link":"","theme":"dark","container_background_color":"bg-pure-black","show_eyebrow":false,"eyebrow":"","show_title":true,"title":"A melhor tecnologia exclusiva da classe  ","show_sub_title":false,"sub_title":"","content":"Nossa plataforma tecnol\u00f3gica exclusiva otimiza cada etapa do processo para reduzir o desperd\u00edcio, impulsionar o crescimento e a escala conforme necess\u00e1rio. Ele fornece aos clientes os dados e informa\u00e7\u00f5es para ajudar a unificar marcas, pa\u00edses e regi\u00f5es em todo o mundo. A medi\u00e7\u00e3o clara do desempenho e os relat\u00f3rios ajudam a otimizar a estrat\u00e9gia de or\u00e7amento.","cta_url":"\/pt\/technology","cta_text":"Explore a plataforma tecnol\u00f3gica","open_in_new_window":false,"choose_media":[{"image":10661}],"image_alignment":"right","image_fit":"cover","image_size":"half-width","vimeoid":"","ytid":""},{"acf_fc_layout":"sustainability","container_background_color":"bg-pure-black","title":"Valorizando a sustentabilidade ","sustainability_features":[{"icon":10158,"stats":"40%","stats_color":"primary-green","description":"Redu\u00e7\u00e3o de 40% no consumo de eletricidade em rela\u00e7\u00e3o ao ano anterior"},{"icon":10785,"stats":"8%","stats_color":"secondary-blue","description":"Redu\u00e7\u00e3o de 8% no total de emiss\u00f5es em rela\u00e7\u00e3o ao ano anterior"},{"icon":10325,"stats":"+44k","stats_color":"light-purple","description":"Redu\u00e7\u00e3o de mais de 44 mil toneladas m\u00e9tricas de carbono para nossos clientes em rela\u00e7\u00e3o ao ano anterior "}]},{"acf_fc_layout":"text_with_media","scroll_to_link":"","theme":"dark","container_background_color":"bg-pure-black","show_eyebrow":false,"eyebrow":"","show_title":true,"title":"Tecnologia para inova\u00e7\u00e3o sustent\u00e1vel","show_sub_title":true,"sub_title":"","content":"Como l\u00edder em sustentabilidade, adaptamos solu\u00e7\u00f5es baseadas em tecnologia para apoiar seus objetivos. Isso inclui nossas exclusivas ferramentas de medi\u00e7\u00e3o de ambiente e tecnologias de impacto de CO2 \u2500para ajudar voc\u00ea a tomar decis\u00f5es de sustentabilidade mais informadas.","cta_url":"\/pt\/sustainable-growth\/","cta_text":"Explore a sustentabilidade","open_in_new_window":false,"choose_media":[{"image":10555}],"image_alignment":"left","image_fit":"cover","image_size":"half-width","vimeoid":"","ytid":""},{"acf_fc_layout":"contact_form","title":"Entre em contato"},{"acf_fc_layout":"map","title":"Sede regional representando membros da equipe dos 64 pa\u00edses","locations":[{"region":"REGIONAL NORTH AMERICA HEADQUARTERs","title":"HH Global | Chicago","address":[{"line":"203 N. LaSalle"},{"line":"Chicago, IL 60601"},{"line":"United States"}],"map_label":"Chicago","map_dotx":"12%","map_doxy":"35%","map_boxx":"62px","map_boxy":"-14px"},{"region":"REGIONAL LATIN AMERICA HEADQUARTERs","title":"HH Global | Mexico City","address":[{"line":"Av. P.\u00ba de la Reforma 350"},{"line":"Ju\u00e1rez, Cuauht\u00e9moc"},{"line":"06600 Ciudad de M\u00e9xico"},{"line":"CDMX, M\u00e9xico"}],"map_label":"M\u00e9xico","map_dotx":"5.5%","map_doxy":"63%","map_boxx":"60px","map_boxy":"-60px"},{"region":"REGIONAL EMEA HEADQUARTERs","title":"HH Global | London","address":[{"line":"Grove House,"},{"line":"Guildford Road,"},{"line":"Leatherhead, Surrey KT22 9DF"},{"line":"United Kingdom"}],"map_label":"Reino Unido","map_dotx":"42.2%","map_doxy":"15%","map_boxx":"45px","map_boxy":"21px"},{"region":"REGIONAL ASIA-PACIFIC HEADQUARTERs","title":"HH Global | Hong Kong","address":[{"line":"20th Floor, East Town Building,"},{"line":"No. 41 Lockhart Road, Wan Chai,"},{"line":"Hong Kong Island,"},{"line":"Hong Kong S.A.R."}],"map_label":"Hong Kong","map_dotx":"94.5%","map_doxy":"54.8%","map_boxx":"-363px","map_boxy":"-136px"}]}]},"yoast_head":"<!-- This site is optimized with the Yoast SEO plugin v27.3 - https:\/\/yoast.com\/product\/yoast-seo-wordpress\/ -->\n<title>Home Page (PR) - HH Global<\/title>\n<meta name=\"robots\" content=\"index, follow, max-snippet:-1, max-image-preview:large, max-video-preview:-1\" \/>\n<link rel=\"canonical\" href=\"https:\/\/www.hhglobal.com\/pt\/\" \/>\n<meta property=\"og:locale\" content=\"pt_PT\" \/>\n<meta property=\"og:type\" content=\"article\" \/>\n<meta property=\"og:title\" content=\"Home Page (PR) - HH Global\" \/>\n<meta property=\"og:description\" content=\"home page\" \/>\n<meta property=\"og:url\" content=\"https:\/\/www.hhglobal.com\/pt\/\" \/>\n<meta property=\"og:site_name\" content=\"HH Global\" \/>\n<meta property=\"article:modified_time\" content=\"2025-07-17T14:39:43+00:00\" \/>\n<meta name=\"twitter:card\" content=\"summary_large_image\" \/>\n<script type=\"application\/ld+json\" class=\"yoast-schema-graph\">{\"@context\":\"https:\\\/\\\/schema.org\",\"@graph\":[{\"@type\":\"WebPage\",\"@id\":\"https:\\\/\\\/www.hhglobal.com\\\/pt\\\/\",\"url\":\"https:\\\/\\\/www.hhglobal.com\\\/pt\\\/\",\"name\":\"Home Page (PR) - HH Global\",\"isPartOf\":{\"@id\":\"https:\\\/\\\/www.hhglobal.com\\\/pt\\\/#website\"},\"datePublished\":\"2022-04-26T04:01:15+00:00\",\"dateModified\":\"2025-07-17T14:39:43+00:00\",\"breadcrumb\":{\"@id\":\"https:\\\/\\\/www.hhglobal.com\\\/pt\\\/#breadcrumb\"},\"inLanguage\":\"pt\",\"potentialAction\":[{\"@type\":\"ReadAction\",\"target\":[\"https:\\\/\\\/www.hhglobal.com\\\/pt\\\/\"]}]},{\"@type\":\"BreadcrumbList\",\"@id\":\"https:\\\/\\\/www.hhglobal.com\\\/pt\\\/#breadcrumb\",\"itemListElement\":[{\"@type\":\"ListItem\",\"position\":1,\"name\":\"Home\",\"item\":\"https:\\\/\\\/www.hhglobal.com\\\/pt\\\/\"},{\"@type\":\"ListItem\",\"position\":2,\"name\":\"Home Page (PR)\"}]},{\"@type\":\"WebSite\",\"@id\":\"https:\\\/\\\/www.hhglobal.com\\\/pt\\\/#website\",\"url\":\"https:\\\/\\\/www.hhglobal.com\\\/pt\\\/\",\"name\":\"HH Global\",\"description\":\"The global, tech-enabled creative production and procurement partner.\",\"publisher\":{\"@id\":\"https:\\\/\\\/www.hhglobal.com\\\/pt\\\/#organization\"},\"potentialAction\":[{\"@type\":\"SearchAction\",\"target\":{\"@type\":\"EntryPoint\",\"urlTemplate\":\"https:\\\/\\\/www.hhglobal.com\\\/pt\\\/?s={search_term_string}\"},\"query-input\":{\"@type\":\"PropertyValueSpecification\",\"valueRequired\":true,\"valueName\":\"search_term_string\"}}],\"inLanguage\":\"pt\"},{\"@type\":\"Organization\",\"@id\":\"https:\\\/\\\/www.hhglobal.com\\\/pt\\\/#organization\",\"name\":\"HH Global\",\"url\":\"https:\\\/\\\/www.hhglobal.com\\\/pt\\\/\",\"logo\":{\"@type\":\"ImageObject\",\"inLanguage\":\"pt\",\"@id\":\"https:\\\/\\\/www.hhglobal.com\\\/pt\\\/#\\\/schema\\\/logo\\\/image\\\/\",\"url\":\"https:\\\/\\\/www.hhglobal.com\\\/wp-content\\\/uploads\\\/2023\\\/12\\\/logo-white.svg\",\"contentUrl\":\"https:\\\/\\\/www.hhglobal.com\\\/wp-content\\\/uploads\\\/2023\\\/12\\\/logo-white.svg\",\"width\":77,\"height\":18,\"caption\":\"HH Global\"},\"image\":{\"@id\":\"https:\\\/\\\/www.hhglobal.com\\\/pt\\\/#\\\/schema\\\/logo\\\/image\\\/\"}}]}<\/script>\n<!-- \/ Yoast SEO plugin. -->","yoast_head_json":{"title":"Home Page (PR) - HH Global","robots":{"index":"index","follow":"follow","max-snippet":"max-snippet:-1","max-image-preview":"max-image-preview:large","max-video-preview":"max-video-preview:-1"},"canonical":"https:\/\/www.hhglobal.com\/pt\/","og_locale":"pt_PT","og_type":"article","og_title":"Home Page (PR) - HH Global","og_description":"home page","og_url":"https:\/\/www.hhglobal.com\/pt\/","og_site_name":"HH Global","article_modified_time":"2025-07-17T14:39:43+00:00","twitter_card":"summary_large_image","schema":{"@context":"https:\/\/schema.org","@graph":[{"@type":"WebPage","@id":"https:\/\/www.hhglobal.com\/pt\/","url":"https:\/\/www.hhglobal.com\/pt\/","name":"Home Page (PR) - HH Global","isPartOf":{"@id":"https:\/\/www.hhglobal.com\/pt\/#website"},"datePublished":"2022-04-26T04:01:15+00:00","dateModified":"2025-07-17T14:39:43+00:00","breadcrumb":{"@id":"https:\/\/www.hhglobal.com\/pt\/#breadcrumb"},"inLanguage":"pt","potentialAction":[{"@type":"ReadAction","target":["https:\/\/www.hhglobal.com\/pt\/"]}]},{"@type":"BreadcrumbList","@id":"https:\/\/www.hhglobal.com\/pt\/#breadcrumb","itemListElement":[{"@type":"ListItem","position":1,"name":"Home","item":"https:\/\/www.hhglobal.com\/pt\/"},{"@type":"ListItem","position":2,"name":"Home Page (PR)"}]},{"@type":"WebSite","@id":"https:\/\/www.hhglobal.com\/pt\/#website","url":"https:\/\/www.hhglobal.com\/pt\/","name":"HH Global","description":"The global, tech-enabled creative production and procurement partner.","publisher":{"@id":"https:\/\/www.hhglobal.com\/pt\/#organization"},"potentialAction":[{"@type":"SearchAction","target":{"@type":"EntryPoint","urlTemplate":"https:\/\/www.hhglobal.com\/pt\/?s={search_term_string}"},"query-input":{"@type":"PropertyValueSpecification","valueRequired":true,"valueName":"search_term_string"}}],"inLanguage":"pt"},{"@type":"Organization","@id":"https:\/\/www.hhglobal.com\/pt\/#organization","name":"HH Global","url":"https:\/\/www.hhglobal.com\/pt\/","logo":{"@type":"ImageObject","inLanguage":"pt","@id":"https:\/\/www.hhglobal.com\/pt\/#\/schema\/logo\/image\/","url":"https:\/\/www.hhglobal.com\/wp-content\/uploads\/2023\/12\/logo-white.svg","contentUrl":"https:\/\/www.hhglobal.com\/wp-content\/uploads\/2023\/12\/logo-white.svg","width":77,"height":18,"caption":"HH Global"},"image":{"@id":"https:\/\/www.hhglobal.com\/pt\/#\/schema\/logo\/image\/"}}]}},"_links":{"self":[{"href":"https:\/\/www.hhglobal.com\/pt\/wp-json\/wp\/v2\/pages\/10157","targetHints":{"allow":["GET"]}}],"collection":[{"href":"https:\/\/www.hhglobal.com\/pt\/wp-json\/wp\/v2\/pages"}],"about":[{"href":"https:\/\/www.hhglobal.com\/pt\/wp-json\/wp\/v2\/types\/page"}],"author":[{"embeddable":true,"href":"https:\/\/www.hhglobal.com\/pt\/wp-json\/wp\/v2\/users\/41"}],"replies":[{"embeddable":true,"href":"https:\/\/www.hhglobal.com\/pt\/wp-json\/wp\/v2\/comments?post=10157"}],"version-history":[{"count":0,"href":"https:\/\/www.hhglobal.com\/pt\/wp-json\/wp\/v2\/pages\/10157\/revisions"}],"wp:attachment":[{"href":"https:\/\/www.hhglobal.com\/pt\/wp-json\/wp\/v2\/media?parent=10157"}],"curies":[{"name":"wp","href":"https:\/\/api.w.org\/{rel}","templated":true}]}}