{"id":10114,"date":"2022-06-18T02:41:24","date_gmt":"2022-06-18T02:41:24","guid":{"rendered":"https:\/\/decoupledhhg.wpengine.com\/group-tax-strategy\/"},"modified":"2022-06-18T02:41:24","modified_gmt":"2022-06-18T02:41:24","slug":"group-tax-strategy","status":"publish","type":"page","link":"https:\/\/www.hhglobal.com\/pt\/group-tax-strategy\/","title":{"rendered":"Estrat\u00e9gia tribut\u00e1ria da HH Global Group"},"content":{"rendered":"","protected":false},"excerpt":{"rendered":"","protected":false},"author":10,"featured_media":0,"parent":0,"menu_order":0,"comment_status":"closed","ping_status":"closed","template":"","meta":{"_acf_changed":"","_yoast_wpseo_focuskw":"","_yoast_wpseo_metadesc":"","_yoast_wpseo_linkdex":"","_yoast_wpseo_content_score":"","_yoast_wpseo_meta-robots-noindex":"","_yoast_wpseo_meta-robots-nofollow":"","inline_featured_image":[],"_genesis_block_theme_hide_title":false,"_cms_nav_minihome":"","_icl_lang_duplicate_of":"5757","_menu_item_classes":[],"_menu_item_menu_item_parent":"","_menu_item_object":"","_menu_item_object_id":"","_menu_item_orphaned":"","_menu_item_target":"","_menu_item_type":"","_menu_item_url":"","_menu_item_xfn":"","_seedprod_page":"","_seedprod_page_template_type":"","_seedprod_page_uuid":"","_top_nav_excluded":"","_wp_attachment_backup_sizes":[],"_wp_attachment_context":"","_wp_attachment_image_alt":"","_wp_old_date":"","_wpcode_auto_insert":"","_wpcode_auto_insert_number":"","_wpcode_library_id":"","_wpml_media_duplicate":"1","_wpml_media_featured":"1","_wpml_post_translation_editor_native":"","_wpml_word_count":"{\"total\":904,\"to_translate\":{\"zh-hans\":904,\"cs\":904,\"de\":904,\"ja\":904,\"pt-br\":904,\"es\":904}}","_yoast_wpseo_estimated-reading-time-minutes":[],"_yoast_wpseo_primary_category":"","_yoast_wpseo_primary_industry":"","_yoast_wpseo_primary_solution":"","_yoast_wpseo_primary_the_author":"","_yoast_wpseo_wordproof_timestamp":"","acfml_non_translatable_locations":[],"career_externalLink":"","career_featuredImage":"","career_title":"","casestudy_featuredImage":"","casestudy_title":"","infocallout_excerpt":"","infocallout_featuredImage":"","infocallout_title":"","jobTitle":"","language":"","name":"","profilePicture":"","wp-smpro-smush-data":[],"wp-smush-animated":"","wp-smush-ignore-bulk":"","wp-smush-lossy":"","wpml_media_processed":"","_wpcode_conditional_logic_enabled":"","_wpcode_location_extra":"","_wpcode_note":"","_wpcode_priority":"","_wpcode_shortcode_attributes":[],"footnotes":""},"class_list":["post-10114","page","type-page","status-publish","hentry","post","without-featured-image"],"acf":{"page_title":"Group Tax Strategy | HH Global","page_description":"","social_title":"","social_description":"","social_share_image":null,"modules":[{"acf_fc_layout":"simple_content_block","scroll_to_link":"","container_background_color":"bg-white","columns":"1","title_one":"Estrat\u00e9gia tribut\u00e1ria da HH Global Group","content_one":"<strong>Escopo<\/strong>\r\nEsta estrat\u00e9gia tribut\u00e1ria se aplica \u00e0 HH Global Enterprise Network Limited e a todas as empresas do Reino Unido e fora do Reino Unido dentro da HH Global Group, no per\u00edodo de 1\u00ba de abril de 2022 a 31 de mar\u00e7o de 2023.\r\nA publica\u00e7\u00e3o da nossa estrat\u00e9gia tribut\u00e1ria considera o nosso dever cumprido, nos termos do par\u00e1grafo 16 do Anexo 19 da Lei das Finan\u00e7as de 2016.\r\n\r\n<strong>Introdu\u00e7\u00e3o<\/strong>\r\nA HH Global \u00e9 uma parceira tecnol\u00f3gica de produ\u00e7\u00e3o e compras criativa que oferece grandes impactos para grandes ideias em todo o mundo. Com mais de 4.500 especialistas em todos os mercados e um hist\u00f3rico de trinta anos de sucesso, ajudamos as maiores marcas do planeta a alcan\u00e7ar um crescimento mais forte e sustent\u00e1vel. Em todos os canais. Na velocidade dos neg\u00f3cios modernos. Com uma cadeia de suprimentos inigual\u00e1vel, um conjunto crescente de ferramentas tecnol\u00f3gicas e insights de dados, tornamos as ideias brilhantes de nossos clientes imperd\u00edveis em todos os lugares.\r\n\r\nArranjos de governan\u00e7a e gest\u00e3o de riscos\r\nA responsabilidade final de determinar e implementar nossa abordagem de gerenciamento de riscos e acordos de governan\u00e7a em rela\u00e7\u00e3o \u00e0 tributa\u00e7\u00e3o do Reino Unido pertence ao Conselho de Administra\u00e7\u00e3o da HH Global. A responsabilidade de implement\u00e1-la cabe ao Diretor Tribut\u00e1rio do Grupo, que se reporta ao Diretor Financeiro do Grupo. O Diretor Financeiro do Grupo reporta regularmente, ou de forma aleat\u00f3ria, se necess\u00e1rio, ao Conselho de Administra\u00e7\u00e3o e ao Comit\u00e9 de Auditoria sobre tais quest\u00f5es. A estrat\u00e9gia fiscal do grupo \u00e9 aplicada de forma consistente a todas as empresas do grupo HH Global.\r\n\r\nA HH Global mant\u00e9m pol\u00edticas internas robustas, procedimentos, treinamento e conformidade para apoiar sua estrutura de controle tribut\u00e1rio e gerenciar riscos, supervisionada por nosso Diretor de Auditoria Interna. Nossa estrutura de governan\u00e7a garante que as decis\u00f5es fiscais sejam tomadas por nossa equipe interna de impostos para garantir um padr\u00e3o profissional consistente em todo o nosso neg\u00f3cio.\r\n\r\nA equipe tribut\u00e1ria interna \u00e9 respons\u00e1vel pelo monitoramento e gerenciamento de procedimentos de controle adequados para garantir que os processos de conformidade sejam robustos e cumpram os requisitos internos e externos. Utilizamos consultores externos para apoiar os nossos processos de conformidade fiscal, incluindo para a prepara\u00e7\u00e3o de c\u00e1lculos e declara\u00e7\u00f5es fiscais. As decis\u00f5es fiscais sens\u00edveis ser\u00e3o tomadas com base numa interpreta\u00e7\u00e3o razo\u00e1vel das informa\u00e7\u00f5es pertinentes, com pleno conhecimento da legisla\u00e7\u00e3o fiscal relevante e, se for caso disso, ter\u00e3o em conta a assessoria fiscal externa.\r\n\r\n<strong>Atitude no planejamento tribut\u00e1rio<\/strong>\r\nA HH Global compromete-se com elevados padr\u00f5es de conduta pessoal e integridade empresarial em todo o mundo, sendo governada com padr\u00f5es igualmente elevados, aplicando o C\u00f3digo Global de \u00c9tica Empresarial da HH e pol\u00edticas de responsabilidade corporativa que melhoram o nosso valor empresarial.\r\n\r\nAcreditamos que pagar a quantia certa de impostos faz parte da constru\u00e7\u00e3o de um crescimento sustent\u00e1vel para n\u00f3s e para a sociedade em geral. Estamos totalmente empenhados em cumprir os requisitos legais e regulamentares aplic\u00e1veis nas \u00e1reas em que operamos.\r\n\r\nRealizamos transa\u00e7\u00f5es entre empresas do grupo em uma base de comprimento de bra\u00e7o, de acordo com os princ\u00edpios da OCDE. No contexto de um ambiente fiscal internacional cada vez mais complexo, nosso planejamento tribut\u00e1rio se concentra na elimina\u00e7\u00e3o da dupla tributa\u00e7\u00e3o e na garantia das consequ\u00eancias fiscais de qualquer estrutura\u00e7\u00e3o ou arranjos de neg\u00f3cios sejam comunicados adequadamente \u00e0 gest\u00e3o antes que as decis\u00f5es sejam tomadas.\r\n\r\nEmbora possamos buscar isen\u00e7\u00f5es fiscais de acordo com a legisla\u00e7\u00e3o tribut\u00e1ria aplic\u00e1vel, nossos assuntos tribut\u00e1rios s\u00e3o estruturados de uma forma que garante que nunca nos envolvemos em transa\u00e7\u00f5es artificiais, ou transa\u00e7\u00f5es que n\u00e3o t\u00eam subst\u00e2ncia comercial. Sempre consideramos plenamente os impactos que nossas a\u00e7\u00f5es podem ter em nossa marca, nossas rela\u00e7\u00f5es com as principais partes interessadas, como as autoridades fiscais e a comunidade em geral.\r\n\r\n<strong>N\u00edvel de risco em rela\u00e7\u00e3o \u00e0 tributa\u00e7\u00e3o que o grupo est\u00e1 preparado para aceitar<\/strong>\r\nA HH Global visa sempre minimizar o n\u00edvel de risco em rela\u00e7\u00e3o \u00e0 tributa\u00e7\u00e3o do Reino Unido e de fora do Reino Unido. N\u00e3o estamos preparados para aceitar um n\u00edvel de risco que nos exp\u00f5e a danos reputacionais, ou que possa impactar negativamente nosso relacionamento com a HMRC (a Receita Federal do Reino Unido) ou outras autoridades fiscais. No entanto, dada a dimens\u00e3o do nosso neg\u00f3cio e a complexidade da legisla\u00e7\u00e3o fiscal, \u00e9 inevit\u00e1vel que surjam riscos fiscais. Para garantir que o n\u00edvel de risco seja mantido o mais baixo poss\u00edvel, est\u00e3o em vigor pol\u00edticas de gest\u00e3o de riscos e acordos de governa\u00e7\u00e3o, incluindo pol\u00edticas especificamente relacionadas com impostos que devem ser respeitados para todos os tipos de impostos.\r\n\r\n<strong>Relacionamento com a receita<\/strong>\r\nHH Global acredita em ter uma rela\u00e7\u00e3o de trabalho aberta, profissional e construtiva com a HMRC e outras autoridades fiscais e trabalhar\u00e1 em colabora\u00e7\u00e3o para construir uma posi\u00e7\u00e3o de confian\u00e7a m\u00fatua.\r\n\r\nProcuramos cooperar com a HMRC em todos os momentos e lidar com quest\u00f5es de forma oportuna e colaborativa. Caso ocorram conflitos de opini\u00e3o com a HMRC em rela\u00e7\u00e3o \u00e0 aplica\u00e7\u00e3o da lei, o objetivo principal da HH Global \u00e9 resolver essas quest\u00f5es de forma eficiente, atrav\u00e9s de um di\u00e1logo profissional aberto e honesto, baseado em fatos, com refer\u00eancia \u00e0 legisla\u00e7\u00e3o relevante e jurisprud\u00eancia.\r\n\r\nEsta \u00e9 a nossa mesma abordagem para todas as autoridades fiscais nas jurisdi\u00e7\u00f5es em que operamos.\r\n\r\n<strong>Lei de Finan\u00e7as Criminais de 2017 \u2013 N\u00e3o impedir a facilita\u00e7\u00e3o da evas\u00e3o fiscal<\/strong>\r\nA HH Global garantir\u00e1 a exist\u00eancia de procedimentos adequados para prevenir ou minimizar o risco de seus funcion\u00e1rios, agentes, Fornecedores ou outros terceiros associados \u00e0 HH Global facilitando a evas\u00e3o fiscal, conforme refletido na Lei de Finan\u00e7as Criminais de 2017. A HH Global realizar\u00e1 e atualizar\u00e1 periodicamente uma avalia\u00e7\u00e3o baseada em riscos de suas atividades comerciais para identificar esses riscos e garantir que os procedimentos implementados sejam e continuem sendo suficientes.\r\n\r\nAprovado pelo Conselho de Administra\u00e7\u00e3o: 24 de maio de 2022","title_two":"","content_two":""}]},"yoast_head":"<!-- This site is optimized with the Yoast SEO plugin v27.3 - https:\/\/yoast.com\/product\/yoast-seo-wordpress\/ -->\n<title>Estrat\u00e9gia tribut\u00e1ria da HH Global Group - HH Global<\/title>\n<meta name=\"robots\" content=\"index, follow, max-snippet:-1, max-image-preview:large, max-video-preview:-1\" \/>\n<link rel=\"canonical\" href=\"https:\/\/www.hhglobal.com\/pt\/group-tax-strategy\/\" \/>\n<meta property=\"og:locale\" content=\"pt_PT\" \/>\n<meta property=\"og:type\" content=\"article\" \/>\n<meta property=\"og:title\" content=\"Estrat\u00e9gia tribut\u00e1ria da HH Global Group - HH Global\" \/>\n<meta property=\"og:url\" content=\"https:\/\/www.hhglobal.com\/pt\/group-tax-strategy\/\" \/>\n<meta property=\"og:site_name\" content=\"HH Global\" \/>\n<meta name=\"twitter:card\" content=\"summary_large_image\" \/>\n<script type=\"application\/ld+json\" class=\"yoast-schema-graph\">{\"@context\":\"https:\\\/\\\/schema.org\",\"@graph\":[{\"@type\":\"WebPage\",\"@id\":\"https:\\\/\\\/www.hhglobal.com\\\/pt\\\/group-tax-strategy\\\/\",\"url\":\"https:\\\/\\\/www.hhglobal.com\\\/pt\\\/group-tax-strategy\\\/\",\"name\":\"Estrat\u00e9gia tribut\u00e1ria da HH Global Group - HH Global\",\"isPartOf\":{\"@id\":\"https:\\\/\\\/www.hhglobal.com\\\/pt\\\/#website\"},\"datePublished\":\"2022-06-18T02:41:24+00:00\",\"breadcrumb\":{\"@id\":\"https:\\\/\\\/www.hhglobal.com\\\/pt\\\/group-tax-strategy\\\/#breadcrumb\"},\"inLanguage\":\"pt\",\"potentialAction\":[{\"@type\":\"ReadAction\",\"target\":[\"https:\\\/\\\/www.hhglobal.com\\\/pt\\\/group-tax-strategy\\\/\"]}]},{\"@type\":\"BreadcrumbList\",\"@id\":\"https:\\\/\\\/www.hhglobal.com\\\/pt\\\/group-tax-strategy\\\/#breadcrumb\",\"itemListElement\":[{\"@type\":\"ListItem\",\"position\":1,\"name\":\"Home\",\"item\":\"https:\\\/\\\/www.hhglobal.com\\\/pt\\\/\"},{\"@type\":\"ListItem\",\"position\":2,\"name\":\"Estrat\u00e9gia tribut\u00e1ria da HH Global Group\"}]},{\"@type\":\"WebSite\",\"@id\":\"https:\\\/\\\/www.hhglobal.com\\\/pt\\\/#website\",\"url\":\"https:\\\/\\\/www.hhglobal.com\\\/pt\\\/\",\"name\":\"HH Global\",\"description\":\"The global, tech-enabled creative production and procurement partner.\",\"publisher\":{\"@id\":\"https:\\\/\\\/www.hhglobal.com\\\/pt\\\/#organization\"},\"potentialAction\":[{\"@type\":\"SearchAction\",\"target\":{\"@type\":\"EntryPoint\",\"urlTemplate\":\"https:\\\/\\\/www.hhglobal.com\\\/pt\\\/?s={search_term_string}\"},\"query-input\":{\"@type\":\"PropertyValueSpecification\",\"valueRequired\":true,\"valueName\":\"search_term_string\"}}],\"inLanguage\":\"pt\"},{\"@type\":\"Organization\",\"@id\":\"https:\\\/\\\/www.hhglobal.com\\\/pt\\\/#organization\",\"name\":\"HH Global\",\"url\":\"https:\\\/\\\/www.hhglobal.com\\\/pt\\\/\",\"logo\":{\"@type\":\"ImageObject\",\"inLanguage\":\"pt\",\"@id\":\"https:\\\/\\\/www.hhglobal.com\\\/pt\\\/#\\\/schema\\\/logo\\\/image\\\/\",\"url\":\"https:\\\/\\\/www.hhglobal.com\\\/wp-content\\\/uploads\\\/2023\\\/12\\\/logo-white.svg\",\"contentUrl\":\"https:\\\/\\\/www.hhglobal.com\\\/wp-content\\\/uploads\\\/2023\\\/12\\\/logo-white.svg\",\"width\":77,\"height\":18,\"caption\":\"HH Global\"},\"image\":{\"@id\":\"https:\\\/\\\/www.hhglobal.com\\\/pt\\\/#\\\/schema\\\/logo\\\/image\\\/\"}}]}<\/script>\n<!-- \/ Yoast SEO plugin. -->","yoast_head_json":{"title":"Estrat\u00e9gia tribut\u00e1ria da HH Global Group - HH Global","robots":{"index":"index","follow":"follow","max-snippet":"max-snippet:-1","max-image-preview":"max-image-preview:large","max-video-preview":"max-video-preview:-1"},"canonical":"https:\/\/www.hhglobal.com\/pt\/group-tax-strategy\/","og_locale":"pt_PT","og_type":"article","og_title":"Estrat\u00e9gia tribut\u00e1ria da HH Global Group - HH Global","og_url":"https:\/\/www.hhglobal.com\/pt\/group-tax-strategy\/","og_site_name":"HH Global","twitter_card":"summary_large_image","schema":{"@context":"https:\/\/schema.org","@graph":[{"@type":"WebPage","@id":"https:\/\/www.hhglobal.com\/pt\/group-tax-strategy\/","url":"https:\/\/www.hhglobal.com\/pt\/group-tax-strategy\/","name":"Estrat\u00e9gia tribut\u00e1ria da HH Global Group - HH Global","isPartOf":{"@id":"https:\/\/www.hhglobal.com\/pt\/#website"},"datePublished":"2022-06-18T02:41:24+00:00","breadcrumb":{"@id":"https:\/\/www.hhglobal.com\/pt\/group-tax-strategy\/#breadcrumb"},"inLanguage":"pt","potentialAction":[{"@type":"ReadAction","target":["https:\/\/www.hhglobal.com\/pt\/group-tax-strategy\/"]}]},{"@type":"BreadcrumbList","@id":"https:\/\/www.hhglobal.com\/pt\/group-tax-strategy\/#breadcrumb","itemListElement":[{"@type":"ListItem","position":1,"name":"Home","item":"https:\/\/www.hhglobal.com\/pt\/"},{"@type":"ListItem","position":2,"name":"Estrat\u00e9gia tribut\u00e1ria da HH Global Group"}]},{"@type":"WebSite","@id":"https:\/\/www.hhglobal.com\/pt\/#website","url":"https:\/\/www.hhglobal.com\/pt\/","name":"HH Global","description":"The global, tech-enabled creative production and procurement partner.","publisher":{"@id":"https:\/\/www.hhglobal.com\/pt\/#organization"},"potentialAction":[{"@type":"SearchAction","target":{"@type":"EntryPoint","urlTemplate":"https:\/\/www.hhglobal.com\/pt\/?s={search_term_string}"},"query-input":{"@type":"PropertyValueSpecification","valueRequired":true,"valueName":"search_term_string"}}],"inLanguage":"pt"},{"@type":"Organization","@id":"https:\/\/www.hhglobal.com\/pt\/#organization","name":"HH Global","url":"https:\/\/www.hhglobal.com\/pt\/","logo":{"@type":"ImageObject","inLanguage":"pt","@id":"https:\/\/www.hhglobal.com\/pt\/#\/schema\/logo\/image\/","url":"https:\/\/www.hhglobal.com\/wp-content\/uploads\/2023\/12\/logo-white.svg","contentUrl":"https:\/\/www.hhglobal.com\/wp-content\/uploads\/2023\/12\/logo-white.svg","width":77,"height":18,"caption":"HH Global"},"image":{"@id":"https:\/\/www.hhglobal.com\/pt\/#\/schema\/logo\/image\/"}}]}},"_links":{"self":[{"href":"https:\/\/www.hhglobal.com\/pt\/wp-json\/wp\/v2\/pages\/10114","targetHints":{"allow":["GET"]}}],"collection":[{"href":"https:\/\/www.hhglobal.com\/pt\/wp-json\/wp\/v2\/pages"}],"about":[{"href":"https:\/\/www.hhglobal.com\/pt\/wp-json\/wp\/v2\/types\/page"}],"author":[{"embeddable":true,"href":"https:\/\/www.hhglobal.com\/pt\/wp-json\/wp\/v2\/users\/10"}],"replies":[{"embeddable":true,"href":"https:\/\/www.hhglobal.com\/pt\/wp-json\/wp\/v2\/comments?post=10114"}],"version-history":[{"count":0,"href":"https:\/\/www.hhglobal.com\/pt\/wp-json\/wp\/v2\/pages\/10114\/revisions"}],"wp:attachment":[{"href":"https:\/\/www.hhglobal.com\/pt\/wp-json\/wp\/v2\/media?parent=10114"}],"curies":[{"name":"wp","href":"https:\/\/api.w.org\/{rel}","templated":true}]}}