{"id":8989,"date":"2022-04-26T04:01:15","date_gmt":"2022-04-26T04:01:15","guid":{"rendered":"https:\/\/decoupled-hhg.local\/homepage\/"},"modified":"2025-07-17T14:36:48","modified_gmt":"2025-07-17T14:36:48","slug":"homepage","status":"publish","type":"page","link":"https:\/\/www.hhglobal.com\/nl\/","title":{"rendered":"Home Page"},"content":{"rendered":"\r\n<p>home page<\/p>\r\n","protected":false},"excerpt":{"rendered":"<p>home page<\/p>\n","protected":false},"author":41,"featured_media":0,"parent":0,"menu_order":0,"comment_status":"closed","ping_status":"open","template":"","meta":{"_acf_changed":"","_yoast_wpseo_focuskw":"","_yoast_wpseo_metadesc":"","_yoast_wpseo_linkdex":"","_yoast_wpseo_content_score":"","_yoast_wpseo_meta-robots-noindex":"","_yoast_wpseo_meta-robots-nofollow":"","inline_featured_image":[],"_genesis_block_theme_hide_title":false,"_cms_nav_minihome":"","_icl_lang_duplicate_of":"","_menu_item_classes":[],"_menu_item_menu_item_parent":"","_menu_item_object":"","_menu_item_object_id":"","_menu_item_orphaned":"","_menu_item_target":"","_menu_item_type":"","_menu_item_url":"","_menu_item_xfn":"","_seedprod_page":"","_seedprod_page_template_type":"","_seedprod_page_uuid":"","_top_nav_excluded":"","_wp_attachment_backup_sizes":[],"_wp_attachment_context":"","_wp_attachment_image_alt":"","_wp_old_date":"","_wpcode_auto_insert":"","_wpcode_auto_insert_number":"","_wpcode_library_id":"","_wpml_media_duplicate":"1","_wpml_media_featured":"1","_wpml_post_translation_editor_native":"","_wpml_word_count":"{\"total\":90,\"to_translate\":{\"zh-hans\":90,\"cs\":90,\"fr\":90,\"de\":90,\"it\":90,\"ja\":90,\"ko\":90,\"pt-br\":90,\"es\":90}}","_yoast_wpseo_estimated-reading-time-minutes":[],"_yoast_wpseo_primary_category":"","_yoast_wpseo_primary_industry":"","_yoast_wpseo_primary_solution":"","_yoast_wpseo_primary_the_author":"","_yoast_wpseo_wordproof_timestamp":"","acfml_non_translatable_locations":[],"career_externalLink":"","career_featuredImage":"","career_title":"","casestudy_featuredImage":"","casestudy_title":"","infocallout_excerpt":"","infocallout_featuredImage":"","infocallout_title":"","jobTitle":"","language":"","name":"","profilePicture":"","wp-smpro-smush-data":[],"wp-smush-animated":"","wp-smush-ignore-bulk":"","wp-smush-lossy":"","wpml_media_processed":"","_wpcode_conditional_logic_enabled":"","_wpcode_location_extra":"","_wpcode_note":"","_wpcode_priority":"","_wpcode_shortcode_attributes":[],"footnotes":""},"class_list":["post-8989","page","type-page","status-publish","hentry","post","without-featured-image"],"acf":{"page_title":"Wereldwijde creatieve productie- en procurementoplossingen | HH Global","page_description":"'s Werelds meest impactvolle creatieve productie- en procurementpartner voor merken die op zoek zijn naar duurzame groei.","social_title":"","social_description":"","social_share_image":null,"modules":[{"acf_fc_layout":"hero","size":"large","theme":"dark","choose_images":[{"image":8441},{"image":8438},{"image":8439},{"image":8440}],"show_eyebrow":true,"eyebrow":"eyebrow","title":"De mondiale, technology based creatieve productie- en procurementpartner","show_cta":true,"cta_url":"\/nl\/company","cta_title":"Ons bedrijf"},{"acf_fc_layout":"data_visualization","title":"HH in \u00e9\u00e9n oogopslag","stats":[{"page_link":465,"sub_heading":"Wereldwijd","heading":"","stat":"4500","description_type":false,"description":"","styled_description":{"before_description_text":"medewerkers die zich inzetten voor het succes van onze klanten","middle_stats":"64","after_description_text":"landen"},"icon":8578,"hover_color":"secondary-blue"},{"page_link":465,"sub_heading":"Wereldwijd","heading":"2.5 miljard dollar in beheer","stat":"","description_type":true,"description":"","styled_description":{"before_description_text":"","middle_stats":"","after_description_text":""},"icon":8577,"hover_color":"primary-green-2"},{"page_link":12116,"sub_heading":"Duurzaamheid","heading":"","stat":"+44k","description_type":true,"description":"Richtlijnen voor een CO2-reductieplan","styled_description":{"before_description_text":"","middle_stats":"","after_description_text":""},"icon":8581,"hover_color":"primary-green-2"},{"page_link":466,"sub_heading":"Wereldwijde creatieve productie","heading":"","stat":"26","description_type":true,"description":"creatieve studio's","styled_description":{"before_description_text":"","middle_stats":"","after_description_text":""},"icon":8580,"hover_color":"secondary-purple"},{"page_link":503,"sub_heading":"Procurement","heading":"","stat":"25%","description_type":true,"description":"besparingen voor klanten","styled_description":{"before_description_text":"","middle_stats":"","after_description_text":""},"icon":null,"hover_color":"secondary-dark-blue"},{"page_link":502,"sub_heading":"Technologie","heading":"","stat":"1,3 miljoen ","description_type":true,"description":"transacties via onze eigen technologie","styled_description":{"before_description_text":"","middle_stats":"","after_description_text":""},"icon":8576,"hover_color":"secondary-dark-blue"},{"page_link":503,"sub_heading":"Procurement","heading":"","stat":"8.606 ","description_type":true,"description":"strategische leveranciers wereldwijd","styled_description":{"before_description_text":"","middle_stats":"","after_description_text":""},"icon":null,"hover_color":"primary-green-2"},{"page_link":502,"sub_heading":"Technologie","heading":"","stat":"89.485 ","description_type":true,"description":"actieve gebruikers van onze technologie","styled_description":{"before_description_text":"","middle_stats":"","after_description_text":""},"icon":8579,"hover_color":"secondary-purple"},{"page_link":466,"sub_heading":"Wereldwijde creatieve productie","heading":"","stat":"72.015 ","description_type":true,"description":"digitale objecten in beheer","styled_description":{"before_description_text":"","middle_stats":"","after_description_text":""},"icon":null,"hover_color":"primary-green-2"}]},{"acf_fc_layout":"cards","scroll_to_link":"","container_background_color":"bg-pure-black","show_heading":true,"heading":"Samenwerken met merken die streven naar sterkere, duurzamere groei","content":"","cards":{"layout":"case-studies-layout","sub_layout":"default","cards_display_mode":"bg-white","solution_term":null,"industry_term":null,"author_term":null,"region_term":null,"choose_cards":[365],"choose_case_studies":[9063,9077,9071,9075,9069,9067,9073,9065],"choose_featured_case_studies":null,"choose_staff_members":null,"choose_careers":null,"choose_info_callouts":null,"show_titles":true,"show_description":true,"show_date":false,"show_sector":false}},{"acf_fc_layout":"text_with_media","scroll_to_link":"","theme":"dark","container_background_color":"bg-pure-black","show_eyebrow":false,"eyebrow":"","show_title":true,"title":"Bedrijfseigen technologie van topklasse","show_sub_title":false,"sub_title":"","content":"Ons unieke technologieplatform optimaliseert elke stap van het proces met het doel om afval te verminderen, groei te stimuleren en naar behoefte te schalen. Het biedt onze klanten informatie en inzicht over de maniier om merken, landen en regio's over de hele wereld te integreren. En duidelijke prestatiemeting en rapportage helpen om de budgetstrategie te optimaliseren.","cta_url":"\/nl\/technology","cta_text":"Verken het technologie platform","open_in_new_window":false,"choose_media":[{"image":8631}],"image_alignment":"right","image_fit":"cover","image_size":"half-width","vimeoid":"","ytid":""},{"acf_fc_layout":"sustainability","container_background_color":"bg-pure-black","title":"Duurzaamheid laten meetellen","sustainability_features":[{"icon":8422,"stats":"40%","stats_color":"primary-green","description":"minder elektriciteitsverbruik dan vorig jaar"},{"icon":8693,"stats":"8%","stats_color":"secondary-blue","description":"vermindering van onze totale uitstoot ten opzichte van vorig jaar"},{"icon":8424,"stats":"+44k","stats_color":"light-purple","description":"meer dan 44.000 ton CO2-reductie in aangekochte goederen en diensten"}]},{"acf_fc_layout":"text_with_media","scroll_to_link":"","theme":"dark","container_background_color":"bg-pure-black","show_eyebrow":false,"eyebrow":"","show_title":true,"title":"Technologie voor duurzame innovatie","show_sub_title":true,"sub_title":"","content":"Als leider op het gebied van duurzaamheid passen wij technologie toe om uw doelstellingen te ondersteunen. Dit omvat onze bedrijfseigen instrumenten voor milieumetingen en om CO2-impact te bepalen; om u te helpen beter ge\u00efnformeerde duurzaamheidsbeslissingen te nemen.","cta_url":"\/nl\/sustainable-growth\/","cta_text":"Duurzaamheid onder de loep","open_in_new_window":false,"choose_media":[{"image":8556}],"image_alignment":"left","image_fit":"cover","image_size":"half-width","vimeoid":"","ytid":""},{"acf_fc_layout":"contact_form","scroll_to_link":"","title":"Neem contact op"},{"acf_fc_layout":"map","title":"Regionale hoofdkantoren met medewerkers in 64 landen","locations":[{"region":"REGIONAL NORTH AMERICA HEADQUARTERs","title":"HH Global | Chicago","address":[{"line":"203 N. LaSalle"},{"line":"Chicago, IL 60601"},{"line":"United States"}],"map_label":"Chicago","map_dotx":"12%","map_doxy":"35%","map_boxx":"62px","map_boxy":"-14px"},{"region":"REGIONAL LATIN AMERICA HEADQUARTERs","title":"HH Global | Mexico City","address":[{"line":"Av. P.\u00ba de la Reforma 350"},{"line":"Ju\u00e1rez, Cuauht\u00e9moc"},{"line":"06600 Ciudad de M\u00e9xico"},{"line":"CDMX, M\u00e9xico"}],"map_label":"Mexico","map_dotx":"5.5%","map_doxy":"63%","map_boxx":"60px","map_boxy":"-60px"},{"region":"REGIONAL EMEA HEADQUARTERs","title":"HH Global | London","address":[{"line":"Grove House,"},{"line":"Guildford Road,"},{"line":"Leatherhead, Surrey KT22 9DF"},{"line":"United Kingdom"}],"map_label":"Verenigd Koninkrijk","map_dotx":"42.2%","map_doxy":"15%","map_boxx":"45px","map_boxy":"21px"},{"region":"REGIONAL ASIA-PACIFIC HEADQUARTERs","title":"HH Global | Hong Kong","address":[{"line":"20th Floor, East Town Building,"},{"line":"No. 41 Lockhart Road, Wan Chai,"},{"line":"Hong Kong Island,"},{"line":"Hong Kong S.A.R."}],"map_label":"Hong Kong","map_dotx":"94.5%","map_doxy":"54.8%","map_boxx":"-363px","map_boxy":"-136px"}]}]},"yoast_head":"<!-- This site is optimized with the Yoast SEO plugin v27.4 - https:\/\/yoast.com\/product\/yoast-seo-wordpress\/ -->\n<title>Home Page - HH Global<\/title>\n<meta name=\"robots\" content=\"index, follow, max-snippet:-1, max-image-preview:large, max-video-preview:-1\" \/>\n<link rel=\"canonical\" href=\"https:\/\/www.hhglobal.com\/nl\/\" \/>\n<meta property=\"og:locale\" content=\"nl_NL\" \/>\n<meta property=\"og:type\" content=\"article\" \/>\n<meta property=\"og:title\" content=\"Home Page - HH Global\" \/>\n<meta property=\"og:description\" content=\"home page\" \/>\n<meta property=\"og:url\" content=\"https:\/\/www.hhglobal.com\/nl\/\" \/>\n<meta property=\"og:site_name\" content=\"HH Global\" \/>\n<meta property=\"article:modified_time\" content=\"2025-07-17T14:36:48+00:00\" \/>\n<meta name=\"twitter:card\" content=\"summary_large_image\" \/>\n<script type=\"application\/ld+json\" class=\"yoast-schema-graph\">{\"@context\":\"https:\\\/\\\/schema.org\",\"@graph\":[{\"@type\":\"WebPage\",\"@id\":\"https:\\\/\\\/www.hhglobal.com\\\/nl\\\/\",\"url\":\"https:\\\/\\\/www.hhglobal.com\\\/nl\\\/\",\"name\":\"Home Page - HH Global\",\"isPartOf\":{\"@id\":\"https:\\\/\\\/www.hhglobal.com\\\/nl\\\/#website\"},\"datePublished\":\"2022-04-26T04:01:15+00:00\",\"dateModified\":\"2025-07-17T14:36:48+00:00\",\"breadcrumb\":{\"@id\":\"https:\\\/\\\/www.hhglobal.com\\\/nl\\\/#breadcrumb\"},\"inLanguage\":\"nl-NL\",\"potentialAction\":[{\"@type\":\"ReadAction\",\"target\":[\"https:\\\/\\\/www.hhglobal.com\\\/nl\\\/\"]}]},{\"@type\":\"BreadcrumbList\",\"@id\":\"https:\\\/\\\/www.hhglobal.com\\\/nl\\\/#breadcrumb\",\"itemListElement\":[{\"@type\":\"ListItem\",\"position\":1,\"name\":\"Home\",\"item\":\"https:\\\/\\\/www.hhglobal.com\\\/nl\\\/\"},{\"@type\":\"ListItem\",\"position\":2,\"name\":\"Home Page\"}]},{\"@type\":\"WebSite\",\"@id\":\"https:\\\/\\\/www.hhglobal.com\\\/nl\\\/#website\",\"url\":\"https:\\\/\\\/www.hhglobal.com\\\/nl\\\/\",\"name\":\"HH Global\",\"description\":\"The global, tech-enabled creative production and procurement partner.\",\"publisher\":{\"@id\":\"https:\\\/\\\/www.hhglobal.com\\\/nl\\\/#organization\"},\"potentialAction\":[{\"@type\":\"SearchAction\",\"target\":{\"@type\":\"EntryPoint\",\"urlTemplate\":\"https:\\\/\\\/www.hhglobal.com\\\/nl\\\/?s={search_term_string}\"},\"query-input\":{\"@type\":\"PropertyValueSpecification\",\"valueRequired\":true,\"valueName\":\"search_term_string\"}}],\"inLanguage\":\"nl-NL\"},{\"@type\":\"Organization\",\"@id\":\"https:\\\/\\\/www.hhglobal.com\\\/nl\\\/#organization\",\"name\":\"HH Global\",\"url\":\"https:\\\/\\\/www.hhglobal.com\\\/nl\\\/\",\"logo\":{\"@type\":\"ImageObject\",\"inLanguage\":\"nl-NL\",\"@id\":\"https:\\\/\\\/www.hhglobal.com\\\/nl\\\/#\\\/schema\\\/logo\\\/image\\\/\",\"url\":\"https:\\\/\\\/www.hhglobal.com\\\/wp-content\\\/uploads\\\/2023\\\/12\\\/logo-white.svg\",\"contentUrl\":\"https:\\\/\\\/www.hhglobal.com\\\/wp-content\\\/uploads\\\/2023\\\/12\\\/logo-white.svg\",\"width\":77,\"height\":18,\"caption\":\"HH Global\"},\"image\":{\"@id\":\"https:\\\/\\\/www.hhglobal.com\\\/nl\\\/#\\\/schema\\\/logo\\\/image\\\/\"}}]}<\/script>\n<!-- \/ Yoast SEO plugin. -->","yoast_head_json":{"title":"Home Page - HH Global","robots":{"index":"index","follow":"follow","max-snippet":"max-snippet:-1","max-image-preview":"max-image-preview:large","max-video-preview":"max-video-preview:-1"},"canonical":"https:\/\/www.hhglobal.com\/nl\/","og_locale":"nl_NL","og_type":"article","og_title":"Home Page - HH Global","og_description":"home page","og_url":"https:\/\/www.hhglobal.com\/nl\/","og_site_name":"HH Global","article_modified_time":"2025-07-17T14:36:48+00:00","twitter_card":"summary_large_image","schema":{"@context":"https:\/\/schema.org","@graph":[{"@type":"WebPage","@id":"https:\/\/www.hhglobal.com\/nl\/","url":"https:\/\/www.hhglobal.com\/nl\/","name":"Home Page - HH Global","isPartOf":{"@id":"https:\/\/www.hhglobal.com\/nl\/#website"},"datePublished":"2022-04-26T04:01:15+00:00","dateModified":"2025-07-17T14:36:48+00:00","breadcrumb":{"@id":"https:\/\/www.hhglobal.com\/nl\/#breadcrumb"},"inLanguage":"nl-NL","potentialAction":[{"@type":"ReadAction","target":["https:\/\/www.hhglobal.com\/nl\/"]}]},{"@type":"BreadcrumbList","@id":"https:\/\/www.hhglobal.com\/nl\/#breadcrumb","itemListElement":[{"@type":"ListItem","position":1,"name":"Home","item":"https:\/\/www.hhglobal.com\/nl\/"},{"@type":"ListItem","position":2,"name":"Home Page"}]},{"@type":"WebSite","@id":"https:\/\/www.hhglobal.com\/nl\/#website","url":"https:\/\/www.hhglobal.com\/nl\/","name":"HH Global","description":"The global, tech-enabled creative production and procurement partner.","publisher":{"@id":"https:\/\/www.hhglobal.com\/nl\/#organization"},"potentialAction":[{"@type":"SearchAction","target":{"@type":"EntryPoint","urlTemplate":"https:\/\/www.hhglobal.com\/nl\/?s={search_term_string}"},"query-input":{"@type":"PropertyValueSpecification","valueRequired":true,"valueName":"search_term_string"}}],"inLanguage":"nl-NL"},{"@type":"Organization","@id":"https:\/\/www.hhglobal.com\/nl\/#organization","name":"HH Global","url":"https:\/\/www.hhglobal.com\/nl\/","logo":{"@type":"ImageObject","inLanguage":"nl-NL","@id":"https:\/\/www.hhglobal.com\/nl\/#\/schema\/logo\/image\/","url":"https:\/\/www.hhglobal.com\/wp-content\/uploads\/2023\/12\/logo-white.svg","contentUrl":"https:\/\/www.hhglobal.com\/wp-content\/uploads\/2023\/12\/logo-white.svg","width":77,"height":18,"caption":"HH Global"},"image":{"@id":"https:\/\/www.hhglobal.com\/nl\/#\/schema\/logo\/image\/"}}]}},"_links":{"self":[{"href":"https:\/\/www.hhglobal.com\/nl\/wp-json\/wp\/v2\/pages\/8989","targetHints":{"allow":["GET"]}}],"collection":[{"href":"https:\/\/www.hhglobal.com\/nl\/wp-json\/wp\/v2\/pages"}],"about":[{"href":"https:\/\/www.hhglobal.com\/nl\/wp-json\/wp\/v2\/types\/page"}],"author":[{"embeddable":true,"href":"https:\/\/www.hhglobal.com\/nl\/wp-json\/wp\/v2\/users\/41"}],"replies":[{"embeddable":true,"href":"https:\/\/www.hhglobal.com\/nl\/wp-json\/wp\/v2\/comments?post=8989"}],"version-history":[{"count":0,"href":"https:\/\/www.hhglobal.com\/nl\/wp-json\/wp\/v2\/pages\/8989\/revisions"}],"wp:attachment":[{"href":"https:\/\/www.hhglobal.com\/nl\/wp-json\/wp\/v2\/media?parent=8989"}],"curies":[{"name":"wp","href":"https:\/\/api.w.org\/{rel}","templated":true}]}}