{"id":8263,"date":"2022-04-26T04:01:15","date_gmt":"2022-04-26T04:01:15","guid":{"rendered":"https:\/\/decoupled-hhg.local\/homepage\/"},"modified":"2025-07-17T14:39:17","modified_gmt":"2025-07-17T14:39:17","slug":"homepage","status":"publish","type":"page","link":"https:\/\/www.hhglobal.com\/ko\/","title":{"rendered":"Home Page"},"content":{"rendered":"\r\n<p>home page<\/p>\r\n","protected":false},"excerpt":{"rendered":"<p>home page<\/p>\n","protected":false},"author":41,"featured_media":0,"parent":0,"menu_order":0,"comment_status":"closed","ping_status":"open","template":"","meta":{"_acf_changed":"","_yoast_wpseo_focuskw":"","_yoast_wpseo_metadesc":"","_yoast_wpseo_linkdex":"","_yoast_wpseo_content_score":"","_yoast_wpseo_meta-robots-noindex":"","_yoast_wpseo_meta-robots-nofollow":"","inline_featured_image":[],"_genesis_block_theme_hide_title":false,"_cms_nav_minihome":"","_icl_lang_duplicate_of":"","_menu_item_classes":[],"_menu_item_menu_item_parent":"","_menu_item_object":"","_menu_item_object_id":"","_menu_item_orphaned":"","_menu_item_target":"","_menu_item_type":"","_menu_item_url":"","_menu_item_xfn":"","_seedprod_page":"","_seedprod_page_template_type":"","_seedprod_page_uuid":"","_top_nav_excluded":"","_wp_attachment_backup_sizes":[],"_wp_attachment_context":"","_wp_attachment_image_alt":"","_wp_old_date":"","_wpcode_auto_insert":"","_wpcode_auto_insert_number":"","_wpcode_library_id":"","_wpml_media_duplicate":"1","_wpml_media_featured":"1","_wpml_post_translation_editor_native":"","_wpml_word_count":"{\"total\":90,\"to_translate\":{\"zh-hans\":90,\"cs\":90,\"fr\":90,\"de\":90,\"it\":90,\"ja\":90,\"pt-br\":90,\"es\":90}}","_yoast_wpseo_estimated-reading-time-minutes":["1"],"_yoast_wpseo_primary_category":"","_yoast_wpseo_primary_industry":"","_yoast_wpseo_primary_solution":"","_yoast_wpseo_primary_the_author":"","_yoast_wpseo_wordproof_timestamp":"","acfml_non_translatable_locations":[],"career_externalLink":"","career_featuredImage":"","career_title":"","casestudy_featuredImage":"","casestudy_title":"","infocallout_excerpt":"","infocallout_featuredImage":"","infocallout_title":"","jobTitle":"","language":"","name":"","profilePicture":"","wp-smpro-smush-data":[],"wp-smush-animated":"","wp-smush-ignore-bulk":"","wp-smush-lossy":"","wpml_media_processed":"","_wpcode_conditional_logic_enabled":"","_wpcode_location_extra":"","_wpcode_note":"","_wpcode_priority":"","_wpcode_shortcode_attributes":[],"footnotes":""},"class_list":["post-8263","page","type-page","status-publish","hentry","post","without-featured-image"],"acf":{"page_title":"\uae00\ub85c\ubc8c \ud06c\ub9ac\uc5d0\uc774\ud2f0\ube0c \uc81c\uc791 \ubc0f \uad6c\ub9e4 \uc194\ub8e8\uc158 \uae30\uc5c5 | HH Global ","page_description":"\ud14c\ud06c\ub180\ub85c\uc9c0 \uae30\ubc18 \ud06c\ub9ac\uc5d0\uc774\ud2f0\ube0c \uc81c\uc791 \ubc0f \uad6c\ub9e4 \uc194\ub8e8\uc158\uc73c\ub85c \uc9c0\uc18d \uac00\ub2a5\ud55c \uc131\uc7a5\uc744 \ucd94\uad6c\ud558\ub294 \ube0c\ub79c\ub4dc\ub97c \uc9c0\uc6d0\ud558\ub294 \uae00\ub85c\ubc8c \ud30c\ud2b8\ub108, HH Global","social_title":"","social_description":"","social_share_image":null,"modules":[{"acf_fc_layout":"hero","size":"large","theme":"dark","choose_images":[{"image":7715},{"image":7712},{"image":7713},{"image":7714}],"show_eyebrow":true,"eyebrow":"eyebrow","title":"\ud14c\ud06c\ub180\ub85c\uc9c0 \uae30\ubc18 \ud06c\ub9ac\uc5d0\uc774\ud2f0\ube0c \uc81c\uc791 \ubc0f \uad6c\ub9e4 \uc194\ub8e8\uc158\uc744 \uc81c\uacf5\ud558\ub294 \uae00\ub85c\ubc8c \ud30c\ud2b8\ub108","show_cta":true,"cta_url":"\/ko\/company","cta_title":"\uc790\uc138\ud788 \ubcf4\uae30"},{"acf_fc_layout":"data_visualization","title":"HH Global \uae30\uc5c5 \ud604\ud669","stats":[{"page_link":465,"sub_heading":"\uae00\ub85c\ubc8c","heading":"\uace0\uac1d\uc758 \uc131\uacf5\uc744 \uc704\ud574 \ud5cc\uc2e0\ud558\ub294 +4500\uba85\uc758","stat":"&nbsp;","description_type":false,"description":"","styled_description":{"before_description_text":"\ud300\uc6d0","middle_stats":"64","after_description_text":"\uac1c\uad6d\uc5d0 \uac78\uccd0"},"icon":7852,"hover_color":"secondary-blue"},{"page_link":465,"sub_heading":"\uae00\ub85c\ubc8c","heading":"\ucd1d 25\uc5b5 \ub2ec\ub7ec\uc5d0 \ub2ec\ud558\ub294 \uc9c0\ucd9c \uad00\ub9ac \uaddc\ubaa8","stat":"","description_type":true,"description":"","styled_description":{"before_description_text":"","middle_stats":"","after_description_text":""},"icon":7851,"hover_color":"primary-green-2"},{"page_link":12121,"sub_heading":"\uc9c0\uc18d\uac00\ub2a5\uc131 ","heading":"","stat":"+44,000\ud1a4","description_type":true,"description":"\uad6c\ub9e4\ub41c \uc0c1\ud488 \ubc0f \uc11c\ube44\uc2a4\ub97c \ud1b5\ud55c \ud0c4\uc18c \ubc30\ucd9c\ub7c9 \uc808\uac10 \uaddc\ubaa8","styled_description":{"before_description_text":"","middle_stats":"","after_description_text":""},"icon":7855,"hover_color":"primary-green-2"},{"page_link":466,"sub_heading":"\uae00\ub85c\ubc8c \ud06c\ub9ac\uc5d0\uc774\ud2f0\ube0c \uc81c\uc791","heading":"","stat":"26\uac1c","description_type":true,"description":"\ud06c\ub9ac\uc5d0\uc774\ud2f0\ube0c \uc2a4\ud29c\ub514\uc624","styled_description":{"before_description_text":"","middle_stats":"","after_description_text":""},"icon":7854,"hover_color":"secondary-purple"},{"page_link":503,"sub_heading":"\uad6c\ub9e4","heading":"","stat":"25%","description_type":true,"description":"\uace0\uac1d\uc0ac\uc758 \ube44\uc6a9\uc808\uac10\uc728","styled_description":{"before_description_text":"","middle_stats":"","after_description_text":""},"icon":null,"hover_color":"secondary-dark-blue"},{"page_link":502,"sub_heading":"\ud14c\ud06c\ub180\ub85c\uc9c0","heading":"130\ub9cc\uac74","stat":"&nbsp;","description_type":true,"description":"\ub2f9\uc0ac \ud14c\ud06c\ub180\ub85c\uc9c0\ub97c \uc774\uc6a9\ud574 \ucc98\ub9ac\ub41c \uac70\ub798\uac74\uc218","styled_description":{"before_description_text":"","middle_stats":"","after_description_text":""},"icon":7850,"hover_color":"secondary-dark-blue"},{"page_link":503,"sub_heading":"\uad6c\ub9e4","heading":"","stat":"+8600\uac1c\uc0ac","description_type":true,"description":"\uc804 \uc138\uacc4\uc801\uc73c\ub85c \r\n\ucd1d 19\uac00\uc9c0 \uc8fc\uc694 \uc9c0\ucd9c \uce74\ud14c\uace0\ub9ac\ub97c \ucee4\ubc84\ud558\ub294 \uc804\ub7b5\uc801 \uacf5\uae09 \ud30c\ud2b8\ub108\uc0ac","styled_description":{"before_description_text":"","middle_stats":"","after_description_text":""},"icon":null,"hover_color":"primary-green-2"},{"page_link":502,"sub_heading":"\ud14c\ud06c\ub180\ub85c\uc9c0","heading":"","stat":"89,485\uba85","description_type":true,"description":"\ub2f9\uc0ac \ud14c\ud06c\ub180\ub85c\uc9c0 \uc2e4\uc81c \uc0ac\uc6a9\uc790 \uc218","styled_description":{"before_description_text":"","middle_stats":"","after_description_text":""},"icon":7853,"hover_color":"secondary-purple"},{"page_link":466,"sub_heading":"\uae00\ub85c\ubc8c \ud06c\ub9ac\uc5d0\uc774\ud2f0\ube0c \uc81c\uc791","heading":"","stat":"72,015\uac1c","description_type":true,"description":"\ub2f9\uc0ac\uac00 \uad00\ub9ac\ud558\ub294 \ub514\uc9c0\ud138 \uc790\uc0b0 \uac1c\uc218","styled_description":{"before_description_text":"","middle_stats":"","after_description_text":""},"icon":null,"hover_color":"primary-green-2"}]},{"acf_fc_layout":"cards","scroll_to_link":"","container_background_color":"bg-pure-black","show_heading":true,"heading":"\ub354\uc6b1 \uac15\ub825\ud558\uace0 \uc9c0\uc18d \uac00\ub2a5\ud55c \ub9c8\ucf00\ud305 \uc194\ub8e8\uc158\uc744 \ucc3e\ub294 \ube0c\ub79c\ub4dc\uc640\uc758 \ud30c\ud2b8\ub108\uc2ed","content":"","cards":{"layout":"case-studies-layout","sub_layout":"default","cards_display_mode":"bg-white","solution_term":null,"industry_term":null,"author_term":null,"region_term":null,"choose_cards":[365],"choose_case_studies":[8315,8303,8309,8305,8317,8311,8313,8307],"choose_featured_case_studies":null,"choose_staff_members":null,"choose_careers":null,"choose_info_callouts":null,"show_titles":true,"show_description":true,"show_date":false,"show_sector":false}},{"acf_fc_layout":"text_with_media","scroll_to_link":"","theme":"dark","container_background_color":"bg-pure-black","show_eyebrow":false,"eyebrow":"","show_title":true,"title":"\uc5c5\uacc4 \ucd5c\uace0\uc758 \uc804\uc6a9 \ud14c\ud06c\ub180\ub85c\uc9c0","show_sub_title":false,"sub_title":"","content":"\ub2f9\uc0ac\uc758 \ub3c5\uc810 \ud14c\ud06c\ub180\ub85c\uc9c0 \ud50c\ub7ab\ud3fc\uc740 \uace0\uac1d\uc0ac \ud504\ub85c\uc138\uc2a4\uc758 \uac01 \ub2e8\uacc4\ub97c \ube60\uc9d0 \uc5c6\uc774 \ucd5c\uc801\ud654\ud568\uc73c\ub85c\uc368 \ub0ad\ube44\ub97c \uc904\uc774\uace0 \uc131\uc7a5\uc744 \ucd09\uc9c4\ud560 \ubfd0\ub9cc \uc544\ub2c8\ub77c, \ub2c8\uc988\uc5d0 \ub530\ub77c \ud655\uc7a5 \ub610\ud55c \uac00\ub2a5\ud569\ub2c8\ub2e4. \uc774 \ub3c5\uc810 \ud50c\ub7ab\ud3fc\uc740 \uc138\uacc4 \uac01\uc9c0\uc5d0 \ud769\uc5b4\uc838 \uc788\ub294 \ube0c\ub79c\ub4dc\ub098 \uad6d\uac00, \uc9c0\uc5ed\uc744 \ud1b5\ud569 \uad00\ub9ac\ud558\ub294 \ub370 \ub3c4\uc6c0\uc744 \uc904 \uc218 \uc788\ub294 \uc720\uc6a9\ud55c \ub370\uc774\ud130\uc640 \uc778\uc0ac\uc774\ud2b8\ub97c \uc81c\uacf5\ud558\uba70, \uc815\ud655\ud55c \uc131\uacfc \uce21\uc815 \ubc0f \ubcf4\uace0 \uae30\ub2a5\uc73c\ub85c \ubcf4\ub2e4 \uc9c0\uc18d \uac00\ub2a5\ud55c \ub9c8\ucf00\ud305\uc744 \uc704\ud55c \uc608\uc0b0 \uc804\ub7b5\uc744 \ucd5c\uc801\ud654\ud558\ub294 \ub370 \ud070 \ub3c4\uc6c0\uc774 \ub429\ub2c8\ub2e4.","cta_url":"\/ko\/technology","cta_text":"\ud14c\ud06c\ub180\ub85c\uc9c0 \uae30\ubc18 \ud50c\ub7ab\ud3fc\uc5d0 \ub300\ud574 \uc54c\uc544\ubcf4\uae30","open_in_new_window":false,"choose_media":[{"image":7905}],"image_alignment":"right","image_fit":"cover","image_size":"half-width","vimeoid":"","ytid":""},{"acf_fc_layout":"sustainability","container_background_color":"bg-pure-black","title":"\uc9c0\uc18d \uac00\ub2a5\uc131 \uad00\ub828 \uc131\uacfc \ucd09\uc9c4","sustainability_features":[{"icon":7696,"stats":"40%","stats_color":"primary-green","description":"\uc804\ub144 \ub300\ube44 \uc804\ub825 \uc18c\ube44 40% \uc808\uac10"},{"icon":7967,"stats":"8%","stats_color":"secondary-blue","description":"\uc804\ub144 \ub300\ube44 \ucd1d \ubc30\ucd9c\ub7c9 8% \uac10\uc18c"},{"icon":7698,"stats":"44,000 \uc774\uc0c1 ","stats_color":"light-purple","description":"\uc804\ub144 \ub300\ube44 \uace0\uac1d\uc0ac \ud0c4\uc18c \ubc30\ucd9c\ub7c9 44,000\ud1a4 \uac10\uc18c\r\n"}]},{"acf_fc_layout":"text_with_media","scroll_to_link":"","theme":"dark","container_background_color":"bg-pure-black","show_eyebrow":false,"eyebrow":"","show_title":true,"title":"\uc9c0\uc18d \uac00\ub2a5\ud55c \ub9c8\ucf00\ud305\uc744 \uc704\ud55c \ud14c\ud06c\ub180\ub85c\uc9c0","show_sub_title":true,"sub_title":"","content":"\uc9c0\uc18d \uac00\ub2a5\uc131 \ubd84\uc57c\ub97c \uc120\ub3c4\ud558\ub294 \uae30\uc5c5\uc73c\ub85c\uc11c HH Global\uc740 \uadc0\uc0ac\uc758 \ub2c8\uc988\uc640 \ubaa9\ud45c\ub97c \uc9c0\uc6d0\ud560 \uc218 \uc788\ub294 \ud14c\ud06c\ub180\ub85c\uc9c0 \uc911\uc2ec\uc758 \ub9de\ucda4\ud615 \uc194\ub8e8\uc158\uc744 \uc81c\uacf5\ud569\ub2c8\ub2e4. \uc774\ub54c, \ud658\uacbd \ud3c9\uac00, \uc774\uc0b0\ud654\ud0c4\uc18c \uc601\ud5a5 \ud3c9\uac00\uc5d0 \uc0ac\uc6a9\ub418\ub294 \ub2f9\uc0ac \uc804\uc6a9 \ud234\uc774 \ud3ec\ud568\ub418\ub294 \ub9de\ucda4\ud615 \uc194\ub8e8\uc158\uc740 \uadc0\uc0ac\uac00 \uc815\ubcf4\uc5d0 \uc785\uac01\ud55c \uc9c0\uc18d \uac00\ub2a5\ud55c \ub9c8\ucf00\ud305 \uad00\ub828 \uc758\uc0ac \uacb0\uc815\uc744 \ub0b4\ub9b4 \uc218 \uc788\ub3c4\ub85d \uc9c0\uc6d0\ud569\ub2c8\ub2e4.","cta_url":"\/ko\/sustainable-growth\/","cta_text":"\uc9c0\uc18d \uac00\ub2a5\uc131 \uc194\ub8e8\uc158\uc5d0 \ub300\ud574 \uc54c\uc544\ubcf4\uae30","open_in_new_window":false,"choose_media":[{"image":7830}],"image_alignment":"left","image_fit":"cover","image_size":"half-width","vimeoid":"","ytid":""},{"acf_fc_layout":"contact_form","scroll_to_link":"","title":"\ubb38\uc758"},{"acf_fc_layout":"map","title":"64\uac1c\uad6d\uc758 \uc784\uc9c1\uc6d0\uc744 \ub300\ud45c\ud558\ub294 \uc9c0\uc5ed \ubcf8\ubd80","locations":[{"region":"REGIONAL NORTH AMERICA HEADQUARTERs","title":"HH Global | Chicago","address":[{"line":"203 N. LaSalle"},{"line":"Chicago, IL 60601"},{"line":"United States"}],"map_label":"\uba55\uc2dc\ucf54","map_dotx":"12%","map_doxy":"35%","map_boxx":"62px","map_boxy":"-14px"},{"region":"REGIONAL LATIN AMERICA HEADQUARTERs","title":"HH Global | Mexico City","address":[{"line":"Av. P.\u00ba de la Reforma 350"},{"line":"Ju\u00e1rez, Cuauht\u00e9moc"},{"line":"06600 Ciudad de M\u00e9xico"},{"line":"CDMX, M\u00e9xico"}],"map_label":"\uc2dc\uce74\uace0","map_dotx":"5.5%","map_doxy":"63%","map_boxx":"60px","map_boxy":"-60px"},{"region":"REGIONAL EMEA HEADQUARTERs","title":"HH Global | London","address":[{"line":"Grove House,"},{"line":"Guildford Road,"},{"line":"Leatherhead, Surrey KT22 9DF"},{"line":"United Kingdom"}],"map_label":"\uc601\uad6d","map_dotx":"42.2%","map_doxy":"15%","map_boxx":"45px","map_boxy":"21px"},{"region":"REGIONAL ASIA-PACIFIC HEADQUARTERs","title":"HH Global | Hong Kong","address":[{"line":"20th Floor, East Town Building,"},{"line":"No. 41 Lockhart Road, Wan Chai,"},{"line":"Hong Kong Island,"},{"line":"Hong Kong S.A.R."}],"map_label":"\ud64d\ucf69","map_dotx":"94.5%","map_doxy":"54.8%","map_boxx":"-363px","map_boxy":"-136px"}]}]},"yoast_head":"<!-- This site is optimized with the Yoast SEO plugin v27.4 - https:\/\/yoast.com\/product\/yoast-seo-wordpress\/ -->\n<title>Home Page - HH Global<\/title>\n<meta name=\"robots\" content=\"index, follow, max-snippet:-1, max-image-preview:large, max-video-preview:-1\" \/>\n<link rel=\"canonical\" href=\"https:\/\/www.hhglobal.com\/ko\/\" \/>\n<meta property=\"og:locale\" content=\"ko_KR\" \/>\n<meta property=\"og:type\" content=\"article\" \/>\n<meta property=\"og:title\" content=\"Home Page - HH Global\" \/>\n<meta property=\"og:description\" content=\"home page\" \/>\n<meta property=\"og:url\" content=\"https:\/\/www.hhglobal.com\/ko\/\" \/>\n<meta property=\"og:site_name\" content=\"HH Global\" \/>\n<meta property=\"article:modified_time\" content=\"2025-07-17T14:39:17+00:00\" \/>\n<meta name=\"twitter:card\" content=\"summary_large_image\" \/>\n<meta name=\"twitter:label1\" content=\"\uc608\uc0c1 \ub418\ub294 \ud310\ub3c5 \uc2dc\uac04\" \/>\n\t<meta name=\"twitter:data1\" content=\"1\ubd84\" \/>\n<script type=\"application\/ld+json\" class=\"yoast-schema-graph\">{\"@context\":\"https:\\\/\\\/schema.org\",\"@graph\":[{\"@type\":\"WebPage\",\"@id\":\"https:\\\/\\\/www.hhglobal.com\\\/ko\\\/\",\"url\":\"https:\\\/\\\/www.hhglobal.com\\\/ko\\\/\",\"name\":\"Home Page - HH Global\",\"isPartOf\":{\"@id\":\"https:\\\/\\\/www.hhglobal.com\\\/ko\\\/#website\"},\"datePublished\":\"2022-04-26T04:01:15+00:00\",\"dateModified\":\"2025-07-17T14:39:17+00:00\",\"breadcrumb\":{\"@id\":\"https:\\\/\\\/www.hhglobal.com\\\/ko\\\/#breadcrumb\"},\"inLanguage\":\"ko-KR\",\"potentialAction\":[{\"@type\":\"ReadAction\",\"target\":[\"https:\\\/\\\/www.hhglobal.com\\\/ko\\\/\"]}]},{\"@type\":\"BreadcrumbList\",\"@id\":\"https:\\\/\\\/www.hhglobal.com\\\/ko\\\/#breadcrumb\",\"itemListElement\":[{\"@type\":\"ListItem\",\"position\":1,\"name\":\"Home\",\"item\":\"https:\\\/\\\/www.hhglobal.com\\\/ko\\\/\"},{\"@type\":\"ListItem\",\"position\":2,\"name\":\"Home Page\"}]},{\"@type\":\"WebSite\",\"@id\":\"https:\\\/\\\/www.hhglobal.com\\\/ko\\\/#website\",\"url\":\"https:\\\/\\\/www.hhglobal.com\\\/ko\\\/\",\"name\":\"HH Global\",\"description\":\"The global, tech-enabled creative production and procurement partner.\",\"publisher\":{\"@id\":\"https:\\\/\\\/www.hhglobal.com\\\/ko\\\/#organization\"},\"potentialAction\":[{\"@type\":\"SearchAction\",\"target\":{\"@type\":\"EntryPoint\",\"urlTemplate\":\"https:\\\/\\\/www.hhglobal.com\\\/ko\\\/?s={search_term_string}\"},\"query-input\":{\"@type\":\"PropertyValueSpecification\",\"valueRequired\":true,\"valueName\":\"search_term_string\"}}],\"inLanguage\":\"ko-KR\"},{\"@type\":\"Organization\",\"@id\":\"https:\\\/\\\/www.hhglobal.com\\\/ko\\\/#organization\",\"name\":\"HH Global\",\"url\":\"https:\\\/\\\/www.hhglobal.com\\\/ko\\\/\",\"logo\":{\"@type\":\"ImageObject\",\"inLanguage\":\"ko-KR\",\"@id\":\"https:\\\/\\\/www.hhglobal.com\\\/ko\\\/#\\\/schema\\\/logo\\\/image\\\/\",\"url\":\"https:\\\/\\\/www.hhglobal.com\\\/wp-content\\\/uploads\\\/2023\\\/12\\\/logo-white.svg\",\"contentUrl\":\"https:\\\/\\\/www.hhglobal.com\\\/wp-content\\\/uploads\\\/2023\\\/12\\\/logo-white.svg\",\"width\":77,\"height\":18,\"caption\":\"HH Global\"},\"image\":{\"@id\":\"https:\\\/\\\/www.hhglobal.com\\\/ko\\\/#\\\/schema\\\/logo\\\/image\\\/\"}}]}<\/script>\n<!-- \/ Yoast SEO plugin. -->","yoast_head_json":{"title":"Home Page - HH Global","robots":{"index":"index","follow":"follow","max-snippet":"max-snippet:-1","max-image-preview":"max-image-preview:large","max-video-preview":"max-video-preview:-1"},"canonical":"https:\/\/www.hhglobal.com\/ko\/","og_locale":"ko_KR","og_type":"article","og_title":"Home Page - HH Global","og_description":"home page","og_url":"https:\/\/www.hhglobal.com\/ko\/","og_site_name":"HH Global","article_modified_time":"2025-07-17T14:39:17+00:00","twitter_card":"summary_large_image","twitter_misc":{"\uc608\uc0c1 \ub418\ub294 \ud310\ub3c5 \uc2dc\uac04":"1\ubd84"},"schema":{"@context":"https:\/\/schema.org","@graph":[{"@type":"WebPage","@id":"https:\/\/www.hhglobal.com\/ko\/","url":"https:\/\/www.hhglobal.com\/ko\/","name":"Home Page - HH Global","isPartOf":{"@id":"https:\/\/www.hhglobal.com\/ko\/#website"},"datePublished":"2022-04-26T04:01:15+00:00","dateModified":"2025-07-17T14:39:17+00:00","breadcrumb":{"@id":"https:\/\/www.hhglobal.com\/ko\/#breadcrumb"},"inLanguage":"ko-KR","potentialAction":[{"@type":"ReadAction","target":["https:\/\/www.hhglobal.com\/ko\/"]}]},{"@type":"BreadcrumbList","@id":"https:\/\/www.hhglobal.com\/ko\/#breadcrumb","itemListElement":[{"@type":"ListItem","position":1,"name":"Home","item":"https:\/\/www.hhglobal.com\/ko\/"},{"@type":"ListItem","position":2,"name":"Home Page"}]},{"@type":"WebSite","@id":"https:\/\/www.hhglobal.com\/ko\/#website","url":"https:\/\/www.hhglobal.com\/ko\/","name":"HH Global","description":"The global, tech-enabled creative production and procurement partner.","publisher":{"@id":"https:\/\/www.hhglobal.com\/ko\/#organization"},"potentialAction":[{"@type":"SearchAction","target":{"@type":"EntryPoint","urlTemplate":"https:\/\/www.hhglobal.com\/ko\/?s={search_term_string}"},"query-input":{"@type":"PropertyValueSpecification","valueRequired":true,"valueName":"search_term_string"}}],"inLanguage":"ko-KR"},{"@type":"Organization","@id":"https:\/\/www.hhglobal.com\/ko\/#organization","name":"HH Global","url":"https:\/\/www.hhglobal.com\/ko\/","logo":{"@type":"ImageObject","inLanguage":"ko-KR","@id":"https:\/\/www.hhglobal.com\/ko\/#\/schema\/logo\/image\/","url":"https:\/\/www.hhglobal.com\/wp-content\/uploads\/2023\/12\/logo-white.svg","contentUrl":"https:\/\/www.hhglobal.com\/wp-content\/uploads\/2023\/12\/logo-white.svg","width":77,"height":18,"caption":"HH Global"},"image":{"@id":"https:\/\/www.hhglobal.com\/ko\/#\/schema\/logo\/image\/"}}]}},"_links":{"self":[{"href":"https:\/\/www.hhglobal.com\/ko\/wp-json\/wp\/v2\/pages\/8263","targetHints":{"allow":["GET"]}}],"collection":[{"href":"https:\/\/www.hhglobal.com\/ko\/wp-json\/wp\/v2\/pages"}],"about":[{"href":"https:\/\/www.hhglobal.com\/ko\/wp-json\/wp\/v2\/types\/page"}],"author":[{"embeddable":true,"href":"https:\/\/www.hhglobal.com\/ko\/wp-json\/wp\/v2\/users\/41"}],"replies":[{"embeddable":true,"href":"https:\/\/www.hhglobal.com\/ko\/wp-json\/wp\/v2\/comments?post=8263"}],"version-history":[{"count":0,"href":"https:\/\/www.hhglobal.com\/ko\/wp-json\/wp\/v2\/pages\/8263\/revisions"}],"wp:attachment":[{"href":"https:\/\/www.hhglobal.com\/ko\/wp-json\/wp\/v2\/media?parent=8263"}],"curies":[{"name":"wp","href":"https:\/\/api.w.org\/{rel}","templated":true}]}}