{"id":17680,"date":"2023-10-04T14:40:28","date_gmt":"2023-10-04T14:40:28","guid":{"rendered":"https:\/\/www.hhglobal.com\/conscious-creative-2\/"},"modified":"2024-04-16T11:48:07","modified_gmt":"2024-04-16T11:48:07","slug":"conscious-creative-2","status":"publish","type":"page","link":"https:\/\/www.hhglobal.com\/conscious-creative-2\/","title":{"rendered":"Conscious Creative"},"content":{"rendered":"","protected":false},"excerpt":{"rendered":"","protected":false},"author":41,"featured_media":0,"parent":0,"menu_order":0,"comment_status":"closed","ping_status":"closed","template":"","meta":{"_acf_changed":"","_yoast_wpseo_focuskw":"","_yoast_wpseo_metadesc":"","_yoast_wpseo_linkdex":"","_yoast_wpseo_content_score":"","_yoast_wpseo_meta-robots-noindex":"","_yoast_wpseo_meta-robots-nofollow":"","inline_featured_image":[],"_genesis_block_theme_hide_title":false,"_cms_nav_minihome":"","_icl_lang_duplicate_of":"","_menu_item_classes":[],"_menu_item_menu_item_parent":"","_menu_item_object":"","_menu_item_object_id":"","_menu_item_orphaned":"","_menu_item_target":"","_menu_item_type":"","_menu_item_url":"","_menu_item_xfn":"","_seedprod_page":"","_seedprod_page_template_type":"","_seedprod_page_uuid":"","_top_nav_excluded":"","_wp_attachment_backup_sizes":[],"_wp_attachment_context":"","_wp_attachment_image_alt":"","_wp_old_date":"","_wpcode_auto_insert":"","_wpcode_auto_insert_number":"","_wpcode_library_id":"","_wpml_media_duplicate":"","_wpml_media_featured":"","_wpml_post_translation_editor_native":"","_wpml_word_count":"{\"total\":448,\"to_translate\":{\"zh\":448,\"cs\":448,\"nl\":448,\"fr\":448,\"de\":448,\"it\":448,\"ja\":448,\"ko\":448,\"pt\":448,\"es\":448}}","_yoast_wpseo_estimated-reading-time-minutes":[],"_yoast_wpseo_primary_category":"","_yoast_wpseo_primary_industry":"","_yoast_wpseo_primary_solution":"","_yoast_wpseo_primary_the_author":"","_yoast_wpseo_wordproof_timestamp":"","acfml_non_translatable_locations":[],"career_externalLink":"","career_featuredImage":"","career_title":"","casestudy_featuredImage":"","casestudy_title":"","infocallout_excerpt":"","infocallout_featuredImage":"","infocallout_title":"","jobTitle":"","language":"","name":"","profilePicture":"","wp-smpro-smush-data":[],"wp-smush-animated":"","wp-smush-ignore-bulk":"","wp-smush-lossy":"","wpml_media_processed":"","_wpcode_conditional_logic_enabled":"","_wpcode_location_extra":"","_wpcode_note":"","_wpcode_priority":"","_wpcode_shortcode_attributes":[],"footnotes":""},"class_list":["post-17680","page","type-page","status-publish","hentry","post","without-featured-image"],"acf":{"page_title":"Conscious Creative | HH Global","page_description":"Vedouc\u00ed postaven\u00ed v oblasti udr\u017eiteln\u00e9ho marketingu. Od n\u00e1vrhu a\u017e po ukon\u010den\u00ed pou\u017e\u00edv\u00e1n\u00ed se sna\u017e\u00edme minimalizovat dopad na \u017eivotn\u00ed prost\u0159ed\u00ed a spole\u010dnost.","social_title":"Conscious Creative | HH Global","social_description":"Vedouc\u00ed postaven\u00ed v oblasti udr\u017eiteln\u00e9ho marketingu. Od n\u00e1vrhu a\u017e po ukon\u010den\u00ed pou\u017e\u00edv\u00e1n\u00ed se sna\u017e\u00edme minimalizovat dopad na \u017eivotn\u00ed prost\u0159ed\u00ed a spole\u010dnost.","social_share_image":null,"modules":[{"acf_fc_layout":"hero","size":"medium2","theme":"dark","choose_images":[{"image":17347}],"show_eyebrow":false,"eyebrow":"","title":"Conscious Creative","show_cta":false,"cta_url":"","cta_title":""},{"acf_fc_layout":"intro_content_block","container_background_color":"bg-white","type":false,"show_image":false,"intro_image":null,"show_background":false,"background":null,"show_eyebrow":false,"eyebrow":"","show_designations":false,"designations":null,"show_title":true,"size":"large","title":"Designem k udr\u017eiteln\u00e9 budoucnosti","show_intro":true,"intro":"Podpora udr\u017eiteln\u00e9ho designu je z\u00e1sadn\u00ed pro kreativn\u00ed inovace \u0161etrn\u00e9 k \u017eivotn\u00edmu prost\u0159ed\u00ed. Zaveden\u00edm konceptu <strong>Conscious Creative<\/strong> investujeme do zlep\u0161en\u00ed udr\u017eitelnosti marketingu od okam\u017eiku n\u00e1padu a\u017e po v\u00fdrobu i po n\u00ed. \u010cin\u00edme tak prost\u0159ednictv\u00edm:","show_body":false,"body":"","show_labels":false,"labels":{"show_social":false,"custom_categories":null}},{"acf_fc_layout":"content_block","container_background_color":"bg-white","show_header":false,"header":"","contents":[{"show_header_icon":true,"header_icon":17358,"show_header":false,"header":"","header_color":"secondary-blue","show_subheader":true,"subheader":"Hodnocen\u00ed","description":"Kreativn\u00ed t\u00fdm, studio, vysp\u011blost v oblasti ESG a c\u00edle SDG, v\u010detn\u011b anal\u00fdzy udr\u017eiteln\u00fdch postup\u016f cirkul\u00e1rn\u00edho designu p\u0159\u00edmo na m\u00edst\u011b a doporu\u010den\u00ed ke zlep\u0161en\u00ed."},{"show_header_icon":true,"header_icon":17369,"show_header":false,"header":"Educating","header_color":"light-purple","show_subheader":true,"subheader":"Vzd\u011bl\u00e1v\u00e1n\u00ed","description":"Pomoc\u00ed s\u00e9rie \u0161kolen\u00ed Conscious Creative a \u0159ady zdroj\u016f na podporu udr\u017eiteln\u00fdch postup\u016f, mezi n\u011b\u017e pat\u0159\u00ed: e-learning, vzd\u011bl\u00e1vac\u00ed p\u0159\u00edru\u010dky osv\u011bd\u010den\u00fdch postup\u016f, workshopy na t\u00e9ma cirkul\u00e1rn\u00edho designu a dal\u0161\u00ed zdroje."},{"show_header_icon":true,"header_icon":17380,"show_header":false,"header":"","header_color":"secondary-blue","show_subheader":true,"subheader":"Posilov\u00e1n\u00ed postaven\u00ed","description":"Technologick\u00e1 platforma Conscious Creative, knihovna materi\u00e1l\u016f, kalkula\u010dka CO<sub>2<\/sub>, technologie kreativn\u00edch hodnotic\u00edch karet a ozna\u010den\u00ed Conscious Creative."}]},{"acf_fc_layout":"text_with_media_carousel","theme":"light","container_background_color":"bg-grey","highlight_color":"purple","title":" Vedouc\u00ed postaven\u00ed v oblasti udr\u017eiteln\u00e9ho marketingu","content":"<strong>Od n\u00e1vrhu a\u017e po ukon\u010den\u00ed pou\u017e\u00edv\u00e1n\u00ed se sna\u017e\u00edme minimalizovat dopad na \u017eivotn\u00ed prost\u0159ed\u00ed a spole\u010dnost.<\/strong>\r\n\r\nVzd\u011bl\u00e1v\u00e1me, inspirujeme a umo\u017e\u0148ujeme odpov\u011bdn\u00fd v\u00fdb\u011br materi\u00e1l\u016f a zp\u016fsob\u016f v\u00fdroby, abychom dos\u00e1hli transforma\u010dn\u00ed zm\u011bny.\r\n\r\nNa\u0161e bezkonkuren\u010dn\u00ed odborn\u00e9 znalosti v oblasti certifikovan\u00e9ho m\u011b\u0159en\u00ed emis\u00ed CO<sub>2<\/sub> zaji\u0161\u0165uj\u00ed soulad s p\u0159edpisy a p\u0159esn\u00e9 a transparentn\u00ed v\u00fdkaznictv\u00ed.\r\n\r\nA d\u00edky \u0159\u00edzen\u00ed dodavatelsk\u00fdch \u0159et\u011bzc\u016f auditovan\u00fdch podle ESG sni\u017eujeme reputa\u010dn\u00ed riziko, vytv\u00e1\u0159\u00edme kulturu \u00fasil\u00ed o dosa\u017een\u00ed etick\u00e9 kreativn\u00ed dokonalosti a z\u00e1rove\u0148 prosazujeme strategie nulov\u00e9ho odpadu.","additional_spacing":true,"features_title":"","features":[{"navigation_label":"Hodnocen\u00ed + posouzen\u00ed","show_title":true,"title":"Hodnocen\u00ed + posouzen\u00ed","show_subtitle":false,"subtitle":"","content":"<ul>\r\n \t<li>Kreativn\u00ed posouzen\u00ed p\u0159\u00edmo na m\u00edst\u011b vyhodnocuje mo\u017enosti udr\u017eiteln\u00e9ho a cirkul\u00e1rn\u00edho designu a poskytuje zasv\u011bcen\u00e9 informace o ekologicky uv\u011bdom\u011bl\u00fdch postupech.<\/li>\r\n \t<li>Platforma ESG a udr\u017eitelnosti posuzuje postupy a \u00farovn\u011b vysp\u011blosti v souladu s c\u00edli udr\u017eiteln\u00e9ho rozvoje OSN, aby bylo mo\u017en\u00e9 posoudit dosa\u017een\u00fd pokrok a c\u00edle.<\/li>\r\n<\/ul>","choose_media":[{"image":17391}],"vimeoid":"","ytid":""},{"navigation_label":"Vzd\u011bl\u00e1v\u00e1n\u00ed + inspirace","show_title":true,"title":"Vzd\u011bl\u00e1v\u00e1n\u00ed + inspirace","show_subtitle":false,"subtitle":"","content":"<ul>\r\n \t<li>Sada \u0161kolen\u00ed Conscious Creative vypracovan\u00e1 odborn\u00edky, kter\u00e1 umo\u017e\u0148uje a podporuje vzd\u011bl\u00e1v\u00e1n\u00ed v oblasti udr\u017eiteln\u00e9ho designu a ob\u011bhov\u00e9ho hospod\u00e1\u0159stv\u00ed.<\/li>\r\n \t<li>Certifikovan\u00e1 \u0161kolen\u00ed a e-learningov\u00e9 moduly nab\u00edzej\u00ed akreditovan\u00e9 vzd\u011bl\u00e1vac\u00ed kurzy a online v\u00fdukov\u00e9 materi\u00e1ly pro kvalitn\u00ed \u0161kolen\u00ed a znalosti.<\/li>\r\n \t<li>P\u0159\u00edru\u010dky osv\u011bd\u010den\u00fdch postup\u016f, kter\u00e9 jsou stru\u010dn\u00fdmi a komplexn\u00edmi pr\u016fvodci nasti\u0148uj\u00edc\u00edmi nejefektivn\u011bj\u0161\u00ed a nej\u00fasp\u011b\u0161n\u011bj\u0161\u00ed strategie k dosa\u017een\u00ed c\u00edl\u016f.<\/li>\r\n \t<li>Workshopy na t\u00e9ma cirkul\u00e1rn\u00edho designu, kter\u00e9 zkoumaj\u00ed zp\u016fsoby vytv\u00e1\u0159en\u00ed syst\u00e9m\u016f a produkt\u016f, je\u017e se odkl\u00e1n\u011bj\u00ed od line\u00e1rn\u00edch model\u016f \u201evz\u00edt, vytvo\u0159it, zlikvidovat\u201c sm\u011brem k inovativn\u011bj\u0161\u00edm, udr\u017eiteln\u00fdm metod\u00e1m.<\/li>\r\n<\/ul>","choose_media":[{"image":17402}],"vimeoid":"","ytid":""},{"navigation_label":"Posilov\u00e1n\u00ed postaven\u00ed + m\u011b\u0159en\u00ed","show_title":true,"title":"Posilov\u00e1n\u00ed postaven\u00ed + m\u011b\u0159en\u00ed","show_subtitle":false,"subtitle":"","content":"<ul>\r\n \t<li>Platforma Conscious Creative. Pokro\u010dil\u00e1 technologick\u00e1 sada, kter\u00e1 nab\u00edz\u00ed rozs\u00e1hlou knihovnu materi\u00e1l\u016f, v\u00fdpo\u010dty emis\u00ed CO<sub>2<\/sub> a tak\u00e9 generov\u00e1n\u00ed hodnotic\u00edch karet designu a \u0161t\u00edtk\u016f.<\/li>\r\n \t<li>Knihovna materi\u00e1l\u016f obsahuje \u0161irokou \u0161k\u00e1lu ekologicky zam\u011b\u0159en\u00fdch materi\u00e1l\u016f pro kreativce, kte\u0159\u00ed hledaj\u00ed pro sv\u00e9 projekty mo\u017enosti se z\u0159etelem na \u017eivotn\u00ed prost\u0159ed\u00ed.<\/li>\r\n \t<li>Kalkula\u010dka emis\u00ed CO<sub>2<\/sub>, kter\u00e1 srovn\u00e1v\u00e1 a porovn\u00e1v\u00e1 dopad materi\u00e1l\u016f a substr\u00e1t\u016f na \u017eivotn\u00ed prost\u0159ed\u00ed na z\u00e1klad\u011b jejich uhl\u00edkov\u00e9 stopy a poskytuje cenn\u00e9 poznatky podporuj\u00edc\u00ed v\u00fdb\u011br materi\u00e1l\u016f, kter\u00e9 propaguj\u00ed udr\u017eitelnost v oblasti designu a v\u00fdrobu.<\/li>\r\n \t<li>Zna\u010den\u00ed udr\u017eitelnosti tv\u016fr\u010d\u00edho procesu prost\u0159ednictv\u00edm hodnocen\u00ed materi\u00e1l\u016f, konstruk\u010dn\u00edch prvk\u016f, geografick\u00e9ho rizikov\u00e9ho profilu a pr\u016fm\u011brn\u00e9ho stupn\u011b vysp\u011blosti udr\u017eitelnosti u dodavatelsk\u00e9ho \u0159et\u011bzce, jako\u017e i vnitrost\u00e1tn\u00edch faktor\u016f, jako je infrastruktura v\u00fdrobn\u00edch kapacit, region\u00e1ln\u00ed energetick\u00e1 profilace a modularita, recyklovatelnost, cirkul\u00e1rnost a spole\u010densk\u00e1 odpov\u011bdnost.<\/li>\r\n \t<li>Hodnotic\u00ed karty udr\u017eitelnosti, kter\u00e9 posuzuj\u00ed metodiku v \u0161esti f\u00e1z\u00edch \u017eivotn\u00edho cyklu. Jsou uv\u00e1d\u011bny spolu s odhady emis\u00ed uhl\u00edku s c\u00edlem podpo\u0159it informovan\u00e9 rozhodov\u00e1n\u00ed a stanovit orienta\u010dn\u00ed sk\u00f3re pro v\u00fdb\u011br dodavatele. Zp\u011btn\u00e9 sledov\u00e1n\u00ed slou\u017e\u00ed k z\u00edsk\u00e1v\u00e1n\u00ed poznatk\u016f a prokazov\u00e1n\u00ed pr\u016fb\u011b\u017en\u00e9ho zlep\u0161ov\u00e1n\u00ed.<\/li>\r\n \t<li>Vytv\u00e1\u0159en\u00ed virtu\u00e1ln\u00ed koncepce, kter\u00e1 vyu\u017e\u00edv\u00e1 metriky hodnotic\u00edch karet a zna\u010den\u00ed k vytvo\u0159en\u00ed vizualizace a k vyhodnocen\u00ed v\u00fdkonnosti a udr\u017eitelnosti koncepce v z\u00e1jmu informovan\u011bj\u0161\u00edho rozhodov\u00e1n\u00ed.<\/li>\r\n<\/ul>","choose_media":[{"image":17413}],"vimeoid":"","ytid":""}]},{"acf_fc_layout":"text_with_media","scroll_to_link":"","theme":"light","container_background_color":"bg-white","show_eyebrow":false,"eyebrow":"","show_title":false,"title":"","show_sub_title":true,"sub_title":"My\u0161lenkov\u00fd koncept cirkul\u00e1rn\u00edho designu pou\u017e\u00edv\u00e1me k vytv\u00e1\u0159en\u00ed produkt\u016f a syst\u00e9m\u016f se zam\u011b\u0159en\u00edm na cel\u00fd jejich \u017eivotn\u00ed cyklus, p\u0159i\u010dem\u017e usilujeme o udr\u017eitelnost a minim\u00e1ln\u00ed mno\u017estv\u00ed odpadu.","content":"","cta_url":"","cta_text":"","open_in_new_window":false,"choose_media":[{"image":17424}],"image_alignment":"right","image_fit":"cover","image_size":"half-width","vimeoid":"","ytid":""},{"acf_fc_layout":"text_with_media","scroll_to_link":"","theme":"light","container_background_color":"bg-grey","show_eyebrow":false,"eyebrow":"","show_title":false,"title":"","show_sub_title":true,"sub_title":"V\u011bt\u0161\u00ed dopad s men\u0161\u00ed stopou.","content":"Podporujeme pou\u017e\u00edv\u00e1n\u00ed etick\u00fdch materi\u00e1l\u016f a zp\u016fsob\u016f v\u00fdroby pro pr\u016fkopnick\u00e9 n\u00e1vrhy, kter\u00e9 maj\u00ed dobrou odezvu u uv\u011bdom\u011bl\u00fdch spot\u0159ebitel\u016f. Odpov\u011bdn\u00e9 a vynal\u00e9zav\u00e9 zp\u016fsoby pr\u00e1ce mohou inspirovat tv\u016fr\u010d\u00ed n\u00e1pady a hr\u00e1t z\u00e1sadn\u00ed roli p\u0159i vytv\u00e1\u0159en\u00ed prosperuj\u00edc\u00ed spole\u010dnosti a planety.","cta_url":"","cta_text":"","open_in_new_window":false,"choose_media":[{"image":17435}],"image_alignment":"left","image_fit":"cover","image_size":"half-width","vimeoid":"","ytid":""},{"acf_fc_layout":"clients_awards","title":"Kr\u00e1\u010d\u00edme vp\u0159ed d\u00edky \u00fasp\u011b\u0161n\u00fdm partnerstv\u00edm","logos":[{"logo":17446},{"logo":17457},{"logo":17468},{"logo":17479},{"logo":17490},{"logo":17501},{"logo":17512},{"logo":17523},{"logo":17689},{"logo":17545},{"logo":17556},{"logo":17567},{"logo":17578},{"logo":17589},{"logo":17600},{"logo":17611},{"logo":17622},{"logo":17633},{"logo":17644},{"logo":17655},{"logo":17666},{"logo":17677}]},{"acf_fc_layout":"contact_form","title":"Napi\u0161te n\u00e1m"}]},"yoast_head":"<!-- This site is optimized with the Yoast SEO plugin v27.3 - https:\/\/yoast.com\/product\/yoast-seo-wordpress\/ -->\n<title>Conscious Creative - HH Global<\/title>\n<meta name=\"robots\" content=\"index, follow, max-snippet:-1, max-image-preview:large, max-video-preview:-1\" \/>\n<link rel=\"canonical\" href=\"https:\/\/www.hhglobal.com\/conscious-creative-2\/\" \/>\n<meta property=\"og:locale\" content=\"ko_KR\" \/>\n<meta property=\"og:type\" content=\"article\" \/>\n<meta property=\"og:title\" content=\"Conscious Creative - HH Global\" \/>\n<meta property=\"og:url\" content=\"https:\/\/www.hhglobal.com\/conscious-creative-2\/\" \/>\n<meta property=\"og:site_name\" content=\"HH Global\" \/>\n<meta property=\"article:modified_time\" content=\"2024-04-16T11:48:07+00:00\" \/>\n<meta name=\"twitter:card\" content=\"summary_large_image\" \/>\n<script type=\"application\/ld+json\" class=\"yoast-schema-graph\">{\"@context\":\"https:\\\/\\\/schema.org\",\"@graph\":[{\"@type\":\"WebPage\",\"@id\":\"https:\\\/\\\/www.hhglobal.com\\\/conscious-creative-2\\\/\",\"url\":\"https:\\\/\\\/www.hhglobal.com\\\/conscious-creative-2\\\/\",\"name\":\"Conscious Creative - HH Global\",\"isPartOf\":{\"@id\":\"https:\\\/\\\/www.hhglobal.com\\\/ko\\\/#website\"},\"datePublished\":\"2023-10-04T14:40:28+00:00\",\"dateModified\":\"2024-04-16T11:48:07+00:00\",\"breadcrumb\":{\"@id\":\"https:\\\/\\\/www.hhglobal.com\\\/conscious-creative-2\\\/#breadcrumb\"},\"inLanguage\":\"ko-KR\",\"potentialAction\":[{\"@type\":\"ReadAction\",\"target\":[\"https:\\\/\\\/www.hhglobal.com\\\/conscious-creative-2\\\/\"]}]},{\"@type\":\"BreadcrumbList\",\"@id\":\"https:\\\/\\\/www.hhglobal.com\\\/conscious-creative-2\\\/#breadcrumb\",\"itemListElement\":[{\"@type\":\"ListItem\",\"position\":1,\"name\":\"Home\",\"item\":\"https:\\\/\\\/www.hhglobal.com\\\/ko\\\/\"},{\"@type\":\"ListItem\",\"position\":2,\"name\":\"Conscious Creative\"}]},{\"@type\":\"WebSite\",\"@id\":\"https:\\\/\\\/www.hhglobal.com\\\/ko\\\/#website\",\"url\":\"https:\\\/\\\/www.hhglobal.com\\\/ko\\\/\",\"name\":\"HH Global\",\"description\":\"The global, tech-enabled creative production and procurement partner.\",\"publisher\":{\"@id\":\"https:\\\/\\\/www.hhglobal.com\\\/ko\\\/#organization\"},\"potentialAction\":[{\"@type\":\"SearchAction\",\"target\":{\"@type\":\"EntryPoint\",\"urlTemplate\":\"https:\\\/\\\/www.hhglobal.com\\\/ko\\\/?s={search_term_string}\"},\"query-input\":{\"@type\":\"PropertyValueSpecification\",\"valueRequired\":true,\"valueName\":\"search_term_string\"}}],\"inLanguage\":\"ko-KR\"},{\"@type\":\"Organization\",\"@id\":\"https:\\\/\\\/www.hhglobal.com\\\/ko\\\/#organization\",\"name\":\"HH Global\",\"url\":\"https:\\\/\\\/www.hhglobal.com\\\/ko\\\/\",\"logo\":{\"@type\":\"ImageObject\",\"inLanguage\":\"ko-KR\",\"@id\":\"https:\\\/\\\/www.hhglobal.com\\\/ko\\\/#\\\/schema\\\/logo\\\/image\\\/\",\"url\":\"https:\\\/\\\/www.hhglobal.com\\\/wp-content\\\/uploads\\\/2023\\\/12\\\/logo-white.svg\",\"contentUrl\":\"https:\\\/\\\/www.hhglobal.com\\\/wp-content\\\/uploads\\\/2023\\\/12\\\/logo-white.svg\",\"width\":77,\"height\":18,\"caption\":\"HH Global\"},\"image\":{\"@id\":\"https:\\\/\\\/www.hhglobal.com\\\/ko\\\/#\\\/schema\\\/logo\\\/image\\\/\"}}]}<\/script>\n<!-- \/ Yoast SEO plugin. -->","yoast_head_json":{"title":"Conscious Creative - HH Global","robots":{"index":"index","follow":"follow","max-snippet":"max-snippet:-1","max-image-preview":"max-image-preview:large","max-video-preview":"max-video-preview:-1"},"canonical":"https:\/\/www.hhglobal.com\/conscious-creative-2\/","og_locale":"ko_KR","og_type":"article","og_title":"Conscious Creative - HH Global","og_url":"https:\/\/www.hhglobal.com\/conscious-creative-2\/","og_site_name":"HH Global","article_modified_time":"2024-04-16T11:48:07+00:00","twitter_card":"summary_large_image","schema":{"@context":"https:\/\/schema.org","@graph":[{"@type":"WebPage","@id":"https:\/\/www.hhglobal.com\/conscious-creative-2\/","url":"https:\/\/www.hhglobal.com\/conscious-creative-2\/","name":"Conscious Creative - HH Global","isPartOf":{"@id":"https:\/\/www.hhglobal.com\/ko\/#website"},"datePublished":"2023-10-04T14:40:28+00:00","dateModified":"2024-04-16T11:48:07+00:00","breadcrumb":{"@id":"https:\/\/www.hhglobal.com\/conscious-creative-2\/#breadcrumb"},"inLanguage":"ko-KR","potentialAction":[{"@type":"ReadAction","target":["https:\/\/www.hhglobal.com\/conscious-creative-2\/"]}]},{"@type":"BreadcrumbList","@id":"https:\/\/www.hhglobal.com\/conscious-creative-2\/#breadcrumb","itemListElement":[{"@type":"ListItem","position":1,"name":"Home","item":"https:\/\/www.hhglobal.com\/ko\/"},{"@type":"ListItem","position":2,"name":"Conscious Creative"}]},{"@type":"WebSite","@id":"https:\/\/www.hhglobal.com\/ko\/#website","url":"https:\/\/www.hhglobal.com\/ko\/","name":"HH Global","description":"The global, tech-enabled creative production and procurement partner.","publisher":{"@id":"https:\/\/www.hhglobal.com\/ko\/#organization"},"potentialAction":[{"@type":"SearchAction","target":{"@type":"EntryPoint","urlTemplate":"https:\/\/www.hhglobal.com\/ko\/?s={search_term_string}"},"query-input":{"@type":"PropertyValueSpecification","valueRequired":true,"valueName":"search_term_string"}}],"inLanguage":"ko-KR"},{"@type":"Organization","@id":"https:\/\/www.hhglobal.com\/ko\/#organization","name":"HH Global","url":"https:\/\/www.hhglobal.com\/ko\/","logo":{"@type":"ImageObject","inLanguage":"ko-KR","@id":"https:\/\/www.hhglobal.com\/ko\/#\/schema\/logo\/image\/","url":"https:\/\/www.hhglobal.com\/wp-content\/uploads\/2023\/12\/logo-white.svg","contentUrl":"https:\/\/www.hhglobal.com\/wp-content\/uploads\/2023\/12\/logo-white.svg","width":77,"height":18,"caption":"HH Global"},"image":{"@id":"https:\/\/www.hhglobal.com\/ko\/#\/schema\/logo\/image\/"}}]}},"_links":{"self":[{"href":"https:\/\/www.hhglobal.com\/ko\/wp-json\/wp\/v2\/pages\/17680","targetHints":{"allow":["GET"]}}],"collection":[{"href":"https:\/\/www.hhglobal.com\/ko\/wp-json\/wp\/v2\/pages"}],"about":[{"href":"https:\/\/www.hhglobal.com\/ko\/wp-json\/wp\/v2\/types\/page"}],"author":[{"embeddable":true,"href":"https:\/\/www.hhglobal.com\/ko\/wp-json\/wp\/v2\/users\/41"}],"replies":[{"embeddable":true,"href":"https:\/\/www.hhglobal.com\/ko\/wp-json\/wp\/v2\/comments?post=17680"}],"version-history":[{"count":0,"href":"https:\/\/www.hhglobal.com\/ko\/wp-json\/wp\/v2\/pages\/17680\/revisions"}],"wp:attachment":[{"href":"https:\/\/www.hhglobal.com\/ko\/wp-json\/wp\/v2\/media?parent=17680"}],"curies":[{"name":"wp","href":"https:\/\/api.w.org\/{rel}","templated":true}]}}