{"id":5875,"date":"2022-04-26T04:01:15","date_gmt":"2022-04-26T04:01:15","guid":{"rendered":"https:\/\/hhassoc-dev.sbx.world\/homepage\/"},"modified":"2025-07-17T14:38:49","modified_gmt":"2025-07-17T14:38:49","slug":"homepage","status":"publish","type":"page","link":"https:\/\/www.hhglobal.com\/ja\/","title":{"rendered":"Home Page (Japanese)"},"content":{"rendered":"\r\n<p>home page<\/p>\r\n","protected":false},"excerpt":{"rendered":"<p>home page<\/p>\n","protected":false},"author":41,"featured_media":0,"parent":0,"menu_order":0,"comment_status":"closed","ping_status":"open","template":"","meta":{"_acf_changed":"","_yoast_wpseo_focuskw":"","_yoast_wpseo_metadesc":"","_yoast_wpseo_linkdex":"","_yoast_wpseo_content_score":"","_yoast_wpseo_meta-robots-noindex":"","_yoast_wpseo_meta-robots-nofollow":"","inline_featured_image":[],"_genesis_block_theme_hide_title":false,"_cms_nav_minihome":"","_icl_lang_duplicate_of":"","_menu_item_classes":[],"_menu_item_menu_item_parent":"","_menu_item_object":"","_menu_item_object_id":"","_menu_item_orphaned":"","_menu_item_target":"","_menu_item_type":"","_menu_item_url":"","_menu_item_xfn":"","_seedprod_page":"","_seedprod_page_template_type":"","_seedprod_page_uuid":"","_top_nav_excluded":"","_wp_attachment_backup_sizes":[],"_wp_attachment_context":"","_wp_attachment_image_alt":"","_wp_old_date":"","_wpcode_auto_insert":"","_wpcode_auto_insert_number":"","_wpcode_library_id":"","_wpml_media_duplicate":"1","_wpml_media_featured":"1","_wpml_post_translation_editor_native":"","_wpml_word_count":"{\"total\":77,\"to_translate\":{\"zh-hans\":77,\"cs\":77,\"de\":77,\"ja\":77,\"pt-br\":77,\"es\":77}}","_yoast_wpseo_estimated-reading-time-minutes":[],"_yoast_wpseo_primary_category":"","_yoast_wpseo_primary_industry":"","_yoast_wpseo_primary_solution":"","_yoast_wpseo_primary_the_author":"","_yoast_wpseo_wordproof_timestamp":"","acfml_non_translatable_locations":[],"career_externalLink":"","career_featuredImage":"","career_title":"","casestudy_featuredImage":"","casestudy_title":"","infocallout_excerpt":"","infocallout_featuredImage":"","infocallout_title":"","jobTitle":"","language":"","name":"","profilePicture":"","wp-smpro-smush-data":[],"wp-smush-animated":"","wp-smush-ignore-bulk":"","wp-smush-lossy":"","wpml_media_processed":"","_wpcode_conditional_logic_enabled":"","_wpcode_location_extra":"","_wpcode_note":"","_wpcode_priority":"","_wpcode_shortcode_attributes":[],"footnotes":""},"class_list":["post-5875","page","type-page","status-publish","hentry","post","without-featured-image"],"acf":{"page_title":"\u30b0\u30ed\u30fc\u30d0\u30eb\u306a\u30af\u30ea\u30a8\u30a4\u30c6\u30a3\u30d6\u30fb\u30d7\u30ed\u30c0\u30af\u30b7\u30e7\u30f3\u3068\u8abf\u9054\u306e\u30bd\u30ea\u30e5\u30fc\u30b7\u30e7\u30f3\uff5cHH Global","page_description":"\u30b5\u30b9\u30c6\u30ca\u30d6\u30eb\u306a\u6210\u9577\u3092\u76ee\u6307\u3059\u30d6\u30e9\u30f3\u30c9\u306e\u305f\u3081\u306e\u3001\u4e16\u754c\u3067\u6700\u3082\u5f37\u3044\u30a4\u30f3\u30d1\u30af\u30c8\u3092\u6301\u3064\u3001\u30c6\u30af\u30ce\u30ed\u30b8\u30fc\u3092\u99c6\u4f7f\u3057\u305f\u30af\u30ea\u30a8\u30a4\u30c6\u30a3\u30d6\u30fb\u30d7\u30ed\u30c0\u30af\u30b7\u30e7\u30f3\u3068\u8abf\u9054\u306e\u30d1\u30fc\u30c8\u30ca\u30fc","social_title":"","social_description":"","social_share_image":null,"modules":[{"acf_fc_layout":"hero","size":"large","theme":"dark","choose_images":[{"image":2417},{"image":2399},{"image":2405},{"image":2411}],"show_eyebrow":true,"eyebrow":"eyebrow","title":"\u30c6\u30af\u30ce\u30ed\u30b8\u30fc\u3092\u99c6\u4f7f\u3057\u305f\u30b0\u30ed\u30fc\u30d0\u30eb\u306a\u30af\u30ea\u30a8\u30a4\u30c6\u30a3\u30d6\u30fb\u30d7\u30ed\u30c0\u30af\u30b7\u30e7\u30f3\u3068\u8abf\u9054\u306e\u30d1\u30fc\u30c8\u30ca\u30fc","show_cta":true,"cta_url":"\/ja\/company","cta_title":"HH Global\u306e\u7279\u8272"},{"acf_fc_layout":"data_visualization","title":"HH Global\u306e\u6982\u8981","stats":[{"page_link":5852,"sub_heading":"\u30b0\u30ed\u30fc\u30d0\u30eb","heading":"","stat":"4,500\u4eba","description_type":false,"description":"","styled_description":{"before_description_text":"\u306e\u30c1\u30fc\u30e0\u30e1\u30f3\u30d0\u30fc\u304c","middle_stats":"64\u30ab\u56fd","after_description_text":"\u306b\u307e\u305f\u304c\u308b\u304a\u5ba2\u69d8\u306e\u6210\u529f\u306b\u5c3d\u529b"},"icon":3239,"hover_color":"secondary-blue"},{"page_link":5852,"sub_heading":"\u30b0\u30ed\u30fc\u30d0\u30eb","heading":"25\u5104\u30c9\u30eb\u306e\u652f\u51fa\u3092\u7ba1\u7406","stat":"","description_type":true,"description":"","styled_description":{"before_description_text":"","middle_stats":"","after_description_text":""},"icon":3233,"hover_color":"primary-green-2"},{"page_link":12120,"sub_heading":"\u30b5\u30b9\u30c6\u30ca\u30d3\u30ea\u30c6\u30a3","heading":"","stat":"44,000\u30c8\u30f3\u4ee5\u4e0a","description_type":true,"description":"CO2\u524a\u6e1b\u3092\u5546\u54c1\u3068\u30b5\u30fc\u30d3\u30b9\u306e\u8cfc\u5165\u3067\u9054\u6210","styled_description":{"before_description_text":"","middle_stats":"","after_description_text":""},"icon":3257,"hover_color":"primary-green-2"},{"page_link":5845,"sub_heading":"\u30b0\u30ed\u30fc\u30d0\u30eb\u306a\u30af\u30ea\u30a8\u30a4\u30c6\u30a3\u30d6\u30fb\u30d7\u30ed\u30c0\u30af\u30b7\u30e7\u30f3","heading":"","stat":"26","description_type":true,"description":"\u306e\u30af\u30ea\u30a8\u30a4\u30c6\u30a3\u30d6\u30a8\u30fc\u30b8\u30a7\u30f3\u30b7\u30fc\u30b9\u30bf\u30b8\u30aa","styled_description":{"before_description_text":"","middle_stats":"","after_description_text":""},"icon":3251,"hover_color":"secondary-purple"},{"page_link":5799,"sub_heading":"\u8abf\u9054","heading":"","stat":"25%","description_type":true,"description":"\u304a\u5ba2\u69d8\u306e\u8cbb\u7528\u3092\u524a\u6e1b","styled_description":{"before_description_text":"","middle_stats":"","after_description_text":""},"icon":null,"hover_color":"secondary-dark-blue"},{"page_link":5803,"sub_heading":"\u30c6\u30af\u30ce\u30ed\u30b8\u30fc","heading":"","stat":"130\u4e07\u4ef6","description_type":true,"description":"\u306e\u30c8\u30e9\u30f3\u30b6\u30af\u30b7\u30e7\u30f3\u3092\u5f53\u793e\u306e\u30c6\u30af\u30ce\u30ed\u30b8\u30fc\u3067\u51e6\u7406","styled_description":{"before_description_text":"","middle_stats":"","after_description_text":""},"icon":3227,"hover_color":"secondary-dark-blue"},{"page_link":5799,"sub_heading":"\u8abf\u9054","heading":"","stat":"8,606\u793e","description_type":true,"description":"\u306e\u6226\u7565\u7684\u30b5\u30d7\u30e9\u30a4\u30e4\u30fc\u30d1\u30fc\u30c8\u30ca\u30fc\u304c\u3001\u4e16\u754c\u5168\u4f53\u306719\u306e\u4e3b\u8981\u652f\u51fa\u9805\u76ee\u3092\u7db2\u7f85","styled_description":{"before_description_text":"","middle_stats":"","after_description_text":""},"icon":null,"hover_color":"primary-green-2"},{"page_link":5803,"sub_heading":"\u30c6\u30af\u30ce\u30ed\u30b8\u30fc","heading":"","stat":"89,485\u4eba","description_type":true,"description":"\u306e\u30a2\u30af\u30c6\u30a3\u30d6\u30e6\u30fc\u30b6\u30fc\u304c\u5f53\u793e\u306e\u30c6\u30af\u30ce\u30ed\u30b8\u30fc\u3092\u5229\u7528","styled_description":{"before_description_text":"","middle_stats":"","after_description_text":""},"icon":3245,"hover_color":"secondary-purple"},{"page_link":5845,"sub_heading":"\u30b0\u30ed\u30fc\u30d0\u30eb\u306a\u30af\u30ea\u30a8\u30a4\u30c6\u30a3\u30d6\u30fb\u30d7\u30ed\u30c0\u30af\u30b7\u30e7\u30f3","heading":"","stat":"72,015","description_type":true,"description":"\u306e\u30c7\u30b8\u30bf\u30eb\u8cc7\u7523\u3092\u7ba1\u7406","styled_description":{"before_description_text":"","middle_stats":"","after_description_text":""},"icon":null,"hover_color":"primary-green-2"}]},{"acf_fc_layout":"cards","container_background_color":"bg-pure-black","show_heading":true,"heading":"\u3088\u308a\u5f37\u529b\u3067\u3001\u3055\u3089\u306b\u30b5\u30b9\u30c6\u30ca\u30d6\u30eb\u306a\u30de\u30fc\u30b1\u30c6\u30a3\u30f3\u30b0\u3092\u6c42\u3081\u308b\u30d6\u30e9\u30f3\u30c9\u3068\u306e\u30d1\u30fc\u30c8\u30ca\u30fc\u30b7\u30c3\u30d7","content":"","cards":{"layout":"case-studies-layout","sub_layout":"default","cards_display_mode":"bg-white","solution_term":null,"industry_term":null,"author_term":null,"region_term":null,"choose_cards":[365],"choose_case_studies":[5700,5744,5722,5737,5715,5714,5730,5707],"choose_featured_case_studies":null,"choose_staff_members":null,"choose_careers":null,"choose_info_callouts":null,"show_titles":true,"show_description":true,"show_date":false,"show_sector":false}},{"acf_fc_layout":"text_with_media","scroll_to_link":"","theme":"dark","container_background_color":"bg-pure-black","show_eyebrow":false,"eyebrow":"","show_title":true,"title":"\u30af\u30e9\u30b9\u6700\u9ad8\u3001\u5f53\u793e\u72ec\u81ea\u306e\u30c6\u30af\u30ce\u30ed\u30b8\u30fc","show_sub_title":false,"sub_title":"","content":"\u5f53\u793e\u72ec\u81ea\u306e\u30c6\u30af\u30ce\u30ed\u30b8\u30fc\u30d7\u30e9\u30c3\u30c8\u30d5\u30a9\u30fc\u30e0\u3092\u7528\u3044\u3066\u3001\u30d7\u30ed\u30bb\u30b9\u306e\u3042\u3089\u3086\u308b\u30b9\u30c6\u30c3\u30d7\u3092\u6700\u9069\u5316\u3059\u308b\u3053\u3068\u306b\u3088\u308a\u3001\u7121\u99c4\u3092\u7701\u304d\u3001\u6210\u9577\u3092\u4fc3\u3057\u3001\u5fc5\u8981\u306b\u5fdc\u3058\u3066\u62e1\u5f35\u3059\u308b\u3053\u3068\u304c\u3067\u304d\u307e\u3059\u3002\u307e\u305f\u3001\u4e16\u754c\u4e2d\u3067\u30d6\u30e9\u30f3\u30c9\u3001\u56fd\u3001\u5730\u57df\u306e\u7d71\u4e00\u3092\u652f\u63f4\u3067\u304d\u308b\u3088\u3046\u306a\u30c7\u30fc\u30bf\u3068\u30a4\u30f3\u30b5\u30a4\u30c8\u3092\u3001\u304a\u5ba2\u69d8\u306b\u63d0\u4f9b\u3059\u308b\u3053\u3068\u3082\u3067\u304d\u307e\u3059\u3002\u3055\u3089\u306b\u3001\u30d1\u30d5\u30a9\u30fc\u30de\u30f3\u30b9\u306e\u6e2c\u5b9a\u3068\u5831\u544a\u3092\u660e\u78ba\u306b\u3059\u308b\u3053\u3068\u306b\u3088\u308a\u3001\u4e88\u7b97\u6226\u7565\u3092\u6700\u9069\u5316\u3057\u3001\u30de\u30fc\u30b1\u30c6\u30a3\u30f3\u30b0\u3092\u3055\u3089\u306b\u30b5\u30b9\u30c6\u30ca\u30d6\u30eb\u306b\u3059\u308b\u3053\u3068\u304c\u3067\u304d\u307e\u3059\u3002","cta_url":"\/ja\/technology","cta_text":"\u30c6\u30af\u30ce\u30ed\u30b8\u30fc\u3092\u99c6\u4f7f\u3057\u305f\u30d7\u30e9\u30c3\u30c8\u30d5\u30a9\u30fc\u30e0\u306e\u7279\u9577","open_in_new_window":false,"choose_media":[{"image":3557}],"image_alignment":"right","image_fit":"cover","image_size":"half-width","vimeoid":"","ytid":""},{"acf_fc_layout":"sustainability","container_background_color":"bg-pure-black","title":"\u30b5\u30b9\u30c6\u30ca\u30d3\u30ea\u30c6\u30a3\u3078\u306e\u53d6\u308a\u7d44\u307f\u306e\u6210\u679c","sustainability_features":[{"icon":2303,"stats":"40%","stats_color":"primary-green","description":"40%-\u96fb\u529b\u6d88\u8cbb\u306e\u524d\u5e74\u6bd4\u524a\u6e1b\u91cf"},{"icon":3929,"stats":"8%","stats_color":"secondary-blue","description":"8%-\u5f53\u793e\u306e\u7dcf\u6392\u51fa\u91cf\u306e\u524d\u5e74\u6bd4\u524a\u6e1b\u91cf"},{"icon":2315,"stats":"+44k","stats_color":"light-purple","description":"44,000\u30c8\u30f3\u4ee5\u4e0a-\u304a\u5ba2\u69d8\u306e\u524d\u5e74\u6bd4CO2\u6392\u51fa\u524a\u6e1b\u91cf"}]},{"acf_fc_layout":"text_with_media","scroll_to_link":"","theme":"dark","container_background_color":"bg-pure-black","show_eyebrow":false,"eyebrow":"","show_title":true,"title":"\u30b5\u30b9\u30c6\u30ca\u30d6\u30eb\u306a\u30de\u30fc\u30b1\u30c6\u30a3\u30f3\u30b0\u306e\u305f\u3081\u306e\u30c6\u30af\u30ce\u30ed\u30b8\u30fc","show_sub_title":true,"sub_title":"","content":"\u5f53\u793e\u306f\u30b5\u30b9\u30c6\u30ca\u30d3\u30ea\u30c6\u30a3\u306e\u30ea\u30fc\u30c0\u30fc\u3068\u3057\u3066\u3001\u30c6\u30af\u30ce\u30ed\u30b8\u30fc\u306b\u57fa\u3065\u304f\u30bd\u30ea\u30e5\u30fc\u30b7\u30e7\u30f3\u3092\u3001\u304a\u5ba2\u69d8\u306e\u76ee\u6a19\u306b\u5408\u308f\u305b\u3066\u30ab\u30b9\u30bf\u30de\u30a4\u30ba\u3057\u307e\u3059\u3002\u3053\u308c\u306b\u306f\u3001\u5f53\u793e\u72ec\u81ea\u306e\u74b0\u5883\u6e2c\u5b9a\u30c4\u30fc\u30eb\u3084CO2\u5f71\u97ff\u95a2\u9023\u306e\u30c6\u30af\u30ce\u30ed\u30b8\u30fc\u304c\u542b\u307e\u308c\u307e\u3059\u3002\u304a\u5ba2\u69d8\u304c\u3088\u308a\u591a\u304f\u306e\u60c5\u5831\u306b\u57fa\u3065\u3044\u3066\u3001\u30b5\u30b9\u30c6\u30ca\u30d6\u30eb\u306a\u30de\u30fc\u30b1\u30c6\u30a3\u30f3\u30b0\u306b\u95a2\u3059\u308b\u610f\u601d\u6c7a\u5b9a\u3092\u884c\u3048\u308b\u3088\u3046\u652f\u63f4\u3057\u307e\u3059\u3002","cta_url":"\/ja\/sustainable-growth\/","cta_text":"\u30b5\u30b9\u30c6\u30ca\u30d6\u30eb\u306a\u30de\u30fc\u30b1\u30c6\u30a3\u30f3\u30b0\u3068\u306f","open_in_new_window":false,"choose_media":[{"image":3107}],"image_alignment":"left","image_fit":"cover","image_size":"half-width","vimeoid":"","ytid":""},{"acf_fc_layout":"contact_form","title":"\u304a\u554f\u3044\u5408\u308f\u305b"},{"acf_fc_layout":"map","title":"\u4e16\u754c64\u30ab\u56fd\u306e\u30c1\u30fc\u30e0\u30e1\u30f3\u30d0\u30fc\u306e\u4ee3\u8868\u3092\u52d9\u3081\u308b\u5730\u57df\u672c\u793e","locations":[{"region":"REGIONAL NORTH AMERICA HEADQUARTERs","title":"HH Global | Chicago","address":[{"line":"203 N. LaSalle"},{"line":"Chicago, IL 60601"},{"line":"United States"}],"map_label":"\u30e1\u30ad\u30b7\u30b3","map_dotx":"12%","map_doxy":"35%","map_boxx":"62px","map_boxy":"-14px"},{"region":"REGIONAL LATIN AMERICA HEADQUARTERs","title":"HH Global | Mexico City","address":[{"line":"Av. P.\u00ba de la Reforma 350"},{"line":"Ju\u00e1rez, Cuauht\u00e9moc"},{"line":"06600 Ciudad de M\u00e9xico"},{"line":"CDMX, M\u00e9xico"}],"map_label":"\u30b7\u30ab\u30b4","map_dotx":"5.5%","map_doxy":"63%","map_boxx":"60px","map_boxy":"-60px"},{"region":"REGIONAL EMEA HEADQUARTERs","title":"HH Global | London","address":[{"line":"Grove House,"},{"line":"Guildford Road,"},{"line":"Leatherhead, Surrey KT22 9DF"},{"line":"United Kingdom"}],"map_label":"\u82f1\u56fd","map_dotx":"42.2%","map_doxy":"15%","map_boxx":"45px","map_boxy":"21px"},{"region":"REGIONAL ASIA-PACIFIC HEADQUARTERs","title":"HH Global | Hong Kong","address":[{"line":"20th Floor, East Town Building,"},{"line":"No. 41 Lockhart Road, Wan Chai,"},{"line":"Hong Kong Island,"},{"line":"Hong Kong S.A.R."}],"map_label":"\u9999\u6e2f","map_dotx":"94.5%","map_doxy":"54.8%","map_boxx":"-363px","map_boxy":"-136px"}]}]},"yoast_head":"<!-- This site is optimized with the Yoast SEO plugin v27.3 - https:\/\/yoast.com\/product\/yoast-seo-wordpress\/ -->\n<title>Home Page (Japanese) - HH Global<\/title>\n<meta name=\"robots\" content=\"index, follow, max-snippet:-1, max-image-preview:large, max-video-preview:-1\" \/>\n<link rel=\"canonical\" href=\"https:\/\/www.hhglobal.com\/ja\/\" \/>\n<meta property=\"og:locale\" content=\"ja_JP\" \/>\n<meta property=\"og:type\" content=\"article\" \/>\n<meta property=\"og:title\" content=\"Home Page (Japanese) - HH Global\" \/>\n<meta property=\"og:description\" content=\"home page\" \/>\n<meta property=\"og:url\" content=\"https:\/\/www.hhglobal.com\/ja\/\" \/>\n<meta property=\"og:site_name\" content=\"HH Global\" \/>\n<meta property=\"article:modified_time\" content=\"2025-07-17T14:38:49+00:00\" \/>\n<meta name=\"twitter:card\" content=\"summary_large_image\" \/>\n<script type=\"application\/ld+json\" class=\"yoast-schema-graph\">{\"@context\":\"https:\\\/\\\/schema.org\",\"@graph\":[{\"@type\":\"WebPage\",\"@id\":\"https:\\\/\\\/www.hhglobal.com\\\/ja\\\/\",\"url\":\"https:\\\/\\\/www.hhglobal.com\\\/ja\\\/\",\"name\":\"Home Page (Japanese) - HH Global\",\"isPartOf\":{\"@id\":\"https:\\\/\\\/www.hhglobal.com\\\/ja\\\/#website\"},\"datePublished\":\"2022-04-26T04:01:15+00:00\",\"dateModified\":\"2025-07-17T14:38:49+00:00\",\"breadcrumb\":{\"@id\":\"https:\\\/\\\/www.hhglobal.com\\\/ja\\\/#breadcrumb\"},\"inLanguage\":\"ja\",\"potentialAction\":[{\"@type\":\"ReadAction\",\"target\":[\"https:\\\/\\\/www.hhglobal.com\\\/ja\\\/\"]}]},{\"@type\":\"BreadcrumbList\",\"@id\":\"https:\\\/\\\/www.hhglobal.com\\\/ja\\\/#breadcrumb\",\"itemListElement\":[{\"@type\":\"ListItem\",\"position\":1,\"name\":\"Home\",\"item\":\"https:\\\/\\\/www.hhglobal.com\\\/ja\\\/\"},{\"@type\":\"ListItem\",\"position\":2,\"name\":\"Home Page (Japanese)\"}]},{\"@type\":\"WebSite\",\"@id\":\"https:\\\/\\\/www.hhglobal.com\\\/ja\\\/#website\",\"url\":\"https:\\\/\\\/www.hhglobal.com\\\/ja\\\/\",\"name\":\"HH Global\",\"description\":\"The global, tech-enabled creative production and procurement partner.\",\"publisher\":{\"@id\":\"https:\\\/\\\/www.hhglobal.com\\\/ja\\\/#organization\"},\"potentialAction\":[{\"@type\":\"SearchAction\",\"target\":{\"@type\":\"EntryPoint\",\"urlTemplate\":\"https:\\\/\\\/www.hhglobal.com\\\/ja\\\/?s={search_term_string}\"},\"query-input\":{\"@type\":\"PropertyValueSpecification\",\"valueRequired\":true,\"valueName\":\"search_term_string\"}}],\"inLanguage\":\"ja\"},{\"@type\":\"Organization\",\"@id\":\"https:\\\/\\\/www.hhglobal.com\\\/ja\\\/#organization\",\"name\":\"HH Global\",\"url\":\"https:\\\/\\\/www.hhglobal.com\\\/ja\\\/\",\"logo\":{\"@type\":\"ImageObject\",\"inLanguage\":\"ja\",\"@id\":\"https:\\\/\\\/www.hhglobal.com\\\/ja\\\/#\\\/schema\\\/logo\\\/image\\\/\",\"url\":\"https:\\\/\\\/www.hhglobal.com\\\/wp-content\\\/uploads\\\/2023\\\/12\\\/logo-white.svg\",\"contentUrl\":\"https:\\\/\\\/www.hhglobal.com\\\/wp-content\\\/uploads\\\/2023\\\/12\\\/logo-white.svg\",\"width\":77,\"height\":18,\"caption\":\"HH Global\"},\"image\":{\"@id\":\"https:\\\/\\\/www.hhglobal.com\\\/ja\\\/#\\\/schema\\\/logo\\\/image\\\/\"}}]}<\/script>\n<!-- \/ Yoast SEO plugin. -->","yoast_head_json":{"title":"Home Page (Japanese) - HH Global","robots":{"index":"index","follow":"follow","max-snippet":"max-snippet:-1","max-image-preview":"max-image-preview:large","max-video-preview":"max-video-preview:-1"},"canonical":"https:\/\/www.hhglobal.com\/ja\/","og_locale":"ja_JP","og_type":"article","og_title":"Home Page (Japanese) - HH Global","og_description":"home page","og_url":"https:\/\/www.hhglobal.com\/ja\/","og_site_name":"HH Global","article_modified_time":"2025-07-17T14:38:49+00:00","twitter_card":"summary_large_image","schema":{"@context":"https:\/\/schema.org","@graph":[{"@type":"WebPage","@id":"https:\/\/www.hhglobal.com\/ja\/","url":"https:\/\/www.hhglobal.com\/ja\/","name":"Home Page (Japanese) - HH Global","isPartOf":{"@id":"https:\/\/www.hhglobal.com\/ja\/#website"},"datePublished":"2022-04-26T04:01:15+00:00","dateModified":"2025-07-17T14:38:49+00:00","breadcrumb":{"@id":"https:\/\/www.hhglobal.com\/ja\/#breadcrumb"},"inLanguage":"ja","potentialAction":[{"@type":"ReadAction","target":["https:\/\/www.hhglobal.com\/ja\/"]}]},{"@type":"BreadcrumbList","@id":"https:\/\/www.hhglobal.com\/ja\/#breadcrumb","itemListElement":[{"@type":"ListItem","position":1,"name":"Home","item":"https:\/\/www.hhglobal.com\/ja\/"},{"@type":"ListItem","position":2,"name":"Home Page (Japanese)"}]},{"@type":"WebSite","@id":"https:\/\/www.hhglobal.com\/ja\/#website","url":"https:\/\/www.hhglobal.com\/ja\/","name":"HH Global","description":"The global, tech-enabled creative production and procurement partner.","publisher":{"@id":"https:\/\/www.hhglobal.com\/ja\/#organization"},"potentialAction":[{"@type":"SearchAction","target":{"@type":"EntryPoint","urlTemplate":"https:\/\/www.hhglobal.com\/ja\/?s={search_term_string}"},"query-input":{"@type":"PropertyValueSpecification","valueRequired":true,"valueName":"search_term_string"}}],"inLanguage":"ja"},{"@type":"Organization","@id":"https:\/\/www.hhglobal.com\/ja\/#organization","name":"HH Global","url":"https:\/\/www.hhglobal.com\/ja\/","logo":{"@type":"ImageObject","inLanguage":"ja","@id":"https:\/\/www.hhglobal.com\/ja\/#\/schema\/logo\/image\/","url":"https:\/\/www.hhglobal.com\/wp-content\/uploads\/2023\/12\/logo-white.svg","contentUrl":"https:\/\/www.hhglobal.com\/wp-content\/uploads\/2023\/12\/logo-white.svg","width":77,"height":18,"caption":"HH Global"},"image":{"@id":"https:\/\/www.hhglobal.com\/ja\/#\/schema\/logo\/image\/"}}]}},"_links":{"self":[{"href":"https:\/\/www.hhglobal.com\/ja\/wp-json\/wp\/v2\/pages\/5875","targetHints":{"allow":["GET"]}}],"collection":[{"href":"https:\/\/www.hhglobal.com\/ja\/wp-json\/wp\/v2\/pages"}],"about":[{"href":"https:\/\/www.hhglobal.com\/ja\/wp-json\/wp\/v2\/types\/page"}],"author":[{"embeddable":true,"href":"https:\/\/www.hhglobal.com\/ja\/wp-json\/wp\/v2\/users\/41"}],"replies":[{"embeddable":true,"href":"https:\/\/www.hhglobal.com\/ja\/wp-json\/wp\/v2\/comments?post=5875"}],"version-history":[{"count":0,"href":"https:\/\/www.hhglobal.com\/ja\/wp-json\/wp\/v2\/pages\/5875\/revisions"}],"wp:attachment":[{"href":"https:\/\/www.hhglobal.com\/ja\/wp-json\/wp\/v2\/media?parent=5875"}],"curies":[{"name":"wp","href":"https:\/\/api.w.org\/{rel}","templated":true}]}}