{"id":6911,"date":"2022-06-18T02:41:24","date_gmt":"2022-06-18T02:41:24","guid":{"rendered":"https:\/\/decoupled-hhg.local\/group-tax-strategy\/"},"modified":"2023-02-21T08:08:29","modified_gmt":"2023-02-21T08:08:29","slug":"group-tax-strategy","status":"publish","type":"page","link":"https:\/\/www.hhglobal.com\/it\/group-tax-strategy\/","title":{"rendered":"Group Tax Strategy"},"content":{"rendered":"","protected":false},"excerpt":{"rendered":"","protected":false},"author":10,"featured_media":0,"parent":0,"menu_order":0,"comment_status":"closed","ping_status":"closed","template":"","meta":{"_acf_changed":"","_yoast_wpseo_focuskw":"","_yoast_wpseo_metadesc":"","_yoast_wpseo_linkdex":"","_yoast_wpseo_content_score":"","_yoast_wpseo_meta-robots-noindex":"","_yoast_wpseo_meta-robots-nofollow":"","inline_featured_image":[],"_genesis_block_theme_hide_title":false,"_cms_nav_minihome":"","_icl_lang_duplicate_of":"","_menu_item_classes":[],"_menu_item_menu_item_parent":"","_menu_item_object":"","_menu_item_object_id":"","_menu_item_orphaned":"","_menu_item_target":"","_menu_item_type":"","_menu_item_url":"","_menu_item_xfn":"","_seedprod_page":"","_seedprod_page_template_type":"","_seedprod_page_uuid":"","_top_nav_excluded":"","_wp_attachment_backup_sizes":[],"_wp_attachment_context":"","_wp_attachment_image_alt":"","_wp_old_date":"","_wpcode_auto_insert":"","_wpcode_auto_insert_number":"","_wpcode_library_id":"","_wpml_media_duplicate":"1","_wpml_media_featured":"1","_wpml_post_translation_editor_native":"","_wpml_word_count":"{\"total\":6,\"to_translate\":{\"zh-hans\":6,\"cs\":6,\"de\":6,\"ja\":6,\"pt-br\":6,\"es\":6}}","_yoast_wpseo_estimated-reading-time-minutes":[],"_yoast_wpseo_primary_category":"","_yoast_wpseo_primary_industry":"","_yoast_wpseo_primary_solution":"","_yoast_wpseo_primary_the_author":"","_yoast_wpseo_wordproof_timestamp":"","acfml_non_translatable_locations":[],"career_externalLink":"","career_featuredImage":"","career_title":"","casestudy_featuredImage":"","casestudy_title":"","infocallout_excerpt":"","infocallout_featuredImage":"","infocallout_title":"","jobTitle":"","language":"","name":"","profilePicture":"","wp-smpro-smush-data":[],"wp-smush-animated":"","wp-smush-ignore-bulk":"","wp-smush-lossy":"","wpml_media_processed":"","_wpcode_conditional_logic_enabled":"","_wpcode_location_extra":"","_wpcode_note":"","_wpcode_priority":"","_wpcode_shortcode_attributes":[],"footnotes":""},"class_list":["post-6911","page","type-page","status-publish","hentry","post","without-featured-image"],"acf":{"page_title":"Group Tax Strategy | HH Global","page_description":"","social_title":"","social_description":"","social_share_image":null,"modules":[{"acf_fc_layout":"simple_content_block","scroll_to_link":"","container_background_color":"bg-white","columns":"1","title_one":"Strategia fiscale del Gruppo HH Global","content_one":"<strong>Scopo<\/strong>\r\nQuesta strategia fiscale si applica a HH Global Enterprise Network Limited e a tutte le societ\u00e0 britanniche e non britanniche all'interno del gruppo HH Global, per il periodo compreso dal 1\u00b0 aprile 2022 al 31 marzo 2023.\r\nLa pubblicazione della nostra strategia fiscale \u00e8 considerata conforme ai nostri obblighi, come ai sensi del paragrafo 16 dell'allegato 19 della legge finanziaria 2016.\r\n\r\n<strong>Introduzione<\/strong>\r\nHH Global \u00e8 un partner di produzione e procurement creativo abilitato alla tecnologia che offre un grande impatto per grandi idee in tutto il mondo. Con oltre 4.500 esperti presenti in ogni mercato e una comprovata esperienza trentennale ricca di successi, aiutiamo i pi\u00f9 grandi marchi del pianeta a raggiungere una crescita pi\u00f9 forte e sostenibile. Su ogni canale. Alla velocit\u00e0 del business moderno. Con una supply chain senza eguali, una suite di strumenti tecnologici e insights sui dati in continua crescita, rendiamo le idee brillanti dei nostri clienti imperdibili ovunque.\r\n\r\n<strong>Dispositivi di governance e gestione del rischio<\/strong>\r\nLa responsabilit\u00e0 ultima per la determinazione ed attuazione del nostro approccio alla gestione del rischio e agli accordi di governance riguardanti la tassazione del Regno Unito spetta al Consiglio di amministrazione di HH Global. La responsabilit\u00e0 della sua attuazione spetta al nostro Group Tax Director che riporta al Group Chief Financial Officer. Il Chief Financial Officer del Gruppo riferisce regolarmente, o su base ad hoc se necessario, al Consiglio di amministrazione e al Comitato di controllo su tali questioni. La strategia fiscale di gruppo viene applicata in modo coerente a tutte le societ\u00e0 del gruppo HH Global.\r\n\r\nHH Global mantiene solide politiche interne, procedure, formazione e conformit\u00e0 per supportare il suo quadro di controllo fiscale e gestire il rischio, sotto la supervisione del nostro direttore dell'audit interno. La nostra struttura di governance garantisce che le decisioni fiscali siano prese dal nostro team fiscale di gruppo interno per garantire uno standard professionale coerente in tutta la nostra attivit\u00e0.\r\n\r\nIl team fiscale interno \u00e8 responsabile del monitoraggio e della gestione delle procedure di controllo appropriate per garantire che i processi di conformit\u00e0 siano solidi e aderiscano ai requisiti interni ed esterni. Ci avvaliamo di consulenti esterni per supportare i nostri processi di conformit\u00e0 fiscale, inclusa la preparazione di calcoli e dichiarazioni fiscali. I giudizi fiscali sensibili saranno effettuati sulla base di un'interpretazione ragionevole delle informazioni pertinenti, con piena conoscenza della normativa fiscale pertinente e, se del caso, tenendo conto della consulenza fiscale esterna.\r\n\r\n<strong>Attitudine alla pianificazione fiscale<\/strong>\r\nHH Global si impegna a standard elevati di condotta personale e integrit\u00e0 aziendale in tutto il mondo, governandosi con standard altrettanto elevati, applicando il Codice di etica aziendale di HH Global e le politiche di responsabilit\u00e0 aziendale che migliorano il nostro valore aziendale.\r\n\r\nCrediamo che pagare il giusto importo in imposte costituisca parte della costruzione di una crescita sostenibile per noi e per la societ\u00e0 in generale. Siamo pienamente impegnati a rispettare i requisiti legali e normativi applicabili nelle aree in cui operiamo.\r\n\r\nConduciamo transazioni tra le societ\u00e0 del gruppo a condizioni di mercato in conformit\u00e0 con i principi dell'OCSE. Nel contesto di un contesto fiscale internazionale sempre pi\u00f9 complesso, la nostra pianificazione fiscale si concentra sull'eliminazione della doppia imposizione e sulla garanzia che le conseguenze fiscali di qualsiasi strutturazione o accordo aziendale siano comunicate in modo appropriato alla direzione prima di una decisione.\r\n\r\nSebbene possiamo richiedere sgravi fiscali in conformit\u00e0 con la legislazione fiscale applicabile, i nostri affari fiscali sono strutturati in modo tale da non garantire alcuna nostra partecipazione a transazioni artificiose o prive di sostanza commerciale. Consideriamo sempre pienamente l'impatto che le nostre azioni possono avere sul nostro brand, le nostre relazioni con le principali parti interessate, come le autorit\u00e0 fiscali e la comunit\u00e0 in generale.\r\n\r\n<strong>Livello di rischio in relazione alla tassazione che il gruppo \u00e8 disposto ad accettare<\/strong>\r\nHH Global mira a ridurre sempre al minimo il livello di rischio in relazione alla tassazione britannica e non. Non siamo disposti ad accettare un livello di rischio che ci esponga a danni reputazionali o che potrebbe avere un impatto negativo sul nostro rapporto con HMRC o altre autorit\u00e0 fiscali. Tuttavia, date le dimensioni della nostra attivit\u00e0 e la complessit\u00e0 della legislazione fiscale, l\u2019insorgenza di rischi fiscali \u00e8 inevitabile. Al fine di garantire un mantenimento del livello di rischio il pi\u00f9 basso possibile, sono in atto politiche di gestione del rischio e accordi di governance, comprese politiche specificamente relative alla tassazione che devono essere rispettate per tutti i tipi di imposta.\r\n\r\n<strong>Rapporti con HM Revenue + Customs<\/strong>\r\nHH Global crede nell'avere un rapporto di lavoro aperto, professionale e costruttivo con HMRC e altre autorit\u00e0 fiscali e lavorer\u00e0 in clima di collaborazione per la costruzione di una posizione di fiducia reciproca.\r\n\r\nCerchiamo di cooperare con HMRC in ogni momento e di affrontare i problemi in modo tempestivo e collaborativo. In caso di conflitti di opinione con HMRC in merito all'applicazione della legge, l'obiettivo primario di HH Global \u00e8 quello di risolvere tali problemi in modo efficiente, attraverso un dialogo professionale aperto e onesto, basato sui fatti, che faccia riferimento alla normativa e alla giurisprudenza di riferimento.\r\n\r\nQuesto \u00e8 l\u2019approccio che adottiamo con tutte le autorit\u00e0 fiscali nelle giurisdizioni in cui operiamo.\r\n\r\n<strong>Criminal Finance Act 2017 \u2013 Mancata prevenzione all'agevolazione dell\u2019evasione fiscale<\/strong>\r\nHH Global assicurer\u00e0 che siano in atto procedure adeguate alla prevenzione o riduzione al minimo del rischio che i suoi dipendenti, agenti, fornitori o altre terze parti associate a HH Global di agevolazioni all'evasione fiscale come indicato nel Criminal Finance Act 2017. HH Global intraprender\u00e0 e aggiorner\u00e0, periodicamente, un\u2019analisi di rischio delle sue attivit\u00e0 commerciali per identificare tali rischi e garantire che le procedure messe in atto siano e continuino ad essere sufficienti.\r\n\r\nApprovato dal Consiglio di Amministrazione: 24 Maggio 2022","title_two":"","content_two":""}]},"yoast_head":"<!-- This site is optimized with the Yoast SEO plugin v27.4 - https:\/\/yoast.com\/product\/yoast-seo-wordpress\/ -->\n<title>Group Tax Strategy - HH Global<\/title>\n<meta name=\"robots\" content=\"index, follow, max-snippet:-1, max-image-preview:large, max-video-preview:-1\" \/>\n<link rel=\"canonical\" href=\"https:\/\/www.hhglobal.com\/it\/group-tax-strategy\/\" \/>\n<meta property=\"og:locale\" content=\"it_IT\" \/>\n<meta property=\"og:type\" content=\"article\" \/>\n<meta property=\"og:title\" content=\"Group Tax Strategy - HH Global\" \/>\n<meta property=\"og:url\" content=\"https:\/\/www.hhglobal.com\/it\/group-tax-strategy\/\" \/>\n<meta property=\"og:site_name\" content=\"HH Global\" \/>\n<meta property=\"article:modified_time\" content=\"2023-02-21T08:08:29+00:00\" \/>\n<meta name=\"twitter:card\" content=\"summary_large_image\" \/>\n<script type=\"application\/ld+json\" class=\"yoast-schema-graph\">{\"@context\":\"https:\\\/\\\/schema.org\",\"@graph\":[{\"@type\":\"WebPage\",\"@id\":\"https:\\\/\\\/www.hhglobal.com\\\/it\\\/group-tax-strategy\\\/\",\"url\":\"https:\\\/\\\/www.hhglobal.com\\\/it\\\/group-tax-strategy\\\/\",\"name\":\"Group Tax Strategy - HH Global\",\"isPartOf\":{\"@id\":\"https:\\\/\\\/www.hhglobal.com\\\/it\\\/#website\"},\"datePublished\":\"2022-06-18T02:41:24+00:00\",\"dateModified\":\"2023-02-21T08:08:29+00:00\",\"breadcrumb\":{\"@id\":\"https:\\\/\\\/www.hhglobal.com\\\/it\\\/group-tax-strategy\\\/#breadcrumb\"},\"inLanguage\":\"it-IT\",\"potentialAction\":[{\"@type\":\"ReadAction\",\"target\":[\"https:\\\/\\\/www.hhglobal.com\\\/it\\\/group-tax-strategy\\\/\"]}]},{\"@type\":\"BreadcrumbList\",\"@id\":\"https:\\\/\\\/www.hhglobal.com\\\/it\\\/group-tax-strategy\\\/#breadcrumb\",\"itemListElement\":[{\"@type\":\"ListItem\",\"position\":1,\"name\":\"Home\",\"item\":\"https:\\\/\\\/www.hhglobal.com\\\/it\\\/\"},{\"@type\":\"ListItem\",\"position\":2,\"name\":\"Group Tax Strategy\"}]},{\"@type\":\"WebSite\",\"@id\":\"https:\\\/\\\/www.hhglobal.com\\\/it\\\/#website\",\"url\":\"https:\\\/\\\/www.hhglobal.com\\\/it\\\/\",\"name\":\"HH Global\",\"description\":\"The global, tech-enabled creative production and procurement partner.\",\"publisher\":{\"@id\":\"https:\\\/\\\/www.hhglobal.com\\\/it\\\/#organization\"},\"potentialAction\":[{\"@type\":\"SearchAction\",\"target\":{\"@type\":\"EntryPoint\",\"urlTemplate\":\"https:\\\/\\\/www.hhglobal.com\\\/it\\\/?s={search_term_string}\"},\"query-input\":{\"@type\":\"PropertyValueSpecification\",\"valueRequired\":true,\"valueName\":\"search_term_string\"}}],\"inLanguage\":\"it-IT\"},{\"@type\":\"Organization\",\"@id\":\"https:\\\/\\\/www.hhglobal.com\\\/it\\\/#organization\",\"name\":\"HH Global\",\"url\":\"https:\\\/\\\/www.hhglobal.com\\\/it\\\/\",\"logo\":{\"@type\":\"ImageObject\",\"inLanguage\":\"it-IT\",\"@id\":\"https:\\\/\\\/www.hhglobal.com\\\/it\\\/#\\\/schema\\\/logo\\\/image\\\/\",\"url\":\"https:\\\/\\\/www.hhglobal.com\\\/wp-content\\\/uploads\\\/2023\\\/12\\\/logo-white.svg\",\"contentUrl\":\"https:\\\/\\\/www.hhglobal.com\\\/wp-content\\\/uploads\\\/2023\\\/12\\\/logo-white.svg\",\"width\":77,\"height\":18,\"caption\":\"HH Global\"},\"image\":{\"@id\":\"https:\\\/\\\/www.hhglobal.com\\\/it\\\/#\\\/schema\\\/logo\\\/image\\\/\"}}]}<\/script>\n<!-- \/ Yoast SEO plugin. -->","yoast_head_json":{"title":"Group Tax Strategy - HH Global","robots":{"index":"index","follow":"follow","max-snippet":"max-snippet:-1","max-image-preview":"max-image-preview:large","max-video-preview":"max-video-preview:-1"},"canonical":"https:\/\/www.hhglobal.com\/it\/group-tax-strategy\/","og_locale":"it_IT","og_type":"article","og_title":"Group Tax Strategy - HH Global","og_url":"https:\/\/www.hhglobal.com\/it\/group-tax-strategy\/","og_site_name":"HH Global","article_modified_time":"2023-02-21T08:08:29+00:00","twitter_card":"summary_large_image","schema":{"@context":"https:\/\/schema.org","@graph":[{"@type":"WebPage","@id":"https:\/\/www.hhglobal.com\/it\/group-tax-strategy\/","url":"https:\/\/www.hhglobal.com\/it\/group-tax-strategy\/","name":"Group Tax Strategy - HH Global","isPartOf":{"@id":"https:\/\/www.hhglobal.com\/it\/#website"},"datePublished":"2022-06-18T02:41:24+00:00","dateModified":"2023-02-21T08:08:29+00:00","breadcrumb":{"@id":"https:\/\/www.hhglobal.com\/it\/group-tax-strategy\/#breadcrumb"},"inLanguage":"it-IT","potentialAction":[{"@type":"ReadAction","target":["https:\/\/www.hhglobal.com\/it\/group-tax-strategy\/"]}]},{"@type":"BreadcrumbList","@id":"https:\/\/www.hhglobal.com\/it\/group-tax-strategy\/#breadcrumb","itemListElement":[{"@type":"ListItem","position":1,"name":"Home","item":"https:\/\/www.hhglobal.com\/it\/"},{"@type":"ListItem","position":2,"name":"Group Tax Strategy"}]},{"@type":"WebSite","@id":"https:\/\/www.hhglobal.com\/it\/#website","url":"https:\/\/www.hhglobal.com\/it\/","name":"HH Global","description":"The global, tech-enabled creative production and procurement partner.","publisher":{"@id":"https:\/\/www.hhglobal.com\/it\/#organization"},"potentialAction":[{"@type":"SearchAction","target":{"@type":"EntryPoint","urlTemplate":"https:\/\/www.hhglobal.com\/it\/?s={search_term_string}"},"query-input":{"@type":"PropertyValueSpecification","valueRequired":true,"valueName":"search_term_string"}}],"inLanguage":"it-IT"},{"@type":"Organization","@id":"https:\/\/www.hhglobal.com\/it\/#organization","name":"HH Global","url":"https:\/\/www.hhglobal.com\/it\/","logo":{"@type":"ImageObject","inLanguage":"it-IT","@id":"https:\/\/www.hhglobal.com\/it\/#\/schema\/logo\/image\/","url":"https:\/\/www.hhglobal.com\/wp-content\/uploads\/2023\/12\/logo-white.svg","contentUrl":"https:\/\/www.hhglobal.com\/wp-content\/uploads\/2023\/12\/logo-white.svg","width":77,"height":18,"caption":"HH Global"},"image":{"@id":"https:\/\/www.hhglobal.com\/it\/#\/schema\/logo\/image\/"}}]}},"_links":{"self":[{"href":"https:\/\/www.hhglobal.com\/it\/wp-json\/wp\/v2\/pages\/6911","targetHints":{"allow":["GET"]}}],"collection":[{"href":"https:\/\/www.hhglobal.com\/it\/wp-json\/wp\/v2\/pages"}],"about":[{"href":"https:\/\/www.hhglobal.com\/it\/wp-json\/wp\/v2\/types\/page"}],"author":[{"embeddable":true,"href":"https:\/\/www.hhglobal.com\/it\/wp-json\/wp\/v2\/users\/10"}],"replies":[{"embeddable":true,"href":"https:\/\/www.hhglobal.com\/it\/wp-json\/wp\/v2\/comments?post=6911"}],"version-history":[{"count":0,"href":"https:\/\/www.hhglobal.com\/it\/wp-json\/wp\/v2\/pages\/6911\/revisions"}],"wp:attachment":[{"href":"https:\/\/www.hhglobal.com\/it\/wp-json\/wp\/v2\/media?parent=6911"}],"curies":[{"name":"wp","href":"https:\/\/api.w.org\/{rel}","templated":true}]}}