{"id":6900,"date":"2022-05-18T22:12:21","date_gmt":"2022-05-18T22:12:21","guid":{"rendered":"https:\/\/decoupled-hhg.local\/careers\/"},"modified":"2025-07-16T19:35:31","modified_gmt":"2025-07-16T19:35:31","slug":"careers","status":"publish","type":"page","link":"https:\/\/www.hhglobal.com\/it\/careers\/","title":{"rendered":"Lavora con noi"},"content":{"rendered":"","protected":false},"excerpt":{"rendered":"","protected":false},"author":41,"featured_media":0,"parent":0,"menu_order":0,"comment_status":"closed","ping_status":"closed","template":"","meta":{"_acf_changed":"","_yoast_wpseo_focuskw":"","_yoast_wpseo_metadesc":"","_yoast_wpseo_linkdex":"","_yoast_wpseo_content_score":"","_yoast_wpseo_meta-robots-noindex":"","_yoast_wpseo_meta-robots-nofollow":"","inline_featured_image":[],"_genesis_block_theme_hide_title":false,"_cms_nav_minihome":"","_icl_lang_duplicate_of":"","_menu_item_classes":[],"_menu_item_menu_item_parent":"","_menu_item_object":"","_menu_item_object_id":"","_menu_item_orphaned":"","_menu_item_target":"","_menu_item_type":"","_menu_item_url":"","_menu_item_xfn":"","_seedprod_page":"","_seedprod_page_template_type":"","_seedprod_page_uuid":"","_top_nav_excluded":"","_wp_attachment_backup_sizes":[],"_wp_attachment_context":"","_wp_attachment_image_alt":"","_wp_old_date":"","_wpcode_auto_insert":"","_wpcode_auto_insert_number":"","_wpcode_library_id":"","_wpml_media_duplicate":"1","_wpml_media_featured":"1","_wpml_post_translation_editor_native":"","_wpml_word_count":"{\"total\":319,\"to_translate\":{\"zh-hans\":319,\"cs\":319,\"de\":319,\"ja\":319,\"pt-br\":319,\"es\":319}}","_yoast_wpseo_estimated-reading-time-minutes":["0"],"_yoast_wpseo_primary_category":"","_yoast_wpseo_primary_industry":"","_yoast_wpseo_primary_solution":"","_yoast_wpseo_primary_the_author":"","_yoast_wpseo_wordproof_timestamp":"","acfml_non_translatable_locations":[],"career_externalLink":"","career_featuredImage":"","career_title":"","casestudy_featuredImage":"","casestudy_title":"","infocallout_excerpt":"","infocallout_featuredImage":"","infocallout_title":"","jobTitle":"","language":"","name":"","profilePicture":"","wp-smpro-smush-data":[],"wp-smush-animated":"","wp-smush-ignore-bulk":"","wp-smush-lossy":"","wpml_media_processed":"","_wpcode_conditional_logic_enabled":"","_wpcode_location_extra":"","_wpcode_note":"","_wpcode_priority":"","_wpcode_shortcode_attributes":[],"footnotes":""},"class_list":["post-6900","page","type-page","status-publish","hentry","post","without-featured-image"],"acf":{"page_title":"Cultura aziendale, diversit\u00e0 e opportunit\u00e0 di carriera | HH Global ","page_description":"Unisciti a HH Global per opportunit\u00e0 internazionali e una cultura globale di supporto che d\u00e0 potere alle persone, celebra la diversit\u00e0 e promuove la crescita professionale","social_title":"","social_description":"","social_share_image":null,"modules":[{"acf_fc_layout":"hero","size":"medium2","theme":"dark","choose_images":[{"image":22606},{"image":22617},{"image":22628},{"image":22639}],"show_eyebrow":true,"eyebrow":"","title":"Cultura e carriere","show_cta":false,"cta_url":"","cta_title":""},{"acf_fc_layout":"intro_content_block","scroll_to_link":"","container_background_color":"bg-white","type":"standard","show_image":false,"intro_image":null,"show_background":false,"background":null,"show_eyebrow":false,"eyebrow":"Open Roles By Region","show_designations":false,"designations":null,"show_title":true,"size":"small","title":"Avere impatto globale","show_intro":true,"intro":"In HH Global, aiutiamo i piu\u2019 grandi marchi a trasformare le grandi idee in grandi risultati, offrendo produzione e approvvigionamento creativi implementati che vengono visti, ascoltati e percepiti in tutto il mondo. Siamo anche il leader globale nel rendere il marketing pi\u00f9 sostenibile.","show_body":true,"body":"Quando ti unisci a noi, ti unisci ai migliori esperti del settore che sono entusiasti di collaborare con i nostri clienti per aiutarli a crescere. E lavorerai con una tecnologia avanzata che non ha eguali nel nostro settore.\r\n\r\nSiamo profondamente impegnati nella responsabilit\u00e0 ambientale e sociale, attraverso lo sviluppo di soluzioni innovative al fine di migliorare la sostenibilit\u00e0 e semplificare la supply chain. Le nostre capacit\u00e0 e dimensioni esclusive ci consentono di lavorare insieme in tutto il mondo per sostenere una crescita sostenibile.","show_labels":true,"labels":{"show_social":false,"custom_categories":[{"category_label":"Posizioni aperte per regione","labels":[{"link_label":"Posizioni in Nord America","link_href":"https:\/\/globaleur251.dayforcehcm.com\/CandidatePortal\/en-US\/hhglobal","link_internal_pages":"","link_file":null,"link_type":"external"},{"link_label":"Posizioni in LATAM ","link_href":"https:\/\/globaleur251.dayforcehcm.com\/CandidatePortal\/en-US\/hhglobal","link_internal_pages":"","link_file":null,"link_type":"external"},{"link_label":"Posizioni in Asia-Pacifico ","link_href":"https:\/\/globaleur251.dayforcehcm.com\/CandidatePortal\/en-GB\/hhglobal","link_internal_pages":"","link_file":null,"link_type":"external"},{"link_label":"Posizioni in EMEA ","link_href":"https:\/\/globaleur251.dayforcehcm.com\/CandidatePortal\/en-GB\/hhglobal","link_internal_pages":null,"link_file":null,"link_type":"external"}]}]}},{"acf_fc_layout":"text_with_media","scroll_to_link":"","theme":"light","container_background_color":"bg-grey","show_eyebrow":false,"eyebrow":"","show_title":false,"title":"","show_sub_title":true,"sub_title":"Ci impegniamo a essere un luogo ideale in cui lavorare. Per tutti.","content":"In HH Global comprendiamo che le nostre persone sono la nostra pi\u00f9 grande forza. E le loro varie prospettive ed esperienze arricchiscono la nostra capacit\u00e0 di costruire partnership di alto livello con i nostri clienti. Ecco perch\u00e9 ci impegniamo per la diversit\u00e0 e l'inclusione in tutta la nostra attivit\u00e0.\r\n\r\nCon una cultura globale di supporto che d\u00e0 potere alle persone, ci assicuriamo che tutti abbiano diritti equi e l'opportunit\u00e0 di crescere e svilupparsi liberamente.\r\n\r\nMan mano che cresciamo, cerchiamo i migliori talenti da inserire nel nostro team. Con opportunit\u00e0 internazionali e percorsi di carriera gratificanti, HH Global ha un posto per tutti.\r\n\r\nScopri le nostre posizioni aperte per regione.","cta_url":"","cta_text":"","open_in_new_window":false,"choose_media":[{"image":22650},{"image":22661},{"image":22672}],"image_alignment":"left","image_fit":"cover","image_size":"half-width","vimeoid":"","ytid":""},{"acf_fc_layout":"content_block","container_background_color":"bg-white","show_header":false,"header":"","contents":[{"show_header_icon":true,"header_icon":22683,"show_header":false,"header":"","header_color":"primary-green-2","show_subheader":true,"subheader":"Opportunit\u00e0 globali","description":"Con una presenza globale consolidata, offriamo opportunit\u00e0 di carriera in tutto il mondo. Ogni giorno continuiamo ad espandere il nostro team, collaborando con nuovi clienti con in mente una crescita pi\u00f9 forte e pi\u00f9 sostenibile e garantendo i vantaggi che derivano dall'essere leader del settore."},{"show_header_icon":true,"header_icon":22694,"show_header":false,"header":"","header_color":"primary-green-2","show_subheader":true,"subheader":"Investire nelle nostre persone","description":"La nostra formazione inclusiva e culturalmente allineata \u00e8 tradotta in pi\u00f9 lingue e utilizza una tecnologia intelligente per guidare gli utenti attraverso il loro sviluppo. Ci impegniamo a integrare i principi di diversit\u00e0, equit\u00e0 e inclusione in tutti i nostri programmi di sviluppo e formazione."},{"show_header_icon":true,"header_icon":22705,"show_header":false,"header":"","header_color":"primary-green-2","show_subheader":true,"subheader":"La nostra comunit\u00e0","description":"Abbiamo una comunit\u00e0 di dipendenti diversificata e vibrante di persone entusiaste che si riuniscono per sostenersi e celebrarsi a vicenda. Il nostro scopo \u00e8 fare la differenza all'interno della nostra azienda, per i nostri clienti e per il mondo. La nostra ambizione \u00e8 fornire una piattaforma per la crescita personale e professionale per tutti e imparare come parte di un team."}]},{"acf_fc_layout":"text_with_media","scroll_to_link":"","theme":"light","container_background_color":"bg-grey","show_eyebrow":false,"eyebrow":"","show_title":false,"title":"Una forte cultura della sostenibilit\u00e0","show_sub_title":true,"sub_title":"Una forte cultura della sostenibilit\u00e0","content":"Ci impegniamo per la sostenibilit\u00e0 all'interno della nostra attivit\u00e0 e per una crescita sostenibile per i nostri partner. I nostri dipendenti ricevono un salario dignitoso e richiediamo la conferma di una politica di salario dignitoso da parte del 100% dei nostri partner fornitori strategici entro il 2025. Inoltre, il 100% dei nostri fornitori strategici si allineer\u00e0 ai nostri standard ambientali e sociali chiaramente definiti--o dovr\u00e0 avere un adeguato piani di azioni correttive in atto--entro il 2025.","cta_url":"https:\/\/ebooks.decoupledhhstg.wpengine.com\/view\/465383337\/","cta_text":"Scarica il nostro rapporto sulla sostenibilit\u00e0","open_in_new_window":false,"choose_media":[{"image":22716}],"image_alignment":"right","image_fit":"cover","image_size":"half-width","vimeoid":"","ytid":""},{"acf_fc_layout":"cards","scroll_to_link":"","container_background_color":"bg-pure-black","show_heading":true,"heading":"Esplora le posizioni per regione","content":"","cards":{"layout":"careers-layout","sub_layout":"simple","cards_display_mode":"bg-white","solution_term":null,"industry_term":null,"author_term":null,"region_term":null,"choose_cards":0,"choose_case_studies":0,"choose_featured_case_studies":0,"choose_staff_members":0,"choose_careers":[6931,6929,6933],"choose_info_callouts":0,"show_titles":true,"show_description":true,"show_date":true,"show_sector":true}}]},"yoast_head":"<!-- This site is optimized with the Yoast SEO plugin v27.4 - https:\/\/yoast.com\/product\/yoast-seo-wordpress\/ -->\n<title>Lavora con noi - HH Global<\/title>\n<meta name=\"robots\" content=\"index, follow, max-snippet:-1, max-image-preview:large, max-video-preview:-1\" \/>\n<link rel=\"canonical\" href=\"https:\/\/www.hhglobal.com\/it\/careers\/\" \/>\n<meta property=\"og:locale\" content=\"it_IT\" \/>\n<meta property=\"og:type\" content=\"article\" \/>\n<meta property=\"og:title\" content=\"Lavora con noi - HH Global\" \/>\n<meta property=\"og:url\" content=\"https:\/\/www.hhglobal.com\/it\/careers\/\" \/>\n<meta property=\"og:site_name\" content=\"HH Global\" \/>\n<meta property=\"article:modified_time\" content=\"2025-07-16T19:35:31+00:00\" \/>\n<meta name=\"twitter:card\" content=\"summary_large_image\" \/>\n<script type=\"application\/ld+json\" class=\"yoast-schema-graph\">{\"@context\":\"https:\\\/\\\/schema.org\",\"@graph\":[{\"@type\":\"WebPage\",\"@id\":\"https:\\\/\\\/www.hhglobal.com\\\/it\\\/careers\\\/\",\"url\":\"https:\\\/\\\/www.hhglobal.com\\\/it\\\/careers\\\/\",\"name\":\"Lavora con noi - HH Global\",\"isPartOf\":{\"@id\":\"https:\\\/\\\/www.hhglobal.com\\\/it\\\/#website\"},\"datePublished\":\"2022-05-18T22:12:21+00:00\",\"dateModified\":\"2025-07-16T19:35:31+00:00\",\"breadcrumb\":{\"@id\":\"https:\\\/\\\/www.hhglobal.com\\\/it\\\/careers\\\/#breadcrumb\"},\"inLanguage\":\"it-IT\",\"potentialAction\":[{\"@type\":\"ReadAction\",\"target\":[\"https:\\\/\\\/www.hhglobal.com\\\/it\\\/careers\\\/\"]}]},{\"@type\":\"BreadcrumbList\",\"@id\":\"https:\\\/\\\/www.hhglobal.com\\\/it\\\/careers\\\/#breadcrumb\",\"itemListElement\":[{\"@type\":\"ListItem\",\"position\":1,\"name\":\"Home\",\"item\":\"https:\\\/\\\/www.hhglobal.com\\\/it\\\/\"},{\"@type\":\"ListItem\",\"position\":2,\"name\":\"Lavora con noi\"}]},{\"@type\":\"WebSite\",\"@id\":\"https:\\\/\\\/www.hhglobal.com\\\/it\\\/#website\",\"url\":\"https:\\\/\\\/www.hhglobal.com\\\/it\\\/\",\"name\":\"HH Global\",\"description\":\"The global, tech-enabled creative production and procurement partner.\",\"publisher\":{\"@id\":\"https:\\\/\\\/www.hhglobal.com\\\/it\\\/#organization\"},\"potentialAction\":[{\"@type\":\"SearchAction\",\"target\":{\"@type\":\"EntryPoint\",\"urlTemplate\":\"https:\\\/\\\/www.hhglobal.com\\\/it\\\/?s={search_term_string}\"},\"query-input\":{\"@type\":\"PropertyValueSpecification\",\"valueRequired\":true,\"valueName\":\"search_term_string\"}}],\"inLanguage\":\"it-IT\"},{\"@type\":\"Organization\",\"@id\":\"https:\\\/\\\/www.hhglobal.com\\\/it\\\/#organization\",\"name\":\"HH Global\",\"url\":\"https:\\\/\\\/www.hhglobal.com\\\/it\\\/\",\"logo\":{\"@type\":\"ImageObject\",\"inLanguage\":\"it-IT\",\"@id\":\"https:\\\/\\\/www.hhglobal.com\\\/it\\\/#\\\/schema\\\/logo\\\/image\\\/\",\"url\":\"https:\\\/\\\/www.hhglobal.com\\\/wp-content\\\/uploads\\\/2023\\\/12\\\/logo-white.svg\",\"contentUrl\":\"https:\\\/\\\/www.hhglobal.com\\\/wp-content\\\/uploads\\\/2023\\\/12\\\/logo-white.svg\",\"width\":77,\"height\":18,\"caption\":\"HH Global\"},\"image\":{\"@id\":\"https:\\\/\\\/www.hhglobal.com\\\/it\\\/#\\\/schema\\\/logo\\\/image\\\/\"}}]}<\/script>\n<!-- \/ Yoast SEO plugin. -->","yoast_head_json":{"title":"Lavora con noi - HH Global","robots":{"index":"index","follow":"follow","max-snippet":"max-snippet:-1","max-image-preview":"max-image-preview:large","max-video-preview":"max-video-preview:-1"},"canonical":"https:\/\/www.hhglobal.com\/it\/careers\/","og_locale":"it_IT","og_type":"article","og_title":"Lavora con noi - HH Global","og_url":"https:\/\/www.hhglobal.com\/it\/careers\/","og_site_name":"HH Global","article_modified_time":"2025-07-16T19:35:31+00:00","twitter_card":"summary_large_image","schema":{"@context":"https:\/\/schema.org","@graph":[{"@type":"WebPage","@id":"https:\/\/www.hhglobal.com\/it\/careers\/","url":"https:\/\/www.hhglobal.com\/it\/careers\/","name":"Lavora con noi - HH Global","isPartOf":{"@id":"https:\/\/www.hhglobal.com\/it\/#website"},"datePublished":"2022-05-18T22:12:21+00:00","dateModified":"2025-07-16T19:35:31+00:00","breadcrumb":{"@id":"https:\/\/www.hhglobal.com\/it\/careers\/#breadcrumb"},"inLanguage":"it-IT","potentialAction":[{"@type":"ReadAction","target":["https:\/\/www.hhglobal.com\/it\/careers\/"]}]},{"@type":"BreadcrumbList","@id":"https:\/\/www.hhglobal.com\/it\/careers\/#breadcrumb","itemListElement":[{"@type":"ListItem","position":1,"name":"Home","item":"https:\/\/www.hhglobal.com\/it\/"},{"@type":"ListItem","position":2,"name":"Lavora con noi"}]},{"@type":"WebSite","@id":"https:\/\/www.hhglobal.com\/it\/#website","url":"https:\/\/www.hhglobal.com\/it\/","name":"HH Global","description":"The global, tech-enabled creative production and procurement partner.","publisher":{"@id":"https:\/\/www.hhglobal.com\/it\/#organization"},"potentialAction":[{"@type":"SearchAction","target":{"@type":"EntryPoint","urlTemplate":"https:\/\/www.hhglobal.com\/it\/?s={search_term_string}"},"query-input":{"@type":"PropertyValueSpecification","valueRequired":true,"valueName":"search_term_string"}}],"inLanguage":"it-IT"},{"@type":"Organization","@id":"https:\/\/www.hhglobal.com\/it\/#organization","name":"HH Global","url":"https:\/\/www.hhglobal.com\/it\/","logo":{"@type":"ImageObject","inLanguage":"it-IT","@id":"https:\/\/www.hhglobal.com\/it\/#\/schema\/logo\/image\/","url":"https:\/\/www.hhglobal.com\/wp-content\/uploads\/2023\/12\/logo-white.svg","contentUrl":"https:\/\/www.hhglobal.com\/wp-content\/uploads\/2023\/12\/logo-white.svg","width":77,"height":18,"caption":"HH Global"},"image":{"@id":"https:\/\/www.hhglobal.com\/it\/#\/schema\/logo\/image\/"}}]}},"_links":{"self":[{"href":"https:\/\/www.hhglobal.com\/it\/wp-json\/wp\/v2\/pages\/6900","targetHints":{"allow":["GET"]}}],"collection":[{"href":"https:\/\/www.hhglobal.com\/it\/wp-json\/wp\/v2\/pages"}],"about":[{"href":"https:\/\/www.hhglobal.com\/it\/wp-json\/wp\/v2\/types\/page"}],"author":[{"embeddable":true,"href":"https:\/\/www.hhglobal.com\/it\/wp-json\/wp\/v2\/users\/41"}],"replies":[{"embeddable":true,"href":"https:\/\/www.hhglobal.com\/it\/wp-json\/wp\/v2\/comments?post=6900"}],"version-history":[{"count":0,"href":"https:\/\/www.hhglobal.com\/it\/wp-json\/wp\/v2\/pages\/6900\/revisions"}],"wp:attachment":[{"href":"https:\/\/www.hhglobal.com\/it\/wp-json\/wp\/v2\/media?parent=6900"}],"curies":[{"name":"wp","href":"https:\/\/api.w.org\/{rel}","templated":true}]}}