{"id":6892,"date":"2022-05-19T12:46:43","date_gmt":"2022-05-19T12:46:43","guid":{"rendered":"https:\/\/decoupled-hhg.local\/procurement\/"},"modified":"2023-11-24T14:08:07","modified_gmt":"2023-11-24T14:08:07","slug":"procurement","status":"publish","type":"page","link":"https:\/\/www.hhglobal.com\/it\/what-we-do\/procurement\/","title":{"rendered":"Approvvigionamento"},"content":{"rendered":"","protected":false},"excerpt":{"rendered":"","protected":false},"author":41,"featured_media":0,"parent":0,"menu_order":0,"comment_status":"closed","ping_status":"closed","template":"","meta":{"_acf_changed":"","_yoast_wpseo_focuskw":"","_yoast_wpseo_metadesc":"","_yoast_wpseo_linkdex":"","_yoast_wpseo_content_score":"","_yoast_wpseo_meta-robots-noindex":"","_yoast_wpseo_meta-robots-nofollow":"","inline_featured_image":[],"_genesis_block_theme_hide_title":false,"_cms_nav_minihome":"","_icl_lang_duplicate_of":"","_menu_item_classes":[],"_menu_item_menu_item_parent":"","_menu_item_object":"","_menu_item_object_id":"","_menu_item_orphaned":"","_menu_item_target":"","_menu_item_type":"","_menu_item_url":"","_menu_item_xfn":"","_seedprod_page":"","_seedprod_page_template_type":"","_seedprod_page_uuid":"","_top_nav_excluded":"","_wp_attachment_backup_sizes":[],"_wp_attachment_context":"","_wp_attachment_image_alt":"","_wp_old_date":"","_wpcode_auto_insert":"","_wpcode_auto_insert_number":"","_wpcode_library_id":"","_wpml_media_duplicate":"1","_wpml_media_featured":"1","_wpml_post_translation_editor_native":"","_wpml_word_count":"{\"total\":273,\"to_translate\":{\"zh-hans\":273,\"cs\":273,\"de\":273,\"it\":273,\"ja\":273,\"pt-br\":273,\"es\":273}}","_yoast_wpseo_estimated-reading-time-minutes":[],"_yoast_wpseo_primary_category":"","_yoast_wpseo_primary_industry":"","_yoast_wpseo_primary_solution":"","_yoast_wpseo_primary_the_author":"","_yoast_wpseo_wordproof_timestamp":"","acfml_non_translatable_locations":[],"career_externalLink":"","career_featuredImage":"","career_title":"","casestudy_featuredImage":"","casestudy_title":"","infocallout_excerpt":"","infocallout_featuredImage":"","infocallout_title":"","jobTitle":"","language":"","name":"","profilePicture":"","wp-smpro-smush-data":[],"wp-smush-animated":"","wp-smush-ignore-bulk":"","wp-smush-lossy":"","wpml_media_processed":"","_wpcode_conditional_logic_enabled":"","_wpcode_location_extra":"","_wpcode_note":"","_wpcode_priority":"","_wpcode_shortcode_attributes":[],"footnotes":""},"class_list":["post-6892","page","type-page","status-publish","hentry","post","without-featured-image"],"acf":{"page_title":"Expertise negli acquisti per il successo del marketing globale | HH Global","page_description":"Contatta HH Global, esperti in procurement creativo, per l'approvvigionamento della supply chain da una vasta rete di fornitori in tutto il mondo che soddisfer\u00e0 le esigenze del tuo progetto","social_title":"","social_description":"","social_share_image":null,"modules":[{"acf_fc_layout":"hero","size":"medium2","theme":"dark","choose_images":[{"image":6776},{"image":6354},{"image":6732},{"image":6730}],"show_eyebrow":false,"eyebrow":"","title":"Acquisti","show_cta":false,"cta_url":"","cta_title":""},{"acf_fc_layout":"intro_content_block","container_background_color":"bg-white","type":false,"show_image":false,"intro_image":null,"show_background":false,"background":null,"show_eyebrow":false,"eyebrow":"","show_designations":false,"designations":null,"show_title":true,"size":"large","title":"Esperienza nel Procurement per il successo del marketing globale","show_intro":false,"intro":"","show_body":false,"body":"","show_labels":false,"labels":{"show_social":false,"custom_categories":null}},{"acf_fc_layout":"text_with_media_carousel","theme":"light","container_background_color":"bg-grey","highlight_color":"purple","title":"Accedi a competenza, leva e scalabilit\u00e0 nel procurement","content":"L'esperienza nei vari canali e le risorse globali di HH Global offrono programmi su misura che ottimizzano la tua catena di approvvigionamento mitigando i rischi. In qualit\u00e0 di leader del settore nel procurement, gestiamo pi\u00f9 spesa di qualsiasi altro concorrente. Abbiamo accesso a oltre 15.000 fornitori in tutte le categorie a livello globale. Questo ti d\u00e0 una leva straordinaria per raggiungere la qualit\u00e0 a un costo inferiore.\r\n\r\nInvestiamo continuamente in una filiera sempre pi\u00f9 sostenibile, che promuova la diversit\u00e0 e l'inclusione. Ci\u00f2 significa che mentre riduci i costi e migliori la velocit\u00e0 di immissione sul mercato, puoi anche soddisfare ed eccedere gli obiettivi ambientali, sociali e di governance aziendali.","additional_spacing":false,"features_title":"Linee di servizio","features":[{"navigation_label":"Ottimizzazione della supply chain","show_title":true,"title":"Ottimizzazione della supply chain","show_subtitle":false,"subtitle":"","content":"<ul>\r\n \t<li>Abbiniamo domanda e offerta per ogni richiesta, con la riduzione massima del costo di gestione da parte del cliente<\/li>\r\n \t<li>La selezione dei fornitori si basa su analisi approfondite riguardante ciascun partner fornitore strategico, dall'onboarding fino all'esecuzione finale del progetto<\/li>\r\n \t<li>Valutiamo oltre 20 criteri tra categorie geografiche, capacit\u00e0, stabilit\u00e0 e performance<\/li>\r\n<\/ul>","choose_media":[{"image":6717}],"vimeoid":"","ytid":""},{"navigation_label":"Approvvigionamento marketing sostenibile","show_title":true,"title":"Approvvigionamento marketing sostenibile","show_subtitle":false,"subtitle":"","content":"<ul>\r\n \t<li>HH Global definisce lo standard per un'attivit\u00e0 socialmente ed ecologicamente responsabile, ancorata ad un\u2019eticit\u00e0 sana, coerente e conforme alle leggi e alle norme applicabili<\/li>\r\n \t<li>Ci impegniamo a garantire condizioni di lavoro sicure lungo tutta la catena di fornitura, rispetto e dignit\u00e0 per tutti i lavoratori e processi di produzione responsabili dal punto di vista ambientale e sociale<\/li>\r\n \t<li>I nostri partner fornitori strategici devono rispettare tutte le leggi e le norme ambientali applicabili e le buone pratiche del settore, tra cui la gestione e lo smaltimento di sostanze chimiche e rifiuti, il riciclaggio, il trattamento e lo scarico delle acque reflue industriali, i controlli delle emissioni atmosferiche, i permessi ambientali e la rendicontazione ambientale.<\/li>\r\n<\/ul>","choose_media":[{"image":6751}],"vimeoid":"","ytid":""},{"navigation_label":"Gestione degli acquisti secondari","show_title":true,"title":"Gestione degli acquisti secondari","show_subtitle":false,"subtitle":"","content":"<ul>\r\n \t<li>La gestione della spesa secondaria \u00e8 un impegno nei confronti dei nostri partner fornitori strategici e il fulcro della nostra strategia di approvvigionamento<\/li>\r\n \t<li>La supervisione della spesa secondaria \u00e8 fondamentale per il nostro regolare processo di reporting e valutazione dei fornitori<\/li>\r\n<\/ul>","choose_media":[{"image":6817}],"vimeoid":"","ytid":""}]},{"acf_fc_layout":"content_block","container_background_color":"bg-grey","show_header":false,"header":"","contents":[{"show_header_icon":false,"header_icon":null,"show_header":true,"header":"+8.600","header_color":"secondary-blue","show_subheader":true,"subheader":"Partner fornitori strategici","description":"Copriamo 19 categorie chiave di spese di marketing con il nostro network globale"},{"show_header_icon":false,"header_icon":null,"show_header":true,"header":"25%","header_color":"purple","show_subheader":true,"subheader":"Risparmio del cliente","description":"Offriamo grandi risparmi per i nostri clienti facendo leva sulla nostra scala di approvvigionamento"},{"show_header_icon":false,"header_icon":null,"show_header":true,"header":"+300","header_color":"light-purple","show_subheader":true,"subheader":"Esperti di approvvigionamento strategico","description":"Il nostro team di approvvigionamento globale \u00e8 composto da esperti in un'ampia gamma di categorie di prodotti"},{"show_header_icon":false,"header_icon":null,"show_header":true,"header":"+7m","header_color":"light-purple","show_subheader":true,"subheader":"Mq in tutto il mondo","description":"Manteniamo un'enorme capacit\u00e0 dei nostri magazzini strategicamente posizionati in ogni regione a livello globale"},{"show_header_icon":false,"header_icon":null,"show_header":true,"header":"+2m ","header_color":"purple","show_subheader":true,"subheader":"Spedizioni e pacchi","description":"Consegniamo con successo milioni di pezzi ogni anno attraverso il nostro network globale"}]},{"acf_fc_layout":"cards","container_background_color":"bg-pure-black","show_heading":true,"heading":"Scopri di pi\u00f9","content":"","cards":{"layout":"case-studies-layout","sub_layout":"simple","cards_display_mode":"bg-white","solution_term":null,"industry_term":null,"author_term":null,"region_term":null,"choose_cards":null,"choose_case_studies":[6925,6921,6913],"choose_featured_case_studies":null,"choose_staff_members":null,"choose_careers":null,"choose_info_callouts":null,"show_titles":true,"show_description":true,"show_date":false,"show_sector":false}},{"acf_fc_layout":"contact_form","title":"Are you looking to drive greater value from your marketing supply chain? We\u2019re here to help."}]},"yoast_head":"<!-- This site is optimized with the Yoast SEO plugin v27.3 - https:\/\/yoast.com\/product\/yoast-seo-wordpress\/ -->\n<title>Approvvigionamento - HH Global<\/title>\n<meta name=\"robots\" content=\"index, follow, max-snippet:-1, max-image-preview:large, max-video-preview:-1\" \/>\n<link rel=\"canonical\" href=\"https:\/\/www.hhglobal.com\/it\/what-we-do\/procurement\/\" \/>\n<meta property=\"og:locale\" content=\"it_IT\" \/>\n<meta property=\"og:type\" content=\"article\" \/>\n<meta property=\"og:title\" content=\"Approvvigionamento - HH Global\" \/>\n<meta property=\"og:url\" content=\"https:\/\/www.hhglobal.com\/it\/what-we-do\/procurement\/\" \/>\n<meta property=\"og:site_name\" content=\"HH Global\" \/>\n<meta property=\"article:modified_time\" content=\"2023-11-24T14:08:07+00:00\" \/>\n<meta name=\"twitter:card\" content=\"summary_large_image\" \/>\n<script type=\"application\/ld+json\" class=\"yoast-schema-graph\">{\"@context\":\"https:\\\/\\\/schema.org\",\"@graph\":[{\"@type\":\"WebPage\",\"@id\":\"https:\\\/\\\/www.hhglobal.com\\\/it\\\/what-we-do\\\/procurement\\\/\",\"url\":\"https:\\\/\\\/www.hhglobal.com\\\/it\\\/what-we-do\\\/procurement\\\/\",\"name\":\"Approvvigionamento - HH Global\",\"isPartOf\":{\"@id\":\"https:\\\/\\\/www.hhglobal.com\\\/it\\\/#website\"},\"datePublished\":\"2022-05-19T12:46:43+00:00\",\"dateModified\":\"2023-11-24T14:08:07+00:00\",\"breadcrumb\":{\"@id\":\"https:\\\/\\\/www.hhglobal.com\\\/it\\\/what-we-do\\\/procurement\\\/#breadcrumb\"},\"inLanguage\":\"it-IT\",\"potentialAction\":[{\"@type\":\"ReadAction\",\"target\":[\"https:\\\/\\\/www.hhglobal.com\\\/it\\\/what-we-do\\\/procurement\\\/\"]}]},{\"@type\":\"BreadcrumbList\",\"@id\":\"https:\\\/\\\/www.hhglobal.com\\\/it\\\/what-we-do\\\/procurement\\\/#breadcrumb\",\"itemListElement\":[{\"@type\":\"ListItem\",\"position\":1,\"name\":\"Home\",\"item\":\"https:\\\/\\\/www.hhglobal.com\\\/it\\\/\"},{\"@type\":\"ListItem\",\"position\":2,\"name\":\"Approvvigionamento\"}]},{\"@type\":\"WebSite\",\"@id\":\"https:\\\/\\\/www.hhglobal.com\\\/it\\\/#website\",\"url\":\"https:\\\/\\\/www.hhglobal.com\\\/it\\\/\",\"name\":\"HH Global\",\"description\":\"The global, tech-enabled creative production and procurement partner.\",\"publisher\":{\"@id\":\"https:\\\/\\\/www.hhglobal.com\\\/it\\\/#organization\"},\"potentialAction\":[{\"@type\":\"SearchAction\",\"target\":{\"@type\":\"EntryPoint\",\"urlTemplate\":\"https:\\\/\\\/www.hhglobal.com\\\/it\\\/?s={search_term_string}\"},\"query-input\":{\"@type\":\"PropertyValueSpecification\",\"valueRequired\":true,\"valueName\":\"search_term_string\"}}],\"inLanguage\":\"it-IT\"},{\"@type\":\"Organization\",\"@id\":\"https:\\\/\\\/www.hhglobal.com\\\/it\\\/#organization\",\"name\":\"HH Global\",\"url\":\"https:\\\/\\\/www.hhglobal.com\\\/it\\\/\",\"logo\":{\"@type\":\"ImageObject\",\"inLanguage\":\"it-IT\",\"@id\":\"https:\\\/\\\/www.hhglobal.com\\\/it\\\/#\\\/schema\\\/logo\\\/image\\\/\",\"url\":\"https:\\\/\\\/www.hhglobal.com\\\/wp-content\\\/uploads\\\/2023\\\/12\\\/logo-white.svg\",\"contentUrl\":\"https:\\\/\\\/www.hhglobal.com\\\/wp-content\\\/uploads\\\/2023\\\/12\\\/logo-white.svg\",\"width\":77,\"height\":18,\"caption\":\"HH Global\"},\"image\":{\"@id\":\"https:\\\/\\\/www.hhglobal.com\\\/it\\\/#\\\/schema\\\/logo\\\/image\\\/\"}}]}<\/script>\n<!-- \/ Yoast SEO plugin. -->","yoast_head_json":{"title":"Approvvigionamento - HH Global","robots":{"index":"index","follow":"follow","max-snippet":"max-snippet:-1","max-image-preview":"max-image-preview:large","max-video-preview":"max-video-preview:-1"},"canonical":"https:\/\/www.hhglobal.com\/it\/what-we-do\/procurement\/","og_locale":"it_IT","og_type":"article","og_title":"Approvvigionamento - HH Global","og_url":"https:\/\/www.hhglobal.com\/it\/what-we-do\/procurement\/","og_site_name":"HH Global","article_modified_time":"2023-11-24T14:08:07+00:00","twitter_card":"summary_large_image","schema":{"@context":"https:\/\/schema.org","@graph":[{"@type":"WebPage","@id":"https:\/\/www.hhglobal.com\/it\/what-we-do\/procurement\/","url":"https:\/\/www.hhglobal.com\/it\/what-we-do\/procurement\/","name":"Approvvigionamento - HH Global","isPartOf":{"@id":"https:\/\/www.hhglobal.com\/it\/#website"},"datePublished":"2022-05-19T12:46:43+00:00","dateModified":"2023-11-24T14:08:07+00:00","breadcrumb":{"@id":"https:\/\/www.hhglobal.com\/it\/what-we-do\/procurement\/#breadcrumb"},"inLanguage":"it-IT","potentialAction":[{"@type":"ReadAction","target":["https:\/\/www.hhglobal.com\/it\/what-we-do\/procurement\/"]}]},{"@type":"BreadcrumbList","@id":"https:\/\/www.hhglobal.com\/it\/what-we-do\/procurement\/#breadcrumb","itemListElement":[{"@type":"ListItem","position":1,"name":"Home","item":"https:\/\/www.hhglobal.com\/it\/"},{"@type":"ListItem","position":2,"name":"Approvvigionamento"}]},{"@type":"WebSite","@id":"https:\/\/www.hhglobal.com\/it\/#website","url":"https:\/\/www.hhglobal.com\/it\/","name":"HH Global","description":"The global, tech-enabled creative production and procurement partner.","publisher":{"@id":"https:\/\/www.hhglobal.com\/it\/#organization"},"potentialAction":[{"@type":"SearchAction","target":{"@type":"EntryPoint","urlTemplate":"https:\/\/www.hhglobal.com\/it\/?s={search_term_string}"},"query-input":{"@type":"PropertyValueSpecification","valueRequired":true,"valueName":"search_term_string"}}],"inLanguage":"it-IT"},{"@type":"Organization","@id":"https:\/\/www.hhglobal.com\/it\/#organization","name":"HH Global","url":"https:\/\/www.hhglobal.com\/it\/","logo":{"@type":"ImageObject","inLanguage":"it-IT","@id":"https:\/\/www.hhglobal.com\/it\/#\/schema\/logo\/image\/","url":"https:\/\/www.hhglobal.com\/wp-content\/uploads\/2023\/12\/logo-white.svg","contentUrl":"https:\/\/www.hhglobal.com\/wp-content\/uploads\/2023\/12\/logo-white.svg","width":77,"height":18,"caption":"HH Global"},"image":{"@id":"https:\/\/www.hhglobal.com\/it\/#\/schema\/logo\/image\/"}}]}},"_links":{"self":[{"href":"https:\/\/www.hhglobal.com\/it\/wp-json\/wp\/v2\/pages\/6892","targetHints":{"allow":["GET"]}}],"collection":[{"href":"https:\/\/www.hhglobal.com\/it\/wp-json\/wp\/v2\/pages"}],"about":[{"href":"https:\/\/www.hhglobal.com\/it\/wp-json\/wp\/v2\/types\/page"}],"author":[{"embeddable":true,"href":"https:\/\/www.hhglobal.com\/it\/wp-json\/wp\/v2\/users\/41"}],"replies":[{"embeddable":true,"href":"https:\/\/www.hhglobal.com\/it\/wp-json\/wp\/v2\/comments?post=6892"}],"version-history":[{"count":0,"href":"https:\/\/www.hhglobal.com\/it\/wp-json\/wp\/v2\/pages\/6892\/revisions"}],"wp:attachment":[{"href":"https:\/\/www.hhglobal.com\/it\/wp-json\/wp\/v2\/media?parent=6892"}],"curies":[{"name":"wp","href":"https:\/\/api.w.org\/{rel}","templated":true}]}}