{"id":6889,"date":"2022-05-19T12:46:27","date_gmt":"2022-05-19T12:46:27","guid":{"rendered":"https:\/\/decoupled-hhg.local\/technology\/"},"modified":"2023-11-24T13:59:50","modified_gmt":"2023-11-24T13:59:50","slug":"technology","status":"publish","type":"page","link":"https:\/\/www.hhglobal.com\/it\/what-we-do\/technology\/","title":{"rendered":"Tecnologia"},"content":{"rendered":"","protected":false},"excerpt":{"rendered":"","protected":false},"author":41,"featured_media":0,"parent":0,"menu_order":0,"comment_status":"closed","ping_status":"closed","template":"","meta":{"_acf_changed":"","_yoast_wpseo_focuskw":"","_yoast_wpseo_metadesc":"","_yoast_wpseo_linkdex":"","_yoast_wpseo_content_score":"","_yoast_wpseo_meta-robots-noindex":"","_yoast_wpseo_meta-robots-nofollow":"","inline_featured_image":[],"_genesis_block_theme_hide_title":false,"_cms_nav_minihome":"","_icl_lang_duplicate_of":"","_menu_item_classes":[],"_menu_item_menu_item_parent":"","_menu_item_object":"","_menu_item_object_id":"","_menu_item_orphaned":"","_menu_item_target":"","_menu_item_type":"","_menu_item_url":"","_menu_item_xfn":"","_seedprod_page":"","_seedprod_page_template_type":"","_seedprod_page_uuid":"","_top_nav_excluded":"","_wp_attachment_backup_sizes":[],"_wp_attachment_context":"","_wp_attachment_image_alt":"","_wp_old_date":"","_wpcode_auto_insert":"","_wpcode_auto_insert_number":"","_wpcode_library_id":"","_wpml_media_duplicate":"1","_wpml_media_featured":"1","_wpml_post_translation_editor_native":"","_wpml_word_count":"{\"total\":459,\"to_translate\":{\"zh-hans\":459,\"cs\":459,\"de\":459,\"ja\":459,\"pt-br\":459,\"es\":459}}","_yoast_wpseo_estimated-reading-time-minutes":[],"_yoast_wpseo_primary_category":"","_yoast_wpseo_primary_industry":"","_yoast_wpseo_primary_solution":"","_yoast_wpseo_primary_the_author":"","_yoast_wpseo_wordproof_timestamp":"","acfml_non_translatable_locations":[],"career_externalLink":"","career_featuredImage":"","career_title":"","casestudy_featuredImage":"","casestudy_title":"","infocallout_excerpt":"","infocallout_featuredImage":"","infocallout_title":"","jobTitle":"","language":"","name":"","profilePicture":"","wp-smpro-smush-data":[],"wp-smush-animated":"","wp-smush-ignore-bulk":"","wp-smush-lossy":"","wpml_media_processed":"","_wpcode_conditional_logic_enabled":"","_wpcode_location_extra":"","_wpcode_note":"","_wpcode_priority":"","_wpcode_shortcode_attributes":[],"footnotes":""},"class_list":["post-6889","page","type-page","status-publish","hentry","post","without-featured-image"],"acf":{"page_title":"Tecnologia proprietaria per un ROI di marketing di alto livello e pi\u00f9 efficiente ","page_description":"La nostra migliore tecnologia proprietaria promuove l'efficienza operativa, la visibilit\u00e0 delle prestazioni e il ROI per i nostri clienti","social_title":"","social_description":"","social_share_image":null,"modules":[{"acf_fc_layout":"hero","size":"medium2","theme":"dark","choose_images":[{"image":6734},{"image":6496},{"image":6526},{"image":6343}],"show_eyebrow":false,"eyebrow":"","title":"Tecnologia","show_cta":false,"cta_url":"","cta_title":""},{"acf_fc_layout":"intro_content_block","container_background_color":"bg-white","type":false,"show_image":false,"intro_image":null,"show_background":false,"background":null,"show_eyebrow":false,"eyebrow":"","show_designations":false,"designations":null,"show_title":true,"size":"large","title":"Innovazione della piattaforma + attivazione marketing agile","show_intro":false,"intro":"","show_body":false,"body":"","show_labels":false,"labels":{"show_social":false,"custom_categories":null}},{"acf_fc_layout":"text_with_media_carousel","theme":"light","container_background_color":"bg-grey","highlight_color":"purple","title":"Tecnologia proprietaria per guidare\/dare impulso al ROI","content":"La nostra migliore tecnologia genera un impatto sul marketing senza pari. Unisci brand, paesi e aree geografiche per raggiungere rapidamente la scalabilit\u00e0 con insight basati su dati. Tieni traccia della spesa e misura la performance per un miglioramento continuo. Ottimizza la funzionalit\u00e0 in ogni fase del percorso per ridurre gli sprechi, supportare la crescita e consentire la trasformazione.\r\n\r\nCreati per le aziende globali, i nostri strumenti strategici possono integrarsi nei sistemi esistenti per semplificare ogni aspetto del tuo marketing. Ci\u00f2 include moduli per aiutare a pianificare, creare, ed eseguire campagne fornendo altres\u00ec insight sui risultati.","additional_spacing":false,"features_title":"Linee di servizio","features":[{"navigation_label":"E-store","show_title":true,"title":"E-store","show_subtitle":false,"subtitle":"","content":"<ul>\r\n \t<li>Vetrine web personalizzate per tutto il materiale di marketing, fisico o digitale, tramite un sistema di e-commerce basato su carrello acquisti<\/li>\r\n \t<li>Facile da usare, disponibile in 18 lingue e 38 valute, consente agli utenti aziendali di trovare, selezionare, ordinare e tenere traccia di tutto ci\u00f2 di cui abbisognano da un'unica fonte<\/li>\r\n \t<li>I clienti controllano l'accesso utilizzando sistemi aziendali, come Ariba e Coupa, per gestire le identit\u00e0 degli utenti e garantire la corretta presentazione del contenuto<\/li>\r\n<\/ul>","choose_media":[{"image":6819}],"vimeoid":"","ytid":""},{"navigation_label":"Gestione Asset Digitali","show_title":true,"title":"Gestione Asset Digitali","show_subtitle":false,"subtitle":"","content":"<ul>\r\n \t<li>Assumi il controllo dei file e degli asset di produzione delle agenzie e della supply chain con Hub Digital Asset Manager, un repository di file digitali online<\/li>\r\n \t<li>Automatizza i flussi di lavoro fornendo un'interfaccia integrata e sicura per l'acquisizione dei file e un solido processo di rilascio per assicurare che i fornitori di produzione ricevano il file giusto al momento giusto<\/li>\r\n \t<li>Distribuisci, adatta e riutilizza i contenuti su tutti i canali, fisici e digitali, utilizzando metadati intelligenti e ben strutturati<\/li>\r\n<\/ul>","choose_media":[{"image":6735}],"vimeoid":"","ytid":""},{"navigation_label":"Profilazione Negozio ","show_title":true,"title":"Profilazione Negozio ","show_subtitle":false,"subtitle":"","content":"<ul>\r\n \t<li>Elimina i calcoli manuali nella determinazione dei requisiti di produzione per ogni negozio nella rete di un rivenditore.<\/li>\r\n \t<li>Retail Store Profiler mantiene gli attributi del negozio e le informazioni sui punti di visualizzazione, generando automaticamente liste sul reale fabbisogno e kit per ridurre gli sprechi con la garanzia di produrre solo ci\u00f2 che \u00e8 necessario<\/li>\r\n \t<li>Facile da mantenere e aggiornare, Retail Store Profiler consente di distribuire la giusta segnaletica nella posizione ottimale per garantire il giusto impatto<\/li>\r\n<\/ul>","choose_media":[{"image":6511}],"vimeoid":"","ytid":""},{"navigation_label":"Reporting + Analitica","show_title":true,"title":"Reporting + Analitica","show_subtitle":false,"subtitle":"","content":"<ul>\r\n \t<li>Dashboard personalizzate con il brand del cliente per reporting, analisi di trend e gap, sostenibilit\u00e0 e analisi della spesa<\/li>\r\n \t<li>Accedi facilmente ai dati tramite reporting configurato e dashboard che forniscono approfondimenti pertinenti e orientati all'azione per supportare il processo decisionale e gli investimenti<\/li>\r\n \t<li>Richiede poca o nessuna formazione e consente ai nostri clienti di lavorare sulle piattaforme che desiderano utilizzare, riunendo pi\u00f9 fonti dati in un unico luogo<\/li>\r\n \t<li>Consente una revisione immediata delle performance rispetto ai KPI concordati, contribuendo a mantenere l'attenzione sulle cose che contano di pi\u00f9<\/li>\r\n<\/ul>","choose_media":[{"image":6671}],"vimeoid":"","ytid":""},{"navigation_label":"Produzione Self-service + Approvvigionamento ","show_title":true,"title":"Produzione Self-service + Approvvigionamento ","show_subtitle":false,"subtitle":"","content":"<ul>\r\n \t<li>Software per produzioni marketing con visibilit\u00e0 completa e controllo ottimale dei fattori di costo, qualit\u00e0, tempo e sostenibilit\u00e0 durante la produzione e l'esecuzione della campagna<\/li>\r\n \t<li>Basato su API e integration-ready, migliora la collaborazione tramite un flusso di lavoro di marketing centralizzato per team interni e agenzie esterne<\/li>\r\n \t<li>Soluzioni SaaS flessibili e altamente configurabili fin dal brief creativo, attraverso l'approvvigionamento e la produzione, fino alla riconciliazione fatture<\/li>\r\n<\/ul>","choose_media":[{"image":6709}],"vimeoid":"","ytid":""}]},{"acf_fc_layout":"content_block","container_background_color":"bg-grey","show_header":false,"header":"","contents":[{"show_header_icon":false,"header_icon":null,"show_header":true,"header":"1,3M","header_color":"secondary-blue","show_subheader":true,"subheader":"Operazioni processate","description":"Attraverso la nostra tecnologia abbiamo processato 1,3 milioni di operazioni negli ultimi dodici mesi, inclusi 692.000 prodotti"},{"show_header_icon":false,"header_icon":null,"show_header":true,"header":"625.000","header_color":"purple","show_subheader":true,"subheader":"Operazioni E-store","description":"Negli ultimi dodici mesi sono state elaborate oltre 625.000 transazioni con l\u2019e-store"},{"show_header_icon":false,"header_icon":null,"show_header":true,"header":"89.485","header_color":"light-purple","show_subheader":true,"subheader":"Utenti attivi","description":"A far data dal mese di maggio 2022, abbiamo quasi 100.000 utenti attivi che utilizzano la nostra tecnologia"},{"show_header_icon":false,"header_icon":null,"show_header":true,"header":"526.000","header_color":"light-purple","show_subheader":true,"subheader":"Progetti gestiti","description":"Negli ultimi dodici mesi abbiamo gestito con successo oltre 500.000 progetti"},{"show_header_icon":false,"header_icon":null,"show_header":true,"header":"1,2M","header_color":"purple","show_subheader":true,"subheader":"Stime competitive","description":"Abbiamo ricevuto 1,2 milioni di preventivi dai fornitori negli ultimi dodici mesi"}]},{"acf_fc_layout":"cards","container_background_color":"bg-pure-black","show_heading":true,"heading":"Scopri di pi\u00f9","content":"","cards":{"layout":"case-studies-layout","sub_layout":"simple","cards_display_mode":"bg-white","solution_term":null,"industry_term":null,"author_term":null,"region_term":null,"choose_cards":null,"choose_case_studies":[6915,6925,6913],"choose_featured_case_studies":null,"choose_staff_members":null,"choose_careers":null,"choose_info_callouts":null,"show_titles":true,"show_description":true,"show_date":false,"show_sector":false}},{"acf_fc_layout":"contact_form","title":"Contattaci"}]},"yoast_head":"<!-- This site is optimized with the Yoast SEO plugin v27.3 - https:\/\/yoast.com\/product\/yoast-seo-wordpress\/ -->\n<title>Tecnologia - HH Global<\/title>\n<meta name=\"robots\" content=\"index, follow, max-snippet:-1, max-image-preview:large, max-video-preview:-1\" \/>\n<link rel=\"canonical\" href=\"https:\/\/www.hhglobal.com\/it\/what-we-do\/technology\/\" \/>\n<meta property=\"og:locale\" content=\"it_IT\" \/>\n<meta property=\"og:type\" content=\"article\" \/>\n<meta property=\"og:title\" content=\"Tecnologia - HH Global\" \/>\n<meta property=\"og:url\" content=\"https:\/\/www.hhglobal.com\/it\/what-we-do\/technology\/\" \/>\n<meta property=\"og:site_name\" content=\"HH Global\" \/>\n<meta property=\"article:modified_time\" content=\"2023-11-24T13:59:50+00:00\" \/>\n<meta name=\"twitter:card\" content=\"summary_large_image\" \/>\n<script type=\"application\/ld+json\" class=\"yoast-schema-graph\">{\"@context\":\"https:\\\/\\\/schema.org\",\"@graph\":[{\"@type\":\"WebPage\",\"@id\":\"https:\\\/\\\/www.hhglobal.com\\\/it\\\/what-we-do\\\/technology\\\/\",\"url\":\"https:\\\/\\\/www.hhglobal.com\\\/it\\\/what-we-do\\\/technology\\\/\",\"name\":\"Tecnologia - HH Global\",\"isPartOf\":{\"@id\":\"https:\\\/\\\/www.hhglobal.com\\\/it\\\/#website\"},\"datePublished\":\"2022-05-19T12:46:27+00:00\",\"dateModified\":\"2023-11-24T13:59:50+00:00\",\"breadcrumb\":{\"@id\":\"https:\\\/\\\/www.hhglobal.com\\\/it\\\/what-we-do\\\/technology\\\/#breadcrumb\"},\"inLanguage\":\"it-IT\",\"potentialAction\":[{\"@type\":\"ReadAction\",\"target\":[\"https:\\\/\\\/www.hhglobal.com\\\/it\\\/what-we-do\\\/technology\\\/\"]}]},{\"@type\":\"BreadcrumbList\",\"@id\":\"https:\\\/\\\/www.hhglobal.com\\\/it\\\/what-we-do\\\/technology\\\/#breadcrumb\",\"itemListElement\":[{\"@type\":\"ListItem\",\"position\":1,\"name\":\"Home\",\"item\":\"https:\\\/\\\/www.hhglobal.com\\\/it\\\/\"},{\"@type\":\"ListItem\",\"position\":2,\"name\":\"Tecnologia\"}]},{\"@type\":\"WebSite\",\"@id\":\"https:\\\/\\\/www.hhglobal.com\\\/it\\\/#website\",\"url\":\"https:\\\/\\\/www.hhglobal.com\\\/it\\\/\",\"name\":\"HH Global\",\"description\":\"The global, tech-enabled creative production and procurement partner.\",\"publisher\":{\"@id\":\"https:\\\/\\\/www.hhglobal.com\\\/it\\\/#organization\"},\"potentialAction\":[{\"@type\":\"SearchAction\",\"target\":{\"@type\":\"EntryPoint\",\"urlTemplate\":\"https:\\\/\\\/www.hhglobal.com\\\/it\\\/?s={search_term_string}\"},\"query-input\":{\"@type\":\"PropertyValueSpecification\",\"valueRequired\":true,\"valueName\":\"search_term_string\"}}],\"inLanguage\":\"it-IT\"},{\"@type\":\"Organization\",\"@id\":\"https:\\\/\\\/www.hhglobal.com\\\/it\\\/#organization\",\"name\":\"HH Global\",\"url\":\"https:\\\/\\\/www.hhglobal.com\\\/it\\\/\",\"logo\":{\"@type\":\"ImageObject\",\"inLanguage\":\"it-IT\",\"@id\":\"https:\\\/\\\/www.hhglobal.com\\\/it\\\/#\\\/schema\\\/logo\\\/image\\\/\",\"url\":\"https:\\\/\\\/www.hhglobal.com\\\/wp-content\\\/uploads\\\/2023\\\/12\\\/logo-white.svg\",\"contentUrl\":\"https:\\\/\\\/www.hhglobal.com\\\/wp-content\\\/uploads\\\/2023\\\/12\\\/logo-white.svg\",\"width\":77,\"height\":18,\"caption\":\"HH Global\"},\"image\":{\"@id\":\"https:\\\/\\\/www.hhglobal.com\\\/it\\\/#\\\/schema\\\/logo\\\/image\\\/\"}}]}<\/script>\n<!-- \/ Yoast SEO plugin. -->","yoast_head_json":{"title":"Tecnologia - HH Global","robots":{"index":"index","follow":"follow","max-snippet":"max-snippet:-1","max-image-preview":"max-image-preview:large","max-video-preview":"max-video-preview:-1"},"canonical":"https:\/\/www.hhglobal.com\/it\/what-we-do\/technology\/","og_locale":"it_IT","og_type":"article","og_title":"Tecnologia - HH Global","og_url":"https:\/\/www.hhglobal.com\/it\/what-we-do\/technology\/","og_site_name":"HH Global","article_modified_time":"2023-11-24T13:59:50+00:00","twitter_card":"summary_large_image","schema":{"@context":"https:\/\/schema.org","@graph":[{"@type":"WebPage","@id":"https:\/\/www.hhglobal.com\/it\/what-we-do\/technology\/","url":"https:\/\/www.hhglobal.com\/it\/what-we-do\/technology\/","name":"Tecnologia - HH Global","isPartOf":{"@id":"https:\/\/www.hhglobal.com\/it\/#website"},"datePublished":"2022-05-19T12:46:27+00:00","dateModified":"2023-11-24T13:59:50+00:00","breadcrumb":{"@id":"https:\/\/www.hhglobal.com\/it\/what-we-do\/technology\/#breadcrumb"},"inLanguage":"it-IT","potentialAction":[{"@type":"ReadAction","target":["https:\/\/www.hhglobal.com\/it\/what-we-do\/technology\/"]}]},{"@type":"BreadcrumbList","@id":"https:\/\/www.hhglobal.com\/it\/what-we-do\/technology\/#breadcrumb","itemListElement":[{"@type":"ListItem","position":1,"name":"Home","item":"https:\/\/www.hhglobal.com\/it\/"},{"@type":"ListItem","position":2,"name":"Tecnologia"}]},{"@type":"WebSite","@id":"https:\/\/www.hhglobal.com\/it\/#website","url":"https:\/\/www.hhglobal.com\/it\/","name":"HH Global","description":"The global, tech-enabled creative production and procurement partner.","publisher":{"@id":"https:\/\/www.hhglobal.com\/it\/#organization"},"potentialAction":[{"@type":"SearchAction","target":{"@type":"EntryPoint","urlTemplate":"https:\/\/www.hhglobal.com\/it\/?s={search_term_string}"},"query-input":{"@type":"PropertyValueSpecification","valueRequired":true,"valueName":"search_term_string"}}],"inLanguage":"it-IT"},{"@type":"Organization","@id":"https:\/\/www.hhglobal.com\/it\/#organization","name":"HH Global","url":"https:\/\/www.hhglobal.com\/it\/","logo":{"@type":"ImageObject","inLanguage":"it-IT","@id":"https:\/\/www.hhglobal.com\/it\/#\/schema\/logo\/image\/","url":"https:\/\/www.hhglobal.com\/wp-content\/uploads\/2023\/12\/logo-white.svg","contentUrl":"https:\/\/www.hhglobal.com\/wp-content\/uploads\/2023\/12\/logo-white.svg","width":77,"height":18,"caption":"HH Global"},"image":{"@id":"https:\/\/www.hhglobal.com\/it\/#\/schema\/logo\/image\/"}}]}},"_links":{"self":[{"href":"https:\/\/www.hhglobal.com\/it\/wp-json\/wp\/v2\/pages\/6889","targetHints":{"allow":["GET"]}}],"collection":[{"href":"https:\/\/www.hhglobal.com\/it\/wp-json\/wp\/v2\/pages"}],"about":[{"href":"https:\/\/www.hhglobal.com\/it\/wp-json\/wp\/v2\/types\/page"}],"author":[{"embeddable":true,"href":"https:\/\/www.hhglobal.com\/it\/wp-json\/wp\/v2\/users\/41"}],"replies":[{"embeddable":true,"href":"https:\/\/www.hhglobal.com\/it\/wp-json\/wp\/v2\/comments?post=6889"}],"version-history":[{"count":0,"href":"https:\/\/www.hhglobal.com\/it\/wp-json\/wp\/v2\/pages\/6889\/revisions"}],"wp:attachment":[{"href":"https:\/\/www.hhglobal.com\/it\/wp-json\/wp\/v2\/media?parent=6889"}],"curies":[{"name":"wp","href":"https:\/\/api.w.org\/{rel}","templated":true}]}}