{"id":6881,"date":"2022-05-19T12:39:43","date_gmt":"2022-05-19T12:39:43","guid":{"rendered":"https:\/\/decoupled-hhg.local\/sustainability\/"},"modified":"2023-04-28T17:09:31","modified_gmt":"2023-04-28T17:09:31","slug":"sustainability","status":"publish","type":"page","link":"https:\/\/www.hhglobal.com\/it\/sustainability\/","title":{"rendered":"Sostenibilit\u00e0"},"content":{"rendered":"","protected":false},"excerpt":{"rendered":"","protected":false},"author":41,"featured_media":0,"parent":0,"menu_order":0,"comment_status":"closed","ping_status":"closed","template":"","meta":{"_acf_changed":"","_yoast_wpseo_focuskw":"","_yoast_wpseo_metadesc":"","_yoast_wpseo_linkdex":"","_yoast_wpseo_content_score":"","_yoast_wpseo_meta-robots-noindex":"","_yoast_wpseo_meta-robots-nofollow":"","inline_featured_image":[],"_genesis_block_theme_hide_title":false,"_cms_nav_minihome":"","_icl_lang_duplicate_of":"","_menu_item_classes":[],"_menu_item_menu_item_parent":"","_menu_item_object":"","_menu_item_object_id":"","_menu_item_orphaned":"","_menu_item_target":"","_menu_item_type":"","_menu_item_url":"","_menu_item_xfn":"","_seedprod_page":"","_seedprod_page_template_type":"","_seedprod_page_uuid":"","_top_nav_excluded":"","_wp_attachment_backup_sizes":[],"_wp_attachment_context":"","_wp_attachment_image_alt":"","_wp_old_date":"","_wpcode_auto_insert":"","_wpcode_auto_insert_number":"","_wpcode_library_id":"","_wpml_media_duplicate":"1","_wpml_media_featured":"1","_wpml_post_translation_editor_native":"","_wpml_word_count":"{\"total\":604,\"to_translate\":{\"zh-hans\":604,\"cs\":604,\"de\":604,\"ja\":604,\"pt-br\":604,\"es\":604}}","_yoast_wpseo_estimated-reading-time-minutes":[],"_yoast_wpseo_primary_category":"","_yoast_wpseo_primary_industry":"","_yoast_wpseo_primary_solution":"","_yoast_wpseo_primary_the_author":"","_yoast_wpseo_wordproof_timestamp":"","acfml_non_translatable_locations":[],"career_externalLink":"","career_featuredImage":"","career_title":"","casestudy_featuredImage":"","casestudy_title":"","infocallout_excerpt":"","infocallout_featuredImage":"","infocallout_title":"","jobTitle":"","language":"","name":"","profilePicture":"","wp-smpro-smush-data":[],"wp-smush-animated":"","wp-smush-ignore-bulk":"","wp-smush-lossy":"","wpml_media_processed":"","_wpcode_conditional_logic_enabled":"","_wpcode_location_extra":"","_wpcode_note":"","_wpcode_priority":"","_wpcode_shortcode_attributes":[],"footnotes":""},"class_list":["post-6881","page","type-page","status-publish","hentry","post","without-featured-image"],"acf":{"page_title":"Leader nella produzione + approvvigionamento creativi sostenibili | HH Global","page_description":"Collabora con HH Global per le soluzioni di produzione e approvvigionamento creativi sostenibili che consentono il progresso sociale e guidano la crescita aziendale in modo sostenibile","social_title":"","social_description":"","social_share_image":null,"modules":[{"acf_fc_layout":"hero","size":"medium2","theme":"dark","choose_images":[{"image":6748}],"show_eyebrow":false,"eyebrow":"","title":"Sostenibilit\u00e0","show_cta":false,"cta_url":"","cta_title":""},{"acf_fc_layout":"intro_content_block","container_background_color":"bg-white","type":false,"show_image":false,"intro_image":null,"show_background":false,"background":null,"show_eyebrow":false,"eyebrow":"","show_designations":false,"designations":null,"show_title":true,"size":"large","title":"Leader nel marketing sostenibile","show_intro":true,"intro":"<p class=\"Body\">In qualit\u00e0 di leader nella responsabilit\u00e0 dell'impatto ambientale e sociale, HH Global personalizza soluzioni integrate nelle operazioni quotidiane per supportare i tuoi obiettivi di sostenibilit\u00e0. Lavorando con i brand pi\u00f9 grandi e visibili del mondo, forniamo informazioni approfondite per aiutarli a prendere decisioni consapevoli sulla sostenibilit\u00e0. E il nostro framework di certificazione dei fornitori, leader del settore, fornisce un ampio e crescente pool di fornitori in linea con la nostra visione in tutto il mondo.<\/p>","show_body":false,"body":"At HH Global we have built our business practices around our sustainability goals\u2014and have enabled our clients and supplier partners to do the same. Our sustainability strategy centers on the United Nations Sustainability Development Goals (SDGs) . <link to sustainability report> as well as our Innovation with Purpose sustainability program, guiding everything we do as a company and the way we plan for the future. ","show_labels":false,"labels":{"show_social":false,"custom_categories":null}},{"acf_fc_layout":"text_with_media","scroll_to_link":"","theme":"light","container_background_color":"bg-white","show_eyebrow":false,"eyebrow":"","show_title":false,"title":"","show_sub_title":true,"sub_title":"Crescita sostenibile: per i nostri partner, le nostre persone e il pianeta","content":"Le nostre strategie di sostenibilit\u00e0 sono incentrate sugli <a href=\"https:\/\/sdgs.un.org\/goals\" target=\"_blank\" rel=\"noopener\">obiettivi di sviluppo sostenibile delle Nazioni Unite<\/a> e sul nostro programma di sostenibilit\u00e0 Innovation with Purpose. La sostenibilit\u00e0 guida tutto ci\u00f2 che facciamo come azienda e come pianifichiamo per il futuro. Sfruttando i nostri ampi vantaggi della catena di approvvigionamento e le efficienze operative, guidiamo il successo aziendale dei nostri clienti riducendo al minimo gli sprechi per benefici a lungo termine. <a href=\"https:\/\/ebooks.www.hhglobal.com\/view\/1025254788\/\" target=\"_blank\" rel=\"noopener\">Rapporto sulla sostenibilit\u00e0<\/a>.","cta_url":"","cta_text":"","open_in_new_window":false,"choose_media":[{"image":6747}],"image_alignment":"left","image_fit":"cover","image_size":"half-width","vimeoid":"","ytid":""},{"acf_fc_layout":"text_with_media_carousel","theme":"light","container_background_color":"bg-grey","highlight_color":"purple","title":"Massimizzare la sostenibilit\u00e0 con una tecnologia avanzata ","content":"Sappiamo per esperienza che i cambiamenti guidati dai dati e dagli insight portano ai migliori risultati di sostenibilit\u00e0 possibili. La nostra suite proprietaria di tecnologia e prodotti e servizi arricchita da dati supporta i nostri clienti, la nostra organizzazione e i nostri partner fornitori strategici nel raggiungimento degli obiettivi di sostenibilit\u00e0.","additional_spacing":false,"features_title":"","features":[{"navigation_label":"Hub","show_title":true,"title":"Hub","show_subtitle":false,"subtitle":"","content":"La nostra piattaforma Hub genera dati sull'impatto di CO2 gi\u00e0 in fase di pianificazione, consentendo ai nostri clienti di prendere decisioni consapevoli sulle tattiche di campagna e sulla scelta del canale. HH Global \u00e8 il primo partner di produzione e approvvigionamento creativo al mondo a farlo su tale scala, incorporando il nostro motore di calcolo ambientale come parte del nostro modello operativo standard.A completare questa visione della CO2 c'\u00e8 un set di dati basato sull'intelligenza artificiale. Man mano che vengono elaborati pi\u00f9 dati, la nostra tecnologia fornisce continuamente ai nostri clienti un risultato pi\u00f9 raffinato, consentendo la modellazione predittiva dell'impatto di CO2 per supportare e fornire ai clienti informazioni e vantaggi a lungo termine.","choose_media":[{"image":6795}],"vimeoid":"","ytid":""},{"navigation_label":"AI-powered dataset","show_title":true,"title":"AI-powered dataset","show_subtitle":false,"subtitle":"","content":"A completare questa visione della CO2 c'\u00e8 un set di dati basato sull'intelligenza artificiale. Man mano che vengono elaborati pi\u00f9 dati, la nostra tecnologia fornisce continuamente ai nostri clienti un risultato pi\u00f9 raffinato, consentendo la modellazione predittiva dell'impatto di CO2 per supportare e fornire ai clienti informazioni e vantaggi a lungo termine.","choose_media":[{"image":6785}],"vimeoid":"","ytid":""},{"navigation_label":"Framework di Approvvigionamento Sostenibile","show_title":true,"title":"Framework di Approvvigionamento Sostenibile","show_subtitle":false,"subtitle":"","content":"Il nostro Framework di Approvvigionamento Sostenibile \u00e8 un'altra novit\u00e0 di mercato, che utilizza tecnologia e dati per scalare le best practice lungo la nostra catena di fornitura globale. La combinazione dei dati dei fornitori di HH Global unita alla ricerca e le intuizioni dei nostri partner, ha creato un framework di approvvigionamento sostenibile unico nel suo genere. L'SPF aiuta i nostri partner della catena di approvvigionamento a valutare la loro attuale maturit\u00e0 in termini di sostenibilit\u00e0. SPF li aiuta anche a progredire attraverso risorse educative, la condivisione delle best practice e la conoscenza delle esperienze di HH Global.\r\n\r\nIl riconoscimento del successo dei partner della supply chain \u00e8 una parte fondamentale dell'SPF, oltre a favorire il miglioramento continuo e ridurre i profili di rischio. Con l'idea che \"una marea crescente sospinge tutte le navi\", l'SPF \u00e8 chiaramente focalizzato su risultati misurabili e progressi verso gli SDG delle Nazioni Unite.","choose_media":[{"image":6758}],"vimeoid":"","ytid":""}]},{"acf_fc_layout":"text_with_media_carousel","theme":"light","container_background_color":"bg-grey","highlight_color":"purple","title":"Servizi di consulenza per la sostenibilit\u00e0","content":"HH Global fornisce servizi completi di consulenza sulla sostenibilit\u00e0, attraverso l\u2019applicazione della nostra esperienza per creare o potenziare le iniziative ESG dei clienti. Questi servizi includono mappatura della sostenibilit\u00e0, analisi di sostenibilit\u00e0, audit sulla gestione dei rifiuti e strategia di sostenibilit\u00e0.","additional_spacing":false,"features_title":"","features":[{"navigation_label":"Analisi di sostenibilit\u00e0","show_title":true,"title":"Analisi di sostenibilit\u00e0","show_subtitle":false,"subtitle":"","content":"Il nostro primo servizio di analisi di sostenibilit\u00e0 di mercato utilizza la tecnologia e le analisi dei dati, oltre a un'offerta di servizi assistiti, per aiutare i clienti a valutare la situazione del benchmark e a confrontare l'azienda con la concorrenza in termini di mercato verticale o geografico.\r\n<ul>\r\n \t<li>Fornisce due metriche chiave per il benchmarking<\/li>\r\n \t<li>Metrica CO2 per $1 milione di spesa<\/li>\r\n \t<li>Punteggio sull\u2019allineamento all\u2019\u201dacquisto con principio.\u201d<\/li>\r\n<\/ul>","choose_media":null,"vimeoid":"","ytid":""},{"navigation_label":"Servizi di strategia di sostenibilit\u00e0","show_title":true,"title":"Servizi di strategia di sostenibilit\u00e0","show_subtitle":false,"subtitle":"","content":"In qualit\u00e0 di partner chiave, possiamo aiutarti ad affrontare le tue sfide di sostenibilit\u00e0 con il nostro processo mirato, interattivo e sviluppato su tre fasi. Il nostro approccio graduale aiuta a creare obiettivi a breve termine insieme a obiettivi di sostenibilit\u00e0 a lungo termine.\r\n<ul>\r\n \t<li>Un workshop per identificare come tu possa contribuire agli Obiettivi di Sviluppo Sostenibile delle Nazioni Unite<\/li>\r\n \t<li>Creazione di report<\/li>\r\n \t<li>Una roadmap ESG e di sostenibilit\u00e0 con supporto continuativo<\/li>\r\n<\/ul>","choose_media":null,"vimeoid":"","ytid":""},{"navigation_label":"Mappatura strategica di sostenibilit\u00e0","show_title":true,"title":"Mappatura strategica di sostenibilit\u00e0","show_subtitle":false,"subtitle":"","content":"<ul>\r\n \t<li>Calcolo della CO2 e pianificazione della riduzione<\/li>\r\n \t<li>Crea una roadmap di sostenibilit\u00e0 a lungo termine per concentrarsi sulle aree a maggior impatto ambientale come la CO2, in linea con gli impegni di sostenibilit\u00e0 aziendale del cliente<\/li>\r\n \t<li>Stabilisce un valore di partenza per le emissioni di carbonio<\/li>\r\n \t<li>Definisce + allinea gli obiettivi per la riduzione pianificata<\/li>\r\n \t<li>Stabilisce una strategia per riduzioni misurabili di CO2 basate sui nostri valori fondamentali di sostenibilit\u00e0<\/li>\r\n \t<li>Impatto Ambientale + Misurazione del Risparmio<\/li>\r\n \t<li>Valutazione del ciclo di vita: prodotti, imballaggi e servizi<\/li>\r\n \t<li>Mitigazione del carbonio<\/li>\r\n<\/ul>","choose_media":null,"vimeoid":"","ytid":""},{"navigation_label":"Gestione operativa dei rifiuti","show_title":true,"title":"Gestione operativa dei rifiuti","show_subtitle":false,"subtitle":"","content":"Riconoscendo la crescente ambizione dei nostri clienti di raggiungere zero rifiuti ed eliminare la plastica monouso nelle loro operazioni, HH Global pu\u00f2 aiutare a trasformare le economie usa e getta in economie circolari. Eseguiamo audit locali sui rifiuti, analisi dei dati raccolti e presentiamo raccomandazioni significative per ridurre i rifiuti operativi.\r\n<ul>\r\n \t<li>Controlli sui rifiuti: uffici, magazzini e punti vendita<\/li>\r\n \t<li>Creazione di report finali dei risultati della ricerca da audit sui rifiuti online e in loco supportati da raccomandazioni, obiettivi e traguardi<\/li>\r\n \t<li>Pubblicazione dei risultati con i report di sostenibilit\u00e0 dei clienti<\/li>\r\n \t<li>Riduzione dell'uso delle discariche, aumento del riciclaggio e opportunit\u00e0 a circuito chiuso<\/li>\r\n \t<li>Riduzione dei costi di smaltimento e supporto alla creazione di nuovi flussi di entrate derivanti dai rifiuti<\/li>\r\n \t<li>Aumentare la raccolta differenziata e le opportunit\u00e0 di riciclaggio a circuito chiuso<\/li>\r\n<\/ul>","choose_media":null,"vimeoid":"","ytid":""}]},{"acf_fc_layout":"simple_content_block","scroll_to_link":"","container_background_color":"bg-white","columns":"2","title_one":"Obiettivo: SDG 8","content_one":"<img class=\"alignnone size-medium wp-image-1071 aligncenter\" src=\"https:\/\/decoupledhhg.wpengine.com\/wp-content\/uploads\/2022\/05\/E-WEB-Goal-08-1024x1024-1-300x154.png\" alt=\"\" width=\"300\" height=\"154\" \/>\r\n\r\n<strong>Lavoro dignitoso e crescita economica<\/strong>\r\n\r\nCi impegniamo a rendere HH Global un ambiente di lavoro ideale per i nostri colleghi e a garantire che i nostri partner fornitori strategici offrano condizioni di lavoro dignitose, salari equi, equit\u00e0 sul posto di lavoro e diritti dei lavoratori sul posto di lavoro. Entro il 2025, ci assicureremo:\r\n<ul>\r\n \t<li>Che i dipendenti della nostra azienda godano di un salario sufficiente per vivere<\/li>\r\n \t<li>Di avere conferma dell\u2019adozione di una politica di Living Wage dal 100% dei nostri fornitori di Tier 1*<\/li>\r\n \t<li>Che il 100% dei nostri fornitori di Tier 1* sia in linea con i nostri standard ambientali e sociali definiti<\/li>\r\n \t<li>Che tutti i nostri fornitori di Tier 1* abbiano ricevuto informazioni ed indicazioni sugli obiettivi di sviluppo sostenibile, con il 30% dimostrante il proprio sostegno<\/li>\r\n \t<li>*Che i fornitori rappresentino il 95% della spesa di HH Global<\/li>\r\n<\/ul>","title_two":"Obiettivo: SDG 10","content_two":"<img class=\"alignnone size-medium wp-image-1072 aligncenter\" src=\"https:\/\/decoupledhhg.wpengine.com\/wp-content\/uploads\/2022\/05\/E-WEB-Goal-10-1024x1024-1-300x154.png\" alt=\"\" width=\"300\" height=\"154\" \/>\r\n\r\n<strong>Riduzione delle ineguaglianze <\/strong>\r\n\r\nSiamo un'organizzazione in crescita, diversificata e inclusiva che riflette le comunit\u00e0 in cui operiamo. Rispettiamo i diritti e le opportunit\u00e0 di ogni persona, indipendentemente dal genere, dall'etnia, dalle convinzioni religiose, dall'orientamento sessuale o dal contesto socioeconomico. Entro il 2025 promettiamo di:\r\n<ul>\r\n \t<li>Avere una rappresentanza diversificata del 30% a livello di leadership* in HH Global<\/li>\r\n \t<li>Destinare il 15% della nostra spesa annuale a fornitori di diversificate e piccole imprese<\/li>\r\n \t<li>Garantire che tutti i nostri programmi di sviluppo e formazione del personale includano i principi DE&amp;I e siano completati dal 100% dei dipendenti<\/li>\r\n<\/ul>\r\n*Direzione Generale del Gruppo e Leadership Team regionale"},{"acf_fc_layout":"simple_content_block","scroll_to_link":"","container_background_color":"bg-white","columns":"2","title_one":"Obiettivo: SDG 12","content_one":"<img class=\"alignnone size-medium wp-image-1073 aligncenter\" src=\"https:\/\/decoupledhhg.wpengine.com\/wp-content\/uploads\/2022\/05\/E-WEB-Goal-12-1024x1024-1-300x154.png\" alt=\"\" width=\"300\" height=\"154\" \/>\r\n\r\n<strong>Consumo e produzione responsabili<\/strong>\r\n\r\nGarantiremo che i prodotti vengano acquistati e prodotti in modo responsabile, esibendo altres\u00ec ai nostri clienti le alternative pi\u00f9 sostenibili. Entro il 2025 ci assicureremo di:\r\n<ul>\r\n \t<li>Aumentare del 20% l'uso di contenuto riciclato nella produzione educando i nostri clienti sulla disponibilit\u00e0 di soluzioni alternative alla plastica, come i materiali a base di fibre cellulosiche<\/li>\r\n \t<li>Fornire a tutti i clienti calcoli di impatto ambientale in fase di preventivo<\/li>\r\n \t<li>Eliminare la plastica monouso nei nostri uffici<\/li>\r\n<\/ul>","title_two":"Obiettivo: SDG 13","content_two":"<img class=\"alignnone size-medium wp-image-1074 aligncenter\" src=\"https:\/\/decoupledhhg.wpengine.com\/wp-content\/uploads\/2022\/05\/E-WEB-Goal-13-1024x1024-1-300x154.png\" alt=\"\" width=\"300\" height=\"154\" \/>\r\n\r\n<strong>Azione climatica<\/strong>\r\n\r\n<span data-ccp-props=\"{&quot;134233117&quot;:true,&quot;134233118&quot;:true,&quot;201341983&quot;:0,&quot;335559739&quot;:160,&quot;335559740&quot;:240}\">Contribuiremo a mantenere il riscaldamento globale al di sotto di 1,5\u00b0C riducendo la nostra impronta di carbonio e muoverci verso l\u2019obiettivo net zero. Per HH Global vengono proposti i seguenti traguardi chiave per raggiungere l'obiettivo net zero:\u202f <\/span>\r\n<ul>\r\n \t<li data-leveltext=\"\uf0b7\" data-font=\"Symbol\" data-listid=\"2\" data-list-defn-props=\"{&quot;335552541&quot;:1,&quot;335559684&quot;:-2,&quot;335559685&quot;:720,&quot;335559991&quot;:360,&quot;469769226&quot;:&quot;Symbol&quot;,&quot;469769242&quot;:[8226],&quot;469777803&quot;:&quot;left&quot;,&quot;469777804&quot;:&quot;\uf0b7&quot;,&quot;469777815&quot;:&quot;multilevel&quot;}\" aria-setsize=\"-1\" data-aria-posinset=\"1\" data-aria-level=\"1\">100% di energia rinnovabile nelle nostre operazioni entro il 2025<\/li>\r\n \t<li data-leveltext=\"\uf0b7\" data-font=\"Symbol\" data-listid=\"2\" data-list-defn-props=\"{&quot;335552541&quot;:1,&quot;335559684&quot;:-2,&quot;335559685&quot;:720,&quot;335559991&quot;:360,&quot;469769226&quot;:&quot;Symbol&quot;,&quot;469769242&quot;:[8226],&quot;469777803&quot;:&quot;left&quot;,&quot;469777804&quot;:&quot;\uf0b7&quot;,&quot;469777815&quot;:&quot;multilevel&quot;}\" aria-setsize=\"-1\" data-aria-posinset=\"1\" data-aria-level=\"1\">Riduzione delle emissioni del 50% entro il 2030*<\/li>\r\n \t<li data-leveltext=\"\uf0b7\" data-font=\"Symbol\" data-listid=\"2\" data-list-defn-props=\"{&quot;335552541&quot;:1,&quot;335559684&quot;:-2,&quot;335559685&quot;:720,&quot;335559991&quot;:360,&quot;469769226&quot;:&quot;Symbol&quot;,&quot;469769242&quot;:[8226],&quot;469777803&quot;:&quot;left&quot;,&quot;469777804&quot;:&quot;\uf0b7&quot;,&quot;469777815&quot;:&quot;multilevel&quot;}\" aria-setsize=\"-1\" data-aria-posinset=\"1\" data-aria-level=\"1\">Riduzione delle emissioni del 90% entro il 2040*<\/li>\r\n \t<li data-leveltext=\"\uf0b7\" data-font=\"Symbol\" data-listid=\"2\" data-list-defn-props=\"{&quot;335552541&quot;:1,&quot;335559684&quot;:-2,&quot;335559685&quot;:720,&quot;335559991&quot;:360,&quot;469769226&quot;:&quot;Symbol&quot;,&quot;469769242&quot;:[8226],&quot;469777803&quot;:&quot;left&quot;,&quot;469777804&quot;:&quot;\uf0b7&quot;,&quot;469777815&quot;:&quot;multilevel&quot;}\" aria-setsize=\"-1\" data-aria-posinset=\"1\" data-aria-level=\"1\">Investimenti continui in soluzioni basate sulla natura<\/li>\r\n \t<li data-leveltext=\"\uf0b7\" data-font=\"Symbol\" data-listid=\"2\" data-list-defn-props=\"{&quot;335552541&quot;:1,&quot;335559684&quot;:-2,&quot;335559685&quot;:720,&quot;335559991&quot;:360,&quot;469769226&quot;:&quot;Symbol&quot;,&quot;469769242&quot;:[8226],&quot;469777803&quot;:&quot;left&quot;,&quot;469777804&quot;:&quot;\uf0b7&quot;,&quot;469777815&quot;:&quot;multilevel&quot;}\" aria-setsize=\"-1\" data-aria-posinset=\"1\" data-aria-level=\"1\">Neutralizzazione delle emissioni del 10% entro il 2040<\/li>\r\n<\/ul>\r\n<em>* Rispetto al riferimento su base Anno fiscale 2022\u202f <\/em>"},{"acf_fc_layout":"clients_awards","title":"","logos":null},{"acf_fc_layout":"contact_form","title":"Get in touch"}]},"yoast_head":"<!-- This site is optimized with the Yoast SEO plugin v27.4 - https:\/\/yoast.com\/product\/yoast-seo-wordpress\/ -->\n<title>Sostenibilit\u00e0 - HH Global<\/title>\n<meta name=\"robots\" content=\"index, follow, max-snippet:-1, max-image-preview:large, max-video-preview:-1\" \/>\n<link rel=\"canonical\" href=\"https:\/\/www.hhglobal.com\/it\/sustainability\/\" \/>\n<meta property=\"og:locale\" content=\"it_IT\" \/>\n<meta property=\"og:type\" content=\"article\" \/>\n<meta property=\"og:title\" content=\"Sostenibilit\u00e0 - HH Global\" \/>\n<meta property=\"og:url\" content=\"https:\/\/www.hhglobal.com\/it\/sustainability\/\" \/>\n<meta property=\"og:site_name\" content=\"HH Global\" \/>\n<meta property=\"article:modified_time\" content=\"2023-04-28T17:09:31+00:00\" \/>\n<meta name=\"twitter:card\" content=\"summary_large_image\" \/>\n<script type=\"application\/ld+json\" class=\"yoast-schema-graph\">{\"@context\":\"https:\\\/\\\/schema.org\",\"@graph\":[{\"@type\":\"WebPage\",\"@id\":\"https:\\\/\\\/www.hhglobal.com\\\/it\\\/sustainability\\\/\",\"url\":\"https:\\\/\\\/www.hhglobal.com\\\/it\\\/sustainability\\\/\",\"name\":\"Sostenibilit\u00e0 - HH Global\",\"isPartOf\":{\"@id\":\"https:\\\/\\\/www.hhglobal.com\\\/it\\\/#website\"},\"datePublished\":\"2022-05-19T12:39:43+00:00\",\"dateModified\":\"2023-04-28T17:09:31+00:00\",\"breadcrumb\":{\"@id\":\"https:\\\/\\\/www.hhglobal.com\\\/it\\\/sustainability\\\/#breadcrumb\"},\"inLanguage\":\"it-IT\",\"potentialAction\":[{\"@type\":\"ReadAction\",\"target\":[\"https:\\\/\\\/www.hhglobal.com\\\/it\\\/sustainability\\\/\"]}]},{\"@type\":\"BreadcrumbList\",\"@id\":\"https:\\\/\\\/www.hhglobal.com\\\/it\\\/sustainability\\\/#breadcrumb\",\"itemListElement\":[{\"@type\":\"ListItem\",\"position\":1,\"name\":\"Home\",\"item\":\"https:\\\/\\\/www.hhglobal.com\\\/it\\\/\"},{\"@type\":\"ListItem\",\"position\":2,\"name\":\"Sostenibilit\u00e0\"}]},{\"@type\":\"WebSite\",\"@id\":\"https:\\\/\\\/www.hhglobal.com\\\/it\\\/#website\",\"url\":\"https:\\\/\\\/www.hhglobal.com\\\/it\\\/\",\"name\":\"HH Global\",\"description\":\"The global, tech-enabled creative production and procurement partner.\",\"publisher\":{\"@id\":\"https:\\\/\\\/www.hhglobal.com\\\/it\\\/#organization\"},\"potentialAction\":[{\"@type\":\"SearchAction\",\"target\":{\"@type\":\"EntryPoint\",\"urlTemplate\":\"https:\\\/\\\/www.hhglobal.com\\\/it\\\/?s={search_term_string}\"},\"query-input\":{\"@type\":\"PropertyValueSpecification\",\"valueRequired\":true,\"valueName\":\"search_term_string\"}}],\"inLanguage\":\"it-IT\"},{\"@type\":\"Organization\",\"@id\":\"https:\\\/\\\/www.hhglobal.com\\\/it\\\/#organization\",\"name\":\"HH Global\",\"url\":\"https:\\\/\\\/www.hhglobal.com\\\/it\\\/\",\"logo\":{\"@type\":\"ImageObject\",\"inLanguage\":\"it-IT\",\"@id\":\"https:\\\/\\\/www.hhglobal.com\\\/it\\\/#\\\/schema\\\/logo\\\/image\\\/\",\"url\":\"https:\\\/\\\/www.hhglobal.com\\\/wp-content\\\/uploads\\\/2023\\\/12\\\/logo-white.svg\",\"contentUrl\":\"https:\\\/\\\/www.hhglobal.com\\\/wp-content\\\/uploads\\\/2023\\\/12\\\/logo-white.svg\",\"width\":77,\"height\":18,\"caption\":\"HH Global\"},\"image\":{\"@id\":\"https:\\\/\\\/www.hhglobal.com\\\/it\\\/#\\\/schema\\\/logo\\\/image\\\/\"}}]}<\/script>\n<!-- \/ Yoast SEO plugin. -->","yoast_head_json":{"title":"Sostenibilit\u00e0 - HH Global","robots":{"index":"index","follow":"follow","max-snippet":"max-snippet:-1","max-image-preview":"max-image-preview:large","max-video-preview":"max-video-preview:-1"},"canonical":"https:\/\/www.hhglobal.com\/it\/sustainability\/","og_locale":"it_IT","og_type":"article","og_title":"Sostenibilit\u00e0 - HH Global","og_url":"https:\/\/www.hhglobal.com\/it\/sustainability\/","og_site_name":"HH Global","article_modified_time":"2023-04-28T17:09:31+00:00","twitter_card":"summary_large_image","schema":{"@context":"https:\/\/schema.org","@graph":[{"@type":"WebPage","@id":"https:\/\/www.hhglobal.com\/it\/sustainability\/","url":"https:\/\/www.hhglobal.com\/it\/sustainability\/","name":"Sostenibilit\u00e0 - HH Global","isPartOf":{"@id":"https:\/\/www.hhglobal.com\/it\/#website"},"datePublished":"2022-05-19T12:39:43+00:00","dateModified":"2023-04-28T17:09:31+00:00","breadcrumb":{"@id":"https:\/\/www.hhglobal.com\/it\/sustainability\/#breadcrumb"},"inLanguage":"it-IT","potentialAction":[{"@type":"ReadAction","target":["https:\/\/www.hhglobal.com\/it\/sustainability\/"]}]},{"@type":"BreadcrumbList","@id":"https:\/\/www.hhglobal.com\/it\/sustainability\/#breadcrumb","itemListElement":[{"@type":"ListItem","position":1,"name":"Home","item":"https:\/\/www.hhglobal.com\/it\/"},{"@type":"ListItem","position":2,"name":"Sostenibilit\u00e0"}]},{"@type":"WebSite","@id":"https:\/\/www.hhglobal.com\/it\/#website","url":"https:\/\/www.hhglobal.com\/it\/","name":"HH Global","description":"The global, tech-enabled creative production and procurement partner.","publisher":{"@id":"https:\/\/www.hhglobal.com\/it\/#organization"},"potentialAction":[{"@type":"SearchAction","target":{"@type":"EntryPoint","urlTemplate":"https:\/\/www.hhglobal.com\/it\/?s={search_term_string}"},"query-input":{"@type":"PropertyValueSpecification","valueRequired":true,"valueName":"search_term_string"}}],"inLanguage":"it-IT"},{"@type":"Organization","@id":"https:\/\/www.hhglobal.com\/it\/#organization","name":"HH Global","url":"https:\/\/www.hhglobal.com\/it\/","logo":{"@type":"ImageObject","inLanguage":"it-IT","@id":"https:\/\/www.hhglobal.com\/it\/#\/schema\/logo\/image\/","url":"https:\/\/www.hhglobal.com\/wp-content\/uploads\/2023\/12\/logo-white.svg","contentUrl":"https:\/\/www.hhglobal.com\/wp-content\/uploads\/2023\/12\/logo-white.svg","width":77,"height":18,"caption":"HH Global"},"image":{"@id":"https:\/\/www.hhglobal.com\/it\/#\/schema\/logo\/image\/"}}]}},"_links":{"self":[{"href":"https:\/\/www.hhglobal.com\/it\/wp-json\/wp\/v2\/pages\/6881","targetHints":{"allow":["GET"]}}],"collection":[{"href":"https:\/\/www.hhglobal.com\/it\/wp-json\/wp\/v2\/pages"}],"about":[{"href":"https:\/\/www.hhglobal.com\/it\/wp-json\/wp\/v2\/types\/page"}],"author":[{"embeddable":true,"href":"https:\/\/www.hhglobal.com\/it\/wp-json\/wp\/v2\/users\/41"}],"replies":[{"embeddable":true,"href":"https:\/\/www.hhglobal.com\/it\/wp-json\/wp\/v2\/comments?post=6881"}],"version-history":[{"count":0,"href":"https:\/\/www.hhglobal.com\/it\/wp-json\/wp\/v2\/pages\/6881\/revisions"}],"wp:attachment":[{"href":"https:\/\/www.hhglobal.com\/it\/wp-json\/wp\/v2\/media?parent=6881"}],"curies":[{"name":"wp","href":"https:\/\/api.w.org\/{rel}","templated":true}]}}