{"id":6878,"date":"2022-05-19T12:38:49","date_gmt":"2022-05-19T12:38:49","guid":{"rendered":"https:\/\/decoupled-hhg.local\/strategic-partners\/"},"modified":"2023-11-24T13:46:17","modified_gmt":"2023-11-24T13:46:17","slug":"strategic-partners","status":"publish","type":"page","link":"https:\/\/www.hhglobal.com\/it\/who-we-are\/strategic-partners\/","title":{"rendered":"Partner Strategici"},"content":{"rendered":"","protected":false},"excerpt":{"rendered":"","protected":false},"author":41,"featured_media":0,"parent":0,"menu_order":0,"comment_status":"closed","ping_status":"closed","template":"","meta":{"_acf_changed":"","_yoast_wpseo_focuskw":"","_yoast_wpseo_metadesc":"","_yoast_wpseo_linkdex":"","_yoast_wpseo_content_score":"","_yoast_wpseo_meta-robots-noindex":"","_yoast_wpseo_meta-robots-nofollow":"","inline_featured_image":[],"_genesis_block_theme_hide_title":false,"_cms_nav_minihome":"","_icl_lang_duplicate_of":"","_menu_item_classes":[],"_menu_item_menu_item_parent":"","_menu_item_object":"","_menu_item_object_id":"","_menu_item_orphaned":"","_menu_item_target":"","_menu_item_type":"","_menu_item_url":"","_menu_item_xfn":"","_seedprod_page":"","_seedprod_page_template_type":"","_seedprod_page_uuid":"","_top_nav_excluded":"","_wp_attachment_backup_sizes":[],"_wp_attachment_context":"","_wp_attachment_image_alt":"","_wp_old_date":"","_wpcode_auto_insert":"","_wpcode_auto_insert_number":"","_wpcode_library_id":"","_wpml_media_duplicate":"1","_wpml_media_featured":"1","_wpml_post_translation_editor_native":"","_wpml_word_count":"{\"total\":274,\"to_translate\":{\"zh-hans\":274,\"cs\":274,\"de\":274,\"ja\":274,\"pt-br\":274,\"es\":274}}","_yoast_wpseo_estimated-reading-time-minutes":[],"_yoast_wpseo_primary_category":"","_yoast_wpseo_primary_industry":"","_yoast_wpseo_primary_solution":"","_yoast_wpseo_primary_the_author":"","_yoast_wpseo_wordproof_timestamp":"","acfml_non_translatable_locations":[],"career_externalLink":"","career_featuredImage":"","career_title":"","casestudy_featuredImage":"","casestudy_title":"","infocallout_excerpt":"","infocallout_featuredImage":"","infocallout_title":"","jobTitle":"","language":"","name":"","profilePicture":"","wp-smpro-smush-data":[],"wp-smush-animated":"","wp-smush-ignore-bulk":"","wp-smush-lossy":"","wpml_media_processed":"","_wpcode_conditional_logic_enabled":"","_wpcode_location_extra":"","_wpcode_note":"","_wpcode_priority":"","_wpcode_shortcode_attributes":[],"footnotes":""},"class_list":["post-6878","page","type-page","status-publish","hentry","post","without-featured-image"],"acf":{"page_title":"Principali vantaggi e servizi del partner\/fornitore strategico | HH Global","page_description":"Diventa partner strategico di HH Global - leader mondiale nella produzione creativa e nell'approvvigionamento - per trarre vantaggio dalla crescita della tua attivit\u00e0 in modo pi\u00f9 sostenibile","social_title":"","social_description":"","social_share_image":null,"modules":[{"acf_fc_layout":"hero","size":"medium2","theme":"dark","choose_images":[{"image":6378}],"show_eyebrow":false,"eyebrow":"","title":"Partner per la crescita","show_cta":false,"cta_url":"","cta_title":""},{"acf_fc_layout":"intro_content_block","container_background_color":"bg-white","type":false,"show_image":false,"intro_image":null,"show_background":false,"background":null,"show_eyebrow":false,"eyebrow":"Strategic partners ","show_designations":false,"designations":null,"show_title":true,"size":"large","title":"Partner per la crescita","show_intro":true,"intro":"Collaboriamo con fornitori strategici come te per creare relazioni reciprocamente vantaggiose.\r\nI nostri clienti sono i pi\u00f9 grandi brand al mondo. Contano su HH Global per offrire una catena di approvvigionamento pi\u00f9 forte ed efficiente possibile. La nostra missione \u00e8 fornire un impatto straordinario a questi clienti globalmente, supportando al contempo i tuoi obiettivi di crescita aziendale.\r\n\r\n<a href=\"mailto:HHGSupplierInquiry@www.hhglobal.com\" target=\"_blank\" rel=\"noopener\"><strong>Diventa un partner strategico<\/strong><\/a>","show_body":false,"body":"Our clients are the biggest brands in the world, and there is a reason they count on HH Global to provide the strongest, most efficient supply chain in the business. We actively partner with strategic suppliers like you to create a mutually productive relationship that ensures we can deliver extraordinary impact for our clients across the globe while enabling you to grow your business.\r\n\r\n<a href=\"mailto:HHGSupplierInquiry@www.hhglobal.com\">Become a strategic partner<\/a>","show_labels":false,"labels":{"show_social":false,"custom_categories":null}},{"acf_fc_layout":"text_with_media","scroll_to_link":"","theme":"light","container_background_color":"bg-grey","show_eyebrow":false,"eyebrow":"","show_title":false,"title":"","show_sub_title":true,"sub_title":"Benefici e servizi","content":"<h4>Lavora con i marchi pi\u00f9 grandi e la migliore tecnologia migliore<\/h4>\r\nHH Global offre ai nostri fornitori strategici vantaggi e servizi senza eguali nel settore:\r\n<ul>\r\n \t<li>Crescita mirata con i brand pi\u00f9 grandi del mondo<\/li>\r\n \t<li>I nostri team regionali di gestione delle categorie di approvvigionamento strategico soddisfano le esigenze dei nostri clienti con le tue capacit\u00e0, consentendoti di fare di pi\u00f9 in ci\u00f2 in cui sei bravo<\/li>\r\n \t<li>Forniamo best practice per la supply chain, ottimizzazione e consulenza sui processi ai partner fornitori strategici per migliorare le tue performance<\/li>\r\n<\/ul>","cta_url":"","cta_text":"","open_in_new_window":false,"choose_media":[{"image":6780}],"image_alignment":"left","image_fit":"cover","image_size":"half-width","vimeoid":"","ytid":""},{"acf_fc_layout":"text_with_media","scroll_to_link":"","theme":"light","container_background_color":"bg-grey","show_eyebrow":false,"eyebrow":"","show_title":false,"title":"Learn more about Sustainable Procurement Framework  ","show_sub_title":false,"sub_title":"Benefits and services","content":"<h4>Migliora la tua efficacia con la nostra suite Hub di e-procurement<\/h4>\r\nLo stato privilegiato di fornitore strategico di HH Global in tutti i nostri sistemi di e-commerce ti offre:\r\n<ul>\r\n \t<li>Un sistema di fatturazione elettronica ottimizzato, che minimizza i costi amministrativi e riduce il ciclo di pagamento<\/li>\r\n \t<li>Accesso ad una dashboard sulla performance personalizzata per supportare il processo decisionale e le operazioni<\/li>\r\n<\/ul>\r\n<h4>Ottieni maggiore visibilit\u00e0 per la tua attivit\u00e0 per migliorare la tua performance<\/h4>\r\n<ul>\r\n \t<li>Inserimento nel nostro sistema proprietario di gestione delle relazioni con i fornitori<\/li>\r\n \t<li>Inclusione nel programma Supplier Insight di HH Global<\/li>\r\n \t<li>Analisi delle prestazioni dei fornitori<\/li>\r\n \t<li>Analisi comparativa dell'innovazione basata sulle migliori pratiche di settore e di categoria<\/li>\r\n \t<li>Risk audit sulla sicurezza operativa e delle informazioni<\/li>\r\n<\/ul>","cta_url":"","cta_text":"","open_in_new_window":false,"choose_media":[{"image":6765}],"image_alignment":"right","image_fit":"cover","image_size":"half-width","vimeoid":"","ytid":""},{"acf_fc_layout":"text_with_media","scroll_to_link":"","theme":"light","container_background_color":"bg-grey","show_eyebrow":false,"eyebrow":"","show_title":false,"title":"","show_sub_title":true,"sub_title":"Migliora il tuo profilo ESG con il nostro Framework di Approvvigionamento Sostenibile","content":"<h4>Soddisfa le crescenti richieste di performance sostenibili<\/h4>\r\n\r\nHH Global si impegna ad aiutare i nostri partner fornitori strategici a far crescere le loro attivit\u00e0 in modo sostenibile.\r\n\r\nSempre pi\u00f9 clienti richiedono il rispetto degli obiettivi di sostenibilit\u00e0 da parte dei fornitori. Per aiutarti a proseguire nel tuo viaggio verso la sostenibilit\u00e0 ed ottenere pi\u00f9 business dai pi\u00f9 grandi brand del mondo, offriamo il Framework di Approvvigionamento Sostenibile di HH Global.\r\n\r\nEsclusivamente per i nostri partner fornitori strategici, SPF \u00e8 un programma di approvvigionamento innovativo e implementato dalla tecnologia che si allinea con gli Obiettivi di sviluppo sostenibile delle Nazioni Unite. Ti aiuter\u00e0 a condividere facilmente le tue performance e ad andare avanti verso pratiche commerciali pi\u00f9 conformi.","cta_url":"","cta_text":"","open_in_new_window":false,"choose_media":[{"image":6350}],"image_alignment":"right","image_fit":"cover","image_size":"half-width","vimeoid":"","ytid":""},{"acf_fc_layout":"quotes","container_background_color":"bg-grey","quote":[{"attribution_name":"Carolyn Pickney","attribution_title":"Presidente, Billboard Agency International, Nord America","content":"Lavorare con HH Global \u00e8 una boccata d'aria fresca in un settore molto impegnativo. Il rispetto che HH Global ha per i suoi fornitori, il rapporto di fiducia e la comunicazione sono di gran lunga i migliori del settore. Ci piace molto lavorare con tutti in HH Global e valorizziamo la nostra relazione.","prevent_graphic":false},{"attribution_name":"Laura Soto","attribution_title":"Director, Grupo Imaginaci\u00f3n y Movimiento, Mexico","content":"Lavorare con HH Global ci mantiene ad uno standard di alta qualit\u00e0 e promuove il miglioramento continuo. Ogni progetto \u00e8 diverso e rappresenta una nuova sfida; sviluppiamo costantemente innovazioni e lavoriamo con spirito di squadra ed attenzione al cliente che caratterizzano il nostro partner commerciale: ci\u00f2 fornisce un valore aggiunto alle nostre operazioni. Siamo partner strategici di HH Global da pi\u00f9 di cinque anni, e in questo periodo abbiamo avuto una crescita costante poich\u00e9 nuovi clienti si sono aggiunti.","prevent_graphic":false},{"attribution_name":"Bachar Aintaoui","attribution_title":"Chairman, MBA Group, UK","content":"In MBA crediamo che l'innovazione e la collaborazione possano trasformare in meglio il nostro business. Cerchiamo lo stesso approccio dalle aziende con cui lavoriamo per fornire ai nostri clienti un servizio migliore e pi\u00f9 efficiente. Questa \u00e8 la chiave del nostro rapporto decennale di successo con HH Global: lavorare in modo proattivo attraverso ricerca di partnership che si concentri sul miglioramento continuo e garantisca impiego ottimale delle risorse, best practice e innovazione.","prevent_graphic":false}],"reduce_spacing":false},{"acf_fc_layout":"contact_form","title":"Contattaci"}]},"yoast_head":"<!-- This site is optimized with the Yoast SEO plugin v27.3 - https:\/\/yoast.com\/product\/yoast-seo-wordpress\/ -->\n<title>Partner Strategici - HH Global<\/title>\n<meta name=\"robots\" content=\"index, follow, max-snippet:-1, max-image-preview:large, max-video-preview:-1\" \/>\n<link rel=\"canonical\" href=\"https:\/\/www.hhglobal.com\/it\/who-we-are\/strategic-partners\/\" \/>\n<meta property=\"og:locale\" content=\"it_IT\" \/>\n<meta property=\"og:type\" content=\"article\" \/>\n<meta property=\"og:title\" content=\"Partner Strategici - HH Global\" \/>\n<meta property=\"og:url\" content=\"https:\/\/www.hhglobal.com\/it\/who-we-are\/strategic-partners\/\" \/>\n<meta property=\"og:site_name\" content=\"HH Global\" \/>\n<meta property=\"article:modified_time\" content=\"2023-11-24T13:46:17+00:00\" \/>\n<meta name=\"twitter:card\" content=\"summary_large_image\" \/>\n<script type=\"application\/ld+json\" class=\"yoast-schema-graph\">{\"@context\":\"https:\\\/\\\/schema.org\",\"@graph\":[{\"@type\":\"WebPage\",\"@id\":\"https:\\\/\\\/www.hhglobal.com\\\/it\\\/who-we-are\\\/strategic-partners\\\/\",\"url\":\"https:\\\/\\\/www.hhglobal.com\\\/it\\\/who-we-are\\\/strategic-partners\\\/\",\"name\":\"Partner Strategici - HH Global\",\"isPartOf\":{\"@id\":\"https:\\\/\\\/www.hhglobal.com\\\/it\\\/#website\"},\"datePublished\":\"2022-05-19T12:38:49+00:00\",\"dateModified\":\"2023-11-24T13:46:17+00:00\",\"breadcrumb\":{\"@id\":\"https:\\\/\\\/www.hhglobal.com\\\/it\\\/who-we-are\\\/strategic-partners\\\/#breadcrumb\"},\"inLanguage\":\"it-IT\",\"potentialAction\":[{\"@type\":\"ReadAction\",\"target\":[\"https:\\\/\\\/www.hhglobal.com\\\/it\\\/who-we-are\\\/strategic-partners\\\/\"]}]},{\"@type\":\"BreadcrumbList\",\"@id\":\"https:\\\/\\\/www.hhglobal.com\\\/it\\\/who-we-are\\\/strategic-partners\\\/#breadcrumb\",\"itemListElement\":[{\"@type\":\"ListItem\",\"position\":1,\"name\":\"Home\",\"item\":\"https:\\\/\\\/www.hhglobal.com\\\/it\\\/\"},{\"@type\":\"ListItem\",\"position\":2,\"name\":\"Partner Strategici\"}]},{\"@type\":\"WebSite\",\"@id\":\"https:\\\/\\\/www.hhglobal.com\\\/it\\\/#website\",\"url\":\"https:\\\/\\\/www.hhglobal.com\\\/it\\\/\",\"name\":\"HH Global\",\"description\":\"The global, tech-enabled creative production and procurement partner.\",\"publisher\":{\"@id\":\"https:\\\/\\\/www.hhglobal.com\\\/it\\\/#organization\"},\"potentialAction\":[{\"@type\":\"SearchAction\",\"target\":{\"@type\":\"EntryPoint\",\"urlTemplate\":\"https:\\\/\\\/www.hhglobal.com\\\/it\\\/?s={search_term_string}\"},\"query-input\":{\"@type\":\"PropertyValueSpecification\",\"valueRequired\":true,\"valueName\":\"search_term_string\"}}],\"inLanguage\":\"it-IT\"},{\"@type\":\"Organization\",\"@id\":\"https:\\\/\\\/www.hhglobal.com\\\/it\\\/#organization\",\"name\":\"HH Global\",\"url\":\"https:\\\/\\\/www.hhglobal.com\\\/it\\\/\",\"logo\":{\"@type\":\"ImageObject\",\"inLanguage\":\"it-IT\",\"@id\":\"https:\\\/\\\/www.hhglobal.com\\\/it\\\/#\\\/schema\\\/logo\\\/image\\\/\",\"url\":\"https:\\\/\\\/www.hhglobal.com\\\/wp-content\\\/uploads\\\/2023\\\/12\\\/logo-white.svg\",\"contentUrl\":\"https:\\\/\\\/www.hhglobal.com\\\/wp-content\\\/uploads\\\/2023\\\/12\\\/logo-white.svg\",\"width\":77,\"height\":18,\"caption\":\"HH Global\"},\"image\":{\"@id\":\"https:\\\/\\\/www.hhglobal.com\\\/it\\\/#\\\/schema\\\/logo\\\/image\\\/\"}}]}<\/script>\n<!-- \/ Yoast SEO plugin. -->","yoast_head_json":{"title":"Partner Strategici - HH Global","robots":{"index":"index","follow":"follow","max-snippet":"max-snippet:-1","max-image-preview":"max-image-preview:large","max-video-preview":"max-video-preview:-1"},"canonical":"https:\/\/www.hhglobal.com\/it\/who-we-are\/strategic-partners\/","og_locale":"it_IT","og_type":"article","og_title":"Partner Strategici - HH Global","og_url":"https:\/\/www.hhglobal.com\/it\/who-we-are\/strategic-partners\/","og_site_name":"HH Global","article_modified_time":"2023-11-24T13:46:17+00:00","twitter_card":"summary_large_image","schema":{"@context":"https:\/\/schema.org","@graph":[{"@type":"WebPage","@id":"https:\/\/www.hhglobal.com\/it\/who-we-are\/strategic-partners\/","url":"https:\/\/www.hhglobal.com\/it\/who-we-are\/strategic-partners\/","name":"Partner Strategici - HH Global","isPartOf":{"@id":"https:\/\/www.hhglobal.com\/it\/#website"},"datePublished":"2022-05-19T12:38:49+00:00","dateModified":"2023-11-24T13:46:17+00:00","breadcrumb":{"@id":"https:\/\/www.hhglobal.com\/it\/who-we-are\/strategic-partners\/#breadcrumb"},"inLanguage":"it-IT","potentialAction":[{"@type":"ReadAction","target":["https:\/\/www.hhglobal.com\/it\/who-we-are\/strategic-partners\/"]}]},{"@type":"BreadcrumbList","@id":"https:\/\/www.hhglobal.com\/it\/who-we-are\/strategic-partners\/#breadcrumb","itemListElement":[{"@type":"ListItem","position":1,"name":"Home","item":"https:\/\/www.hhglobal.com\/it\/"},{"@type":"ListItem","position":2,"name":"Partner Strategici"}]},{"@type":"WebSite","@id":"https:\/\/www.hhglobal.com\/it\/#website","url":"https:\/\/www.hhglobal.com\/it\/","name":"HH Global","description":"The global, tech-enabled creative production and procurement partner.","publisher":{"@id":"https:\/\/www.hhglobal.com\/it\/#organization"},"potentialAction":[{"@type":"SearchAction","target":{"@type":"EntryPoint","urlTemplate":"https:\/\/www.hhglobal.com\/it\/?s={search_term_string}"},"query-input":{"@type":"PropertyValueSpecification","valueRequired":true,"valueName":"search_term_string"}}],"inLanguage":"it-IT"},{"@type":"Organization","@id":"https:\/\/www.hhglobal.com\/it\/#organization","name":"HH Global","url":"https:\/\/www.hhglobal.com\/it\/","logo":{"@type":"ImageObject","inLanguage":"it-IT","@id":"https:\/\/www.hhglobal.com\/it\/#\/schema\/logo\/image\/","url":"https:\/\/www.hhglobal.com\/wp-content\/uploads\/2023\/12\/logo-white.svg","contentUrl":"https:\/\/www.hhglobal.com\/wp-content\/uploads\/2023\/12\/logo-white.svg","width":77,"height":18,"caption":"HH Global"},"image":{"@id":"https:\/\/www.hhglobal.com\/it\/#\/schema\/logo\/image\/"}}]}},"_links":{"self":[{"href":"https:\/\/www.hhglobal.com\/it\/wp-json\/wp\/v2\/pages\/6878","targetHints":{"allow":["GET"]}}],"collection":[{"href":"https:\/\/www.hhglobal.com\/it\/wp-json\/wp\/v2\/pages"}],"about":[{"href":"https:\/\/www.hhglobal.com\/it\/wp-json\/wp\/v2\/types\/page"}],"author":[{"embeddable":true,"href":"https:\/\/www.hhglobal.com\/it\/wp-json\/wp\/v2\/users\/41"}],"replies":[{"embeddable":true,"href":"https:\/\/www.hhglobal.com\/it\/wp-json\/wp\/v2\/comments?post=6878"}],"version-history":[{"count":0,"href":"https:\/\/www.hhglobal.com\/it\/wp-json\/wp\/v2\/pages\/6878\/revisions"}],"wp:attachment":[{"href":"https:\/\/www.hhglobal.com\/it\/wp-json\/wp\/v2\/media?parent=6878"}],"curies":[{"name":"wp","href":"https:\/\/api.w.org\/{rel}","templated":true}]}}