{"id":6876,"date":"2022-05-18T10:29:31","date_gmt":"2022-05-18T10:29:31","guid":{"rendered":"https:\/\/decoupled-hhg.local\/company\/"},"modified":"2023-11-22T16:01:45","modified_gmt":"2023-11-22T16:01:45","slug":"company","status":"publish","type":"page","link":"https:\/\/www.hhglobal.com\/it\/who-we-are\/company\/","title":{"rendered":"L\u2019azienda"},"content":{"rendered":"","protected":false},"excerpt":{"rendered":"","protected":false},"author":41,"featured_media":0,"parent":0,"menu_order":0,"comment_status":"closed","ping_status":"closed","template":"","meta":{"_acf_changed":"","_yoast_wpseo_focuskw":"","_yoast_wpseo_metadesc":"","_yoast_wpseo_linkdex":"","_yoast_wpseo_content_score":"","_yoast_wpseo_meta-robots-noindex":"","_yoast_wpseo_meta-robots-nofollow":"","inline_featured_image":[],"_genesis_block_theme_hide_title":false,"_cms_nav_minihome":"","_icl_lang_duplicate_of":"","_menu_item_classes":[],"_menu_item_menu_item_parent":"","_menu_item_object":"","_menu_item_object_id":"","_menu_item_orphaned":"","_menu_item_target":"","_menu_item_type":"","_menu_item_url":"","_menu_item_xfn":"","_seedprod_page":"","_seedprod_page_template_type":"","_seedprod_page_uuid":"","_top_nav_excluded":"","_wp_attachment_backup_sizes":[],"_wp_attachment_context":"","_wp_attachment_image_alt":"","_wp_old_date":"","_wpcode_auto_insert":"","_wpcode_auto_insert_number":"","_wpcode_library_id":"","_wpml_media_duplicate":"1","_wpml_media_featured":"1","_wpml_post_translation_editor_native":"","_wpml_word_count":"{\"total\":369,\"to_translate\":{\"zh-hans\":369,\"cs\":369,\"de\":369,\"ja\":369,\"pt-br\":369,\"es\":369}}","_yoast_wpseo_estimated-reading-time-minutes":[],"_yoast_wpseo_primary_category":"","_yoast_wpseo_primary_industry":"","_yoast_wpseo_primary_solution":"","_yoast_wpseo_primary_the_author":"","_yoast_wpseo_wordproof_timestamp":"","acfml_non_translatable_locations":[],"career_externalLink":"","career_featuredImage":"","career_title":"","casestudy_featuredImage":"","casestudy_title":"","infocallout_excerpt":"","infocallout_featuredImage":"","infocallout_title":"","jobTitle":"","language":"","name":"","profilePicture":"","wp-smpro-smush-data":[],"wp-smush-animated":"","wp-smush-ignore-bulk":"","wp-smush-lossy":"","wpml_media_processed":"","_wpcode_conditional_logic_enabled":"","_wpcode_location_extra":"","_wpcode_note":"","_wpcode_priority":"","_wpcode_shortcode_attributes":[],"footnotes":""},"class_list":["post-6876","page","type-page","status-publish","hentry","post","without-featured-image"],"acf":{"page_title":"Soluzioni di produzione e approvvigionamento creativi globali | HH Global ","page_description":"Scopri perch\u00e9 HH Global - esperto in produzione ed approvvigionamento creativi tecnologicamente avanzato \u00e8 il partner giusto per aiutarti ad implementare il marketing globale in modo sostenibile","social_title":"","social_description":"","social_share_image":null,"modules":[{"acf_fc_layout":"hero","size":"small","theme":"light","choose_images":[{"image":null}],"show_eyebrow":false,"eyebrow":"Eyebrow title here","title":"La nostra azienda","show_cta":false,"cta_url":"","cta_title":""},{"acf_fc_layout":"video","container_background_color":"bg-white","layout_style":"waffle","video_show_title":true,"video_title":"Un grande impatto per le tue gandi idee","poster":6573,"vimeoid":"https:\/\/player.vimeo.com\/video\/828384082","ytid":""},{"acf_fc_layout":"text_with_media_carousel","theme":"light","container_background_color":"bg-grey","highlight_color":"purple","title":"Il tuo partner per la crescita.","content":"Siamo il leader globale tecnologicamente avanzato nella produzione e approvvigionamento creativi. Amplifichiamo le tue campagne di marketing attraverso una produzione impareggiabile, procurement leadership e le soluzioni di sostenibilit\u00e0 pi\u00f9 avanzate disponibili. Tutto ci\u00f2 fornito su larga scala attraverso la tecnologia leader del settore e l'appassionata expertise del nostro personale.","additional_spacing":false,"features_title":"Come creiamo impatto","features":[{"navigation_label":"Tecnologia ","show_title":true,"title":"Tecnologia ","show_subtitle":false,"subtitle":"","content":"Tecnologia proprietaria per promuovere il ROI e l'efficienza operativa\r\n\r\nLa nostra piattaforma tecnologica leader del settore vi consente di:\r\n<ul>\r\n \t<li>Comprendere ci\u00f2 che si acquista, tenere traccia della spesa e misurare le prestazioni per consentire il miglioramento continuo<\/li>\r\n \t<li>Acquisire informazioni dettagliate ed efficienze su larga scala unificando i brandi tra paesi e regioni<\/li>\r\n \t<li>Ottimizzare le funzionalit\u00e0 che supportano i cicli di vita del marketing, riducendo gli sprechi, guidando la crescita e supportando la trasformazione<\/li>\r\n<\/ul>","choose_media":[{"image":6530}],"vimeoid":"","ytid":""},{"navigation_label":"Produzione creativa","show_title":true,"title":"Produzione creativa","show_subtitle":false,"subtitle":"","content":"Produzione creativa basata su dati per potenziare la presenza del brand\r\n\r\nAttraverso la nostra rete mondiale di studi digitali e un team realmente globale che lavora in tutti i fusi orari, noi:\r\n<ul>\r\n \t<li>Amplifichiamo le campagne creative per i brand su tutti i media, tutti i canali e tutti i mercati<\/li>\r\n \t<li>Offriamo un design ponderato e di grande impatto, favorendo la coerenza del brand e la crescita della categoria<\/li>\r\n \t<li>Forniamo risorse dedicate ottimizzate secondo il volume, tariffe trasparenti, tracciabilit\u00e0 di tempo e risorse<\/li>\r\n<\/ul>","choose_media":[{"image":6382}],"vimeoid":"","ytid":""},{"navigation_label":"Procurement leadership ","show_title":true,"title":"Procurement leadership ","show_subtitle":false,"subtitle":"","content":"Approfitta di una leva operativa di approvvigionamento senza rivali\r\n\r\nIn qualit\u00e0 di leader del settore dell\u2019approvvigionamento con una spesa gestita di oltre 2 miliardi di dollari, noi:\r\n<ul>\r\n \t<li>Implementiamo su larga scala competenze di settore e di canale su larga scala<\/li>\r\n \t<li>Offriamo programmi di approvvigionamento su misura che riducano i rischi e ottimizzino la catena di approvvigionamento<\/li>\r\n \t<li>Approvvigionamento strategico da oltre 8.600 partner fornitori in tutte le categorie di prodotti, in tutto il mondo<\/li>\r\n \t<li>Investiamo continuamente nella nostra catena di approvvigionamento sostenibile, promuovendo diversit\u00e0 ed inclusione<\/li>\r\n<\/ul>","choose_media":[{"image":6396}],"vimeoid":"","ytid":""},{"navigation_label":"Innovazione sostenibile","show_title":true,"title":"Innovazione sostenibile","show_subtitle":false,"subtitle":"","content":"Tecnologie e strategie di sostenibilit\u00e0 leader del settore\r\n\r\nAttraverso il nostro profondo impegno per la sostenibilit\u00e0 globale, abbiamo sviluppato capacit\u00e0 leader per fornire:\r\n<ul>\r\n \t<li>Soluzioni integrate e su misura per supportare i tuoi obiettivi di sostenibilit\u00e0<\/li>\r\n \t<li>Insight intelligence avanzata per aiutarvi a prendere decisioni informate e sostenibili<\/li>\r\n \t<li>Framework di certificazione dei fornitori leader del settore in linea con gli obiettivi di sviluppo sostenibile delle Nazioni Unite<\/li>\r\n<\/ul>","choose_media":[{"image":6351}],"vimeoid":"","ytid":""},{"navigation_label":"Partnership intelligenti","show_title":true,"title":"Partnership intelligenti","show_subtitle":false,"subtitle":"","content":"Il partner mondiale di maggior impatto\r\n\r\nLavoriamo al tuo fianco, creando un grande impatto per le tue grandi idee, attraverso:\r\n<ul>\r\n \t<li>Le migliori competenze del nostro personale, integrate nella tua attivit\u00e0, nel tuo brand e nella tua cultura<\/li>\r\n \t<li>Capacit\u00e0 globali implementate con un approccio locale<\/li>\r\n \t<li>Vasta ed approfondita esperienza al servizio di oltre 150 brand leader a livello mondiale<\/li>\r\n \t<li>Visibilit\u00e0 e insight guidati dalla tecnologia per migliorare il processo decisionale<\/li>\r\n<\/ul>\r\n&nbsp;","choose_media":[{"image":6352}],"vimeoid":"","ytid":""}]},{"acf_fc_layout":"content_block","container_background_color":"bg-grey","show_header":false,"header":"","contents":[{"show_header_icon":false,"header_icon":null,"show_header":true,"header":"+2.5 MILIARDI","header_color":"secondary-blue","show_subheader":true,"subheader":"Spesa in gestione","description":""},{"show_header_icon":false,"header_icon":null,"show_header":true,"header":"99%","header_color":"purple","show_subheader":true,"subheader":"Fidelizzazione del cliente","description":"Oltre il 99% dei nostri clienti continua a lavorare con noi su progetti futuri"},{"show_header_icon":false,"header_icon":null,"show_header":true,"header":"+1000","header_color":"light-purple","show_subheader":true,"subheader":"Brand rappresentati","description":"Siamo partner di oltre un terzo delle prime 100 aziende globali, che rappresentano oltre 1000 brand"},{"show_header_icon":false,"header_icon":null,"show_header":true,"header":"4.500","header_color":"light-purple","show_subheader":true,"subheader":"Membri del team resilienti","description":"Un team globale dedicato al successo dei nostri clienti"},{"show_header_icon":false,"header_icon":null,"show_header":true,"header":"90","header_color":"purple","show_subheader":true,"subheader":"Paesi serviti","description":"Con membri del team in 64 paesi"}]},{"acf_fc_layout":"clients_awards","title":"I nostri clienti","logos":[{"logo":6541},{"logo":6542},{"logo":6790},{"logo":6544},{"logo":6545},{"logo":6546},{"logo":6547},{"logo":6796},{"logo":6549},{"logo":6578},{"logo":6574},{"logo":6577},{"logo":6552},{"logo":6575},{"logo":6555},{"logo":6791},{"logo":6557},{"logo":6828},{"logo":6784},{"logo":6560},{"logo":6562},{"logo":6563},{"logo":6564},{"logo":6565},{"logo":null}]},{"acf_fc_layout":"contact_form","title":"Contattaci"}]},"yoast_head":"<!-- This site is optimized with the Yoast SEO plugin v27.3 - https:\/\/yoast.com\/product\/yoast-seo-wordpress\/ -->\n<title>L\u2019azienda - HH Global<\/title>\n<meta name=\"robots\" content=\"index, follow, max-snippet:-1, max-image-preview:large, max-video-preview:-1\" \/>\n<link rel=\"canonical\" href=\"https:\/\/www.hhglobal.com\/it\/who-we-are\/company\/\" \/>\n<meta property=\"og:locale\" content=\"it_IT\" \/>\n<meta property=\"og:type\" content=\"article\" \/>\n<meta property=\"og:title\" content=\"L\u2019azienda - HH Global\" \/>\n<meta property=\"og:url\" content=\"https:\/\/www.hhglobal.com\/it\/who-we-are\/company\/\" \/>\n<meta property=\"og:site_name\" content=\"HH Global\" \/>\n<meta property=\"article:modified_time\" content=\"2023-11-22T16:01:45+00:00\" \/>\n<meta name=\"twitter:card\" content=\"summary_large_image\" \/>\n<script type=\"application\/ld+json\" class=\"yoast-schema-graph\">{\"@context\":\"https:\\\/\\\/schema.org\",\"@graph\":[{\"@type\":\"WebPage\",\"@id\":\"https:\\\/\\\/www.hhglobal.com\\\/it\\\/who-we-are\\\/company\\\/\",\"url\":\"https:\\\/\\\/www.hhglobal.com\\\/it\\\/who-we-are\\\/company\\\/\",\"name\":\"L\u2019azienda - HH Global\",\"isPartOf\":{\"@id\":\"https:\\\/\\\/www.hhglobal.com\\\/it\\\/#website\"},\"datePublished\":\"2022-05-18T10:29:31+00:00\",\"dateModified\":\"2023-11-22T16:01:45+00:00\",\"breadcrumb\":{\"@id\":\"https:\\\/\\\/www.hhglobal.com\\\/it\\\/who-we-are\\\/company\\\/#breadcrumb\"},\"inLanguage\":\"it-IT\",\"potentialAction\":[{\"@type\":\"ReadAction\",\"target\":[\"https:\\\/\\\/www.hhglobal.com\\\/it\\\/who-we-are\\\/company\\\/\"]}]},{\"@type\":\"BreadcrumbList\",\"@id\":\"https:\\\/\\\/www.hhglobal.com\\\/it\\\/who-we-are\\\/company\\\/#breadcrumb\",\"itemListElement\":[{\"@type\":\"ListItem\",\"position\":1,\"name\":\"Home\",\"item\":\"https:\\\/\\\/www.hhglobal.com\\\/it\\\/\"},{\"@type\":\"ListItem\",\"position\":2,\"name\":\"L\u2019azienda\"}]},{\"@type\":\"WebSite\",\"@id\":\"https:\\\/\\\/www.hhglobal.com\\\/it\\\/#website\",\"url\":\"https:\\\/\\\/www.hhglobal.com\\\/it\\\/\",\"name\":\"HH Global\",\"description\":\"The global, tech-enabled creative production and procurement partner.\",\"publisher\":{\"@id\":\"https:\\\/\\\/www.hhglobal.com\\\/it\\\/#organization\"},\"potentialAction\":[{\"@type\":\"SearchAction\",\"target\":{\"@type\":\"EntryPoint\",\"urlTemplate\":\"https:\\\/\\\/www.hhglobal.com\\\/it\\\/?s={search_term_string}\"},\"query-input\":{\"@type\":\"PropertyValueSpecification\",\"valueRequired\":true,\"valueName\":\"search_term_string\"}}],\"inLanguage\":\"it-IT\"},{\"@type\":\"Organization\",\"@id\":\"https:\\\/\\\/www.hhglobal.com\\\/it\\\/#organization\",\"name\":\"HH Global\",\"url\":\"https:\\\/\\\/www.hhglobal.com\\\/it\\\/\",\"logo\":{\"@type\":\"ImageObject\",\"inLanguage\":\"it-IT\",\"@id\":\"https:\\\/\\\/www.hhglobal.com\\\/it\\\/#\\\/schema\\\/logo\\\/image\\\/\",\"url\":\"https:\\\/\\\/www.hhglobal.com\\\/wp-content\\\/uploads\\\/2023\\\/12\\\/logo-white.svg\",\"contentUrl\":\"https:\\\/\\\/www.hhglobal.com\\\/wp-content\\\/uploads\\\/2023\\\/12\\\/logo-white.svg\",\"width\":77,\"height\":18,\"caption\":\"HH Global\"},\"image\":{\"@id\":\"https:\\\/\\\/www.hhglobal.com\\\/it\\\/#\\\/schema\\\/logo\\\/image\\\/\"}}]}<\/script>\n<!-- \/ Yoast SEO plugin. -->","yoast_head_json":{"title":"L\u2019azienda - HH Global","robots":{"index":"index","follow":"follow","max-snippet":"max-snippet:-1","max-image-preview":"max-image-preview:large","max-video-preview":"max-video-preview:-1"},"canonical":"https:\/\/www.hhglobal.com\/it\/who-we-are\/company\/","og_locale":"it_IT","og_type":"article","og_title":"L\u2019azienda - HH Global","og_url":"https:\/\/www.hhglobal.com\/it\/who-we-are\/company\/","og_site_name":"HH Global","article_modified_time":"2023-11-22T16:01:45+00:00","twitter_card":"summary_large_image","schema":{"@context":"https:\/\/schema.org","@graph":[{"@type":"WebPage","@id":"https:\/\/www.hhglobal.com\/it\/who-we-are\/company\/","url":"https:\/\/www.hhglobal.com\/it\/who-we-are\/company\/","name":"L\u2019azienda - HH Global","isPartOf":{"@id":"https:\/\/www.hhglobal.com\/it\/#website"},"datePublished":"2022-05-18T10:29:31+00:00","dateModified":"2023-11-22T16:01:45+00:00","breadcrumb":{"@id":"https:\/\/www.hhglobal.com\/it\/who-we-are\/company\/#breadcrumb"},"inLanguage":"it-IT","potentialAction":[{"@type":"ReadAction","target":["https:\/\/www.hhglobal.com\/it\/who-we-are\/company\/"]}]},{"@type":"BreadcrumbList","@id":"https:\/\/www.hhglobal.com\/it\/who-we-are\/company\/#breadcrumb","itemListElement":[{"@type":"ListItem","position":1,"name":"Home","item":"https:\/\/www.hhglobal.com\/it\/"},{"@type":"ListItem","position":2,"name":"L\u2019azienda"}]},{"@type":"WebSite","@id":"https:\/\/www.hhglobal.com\/it\/#website","url":"https:\/\/www.hhglobal.com\/it\/","name":"HH Global","description":"The global, tech-enabled creative production and procurement partner.","publisher":{"@id":"https:\/\/www.hhglobal.com\/it\/#organization"},"potentialAction":[{"@type":"SearchAction","target":{"@type":"EntryPoint","urlTemplate":"https:\/\/www.hhglobal.com\/it\/?s={search_term_string}"},"query-input":{"@type":"PropertyValueSpecification","valueRequired":true,"valueName":"search_term_string"}}],"inLanguage":"it-IT"},{"@type":"Organization","@id":"https:\/\/www.hhglobal.com\/it\/#organization","name":"HH Global","url":"https:\/\/www.hhglobal.com\/it\/","logo":{"@type":"ImageObject","inLanguage":"it-IT","@id":"https:\/\/www.hhglobal.com\/it\/#\/schema\/logo\/image\/","url":"https:\/\/www.hhglobal.com\/wp-content\/uploads\/2023\/12\/logo-white.svg","contentUrl":"https:\/\/www.hhglobal.com\/wp-content\/uploads\/2023\/12\/logo-white.svg","width":77,"height":18,"caption":"HH Global"},"image":{"@id":"https:\/\/www.hhglobal.com\/it\/#\/schema\/logo\/image\/"}}]}},"_links":{"self":[{"href":"https:\/\/www.hhglobal.com\/it\/wp-json\/wp\/v2\/pages\/6876","targetHints":{"allow":["GET"]}}],"collection":[{"href":"https:\/\/www.hhglobal.com\/it\/wp-json\/wp\/v2\/pages"}],"about":[{"href":"https:\/\/www.hhglobal.com\/it\/wp-json\/wp\/v2\/types\/page"}],"author":[{"embeddable":true,"href":"https:\/\/www.hhglobal.com\/it\/wp-json\/wp\/v2\/users\/41"}],"replies":[{"embeddable":true,"href":"https:\/\/www.hhglobal.com\/it\/wp-json\/wp\/v2\/comments?post=6876"}],"version-history":[{"count":0,"href":"https:\/\/www.hhglobal.com\/it\/wp-json\/wp\/v2\/pages\/6876\/revisions"}],"wp:attachment":[{"href":"https:\/\/www.hhglobal.com\/it\/wp-json\/wp\/v2\/media?parent=6876"}],"curies":[{"name":"wp","href":"https:\/\/api.w.org\/{rel}","templated":true}]}}