{"id":6874,"date":"2022-04-26T04:01:15","date_gmt":"2022-04-26T04:01:15","guid":{"rendered":"https:\/\/decoupled-hhg.local\/homepage\/"},"modified":"2025-07-17T14:38:18","modified_gmt":"2025-07-17T14:38:18","slug":"homepage","status":"publish","type":"page","link":"https:\/\/www.hhglobal.com\/it\/","title":{"rendered":"Home Page"},"content":{"rendered":"\r\n<p>home page<\/p>\r\n","protected":false},"excerpt":{"rendered":"<p>home page<\/p>\n","protected":false},"author":41,"featured_media":0,"parent":0,"menu_order":0,"comment_status":"closed","ping_status":"open","template":"","meta":{"_acf_changed":"","_yoast_wpseo_focuskw":"","_yoast_wpseo_metadesc":"","_yoast_wpseo_linkdex":"","_yoast_wpseo_content_score":"","_yoast_wpseo_meta-robots-noindex":"","_yoast_wpseo_meta-robots-nofollow":"","inline_featured_image":[],"_genesis_block_theme_hide_title":false,"_cms_nav_minihome":"","_icl_lang_duplicate_of":"","_menu_item_classes":[],"_menu_item_menu_item_parent":"","_menu_item_object":"","_menu_item_object_id":"","_menu_item_orphaned":"","_menu_item_target":"","_menu_item_type":"","_menu_item_url":"","_menu_item_xfn":"","_seedprod_page":"","_seedprod_page_template_type":"","_seedprod_page_uuid":"","_top_nav_excluded":"","_wp_attachment_backup_sizes":[],"_wp_attachment_context":"","_wp_attachment_image_alt":"","_wp_old_date":"","_wpcode_auto_insert":"","_wpcode_auto_insert_number":"","_wpcode_library_id":"","_wpml_media_duplicate":"1","_wpml_media_featured":"1","_wpml_post_translation_editor_native":"","_wpml_word_count":"{\"total\":90,\"to_translate\":{\"zh-hans\":90,\"cs\":90,\"de\":90,\"ja\":90,\"pt-br\":90,\"es\":90}}","_yoast_wpseo_estimated-reading-time-minutes":[],"_yoast_wpseo_primary_category":"","_yoast_wpseo_primary_industry":"","_yoast_wpseo_primary_solution":"","_yoast_wpseo_primary_the_author":"","_yoast_wpseo_wordproof_timestamp":"","acfml_non_translatable_locations":[],"career_externalLink":"","career_featuredImage":"","career_title":"","casestudy_featuredImage":"","casestudy_title":"","infocallout_excerpt":"","infocallout_featuredImage":"","infocallout_title":"","jobTitle":"","language":"","name":"","profilePicture":"","wp-smpro-smush-data":[],"wp-smush-animated":"","wp-smush-ignore-bulk":"","wp-smush-lossy":"","wpml_media_processed":"","_wpcode_conditional_logic_enabled":"","_wpcode_location_extra":"","_wpcode_note":"","_wpcode_priority":"","_wpcode_shortcode_attributes":[],"footnotes":""},"class_list":["post-6874","page","type-page","status-publish","hentry","post","without-featured-image"],"acf":{"page_title":"Soluzioni di produzione e approvvigionamento creativi globali | HH Global","page_description":"Il partner globale tecnologicamente avanzato per gli acquisti e le produzioni creative e di maggior impatto per i brand che puntano ad una crescita sostenibile.","social_title":"","social_description":"","social_share_image":null,"modules":[{"acf_fc_layout":"hero","size":"large","theme":"dark","choose_images":[{"image":6327},{"image":6324},{"image":6325},{"image":6326}],"show_eyebrow":true,"eyebrow":"eyebrow","title":"Il partner globale tecnologicamente avanzato per gli acquisti e le produzioni creative ","show_cta":true,"cta_url":"\/it\/company","cta_title":"Esplora l\u2019azienda"},{"acf_fc_layout":"data_visualization","title":"HH Global in breve","stats":[{"page_link":465,"sub_heading":"Global","heading":"","stat":"4.500","description_type":false,"description":"","styled_description":{"before_description_text":"Membri del team dedicati al successo dei nostri clienti in tutto il mondo","middle_stats":"64 ","after_description_text":"Paesi"},"icon":6464,"hover_color":"secondary-blue"},{"page_link":465,"sub_heading":"Global","heading":"$2.5 miliardi di spesa in gestione","stat":"","description_type":true,"description":"","styled_description":{"before_description_text":"","middle_stats":"","after_description_text":""},"icon":6463,"hover_color":"primary-green-2"},{"page_link":12119,"sub_heading":"Sostenibilit\u00e0","heading":"","stat":"+44mila","description_type":true,"description":"Riduzione di tonnellate di carbonio tra beni e servizi acquistati","styled_description":{"before_description_text":"","middle_stats":"","after_description_text":""},"icon":6467,"hover_color":"primary-green-2"},{"page_link":466,"sub_heading":"Produzione Creativa Globale","heading":"","stat":"26","description_type":true,"description":"Studi creativi","styled_description":{"before_description_text":"","middle_stats":"","after_description_text":""},"icon":6466,"hover_color":"secondary-purple"},{"page_link":503,"sub_heading":"Approvvigionamento","heading":"","stat":"25%","description_type":true,"description":"Riduzione dei costi per i clienti","styled_description":{"before_description_text":"","middle_stats":"","after_description_text":""},"icon":null,"hover_color":"secondary-dark-blue"},{"page_link":502,"sub_heading":"Tecnologia","heading":"","stat":"1.3 M","description_type":true,"description":"Transazioni elaborate tramite la nostra tecnologia","styled_description":{"before_description_text":"","middle_stats":"","after_description_text":""},"icon":6462,"hover_color":"secondary-dark-blue"},{"page_link":503,"sub_heading":"Approvvigionamento","heading":"","stat":"8.606","description_type":true,"description":"Partner\/Fornitori strategici a copertura globale\r\n19 Categorie chiave di gestione","styled_description":{"before_description_text":"","middle_stats":"","after_description_text":""},"icon":null,"hover_color":"primary-green-2"},{"page_link":502,"sub_heading":"Tecnologia","heading":"","stat":"89.485","description_type":true,"description":"Utenti attivi con la nostra tecnologia","styled_description":{"before_description_text":"","middle_stats":"","after_description_text":""},"icon":6465,"hover_color":"secondary-purple"},{"page_link":466,"sub_heading":"Produzione Creativa Globale","heading":"","stat":"72.015","description_type":true,"description":"Asset Digitali gestiti","styled_description":{"before_description_text":"","middle_stats":"","after_description_text":""},"icon":null,"hover_color":"primary-green-2"}]},{"acf_fc_layout":"cards","container_background_color":"bg-pure-black","show_heading":true,"heading":"Collaborazione con brand che puntano ad una crescita pi\u00f9 forte e sostenibile","content":"","cards":{"layout":"case-studies-layout","sub_layout":"default","cards_display_mode":"bg-white","solution_term":null,"industry_term":null,"author_term":null,"region_term":null,"choose_cards":[365],"choose_case_studies":[6913,6927,6921,6925,6915,6919,6917,6923],"choose_featured_case_studies":null,"choose_staff_members":null,"choose_careers":null,"choose_info_callouts":null,"show_titles":true,"show_description":true,"show_date":false,"show_sector":false}},{"acf_fc_layout":"text_with_media","scroll_to_link":"","theme":"dark","container_background_color":"bg-pure-black","show_eyebrow":false,"eyebrow":"","show_title":true,"title":"La migliore tecnologia proprietaria della categoria","show_sub_title":false,"sub_title":"","content":"La nostra esclusiva piattaforma tecnologica ottimizza ogni fase del processo per ridurre gli sprechi, guidare la crescita ed essere scalabile, secondo le necessit\u00e0. Fornisce ai clienti dati e insight per aiutare a unificare marchi, paesi e regioni in tutto il mondo. Inoltre, misurazione e comunicazione chiare delle prestazioni aiutano ad ottimizzare la strategia di bilancio.","cta_url":"\/it\/technology","cta_text":"Esplora la piattaforma abilitata alla tecnologia","open_in_new_window":false,"choose_media":[{"image":6517}],"image_alignment":"right","image_fit":"cover","image_size":"half-width","vimeoid":"","ytid":""},{"acf_fc_layout":"sustainability","container_background_color":"bg-pure-black","title":"Dare valore alla sostenibilit\u00e0 ","sustainability_features":[{"icon":6308,"stats":"40%","stats_color":"primary-green","description":"Riduzione del 40% dell'energia elettrica rispetto all'anno precedente"},{"icon":6579,"stats":"8%","stats_color":"secondary-blue","description":"Riduzione dell\u20198% delle nostre emissioni totali rispetto all'anno precedente"},{"icon":6310,"stats":"+44.000","stats_color":"light-purple","description":"+44.000 tonnellate di carbonio ridotte per i nostri clienti rispetto all'anno precedente "}]},{"acf_fc_layout":"text_with_media","scroll_to_link":"","theme":"dark","container_background_color":"bg-pure-black","show_eyebrow":false,"eyebrow":"","show_title":true,"title":"Tecnologia per un\u2019innovazione sostenibile","show_sub_title":true,"sub_title":"","content":"In qualit\u00e0 di leader nella sostenibilit\u00e0, personalizziamo soluzioni basate sulla tecnologia per supportare i tuoi obiettivi. Ci\u00f2 include i nostri strumenti proprietari di misurazione dell\u2019impatto ambientale e la produzione di CO2 per aiutarti ad assumere decisioni di sostenibilit\u00e0 pi\u00f9 consapevoli.","cta_url":"\/it\/sustainable-growth\/","cta_text":"Esplora la sostenibilit\u00e0","open_in_new_window":false,"choose_media":[{"image":6442}],"image_alignment":"left","image_fit":"cover","image_size":"half-width","vimeoid":"","ytid":""},{"acf_fc_layout":"contact_form","title":"Contattaci"},{"acf_fc_layout":"map","title":"Gli headquarters regionali che rappresentano i membri del team in 64 paesi","locations":[{"region":"REGIONAL NORTH AMERICA HEADQUARTERs","title":"HH Global | Chicago","address":[{"line":"203 N. LaSalle"},{"line":"Chicago, IL 60601"},{"line":"United States"}],"map_label":"Chicago","map_dotx":"12%","map_doxy":"35%","map_boxx":"62px","map_boxy":"-14px"},{"region":"REGIONAL LATIN AMERICA HEADQUARTERs","title":"HH Global | Mexico City","address":[{"line":"Av. P.\u00ba de la Reforma 350"},{"line":"Ju\u00e1rez, Cuauht\u00e9moc"},{"line":"06600 Ciudad de M\u00e9xico"},{"line":"CDMX, M\u00e9xico"}],"map_label":"Messico","map_dotx":"5.5%","map_doxy":"63%","map_boxx":"60px","map_boxy":"-60px"},{"region":"REGIONAL EMEA HEADQUARTERs","title":"HH Global | London","address":[{"line":"Grove House,"},{"line":"Guildford Road,"},{"line":"Leatherhead, Surrey KT22 9DF"},{"line":"United Kingdom"}],"map_label":"Regno Unito","map_dotx":"42.2%","map_doxy":"15%","map_boxx":"45px","map_boxy":"21px"},{"region":"REGIONAL ASIA-PACIFIC HEADQUARTERs","title":"HH Global | Hong Kong","address":[{"line":"20th Floor, East Town Building,"},{"line":"No. 41 Lockhart Road, Wan Chai,"},{"line":"Hong Kong Island,"},{"line":"Hong Kong S.A.R."}],"map_label":"Hong Kong","map_dotx":"94.5%","map_doxy":"54.8%","map_boxx":"-363px","map_boxy":"-136px"}]}]},"yoast_head":"<!-- This site is optimized with the Yoast SEO plugin v27.3 - https:\/\/yoast.com\/product\/yoast-seo-wordpress\/ -->\n<title>Home Page - HH Global<\/title>\n<meta name=\"robots\" content=\"index, follow, max-snippet:-1, max-image-preview:large, max-video-preview:-1\" \/>\n<link rel=\"canonical\" href=\"https:\/\/www.hhglobal.com\/it\/\" \/>\n<meta property=\"og:locale\" content=\"it_IT\" \/>\n<meta property=\"og:type\" content=\"article\" \/>\n<meta property=\"og:title\" content=\"Home Page - HH Global\" \/>\n<meta property=\"og:description\" content=\"home page\" \/>\n<meta property=\"og:url\" content=\"https:\/\/www.hhglobal.com\/it\/\" \/>\n<meta property=\"og:site_name\" content=\"HH Global\" \/>\n<meta property=\"article:modified_time\" content=\"2025-07-17T14:38:18+00:00\" \/>\n<meta name=\"twitter:card\" content=\"summary_large_image\" \/>\n<script type=\"application\/ld+json\" class=\"yoast-schema-graph\">{\"@context\":\"https:\\\/\\\/schema.org\",\"@graph\":[{\"@type\":\"WebPage\",\"@id\":\"https:\\\/\\\/www.hhglobal.com\\\/it\\\/\",\"url\":\"https:\\\/\\\/www.hhglobal.com\\\/it\\\/\",\"name\":\"Home Page - HH Global\",\"isPartOf\":{\"@id\":\"https:\\\/\\\/www.hhglobal.com\\\/it\\\/#website\"},\"datePublished\":\"2022-04-26T04:01:15+00:00\",\"dateModified\":\"2025-07-17T14:38:18+00:00\",\"breadcrumb\":{\"@id\":\"https:\\\/\\\/www.hhglobal.com\\\/it\\\/#breadcrumb\"},\"inLanguage\":\"it-IT\",\"potentialAction\":[{\"@type\":\"ReadAction\",\"target\":[\"https:\\\/\\\/www.hhglobal.com\\\/it\\\/\"]}]},{\"@type\":\"BreadcrumbList\",\"@id\":\"https:\\\/\\\/www.hhglobal.com\\\/it\\\/#breadcrumb\",\"itemListElement\":[{\"@type\":\"ListItem\",\"position\":1,\"name\":\"Home\",\"item\":\"https:\\\/\\\/www.hhglobal.com\\\/it\\\/\"},{\"@type\":\"ListItem\",\"position\":2,\"name\":\"Home Page\"}]},{\"@type\":\"WebSite\",\"@id\":\"https:\\\/\\\/www.hhglobal.com\\\/it\\\/#website\",\"url\":\"https:\\\/\\\/www.hhglobal.com\\\/it\\\/\",\"name\":\"HH Global\",\"description\":\"The global, tech-enabled creative production and procurement partner.\",\"publisher\":{\"@id\":\"https:\\\/\\\/www.hhglobal.com\\\/it\\\/#organization\"},\"potentialAction\":[{\"@type\":\"SearchAction\",\"target\":{\"@type\":\"EntryPoint\",\"urlTemplate\":\"https:\\\/\\\/www.hhglobal.com\\\/it\\\/?s={search_term_string}\"},\"query-input\":{\"@type\":\"PropertyValueSpecification\",\"valueRequired\":true,\"valueName\":\"search_term_string\"}}],\"inLanguage\":\"it-IT\"},{\"@type\":\"Organization\",\"@id\":\"https:\\\/\\\/www.hhglobal.com\\\/it\\\/#organization\",\"name\":\"HH Global\",\"url\":\"https:\\\/\\\/www.hhglobal.com\\\/it\\\/\",\"logo\":{\"@type\":\"ImageObject\",\"inLanguage\":\"it-IT\",\"@id\":\"https:\\\/\\\/www.hhglobal.com\\\/it\\\/#\\\/schema\\\/logo\\\/image\\\/\",\"url\":\"https:\\\/\\\/www.hhglobal.com\\\/wp-content\\\/uploads\\\/2023\\\/12\\\/logo-white.svg\",\"contentUrl\":\"https:\\\/\\\/www.hhglobal.com\\\/wp-content\\\/uploads\\\/2023\\\/12\\\/logo-white.svg\",\"width\":77,\"height\":18,\"caption\":\"HH Global\"},\"image\":{\"@id\":\"https:\\\/\\\/www.hhglobal.com\\\/it\\\/#\\\/schema\\\/logo\\\/image\\\/\"}}]}<\/script>\n<!-- \/ Yoast SEO plugin. -->","yoast_head_json":{"title":"Home Page - HH Global","robots":{"index":"index","follow":"follow","max-snippet":"max-snippet:-1","max-image-preview":"max-image-preview:large","max-video-preview":"max-video-preview:-1"},"canonical":"https:\/\/www.hhglobal.com\/it\/","og_locale":"it_IT","og_type":"article","og_title":"Home Page - HH Global","og_description":"home page","og_url":"https:\/\/www.hhglobal.com\/it\/","og_site_name":"HH Global","article_modified_time":"2025-07-17T14:38:18+00:00","twitter_card":"summary_large_image","schema":{"@context":"https:\/\/schema.org","@graph":[{"@type":"WebPage","@id":"https:\/\/www.hhglobal.com\/it\/","url":"https:\/\/www.hhglobal.com\/it\/","name":"Home Page - HH Global","isPartOf":{"@id":"https:\/\/www.hhglobal.com\/it\/#website"},"datePublished":"2022-04-26T04:01:15+00:00","dateModified":"2025-07-17T14:38:18+00:00","breadcrumb":{"@id":"https:\/\/www.hhglobal.com\/it\/#breadcrumb"},"inLanguage":"it-IT","potentialAction":[{"@type":"ReadAction","target":["https:\/\/www.hhglobal.com\/it\/"]}]},{"@type":"BreadcrumbList","@id":"https:\/\/www.hhglobal.com\/it\/#breadcrumb","itemListElement":[{"@type":"ListItem","position":1,"name":"Home","item":"https:\/\/www.hhglobal.com\/it\/"},{"@type":"ListItem","position":2,"name":"Home Page"}]},{"@type":"WebSite","@id":"https:\/\/www.hhglobal.com\/it\/#website","url":"https:\/\/www.hhglobal.com\/it\/","name":"HH Global","description":"The global, tech-enabled creative production and procurement partner.","publisher":{"@id":"https:\/\/www.hhglobal.com\/it\/#organization"},"potentialAction":[{"@type":"SearchAction","target":{"@type":"EntryPoint","urlTemplate":"https:\/\/www.hhglobal.com\/it\/?s={search_term_string}"},"query-input":{"@type":"PropertyValueSpecification","valueRequired":true,"valueName":"search_term_string"}}],"inLanguage":"it-IT"},{"@type":"Organization","@id":"https:\/\/www.hhglobal.com\/it\/#organization","name":"HH Global","url":"https:\/\/www.hhglobal.com\/it\/","logo":{"@type":"ImageObject","inLanguage":"it-IT","@id":"https:\/\/www.hhglobal.com\/it\/#\/schema\/logo\/image\/","url":"https:\/\/www.hhglobal.com\/wp-content\/uploads\/2023\/12\/logo-white.svg","contentUrl":"https:\/\/www.hhglobal.com\/wp-content\/uploads\/2023\/12\/logo-white.svg","width":77,"height":18,"caption":"HH Global"},"image":{"@id":"https:\/\/www.hhglobal.com\/it\/#\/schema\/logo\/image\/"}}]}},"_links":{"self":[{"href":"https:\/\/www.hhglobal.com\/it\/wp-json\/wp\/v2\/pages\/6874","targetHints":{"allow":["GET"]}}],"collection":[{"href":"https:\/\/www.hhglobal.com\/it\/wp-json\/wp\/v2\/pages"}],"about":[{"href":"https:\/\/www.hhglobal.com\/it\/wp-json\/wp\/v2\/types\/page"}],"author":[{"embeddable":true,"href":"https:\/\/www.hhglobal.com\/it\/wp-json\/wp\/v2\/users\/41"}],"replies":[{"embeddable":true,"href":"https:\/\/www.hhglobal.com\/it\/wp-json\/wp\/v2\/comments?post=6874"}],"version-history":[{"count":0,"href":"https:\/\/www.hhglobal.com\/it\/wp-json\/wp\/v2\/pages\/6874\/revisions"}],"wp:attachment":[{"href":"https:\/\/www.hhglobal.com\/it\/wp-json\/wp\/v2\/media?parent=6874"}],"curies":[{"name":"wp","href":"https:\/\/api.w.org\/{rel}","templated":true}]}}