{"id":19180,"date":"2022-05-18T10:29:54","date_gmt":"2022-05-18T10:29:54","guid":{"rendered":"https:\/\/www.hhglobal.com\/creative-digital-2\/"},"modified":"2024-06-05T14:26:06","modified_gmt":"2024-06-05T14:26:06","slug":"creative-digital","status":"publish","type":"page","link":"https:\/\/www.hhglobal.com\/it\/creative-digital-2\/","title":{"rendered":"Creativa + Digitale"},"content":{"rendered":"","protected":false},"excerpt":{"rendered":"","protected":false},"author":41,"featured_media":0,"parent":0,"menu_order":0,"comment_status":"closed","ping_status":"closed","template":"","meta":{"_acf_changed":"","_yoast_wpseo_focuskw":"","_yoast_wpseo_metadesc":"","_yoast_wpseo_linkdex":"","_yoast_wpseo_content_score":"","_yoast_wpseo_meta-robots-noindex":"","_yoast_wpseo_meta-robots-nofollow":"","inline_featured_image":[],"_genesis_block_theme_hide_title":false,"_cms_nav_minihome":"","_icl_lang_duplicate_of":"","_menu_item_classes":[],"_menu_item_menu_item_parent":"","_menu_item_object":"","_menu_item_object_id":"","_menu_item_orphaned":"","_menu_item_target":"","_menu_item_type":"","_menu_item_url":"","_menu_item_xfn":"","_seedprod_page":"","_seedprod_page_template_type":"","_seedprod_page_uuid":"","_top_nav_excluded":"","_wp_attachment_backup_sizes":[],"_wp_attachment_context":"","_wp_attachment_image_alt":"","_wp_old_date":"","_wpcode_auto_insert":"","_wpcode_auto_insert_number":"","_wpcode_library_id":"","_wpml_media_duplicate":"1","_wpml_media_featured":"1","_wpml_post_translation_editor_native":"","_wpml_word_count":"{\"total\":596,\"to_translate\":{\"zh\":596,\"cs\":596,\"nl\":596,\"en\":596,\"fr\":596,\"de\":596,\"ja\":596,\"ko\":596,\"pt\":596,\"es\":596}}","_yoast_wpseo_estimated-reading-time-minutes":["0"],"_yoast_wpseo_primary_category":"","_yoast_wpseo_primary_industry":"","_yoast_wpseo_primary_solution":"","_yoast_wpseo_primary_the_author":"","_yoast_wpseo_wordproof_timestamp":"","acfml_non_translatable_locations":[],"career_externalLink":"","career_featuredImage":"","career_title":"","casestudy_featuredImage":"","casestudy_title":"","infocallout_excerpt":"","infocallout_featuredImage":"","infocallout_title":"","jobTitle":"","language":"","name":"","profilePicture":"","wp-smpro-smush-data":[],"wp-smush-animated":"","wp-smush-ignore-bulk":"","wp-smush-lossy":"","wpml_media_processed":"","_wpcode_conditional_logic_enabled":"","_wpcode_location_extra":"","_wpcode_note":"","_wpcode_priority":"","_wpcode_shortcode_attributes":[],"footnotes":""},"class_list":["post-19180","page","type-page","status-publish","hentry","post","without-featured-image"],"acf":{"page_title":"Data-driven creative production for global marketing | HH Global","page_description":"Scopri come HH Global trasforma i data insight nella produzione digitale e creativa di grande impatto che alimenta le campagne di marketing globali per i brand di tutto il mondo \r\n ","social_title":"","social_description":"","social_share_image":null,"modules":[{"acf_fc_layout":"hero","size":"medium2","theme":"dark","choose_images":[{"image":19087},{"image":19098},{"image":19109},{"image":19120}],"show_eyebrow":false,"eyebrow":"","title":"Creativa + Digitale","show_cta":false,"cta_url":"","cta_title":""},{"acf_fc_layout":"intro_content_block","scroll_to_link":"","container_background_color":"bg-white","type":false,"show_image":false,"intro_image":null,"show_background":false,"background":null,"show_eyebrow":false,"eyebrow":"","show_designations":false,"designations":null,"show_title":true,"size":"large","title":"Produzione creativa basata su dati per il marketing globale","show_intro":false,"intro":"","show_body":false,"body":"","show_labels":false,"labels":{"show_social":false,"custom_categories":null}},{"acf_fc_layout":"text_with_media_carousel","scroll_to_link":"","theme":"light","container_background_color":"bg-primary-black","highlight_color":"purple","title":"Amplificazione dell'impatto del brand","content":"Grazie alla potenza della nostra tecnologia proprietaria, creiamo campagne strategiche basate su dati per una performance del brand ad alto impatto. Su tutti i media, tutti i canali e tutti i mercati.\r\n\r\nLa nostra esperienza nella produzione globale, creativa e digitale ci consente di fornire campagne ottimizzate per i contenuti per molti dei pi\u00f9 grandi brand del mondo. Il risultato \u00e8 un grande impatto per le grandi idee dei nostri clienti: risultati di successo e un ritorno rivoluzionario sui loro investimenti di marketing.","additional_spacing":false,"features_title":"Linee di servizio","features":[{"navigation_label":"Creativo Strategico","show_title":true,"title":"Creativo Strategico","show_subtitle":false,"subtitle":"","content":"<strong>Content studio HH Global\u2014on brand, on time, on budget<\/strong>\r\n\r\nCostruiamo contenuti personalizzati e strategici che si allineano alla tua attivit\u00e0 e raggiungono i tuoi obiettivi--migliorando la qualit\u00e0 e la velocit\u00e0 di immissione sul mercato ad un costo inferiore rispetto al modello di agenzia tradizionale.\r\n<ul>\r\n \t<li>Amplifichiamo le campagne creative per i brand su tutti i media, tutti i canali e tutti i mercati<\/li>\r\n \t<li>Un design ponderato e d'impatto favorisce la coerenza del brand e la crescita della categoria<\/li>\r\n \t<li>Il nostro network globale di digital studio forma un vero team globale che segue il sole<\/li>\r\n \t<li>Il tutto con risorse dedicate ottimizzate per il volume, tariffe trasparenti e monitoraggio delle risorse a tempo pieno<\/li>\r\n<\/ul>","choose_media":[{"image":19131}],"vimeoid":"https:\/\/player.vimeo.com\/video\/820868109","ytid":""},{"navigation_label":"Sviluppo di Contenuti","show_title":true,"title":"Sviluppo di Contenuti","show_subtitle":false,"subtitle":"","content":"Organizziamo studi dedicati internamente o in loco, lavorando esclusivamente per te per fornire creativit\u00e0 a velocit\u00e0 incentrata sul brand, e conveniente.\r\n\r\nQuesto approccio di partnership consente sia al cliente che all'agenzia di lavorare in piena collaborazione al fine di dare vita ad un team dinamico e incentrato sul brand. Questo ci consente di esplorare a fondo la tua organizzazione, vivere e respirare il brand, comprendere i tuoi obiettivi commerciali e di business, lavorare in modo pi\u00f9 efficace, migliorare la velocit\u00e0 di commercializzazione ad un costo inferiore rispetto al modello di agenzia tradizionale.\r\n<ul>\r\n \t<li><strong>Display Retail:<\/strong> POS 3D + teatro retail, progettazione strutturale, nuovo concept del negozio, mappatura del percorso cliente, localizzazione della campagna di vendita retail, materiale collaterale personalizzato per la zona di lancio<\/li>\r\n \t<li><strong>Branding:<\/strong> sviluppo delle linee guida del brand, display e branding evento, sviluppo dei toolkit campagna<\/li>\r\n \t<li><strong>Digitale:<\/strong> creazione di video e storyboard, social + display, e-book interattivi, progettazione di siti web, e-mail marketing, screen media, realt\u00e0 virtuale aumentata + mondi digitali immersivi, pre e post-produzione<\/li>\r\n \t<li><strong>Materiale stampa e packaging:<\/strong> Strategia e design DM, materiali di marketing, concept e design del packaging, strumenti di vendita per il marketing interno, packaging a valore aggiunto e design del merchandising<\/li>\r\n<\/ul>","choose_media":[{"image":19142}],"vimeoid":"","ytid":""},{"navigation_label":"Produzione contenuti","show_title":true,"title":"Produzione contenuti","show_subtitle":false,"subtitle":"","content":"<ul>\r\n \t<li><strong>Produzione offshore:<\/strong> localizzazione del toolkit campagna, adattamento e ridimensionamento asset, traduzione e transcreazione, adattamento e ritocco dell\u2019elemento chiave visivo<\/li>\r\n \t<li><strong>Adattamenti esecutivi:<\/strong> composizione tipografica, moduli richiesta editabili, formati alternativi e documentazione ad accesso Web e adattamento documenti<\/li>\r\n \t<li><strong>Digitale:<\/strong> editing video, ritagli video e reel, traduzione e transcreazione di video, versioning di risorse social media<\/li>\r\n \t<li><strong>Gestione degli asset:<\/strong> servizi di asset librarianship e gestione dei servizi metadata, controllo qualit\u00e0 e correzione bozze, copyediting, preflight e gestione prestampa<\/li>\r\n<\/ul>","choose_media":[{"image":19153}],"vimeoid":"","ytid":""},{"navigation_label":"Data + Insight","show_title":true,"title":"Data + Insight","show_subtitle":false,"subtitle":"","content":"Sfruttiamo dati, insight e tecnologia per sviluppare strategie e programmi di comunicazione che offrano ai clienti esperienze personalizzate e senza soluzione di continuit\u00e0 con campagne ottimizzate per contenuti su diversi canali che garantiscono successo commerciale e ritorno sull'investimento marketing.\r\n<ul>\r\n \t<li><strong>Creativit\u00e0 guidata dai dati:<\/strong> Le immagini e il tono di HH Global operano per un coinvolgimento pi\u00f9 efficace dei clienti target della nostra clientela con messaggi di marketing personalizzati<\/li>\r\n \t<li><strong>Canali di comunicazione ottimizzati:<\/strong> I nostri team data science possono utilizzare l'analisi predittiva dei dati per determinare dove la tua spesa marketing generer\u00e0 i maggiori rendimenti eliminando altres\u00ec la produzione non necessaria<\/li>\r\n \t<li><strong>Miglioramento degli investimenti in marketing:<\/strong> I nostri team lavorano per garantire che la tua tecnologia marketing e le tue risorse dati garantiscano i massimi risultati a supporto dell\u2019investimento<\/li>\r\n \t<li><strong>Insight aziendali ad alto impatto:<\/strong> Diamo vita ai dati--la tua pi\u00f9 grande risorsa aziendale\u2014per generare informazioni tangibili, utili e fruibili a risolvere le tue pi\u00f9 grandi sfide di marketing<\/li>\r\n<\/ul>","choose_media":[{"image":19164}],"vimeoid":"","ytid":""}]},{"acf_fc_layout":"content_block","container_background_color":"bg-grey","show_header":false,"header":"","contents":[{"show_header_icon":false,"header_icon":null,"show_header":true,"header":"26","header_color":"secondary-blue","show_subheader":true,"subheader":"Studi Creativi","description":""},{"show_header_icon":false,"header_icon":null,"show_header":true,"header":"72.015","header_color":"purple","show_subheader":true,"subheader":"Digital asset gestiti","description":""},{"show_header_icon":false,"header_icon":null,"show_header":true,"header":"612TB ","header_color":"light-purple","show_subheader":true,"subheader":"Asset custoditi","description":""}]},{"acf_fc_layout":"video","container_background_color":"bg-white","layout_style":"default","video_show_title":false,"video_title":"","poster":19175,"vimeoid":"https:\/\/player.vimeo.com\/video\/841829998","ytid":""},{"acf_fc_layout":"cards","scroll_to_link":"","container_background_color":"bg-pure-black","show_heading":true,"heading":"Scopri di pi\u00f9","content":"","cards":{"layout":"case-studies-layout","sub_layout":"simple","cards_display_mode":"bg-white","solution_term":null,"industry_term":null,"author_term":null,"region_term":null,"choose_cards":0,"choose_case_studies":0,"choose_featured_case_studies":0,"choose_staff_members":0,"choose_careers":0,"choose_info_callouts":0,"show_titles":true,"show_description":true,"show_date":false,"show_sector":false}},{"acf_fc_layout":"contact_form","scroll_to_link":"","title":"Contattaci"}]},"yoast_head":"<!-- This site is optimized with the Yoast SEO plugin v27.4 - https:\/\/yoast.com\/product\/yoast-seo-wordpress\/ -->\n<title>Creativa + Digitale - HH Global<\/title>\n<meta name=\"robots\" content=\"index, follow, max-snippet:-1, max-image-preview:large, max-video-preview:-1\" \/>\n<link rel=\"canonical\" href=\"https:\/\/www.hhglobal.com\/it\/creative-digital-2\/\" \/>\n<meta property=\"og:locale\" content=\"it_IT\" \/>\n<meta property=\"og:type\" content=\"article\" \/>\n<meta property=\"og:title\" content=\"Creativa + Digitale - HH Global\" \/>\n<meta property=\"og:url\" content=\"https:\/\/www.hhglobal.com\/it\/creative-digital-2\/\" \/>\n<meta property=\"og:site_name\" content=\"HH Global\" \/>\n<meta property=\"article:modified_time\" content=\"2024-06-05T14:26:06+00:00\" \/>\n<meta name=\"twitter:card\" content=\"summary_large_image\" \/>\n<script type=\"application\/ld+json\" class=\"yoast-schema-graph\">{\"@context\":\"https:\\\/\\\/schema.org\",\"@graph\":[{\"@type\":\"WebPage\",\"@id\":\"https:\\\/\\\/www.hhglobal.com\\\/it\\\/creative-digital-2\\\/\",\"url\":\"https:\\\/\\\/www.hhglobal.com\\\/it\\\/creative-digital-2\\\/\",\"name\":\"Creativa + Digitale - HH Global\",\"isPartOf\":{\"@id\":\"https:\\\/\\\/www.hhglobal.com\\\/it\\\/#website\"},\"datePublished\":\"2022-05-18T10:29:54+00:00\",\"dateModified\":\"2024-06-05T14:26:06+00:00\",\"breadcrumb\":{\"@id\":\"https:\\\/\\\/www.hhglobal.com\\\/it\\\/creative-digital-2\\\/#breadcrumb\"},\"inLanguage\":\"it-IT\",\"potentialAction\":[{\"@type\":\"ReadAction\",\"target\":[\"https:\\\/\\\/www.hhglobal.com\\\/it\\\/creative-digital-2\\\/\"]}]},{\"@type\":\"BreadcrumbList\",\"@id\":\"https:\\\/\\\/www.hhglobal.com\\\/it\\\/creative-digital-2\\\/#breadcrumb\",\"itemListElement\":[{\"@type\":\"ListItem\",\"position\":1,\"name\":\"Home\",\"item\":\"https:\\\/\\\/www.hhglobal.com\\\/it\\\/\"},{\"@type\":\"ListItem\",\"position\":2,\"name\":\"Creativa + Digitale\"}]},{\"@type\":\"WebSite\",\"@id\":\"https:\\\/\\\/www.hhglobal.com\\\/it\\\/#website\",\"url\":\"https:\\\/\\\/www.hhglobal.com\\\/it\\\/\",\"name\":\"HH Global\",\"description\":\"The global, tech-enabled creative production and procurement partner.\",\"publisher\":{\"@id\":\"https:\\\/\\\/www.hhglobal.com\\\/it\\\/#organization\"},\"potentialAction\":[{\"@type\":\"SearchAction\",\"target\":{\"@type\":\"EntryPoint\",\"urlTemplate\":\"https:\\\/\\\/www.hhglobal.com\\\/it\\\/?s={search_term_string}\"},\"query-input\":{\"@type\":\"PropertyValueSpecification\",\"valueRequired\":true,\"valueName\":\"search_term_string\"}}],\"inLanguage\":\"it-IT\"},{\"@type\":\"Organization\",\"@id\":\"https:\\\/\\\/www.hhglobal.com\\\/it\\\/#organization\",\"name\":\"HH Global\",\"url\":\"https:\\\/\\\/www.hhglobal.com\\\/it\\\/\",\"logo\":{\"@type\":\"ImageObject\",\"inLanguage\":\"it-IT\",\"@id\":\"https:\\\/\\\/www.hhglobal.com\\\/it\\\/#\\\/schema\\\/logo\\\/image\\\/\",\"url\":\"https:\\\/\\\/www.hhglobal.com\\\/wp-content\\\/uploads\\\/2023\\\/12\\\/logo-white.svg\",\"contentUrl\":\"https:\\\/\\\/www.hhglobal.com\\\/wp-content\\\/uploads\\\/2023\\\/12\\\/logo-white.svg\",\"width\":77,\"height\":18,\"caption\":\"HH Global\"},\"image\":{\"@id\":\"https:\\\/\\\/www.hhglobal.com\\\/it\\\/#\\\/schema\\\/logo\\\/image\\\/\"}}]}<\/script>\n<!-- \/ Yoast SEO plugin. -->","yoast_head_json":{"title":"Creativa + Digitale - HH Global","robots":{"index":"index","follow":"follow","max-snippet":"max-snippet:-1","max-image-preview":"max-image-preview:large","max-video-preview":"max-video-preview:-1"},"canonical":"https:\/\/www.hhglobal.com\/it\/creative-digital-2\/","og_locale":"it_IT","og_type":"article","og_title":"Creativa + Digitale - HH Global","og_url":"https:\/\/www.hhglobal.com\/it\/creative-digital-2\/","og_site_name":"HH Global","article_modified_time":"2024-06-05T14:26:06+00:00","twitter_card":"summary_large_image","schema":{"@context":"https:\/\/schema.org","@graph":[{"@type":"WebPage","@id":"https:\/\/www.hhglobal.com\/it\/creative-digital-2\/","url":"https:\/\/www.hhglobal.com\/it\/creative-digital-2\/","name":"Creativa + Digitale - HH Global","isPartOf":{"@id":"https:\/\/www.hhglobal.com\/it\/#website"},"datePublished":"2022-05-18T10:29:54+00:00","dateModified":"2024-06-05T14:26:06+00:00","breadcrumb":{"@id":"https:\/\/www.hhglobal.com\/it\/creative-digital-2\/#breadcrumb"},"inLanguage":"it-IT","potentialAction":[{"@type":"ReadAction","target":["https:\/\/www.hhglobal.com\/it\/creative-digital-2\/"]}]},{"@type":"BreadcrumbList","@id":"https:\/\/www.hhglobal.com\/it\/creative-digital-2\/#breadcrumb","itemListElement":[{"@type":"ListItem","position":1,"name":"Home","item":"https:\/\/www.hhglobal.com\/it\/"},{"@type":"ListItem","position":2,"name":"Creativa + Digitale"}]},{"@type":"WebSite","@id":"https:\/\/www.hhglobal.com\/it\/#website","url":"https:\/\/www.hhglobal.com\/it\/","name":"HH Global","description":"The global, tech-enabled creative production and procurement partner.","publisher":{"@id":"https:\/\/www.hhglobal.com\/it\/#organization"},"potentialAction":[{"@type":"SearchAction","target":{"@type":"EntryPoint","urlTemplate":"https:\/\/www.hhglobal.com\/it\/?s={search_term_string}"},"query-input":{"@type":"PropertyValueSpecification","valueRequired":true,"valueName":"search_term_string"}}],"inLanguage":"it-IT"},{"@type":"Organization","@id":"https:\/\/www.hhglobal.com\/it\/#organization","name":"HH Global","url":"https:\/\/www.hhglobal.com\/it\/","logo":{"@type":"ImageObject","inLanguage":"it-IT","@id":"https:\/\/www.hhglobal.com\/it\/#\/schema\/logo\/image\/","url":"https:\/\/www.hhglobal.com\/wp-content\/uploads\/2023\/12\/logo-white.svg","contentUrl":"https:\/\/www.hhglobal.com\/wp-content\/uploads\/2023\/12\/logo-white.svg","width":77,"height":18,"caption":"HH Global"},"image":{"@id":"https:\/\/www.hhglobal.com\/it\/#\/schema\/logo\/image\/"}}]}},"_links":{"self":[{"href":"https:\/\/www.hhglobal.com\/it\/wp-json\/wp\/v2\/pages\/19180","targetHints":{"allow":["GET"]}}],"collection":[{"href":"https:\/\/www.hhglobal.com\/it\/wp-json\/wp\/v2\/pages"}],"about":[{"href":"https:\/\/www.hhglobal.com\/it\/wp-json\/wp\/v2\/types\/page"}],"author":[{"embeddable":true,"href":"https:\/\/www.hhglobal.com\/it\/wp-json\/wp\/v2\/users\/41"}],"replies":[{"embeddable":true,"href":"https:\/\/www.hhglobal.com\/it\/wp-json\/wp\/v2\/comments?post=19180"}],"version-history":[{"count":0,"href":"https:\/\/www.hhglobal.com\/it\/wp-json\/wp\/v2\/pages\/19180\/revisions"}],"wp:attachment":[{"href":"https:\/\/www.hhglobal.com\/it\/wp-json\/wp\/v2\/media?parent=19180"}],"curies":[{"name":"wp","href":"https:\/\/api.w.org\/{rel}","templated":true}]}}