{"id":12119,"date":"2023-10-04T15:26:13","date_gmt":"2023-10-04T15:26:13","guid":{"rendered":"https:\/\/decoupledhhg.wpengine.com\/sustainable-growth\/"},"modified":"2023-12-01T11:06:15","modified_gmt":"2023-12-01T11:06:15","slug":"sustainable-growth","status":"publish","type":"page","link":"https:\/\/www.hhglobal.com\/it\/who-we-are\/sustainable-growth\/","title":{"rendered":"Crescita sostenibile"},"content":{"rendered":"","protected":false},"excerpt":{"rendered":"","protected":false},"author":31,"featured_media":23133,"parent":0,"menu_order":0,"comment_status":"closed","ping_status":"closed","template":"","meta":{"_acf_changed":"","_yoast_wpseo_focuskw":"","_yoast_wpseo_metadesc":"","_yoast_wpseo_linkdex":"","_yoast_wpseo_content_score":"","_yoast_wpseo_meta-robots-noindex":"","_yoast_wpseo_meta-robots-nofollow":"","inline_featured_image":[],"_genesis_block_theme_hide_title":false,"_cms_nav_minihome":"","_icl_lang_duplicate_of":"","_menu_item_classes":[],"_menu_item_menu_item_parent":"","_menu_item_object":"","_menu_item_object_id":"","_menu_item_orphaned":"","_menu_item_target":"","_menu_item_type":"","_menu_item_url":"","_menu_item_xfn":"","_seedprod_page":"","_seedprod_page_template_type":"","_seedprod_page_uuid":"","_top_nav_excluded":"","_wp_attachment_backup_sizes":[],"_wp_attachment_context":"","_wp_attachment_image_alt":"","_wp_old_date":"","_wpcode_auto_insert":"","_wpcode_auto_insert_number":"","_wpcode_library_id":"","_wpml_media_duplicate":"1","_wpml_media_featured":"1","_wpml_post_translation_editor_native":"","_wpml_word_count":"{\"total\":595,\"to_translate\":{\"zh\":595,\"zh-hans\":595,\"cs\":595,\"nl\":595,\"fr\":595,\"de\":595,\"it\":595,\"ja\":595,\"ko\":595,\"pt\":595,\"pt-br\":595,\"es\":595}}","_yoast_wpseo_estimated-reading-time-minutes":[],"_yoast_wpseo_primary_category":"","_yoast_wpseo_primary_industry":"","_yoast_wpseo_primary_solution":"","_yoast_wpseo_primary_the_author":"","_yoast_wpseo_wordproof_timestamp":"","acfml_non_translatable_locations":[],"career_externalLink":"","career_featuredImage":"","career_title":"","casestudy_featuredImage":"","casestudy_title":"","infocallout_excerpt":"","infocallout_featuredImage":"","infocallout_title":"","jobTitle":"","language":"","name":"","profilePicture":"","wp-smpro-smush-data":[],"wp-smush-animated":"","wp-smush-ignore-bulk":"","wp-smush-lossy":"","wpml_media_processed":"","_wpcode_conditional_logic_enabled":"","_wpcode_location_extra":"","_wpcode_note":"","_wpcode_priority":"","_wpcode_shortcode_attributes":[],"footnotes":""},"class_list":["post-12119","page","type-page","status-publish","has-post-thumbnail","hentry","post","with-featured-image"],"acf":{"page_title":"Crescita sostenibile | HH Global","page_description":"","social_title":"","social_description":"","social_share_image":null,"modules":[{"acf_fc_layout":"hero","size":"medium2","theme":"dark","choose_images":[{"image":9872}],"show_eyebrow":false,"eyebrow":"","title":"Crescita sostenibile","show_cta":false,"cta_url":"","cta_title":""},{"acf_fc_layout":"text_with_media_carousel","theme":"light","container_background_color":"bg-white","highlight_color":"purple","title":"Valorizzazione dei marchi con il marketing sostenibile","content":"Con la crisi climatica che tocca ciascuno di noi cos\u00ec da vicino, la sostenibilit\u00e0 deve aprire la via a un cambiamento concreto.\r\n\r\nHH Global \u00e8 all\u2019avanguardia nel marketing sostenibile e permette ai marchi di avere un impatto incisivo e forte sul mercato, con al contempo un\u2019impronta ambientale pi\u00f9 bassa.","additional_spacing":true,"features_title":"","features":[{"navigation_label":"Progettazione per un futuro sostenibile","show_title":true,"title":"Progettazione per un futuro sostenibile","show_subtitle":false,"subtitle":"","content":"Collaboriamo con i brand per cambiare il modo di pensare nella progettazione e nell\u2019esecuzione del marketing fisico. Colmando il gap tra progettisti e realizzatori, i nostri servizi consentono di prendere decisioni informate, fornendo alle aziende le conoscenze e gli strumenti necessari per esplorare le interessanti opportunit\u00e0 offerte da pratiche pi\u00f9 sostenibili.\r\n\r\nTramite <strong>Conscious Creative<\/strong>, miglioriamo la sostenibilit\u00e0 del marketing nel processo di progettazione, dal momento in cui scaturisce l\u2019idea fino al compimento del progetto.\r\n\r\n<a style=\"margin-top: 15px; display: inline-flex; align-items: center; height: 54px; padding-left: 18px; padding-right: 18px; border-radius: 4px; font-size: 16px; line-height: 16px; color: #000000; background-color: #aeff24; text-decoration: none; font-weight: 400;\" href=\"\/it\/who-we-are\/conscious-creative\/\">Scopri di pi\u00f9<\/a>","choose_media":[{"image":9883}],"vimeoid":"","ytid":""},{"navigation_label":"Potenti strumenti per aprire la strada al cambiamento","show_title":true,"title":"Potenti strumenti per aprire la strada al cambiamento","show_subtitle":false,"subtitle":"","content":"Utilizzando tecnologie avanzate e informazioni e insight strategici basati sui dati, spianiamo la strada ai clienti e ai partner strategici. I nostri strumenti proprietari, all\u2019avanguardia, aumentano l\u2019efficienza operativa e i risultati.\r\n\r\nCi concentriamo sulle esigenze dei clienti, teniamo traccia delle spese, misuriamo la CO<sub>2<\/sub> e le performance in un\u2019ottica di miglioramento continuo. Dopodich\u00e9, ci avvaliamo di informazioni e insight strategici per unire le forze e le risorse consentendo una rapida scalabilit\u00e0, l\u2019ottimizzazione della funzionalit\u00e0 e una crescita trasformativa, riducendo al contempo sprechi e rifiuti.","choose_media":[{"image":9894}],"vimeoid":"","ytid":""},{"navigation_label":"Approvvigionamento etico","show_title":true,"title":"Approvvigionamento etico","show_subtitle":false,"subtitle":"","content":"I nostri programmi di approvvigionamento personalizzati riducono i rischi e ottimizzano le filiere. Siamo cultori dell\u2019eccellenza nell\u2019approvvigionamento di materiali sostenibili e nella produzione sostenibile basati su filiere controllate.\r\n\r\nRiducendo l\u2019impatto ambientale e sociale, la competenza di HH Global aiuta i clienti ad allineare i propri valori con le migliori prassi di approvvigionamento.\r\n\r\n<a style=\"margin-top: 15px; display: inline-flex; align-items: center; height: 54px; padding-left: 18px; padding-right: 18px; border-radius: 4px; font-size: 16px; line-height: 16px; color: #000000; background-color: #aeff24; text-decoration: none; font-weight: 400;\" href=\"\/it\/who-we-are\/inspiring-solutions\/\">Scopri di pi\u00f9<\/a>","choose_media":[{"image":9905}],"vimeoid":"","ytid":""},{"navigation_label":"Gestione dell\u2019impronta carbonica","show_title":true,"title":"Gestione dell\u2019impronta carbonica","show_subtitle":false,"subtitle":"","content":"Forniamo metodi innovativi per misurare e certificare le emissioni di CO<sub>2<\/sub>.\r\n\r\n<strong>Soluzioni a spreco zero<\/strong>\r\n\r\nLe strategie di HH Global aiutano i marchi a ridurre la loro impronta ecologica. Puntando su soluzioni che comportano zero rifiuti e zero sprechi e promuovendo l\u2019economia circolare, sosteniamo i marchi nel rendere la sostenibilit\u00e0 parte integrante del proprio business.","choose_media":[{"image":9916}],"vimeoid":"","ytid":""}]},{"acf_fc_layout":"text_with_media_carousel","theme":"light","container_background_color":"bg-grey","highlight_color":"purple","title":"Standard di sostenibilit\u00e0","content":"Rispettiamo costantemente i pi\u00f9 elevati standard ambientali, sociali e di governance.","additional_spacing":true,"features_title":"","features":[{"navigation_label":"ESG","show_title":true,"title":"ESG","show_subtitle":false,"subtitle":"","content":"La rendicontazione in ambito ESG (ambientale, sociale e di governance) non \u00e8 pi\u00f9 un optional per le grandi aziende. Le metriche di sostenibilit\u00e0 sono ormai parte integrante del reporting annuale, a garanzia di trasparenza e responsabilit\u00e0 per consumatori e investitori. La misurazione della responsabilit\u00e0 aziendale \u00e8 la nuova normalit\u00e0.","choose_media":[{"image":9927}],"vimeoid":"","ytid":""},{"navigation_label":"CSRD","show_title":true,"title":"CSRD","show_subtitle":false,"subtitle":"","content":"L\u2019Unione europea ha introdotto la Corporate Sustainability Reporting Directive (CSRD), che richiede una rendicontazione dettagliata per le societ\u00e0 dell\u2019UE e per le societ\u00e0 extra-UE che raggiungono determinate soglie di fatturato netto all\u2019interno dell\u2019Unione e per le societ\u00e0 quotate sui mercati regolamentati dell\u2019UE.","choose_media":[{"image":9938}],"vimeoid":"","ytid":""},{"navigation_label":"Standard Net Zero","show_title":true,"title":"Standard Net Zero","show_subtitle":false,"subtitle":"","content":"Siamo la prima azienda del nostro settore, e tra le prime al mondo, ad aver ottenuto l\u2019approvazione SBTi (Science Based Targets Initiative) dei nostri obiettivi Standard Net Zero. In collaborazione con partner globali, ci siamo impegnati a ridurre le emissioni di gas serra del 50% entro l\u2019anno fiscale 2030 e del 90% entro l\u2019anno fiscale 2040.","choose_media":[{"image":9949}],"vimeoid":"","ytid":""},{"navigation_label":"TCFD","show_title":true,"title":"TCFD","show_subtitle":false,"subtitle":"","content":"La Task Force on Climate-related Financial Disclosures (TCFD) ha sviluppato una serie di raccomandazioni che stanno cambiando il modo in cui le organizzazioni gestiscono i rischi e le opportunit\u00e0 legate al clima. Il governo del Regno Unito \u00e8 stato il primo paese del G20 a rendere obbligatoria l\u2019informativa allineata alla TCFD per oltre 1.300 delle maggiori societ\u00e0 e istituzioni finanziarie registrate nel Regno Unito.\r\n\r\nPer ulteriori informazioni visita: <a href=\"https:\/\/www.fsb-tcfd.org\/\" target=\"_blank\" rel=\"noopener\">https:\/\/www.fsb-tcfd.org\/<\/a>","choose_media":[{"image":9960}],"vimeoid":"","ytid":""},{"navigation_label":"SDG delle Nazioni Unite","show_title":true,"title":"SDG delle Nazioni Unite","show_subtitle":false,"subtitle":"","content":"L\u2019ONU con i propri SDG ha stabilito degli obiettivi con l\u2019intento di promuovere iniziative per il clima, lo sviluppo sostenibile, le energie rinnovabili e il consumo responsabile, ponendo fine alle disuguaglianze, alla povert\u00e0 e alla fame, per creare un mondo equo e sostenibile dal punto di vista ambientale per tutti.","choose_media":[{"image":9971}],"vimeoid":"","ytid":""},{"navigation_label":"ISO 14001","show_title":true,"title":"ISO 14001","show_subtitle":false,"subtitle":"","content":"La norma ISO 14001 \u00e8 una norma internazionale che fornisce indicazioni su come considerare molteplici aspetti dell\u2019attivit\u00e0 aziendale per ridurre l\u2019impatto sull\u2019ambiente. Aiuta a valutare gli acquisti, la distribuzione, lo sviluppo dei prodotti, la risposta alle emergenze, le aspettative dei clienti, i rapporti con gli stakeholder e le comunit\u00e0 locali.\r\n\r\nPer ulteriori informazioni fai <a href=\"https:\/\/www.bsigroup.com\/en-gb\/iso-14001-environmental-management\/\" target=\"_blank\" rel=\"noopener\">clic qui<\/a>.","choose_media":[{"image":9982}],"vimeoid":"","ytid":""},{"navigation_label":"EcoVadis","show_title":true,"title":"EcoVadis","show_subtitle":false,"subtitle":"","content":"EcoVadis \u00e8 una piattaforma di valutazione della sostenibilit\u00e0 aziendale riconosciuta in tutto il mondo.\r\n\r\nFacilita la gestione del rischio ESG e della conformit\u00e0 legale, in un\u2019ottica di miglioramento delle performance di sostenibilit\u00e0 aziendale. HH Global \u00e8 un\u2019azienda con rating Gold da oltre 5 anni.\r\n\r\nPer ulteriori informazioni fai <a href=\"https:\/\/ecovadis.com\/\" target=\"_blank\" rel=\"noopener\">clic qui<\/a>.","choose_media":[{"image":9993}],"vimeoid":"","ytid":""}]},{"acf_fc_layout":"intro_content_block","container_background_color":"bg-white","type":false,"show_image":false,"intro_image":null,"show_background":false,"background":null,"show_eyebrow":false,"eyebrow":"","show_designations":false,"designations":null,"show_title":true,"size":"large","title":"","show_intro":false,"intro":"","show_body":false,"body":"","show_labels":false,"labels":{"show_social":false,"custom_categories":null}},{"acf_fc_layout":"simple_content_block","scroll_to_link":"","container_background_color":"bg-white","columns":1,"title_one":"","content_one":"","title_two":"","content_two":""},{"acf_fc_layout":"simple_content_block","scroll_to_link":"","container_background_color":"bg-white","columns":"2","title_one":"","content_one":"<img class=\"alignnone size-medium wp-image-12328\" src=\"https:\/\/decoupledhhg.wpengine.com\/wp-content\/uploads\/2023\/11\/1644910-Italian-300x90.png\" alt=\"\" width=\"300\" height=\"90\" \/>\r\n\r\n<strong>Lavoro dignitoso e crescita economica<\/strong>\r\n\r\nIl riconoscimento entro il 2025 di condizioni dignitose, salari equi, parit\u00e0 di trattamento e riconoscimento dei diritti dei dipendenti sul posto di lavoro garantir\u00e0 il raggiungimento dei seguenti obiettivi:\r\n<ul>\r\n \t<li>Il percepimento da parte dei dipendenti di un salario di sussistenza e la conferma dell\u2019adozione di policy per il riconoscimento di salari di sussistenza da parte del 100% dei nostri fornitori Tier 1 (diretti).*<\/li>\r\n \t<li>L\u2019allineamento da parte del 100% dei nostri fornitori Tier 1 (diretti)* con i nostri precisi standard in materia ambientale e sociale (o la messa in atto di piani per allinearvisi).<\/li>\r\n \t<li>L\u2019ottenimento da parte di tutti i nostri fornitori Tier 1 (diretti)* di informazioni e linee guida sugli obiettivi di sviluppo sostenibile (SDG) da perseguire, con il 30% di loro disposti a condividerli e supportarli.<\/li>\r\n<\/ul>\r\n<em>*Fornitori che rappresentano il 95% della spesa di HH Global.<\/em>","title_two":"","content_two":"<img class=\"alignnone size-medium wp-image-12449\" src=\"https:\/\/decoupledhhg.wpengine.com\/wp-content\/uploads\/2023\/11\/1644910-Italian-1-300x90.png\" alt=\"\" width=\"300\" height=\"90\" \/>\r\n\r\n<strong>Riduzione delle disuguaglianze<\/strong>\r\n\r\nUn\u2019organizzazione diversificata e inclusiva, che riflette l\u2019eterogeneit\u00e0 delle comunit\u00e0 in cui operiamo. Rispettiamo i diritti e le opportunit\u00e0 di ogni persona, indipendentemente da sesso, etnia, credo religioso, orientamento sessuale o background socio-economico. Entro il 2025:\r\n<ul>\r\n \t<li>Avremo il 30% di rappresentanza eterogenea nella leadership di HH Global* (sulla base di criteri di genere, razza, etnia, et\u00e0 e generazioni).<\/li>\r\n \t<li>Ci rivolgeremo per il 15% della nostra spesa annuale presso fornitori piccoli e diversificati.<\/li>\r\n \t<li>Garantiremo che tutti i nostri programmi di sviluppo e formazione includano i principi di diversit\u00e0 e inclusione e siano completati dal 100% dei dipendenti.<\/li>\r\n<\/ul>\r\n<em>*Consiglio di amministrazione del gruppo e team di leadership regionale.<\/em>"},{"acf_fc_layout":"simple_content_block","scroll_to_link":"","container_background_color":"bg-white","columns":"2","title_one":"","content_one":"<img class=\"alignnone size-medium wp-image-12570\" src=\"https:\/\/decoupledhhg.wpengine.com\/wp-content\/uploads\/2023\/11\/1644910-Italian-2-300x90.png\" alt=\"\" width=\"300\" height=\"90\" \/>\r\n\r\n<strong>Consumo e produzione responsabili<\/strong>\r\n\r\nGarantire che i prodotti siano acquistati e fabbricati in modo responsabile, e al contempo mostrare ai clienti le alternative pi\u00f9 sostenibili. Entro il 2025, ci impegniamo a:\r\n<ul>\r\n \t<li>Aumentare del 20% (rispetto al 2021) il ricorso a contenuti riciclati nella produzione, educando i nostri clienti ad adottare soluzioni alternative alla plastica, come i materiali a base di fibre cellulosiche.<\/li>\r\n \t<li>Fornire a tutti i clienti un calcolo dell\u2019impatto ambientale in fase di preventivo.<\/li>\r\n \t<li>Eliminare la plastica monouso nei nostri uffici.<\/li>\r\n<\/ul>","title_two":"","content_two":"<img class=\"alignnone size-medium wp-image-12680\" src=\"https:\/\/decoupledhhg.wpengine.com\/wp-content\/uploads\/2023\/11\/1644910-Italian-3-300x90.png\" alt=\"\" width=\"300\" height=\"90\" \/>\r\n\r\n<strong>Azioni per la mitigazione del cambiamento climatico<\/strong>\r\n\r\nContribuire a mantenere il riscaldamento globale al di sotto di 1,5 \u00b0C, riducendo la nostra impronta di carbonio e raggiungendo le tappe fondamentali per arrivare a emissioni nette zero.\r\n<ul>\r\n \t<li>Ricorso al 100% di energie rinnovabili nelle nostre attivit\u00e0 operative entro il 2025.<\/li>\r\n \t<li>Riduzione del 50% delle emissioni entro il 2030.*<\/li>\r\n \t<li>Riduzione del 90% delle emissioni entro il 2040.*<\/li>\r\n \t<li>Investimenti continui in soluzioni basate sulla natura.<\/li>\r\n \t<li>Neutralizzazione del 10% delle emissioni entro il 2040.<\/li>\r\n<\/ul>\r\n<em>* Rispetto ai livelli di riferimento dell\u2019anno fiscale 2022.<\/em>"},{"acf_fc_layout":"contact_form","title":"Get in touch"}]},"yoast_head":"<!-- This site is optimized with the Yoast SEO plugin v27.3 - https:\/\/yoast.com\/product\/yoast-seo-wordpress\/ -->\n<title>Crescita sostenibile - HH Global<\/title>\n<meta name=\"robots\" content=\"index, follow, max-snippet:-1, max-image-preview:large, max-video-preview:-1\" \/>\n<link rel=\"canonical\" href=\"https:\/\/www.hhglobal.com\/it\/who-we-are\/sustainable-growth\/\" \/>\n<meta property=\"og:locale\" content=\"it_IT\" \/>\n<meta property=\"og:type\" content=\"article\" \/>\n<meta property=\"og:title\" content=\"Crescita sostenibile - HH Global\" \/>\n<meta property=\"og:url\" content=\"https:\/\/www.hhglobal.com\/it\/who-we-are\/sustainable-growth\/\" \/>\n<meta property=\"og:site_name\" content=\"HH Global\" \/>\n<meta property=\"article:modified_time\" content=\"2023-12-01T11:06:15+00:00\" \/>\n<meta name=\"twitter:card\" content=\"summary_large_image\" \/>\n<script type=\"application\/ld+json\" class=\"yoast-schema-graph\">{\"@context\":\"https:\\\/\\\/schema.org\",\"@graph\":[{\"@type\":\"WebPage\",\"@id\":\"https:\\\/\\\/www.hhglobal.com\\\/it\\\/who-we-are\\\/sustainable-growth\\\/\",\"url\":\"https:\\\/\\\/www.hhglobal.com\\\/it\\\/who-we-are\\\/sustainable-growth\\\/\",\"name\":\"Crescita sostenibile - HH Global\",\"isPartOf\":{\"@id\":\"https:\\\/\\\/www.hhglobal.com\\\/it\\\/#website\"},\"primaryImageOfPage\":{\"@id\":\"https:\\\/\\\/www.hhglobal.com\\\/it\\\/who-we-are\\\/sustainable-growth\\\/#primaryimage\"},\"image\":{\"@id\":\"https:\\\/\\\/www.hhglobal.com\\\/it\\\/who-we-are\\\/sustainable-growth\\\/#primaryimage\"},\"thumbnailUrl\":\"https:\\\/\\\/www.hhglobal.com\\\/wp-content\\\/uploads\\\/2024\\\/09\\\/Sustainable-growth-social-image.png\",\"datePublished\":\"2023-10-04T15:26:13+00:00\",\"dateModified\":\"2023-12-01T11:06:15+00:00\",\"breadcrumb\":{\"@id\":\"https:\\\/\\\/www.hhglobal.com\\\/it\\\/who-we-are\\\/sustainable-growth\\\/#breadcrumb\"},\"inLanguage\":\"it-IT\",\"potentialAction\":[{\"@type\":\"ReadAction\",\"target\":[\"https:\\\/\\\/www.hhglobal.com\\\/it\\\/who-we-are\\\/sustainable-growth\\\/\"]}]},{\"@type\":\"ImageObject\",\"inLanguage\":\"it-IT\",\"@id\":\"https:\\\/\\\/www.hhglobal.com\\\/it\\\/who-we-are\\\/sustainable-growth\\\/#primaryimage\",\"url\":\"https:\\\/\\\/www.hhglobal.com\\\/wp-content\\\/uploads\\\/2024\\\/09\\\/Sustainable-growth-social-image.png\",\"contentUrl\":\"https:\\\/\\\/www.hhglobal.com\\\/wp-content\\\/uploads\\\/2024\\\/09\\\/Sustainable-growth-social-image.png\",\"width\":10667,\"height\":7113},{\"@type\":\"BreadcrumbList\",\"@id\":\"https:\\\/\\\/www.hhglobal.com\\\/it\\\/who-we-are\\\/sustainable-growth\\\/#breadcrumb\",\"itemListElement\":[{\"@type\":\"ListItem\",\"position\":1,\"name\":\"Home\",\"item\":\"https:\\\/\\\/www.hhglobal.com\\\/it\\\/\"},{\"@type\":\"ListItem\",\"position\":2,\"name\":\"Crescita sostenibile\"}]},{\"@type\":\"WebSite\",\"@id\":\"https:\\\/\\\/www.hhglobal.com\\\/it\\\/#website\",\"url\":\"https:\\\/\\\/www.hhglobal.com\\\/it\\\/\",\"name\":\"HH Global\",\"description\":\"The global, tech-enabled creative production and procurement partner.\",\"publisher\":{\"@id\":\"https:\\\/\\\/www.hhglobal.com\\\/it\\\/#organization\"},\"potentialAction\":[{\"@type\":\"SearchAction\",\"target\":{\"@type\":\"EntryPoint\",\"urlTemplate\":\"https:\\\/\\\/www.hhglobal.com\\\/it\\\/?s={search_term_string}\"},\"query-input\":{\"@type\":\"PropertyValueSpecification\",\"valueRequired\":true,\"valueName\":\"search_term_string\"}}],\"inLanguage\":\"it-IT\"},{\"@type\":\"Organization\",\"@id\":\"https:\\\/\\\/www.hhglobal.com\\\/it\\\/#organization\",\"name\":\"HH Global\",\"url\":\"https:\\\/\\\/www.hhglobal.com\\\/it\\\/\",\"logo\":{\"@type\":\"ImageObject\",\"inLanguage\":\"it-IT\",\"@id\":\"https:\\\/\\\/www.hhglobal.com\\\/it\\\/#\\\/schema\\\/logo\\\/image\\\/\",\"url\":\"https:\\\/\\\/www.hhglobal.com\\\/wp-content\\\/uploads\\\/2023\\\/12\\\/logo-white.svg\",\"contentUrl\":\"https:\\\/\\\/www.hhglobal.com\\\/wp-content\\\/uploads\\\/2023\\\/12\\\/logo-white.svg\",\"width\":77,\"height\":18,\"caption\":\"HH Global\"},\"image\":{\"@id\":\"https:\\\/\\\/www.hhglobal.com\\\/it\\\/#\\\/schema\\\/logo\\\/image\\\/\"}}]}<\/script>\n<!-- \/ Yoast SEO plugin. -->","yoast_head_json":{"title":"Crescita sostenibile - HH Global","robots":{"index":"index","follow":"follow","max-snippet":"max-snippet:-1","max-image-preview":"max-image-preview:large","max-video-preview":"max-video-preview:-1"},"canonical":"https:\/\/www.hhglobal.com\/it\/who-we-are\/sustainable-growth\/","og_locale":"it_IT","og_type":"article","og_title":"Crescita sostenibile - HH Global","og_url":"https:\/\/www.hhglobal.com\/it\/who-we-are\/sustainable-growth\/","og_site_name":"HH Global","article_modified_time":"2023-12-01T11:06:15+00:00","twitter_card":"summary_large_image","schema":{"@context":"https:\/\/schema.org","@graph":[{"@type":"WebPage","@id":"https:\/\/www.hhglobal.com\/it\/who-we-are\/sustainable-growth\/","url":"https:\/\/www.hhglobal.com\/it\/who-we-are\/sustainable-growth\/","name":"Crescita sostenibile - HH Global","isPartOf":{"@id":"https:\/\/www.hhglobal.com\/it\/#website"},"primaryImageOfPage":{"@id":"https:\/\/www.hhglobal.com\/it\/who-we-are\/sustainable-growth\/#primaryimage"},"image":{"@id":"https:\/\/www.hhglobal.com\/it\/who-we-are\/sustainable-growth\/#primaryimage"},"thumbnailUrl":"https:\/\/www.hhglobal.com\/wp-content\/uploads\/2024\/09\/Sustainable-growth-social-image.png","datePublished":"2023-10-04T15:26:13+00:00","dateModified":"2023-12-01T11:06:15+00:00","breadcrumb":{"@id":"https:\/\/www.hhglobal.com\/it\/who-we-are\/sustainable-growth\/#breadcrumb"},"inLanguage":"it-IT","potentialAction":[{"@type":"ReadAction","target":["https:\/\/www.hhglobal.com\/it\/who-we-are\/sustainable-growth\/"]}]},{"@type":"ImageObject","inLanguage":"it-IT","@id":"https:\/\/www.hhglobal.com\/it\/who-we-are\/sustainable-growth\/#primaryimage","url":"https:\/\/www.hhglobal.com\/wp-content\/uploads\/2024\/09\/Sustainable-growth-social-image.png","contentUrl":"https:\/\/www.hhglobal.com\/wp-content\/uploads\/2024\/09\/Sustainable-growth-social-image.png","width":10667,"height":7113},{"@type":"BreadcrumbList","@id":"https:\/\/www.hhglobal.com\/it\/who-we-are\/sustainable-growth\/#breadcrumb","itemListElement":[{"@type":"ListItem","position":1,"name":"Home","item":"https:\/\/www.hhglobal.com\/it\/"},{"@type":"ListItem","position":2,"name":"Crescita sostenibile"}]},{"@type":"WebSite","@id":"https:\/\/www.hhglobal.com\/it\/#website","url":"https:\/\/www.hhglobal.com\/it\/","name":"HH Global","description":"The global, tech-enabled creative production and procurement partner.","publisher":{"@id":"https:\/\/www.hhglobal.com\/it\/#organization"},"potentialAction":[{"@type":"SearchAction","target":{"@type":"EntryPoint","urlTemplate":"https:\/\/www.hhglobal.com\/it\/?s={search_term_string}"},"query-input":{"@type":"PropertyValueSpecification","valueRequired":true,"valueName":"search_term_string"}}],"inLanguage":"it-IT"},{"@type":"Organization","@id":"https:\/\/www.hhglobal.com\/it\/#organization","name":"HH Global","url":"https:\/\/www.hhglobal.com\/it\/","logo":{"@type":"ImageObject","inLanguage":"it-IT","@id":"https:\/\/www.hhglobal.com\/it\/#\/schema\/logo\/image\/","url":"https:\/\/www.hhglobal.com\/wp-content\/uploads\/2023\/12\/logo-white.svg","contentUrl":"https:\/\/www.hhglobal.com\/wp-content\/uploads\/2023\/12\/logo-white.svg","width":77,"height":18,"caption":"HH Global"},"image":{"@id":"https:\/\/www.hhglobal.com\/it\/#\/schema\/logo\/image\/"}}]}},"_links":{"self":[{"href":"https:\/\/www.hhglobal.com\/it\/wp-json\/wp\/v2\/pages\/12119","targetHints":{"allow":["GET"]}}],"collection":[{"href":"https:\/\/www.hhglobal.com\/it\/wp-json\/wp\/v2\/pages"}],"about":[{"href":"https:\/\/www.hhglobal.com\/it\/wp-json\/wp\/v2\/types\/page"}],"author":[{"embeddable":true,"href":"https:\/\/www.hhglobal.com\/it\/wp-json\/wp\/v2\/users\/31"}],"replies":[{"embeddable":true,"href":"https:\/\/www.hhglobal.com\/it\/wp-json\/wp\/v2\/comments?post=12119"}],"version-history":[{"count":0,"href":"https:\/\/www.hhglobal.com\/it\/wp-json\/wp\/v2\/pages\/12119\/revisions"}],"wp:featuredmedia":[{"embeddable":true,"href":"https:\/\/www.hhglobal.com\/it\/wp-json\/wp\/v2\/media\/23133"}],"wp:attachment":[{"href":"https:\/\/www.hhglobal.com\/it\/wp-json\/wp\/v2\/media?parent=12119"}],"curies":[{"name":"wp","href":"https:\/\/api.w.org\/{rel}","templated":true}]}}