{"id":12101,"date":"2023-10-04T15:12:24","date_gmt":"2023-10-04T15:12:24","guid":{"rendered":"https:\/\/decoupledhhg.wpengine.com\/inspiring-solutions\/"},"modified":"2023-12-01T13:39:41","modified_gmt":"2023-12-01T13:39:41","slug":"inspiring-solutions","status":"publish","type":"page","link":"https:\/\/www.hhglobal.com\/it\/who-we-are\/inspiring-solutions\/","title":{"rendered":"Soluzioni che stimolano il cambiamento"},"content":{"rendered":"","protected":false},"excerpt":{"rendered":"","protected":false},"author":31,"featured_media":23144,"parent":0,"menu_order":0,"comment_status":"closed","ping_status":"closed","template":"","meta":{"_acf_changed":"","_yoast_wpseo_focuskw":"","_yoast_wpseo_metadesc":"","_yoast_wpseo_linkdex":"","_yoast_wpseo_content_score":"","_yoast_wpseo_meta-robots-noindex":"","_yoast_wpseo_meta-robots-nofollow":"","inline_featured_image":[],"_genesis_block_theme_hide_title":false,"_cms_nav_minihome":"","_icl_lang_duplicate_of":"","_menu_item_classes":[],"_menu_item_menu_item_parent":"","_menu_item_object":"","_menu_item_object_id":"","_menu_item_orphaned":"","_menu_item_target":"","_menu_item_type":"","_menu_item_url":"","_menu_item_xfn":"","_seedprod_page":"","_seedprod_page_template_type":"","_seedprod_page_uuid":"","_top_nav_excluded":"","_wp_attachment_backup_sizes":[],"_wp_attachment_context":"","_wp_attachment_image_alt":"","_wp_old_date":"","_wpcode_auto_insert":"","_wpcode_auto_insert_number":"","_wpcode_library_id":"","_wpml_media_duplicate":"1","_wpml_media_featured":"1","_wpml_post_translation_editor_native":"","_wpml_word_count":"{\"total\":358,\"to_translate\":{\"zh\":358,\"cs\":358,\"nl\":358,\"fr\":358,\"de\":358,\"it\":358,\"ja\":358,\"ko\":358,\"pt\":358,\"es\":358}}","_yoast_wpseo_estimated-reading-time-minutes":[],"_yoast_wpseo_primary_category":"","_yoast_wpseo_primary_industry":"","_yoast_wpseo_primary_solution":"","_yoast_wpseo_primary_the_author":"","_yoast_wpseo_wordproof_timestamp":"","acfml_non_translatable_locations":[],"career_externalLink":"","career_featuredImage":"","career_title":"","casestudy_featuredImage":"","casestudy_title":"","infocallout_excerpt":"","infocallout_featuredImage":"","infocallout_title":"","jobTitle":"","language":"","name":"","profilePicture":"","wp-smpro-smush-data":[],"wp-smush-animated":"","wp-smush-ignore-bulk":"","wp-smush-lossy":"","wpml_media_processed":"","_wpcode_conditional_logic_enabled":"","_wpcode_location_extra":"","_wpcode_note":"","_wpcode_priority":"","_wpcode_shortcode_attributes":[],"footnotes":""},"class_list":["post-12101","page","type-page","status-publish","has-post-thumbnail","hentry","post","with-featured-image"],"acf":{"page_title":"Soluzioni che stimolano il cambiamento | HH Global","page_description":"","social_title":"","social_description":"","social_share_image":null,"modules":[{"acf_fc_layout":"hero","size":"medium2","theme":"dark","choose_images":[{"image":9749}],"show_eyebrow":false,"eyebrow":"","title":"Soluzioni che stimolano il cambiamento","show_cta":false,"cta_url":"","cta_title":""},{"acf_fc_layout":"intro_content_block","scroll_to_link":"","container_background_color":"bg-white","type":false,"show_image":false,"intro_image":null,"show_background":false,"background":null,"show_eyebrow":false,"eyebrow":"","show_designations":false,"designations":null,"show_title":true,"size":"large","title":"Aprire la via al cambiamento nel marketing sostenibile","show_intro":true,"intro":"HH Global fornisce ad alcuni dei marchi pi\u00f9 influenti sul mercato servizi e funzionalit\u00e0 che modificano i comportamenti, aprendo la strada a un futuro pi\u00f9 sostenibile.\r\n\r\nPonendo il marketing sostenibile al centro del processo di progettazione creativa, creiamo le premesse per il cambiamento.","show_body":false,"body":"","show_labels":false,"labels":{"show_social":false,"custom_categories":null}},{"acf_fc_layout":"text_with_media","scroll_to_link":"","theme":"light","container_background_color":"bg-white","show_eyebrow":false,"eyebrow":"","show_title":false,"title":"","show_sub_title":true,"sub_title":"Una nuova era per il marketing sostenibile","content":"La nostra visione \u00e8 di essere l\u2019alleato pi\u00f9 influente al mondo per le aziende che cercano una crescita pi\u00f9 forte e sostenibile.\r\n\r\nIl nostro lavoro incessante all\u2019insegna della sostenibilit\u00e0 ci porta a mettere in campo ogni giorno soluzioni mirate, integrate e progressive, che supportano il raggiungimento degli obiettivi in ambito ambientale e sociale.","cta_url":"","cta_text":"","open_in_new_window":false,"choose_media":[{"image":9760}],"image_alignment":"left","image_fit":"cover","image_size":"half-width","vimeoid":"","ytid":""},{"acf_fc_layout":"text_with_media_carousel","scroll_to_link":"","theme":"light","container_background_color":"bg-grey","highlight_color":"purple","title":" Ricorso alla tecnologia per massimizzare la sostenibilit\u00e0","content":"La nostra suite proprietaria di tecnologie, prodotti e servizi basati sui dati supporta i nostri clienti, le organizzazioni e i partner che ci hanno scelto nel raggiungimento dei loro obiettivi di sostenibilit\u00e0, attraverso in particolare i seguenti strumenti:","additional_spacing":true,"features_title":"","features":[{"navigation_label":"Hub","show_title":true,"title":"Hub","show_subtitle":false,"subtitle":"","content":"HH Global \u00e8 il partner numero uno al mondo che mette la creativit\u00e0 al servizio della produzione e dell\u2019approvvigionamento; in linea con tale approccio abbiamo creato una piattaforma ad hoc per generare dati sull\u2019impatto di CO<sub>2<\/sub> per ogni progetto. Il nostro motore di calcolo dell\u2019impatto ambientale, che fa parte del nostro modello operativo standard, consente ai clienti di prendere decisioni pi\u00f9 informate sulle tattiche delle campagne e sulla scelta dei canali. Il nostro obiettivo \u00e8 di fornire dati sempre pi\u00f9 precisi, consentendo una modellazione predittiva dell\u2019impatto di CO<sub>2<\/sub> che supporti e offra ai clienti approfondimenti e vantaggi a lungo termine.","choose_media":[{"image":9771}],"vimeoid":"","ytid":""},{"navigation_label":"Set di dati alimentati dall\u2019IA","show_title":true,"title":"Set di dati alimentati dall\u2019IA","show_subtitle":false,"subtitle":"","content":"Ricorriamo all\u2019IA per la fornitura di dati sempre pi\u00f9 accurati, che permettano una modellizzazione predittiva dell\u2019impatto di CO<sub>2<\/sub> cos\u00ec da agevolare per i clienti la raccolta di insight e l\u2019ottenimento di benefici a lungo termine.","choose_media":[{"image":9782}],"vimeoid":"","ytid":""},{"navigation_label":"Quadro di riferimento per un approvvigionamento sostenibile","show_title":true,"title":"Quadro di riferimento per un approvvigionamento sostenibile","show_subtitle":false,"subtitle":"","content":"Un\u2019altra assoluta novit\u00e0 sul mercato: l\u2019utilizzo della tecnologia e dei dati per diffondere le migliori prassi nella nostra catena di fornitura globale. Combinando i dati dei fornitori con la ricerca e le informazioni strategiche dei partner abbiamo creato un quadro di gestione della catena di approvvigionamento sostenibile unico nel suo genere. L\u2019SPF, o quadro di riferimento per un approvvigionamento sostenibile, aiuta i partner nella supply chain a valutare l\u2019attuale livello di maturit\u00e0 della sostenibilit\u00e0, applicando le best practice e condividendo le esperienze.","choose_media":[{"image":9793}],"vimeoid":"","ytid":""}]},{"acf_fc_layout":"text_with_media_carousel","scroll_to_link":"","theme":"light","container_background_color":"bg-white","highlight_color":"purple","title":"Esperti nella strategia all\u2019insegna della sostenibilit\u00e0","content":"<strong>Servizi di consulenza sulla sostenibilit\u00e0<\/strong>\r\n\r\nHH Global fornisce servizi di consulenza end to end in materia di sostenibilit\u00e0, applicando le nostre competenze per creare o accelerare le iniziative ESG dei clienti.","additional_spacing":true,"features_title":"","features":[{"navigation_label":"Strategia di sostenibilit\u00e0","show_title":true,"title":"Strategia di sostenibilit\u00e0","show_subtitle":false,"subtitle":"","content":"<ul>\r\n \t<li>Workshop per identificare come raggiungere gli SDG delle Nazioni Unite<\/li>\r\n \t<li>Creazione di report<\/li>\r\n \t<li>Roadmap per ESG e sostenibilit\u00e0<\/li>\r\n<\/ul>","choose_media":[{"image":9804}],"vimeoid":"","ytid":""},{"navigation_label":"Roadmap della sostenibilit\u00e0","show_title":true,"title":"Roadmap della sostenibilit\u00e0","show_subtitle":false,"subtitle":"","content":"<ul>\r\n \t<li>Pianificazione della riduzione della CO<sub>2<\/sub><\/li>\r\n \t<li>Misurazione impatto ambientale + risparmi<\/li>\r\n \t<li>Valutazione ciclo di vita \u2013 prodotti, packaging e servizi<\/li>\r\n \t<li>Mitigazione dell\u2019impatto carbonico<\/li>\r\n<\/ul>","choose_media":[{"image":9815}],"vimeoid":"","ytid":""},{"navigation_label":"Gestione dei rifiuti","show_title":true,"title":"Gestione dei rifiuti","show_subtitle":false,"subtitle":"","content":"<ul>\r\n \t<li>Trasformazione delle economie dell\u2019usa e getta in economie circolari<\/li>\r\n \t<li>Audit dei rifiuti: uffici, magazzini e punti vendita al dettaglio<\/li>\r\n \t<li>Relazioni finali sui risultati della ricerca<\/li>\r\n \t<li>Raccomandazioni, obiettivi e finalit\u00e0<\/li>\r\n \t<li>Riduzione dei costi di discarica e smaltimento<\/li>\r\n \t<li>Creazione di nuovi flussi di ricavo dai rifiuti<\/li>\r\n \t<li>Aumento di alternative alla messa in discarica dei rifiuti e delle opportunit\u00e0 di riciclo a ciclo chiuso<\/li>\r\n<\/ul>","choose_media":[{"image":9826}],"vimeoid":"","ytid":""}]},{"acf_fc_layout":"text_with_media_carousel","scroll_to_link":"","theme":"light","container_background_color":"bg-grey","highlight_color":"purple","title":"Innalzamento degli standard del marketing sostenibile","content":"Per elevare il design sostenibile e promuovere l\u2019innovazione creativa rispettosa del pianeta, abbiamo lanciato <strong>Conscious Creative<\/strong>. Stiamo promuovendo la sostenibilit\u00e0 del marketing nel processo di progettazione, in ogni sua fase, dal principio alla fine.","additional_spacing":true,"features_title":"","features":[{"navigation_label":"Misurazione + valutazione","show_title":true,"title":"Misurazione + valutazione","show_subtitle":false,"subtitle":"","content":"Valutazione creativa in loco, piattaforma di valutazione ESG e sostenibilit\u00e0","choose_media":[{"image":9837}],"vimeoid":"","ytid":""},{"navigation_label":"Formazione + ispirazione","show_title":true,"title":"Formazione + ispirazione","show_subtitle":false,"subtitle":"","content":"Formazione certificata e moduli di e-learning, guide strategiche per le best practice educazionali, libreria di materiali.","choose_media":[{"image":9848}],"vimeoid":"","ytid":""},{"navigation_label":"Valorizzazione + misurazione","show_title":true,"title":"Valorizzazione + misurazione","show_subtitle":false,"subtitle":"","content":"Etichette ad hoc sulla sostenibilit\u00e0 del processo creativo, scorecard della sostenibilit\u00e0, creazione di concept virtuali.","choose_media":[{"image":9859}],"vimeoid":"","ytid":""}]},{"acf_fc_layout":"clients_awards","title":"Aprire la via con partnership di successo","logos":[{"logo":6766},{"logo":6767},{"logo":6768},{"logo":6769},{"logo":6770},{"logo":9594},{"logo":9605},{"logo":9671},{"logo":9660},{"logo":9649},{"logo":9638},{"logo":9627},{"logo":9616},{"logo":9715},{"logo":9704},{"logo":9693},{"logo":9682},{"logo":6637},{"logo":9726},{"logo":6830},{"logo":6625},{"logo":9737}]},{"acf_fc_layout":"contact_form","scroll_to_link":"","title":"Contattaci"}]},"yoast_head":"<!-- This site is optimized with the Yoast SEO plugin v27.4 - https:\/\/yoast.com\/product\/yoast-seo-wordpress\/ -->\n<title>Soluzioni che stimolano il cambiamento - HH Global<\/title>\n<meta name=\"robots\" content=\"index, follow, max-snippet:-1, max-image-preview:large, max-video-preview:-1\" \/>\n<link rel=\"canonical\" href=\"https:\/\/www.hhglobal.com\/it\/who-we-are\/inspiring-solutions\/\" \/>\n<meta property=\"og:locale\" content=\"it_IT\" \/>\n<meta property=\"og:type\" content=\"article\" \/>\n<meta property=\"og:title\" content=\"Soluzioni che stimolano il cambiamento - HH Global\" \/>\n<meta property=\"og:url\" content=\"https:\/\/www.hhglobal.com\/it\/who-we-are\/inspiring-solutions\/\" \/>\n<meta property=\"og:site_name\" content=\"HH Global\" \/>\n<meta property=\"article:modified_time\" content=\"2023-12-01T13:39:41+00:00\" \/>\n<meta name=\"twitter:card\" content=\"summary_large_image\" \/>\n<script type=\"application\/ld+json\" class=\"yoast-schema-graph\">{\"@context\":\"https:\\\/\\\/schema.org\",\"@graph\":[{\"@type\":\"WebPage\",\"@id\":\"https:\\\/\\\/www.hhglobal.com\\\/it\\\/who-we-are\\\/inspiring-solutions\\\/\",\"url\":\"https:\\\/\\\/www.hhglobal.com\\\/it\\\/who-we-are\\\/inspiring-solutions\\\/\",\"name\":\"Soluzioni che stimolano il cambiamento - HH Global\",\"isPartOf\":{\"@id\":\"https:\\\/\\\/www.hhglobal.com\\\/it\\\/#website\"},\"primaryImageOfPage\":{\"@id\":\"https:\\\/\\\/www.hhglobal.com\\\/it\\\/who-we-are\\\/inspiring-solutions\\\/#primaryimage\"},\"image\":{\"@id\":\"https:\\\/\\\/www.hhglobal.com\\\/it\\\/who-we-are\\\/inspiring-solutions\\\/#primaryimage\"},\"thumbnailUrl\":\"https:\\\/\\\/www.hhglobal.com\\\/wp-content\\\/uploads\\\/2024\\\/09\\\/Inspiring-solutions-social-image-1.png\",\"datePublished\":\"2023-10-04T15:12:24+00:00\",\"dateModified\":\"2023-12-01T13:39:41+00:00\",\"breadcrumb\":{\"@id\":\"https:\\\/\\\/www.hhglobal.com\\\/it\\\/who-we-are\\\/inspiring-solutions\\\/#breadcrumb\"},\"inLanguage\":\"it-IT\",\"potentialAction\":[{\"@type\":\"ReadAction\",\"target\":[\"https:\\\/\\\/www.hhglobal.com\\\/it\\\/who-we-are\\\/inspiring-solutions\\\/\"]}]},{\"@type\":\"ImageObject\",\"inLanguage\":\"it-IT\",\"@id\":\"https:\\\/\\\/www.hhglobal.com\\\/it\\\/who-we-are\\\/inspiring-solutions\\\/#primaryimage\",\"url\":\"https:\\\/\\\/www.hhglobal.com\\\/wp-content\\\/uploads\\\/2024\\\/09\\\/Inspiring-solutions-social-image-1.png\",\"contentUrl\":\"https:\\\/\\\/www.hhglobal.com\\\/wp-content\\\/uploads\\\/2024\\\/09\\\/Inspiring-solutions-social-image-1.png\",\"width\":10667,\"height\":7113},{\"@type\":\"BreadcrumbList\",\"@id\":\"https:\\\/\\\/www.hhglobal.com\\\/it\\\/who-we-are\\\/inspiring-solutions\\\/#breadcrumb\",\"itemListElement\":[{\"@type\":\"ListItem\",\"position\":1,\"name\":\"Home\",\"item\":\"https:\\\/\\\/www.hhglobal.com\\\/it\\\/\"},{\"@type\":\"ListItem\",\"position\":2,\"name\":\"Soluzioni che stimolano il cambiamento\"}]},{\"@type\":\"WebSite\",\"@id\":\"https:\\\/\\\/www.hhglobal.com\\\/it\\\/#website\",\"url\":\"https:\\\/\\\/www.hhglobal.com\\\/it\\\/\",\"name\":\"HH Global\",\"description\":\"The global, tech-enabled creative production and procurement partner.\",\"publisher\":{\"@id\":\"https:\\\/\\\/www.hhglobal.com\\\/it\\\/#organization\"},\"potentialAction\":[{\"@type\":\"SearchAction\",\"target\":{\"@type\":\"EntryPoint\",\"urlTemplate\":\"https:\\\/\\\/www.hhglobal.com\\\/it\\\/?s={search_term_string}\"},\"query-input\":{\"@type\":\"PropertyValueSpecification\",\"valueRequired\":true,\"valueName\":\"search_term_string\"}}],\"inLanguage\":\"it-IT\"},{\"@type\":\"Organization\",\"@id\":\"https:\\\/\\\/www.hhglobal.com\\\/it\\\/#organization\",\"name\":\"HH Global\",\"url\":\"https:\\\/\\\/www.hhglobal.com\\\/it\\\/\",\"logo\":{\"@type\":\"ImageObject\",\"inLanguage\":\"it-IT\",\"@id\":\"https:\\\/\\\/www.hhglobal.com\\\/it\\\/#\\\/schema\\\/logo\\\/image\\\/\",\"url\":\"https:\\\/\\\/www.hhglobal.com\\\/wp-content\\\/uploads\\\/2023\\\/12\\\/logo-white.svg\",\"contentUrl\":\"https:\\\/\\\/www.hhglobal.com\\\/wp-content\\\/uploads\\\/2023\\\/12\\\/logo-white.svg\",\"width\":77,\"height\":18,\"caption\":\"HH Global\"},\"image\":{\"@id\":\"https:\\\/\\\/www.hhglobal.com\\\/it\\\/#\\\/schema\\\/logo\\\/image\\\/\"}}]}<\/script>\n<!-- \/ Yoast SEO plugin. -->","yoast_head_json":{"title":"Soluzioni che stimolano il cambiamento - HH Global","robots":{"index":"index","follow":"follow","max-snippet":"max-snippet:-1","max-image-preview":"max-image-preview:large","max-video-preview":"max-video-preview:-1"},"canonical":"https:\/\/www.hhglobal.com\/it\/who-we-are\/inspiring-solutions\/","og_locale":"it_IT","og_type":"article","og_title":"Soluzioni che stimolano il cambiamento - HH Global","og_url":"https:\/\/www.hhglobal.com\/it\/who-we-are\/inspiring-solutions\/","og_site_name":"HH Global","article_modified_time":"2023-12-01T13:39:41+00:00","twitter_card":"summary_large_image","schema":{"@context":"https:\/\/schema.org","@graph":[{"@type":"WebPage","@id":"https:\/\/www.hhglobal.com\/it\/who-we-are\/inspiring-solutions\/","url":"https:\/\/www.hhglobal.com\/it\/who-we-are\/inspiring-solutions\/","name":"Soluzioni che stimolano il cambiamento - HH Global","isPartOf":{"@id":"https:\/\/www.hhglobal.com\/it\/#website"},"primaryImageOfPage":{"@id":"https:\/\/www.hhglobal.com\/it\/who-we-are\/inspiring-solutions\/#primaryimage"},"image":{"@id":"https:\/\/www.hhglobal.com\/it\/who-we-are\/inspiring-solutions\/#primaryimage"},"thumbnailUrl":"https:\/\/www.hhglobal.com\/wp-content\/uploads\/2024\/09\/Inspiring-solutions-social-image-1.png","datePublished":"2023-10-04T15:12:24+00:00","dateModified":"2023-12-01T13:39:41+00:00","breadcrumb":{"@id":"https:\/\/www.hhglobal.com\/it\/who-we-are\/inspiring-solutions\/#breadcrumb"},"inLanguage":"it-IT","potentialAction":[{"@type":"ReadAction","target":["https:\/\/www.hhglobal.com\/it\/who-we-are\/inspiring-solutions\/"]}]},{"@type":"ImageObject","inLanguage":"it-IT","@id":"https:\/\/www.hhglobal.com\/it\/who-we-are\/inspiring-solutions\/#primaryimage","url":"https:\/\/www.hhglobal.com\/wp-content\/uploads\/2024\/09\/Inspiring-solutions-social-image-1.png","contentUrl":"https:\/\/www.hhglobal.com\/wp-content\/uploads\/2024\/09\/Inspiring-solutions-social-image-1.png","width":10667,"height":7113},{"@type":"BreadcrumbList","@id":"https:\/\/www.hhglobal.com\/it\/who-we-are\/inspiring-solutions\/#breadcrumb","itemListElement":[{"@type":"ListItem","position":1,"name":"Home","item":"https:\/\/www.hhglobal.com\/it\/"},{"@type":"ListItem","position":2,"name":"Soluzioni che stimolano il cambiamento"}]},{"@type":"WebSite","@id":"https:\/\/www.hhglobal.com\/it\/#website","url":"https:\/\/www.hhglobal.com\/it\/","name":"HH Global","description":"The global, tech-enabled creative production and procurement partner.","publisher":{"@id":"https:\/\/www.hhglobal.com\/it\/#organization"},"potentialAction":[{"@type":"SearchAction","target":{"@type":"EntryPoint","urlTemplate":"https:\/\/www.hhglobal.com\/it\/?s={search_term_string}"},"query-input":{"@type":"PropertyValueSpecification","valueRequired":true,"valueName":"search_term_string"}}],"inLanguage":"it-IT"},{"@type":"Organization","@id":"https:\/\/www.hhglobal.com\/it\/#organization","name":"HH Global","url":"https:\/\/www.hhglobal.com\/it\/","logo":{"@type":"ImageObject","inLanguage":"it-IT","@id":"https:\/\/www.hhglobal.com\/it\/#\/schema\/logo\/image\/","url":"https:\/\/www.hhglobal.com\/wp-content\/uploads\/2023\/12\/logo-white.svg","contentUrl":"https:\/\/www.hhglobal.com\/wp-content\/uploads\/2023\/12\/logo-white.svg","width":77,"height":18,"caption":"HH Global"},"image":{"@id":"https:\/\/www.hhglobal.com\/it\/#\/schema\/logo\/image\/"}}]}},"_links":{"self":[{"href":"https:\/\/www.hhglobal.com\/it\/wp-json\/wp\/v2\/pages\/12101","targetHints":{"allow":["GET"]}}],"collection":[{"href":"https:\/\/www.hhglobal.com\/it\/wp-json\/wp\/v2\/pages"}],"about":[{"href":"https:\/\/www.hhglobal.com\/it\/wp-json\/wp\/v2\/types\/page"}],"author":[{"embeddable":true,"href":"https:\/\/www.hhglobal.com\/it\/wp-json\/wp\/v2\/users\/31"}],"replies":[{"embeddable":true,"href":"https:\/\/www.hhglobal.com\/it\/wp-json\/wp\/v2\/comments?post=12101"}],"version-history":[{"count":0,"href":"https:\/\/www.hhglobal.com\/it\/wp-json\/wp\/v2\/pages\/12101\/revisions"}],"wp:featuredmedia":[{"embeddable":true,"href":"https:\/\/www.hhglobal.com\/it\/wp-json\/wp\/v2\/media\/23144"}],"wp:attachment":[{"href":"https:\/\/www.hhglobal.com\/it\/wp-json\/wp\/v2\/media?parent=12101"}],"curies":[{"name":"wp","href":"https:\/\/api.w.org\/{rel}","templated":true}]}}