{"id":8379,"date":"2022-05-18T09:48:24","date_gmt":"2022-05-18T09:48:24","guid":{"rendered":"https:\/\/decoupled-hhg.local\/contact\/"},"modified":"2025-07-17T14:43:58","modified_gmt":"2025-07-17T14:43:58","slug":"contact","status":"publish","type":"page","link":"https:\/\/www.hhglobal.com\/fr\/contact\/","title":{"rendered":"Nous contacter"},"content":{"rendered":"","protected":false},"excerpt":{"rendered":"","protected":false},"author":41,"featured_media":0,"parent":0,"menu_order":0,"comment_status":"closed","ping_status":"closed","template":"","meta":{"_acf_changed":"","_yoast_wpseo_focuskw":"","_yoast_wpseo_metadesc":"","_yoast_wpseo_linkdex":"","_yoast_wpseo_content_score":"90","_yoast_wpseo_meta-robots-noindex":"","_yoast_wpseo_meta-robots-nofollow":"","inline_featured_image":[],"_genesis_block_theme_hide_title":false,"_cms_nav_minihome":"","_icl_lang_duplicate_of":"","_menu_item_classes":[],"_menu_item_menu_item_parent":"","_menu_item_object":"","_menu_item_object_id":"","_menu_item_orphaned":"","_menu_item_target":"","_menu_item_type":"","_menu_item_url":"","_menu_item_xfn":"","_seedprod_page":"","_seedprod_page_template_type":"","_seedprod_page_uuid":"","_top_nav_excluded":"","_wp_attachment_backup_sizes":[],"_wp_attachment_context":"","_wp_attachment_image_alt":"","_wp_old_date":"","_wpcode_auto_insert":"","_wpcode_auto_insert_number":"","_wpcode_library_id":"","_wpml_media_duplicate":"1","_wpml_media_featured":"1","_wpml_post_translation_editor_native":"","_wpml_word_count":"{\"total\":3,\"to_translate\":{\"zh-hans\":3,\"cs\":3,\"de\":3,\"ja\":3,\"pt-br\":3,\"es\":3}}","_yoast_wpseo_estimated-reading-time-minutes":["0"],"_yoast_wpseo_primary_category":"","_yoast_wpseo_primary_industry":"","_yoast_wpseo_primary_solution":"","_yoast_wpseo_primary_the_author":"","_yoast_wpseo_wordproof_timestamp":"","acfml_non_translatable_locations":[],"career_externalLink":"","career_featuredImage":"","career_title":"","casestudy_featuredImage":"","casestudy_title":"","infocallout_excerpt":"","infocallout_featuredImage":"","infocallout_title":"","jobTitle":"","language":"","name":"","profilePicture":"","wp-smpro-smush-data":[],"wp-smush-animated":"","wp-smush-ignore-bulk":"","wp-smush-lossy":"","wpml_media_processed":"","_wpcode_conditional_logic_enabled":"","_wpcode_location_extra":"","_wpcode_note":"","_wpcode_priority":"","_wpcode_shortcode_attributes":[],"footnotes":""},"class_list":["post-8379","page","type-page","status-publish","hentry","post","without-featured-image"],"acf":{"page_title":"Nous contacter | HH Global","page_description":"Connect with HH Global, your global, tech-enabled creative production and procurement partner. Get in touch today!","social_title":"Contact us | HH Global","social_description":"Connect with HH Global, your global, tech-enabled creative production and procurement partner. Get in touch today!","social_share_image":null,"modules":[{"acf_fc_layout":"contact_form","title":"Nous contacter"},{"acf_fc_layout":"map","title":"Si\u00e8ges \u00e0 travers le monde repr\u00e9sentant nos collaborateurs et collaboratrices dans 64\u00a0pays","locations":[{"region":"REGIONAL US HEADQUARTERs","title":"HH Global | Chicago","address":[{"line":"203 N. LaSalle"},{"line":"Chicago, IL 60601"},{"line":"United States"}],"map_label":"USA - Chicago","map_dotx":"12%","map_doxy":"35%","map_boxx":"62px","map_boxy":"-14px"},{"region":"REGIONAL LATAM HEADQUARTERs","title":"HH Global | Mexico City","address":[{"line":"Av. P.\u00ba de la Reforma 350"},{"line":"Ju\u00e1rez, Cuauht\u00e9moc"},{"line":"06600 Ciudad de M\u00e9xico"},{"line":"CDMX, M\u00e9xico"}],"map_label":"Mexique","map_dotx":"5.5%","map_doxy":"63%","map_boxx":"60px","map_boxy":"-60px"},{"region":"REGIONAL EIMEA HEADQUARTERs","title":"HH Global | London","address":[{"line":"Grove House,"},{"line":"Guildford Road,"},{"line":"Leatherhead, Surrey KT22 9DF"},{"line":"United Kingdom"}],"map_label":"Royaume-Uni","map_dotx":"42.2%","map_doxy":"15%","map_boxx":"45px","map_boxy":"21px"},{"region":"REGIONAL Asia HEADQUARTERs","title":"HH Global | Hong Kong","address":[{"line":"20th Floor, East Town Building,"},{"line":"No. 41 Lockhart Road, Wan Chai,"},{"line":"Hong Kong Island,"},{"line":"Hong Kong S.A.R."}],"map_label":"China","map_dotx":"94.5%","map_doxy":"54.8%","map_boxx":"-363px","map_boxy":"-136px"}]}]},"yoast_head":"<!-- This site is optimized with the Yoast SEO plugin v27.3 - https:\/\/yoast.com\/product\/yoast-seo-wordpress\/ -->\n<title>Nous contacter - HH Global<\/title>\n<meta name=\"robots\" content=\"index, follow, max-snippet:-1, max-image-preview:large, max-video-preview:-1\" \/>\n<link rel=\"canonical\" href=\"https:\/\/www.hhglobal.com\/fr\/contact\/\" \/>\n<meta property=\"og:locale\" content=\"fr_FR\" \/>\n<meta property=\"og:type\" content=\"article\" \/>\n<meta property=\"og:title\" content=\"Nous contacter - HH Global\" \/>\n<meta property=\"og:url\" content=\"https:\/\/www.hhglobal.com\/fr\/contact\/\" \/>\n<meta property=\"og:site_name\" content=\"HH Global\" \/>\n<meta property=\"article:modified_time\" content=\"2025-07-17T14:43:58+00:00\" \/>\n<meta name=\"twitter:card\" content=\"summary_large_image\" \/>\n<script type=\"application\/ld+json\" class=\"yoast-schema-graph\">{\"@context\":\"https:\\\/\\\/schema.org\",\"@graph\":[{\"@type\":\"WebPage\",\"@id\":\"https:\\\/\\\/www.hhglobal.com\\\/fr\\\/contact\\\/\",\"url\":\"https:\\\/\\\/www.hhglobal.com\\\/fr\\\/contact\\\/\",\"name\":\"Nous contacter - HH Global\",\"isPartOf\":{\"@id\":\"https:\\\/\\\/www.hhglobal.com\\\/fr\\\/#website\"},\"datePublished\":\"2022-05-18T09:48:24+00:00\",\"dateModified\":\"2025-07-17T14:43:58+00:00\",\"breadcrumb\":{\"@id\":\"https:\\\/\\\/www.hhglobal.com\\\/fr\\\/contact\\\/#breadcrumb\"},\"inLanguage\":\"fr-FR\",\"potentialAction\":[{\"@type\":\"ReadAction\",\"target\":[\"https:\\\/\\\/www.hhglobal.com\\\/fr\\\/contact\\\/\"]}]},{\"@type\":\"BreadcrumbList\",\"@id\":\"https:\\\/\\\/www.hhglobal.com\\\/fr\\\/contact\\\/#breadcrumb\",\"itemListElement\":[{\"@type\":\"ListItem\",\"position\":1,\"name\":\"Home\",\"item\":\"https:\\\/\\\/www.hhglobal.com\\\/fr\\\/\"},{\"@type\":\"ListItem\",\"position\":2,\"name\":\"Nous contacter\"}]},{\"@type\":\"WebSite\",\"@id\":\"https:\\\/\\\/www.hhglobal.com\\\/fr\\\/#website\",\"url\":\"https:\\\/\\\/www.hhglobal.com\\\/fr\\\/\",\"name\":\"HH Global\",\"description\":\"The global, tech-enabled creative production and procurement partner.\",\"publisher\":{\"@id\":\"https:\\\/\\\/www.hhglobal.com\\\/fr\\\/#organization\"},\"potentialAction\":[{\"@type\":\"SearchAction\",\"target\":{\"@type\":\"EntryPoint\",\"urlTemplate\":\"https:\\\/\\\/www.hhglobal.com\\\/fr\\\/?s={search_term_string}\"},\"query-input\":{\"@type\":\"PropertyValueSpecification\",\"valueRequired\":true,\"valueName\":\"search_term_string\"}}],\"inLanguage\":\"fr-FR\"},{\"@type\":\"Organization\",\"@id\":\"https:\\\/\\\/www.hhglobal.com\\\/fr\\\/#organization\",\"name\":\"HH Global\",\"url\":\"https:\\\/\\\/www.hhglobal.com\\\/fr\\\/\",\"logo\":{\"@type\":\"ImageObject\",\"inLanguage\":\"fr-FR\",\"@id\":\"https:\\\/\\\/www.hhglobal.com\\\/fr\\\/#\\\/schema\\\/logo\\\/image\\\/\",\"url\":\"https:\\\/\\\/www.hhglobal.com\\\/wp-content\\\/uploads\\\/2023\\\/12\\\/logo-white.svg\",\"contentUrl\":\"https:\\\/\\\/www.hhglobal.com\\\/wp-content\\\/uploads\\\/2023\\\/12\\\/logo-white.svg\",\"width\":77,\"height\":18,\"caption\":\"HH Global\"},\"image\":{\"@id\":\"https:\\\/\\\/www.hhglobal.com\\\/fr\\\/#\\\/schema\\\/logo\\\/image\\\/\"}}]}<\/script>\n<!-- \/ Yoast SEO plugin. -->","yoast_head_json":{"title":"Nous contacter - HH Global","robots":{"index":"index","follow":"follow","max-snippet":"max-snippet:-1","max-image-preview":"max-image-preview:large","max-video-preview":"max-video-preview:-1"},"canonical":"https:\/\/www.hhglobal.com\/fr\/contact\/","og_locale":"fr_FR","og_type":"article","og_title":"Nous contacter - HH Global","og_url":"https:\/\/www.hhglobal.com\/fr\/contact\/","og_site_name":"HH Global","article_modified_time":"2025-07-17T14:43:58+00:00","twitter_card":"summary_large_image","schema":{"@context":"https:\/\/schema.org","@graph":[{"@type":"WebPage","@id":"https:\/\/www.hhglobal.com\/fr\/contact\/","url":"https:\/\/www.hhglobal.com\/fr\/contact\/","name":"Nous contacter - HH Global","isPartOf":{"@id":"https:\/\/www.hhglobal.com\/fr\/#website"},"datePublished":"2022-05-18T09:48:24+00:00","dateModified":"2025-07-17T14:43:58+00:00","breadcrumb":{"@id":"https:\/\/www.hhglobal.com\/fr\/contact\/#breadcrumb"},"inLanguage":"fr-FR","potentialAction":[{"@type":"ReadAction","target":["https:\/\/www.hhglobal.com\/fr\/contact\/"]}]},{"@type":"BreadcrumbList","@id":"https:\/\/www.hhglobal.com\/fr\/contact\/#breadcrumb","itemListElement":[{"@type":"ListItem","position":1,"name":"Home","item":"https:\/\/www.hhglobal.com\/fr\/"},{"@type":"ListItem","position":2,"name":"Nous contacter"}]},{"@type":"WebSite","@id":"https:\/\/www.hhglobal.com\/fr\/#website","url":"https:\/\/www.hhglobal.com\/fr\/","name":"HH Global","description":"The global, tech-enabled creative production and procurement partner.","publisher":{"@id":"https:\/\/www.hhglobal.com\/fr\/#organization"},"potentialAction":[{"@type":"SearchAction","target":{"@type":"EntryPoint","urlTemplate":"https:\/\/www.hhglobal.com\/fr\/?s={search_term_string}"},"query-input":{"@type":"PropertyValueSpecification","valueRequired":true,"valueName":"search_term_string"}}],"inLanguage":"fr-FR"},{"@type":"Organization","@id":"https:\/\/www.hhglobal.com\/fr\/#organization","name":"HH Global","url":"https:\/\/www.hhglobal.com\/fr\/","logo":{"@type":"ImageObject","inLanguage":"fr-FR","@id":"https:\/\/www.hhglobal.com\/fr\/#\/schema\/logo\/image\/","url":"https:\/\/www.hhglobal.com\/wp-content\/uploads\/2023\/12\/logo-white.svg","contentUrl":"https:\/\/www.hhglobal.com\/wp-content\/uploads\/2023\/12\/logo-white.svg","width":77,"height":18,"caption":"HH Global"},"image":{"@id":"https:\/\/www.hhglobal.com\/fr\/#\/schema\/logo\/image\/"}}]}},"_links":{"self":[{"href":"https:\/\/www.hhglobal.com\/fr\/wp-json\/wp\/v2\/pages\/8379","targetHints":{"allow":["GET"]}}],"collection":[{"href":"https:\/\/www.hhglobal.com\/fr\/wp-json\/wp\/v2\/pages"}],"about":[{"href":"https:\/\/www.hhglobal.com\/fr\/wp-json\/wp\/v2\/types\/page"}],"author":[{"embeddable":true,"href":"https:\/\/www.hhglobal.com\/fr\/wp-json\/wp\/v2\/users\/41"}],"replies":[{"embeddable":true,"href":"https:\/\/www.hhglobal.com\/fr\/wp-json\/wp\/v2\/comments?post=8379"}],"version-history":[{"count":0,"href":"https:\/\/www.hhglobal.com\/fr\/wp-json\/wp\/v2\/pages\/8379\/revisions"}],"wp:attachment":[{"href":"https:\/\/www.hhglobal.com\/fr\/wp-json\/wp\/v2\/media?parent=8379"}],"curies":[{"name":"wp","href":"https:\/\/api.w.org\/{rel}","templated":true}]}}