{"id":7632,"date":"2022-05-18T10:00:05","date_gmt":"2022-05-18T10:00:05","guid":{"rendered":"https:\/\/decoupled-hhg.local\/legal-information\/"},"modified":"2024-01-16T15:12:50","modified_gmt":"2024-01-16T15:12:50","slug":"legal-information","status":"publish","type":"page","link":"https:\/\/www.hhglobal.com\/fr\/legal-information\/","title":{"rendered":"Mentions l\u00e9gales"},"content":{"rendered":"","protected":false},"excerpt":{"rendered":"","protected":false},"author":41,"featured_media":0,"parent":0,"menu_order":0,"comment_status":"closed","ping_status":"closed","template":"","meta":{"_acf_changed":"","_yoast_wpseo_focuskw":"","_yoast_wpseo_metadesc":"","_yoast_wpseo_linkdex":"","_yoast_wpseo_content_score":"","_yoast_wpseo_meta-robots-noindex":"","_yoast_wpseo_meta-robots-nofollow":"","inline_featured_image":[],"_genesis_block_theme_hide_title":false,"_cms_nav_minihome":"","_icl_lang_duplicate_of":"","_menu_item_classes":[],"_menu_item_menu_item_parent":"","_menu_item_object":"","_menu_item_object_id":"","_menu_item_orphaned":"","_menu_item_target":"","_menu_item_type":"","_menu_item_url":"","_menu_item_xfn":"","_seedprod_page":"","_seedprod_page_template_type":"","_seedprod_page_uuid":"","_top_nav_excluded":"","_wp_attachment_backup_sizes":[],"_wp_attachment_context":"","_wp_attachment_image_alt":"","_wp_old_date":"","_wpcode_auto_insert":"","_wpcode_auto_insert_number":"","_wpcode_library_id":"","_wpml_media_duplicate":"1","_wpml_media_featured":"1","_wpml_post_translation_editor_native":"","_wpml_word_count":"{\"total\":4,\"to_translate\":{\"zh-hans\":4,\"cs\":4,\"de\":4,\"it\":4,\"ja\":4,\"pt-br\":4,\"es\":4}}","_yoast_wpseo_estimated-reading-time-minutes":["0"],"_yoast_wpseo_primary_category":"","_yoast_wpseo_primary_industry":"","_yoast_wpseo_primary_solution":"","_yoast_wpseo_primary_the_author":"","_yoast_wpseo_wordproof_timestamp":"","acfml_non_translatable_locations":[],"career_externalLink":"","career_featuredImage":"","career_title":"","casestudy_featuredImage":"","casestudy_title":"","infocallout_excerpt":"","infocallout_featuredImage":"","infocallout_title":"","jobTitle":"","language":"","name":"","profilePicture":"","wp-smpro-smush-data":[],"wp-smush-animated":"","wp-smush-ignore-bulk":"","wp-smush-lossy":"","wpml_media_processed":"","_wpcode_conditional_logic_enabled":"","_wpcode_location_extra":"","_wpcode_note":"","_wpcode_priority":"","_wpcode_shortcode_attributes":[],"footnotes":""},"class_list":["post-7632","page","type-page","status-publish","hentry","post","without-featured-image"],"acf":{"page_title":"Mentions l\u00e9gales | HH Global","page_description":"The global, tech-enabled creative production and procurement partner.","social_title":"","social_description":"","social_share_image":null,"modules":[{"acf_fc_layout":"hero","size":"medium","theme":"dark","choose_images":[{"image":7051}],"show_eyebrow":false,"eyebrow":"","title":"Mentions l\u00e9gales","show_cta":false,"cta_url":"","cta_title":""},{"acf_fc_layout":"rich_content","container_background_color":"bg-white","content":"<h2>Groupe de soci\u00e9t\u00e9s HH Global<\/h2>\r\nLe groupe de soci\u00e9t\u00e9s HH Global est compos\u00e9 d'un certain nombre d'entit\u00e9s juridiques enregistr\u00e9es dans diff\u00e9rents pays. La soci\u00e9t\u00e9 m\u00e8re ultime est HH Global Group Limited., une soci\u00e9t\u00e9 immatricul\u00e9e en Angleterre et au Pays de Galles. Toutes les soci\u00e9t\u00e9s du groupe op\u00e8rent sur leurs march\u00e9s locaux sous le nom de HH Global.\r\n<h2><a href=\"https:\/\/www.hhglobal.com\/group-tax-strategy\" target=\"_blank\" rel=\"noopener\">Strat\u00e9gie fiscale du groupe HH Global<\/a><\/h2>\r\nRapport sur l'\u00e9cart de r\u00e9mun\u00e9ration entre les sexes de HH Global\r\n\r\n<a href=\"https:\/\/www.hhglobal.com\/wp-content\/uploads\/2022\/07\/2022-07-HH-Global-Gender-Pay-Gap-Report-March-2020-FINAL_SWv02.pdf\" target=\"_blank\" rel=\"noopener\">Rapport 2020 disponible pour consultation<\/a>\r\n\r\n<a href=\"https:\/\/www.hhglobal.com\/wp-content\/uploads\/2022\/08\/HH-Global-Gender-Pay-Gap-Report-March-2019.pdf\" target=\"_blank\" rel=\"noopener\">Rapport 2019 disponible pour consultation <\/a>\r\n\r\n<a href=\"https:\/\/www.hhglobal.com\/wp-content\/uploads\/2022\/08\/HH-Global-Gender-Pay-Gap-Report-March-2018.pdf\" target=\"_blank\" rel=\"noopener\">Rapport 2018 disponible pour consultation<\/a>\r\n\r\n<a href=\"https:\/\/www.hhglobal.com\/wp-content\/uploads\/2023\/04\/2023-03-HH-Global-Gender-Pay-Gap-Report_FINAL.pdf\" target=\"_blank\" rel=\"noopener\">Rapport 2022 disponible pour consultation<\/a>\r\n<h2>Loi de 2015 sur l'esclavage moderne<\/h2>\r\nConform\u00e9ment aux exigences de cette loi, le Conseil a approuv\u00e9 la d\u00e9claration suivante pour publication.\r\n\r\n<a href=\"https:\/\/www.hhglobal.com\/wp-content\/uploads\/2022\/07\/hh-global-slavery-and-human-trafficking-statement-2022_v02_legalrd_12072022.pdf\" target=\"_blank\" rel=\"noopener\">D\u00e9claration disponible pour consultation et t\u00e9l\u00e9chargement <\/a>\r\n<div><\/div>\r\n<div>\r\n<h2>Orientation du plan de r\u00e9duction des \u00e9missions carbon\u00e9es<\/h2>\r\n<\/div>\r\n<div>\r\n\r\n<a href=\"https:\/\/www.hhglobal.com\/wp-content\/uploads\/2022\/11\/HHG_Carbon_Reduction_2022Nov.pdf\" target=\"_blank\" rel=\"noopener\">Lien de consultation du mod\u00e8le de plan de r\u00e9duction des \u00e9missions de carbon\u00e9es de HH Global <\/a>\r\n\r\n<\/div>"}]},"yoast_head":"<!-- This site is optimized with the Yoast SEO plugin v27.3 - https:\/\/yoast.com\/product\/yoast-seo-wordpress\/ -->\n<title>Mentions l\u00e9gales - HH Global<\/title>\n<meta name=\"robots\" content=\"index, follow, max-snippet:-1, max-image-preview:large, max-video-preview:-1\" \/>\n<link rel=\"canonical\" href=\"https:\/\/www.hhglobal.com\/fr\/legal-information\/\" \/>\n<meta property=\"og:locale\" content=\"fr_FR\" \/>\n<meta property=\"og:type\" content=\"article\" \/>\n<meta property=\"og:title\" content=\"Mentions l\u00e9gales - HH Global\" \/>\n<meta property=\"og:url\" content=\"https:\/\/www.hhglobal.com\/fr\/legal-information\/\" \/>\n<meta property=\"og:site_name\" content=\"HH Global\" \/>\n<meta property=\"article:modified_time\" content=\"2024-01-16T15:12:50+00:00\" \/>\n<meta name=\"twitter:card\" content=\"summary_large_image\" \/>\n<script type=\"application\/ld+json\" class=\"yoast-schema-graph\">{\"@context\":\"https:\\\/\\\/schema.org\",\"@graph\":[{\"@type\":\"WebPage\",\"@id\":\"https:\\\/\\\/www.hhglobal.com\\\/fr\\\/legal-information\\\/\",\"url\":\"https:\\\/\\\/www.hhglobal.com\\\/fr\\\/legal-information\\\/\",\"name\":\"Mentions l\u00e9gales - HH Global\",\"isPartOf\":{\"@id\":\"https:\\\/\\\/www.hhglobal.com\\\/fr\\\/#website\"},\"datePublished\":\"2022-05-18T10:00:05+00:00\",\"dateModified\":\"2024-01-16T15:12:50+00:00\",\"breadcrumb\":{\"@id\":\"https:\\\/\\\/www.hhglobal.com\\\/fr\\\/legal-information\\\/#breadcrumb\"},\"inLanguage\":\"fr-FR\",\"potentialAction\":[{\"@type\":\"ReadAction\",\"target\":[\"https:\\\/\\\/www.hhglobal.com\\\/fr\\\/legal-information\\\/\"]}]},{\"@type\":\"BreadcrumbList\",\"@id\":\"https:\\\/\\\/www.hhglobal.com\\\/fr\\\/legal-information\\\/#breadcrumb\",\"itemListElement\":[{\"@type\":\"ListItem\",\"position\":1,\"name\":\"Home\",\"item\":\"https:\\\/\\\/www.hhglobal.com\\\/fr\\\/\"},{\"@type\":\"ListItem\",\"position\":2,\"name\":\"Mentions l\u00e9gales\"}]},{\"@type\":\"WebSite\",\"@id\":\"https:\\\/\\\/www.hhglobal.com\\\/fr\\\/#website\",\"url\":\"https:\\\/\\\/www.hhglobal.com\\\/fr\\\/\",\"name\":\"HH Global\",\"description\":\"The global, tech-enabled creative production and procurement partner.\",\"publisher\":{\"@id\":\"https:\\\/\\\/www.hhglobal.com\\\/fr\\\/#organization\"},\"potentialAction\":[{\"@type\":\"SearchAction\",\"target\":{\"@type\":\"EntryPoint\",\"urlTemplate\":\"https:\\\/\\\/www.hhglobal.com\\\/fr\\\/?s={search_term_string}\"},\"query-input\":{\"@type\":\"PropertyValueSpecification\",\"valueRequired\":true,\"valueName\":\"search_term_string\"}}],\"inLanguage\":\"fr-FR\"},{\"@type\":\"Organization\",\"@id\":\"https:\\\/\\\/www.hhglobal.com\\\/fr\\\/#organization\",\"name\":\"HH Global\",\"url\":\"https:\\\/\\\/www.hhglobal.com\\\/fr\\\/\",\"logo\":{\"@type\":\"ImageObject\",\"inLanguage\":\"fr-FR\",\"@id\":\"https:\\\/\\\/www.hhglobal.com\\\/fr\\\/#\\\/schema\\\/logo\\\/image\\\/\",\"url\":\"https:\\\/\\\/www.hhglobal.com\\\/wp-content\\\/uploads\\\/2023\\\/12\\\/logo-white.svg\",\"contentUrl\":\"https:\\\/\\\/www.hhglobal.com\\\/wp-content\\\/uploads\\\/2023\\\/12\\\/logo-white.svg\",\"width\":77,\"height\":18,\"caption\":\"HH Global\"},\"image\":{\"@id\":\"https:\\\/\\\/www.hhglobal.com\\\/fr\\\/#\\\/schema\\\/logo\\\/image\\\/\"}}]}<\/script>\n<!-- \/ Yoast SEO plugin. -->","yoast_head_json":{"title":"Mentions l\u00e9gales - HH Global","robots":{"index":"index","follow":"follow","max-snippet":"max-snippet:-1","max-image-preview":"max-image-preview:large","max-video-preview":"max-video-preview:-1"},"canonical":"https:\/\/www.hhglobal.com\/fr\/legal-information\/","og_locale":"fr_FR","og_type":"article","og_title":"Mentions l\u00e9gales - HH Global","og_url":"https:\/\/www.hhglobal.com\/fr\/legal-information\/","og_site_name":"HH Global","article_modified_time":"2024-01-16T15:12:50+00:00","twitter_card":"summary_large_image","schema":{"@context":"https:\/\/schema.org","@graph":[{"@type":"WebPage","@id":"https:\/\/www.hhglobal.com\/fr\/legal-information\/","url":"https:\/\/www.hhglobal.com\/fr\/legal-information\/","name":"Mentions l\u00e9gales - HH Global","isPartOf":{"@id":"https:\/\/www.hhglobal.com\/fr\/#website"},"datePublished":"2022-05-18T10:00:05+00:00","dateModified":"2024-01-16T15:12:50+00:00","breadcrumb":{"@id":"https:\/\/www.hhglobal.com\/fr\/legal-information\/#breadcrumb"},"inLanguage":"fr-FR","potentialAction":[{"@type":"ReadAction","target":["https:\/\/www.hhglobal.com\/fr\/legal-information\/"]}]},{"@type":"BreadcrumbList","@id":"https:\/\/www.hhglobal.com\/fr\/legal-information\/#breadcrumb","itemListElement":[{"@type":"ListItem","position":1,"name":"Home","item":"https:\/\/www.hhglobal.com\/fr\/"},{"@type":"ListItem","position":2,"name":"Mentions l\u00e9gales"}]},{"@type":"WebSite","@id":"https:\/\/www.hhglobal.com\/fr\/#website","url":"https:\/\/www.hhglobal.com\/fr\/","name":"HH Global","description":"The global, tech-enabled creative production and procurement partner.","publisher":{"@id":"https:\/\/www.hhglobal.com\/fr\/#organization"},"potentialAction":[{"@type":"SearchAction","target":{"@type":"EntryPoint","urlTemplate":"https:\/\/www.hhglobal.com\/fr\/?s={search_term_string}"},"query-input":{"@type":"PropertyValueSpecification","valueRequired":true,"valueName":"search_term_string"}}],"inLanguage":"fr-FR"},{"@type":"Organization","@id":"https:\/\/www.hhglobal.com\/fr\/#organization","name":"HH Global","url":"https:\/\/www.hhglobal.com\/fr\/","logo":{"@type":"ImageObject","inLanguage":"fr-FR","@id":"https:\/\/www.hhglobal.com\/fr\/#\/schema\/logo\/image\/","url":"https:\/\/www.hhglobal.com\/wp-content\/uploads\/2023\/12\/logo-white.svg","contentUrl":"https:\/\/www.hhglobal.com\/wp-content\/uploads\/2023\/12\/logo-white.svg","width":77,"height":18,"caption":"HH Global"},"image":{"@id":"https:\/\/www.hhglobal.com\/fr\/#\/schema\/logo\/image\/"}}]}},"_links":{"self":[{"href":"https:\/\/www.hhglobal.com\/fr\/wp-json\/wp\/v2\/pages\/7632","targetHints":{"allow":["GET"]}}],"collection":[{"href":"https:\/\/www.hhglobal.com\/fr\/wp-json\/wp\/v2\/pages"}],"about":[{"href":"https:\/\/www.hhglobal.com\/fr\/wp-json\/wp\/v2\/types\/page"}],"author":[{"embeddable":true,"href":"https:\/\/www.hhglobal.com\/fr\/wp-json\/wp\/v2\/users\/41"}],"replies":[{"embeddable":true,"href":"https:\/\/www.hhglobal.com\/fr\/wp-json\/wp\/v2\/comments?post=7632"}],"version-history":[{"count":0,"href":"https:\/\/www.hhglobal.com\/fr\/wp-json\/wp\/v2\/pages\/7632\/revisions"}],"wp:attachment":[{"href":"https:\/\/www.hhglobal.com\/fr\/wp-json\/wp\/v2\/media?parent=7632"}],"curies":[{"name":"wp","href":"https:\/\/api.w.org\/{rel}","templated":true}]}}