{"id":7624,"date":"2022-05-18T22:12:21","date_gmt":"2022-05-18T22:12:21","guid":{"rendered":"https:\/\/decoupled-hhg.local\/careers\/"},"modified":"2025-07-16T19:34:15","modified_gmt":"2025-07-16T19:34:15","slug":"careers","status":"publish","type":"page","link":"https:\/\/www.hhglobal.com\/fr\/careers1\/","title":{"rendered":"Nous recrutons"},"content":{"rendered":"","protected":false},"excerpt":{"rendered":"","protected":false},"author":41,"featured_media":0,"parent":0,"menu_order":0,"comment_status":"closed","ping_status":"closed","template":"","meta":{"_acf_changed":"","_yoast_wpseo_focuskw":"","_yoast_wpseo_metadesc":"","_yoast_wpseo_linkdex":"","_yoast_wpseo_content_score":"","_yoast_wpseo_meta-robots-noindex":"","_yoast_wpseo_meta-robots-nofollow":"","inline_featured_image":[],"_genesis_block_theme_hide_title":false,"_cms_nav_minihome":"","_icl_lang_duplicate_of":"","_menu_item_classes":[],"_menu_item_menu_item_parent":"","_menu_item_object":"","_menu_item_object_id":"","_menu_item_orphaned":"","_menu_item_target":"","_menu_item_type":"","_menu_item_url":"","_menu_item_xfn":"","_seedprod_page":"","_seedprod_page_template_type":"","_seedprod_page_uuid":"","_top_nav_excluded":"","_wp_attachment_backup_sizes":[],"_wp_attachment_context":"","_wp_attachment_image_alt":"","_wp_old_date":"","_wpcode_auto_insert":"","_wpcode_auto_insert_number":"","_wpcode_library_id":"","_wpml_media_duplicate":"1","_wpml_media_featured":"1","_wpml_post_translation_editor_native":"","_wpml_word_count":"{\"total\":319,\"to_translate\":{\"zh-hans\":319,\"cs\":319,\"de\":319,\"it\":319,\"ja\":319,\"pt-br\":319,\"es\":319}}","_yoast_wpseo_estimated-reading-time-minutes":["0"],"_yoast_wpseo_primary_category":"","_yoast_wpseo_primary_industry":"","_yoast_wpseo_primary_solution":"","_yoast_wpseo_primary_the_author":"","_yoast_wpseo_wordproof_timestamp":"","acfml_non_translatable_locations":[],"career_externalLink":"","career_featuredImage":"","career_title":"","casestudy_featuredImage":"","casestudy_title":"","infocallout_excerpt":"","infocallout_featuredImage":"","infocallout_title":"","jobTitle":"","language":"","name":"","profilePicture":"","wp-smpro-smush-data":[],"wp-smush-animated":"","wp-smush-ignore-bulk":"","wp-smush-lossy":"","wpml_media_processed":"","_wpcode_conditional_logic_enabled":"","_wpcode_location_extra":"","_wpcode_note":"","_wpcode_priority":"","_wpcode_shortcode_attributes":[],"footnotes":""},"class_list":["post-7624","page","type-page","status-publish","hentry","post","without-featured-image"],"acf":{"page_title":"Culture d'entreprise, diversit\u00e9 et opportunit\u00e9s de carri\u00e8re | HH Global ","page_description":"Rejoignez HH Global pour profiter d\u2019opportunit\u00e9s \u00e0 l\u2019international et b\u00e9n\u00e9ficier d\u2019une culture d\u2019entraide qui autonomise les individus, encourage la diversit\u00e9 et l\u2019\u00e9volution de carri\u00e8re","social_title":"","social_description":"","social_share_image":null,"modules":[{"acf_fc_layout":"hero","size":"medium2","theme":"dark","choose_images":[{"image":22120},{"image":22131},{"image":22142},{"image":22153}],"show_eyebrow":true,"eyebrow":"","title":"Culture et carri\u00e8res","show_cta":false,"cta_url":"","cta_title":""},{"acf_fc_layout":"intro_content_block","container_background_color":"bg-white","type":"standard","show_image":false,"intro_image":null,"show_background":false,"background":null,"show_eyebrow":false,"eyebrow":"Open Roles By Region","show_designations":false,"designations":null,"show_title":true,"size":"small","title":"Avoir un impact mondial","show_intro":true,"intro":"Chez HH Global, nous aidons les plus grandes marques \u00e0 transformer les id\u00e9es fortes en impact fort, en mettant en \u0153uvre notre cr\u00e9ativit\u00e9 bas\u00e9e sur la technologie dans la production marketing et l\u2019approvisionnement pour des effets vus, entendus et ressentis dans le monde entier. Nous sommes \u00e9galement leader mondial des actions en faveur d\u2019un marketing plus durable.","show_body":true,"body":"Lorsque vous nous rejoignez, vous rejoignez les meilleurs experts passionn\u00e9s par l\u2019approche de r\u00e9el partenariat avec nos clients pour les aider \u00e0 croitre. Vous travaillez de plus avec une technologie de pointe in\u00e9gal\u00e9e dans notre secteur.\r\n\r\nNous sommes profond\u00e9ment attach\u00e9s \u00e0 la responsabilit\u00e9 environnementale et sociale, pour cela nous d\u00e9veloppons des solutions innovantes pour renforcer la durabilit\u00e9 environnementale et rationaliser la cha\u00eene d'approvisionnement. Nos capacit\u00e9s et notre envergure uniques nous permettent de travailler ensemble dans le monde entier pour soutenir une croissance durable.","show_labels":true,"labels":{"show_social":false,"custom_categories":[{"category_label":"Postes ouverts par r\u00e9gion","labels":[{"link_label":"Postes en Am\u00e9rique du Nord","link_href":"https:\/\/globaleur251.dayforcehcm.com\/CandidatePortal\/en-US\/hhglobal","link_internal_pages":"","link_file":null,"link_type":"external"},{"link_label":"Postes en LATAM ","link_href":"https:\/\/globaleur251.dayforcehcm.com\/CandidatePortal\/en-US\/hhglobal","link_internal_pages":"","link_file":null,"link_type":"external"},{"link_label":"Postes Asie-Pacifique ","link_href":"https:\/\/globaleur251.dayforcehcm.com\/CandidatePortal\/en-GB\/hhglobal","link_internal_pages":"","link_file":null,"link_type":"external"},{"link_label":"Postes EMEA ","link_href":"https:\/\/globaleur251.dayforcehcm.com\/CandidatePortal\/en-GB\/hhglobal","link_internal_pages":"","link_file":null,"link_type":"external"}]}]}},{"acf_fc_layout":"text_with_media","scroll_to_link":"","theme":"light","container_background_color":"bg-grey","show_eyebrow":false,"eyebrow":"","show_title":false,"title":"","show_sub_title":true,"sub_title":"Nous nous engageons \u00e0 \u00eatre un endroit o\u00f9 il fait bon travailler. Pour tous et toutes.","content":"Chez HH Global, nous savons que nos employ\u00e9s et employ\u00e9es sont notre plus grande force. Leurs points de vue diff\u00e9rents et leurs exp\u00e9riences vari\u00e9es enrichissent notre capacit\u00e9 \u00e0 \u00e9tablir des partenariats de grande qualit\u00e9 avec nos clients. C'est pourquoi nous nous engageons en faveur de la diversit\u00e9 et de l'inclusion dans l'ensemble de notre entreprise.\r\n\r\nNotre culture d\u2019entraide \u00e0 m\u00eame d\u2019autonomiser les individus fait que nous veillons \u00e0 ce que chacun b\u00e9n\u00e9ficie de droits \u00e9quitables et ait la possibilit\u00e9 de grandir et de se d\u00e9velopper librement.\r\n\r\nAfin de r\u00e9pondre aux besoins de notre croissance, nous recherchons les meilleurs talents pour rejoindre nos \u00e9quipes. Avec des opportunit\u00e9s \u00e0 l\u2019international et des parcours de carri\u00e8re enrichissants, HH Global a une place pour chacun et chacune.\r\n\r\nD\u00e9couvrez nos postes ouverts par r\u00e9gion.","cta_url":"","cta_text":"","open_in_new_window":false,"choose_media":[{"image":22164},{"image":22175},{"image":22186}],"image_alignment":"left","image_fit":"cover","image_size":"half-width","vimeoid":"","ytid":""},{"acf_fc_layout":"content_block","container_background_color":"bg-white","show_header":false,"header":"","contents":[{"show_header_icon":true,"header_icon":22197,"show_header":false,"header":"","header_color":"primary-green-2","show_subheader":true,"subheader":"Opportunit\u00e9s mondiales","description":"Fort d\u2019une pr\u00e9sence mondiale \u00e9tablie, nous offrons des opportunit\u00e9s de carri\u00e8re dans le monde entier. Chaque jour, nous continuons \u00e0 \u00e9largir nos \u00e9quipes pour r\u00e9pondre aux besoins li\u00e9s \u00e0 nos nouveaux partenariats avec des clients cherchant une croissance plus forte et plus durable, en offrant tous les avantages accompagnant le fait d'\u00eatre le leader de notre secteur."},{"show_header_icon":true,"header_icon":22208,"show_header":false,"header":"","header_color":"primary-green-2","show_subheader":true,"subheader":"Investir dans notre personnel","description":"Nos formations inclusives et culturellement adapt\u00e9es sont traduites en plusieurs langues et utilisent une technologie intelligente afin de guider les utilisateurs et les utilisatrices tout au long de leur parcours. Nous nous engageons \u00e0 int\u00e9grer les principes de diversit\u00e9, d'\u00e9quit\u00e9 et d'inclusion dans tous nos programmes de d\u00e9veloppement et de formation d'ici 2025."},{"show_header_icon":true,"header_icon":22219,"show_header":false,"header":"","header_color":"primary-green-2","show_subheader":true,"subheader":"Notre communaut\u00e9","description":"Nous sommes forts d\u2019une communaut\u00e9 de collaborateurs et collaboratrices diversifi\u00e9e et dynamique compos\u00e9e de personnes passionn\u00e9es travaillant ensemble pour se soutenir. Notre objectif est de faire montre de notre diff\u00e9rence au sein de notre entreprise, pour nos clients et pour le monde. Notre ambition est de mettre \u00e0 disposition une plateforme servant au d\u00e9veloppement personnel comme professionnel pour tous et toutes, et d'apprendre en tant qu\u2019\u00e9quipe."}]},{"acf_fc_layout":"text_with_media","scroll_to_link":"","theme":"light","container_background_color":"bg-grey","show_eyebrow":false,"eyebrow":"","show_title":false,"title":"Une forte culture du d\u00e9veloppement durable","show_sub_title":true,"sub_title":"Une forte culture du d\u00e9veloppement durable","content":"Nous nous engageons pour le d\u00e9veloppement durable au sein de notre entreprise ainsi que pour une croissance respectueuse de l'environnement de nos partenaires. Nos employ\u00e9s et employ\u00e9es re\u00e7oivent un juste salaire et nous exigeons la confirmation de la mise en place d'une politique salariale juste de la part de 100 % de nos partenaires fournisseurs strat\u00e9giques d'ici 2025. De plus, d\u2019ici 2025, 100 % de nos fournisseurs strat\u00e9giques s'aligneront sur nos standards environnementaux et sociaux clairement d\u00e9finis, ou auront mis en place des plans d'action correctifs appropri\u00e9s.","cta_url":"https:\/\/ebooks.decoupledhhstg.wpengine.com\/view\/465383337\/","cta_text":"T\u00e9l\u00e9chargez notre rapport de d\u00e9veloppement durable","open_in_new_window":false,"choose_media":[{"image":22230}],"image_alignment":"right","image_fit":"cover","image_size":"half-width","vimeoid":"","ytid":""},{"acf_fc_layout":"cards","container_background_color":"bg-pure-black","show_heading":true,"heading":"D\u00e9couvrir les postes par r\u00e9gion","content":"","cards":{"layout":"careers-layout","sub_layout":"simple","cards_display_mode":"bg-white","solution_term":null,"industry_term":null,"author_term":null,"region_term":null,"choose_cards":0,"choose_case_studies":0,"choose_featured_case_studies":0,"choose_staff_members":0,"choose_careers":[7690,7692,7694],"choose_info_callouts":0,"show_titles":true,"show_description":true,"show_date":true,"show_sector":true}}]},"yoast_head":"<!-- This site is optimized with the Yoast SEO plugin v27.3 - https:\/\/yoast.com\/product\/yoast-seo-wordpress\/ -->\n<title>Nous recrutons - HH Global<\/title>\n<meta name=\"robots\" content=\"index, follow, max-snippet:-1, max-image-preview:large, max-video-preview:-1\" \/>\n<link rel=\"canonical\" href=\"https:\/\/www.hhglobal.com\/fr\/careers1\/\" \/>\n<meta property=\"og:locale\" content=\"fr_FR\" \/>\n<meta property=\"og:type\" content=\"article\" \/>\n<meta property=\"og:title\" content=\"Nous recrutons - HH Global\" \/>\n<meta property=\"og:url\" content=\"https:\/\/www.hhglobal.com\/fr\/careers1\/\" \/>\n<meta property=\"og:site_name\" content=\"HH Global\" \/>\n<meta property=\"article:modified_time\" content=\"2025-07-16T19:34:15+00:00\" \/>\n<meta name=\"twitter:card\" content=\"summary_large_image\" \/>\n<script type=\"application\/ld+json\" class=\"yoast-schema-graph\">{\"@context\":\"https:\\\/\\\/schema.org\",\"@graph\":[{\"@type\":\"WebPage\",\"@id\":\"https:\\\/\\\/www.hhglobal.com\\\/fr\\\/careers1\\\/\",\"url\":\"https:\\\/\\\/www.hhglobal.com\\\/fr\\\/careers1\\\/\",\"name\":\"Nous recrutons - HH Global\",\"isPartOf\":{\"@id\":\"https:\\\/\\\/www.hhglobal.com\\\/fr\\\/#website\"},\"datePublished\":\"2022-05-18T22:12:21+00:00\",\"dateModified\":\"2025-07-16T19:34:15+00:00\",\"breadcrumb\":{\"@id\":\"https:\\\/\\\/www.hhglobal.com\\\/fr\\\/careers1\\\/#breadcrumb\"},\"inLanguage\":\"fr-FR\",\"potentialAction\":[{\"@type\":\"ReadAction\",\"target\":[\"https:\\\/\\\/www.hhglobal.com\\\/fr\\\/careers1\\\/\"]}]},{\"@type\":\"BreadcrumbList\",\"@id\":\"https:\\\/\\\/www.hhglobal.com\\\/fr\\\/careers1\\\/#breadcrumb\",\"itemListElement\":[{\"@type\":\"ListItem\",\"position\":1,\"name\":\"Home\",\"item\":\"https:\\\/\\\/www.hhglobal.com\\\/fr\\\/\"},{\"@type\":\"ListItem\",\"position\":2,\"name\":\"Nous recrutons\"}]},{\"@type\":\"WebSite\",\"@id\":\"https:\\\/\\\/www.hhglobal.com\\\/fr\\\/#website\",\"url\":\"https:\\\/\\\/www.hhglobal.com\\\/fr\\\/\",\"name\":\"HH Global\",\"description\":\"The global, tech-enabled creative production and procurement partner.\",\"publisher\":{\"@id\":\"https:\\\/\\\/www.hhglobal.com\\\/fr\\\/#organization\"},\"potentialAction\":[{\"@type\":\"SearchAction\",\"target\":{\"@type\":\"EntryPoint\",\"urlTemplate\":\"https:\\\/\\\/www.hhglobal.com\\\/fr\\\/?s={search_term_string}\"},\"query-input\":{\"@type\":\"PropertyValueSpecification\",\"valueRequired\":true,\"valueName\":\"search_term_string\"}}],\"inLanguage\":\"fr-FR\"},{\"@type\":\"Organization\",\"@id\":\"https:\\\/\\\/www.hhglobal.com\\\/fr\\\/#organization\",\"name\":\"HH Global\",\"url\":\"https:\\\/\\\/www.hhglobal.com\\\/fr\\\/\",\"logo\":{\"@type\":\"ImageObject\",\"inLanguage\":\"fr-FR\",\"@id\":\"https:\\\/\\\/www.hhglobal.com\\\/fr\\\/#\\\/schema\\\/logo\\\/image\\\/\",\"url\":\"https:\\\/\\\/www.hhglobal.com\\\/wp-content\\\/uploads\\\/2023\\\/12\\\/logo-white.svg\",\"contentUrl\":\"https:\\\/\\\/www.hhglobal.com\\\/wp-content\\\/uploads\\\/2023\\\/12\\\/logo-white.svg\",\"width\":77,\"height\":18,\"caption\":\"HH Global\"},\"image\":{\"@id\":\"https:\\\/\\\/www.hhglobal.com\\\/fr\\\/#\\\/schema\\\/logo\\\/image\\\/\"}}]}<\/script>\n<!-- \/ Yoast SEO plugin. -->","yoast_head_json":{"title":"Nous recrutons - HH Global","robots":{"index":"index","follow":"follow","max-snippet":"max-snippet:-1","max-image-preview":"max-image-preview:large","max-video-preview":"max-video-preview:-1"},"canonical":"https:\/\/www.hhglobal.com\/fr\/careers1\/","og_locale":"fr_FR","og_type":"article","og_title":"Nous recrutons - HH Global","og_url":"https:\/\/www.hhglobal.com\/fr\/careers1\/","og_site_name":"HH Global","article_modified_time":"2025-07-16T19:34:15+00:00","twitter_card":"summary_large_image","schema":{"@context":"https:\/\/schema.org","@graph":[{"@type":"WebPage","@id":"https:\/\/www.hhglobal.com\/fr\/careers1\/","url":"https:\/\/www.hhglobal.com\/fr\/careers1\/","name":"Nous recrutons - HH Global","isPartOf":{"@id":"https:\/\/www.hhglobal.com\/fr\/#website"},"datePublished":"2022-05-18T22:12:21+00:00","dateModified":"2025-07-16T19:34:15+00:00","breadcrumb":{"@id":"https:\/\/www.hhglobal.com\/fr\/careers1\/#breadcrumb"},"inLanguage":"fr-FR","potentialAction":[{"@type":"ReadAction","target":["https:\/\/www.hhglobal.com\/fr\/careers1\/"]}]},{"@type":"BreadcrumbList","@id":"https:\/\/www.hhglobal.com\/fr\/careers1\/#breadcrumb","itemListElement":[{"@type":"ListItem","position":1,"name":"Home","item":"https:\/\/www.hhglobal.com\/fr\/"},{"@type":"ListItem","position":2,"name":"Nous recrutons"}]},{"@type":"WebSite","@id":"https:\/\/www.hhglobal.com\/fr\/#website","url":"https:\/\/www.hhglobal.com\/fr\/","name":"HH Global","description":"The global, tech-enabled creative production and procurement partner.","publisher":{"@id":"https:\/\/www.hhglobal.com\/fr\/#organization"},"potentialAction":[{"@type":"SearchAction","target":{"@type":"EntryPoint","urlTemplate":"https:\/\/www.hhglobal.com\/fr\/?s={search_term_string}"},"query-input":{"@type":"PropertyValueSpecification","valueRequired":true,"valueName":"search_term_string"}}],"inLanguage":"fr-FR"},{"@type":"Organization","@id":"https:\/\/www.hhglobal.com\/fr\/#organization","name":"HH Global","url":"https:\/\/www.hhglobal.com\/fr\/","logo":{"@type":"ImageObject","inLanguage":"fr-FR","@id":"https:\/\/www.hhglobal.com\/fr\/#\/schema\/logo\/image\/","url":"https:\/\/www.hhglobal.com\/wp-content\/uploads\/2023\/12\/logo-white.svg","contentUrl":"https:\/\/www.hhglobal.com\/wp-content\/uploads\/2023\/12\/logo-white.svg","width":77,"height":18,"caption":"HH Global"},"image":{"@id":"https:\/\/www.hhglobal.com\/fr\/#\/schema\/logo\/image\/"}}]}},"_links":{"self":[{"href":"https:\/\/www.hhglobal.com\/fr\/wp-json\/wp\/v2\/pages\/7624","targetHints":{"allow":["GET"]}}],"collection":[{"href":"https:\/\/www.hhglobal.com\/fr\/wp-json\/wp\/v2\/pages"}],"about":[{"href":"https:\/\/www.hhglobal.com\/fr\/wp-json\/wp\/v2\/types\/page"}],"author":[{"embeddable":true,"href":"https:\/\/www.hhglobal.com\/fr\/wp-json\/wp\/v2\/users\/41"}],"replies":[{"embeddable":true,"href":"https:\/\/www.hhglobal.com\/fr\/wp-json\/wp\/v2\/comments?post=7624"}],"version-history":[{"count":0,"href":"https:\/\/www.hhglobal.com\/fr\/wp-json\/wp\/v2\/pages\/7624\/revisions"}],"wp:attachment":[{"href":"https:\/\/www.hhglobal.com\/fr\/wp-json\/wp\/v2\/media?parent=7624"}],"curies":[{"name":"wp","href":"https:\/\/api.w.org\/{rel}","templated":true}]}}