{"id":7620,"date":"2022-05-19T12:47:26","date_gmt":"2022-05-19T12:47:26","guid":{"rendered":"https:\/\/decoupled-hhg.local\/logistics\/"},"modified":"2023-11-24T14:15:36","modified_gmt":"2023-11-24T14:15:36","slug":"logistics","status":"publish","type":"page","link":"https:\/\/www.hhglobal.com\/fr\/what-we-do\/logistics\/","title":{"rendered":"Logistique"},"content":{"rendered":"","protected":false},"excerpt":{"rendered":"","protected":false},"author":41,"featured_media":0,"parent":0,"menu_order":0,"comment_status":"closed","ping_status":"closed","template":"","meta":{"_acf_changed":"","_yoast_wpseo_focuskw":"","_yoast_wpseo_metadesc":"","_yoast_wpseo_linkdex":"","_yoast_wpseo_content_score":"","_yoast_wpseo_meta-robots-noindex":"","_yoast_wpseo_meta-robots-nofollow":"","inline_featured_image":[],"_genesis_block_theme_hide_title":false,"_cms_nav_minihome":"","_icl_lang_duplicate_of":"","_menu_item_classes":[],"_menu_item_menu_item_parent":"","_menu_item_object":"","_menu_item_object_id":"","_menu_item_orphaned":"","_menu_item_target":"","_menu_item_type":"","_menu_item_url":"","_menu_item_xfn":"","_seedprod_page":"","_seedprod_page_template_type":"","_seedprod_page_uuid":"","_top_nav_excluded":"","_wp_attachment_backup_sizes":[],"_wp_attachment_context":"","_wp_attachment_image_alt":"","_wp_old_date":"","_wpcode_auto_insert":"","_wpcode_auto_insert_number":"","_wpcode_library_id":"","_wpml_media_duplicate":"1","_wpml_media_featured":"1","_wpml_post_translation_editor_native":"","_wpml_word_count":"{\"total\":296,\"to_translate\":{\"zh-hans\":296,\"cs\":296,\"de\":296,\"it\":296,\"ja\":296,\"pt-br\":296,\"es\":296}}","_yoast_wpseo_estimated-reading-time-minutes":[],"_yoast_wpseo_primary_category":"","_yoast_wpseo_primary_industry":"","_yoast_wpseo_primary_solution":"","_yoast_wpseo_primary_the_author":"","_yoast_wpseo_wordproof_timestamp":"","acfml_non_translatable_locations":[],"career_externalLink":"","career_featuredImage":"","career_title":"","casestudy_featuredImage":"","casestudy_title":"","infocallout_excerpt":"","infocallout_featuredImage":"","infocallout_title":"","jobTitle":"","language":"","name":"","profilePicture":"","wp-smpro-smush-data":[],"wp-smush-animated":"","wp-smush-ignore-bulk":"","wp-smush-lossy":"","wpml_media_processed":"","_wpcode_conditional_logic_enabled":"","_wpcode_location_extra":"","_wpcode_note":"","_wpcode_priority":"","_wpcode_shortcode_attributes":[],"footnotes":""},"class_list":["post-7620","page","type-page","status-publish","hentry","post","without-featured-image"],"acf":{"page_title":"Solutions logistiques pour un marketing strat\u00e9gique sur toute la plan\u00e8te | HH Global ","page_description":"Laissez l'expertise en logistique de HH Global, enti\u00e8rement int\u00e9gr\u00e9e \u00e0 nos solutions cr\u00e9atives de production et d'approvisionnement, assurer le succ\u00e8s des actions marketing de votre marque dans le monde entier","social_title":"","social_description":"","social_share_image":null,"modules":[{"acf_fc_layout":"hero","size":"medium2","theme":"dark","choose_images":[{"image":7106},{"image":7069},{"image":7451},{"image":7448}],"show_eyebrow":false,"eyebrow":"","title":"Logistique","show_cta":false,"cta_url":"","cta_title":""},{"acf_fc_layout":"intro_content_block","container_background_color":"bg-white","type":false,"show_image":false,"intro_image":null,"show_background":false,"background":null,"show_eyebrow":false,"eyebrow":"","show_designations":false,"designations":null,"show_title":true,"size":"large","title":"Solutions logistiques pour un marketing strat\u00e9gique sur toute la plan\u00e8te","show_intro":false,"intro":"","show_body":false,"body":"","show_labels":false,"labels":{"show_social":false,"custom_categories":null}},{"acf_fc_layout":"text_with_media_carousel","theme":"light","container_background_color":"bg-grey","highlight_color":"purple","title":"Assurez-vous que vos id\u00e9es fortes aient l\u2019impact att","content":"Vous avez de grandes id\u00e9es pour vos actions marketing. Mais vos supports marketing doivent \u00eatre plac\u00e9s au bon endroit au bon moment pour avoir un impact important. Notre syst\u00e8me d\u2019entreposage intelligent bas\u00e9 sur la data, associ\u00e9 \u00e0 des emplacements strat\u00e9giques \u00e0 travers le monde, vous offre la visibilit\u00e9 et les avantages de la rapidit\u00e9 d\u2019approvisionnement sur le march\u00e9 dont vous avez besoin pour r\u00e9ussir.\r\n\r\nHH Global accorde la priorit\u00e9 \u00e0 la compr\u00e9hension de votre activit\u00e9, du concept de cr\u00e9ation aux d\u00e9tails de stockage et de livraison de vos ressources marketing. Nous nous int\u00e9grons enti\u00e8rement \u00e0 vos syst\u00e8mes existants pour vous donner une visibilit\u00e9 sur le stock et le suivi pour une gestion haute efficacit\u00e9. En outre, notre strat\u00e9gie de d\u00e9veloppement durable, nos capacit\u00e9s de mesure et d\u2019\u00e9tablissement de rapports vous aident \u00e0 atteindre et \u00e0 d\u00e9passer les objectifs de votre entreprise.","additional_spacing":true,"features_title":"Gamme de services","features":[{"navigation_label":"Entreposage + distribution","show_title":true,"title":"Entreposage + distribution","show_subtitle":false,"subtitle":"","content":"Nous mettons \u00e0 votre disposition des solutions d'entreposage et de distribution flexibles \u00e0 grande \u00e9chelle incluant les \u00e9l\u00e9ments suivants :\r\n<ul>\r\n \t<li>Une flexibilit\u00e9 tactique pour la mise en place rapide de sites r\u00e9pondant aux objectifs uniques de votre entreprise<\/li>\r\n \t<li>Sites d'entreposage multiples pour r\u00e9pondre au mieux aux besoins d'exp\u00e9dition des clients<\/li>\r\n \t<li>R\u00e9seau diversifi\u00e9 de fournisseurs d'entrep\u00f4ts certifi\u00e9s offrant une adaptabilit\u00e9 \u00e0 tous les secteurs d\u2019activit\u00e9<\/li>\r\n \t<li>Options centralis\u00e9es et d\u00e9centralis\u00e9es disponibles pour r\u00e9pondre \u00e0 toutes les exigences de distribution<\/li>\r\n \t<li>Base de fournisseurs en constante augmentation pour am\u00e9liorer les services sur tous les parcours<\/li>\r\n \t<li>\u00c9conomies d'\u00e9chelle par le biais de l'agr\u00e9gation de l'activit\u00e9 des clients au sein de notre portefeuille<\/li>\r\n<\/ul>","choose_media":[{"image":7450}],"vimeoid":"","ytid":""},{"navigation_label":"Optimisation du fret","show_title":true,"title":"Optimisation du fret","show_subtitle":false,"subtitle":"","content":"Une gestion \u00e9prouv\u00e9e du fret rationalise vos processus marketing, d'inventaire et de mise en \u0153uvre, gr\u00e2ce \u00e0 :\r\n<ul>\r\n \t<li>Des technologies exclusives de cr\u00e9ation de catalogues et d\u2019\u00e9tablissement de tableaux de bord simplifiant les commandes et fournissant des informations en temps r\u00e9el<\/li>\r\n \t<li>L\u2019ensemble du fret g\u00e9r\u00e9 via un logiciel de gestion des transports en ligne<\/li>\r\n \t<li>+ de 14 millions de kg g\u00e9r\u00e9s annuellement<\/li>\r\n \t<li>99,5 % de livraison dans les d\u00e9lais<\/li>\r\n \t<li>Importations et exportations vers plus de 60 pays<\/li>\r\n<\/ul>","choose_media":[{"image":7456}],"vimeoid":"","ytid":""},{"navigation_label":"Montage + installation","show_title":true,"title":"Montage + installation","show_subtitle":false,"subtitle":"","content":"Nous sommes sp\u00e9cialistes de la coordination et la gestion de programmes d'installation strat\u00e9giques pour vos ressources marketing les plus importantes, dont :\r\n<ul>\r\n \t<li>La signal\u00e9tique traditionnelle et num\u00e9rique, les \u00e9clairages et les vitrines ou pr\u00e9sentoirs, et les solutions uniques personnalis\u00e9es quel que soit le niveau de complexit\u00e9<\/li>\r\n \t<li>\u00c9quipe interne de sp\u00e9cialistes exp\u00e9riment\u00e9s du montage et de l'installation<\/li>\r\n \t<li>Services d'installation rapides et experts dans tous les secteurs d\u2019activit\u00e9s<\/li>\r\n \t<li>Services de gestion de projet 24\/7\/365<\/li>\r\n \t<li>Des chefs de projet d\u00e9di\u00e9s, en communication constante avec les clients<\/li>\r\n \t<li>Des r\u00e9sultats toujours fiables pour chaque projet<\/li>\r\n<\/ul>","choose_media":[{"image":7060}],"vimeoid":"","ytid":""},{"navigation_label":"Co-emballage","show_title":true,"title":"Co-emballage","show_subtitle":false,"subtitle":"","content":"Nous g\u00e9rons un important site d\u00e9di\u00e9, dot\u00e9 d'\u00e9quipes op\u00e9rationnelles et techniques facilitant les services de co-emballage ou co-packing, comportant :\r\n<ul>\r\n \t<li>Un site de 32 500 m\u00e8tres carr\u00e9s certifi\u00e9 AIB et approuv\u00e9 par la FDA<\/li>\r\n \t<li>Une activit\u00e9 en deux\/huit pour l'assemblage des pr\u00e9sentoirs, le co-packing et l'emballage des kits permettant la flexibilit\u00e9 et l\u2019adaptabilit\u00e9 selon les besoins<\/li>\r\n \t<li>Une table vibrante sur le site pour la simulation de transport et les tests d\u2019exp\u00e9dition<\/li>\r\n \t<li>175 millions USD de produits finaux conditionn\u00e9s emball\u00e9s chaque ann\u00e9e<\/li>\r\n<\/ul>","choose_media":[{"image":7524}],"vimeoid":"","ytid":""}]},{"acf_fc_layout":"content_block","container_background_color":"bg-white","show_header":false,"header":"","contents":[{"show_header_icon":false,"header_icon":null,"show_header":true,"header":"+ 7 k","header_color":"secondary-blue","show_subheader":true,"subheader":"Transporteurs","description":"En r\u00e9seau"},{"show_header_icon":false,"header_icon":null,"show_header":true,"header":"+ 250","header_color":"purple","show_subheader":true,"subheader":"Lancements de produits","description":"G\u00e9r\u00e9s annuellement"},{"show_header_icon":false,"header_icon":null,"show_header":true,"header":"+ 150","header_color":"light-purple","show_subheader":true,"subheader":"Entreprises de produits de grande consommation","description":"Aid\u00e9es dans le monde entier"}]},{"acf_fc_layout":"cards","container_background_color":"bg-pure-black","show_heading":true,"heading":"Envoyer","content":"","cards":{"layout":"case-studies-layout","sub_layout":"simple","cards_display_mode":"bg-white","solution_term":null,"industry_term":null,"author_term":null,"region_term":null,"choose_cards":null,"choose_case_studies":[7673,7675,7684],"choose_featured_case_studies":null,"choose_staff_members":null,"choose_careers":null,"choose_info_callouts":null,"show_titles":true,"show_description":true,"show_date":false,"show_sector":false}},{"acf_fc_layout":"contact_form","title":"Nous contacter"}]},"yoast_head":"<!-- This site is optimized with the Yoast SEO plugin v27.3 - https:\/\/yoast.com\/product\/yoast-seo-wordpress\/ -->\n<title>Logistique - HH Global<\/title>\n<meta name=\"robots\" content=\"index, follow, max-snippet:-1, max-image-preview:large, max-video-preview:-1\" \/>\n<link rel=\"canonical\" href=\"https:\/\/www.hhglobal.com\/fr\/what-we-do\/logistics\/\" \/>\n<meta property=\"og:locale\" content=\"fr_FR\" \/>\n<meta property=\"og:type\" content=\"article\" \/>\n<meta property=\"og:title\" content=\"Logistique - HH Global\" \/>\n<meta property=\"og:url\" content=\"https:\/\/www.hhglobal.com\/fr\/what-we-do\/logistics\/\" \/>\n<meta property=\"og:site_name\" content=\"HH Global\" \/>\n<meta property=\"article:modified_time\" content=\"2023-11-24T14:15:36+00:00\" \/>\n<meta name=\"twitter:card\" content=\"summary_large_image\" \/>\n<script type=\"application\/ld+json\" class=\"yoast-schema-graph\">{\"@context\":\"https:\\\/\\\/schema.org\",\"@graph\":[{\"@type\":\"WebPage\",\"@id\":\"https:\\\/\\\/www.hhglobal.com\\\/fr\\\/what-we-do\\\/logistics\\\/\",\"url\":\"https:\\\/\\\/www.hhglobal.com\\\/fr\\\/what-we-do\\\/logistics\\\/\",\"name\":\"Logistique - HH Global\",\"isPartOf\":{\"@id\":\"https:\\\/\\\/www.hhglobal.com\\\/fr\\\/#website\"},\"datePublished\":\"2022-05-19T12:47:26+00:00\",\"dateModified\":\"2023-11-24T14:15:36+00:00\",\"breadcrumb\":{\"@id\":\"https:\\\/\\\/www.hhglobal.com\\\/fr\\\/what-we-do\\\/logistics\\\/#breadcrumb\"},\"inLanguage\":\"fr-FR\",\"potentialAction\":[{\"@type\":\"ReadAction\",\"target\":[\"https:\\\/\\\/www.hhglobal.com\\\/fr\\\/what-we-do\\\/logistics\\\/\"]}]},{\"@type\":\"BreadcrumbList\",\"@id\":\"https:\\\/\\\/www.hhglobal.com\\\/fr\\\/what-we-do\\\/logistics\\\/#breadcrumb\",\"itemListElement\":[{\"@type\":\"ListItem\",\"position\":1,\"name\":\"Home\",\"item\":\"https:\\\/\\\/www.hhglobal.com\\\/fr\\\/\"},{\"@type\":\"ListItem\",\"position\":2,\"name\":\"Logistique\"}]},{\"@type\":\"WebSite\",\"@id\":\"https:\\\/\\\/www.hhglobal.com\\\/fr\\\/#website\",\"url\":\"https:\\\/\\\/www.hhglobal.com\\\/fr\\\/\",\"name\":\"HH Global\",\"description\":\"The global, tech-enabled creative production and procurement partner.\",\"publisher\":{\"@id\":\"https:\\\/\\\/www.hhglobal.com\\\/fr\\\/#organization\"},\"potentialAction\":[{\"@type\":\"SearchAction\",\"target\":{\"@type\":\"EntryPoint\",\"urlTemplate\":\"https:\\\/\\\/www.hhglobal.com\\\/fr\\\/?s={search_term_string}\"},\"query-input\":{\"@type\":\"PropertyValueSpecification\",\"valueRequired\":true,\"valueName\":\"search_term_string\"}}],\"inLanguage\":\"fr-FR\"},{\"@type\":\"Organization\",\"@id\":\"https:\\\/\\\/www.hhglobal.com\\\/fr\\\/#organization\",\"name\":\"HH Global\",\"url\":\"https:\\\/\\\/www.hhglobal.com\\\/fr\\\/\",\"logo\":{\"@type\":\"ImageObject\",\"inLanguage\":\"fr-FR\",\"@id\":\"https:\\\/\\\/www.hhglobal.com\\\/fr\\\/#\\\/schema\\\/logo\\\/image\\\/\",\"url\":\"https:\\\/\\\/www.hhglobal.com\\\/wp-content\\\/uploads\\\/2023\\\/12\\\/logo-white.svg\",\"contentUrl\":\"https:\\\/\\\/www.hhglobal.com\\\/wp-content\\\/uploads\\\/2023\\\/12\\\/logo-white.svg\",\"width\":77,\"height\":18,\"caption\":\"HH Global\"},\"image\":{\"@id\":\"https:\\\/\\\/www.hhglobal.com\\\/fr\\\/#\\\/schema\\\/logo\\\/image\\\/\"}}]}<\/script>\n<!-- \/ Yoast SEO plugin. -->","yoast_head_json":{"title":"Logistique - HH Global","robots":{"index":"index","follow":"follow","max-snippet":"max-snippet:-1","max-image-preview":"max-image-preview:large","max-video-preview":"max-video-preview:-1"},"canonical":"https:\/\/www.hhglobal.com\/fr\/what-we-do\/logistics\/","og_locale":"fr_FR","og_type":"article","og_title":"Logistique - HH Global","og_url":"https:\/\/www.hhglobal.com\/fr\/what-we-do\/logistics\/","og_site_name":"HH Global","article_modified_time":"2023-11-24T14:15:36+00:00","twitter_card":"summary_large_image","schema":{"@context":"https:\/\/schema.org","@graph":[{"@type":"WebPage","@id":"https:\/\/www.hhglobal.com\/fr\/what-we-do\/logistics\/","url":"https:\/\/www.hhglobal.com\/fr\/what-we-do\/logistics\/","name":"Logistique - HH Global","isPartOf":{"@id":"https:\/\/www.hhglobal.com\/fr\/#website"},"datePublished":"2022-05-19T12:47:26+00:00","dateModified":"2023-11-24T14:15:36+00:00","breadcrumb":{"@id":"https:\/\/www.hhglobal.com\/fr\/what-we-do\/logistics\/#breadcrumb"},"inLanguage":"fr-FR","potentialAction":[{"@type":"ReadAction","target":["https:\/\/www.hhglobal.com\/fr\/what-we-do\/logistics\/"]}]},{"@type":"BreadcrumbList","@id":"https:\/\/www.hhglobal.com\/fr\/what-we-do\/logistics\/#breadcrumb","itemListElement":[{"@type":"ListItem","position":1,"name":"Home","item":"https:\/\/www.hhglobal.com\/fr\/"},{"@type":"ListItem","position":2,"name":"Logistique"}]},{"@type":"WebSite","@id":"https:\/\/www.hhglobal.com\/fr\/#website","url":"https:\/\/www.hhglobal.com\/fr\/","name":"HH Global","description":"The global, tech-enabled creative production and procurement partner.","publisher":{"@id":"https:\/\/www.hhglobal.com\/fr\/#organization"},"potentialAction":[{"@type":"SearchAction","target":{"@type":"EntryPoint","urlTemplate":"https:\/\/www.hhglobal.com\/fr\/?s={search_term_string}"},"query-input":{"@type":"PropertyValueSpecification","valueRequired":true,"valueName":"search_term_string"}}],"inLanguage":"fr-FR"},{"@type":"Organization","@id":"https:\/\/www.hhglobal.com\/fr\/#organization","name":"HH Global","url":"https:\/\/www.hhglobal.com\/fr\/","logo":{"@type":"ImageObject","inLanguage":"fr-FR","@id":"https:\/\/www.hhglobal.com\/fr\/#\/schema\/logo\/image\/","url":"https:\/\/www.hhglobal.com\/wp-content\/uploads\/2023\/12\/logo-white.svg","contentUrl":"https:\/\/www.hhglobal.com\/wp-content\/uploads\/2023\/12\/logo-white.svg","width":77,"height":18,"caption":"HH Global"},"image":{"@id":"https:\/\/www.hhglobal.com\/fr\/#\/schema\/logo\/image\/"}}]}},"_links":{"self":[{"href":"https:\/\/www.hhglobal.com\/fr\/wp-json\/wp\/v2\/pages\/7620","targetHints":{"allow":["GET"]}}],"collection":[{"href":"https:\/\/www.hhglobal.com\/fr\/wp-json\/wp\/v2\/pages"}],"about":[{"href":"https:\/\/www.hhglobal.com\/fr\/wp-json\/wp\/v2\/types\/page"}],"author":[{"embeddable":true,"href":"https:\/\/www.hhglobal.com\/fr\/wp-json\/wp\/v2\/users\/41"}],"replies":[{"embeddable":true,"href":"https:\/\/www.hhglobal.com\/fr\/wp-json\/wp\/v2\/comments?post=7620"}],"version-history":[{"count":0,"href":"https:\/\/www.hhglobal.com\/fr\/wp-json\/wp\/v2\/pages\/7620\/revisions"}],"wp:attachment":[{"href":"https:\/\/www.hhglobal.com\/fr\/wp-json\/wp\/v2\/media?parent=7620"}],"curies":[{"name":"wp","href":"https:\/\/api.w.org\/{rel}","templated":true}]}}