{"id":7618,"date":"2022-05-19T12:46:43","date_gmt":"2022-05-19T12:46:43","guid":{"rendered":"https:\/\/decoupled-hhg.local\/procurement\/"},"modified":"2023-11-24T14:07:32","modified_gmt":"2023-11-24T14:07:32","slug":"procurement","status":"publish","type":"page","link":"https:\/\/www.hhglobal.com\/fr\/what-we-do\/procurement\/","title":{"rendered":"Approvisionnement"},"content":{"rendered":"","protected":false},"excerpt":{"rendered":"","protected":false},"author":41,"featured_media":0,"parent":0,"menu_order":0,"comment_status":"closed","ping_status":"closed","template":"","meta":{"_acf_changed":"","_yoast_wpseo_focuskw":"","_yoast_wpseo_metadesc":"","_yoast_wpseo_linkdex":"","_yoast_wpseo_content_score":"","_yoast_wpseo_meta-robots-noindex":"","_yoast_wpseo_meta-robots-nofollow":"","inline_featured_image":[],"_genesis_block_theme_hide_title":false,"_cms_nav_minihome":"","_icl_lang_duplicate_of":"","_menu_item_classes":[],"_menu_item_menu_item_parent":"","_menu_item_object":"","_menu_item_object_id":"","_menu_item_orphaned":"","_menu_item_target":"","_menu_item_type":"","_menu_item_url":"","_menu_item_xfn":"","_seedprod_page":"","_seedprod_page_template_type":"","_seedprod_page_uuid":"","_top_nav_excluded":"","_wp_attachment_backup_sizes":[],"_wp_attachment_context":"","_wp_attachment_image_alt":"","_wp_old_date":"","_wpcode_auto_insert":"","_wpcode_auto_insert_number":"","_wpcode_library_id":"","_wpml_media_duplicate":"1","_wpml_media_featured":"1","_wpml_post_translation_editor_native":"","_wpml_word_count":"{\"total\":273,\"to_translate\":{\"zh-hans\":273,\"cs\":273,\"fr\":273,\"de\":273,\"it\":273,\"ja\":273,\"pt-br\":273,\"es\":273}}","_yoast_wpseo_estimated-reading-time-minutes":[],"_yoast_wpseo_primary_category":"","_yoast_wpseo_primary_industry":"","_yoast_wpseo_primary_solution":"","_yoast_wpseo_primary_the_author":"","_yoast_wpseo_wordproof_timestamp":"","acfml_non_translatable_locations":[],"career_externalLink":"","career_featuredImage":"","career_title":"","casestudy_featuredImage":"","casestudy_title":"","infocallout_excerpt":"","infocallout_featuredImage":"","infocallout_title":"","jobTitle":"","language":"","name":"","profilePicture":"","wp-smpro-smush-data":[],"wp-smush-animated":"","wp-smush-ignore-bulk":"","wp-smush-lossy":"","wpml_media_processed":"","_wpcode_conditional_logic_enabled":"","_wpcode_location_extra":"","_wpcode_note":"","_wpcode_priority":"","_wpcode_shortcode_attributes":[],"footnotes":""},"class_list":["post-7618","page","type-page","status-publish","hentry","post","without-featured-image"],"acf":{"page_title":"L\u2019expertise en approvisionnement au service d\u2019un succ\u00e8s marketing mondial | HH Global","page_description":"Contactez HH Global, experts en solutions d\u2019approvisionnement; cr\u00e9atives, pour le sourcing de la cha\u00eene d'approvisionnement \u00e0 partir d'un vaste r\u00e9seau de fournisseurs \u00e0 travers le monde, HH Global est \u00e0 m\u00eame de r\u00e9pondre aux besoins de votre projet","social_title":"","social_description":"","social_share_image":null,"modules":[{"acf_fc_layout":"hero","size":"medium2","theme":"dark","choose_images":[{"image":7507},{"image":7083},{"image":7463},{"image":7461}],"show_eyebrow":false,"eyebrow":"","title":"Approvisionnement","show_cta":false,"cta_url":"","cta_title":""},{"acf_fc_layout":"intro_content_block","container_background_color":"bg-white","type":false,"show_image":false,"intro_image":null,"show_background":false,"background":null,"show_eyebrow":false,"eyebrow":"","show_designations":false,"designations":null,"show_title":true,"size":"large","title":"L\u2019expertise en approvisionnement, au service d\u2019un succ\u00e8s marketing mondial","show_intro":false,"intro":"","show_body":false,"body":"","show_labels":false,"labels":{"show_social":false,"custom_categories":null}},{"acf_fc_layout":"text_with_media_carousel","theme":"light","container_background_color":"bg-grey","highlight_color":"purple","title":"Acc\u00e9dez \u00e0 une expertise, un effet de levier et une adaptabilit\u00e9","content":"L'expertise de HH Global en mati\u00e8re de canaux de sourcing ainsi que ses ressources r\u00e9parties \u00e0 travers le monde permettent de d\u00e9finir des programmes sur mesure \u00e0 m\u00eame d\u2019optimiser votre cha\u00eene d'approvisionnement tout en att\u00e9nuant les risques. En tant que leader du secteur en mati\u00e8re d'approvisionnement, nous avons plus de d\u00e9penses sous gestion que n'importe quel concurrent. Nous avons acc\u00e8s \u00e0 plus de 15 000 prestataires fournisseurs pr\u00e9sents dans le monde entier dans toutes les cat\u00e9gories. Cela vous permet de b\u00e9n\u00e9ficier d\u2019un effet de levier extraordinaire pour obtenir la qualit\u00e9 \u00e0 moindre co\u00fbt.\r\n\r\nNous investissons en permanence pour faire de notre cha\u00eene d'approvisionnement une solution toujours plus respectueuse de l\u2019environnement, tout en promouvant la diversit\u00e9 et l'inclusion Cela signifie que tout en r\u00e9duisant les co\u00fbts et en acc\u00e9l\u00e9rant l\u2019entr\u00e9e sur le march\u00e9, vous pouvez \u00e9galement atteindre et d\u00e9passer les objectifs environnementaux, sociaux et de gouvernance de votre entreprise.","additional_spacing":false,"features_title":"Gamme de services","features":[{"navigation_label":"Optimisation de la cha\u00eene d'approvisionnement","show_title":true,"title":"Optimisation de la cha\u00eene d'approvisionnement","show_subtitle":false,"subtitle":"","content":"<ul>\r\n \t<li>Nous mettons en correspondance les besoins et exigences de nos clients avec les meilleurs fournisseurs capables de prendre en charge le travail<\/li>\r\n \t<li>Nous s\u00e9lectionnons les fournisseurs par le biais d\u2019analyses approfondies de chaque partenaire strat\u00e9gique, de l'int\u00e9gration \u00e0 l'ex\u00e9cution finale du projet<\/li>\r\n \t<li>Nous \u00e9valuons plus de 20 crit\u00e8res dans des cat\u00e9gories allant de l\u2019emplacement g\u00e9ographique, des capacit\u00e9s, de la stabilit\u00e9 aux performances<\/li>\r\n<\/ul>","choose_media":[{"image":7448}],"vimeoid":"","ytid":""},{"navigation_label":"Achats marketing durables","show_title":true,"title":"Achats marketing durables","show_subtitle":false,"subtitle":"","content":"<ul>\r\n \t<li>HH Global \u00e9tablit la norme des entreprises se voulant socialement et \u00e9cologiquement responsables, et d\u00e9finit une \u00e9thique saine se conformant syst\u00e9matiquement aux lois et r\u00e9glementations applicables<\/li>\r\n \t<li>Nous nous engageons \u00e0 garantir des conditions de travail s\u00fbres tout au long de la cha\u00eene d'approvisionnement, le respect et la dignit\u00e9 de tous les employ\u00e9s(es) ainsi que des proc\u00e9d\u00e9s de fabrication \u00e9cologiquement et socialement responsables<\/li>\r\n \t<li>Nos partenaires fournisseurs strat\u00e9giques sont tenus de respecter toutes les lois et r\u00e9glementations environnementales en vigueur ainsi que les bonnes pratiques du secteur d\u2019activit\u00e9, incluant la gestion et l'\u00e9limination des produits chimiques et des d\u00e9chets, le recyclage, le traitement et l'\u00e9vacuation des eaux us\u00e9es industrielles, le contr\u00f4le des \u00e9missions dans l\u2019atmosph\u00e8re, les autorisations environnementales et les rapports environnementaux.<\/li>\r\n<\/ul>\r\n<span data-ccp-props=\"{}\">\u00a0<\/span>","choose_media":[{"image":7482}],"vimeoid":"","ytid":""},{"navigation_label":"Gestion des d\u00e9penses \u00ab non strat\u00e9giques \u00bb","show_title":true,"title":"Gestion des d\u00e9penses \u00ab non strat\u00e9giques \u00bb","show_subtitle":false,"subtitle":"","content":"<ul>\r\n \t<li>La gestion des d\u00e9penses dites non strat\u00e9giques, tail spend ou de classe C, est un engagement envers nos partenaires fournisseurs strat\u00e9giques et est au c\u0153ur de notre strat\u00e9gie de sourcing<\/li>\r\n \t<li>La surveillance des ces d\u00e9penses est fondamentale pour nos rapports r\u00e9guliers et notre processus d'\u00e9valuation permanente des fournisseurs.<\/li>\r\n<\/ul>","choose_media":[{"image":7548}],"vimeoid":"","ytid":""}]},{"acf_fc_layout":"content_block","container_background_color":"bg-grey","show_header":false,"header":"","contents":[{"show_header_icon":false,"header_icon":null,"show_header":true,"header":"+ 8600","header_color":"secondary-blue","show_subheader":true,"subheader":"Partenaires fournisseurs strat\u00e9giques","description":"Notre r\u00e9seau mondial nous permet de couvrir 19 cat\u00e9gories cl\u00e9s de d\u00e9penses marketing"},{"show_header_icon":false,"header_icon":null,"show_header":true,"header":"25 %","header_color":"purple","show_subheader":true,"subheader":"D\u2019\u00e9conomies pour nos clients","description":"La taille de notre r\u00e9seau permet \u00e0 nos clients de r\u00e9aliser d\u2019importantes \u00e9conomies"},{"show_header_icon":false,"header_icon":null,"show_header":true,"header":"+ 300","header_color":"light-purple","show_subheader":true,"subheader":"Experts en approvisionnement strat\u00e9gique","description":"Notre \u00e9quipe de sourcing mondiale est compos\u00e9e d'experts dans un large \u00e9ventail de cat\u00e9gories de produits"},{"show_header_icon":false,"header_icon":null,"show_header":true,"header":"+ 605 k","header_color":"light-purple","show_subheader":true,"subheader":"M\u00e8tre carr\u00e9 dans le monde","description":"Nous maintenons une \u00e9norme capacit\u00e9 d'entreposage strat\u00e9giquement situ\u00e9e dans chaque r\u00e9gion du monde"},{"show_header_icon":false,"header_icon":null,"show_header":true,"header":"+ 2 M","header_color":"purple","show_subheader":true,"subheader":"D\u2019exp\u00e9ditions et colis","description":"Nous livrons avec succ\u00e8s des millions de colis chaque ann\u00e9e gr\u00e2ce \u00e0 notre vaste r\u00e9seau mondial"}]},{"acf_fc_layout":"cards","container_background_color":"bg-pure-black","show_heading":true,"heading":"Envoyer","content":"","cards":{"layout":"case-studies-layout","sub_layout":"simple","cards_display_mode":"bg-white","solution_term":null,"industry_term":null,"author_term":null,"region_term":null,"choose_cards":null,"choose_case_studies":[7675,7680,7686],"choose_featured_case_studies":null,"choose_staff_members":null,"choose_careers":null,"choose_info_callouts":null,"show_titles":true,"show_description":true,"show_date":false,"show_sector":false}},{"acf_fc_layout":"contact_form","title":"Are you looking to drive greater value from your marketing supply chain? We\u2019re here to help."}]},"yoast_head":"<!-- This site is optimized with the Yoast SEO plugin v27.3 - https:\/\/yoast.com\/product\/yoast-seo-wordpress\/ -->\n<title>Approvisionnement - HH Global<\/title>\n<meta name=\"robots\" content=\"index, follow, max-snippet:-1, max-image-preview:large, max-video-preview:-1\" \/>\n<link rel=\"canonical\" href=\"https:\/\/www.hhglobal.com\/fr\/what-we-do\/procurement\/\" \/>\n<meta property=\"og:locale\" content=\"fr_FR\" \/>\n<meta property=\"og:type\" content=\"article\" \/>\n<meta property=\"og:title\" content=\"Approvisionnement - HH Global\" \/>\n<meta property=\"og:url\" content=\"https:\/\/www.hhglobal.com\/fr\/what-we-do\/procurement\/\" \/>\n<meta property=\"og:site_name\" content=\"HH Global\" \/>\n<meta property=\"article:modified_time\" content=\"2023-11-24T14:07:32+00:00\" \/>\n<meta name=\"twitter:card\" content=\"summary_large_image\" \/>\n<script type=\"application\/ld+json\" class=\"yoast-schema-graph\">{\"@context\":\"https:\\\/\\\/schema.org\",\"@graph\":[{\"@type\":\"WebPage\",\"@id\":\"https:\\\/\\\/www.hhglobal.com\\\/fr\\\/what-we-do\\\/procurement\\\/\",\"url\":\"https:\\\/\\\/www.hhglobal.com\\\/fr\\\/what-we-do\\\/procurement\\\/\",\"name\":\"Approvisionnement - HH Global\",\"isPartOf\":{\"@id\":\"https:\\\/\\\/www.hhglobal.com\\\/fr\\\/#website\"},\"datePublished\":\"2022-05-19T12:46:43+00:00\",\"dateModified\":\"2023-11-24T14:07:32+00:00\",\"breadcrumb\":{\"@id\":\"https:\\\/\\\/www.hhglobal.com\\\/fr\\\/what-we-do\\\/procurement\\\/#breadcrumb\"},\"inLanguage\":\"fr-FR\",\"potentialAction\":[{\"@type\":\"ReadAction\",\"target\":[\"https:\\\/\\\/www.hhglobal.com\\\/fr\\\/what-we-do\\\/procurement\\\/\"]}]},{\"@type\":\"BreadcrumbList\",\"@id\":\"https:\\\/\\\/www.hhglobal.com\\\/fr\\\/what-we-do\\\/procurement\\\/#breadcrumb\",\"itemListElement\":[{\"@type\":\"ListItem\",\"position\":1,\"name\":\"Home\",\"item\":\"https:\\\/\\\/www.hhglobal.com\\\/fr\\\/\"},{\"@type\":\"ListItem\",\"position\":2,\"name\":\"Approvisionnement\"}]},{\"@type\":\"WebSite\",\"@id\":\"https:\\\/\\\/www.hhglobal.com\\\/fr\\\/#website\",\"url\":\"https:\\\/\\\/www.hhglobal.com\\\/fr\\\/\",\"name\":\"HH Global\",\"description\":\"The global, tech-enabled creative production and procurement partner.\",\"publisher\":{\"@id\":\"https:\\\/\\\/www.hhglobal.com\\\/fr\\\/#organization\"},\"potentialAction\":[{\"@type\":\"SearchAction\",\"target\":{\"@type\":\"EntryPoint\",\"urlTemplate\":\"https:\\\/\\\/www.hhglobal.com\\\/fr\\\/?s={search_term_string}\"},\"query-input\":{\"@type\":\"PropertyValueSpecification\",\"valueRequired\":true,\"valueName\":\"search_term_string\"}}],\"inLanguage\":\"fr-FR\"},{\"@type\":\"Organization\",\"@id\":\"https:\\\/\\\/www.hhglobal.com\\\/fr\\\/#organization\",\"name\":\"HH Global\",\"url\":\"https:\\\/\\\/www.hhglobal.com\\\/fr\\\/\",\"logo\":{\"@type\":\"ImageObject\",\"inLanguage\":\"fr-FR\",\"@id\":\"https:\\\/\\\/www.hhglobal.com\\\/fr\\\/#\\\/schema\\\/logo\\\/image\\\/\",\"url\":\"https:\\\/\\\/www.hhglobal.com\\\/wp-content\\\/uploads\\\/2023\\\/12\\\/logo-white.svg\",\"contentUrl\":\"https:\\\/\\\/www.hhglobal.com\\\/wp-content\\\/uploads\\\/2023\\\/12\\\/logo-white.svg\",\"width\":77,\"height\":18,\"caption\":\"HH Global\"},\"image\":{\"@id\":\"https:\\\/\\\/www.hhglobal.com\\\/fr\\\/#\\\/schema\\\/logo\\\/image\\\/\"}}]}<\/script>\n<!-- \/ Yoast SEO plugin. -->","yoast_head_json":{"title":"Approvisionnement - HH Global","robots":{"index":"index","follow":"follow","max-snippet":"max-snippet:-1","max-image-preview":"max-image-preview:large","max-video-preview":"max-video-preview:-1"},"canonical":"https:\/\/www.hhglobal.com\/fr\/what-we-do\/procurement\/","og_locale":"fr_FR","og_type":"article","og_title":"Approvisionnement - HH Global","og_url":"https:\/\/www.hhglobal.com\/fr\/what-we-do\/procurement\/","og_site_name":"HH Global","article_modified_time":"2023-11-24T14:07:32+00:00","twitter_card":"summary_large_image","schema":{"@context":"https:\/\/schema.org","@graph":[{"@type":"WebPage","@id":"https:\/\/www.hhglobal.com\/fr\/what-we-do\/procurement\/","url":"https:\/\/www.hhglobal.com\/fr\/what-we-do\/procurement\/","name":"Approvisionnement - HH Global","isPartOf":{"@id":"https:\/\/www.hhglobal.com\/fr\/#website"},"datePublished":"2022-05-19T12:46:43+00:00","dateModified":"2023-11-24T14:07:32+00:00","breadcrumb":{"@id":"https:\/\/www.hhglobal.com\/fr\/what-we-do\/procurement\/#breadcrumb"},"inLanguage":"fr-FR","potentialAction":[{"@type":"ReadAction","target":["https:\/\/www.hhglobal.com\/fr\/what-we-do\/procurement\/"]}]},{"@type":"BreadcrumbList","@id":"https:\/\/www.hhglobal.com\/fr\/what-we-do\/procurement\/#breadcrumb","itemListElement":[{"@type":"ListItem","position":1,"name":"Home","item":"https:\/\/www.hhglobal.com\/fr\/"},{"@type":"ListItem","position":2,"name":"Approvisionnement"}]},{"@type":"WebSite","@id":"https:\/\/www.hhglobal.com\/fr\/#website","url":"https:\/\/www.hhglobal.com\/fr\/","name":"HH Global","description":"The global, tech-enabled creative production and procurement partner.","publisher":{"@id":"https:\/\/www.hhglobal.com\/fr\/#organization"},"potentialAction":[{"@type":"SearchAction","target":{"@type":"EntryPoint","urlTemplate":"https:\/\/www.hhglobal.com\/fr\/?s={search_term_string}"},"query-input":{"@type":"PropertyValueSpecification","valueRequired":true,"valueName":"search_term_string"}}],"inLanguage":"fr-FR"},{"@type":"Organization","@id":"https:\/\/www.hhglobal.com\/fr\/#organization","name":"HH Global","url":"https:\/\/www.hhglobal.com\/fr\/","logo":{"@type":"ImageObject","inLanguage":"fr-FR","@id":"https:\/\/www.hhglobal.com\/fr\/#\/schema\/logo\/image\/","url":"https:\/\/www.hhglobal.com\/wp-content\/uploads\/2023\/12\/logo-white.svg","contentUrl":"https:\/\/www.hhglobal.com\/wp-content\/uploads\/2023\/12\/logo-white.svg","width":77,"height":18,"caption":"HH Global"},"image":{"@id":"https:\/\/www.hhglobal.com\/fr\/#\/schema\/logo\/image\/"}}]}},"_links":{"self":[{"href":"https:\/\/www.hhglobal.com\/fr\/wp-json\/wp\/v2\/pages\/7618","targetHints":{"allow":["GET"]}}],"collection":[{"href":"https:\/\/www.hhglobal.com\/fr\/wp-json\/wp\/v2\/pages"}],"about":[{"href":"https:\/\/www.hhglobal.com\/fr\/wp-json\/wp\/v2\/types\/page"}],"author":[{"embeddable":true,"href":"https:\/\/www.hhglobal.com\/fr\/wp-json\/wp\/v2\/users\/41"}],"replies":[{"embeddable":true,"href":"https:\/\/www.hhglobal.com\/fr\/wp-json\/wp\/v2\/comments?post=7618"}],"version-history":[{"count":0,"href":"https:\/\/www.hhglobal.com\/fr\/wp-json\/wp\/v2\/pages\/7618\/revisions"}],"wp:attachment":[{"href":"https:\/\/www.hhglobal.com\/fr\/wp-json\/wp\/v2\/media?parent=7618"}],"curies":[{"name":"wp","href":"https:\/\/api.w.org\/{rel}","templated":true}]}}