{"id":7616,"date":"2022-05-19T12:46:27","date_gmt":"2022-05-19T12:46:27","guid":{"rendered":"https:\/\/decoupled-hhg.local\/technology\/"},"modified":"2023-11-24T13:59:17","modified_gmt":"2023-11-24T13:59:17","slug":"technology","status":"publish","type":"page","link":"https:\/\/www.hhglobal.com\/fr\/what-we-do\/technology\/","title":{"rendered":"Technologie"},"content":{"rendered":"","protected":false},"excerpt":{"rendered":"","protected":false},"author":41,"featured_media":0,"parent":0,"menu_order":0,"comment_status":"closed","ping_status":"closed","template":"","meta":{"_acf_changed":"","_yoast_wpseo_focuskw":"","_yoast_wpseo_metadesc":"","_yoast_wpseo_linkdex":"","_yoast_wpseo_content_score":"","_yoast_wpseo_meta-robots-noindex":"","_yoast_wpseo_meta-robots-nofollow":"","inline_featured_image":[],"_genesis_block_theme_hide_title":false,"_cms_nav_minihome":"","_icl_lang_duplicate_of":"","_menu_item_classes":[],"_menu_item_menu_item_parent":"","_menu_item_object":"","_menu_item_object_id":"","_menu_item_orphaned":"","_menu_item_target":"","_menu_item_type":"","_menu_item_url":"","_menu_item_xfn":"","_seedprod_page":"","_seedprod_page_template_type":"","_seedprod_page_uuid":"","_top_nav_excluded":"","_wp_attachment_backup_sizes":[],"_wp_attachment_context":"","_wp_attachment_image_alt":"","_wp_old_date":"","_wpcode_auto_insert":"","_wpcode_auto_insert_number":"","_wpcode_library_id":"","_wpml_media_duplicate":"1","_wpml_media_featured":"1","_wpml_post_translation_editor_native":"","_wpml_word_count":"{\"total\":459,\"to_translate\":{\"zh-hans\":459,\"cs\":459,\"de\":459,\"it\":459,\"ja\":459,\"pt-br\":459,\"es\":459}}","_yoast_wpseo_estimated-reading-time-minutes":[],"_yoast_wpseo_primary_category":"","_yoast_wpseo_primary_industry":"","_yoast_wpseo_primary_solution":"","_yoast_wpseo_primary_the_author":"","_yoast_wpseo_wordproof_timestamp":"","acfml_non_translatable_locations":[],"career_externalLink":"","career_featuredImage":"","career_title":"","casestudy_featuredImage":"","casestudy_title":"","infocallout_excerpt":"","infocallout_featuredImage":"","infocallout_title":"","jobTitle":"","language":"","name":"","profilePicture":"","wp-smpro-smush-data":[],"wp-smush-animated":"","wp-smush-ignore-bulk":"","wp-smush-lossy":"","wpml_media_processed":"","_wpcode_conditional_logic_enabled":"","_wpcode_location_extra":"","_wpcode_note":"","_wpcode_priority":"","_wpcode_shortcode_attributes":[],"footnotes":""},"class_list":["post-7616","page","type-page","status-publish","hentry","post","without-featured-image"],"acf":{"page_title":"Une technologie de pointe pour un retour sur investissement marketing plus efficace et un ROI plus performant","page_description":"Notre technologie de pointe am\u00e9liore l'efficacit\u00e9 op\u00e9rationnelle, la visibilit\u00e9 des performances et le retour sur investissement de nos clients","social_title":"","social_description":"","social_share_image":null,"modules":[{"acf_fc_layout":"hero","size":"medium2","theme":"dark","choose_images":[{"image":7465},{"image":7227},{"image":7257},{"image":7072}],"show_eyebrow":false,"eyebrow":"","title":"Technologie","show_cta":false,"cta_url":"","cta_title":""},{"acf_fc_layout":"intro_content_block","container_background_color":"bg-white","type":false,"show_image":false,"intro_image":null,"show_background":false,"background":null,"show_eyebrow":false,"eyebrow":"","show_designations":false,"designations":null,"show_title":true,"size":"large","title":"Plateforme d\u2019innovation + activation marketing rationalis\u00e9e","show_intro":false,"intro":"","show_body":false,"body":"","show_labels":false,"labels":{"show_social":false,"custom_categories":null}},{"acf_fc_layout":"text_with_media_carousel","theme":"light","container_background_color":"bg-grey","highlight_color":"purple","title":"Une technologie propri\u00e9taire pour stimuler le ROI","content":"Notre technologie de pointe g\u00e9n\u00e8re un impact marketing in\u00e9gal\u00e9. Unissez les marques, les pays et les r\u00e9gions pour \u00e9voluer rapidement gr\u00e2ce \u00e0 des informations bas\u00e9es sur les donn\u00e9es. Suivez les d\u00e9penses et mesurez les performances pour une am\u00e9lioration continue. Optimisez les fonctionnalit\u00e9s \u00e0 chaque \u00e9tape du processus pour r\u00e9duire les gaspillages, favoriser la croissance et permettre la transformation.\r\n\r\nCon\u00e7us pour les soci\u00e9t\u00e9s internationales, nos outils strat\u00e9giques peuvent s'int\u00e9grer aux syst\u00e8mes existants pour rationaliser chaque aspect de vos activit\u00e9s marketing. Ils incluent des modules d\u2019aide \u00e0 la planification, la cr\u00e9ation et l\u2019approvisionnement ainsi que la mise en \u0153uvre des campagnes tout en fournissant des informations sur les r\u00e9sultats.","additional_spacing":false,"features_title":"Gamme de services","features":[{"navigation_label":"E-boutique","show_title":true,"title":"E-boutique","show_subtitle":false,"subtitle":"","content":"<ul>\r\n \t<li>Pages d\u2019accueil de boutique en ligne personnalis\u00e9es pour tous vos supports marketing, physiques ou num\u00e9riques, via un syst\u00e8me de e-commerce<\/li>\r\n \t<li>Facile \u00e0 utiliser, disponible en 18 langues et 38 devises, permet aux utilisateurs professionnels de trouver, s\u00e9lectionner, commander et suivre tout ce dont ils ont besoin \u00e0 partir d'une source unique<\/li>\r\n \t<li>Les clients contr\u00f4lent l'acc\u00e8s \u00e0 l'aide des syst\u00e8mes professionnels, tels qu'Ariba ou Coupa, pour la gestion de l\u2019identit\u00e9 des utilisateurs et veillent \u00e0 ce que le contenu appropri\u00e9 soit pr\u00e9sent\u00e9<\/li>\r\n<\/ul>\r\n&nbsp;\r\n\r\n&nbsp;\r\n\r\n&nbsp;","choose_media":[{"image":7550}],"vimeoid":"","ytid":""},{"navigation_label":"Gestion de ressources num\u00e9riques","show_title":true,"title":"Gestion de ressources num\u00e9riques","show_subtitle":false,"subtitle":"","content":"<ul>\r\n \t<li>Prenez le contr\u00f4le des fichiers de production et des ressources des agences et de la cha\u00eene d'approvisionnement avec Hub Digital Asset Manager, un r\u00e9f\u00e9rentiel de fichiers num\u00e9riques en ligne<\/li>\r\n \t<li>Automatisez les flux de travail en ajoutant une interface int\u00e9gr\u00e9e et s\u00e9curis\u00e9e pour l\u2019alimentation en fichiers et disposer d\u2019un processus de diffusion robuste garantissant que les fournisseurs de production re\u00e7oivent le bon fichier au bon moment<\/li>\r\n \t<li>D\u00e9ployez, adaptez et r\u00e9utilisez le contenu sur tous les canaux, physiques et num\u00e9riques, \u00e0 l'aide de m\u00e9tadonn\u00e9es intelligentes et correctement structur\u00e9es<\/li>\r\n<\/ul>","choose_media":[{"image":7466}],"vimeoid":"","ytid":""},{"navigation_label":"Profilage de magasin","show_title":true,"title":"Profilage de magasin","show_subtitle":false,"subtitle":"","content":"<ul>\r\n \t<li>\u00c9liminez les calculs manuels lors de la d\u00e9termination des exigences de production pour chaque magasin d\u2019un r\u00e9seau de revendeurs.<\/li>\r\n \t<li>L\u2019outil Retail Store Profiler (d\u00e9finition du profil des magasins) g\u00e8re les sp\u00e9cificit\u00e9s des magasins et les informations sur les points d\u2019affichage, g\u00e9n\u00e9rant automatiquement des listes de mat\u00e9riels de signal\u00e9tique et de kits afin de r\u00e9duire les gaspillages en garantissant que seul ce qui est n\u00e9cessaire est produit<\/li>\r\n \t<li>Facile \u00e0 g\u00e9rer et \u00e0 mettre \u00e0 jour, Retail Store Profiler permet de d\u00e9ployer la bonne signal\u00e9tique \u00e0 l'emplacement optimal pour l\u2019impact attendu<\/li>\r\n<\/ul>","choose_media":[{"image":7242}],"vimeoid":"","ytid":""},{"navigation_label":"Rapports + analyses","show_title":true,"title":"Rapports + analyses","show_subtitle":false,"subtitle":"","content":"<ul>\r\n \t<li>Tableaux de bord personnalis\u00e9s, l'analyse des tendances et des \u00e9carts, la durabilit\u00e9 environnementale et l'analyse des d\u00e9penses<\/li>\r\n \t<li>Acc\u00e9dez facilement aux donn\u00e9es via des rapports et des tableaux de bord configur\u00e9s fournissant des informations pertinentes et orient\u00e9es action pour soutenir la prise de d\u00e9cision et les investissements<\/li>\r\n \t<li>Ne requiert aucune ou peu de formation et permet \u00e0 nos clients de travailler sur les plateformes qu'ils souhaitent utiliser, rassemblant plusieurs sources de donn\u00e9es en un seul endroit<\/li>\r\n \t<li>Permet de comparer en un seul coup d\u2019\u0153il les performances par rapport aux KPI convenus, aidant \u00e0 rester concentr\u00e9 sur les choses les plus importantes<\/li>\r\n<\/ul>","choose_media":[{"image":7402}],"vimeoid":"","ytid":""},{"navigation_label":"Production + approvisionnement en libre-service","show_title":true,"title":"Production + approvisionnement en libre-service","show_subtitle":false,"subtitle":"","content":"<ul>\r\n \t<li>Logiciel de mise en \u0153uvre des actions marketing offrant une visibilit\u00e9 compl\u00e8te et un contr\u00f4le optimal des facteurs de co\u00fbt, de qualit\u00e9, de temps et de durabilit\u00e9 environnementale lors des phases de production et de d\u00e9roulement des campagnes<\/li>\r\n \t<li>Utilisant des API et pr\u00eat pour l'int\u00e9gration, am\u00e9liorez la collaboration via un flux de travail marketing centralis\u00e9 destin\u00e9 aux \u00e9quipes internes et aux agences et fournisseurs tiers<\/li>\r\n \t<li>Solutions SaaS flexibles et hautement configurables, des documents de cr\u00e9ation jusqu\u2019au rapprochement des factures en passant par l'approvisionnement et la production<\/li>\r\n<\/ul>","choose_media":[{"image":7440}],"vimeoid":"","ytid":""}]},{"acf_fc_layout":"content_block","container_background_color":"bg-grey","show_header":false,"header":"","contents":[{"show_header_icon":false,"header_icon":null,"show_header":true,"header":"1,3 M","header_color":"secondary-blue","show_subheader":true,"subheader":"de transactions trait\u00e9es","description":"Notre technologie nous a permis de traiter 1,3 million de transactions au cours des douze derniers mois, dont 692 000 \u00e9l\u00e9ments distincts"},{"show_header_icon":false,"header_icon":null,"show_header":true,"header":"625 k","header_color":"purple","show_subheader":true,"subheader":"Transactions en e-commerce","description":"Plus de 625 000 transactions dans des magasins en ligne trait\u00e9es au cours des douze derniers mois"},{"show_header_icon":false,"header_icon":null,"show_header":true,"header":"89 485","header_color":"light-purple","show_subheader":true,"subheader":"Utilisateurs actifs","description":"En mai 2022, nous comptions pr\u00e8s de 100 000 utilisateurs actifs de notre technologie"},{"show_header_icon":false,"header_icon":null,"show_header":true,"header":"526 k","header_color":"light-purple","show_subheader":true,"subheader":"Projets g\u00e9r\u00e9s","description":"Au cours des douze derniers mois, nous avons g\u00e9r\u00e9 avec succ\u00e8s + de 500 000 projets"},{"show_header_icon":false,"header_icon":null,"show_header":true,"header":"1,2 M","header_color":"purple","show_subheader":true,"subheader":"Devis comp\u00e9titifs","description":"Nous avons re\u00e7u 1,2 M de devis de fournisseurs au cours des douze derniers mois"}]},{"acf_fc_layout":"cards","container_background_color":"bg-pure-black","show_heading":true,"heading":"Envoyer","content":"","cards":{"layout":"case-studies-layout","sub_layout":"simple","cards_display_mode":"bg-white","solution_term":null,"industry_term":null,"author_term":null,"region_term":null,"choose_cards":null,"choose_case_studies":[7688,7675,7686],"choose_featured_case_studies":null,"choose_staff_members":null,"choose_careers":null,"choose_info_callouts":null,"show_titles":true,"show_description":true,"show_date":false,"show_sector":false}},{"acf_fc_layout":"contact_form","title":"Nous contacter"}]},"yoast_head":"<!-- This site is optimized with the Yoast SEO plugin v27.3 - https:\/\/yoast.com\/product\/yoast-seo-wordpress\/ -->\n<title>Technologie - HH Global<\/title>\n<meta name=\"robots\" content=\"index, follow, max-snippet:-1, max-image-preview:large, max-video-preview:-1\" \/>\n<link rel=\"canonical\" href=\"https:\/\/www.hhglobal.com\/fr\/what-we-do\/technology\/\" \/>\n<meta property=\"og:locale\" content=\"fr_FR\" \/>\n<meta property=\"og:type\" content=\"article\" \/>\n<meta property=\"og:title\" content=\"Technologie - HH Global\" \/>\n<meta property=\"og:url\" content=\"https:\/\/www.hhglobal.com\/fr\/what-we-do\/technology\/\" \/>\n<meta property=\"og:site_name\" content=\"HH Global\" \/>\n<meta property=\"article:modified_time\" content=\"2023-11-24T13:59:17+00:00\" \/>\n<meta name=\"twitter:card\" content=\"summary_large_image\" \/>\n<script type=\"application\/ld+json\" class=\"yoast-schema-graph\">{\"@context\":\"https:\\\/\\\/schema.org\",\"@graph\":[{\"@type\":\"WebPage\",\"@id\":\"https:\\\/\\\/www.hhglobal.com\\\/fr\\\/what-we-do\\\/technology\\\/\",\"url\":\"https:\\\/\\\/www.hhglobal.com\\\/fr\\\/what-we-do\\\/technology\\\/\",\"name\":\"Technologie - HH Global\",\"isPartOf\":{\"@id\":\"https:\\\/\\\/www.hhglobal.com\\\/fr\\\/#website\"},\"datePublished\":\"2022-05-19T12:46:27+00:00\",\"dateModified\":\"2023-11-24T13:59:17+00:00\",\"breadcrumb\":{\"@id\":\"https:\\\/\\\/www.hhglobal.com\\\/fr\\\/what-we-do\\\/technology\\\/#breadcrumb\"},\"inLanguage\":\"fr-FR\",\"potentialAction\":[{\"@type\":\"ReadAction\",\"target\":[\"https:\\\/\\\/www.hhglobal.com\\\/fr\\\/what-we-do\\\/technology\\\/\"]}]},{\"@type\":\"BreadcrumbList\",\"@id\":\"https:\\\/\\\/www.hhglobal.com\\\/fr\\\/what-we-do\\\/technology\\\/#breadcrumb\",\"itemListElement\":[{\"@type\":\"ListItem\",\"position\":1,\"name\":\"Home\",\"item\":\"https:\\\/\\\/www.hhglobal.com\\\/fr\\\/\"},{\"@type\":\"ListItem\",\"position\":2,\"name\":\"Technologie\"}]},{\"@type\":\"WebSite\",\"@id\":\"https:\\\/\\\/www.hhglobal.com\\\/fr\\\/#website\",\"url\":\"https:\\\/\\\/www.hhglobal.com\\\/fr\\\/\",\"name\":\"HH Global\",\"description\":\"The global, tech-enabled creative production and procurement partner.\",\"publisher\":{\"@id\":\"https:\\\/\\\/www.hhglobal.com\\\/fr\\\/#organization\"},\"potentialAction\":[{\"@type\":\"SearchAction\",\"target\":{\"@type\":\"EntryPoint\",\"urlTemplate\":\"https:\\\/\\\/www.hhglobal.com\\\/fr\\\/?s={search_term_string}\"},\"query-input\":{\"@type\":\"PropertyValueSpecification\",\"valueRequired\":true,\"valueName\":\"search_term_string\"}}],\"inLanguage\":\"fr-FR\"},{\"@type\":\"Organization\",\"@id\":\"https:\\\/\\\/www.hhglobal.com\\\/fr\\\/#organization\",\"name\":\"HH Global\",\"url\":\"https:\\\/\\\/www.hhglobal.com\\\/fr\\\/\",\"logo\":{\"@type\":\"ImageObject\",\"inLanguage\":\"fr-FR\",\"@id\":\"https:\\\/\\\/www.hhglobal.com\\\/fr\\\/#\\\/schema\\\/logo\\\/image\\\/\",\"url\":\"https:\\\/\\\/www.hhglobal.com\\\/wp-content\\\/uploads\\\/2023\\\/12\\\/logo-white.svg\",\"contentUrl\":\"https:\\\/\\\/www.hhglobal.com\\\/wp-content\\\/uploads\\\/2023\\\/12\\\/logo-white.svg\",\"width\":77,\"height\":18,\"caption\":\"HH Global\"},\"image\":{\"@id\":\"https:\\\/\\\/www.hhglobal.com\\\/fr\\\/#\\\/schema\\\/logo\\\/image\\\/\"}}]}<\/script>\n<!-- \/ Yoast SEO plugin. -->","yoast_head_json":{"title":"Technologie - HH Global","robots":{"index":"index","follow":"follow","max-snippet":"max-snippet:-1","max-image-preview":"max-image-preview:large","max-video-preview":"max-video-preview:-1"},"canonical":"https:\/\/www.hhglobal.com\/fr\/what-we-do\/technology\/","og_locale":"fr_FR","og_type":"article","og_title":"Technologie - HH Global","og_url":"https:\/\/www.hhglobal.com\/fr\/what-we-do\/technology\/","og_site_name":"HH Global","article_modified_time":"2023-11-24T13:59:17+00:00","twitter_card":"summary_large_image","schema":{"@context":"https:\/\/schema.org","@graph":[{"@type":"WebPage","@id":"https:\/\/www.hhglobal.com\/fr\/what-we-do\/technology\/","url":"https:\/\/www.hhglobal.com\/fr\/what-we-do\/technology\/","name":"Technologie - HH Global","isPartOf":{"@id":"https:\/\/www.hhglobal.com\/fr\/#website"},"datePublished":"2022-05-19T12:46:27+00:00","dateModified":"2023-11-24T13:59:17+00:00","breadcrumb":{"@id":"https:\/\/www.hhglobal.com\/fr\/what-we-do\/technology\/#breadcrumb"},"inLanguage":"fr-FR","potentialAction":[{"@type":"ReadAction","target":["https:\/\/www.hhglobal.com\/fr\/what-we-do\/technology\/"]}]},{"@type":"BreadcrumbList","@id":"https:\/\/www.hhglobal.com\/fr\/what-we-do\/technology\/#breadcrumb","itemListElement":[{"@type":"ListItem","position":1,"name":"Home","item":"https:\/\/www.hhglobal.com\/fr\/"},{"@type":"ListItem","position":2,"name":"Technologie"}]},{"@type":"WebSite","@id":"https:\/\/www.hhglobal.com\/fr\/#website","url":"https:\/\/www.hhglobal.com\/fr\/","name":"HH Global","description":"The global, tech-enabled creative production and procurement partner.","publisher":{"@id":"https:\/\/www.hhglobal.com\/fr\/#organization"},"potentialAction":[{"@type":"SearchAction","target":{"@type":"EntryPoint","urlTemplate":"https:\/\/www.hhglobal.com\/fr\/?s={search_term_string}"},"query-input":{"@type":"PropertyValueSpecification","valueRequired":true,"valueName":"search_term_string"}}],"inLanguage":"fr-FR"},{"@type":"Organization","@id":"https:\/\/www.hhglobal.com\/fr\/#organization","name":"HH Global","url":"https:\/\/www.hhglobal.com\/fr\/","logo":{"@type":"ImageObject","inLanguage":"fr-FR","@id":"https:\/\/www.hhglobal.com\/fr\/#\/schema\/logo\/image\/","url":"https:\/\/www.hhglobal.com\/wp-content\/uploads\/2023\/12\/logo-white.svg","contentUrl":"https:\/\/www.hhglobal.com\/wp-content\/uploads\/2023\/12\/logo-white.svg","width":77,"height":18,"caption":"HH Global"},"image":{"@id":"https:\/\/www.hhglobal.com\/fr\/#\/schema\/logo\/image\/"}}]}},"_links":{"self":[{"href":"https:\/\/www.hhglobal.com\/fr\/wp-json\/wp\/v2\/pages\/7616","targetHints":{"allow":["GET"]}}],"collection":[{"href":"https:\/\/www.hhglobal.com\/fr\/wp-json\/wp\/v2\/pages"}],"about":[{"href":"https:\/\/www.hhglobal.com\/fr\/wp-json\/wp\/v2\/types\/page"}],"author":[{"embeddable":true,"href":"https:\/\/www.hhglobal.com\/fr\/wp-json\/wp\/v2\/users\/41"}],"replies":[{"embeddable":true,"href":"https:\/\/www.hhglobal.com\/fr\/wp-json\/wp\/v2\/comments?post=7616"}],"version-history":[{"count":0,"href":"https:\/\/www.hhglobal.com\/fr\/wp-json\/wp\/v2\/pages\/7616\/revisions"}],"wp:attachment":[{"href":"https:\/\/www.hhglobal.com\/fr\/wp-json\/wp\/v2\/media?parent=7616"}],"curies":[{"name":"wp","href":"https:\/\/api.w.org\/{rel}","templated":true}]}}