{"id":7614,"date":"2022-05-18T10:29:54","date_gmt":"2022-05-18T10:29:54","guid":{"rendered":"https:\/\/decoupled-hhg.local\/creative-digital\/"},"modified":"2023-11-24T13:55:41","modified_gmt":"2023-11-24T13:55:41","slug":"creative-digital","status":"publish","type":"page","link":"https:\/\/www.hhglobal.com\/fr\/what-we-do\/creative-digital\/","title":{"rendered":"Cr\u00e9atif + Num\u00e9rique"},"content":{"rendered":"","protected":false},"excerpt":{"rendered":"","protected":false},"author":41,"featured_media":0,"parent":0,"menu_order":0,"comment_status":"closed","ping_status":"closed","template":"","meta":{"_acf_changed":"","_yoast_wpseo_focuskw":"","_yoast_wpseo_metadesc":"","_yoast_wpseo_linkdex":"","_yoast_wpseo_content_score":"","_yoast_wpseo_meta-robots-noindex":"","_yoast_wpseo_meta-robots-nofollow":"","inline_featured_image":[],"_genesis_block_theme_hide_title":false,"_cms_nav_minihome":"","_icl_lang_duplicate_of":"","_menu_item_classes":[],"_menu_item_menu_item_parent":"","_menu_item_object":"","_menu_item_object_id":"","_menu_item_orphaned":"","_menu_item_target":"","_menu_item_type":"","_menu_item_url":"","_menu_item_xfn":"","_seedprod_page":"","_seedprod_page_template_type":"","_seedprod_page_uuid":"","_top_nav_excluded":"","_wp_attachment_backup_sizes":[],"_wp_attachment_context":"","_wp_attachment_image_alt":"","_wp_old_date":"","_wpcode_auto_insert":"","_wpcode_auto_insert_number":"","_wpcode_library_id":"","_wpml_media_duplicate":"1","_wpml_media_featured":"1","_wpml_post_translation_editor_native":"","_wpml_word_count":"{\"total\":490,\"to_translate\":{\"zh-hans\":490,\"cs\":490,\"de\":490,\"it\":490,\"ja\":490,\"pt-br\":490,\"es\":490}}","_yoast_wpseo_estimated-reading-time-minutes":[],"_yoast_wpseo_primary_category":"","_yoast_wpseo_primary_industry":"","_yoast_wpseo_primary_solution":"","_yoast_wpseo_primary_the_author":"","_yoast_wpseo_wordproof_timestamp":"","acfml_non_translatable_locations":[],"career_externalLink":"","career_featuredImage":"","career_title":"","casestudy_featuredImage":"","casestudy_title":"","infocallout_excerpt":"","infocallout_featuredImage":"","infocallout_title":"","jobTitle":"","language":"","name":"","profilePicture":"","wp-smpro-smush-data":[],"wp-smush-animated":"","wp-smush-ignore-bulk":"","wp-smush-lossy":"","wpml_media_processed":"","_wpcode_conditional_logic_enabled":"","_wpcode_location_extra":"","_wpcode_note":"","_wpcode_priority":"","_wpcode_shortcode_attributes":[],"footnotes":""},"class_list":["post-7614","page","type-page","status-publish","hentry","post","without-featured-image"],"acf":{"page_title":"Production cr\u00e9ative bas\u00e9e sur les donn\u00e9es pour le marketing \u00e0 l\u2019international | HH Global","page_description":"D\u00e9couvrez comment HH Global transforme les donn\u00e9es en production cr\u00e9ative et num\u00e9rique percutante venant dynamiser les campagnes marketing mondiales au b\u00e9n\u00e9fice des marques du monde entier \r\n ","social_title":"","social_description":"","social_share_image":null,"modules":[{"acf_fc_layout":"hero","size":"medium2","theme":"dark","choose_images":[{"image":7053},{"image":7119},{"image":7088},{"image":7297}],"show_eyebrow":false,"eyebrow":"","title":"Cr\u00e9atif + Num\u00e9rique","show_cta":false,"cta_url":"","cta_title":""},{"acf_fc_layout":"intro_content_block","container_background_color":"bg-white","type":false,"show_image":false,"intro_image":null,"show_background":false,"background":null,"show_eyebrow":false,"eyebrow":"","show_designations":false,"designations":null,"show_title":true,"size":"large","title":"Production cr\u00e9ative bas\u00e9e sur les donn\u00e9es pour le marketing \u00e0 l\u2019international","show_intro":false,"intro":"","show_body":false,"body":"","show_labels":false,"labels":{"show_social":false,"custom_categories":null}},{"acf_fc_layout":"text_with_media_carousel","theme":"light","container_background_color":"bg-primary-black","highlight_color":"purple","title":"Amplifier l'impact de marque","content":"Gr\u00e2ce \u00e0 la puissance de notre technologie exclusive, nous cr\u00e9ons des campagnes strat\u00e9giques bas\u00e9es sur les donn\u00e9es pour des performances de marque \u00e0 fort impact. Sur tous les supports, tous les canaux et tous les march\u00e9s.\r\n\r\nNotre expertise mondiale en mati\u00e8re de cr\u00e9ation et de production num\u00e9rique nous permet de proposer des campagnes au contenu optimis\u00e9 pour un grand nombre des plus grandes marques internationales. Le r\u00e9sultat est un impact fort pour les id\u00e9es fortes de nos clients, des r\u00e9sultats plus que positifs et un retour sur investissement des actions marketing qui change la donne.\r\n\r\n&nbsp;\r\n\r\n&nbsp;\r\n\r\n<span data-ccp-props=\"{&quot;201341983&quot;:2,&quot;335559738&quot;:160,&quot;335559740&quot;:368}\">\u00a0<\/span>","additional_spacing":false,"features_title":"Gamme de services","features":[{"navigation_label":"Strat\u00e9gique et Cr\u00e9atif","show_title":true,"title":"Strat\u00e9gique et Cr\u00e9atif","show_subtitle":false,"subtitle":"","content":"<strong>Studios de production de contenu HH Global - respect de la marque, respect des d\u00e9lais, respect du budget<\/strong>\r\n\r\nNous cr\u00e9ons un contenu strat\u00e9gique personnalis\u00e9 en phase avec votre entreprise et r\u00e9pondant \u00e0 vos objectifs. Nous am\u00e9liorons ainsi la qualit\u00e9 et la rapidit\u00e9 de mise sur le march\u00e9 \u00e0 un co\u00fbt inf\u00e9rieur \u00e0 celui du mod\u00e8le des agences traditionnelles.\r\n<ul>\r\n \t<li>Nous amplifions les campagnes cr\u00e9atives des marques sur tous les supports, tous les canaux et tous les march\u00e9s<\/li>\r\n \t<li>Nous offrons une conception \u00e9tudi\u00e9e et percutante, favorisant la coh\u00e9rence de la marque et sa croissance dans sa cat\u00e9gorie<\/li>\r\n \t<li>Notre r\u00e9seau mondial de studios de cr\u00e9ation num\u00e9rique forme une \u00e9quipe v\u00e9ritablement internationale \u00e0 l\u2019implantation mondiale<\/li>\r\n \t<li>Nous apportons des ressources d\u00e9di\u00e9es dont le volume est optimis\u00e9, un niveau de budget transparent et un suivi du temps pass\u00e9 et des ressources engag\u00e9es<\/li>\r\n<\/ul>","choose_media":[{"image":7087}],"vimeoid":"https:\/\/player.vimeo.com\/video\/820868157","ytid":""},{"navigation_label":"\u00c9laboration de contenu","show_title":true,"title":"\u00c9laboration de contenu","show_subtitle":false,"subtitle":"","content":"Nous montons des studios d\u00e9di\u00e9s en interne ou sur site, dans lesquels nous travaillons exclusivement pour vous afin d'associer cr\u00e9ativit\u00e9 et rapidit\u00e9, en coh\u00e9rence avec la marque et de fa\u00e7on rentable.\r\n\r\nCette approche de partenariat permet au client et \u00e0 l'agence de r\u00e9ellement collaborer et ainsi former une \u00e9quipe dynamique et centr\u00e9e sur la marque. Cela nous permet de p\u00e9n\u00e9trer au c\u0153ur de votre organisation, de vivre et de respirer la marque, de comprendre vos objectifs commerciaux, de travailler plus efficacement, d'am\u00e9liorer la vitesse de mise sur le march\u00e9 \u00e0 un co\u00fbt inf\u00e9rieur au mod\u00e8le des agences traditionnelles.\r\n<ul>\r\n \t<li><strong>Publicit\u00e9 sur le lieu de vente<\/strong> : communication 3D + \u00ab th\u00e9\u00e2tralisation \u00bb sur le lieu de vente, conception des structures, nouveau concept de magasin, cartographie du parcours client, localisation des campagnes de vente, marketing promotionnel<\/li>\r\n \t<li><strong>Image de marque<\/strong>: d\u00e9finition des lignes directrices de la marque, stands \u00e9v\u00e9nementiels et image de marque, d\u00e9veloppement d'une bo\u00eete \u00e0 outils de campagne<\/li>\r\n \t<li><strong>Num\u00e9rique<\/strong>: cr\u00e9ation vid\u00e9o et storyboard, r\u00e9seaux sociaux + communication, e-books interactifs, conception de sites web, marketing par e-mail, supports sur \u00e9crans, RV augment\u00e9e + mondes num\u00e9riques immersifs, pr\u00e9- et post-production<\/li>\r\n \t<li><strong>Impression et emballages pour marketing promotionnel<\/strong> : Strat\u00e9gie et conception de DM, documents marketing, concepts et conception d'emballage, outils de vente marketing interne, conception d'emballages et de produits d\u00e9riv\u00e9s \u00e0 valeur ajout\u00e9e<\/li>\r\n<\/ul>","choose_media":[{"image":7125}],"vimeoid":"","ytid":""},{"navigation_label":"Production de contenu","show_title":true,"title":"Production de contenu","show_subtitle":false,"subtitle":"","content":"<ul>\r\n \t<li><strong>Offshore production<\/strong>: localisation de bo\u00eete \u00e0 outils de campagne, adaptation et redimensionnement des ressources, traduction et transcr\u00e9ation, principales adaptations et retouches visuelles<\/li>\r\n \t<li><strong>Adaptation d\u2019\u0153uvre<\/strong> : composition, formulaires de demande modifiables, formats alternatifs et documentation accessible en ligne et adaptation de documents<\/li>\r\n \t<li><strong>Num\u00e9rique<\/strong>: montage, coupes vid\u00e9o et vid\u00e9o d\u00e9mo, traduction et transcr\u00e9ation vid\u00e9o, gestion des versions des ressources des r\u00e9seaux sociaux<\/li>\r\n \t<li><strong>Gestion des ressources<\/strong> : services de biblioth\u00e8que de ressources et de gestion des m\u00e9tadonn\u00e9es (DAM), contr\u00f4le de la qualit\u00e9 et relecture, r\u00e9vision, gestion des bons \u00e0 tirer et du pr\u00e9-presse<\/li>\r\n<\/ul>","choose_media":[{"image":7445}],"vimeoid":"","ytid":""},{"navigation_label":"Donn\u00e9es + informations","show_title":true,"title":"Donn\u00e9es + informations","show_subtitle":false,"subtitle":"","content":"Nous exploitons les donn\u00e9es, les informations et la technologie pour d\u00e9velopper des strat\u00e9gies et des programmes de communication offrant des exp\u00e9riences client transparentes et personnalis\u00e9es par le biais de campagnes au contenu optimis\u00e9 sur de multiples canaux, permettant un succ\u00e8s commercial et un r\u00e9el retour sur vos investissements marketing.\r\n<ul>\r\n \t<li><strong>Cr\u00e9ativit\u00e9 bas\u00e9e sur les donn\u00e9es<\/strong> : Les visuels choisis et le ton de HH Global parviennent \u00e0 impliquer plus efficacement les clients finaux de nos clients par le biais de messages marketing personnalis\u00e9s<\/li>\r\n \t<li><strong>Canaux de communication optimis\u00e9s<\/strong> : Nos \u00e9quipes de science des donn\u00e9es peuvent utiliser l'analyse pr\u00e9dictive pour d\u00e9terminer o\u00f9 vos d\u00e9penses marketing g\u00e9n\u00e9reront les meilleurs retours et excluent toute production inutile<\/li>\r\n \t<li><strong>Investissements marketing renforc\u00e9s<\/strong> : Nos \u00e9quipes travaillent d\u2019arrache-pied afin de veiller \u00e0 ce que votre technologie marketing et vos ressources en donn\u00e9es g\u00e9n\u00e8rent des r\u00e9sultats optimaux et tirent le meilleur de vos investissements<\/li>\r\n \t<li><strong>Informations commerciales \u00e0 fort impact<\/strong> : Nous donnons vie aux donn\u00e9es, les meilleures ressources de votre soci\u00e9t\u00e9, en g\u00e9n\u00e9rant des informations concr\u00e8tes, utiles et exploitables pour r\u00e9soudre vos plus grands d\u00e9fis marketing<\/li>\r\n<\/ul>","choose_media":[{"image":7112}],"vimeoid":"","ytid":""}]},{"acf_fc_layout":"content_block","container_background_color":"bg-grey","show_header":false,"header":"","contents":[{"show_header_icon":false,"header_icon":null,"show_header":true,"header":"26","header_color":"secondary-blue","show_subheader":true,"subheader":"Studios de cr\u00e9ation","description":""},{"show_header_icon":false,"header_icon":null,"show_header":true,"header":"72 015","header_color":"purple","show_subheader":true,"subheader":"Actifs num\u00e9riques g\u00e9r\u00e9s","description":""},{"show_header_icon":false,"header_icon":null,"show_header":true,"header":"612 To","header_color":"light-purple","show_subheader":true,"subheader":"De ressources stock\u00e9s","description":""}]},{"acf_fc_layout":"video","container_background_color":"bg-white","layout_style":"default","video_show_title":false,"video_title":"","poster":7303,"vimeoid":"https:\/\/player.vimeo.com\/video\/841830026","ytid":""},{"acf_fc_layout":"cards","container_background_color":"bg-pure-black","show_heading":true,"heading":"Des exemples","content":"","cards":{"layout":"case-studies-layout","sub_layout":"simple","cards_display_mode":"bg-white","solution_term":null,"industry_term":null,"author_term":null,"region_term":null,"choose_cards":null,"choose_case_studies":[7688,7675,7680],"choose_featured_case_studies":null,"choose_staff_members":null,"choose_careers":null,"choose_info_callouts":null,"show_titles":true,"show_description":true,"show_date":false,"show_sector":false}},{"acf_fc_layout":"contact_form","title":"Nous contacter"}]},"yoast_head":"<!-- This site is optimized with the Yoast SEO plugin v27.4 - https:\/\/yoast.com\/product\/yoast-seo-wordpress\/ -->\n<title>Cr\u00e9atif + Num\u00e9rique - HH Global<\/title>\n<meta name=\"robots\" content=\"index, follow, max-snippet:-1, max-image-preview:large, max-video-preview:-1\" \/>\n<link rel=\"canonical\" href=\"https:\/\/www.hhglobal.com\/fr\/what-we-do\/creative-digital\/\" \/>\n<meta property=\"og:locale\" content=\"fr_FR\" \/>\n<meta property=\"og:type\" content=\"article\" \/>\n<meta property=\"og:title\" content=\"Cr\u00e9atif + Num\u00e9rique - HH Global\" \/>\n<meta property=\"og:url\" content=\"https:\/\/www.hhglobal.com\/fr\/what-we-do\/creative-digital\/\" \/>\n<meta property=\"og:site_name\" content=\"HH Global\" \/>\n<meta property=\"article:modified_time\" content=\"2023-11-24T13:55:41+00:00\" \/>\n<meta name=\"twitter:card\" content=\"summary_large_image\" \/>\n<script type=\"application\/ld+json\" class=\"yoast-schema-graph\">{\"@context\":\"https:\\\/\\\/schema.org\",\"@graph\":[{\"@type\":\"WebPage\",\"@id\":\"https:\\\/\\\/www.hhglobal.com\\\/fr\\\/what-we-do\\\/creative-digital\\\/\",\"url\":\"https:\\\/\\\/www.hhglobal.com\\\/fr\\\/what-we-do\\\/creative-digital\\\/\",\"name\":\"Cr\u00e9atif + Num\u00e9rique - HH Global\",\"isPartOf\":{\"@id\":\"https:\\\/\\\/www.hhglobal.com\\\/fr\\\/#website\"},\"datePublished\":\"2022-05-18T10:29:54+00:00\",\"dateModified\":\"2023-11-24T13:55:41+00:00\",\"breadcrumb\":{\"@id\":\"https:\\\/\\\/www.hhglobal.com\\\/fr\\\/what-we-do\\\/creative-digital\\\/#breadcrumb\"},\"inLanguage\":\"fr-FR\",\"potentialAction\":[{\"@type\":\"ReadAction\",\"target\":[\"https:\\\/\\\/www.hhglobal.com\\\/fr\\\/what-we-do\\\/creative-digital\\\/\"]}]},{\"@type\":\"BreadcrumbList\",\"@id\":\"https:\\\/\\\/www.hhglobal.com\\\/fr\\\/what-we-do\\\/creative-digital\\\/#breadcrumb\",\"itemListElement\":[{\"@type\":\"ListItem\",\"position\":1,\"name\":\"Home\",\"item\":\"https:\\\/\\\/www.hhglobal.com\\\/fr\\\/\"},{\"@type\":\"ListItem\",\"position\":2,\"name\":\"Cr\u00e9atif + Num\u00e9rique\"}]},{\"@type\":\"WebSite\",\"@id\":\"https:\\\/\\\/www.hhglobal.com\\\/fr\\\/#website\",\"url\":\"https:\\\/\\\/www.hhglobal.com\\\/fr\\\/\",\"name\":\"HH Global\",\"description\":\"The global, tech-enabled creative production and procurement partner.\",\"publisher\":{\"@id\":\"https:\\\/\\\/www.hhglobal.com\\\/fr\\\/#organization\"},\"potentialAction\":[{\"@type\":\"SearchAction\",\"target\":{\"@type\":\"EntryPoint\",\"urlTemplate\":\"https:\\\/\\\/www.hhglobal.com\\\/fr\\\/?s={search_term_string}\"},\"query-input\":{\"@type\":\"PropertyValueSpecification\",\"valueRequired\":true,\"valueName\":\"search_term_string\"}}],\"inLanguage\":\"fr-FR\"},{\"@type\":\"Organization\",\"@id\":\"https:\\\/\\\/www.hhglobal.com\\\/fr\\\/#organization\",\"name\":\"HH Global\",\"url\":\"https:\\\/\\\/www.hhglobal.com\\\/fr\\\/\",\"logo\":{\"@type\":\"ImageObject\",\"inLanguage\":\"fr-FR\",\"@id\":\"https:\\\/\\\/www.hhglobal.com\\\/fr\\\/#\\\/schema\\\/logo\\\/image\\\/\",\"url\":\"https:\\\/\\\/www.hhglobal.com\\\/wp-content\\\/uploads\\\/2023\\\/12\\\/logo-white.svg\",\"contentUrl\":\"https:\\\/\\\/www.hhglobal.com\\\/wp-content\\\/uploads\\\/2023\\\/12\\\/logo-white.svg\",\"width\":77,\"height\":18,\"caption\":\"HH Global\"},\"image\":{\"@id\":\"https:\\\/\\\/www.hhglobal.com\\\/fr\\\/#\\\/schema\\\/logo\\\/image\\\/\"}}]}<\/script>\n<!-- \/ Yoast SEO plugin. -->","yoast_head_json":{"title":"Cr\u00e9atif + Num\u00e9rique - HH Global","robots":{"index":"index","follow":"follow","max-snippet":"max-snippet:-1","max-image-preview":"max-image-preview:large","max-video-preview":"max-video-preview:-1"},"canonical":"https:\/\/www.hhglobal.com\/fr\/what-we-do\/creative-digital\/","og_locale":"fr_FR","og_type":"article","og_title":"Cr\u00e9atif + Num\u00e9rique - HH Global","og_url":"https:\/\/www.hhglobal.com\/fr\/what-we-do\/creative-digital\/","og_site_name":"HH Global","article_modified_time":"2023-11-24T13:55:41+00:00","twitter_card":"summary_large_image","schema":{"@context":"https:\/\/schema.org","@graph":[{"@type":"WebPage","@id":"https:\/\/www.hhglobal.com\/fr\/what-we-do\/creative-digital\/","url":"https:\/\/www.hhglobal.com\/fr\/what-we-do\/creative-digital\/","name":"Cr\u00e9atif + Num\u00e9rique - HH Global","isPartOf":{"@id":"https:\/\/www.hhglobal.com\/fr\/#website"},"datePublished":"2022-05-18T10:29:54+00:00","dateModified":"2023-11-24T13:55:41+00:00","breadcrumb":{"@id":"https:\/\/www.hhglobal.com\/fr\/what-we-do\/creative-digital\/#breadcrumb"},"inLanguage":"fr-FR","potentialAction":[{"@type":"ReadAction","target":["https:\/\/www.hhglobal.com\/fr\/what-we-do\/creative-digital\/"]}]},{"@type":"BreadcrumbList","@id":"https:\/\/www.hhglobal.com\/fr\/what-we-do\/creative-digital\/#breadcrumb","itemListElement":[{"@type":"ListItem","position":1,"name":"Home","item":"https:\/\/www.hhglobal.com\/fr\/"},{"@type":"ListItem","position":2,"name":"Cr\u00e9atif + Num\u00e9rique"}]},{"@type":"WebSite","@id":"https:\/\/www.hhglobal.com\/fr\/#website","url":"https:\/\/www.hhglobal.com\/fr\/","name":"HH Global","description":"The global, tech-enabled creative production and procurement partner.","publisher":{"@id":"https:\/\/www.hhglobal.com\/fr\/#organization"},"potentialAction":[{"@type":"SearchAction","target":{"@type":"EntryPoint","urlTemplate":"https:\/\/www.hhglobal.com\/fr\/?s={search_term_string}"},"query-input":{"@type":"PropertyValueSpecification","valueRequired":true,"valueName":"search_term_string"}}],"inLanguage":"fr-FR"},{"@type":"Organization","@id":"https:\/\/www.hhglobal.com\/fr\/#organization","name":"HH Global","url":"https:\/\/www.hhglobal.com\/fr\/","logo":{"@type":"ImageObject","inLanguage":"fr-FR","@id":"https:\/\/www.hhglobal.com\/fr\/#\/schema\/logo\/image\/","url":"https:\/\/www.hhglobal.com\/wp-content\/uploads\/2023\/12\/logo-white.svg","contentUrl":"https:\/\/www.hhglobal.com\/wp-content\/uploads\/2023\/12\/logo-white.svg","width":77,"height":18,"caption":"HH Global"},"image":{"@id":"https:\/\/www.hhglobal.com\/fr\/#\/schema\/logo\/image\/"}}]}},"_links":{"self":[{"href":"https:\/\/www.hhglobal.com\/fr\/wp-json\/wp\/v2\/pages\/7614","targetHints":{"allow":["GET"]}}],"collection":[{"href":"https:\/\/www.hhglobal.com\/fr\/wp-json\/wp\/v2\/pages"}],"about":[{"href":"https:\/\/www.hhglobal.com\/fr\/wp-json\/wp\/v2\/types\/page"}],"author":[{"embeddable":true,"href":"https:\/\/www.hhglobal.com\/fr\/wp-json\/wp\/v2\/users\/41"}],"replies":[{"embeddable":true,"href":"https:\/\/www.hhglobal.com\/fr\/wp-json\/wp\/v2\/comments?post=7614"}],"version-history":[{"count":0,"href":"https:\/\/www.hhglobal.com\/fr\/wp-json\/wp\/v2\/pages\/7614\/revisions"}],"wp:attachment":[{"href":"https:\/\/www.hhglobal.com\/fr\/wp-json\/wp\/v2\/media?parent=7614"}],"curies":[{"name":"wp","href":"https:\/\/api.w.org\/{rel}","templated":true}]}}