{"id":7608,"date":"2022-05-19T12:38:49","date_gmt":"2022-05-19T12:38:49","guid":{"rendered":"https:\/\/decoupled-hhg.local\/strategic-partners\/"},"modified":"2023-11-24T13:45:21","modified_gmt":"2023-11-24T13:45:21","slug":"strategic-partners","status":"publish","type":"page","link":"https:\/\/www.hhglobal.com\/fr\/who-we-are\/strategic-partners\/","title":{"rendered":"Partenaires strat\u00e9giques"},"content":{"rendered":"","protected":false},"excerpt":{"rendered":"","protected":false},"author":41,"featured_media":0,"parent":0,"menu_order":0,"comment_status":"closed","ping_status":"closed","template":"","meta":{"_acf_changed":"","_yoast_wpseo_focuskw":"","_yoast_wpseo_metadesc":"","_yoast_wpseo_linkdex":"","_yoast_wpseo_content_score":"","_yoast_wpseo_meta-robots-noindex":"","_yoast_wpseo_meta-robots-nofollow":"","inline_featured_image":[],"_genesis_block_theme_hide_title":false,"_cms_nav_minihome":"","_icl_lang_duplicate_of":"","_menu_item_classes":[],"_menu_item_menu_item_parent":"","_menu_item_object":"","_menu_item_object_id":"","_menu_item_orphaned":"","_menu_item_target":"","_menu_item_type":"","_menu_item_url":"","_menu_item_xfn":"","_seedprod_page":"","_seedprod_page_template_type":"","_seedprod_page_uuid":"","_top_nav_excluded":"","_wp_attachment_backup_sizes":[],"_wp_attachment_context":"","_wp_attachment_image_alt":"","_wp_old_date":"","_wpcode_auto_insert":"","_wpcode_auto_insert_number":"","_wpcode_library_id":"","_wpml_media_duplicate":"1","_wpml_media_featured":"1","_wpml_post_translation_editor_native":"","_wpml_word_count":"{\"total\":274,\"to_translate\":{\"zh-hans\":274,\"cs\":274,\"de\":274,\"it\":274,\"ja\":274,\"pt-br\":274,\"es\":274}}","_yoast_wpseo_estimated-reading-time-minutes":[],"_yoast_wpseo_primary_category":"","_yoast_wpseo_primary_industry":"","_yoast_wpseo_primary_solution":"","_yoast_wpseo_primary_the_author":"","_yoast_wpseo_wordproof_timestamp":"","acfml_non_translatable_locations":[],"career_externalLink":"","career_featuredImage":"","career_title":"","casestudy_featuredImage":"","casestudy_title":"","infocallout_excerpt":"","infocallout_featuredImage":"","infocallout_title":"","jobTitle":"","language":"","name":"","profilePicture":"","wp-smpro-smush-data":[],"wp-smush-animated":"","wp-smush-ignore-bulk":"","wp-smush-lossy":"","wpml_media_processed":"","_wpcode_conditional_logic_enabled":"","_wpcode_location_extra":"","_wpcode_note":"","_wpcode_priority":"","_wpcode_shortcode_attributes":[],"footnotes":""},"class_list":["post-7608","page","type-page","status-publish","hentry","post","without-featured-image"],"acf":{"page_title":"Principaux avantages et services d\u2019un partenaire fournisseur strat\u00e9gique | HH Global","page_description":"Devenez un partenaire strat\u00e9gique de HH Global, leader mondial des solutions cr\u00e9atives de production et d'approvisionnement, et acc\u00e9dez \u00e0 une croissance plus p\u00e9renne de votre entreprise","social_title":"","social_description":"","social_share_image":null,"modules":[{"acf_fc_layout":"hero","size":"medium2","theme":"dark","choose_images":[{"image":7107}],"show_eyebrow":false,"eyebrow":"","title":"Partenaires strat\u00e9giques","show_cta":false,"cta_url":"","cta_title":""},{"acf_fc_layout":"intro_content_block","scroll_to_link":"","container_background_color":"bg-white","type":false,"show_image":false,"intro_image":null,"show_background":false,"background":null,"show_eyebrow":false,"eyebrow":"Strategic partners ","show_designations":false,"designations":null,"show_title":true,"size":"large","title":"Votre partenaire de croissance","show_intro":true,"intro":"Nous travaillons en partenariat avec des fournisseurs strat\u00e9giques tels que vous afin de mettre en place des relations mutuellement b\u00e9n\u00e9fiques.\r\n\r\nNos clients sont les plus grandes marques internationales. Elles font confiance \u00e0 HH Global pour leur proposer la cha\u00eene d'approvisionnement la plus robuste et la plus efficace disponible. Notre mission est d'apporter un impact extraordinaire \u00e0 ces clients intervenant \u00e0 travers le monde tout en soutenant les objectifs de croissance de leur entreprise.\r\n\r\n<a href=\"mailto:HHGSupplierInquiry@www.hhglobal.com\" target=\"_blank\" rel=\"noopener\">Devenez un partenaire strat\u00e9gique<\/a>","show_body":false,"body":"Our clients are the biggest brands in the world, and there is a reason they count on HH Global to provide the strongest, most efficient supply chain in the business. We actively partner with strategic suppliers like you to create a mutually productive relationship that ensures we can deliver extraordinary impact for our clients across the globe while enabling you to grow your business.\r\n\r\n<a href=\"mailto:HHGSupplierInquiry@www.hhglobal.com\">Become a strategic partner<\/a>","show_labels":false,"labels":{"show_social":false,"custom_categories":null}},{"acf_fc_layout":"text_with_media","scroll_to_link":"","theme":"light","container_background_color":"bg-grey","show_eyebrow":false,"eyebrow":"","show_title":false,"title":"","show_sub_title":true,"sub_title":"Avantages et services","content":"<h4>Travailler avec les plus grandes marques et la meilleure technologie du secteur<\/h4>\r\nHH Global offre \u00e0 ses partenaires fournisseurs strat\u00e9giques des avantages et des services in\u00e9gal\u00e9s sur le march\u00e9 :\r\n<ul>\r\n \t<li>Une croissance cibl\u00e9e avec les plus grandes marques mondiales<\/li>\r\n \t<li>Nos \u00e9quipes r\u00e9gionales de gestion des cat\u00e9gories de sourcing strat\u00e9gique adaptent les exigences de nos clients \u00e0 vos capacit\u00e9s, vous permettant de faire plus dans ce que vous faites de mieux<\/li>\r\n \t<li>Pour am\u00e9liorer vos performances, nous offrons, \u00e0 nos partenaires fournisseurs strat\u00e9giques, les meilleures pratiques appliqu\u00e9es \u00e0 la cha\u00eene d'approvisionnement ainsi que des conseils en optimisation et en processus.<\/li>\r\n<\/ul>","cta_url":"","cta_text":"","open_in_new_window":false,"choose_media":[{"image":7511}],"image_alignment":"left","image_fit":"cover","image_size":"half-width","vimeoid":"","ytid":""},{"acf_fc_layout":"text_with_media","scroll_to_link":"","theme":"light","container_background_color":"bg-grey","show_eyebrow":false,"eyebrow":"","show_title":false,"title":"Learn more about Sustainable Procurement Framework  ","show_sub_title":false,"sub_title":"Benefits and services","content":"<h4>Am\u00e9liorez votre efficacit\u00e9 avec notre suite Hub d\u2019approvisionnement en ligne<\/h4>\r\n\r\nLe statut privil\u00e9gi\u00e9 de partenaire fournisseur strat\u00e9gique de HH Global sur tous nos syst\u00e8mes de e-commerce vous offre:\r\n<ul>\r\n \t<li>Un syst\u00e8me de facturation en ligne optimis\u00e9, minimisant les co\u00fbts administratifs et raccourcissant le cycle de paiement<\/li>\r\n \t<li>Un acc\u00e8s \u00e0 un tableau de bord de performance personnalis\u00e9 con\u00e7u pour vous aider dans vos prises de d\u00e9cision et vos op\u00e9rations<\/li>\r\n<\/ul>\r\n<h4>Une plus grande visibilit\u00e9 pour votre entreprise afin d'am\u00e9liorer vos performances<\/h4>\r\n<ul>\r\n \t<li>Inclusion dans notre syst\u00e8me exclusif de gestion des relations fournisseurs<\/li>\r\n \t<li>Inclusion dans le programme Supplier Insight de HH Global<\/li>\r\n \t<li>Examens des performances des fournisseurs<\/li>\r\n \t<li>Analyse comparative de l'innovation bas\u00e9e sur les meilleures pratiques du march\u00e9 et de la cat\u00e9gorie<\/li>\r\n \t<li>Audits des risques op\u00e9rationnels et de s\u00e9curit\u00e9 de l'information<\/li>\r\n<\/ul>","cta_url":"","cta_text":"","open_in_new_window":false,"choose_media":[{"image":7496}],"image_alignment":"right","image_fit":"cover","image_size":"half-width","vimeoid":"","ytid":""},{"acf_fc_layout":"text_with_media","scroll_to_link":"","theme":"light","container_background_color":"bg-grey","show_eyebrow":false,"eyebrow":"","show_title":false,"title":"","show_sub_title":true,"sub_title":"Am\u00e9liorez votre profil ESG gr\u00e2ce \u00e0 notre cadre d'approvisionnement durable","content":"<h4>R\u00e9pondre aux demandes croissantes de performances environnementalement responsables<\/h4>\r\n\r\nHH Global s'engage \u00e0 aider nos partenaires fournisseurs strat\u00e9giques \u00e0 d\u00e9velopper leurs activit\u00e9s de mani\u00e8re durable pour la plan\u00e8te.\r\n\r\nUn nombre croissant de nos clients exigent que leurs fournisseurs respectent leurs objectifs de d\u00e9veloppement durable. Le Sustainable Procurement Framework (SPF) HH Global est con\u00e7u pour vous aider \u00e0 avancer sur votre parcours vers la durabilit\u00e9 environnementale et \u00e0 remporter plus de march\u00e9s avec les plus grandes marques du monde.\r\n\r\nR\u00e9serv\u00e9 exclusivement \u00e0 nos partenaires fournisseurs strat\u00e9giques, le SPF est un programme de cha\u00eene d'approvisionnement innovant hi-tech, align\u00e9 sur les objectifs de d\u00e9veloppement durable de l\u2019ONU. Cet outil vous aidera \u00e0 partager facilement vos informations de certification et \u00e0 \u00e9voluer vers des pratiques commerciales plus conformes.","cta_url":"","cta_text":"","open_in_new_window":false,"choose_media":[{"image":7079}],"image_alignment":"right","image_fit":"cover","image_size":"half-width","vimeoid":"","ytid":""},{"acf_fc_layout":"quotes","container_background_color":"bg-grey","quote":[{"attribution_name":"Carolyn Pickney","attribution_title":"Pr\u00e9sidente, Billboard Agency International, Am\u00e9rique du Nord","content":"Travailler avec HH Global est une bouff\u00e9e d'air frais dans une industrie tr\u00e8s \u00e9touffante. Le respect de HH Global pour ses fournisseurs, ses partenariats de confiance et sa facilit\u00e9 de communication sont des atouts sans \u00e9quivalent dans notre secteur. Nous appr\u00e9cions tous les collaborateurs et toutes les collaboratrices avec qui nous travaillons chez HH Global et sommes heureux d\u2019avoir construit une v\u00e9ritable relation.","prevent_graphic":false},{"attribution_name":"Laura Soto","attribution_title":"Directrice, Grupo Imaginaci\u00f3n y Movimiento, Mexique","content":"Travailler avec HH Global nous maintient \u00e0 un niveau de qualit\u00e9 \u00e9lev\u00e9 et conduit \u00e0 des am\u00e9liorations continues. Chaque projet est diff\u00e9rent et constitue un nouveau d\u00e9fi, nous innovons constamment et travaillons avec un r\u00e9el esprit d'\u00e9quipe et une orientation client qui caract\u00e9risent notre partenaire commercial, ce qui apporte une valeur ajout\u00e9e \u00e0 nos op\u00e9rations. Nous sommes partenaire fournisseur strat\u00e9gique de HH Global depuis plus de cinq ans, et nous avons connu pendant cette p\u00e9riode une croissance constante gr\u00e2ce \u00e0 l'ajout de nouveaux clients.","prevent_graphic":false},{"attribution_name":"Bachar Aintaoui","attribution_title":"Pr\u00e9sident, MBA Group, Royaume-Uni","content":"Chez MBA, nous croyons que l'innovation et la collaboration peuvent transformer notre entreprise pour le meilleur. Nous recherchons cette m\u00eame approche des entreprises avec lesquelles nous travaillons afin que nous puissions fournir un service meilleur et plus efficace \u00e0 nos clients. C'est l\u00e0 la cl\u00e9 de notre relation fructueuse de 10 ans avec HH Global, travailler de mani\u00e8re proactive gr\u00e2ce \u00e0 un partenariat de sourcing se concentrant sur l'am\u00e9lioration continue, offrant un bon rapport qualit\u00e9-prix, les meilleures pratiques et source d'innovation.","prevent_graphic":false}],"reduce_spacing":false},{"acf_fc_layout":"contact_form","scroll_to_link":"","title":"Nous contacter"}]},"yoast_head":"<!-- This site is optimized with the Yoast SEO plugin v27.4 - https:\/\/yoast.com\/product\/yoast-seo-wordpress\/ -->\n<title>Partenaires strat\u00e9giques - HH Global<\/title>\n<meta name=\"robots\" content=\"index, follow, max-snippet:-1, max-image-preview:large, max-video-preview:-1\" \/>\n<link rel=\"canonical\" href=\"https:\/\/www.hhglobal.com\/fr\/who-we-are\/strategic-partners\/\" \/>\n<meta property=\"og:locale\" content=\"fr_FR\" \/>\n<meta property=\"og:type\" content=\"article\" \/>\n<meta property=\"og:title\" content=\"Partenaires strat\u00e9giques - HH Global\" \/>\n<meta property=\"og:url\" content=\"https:\/\/www.hhglobal.com\/fr\/who-we-are\/strategic-partners\/\" \/>\n<meta property=\"og:site_name\" content=\"HH Global\" \/>\n<meta property=\"article:modified_time\" content=\"2023-11-24T13:45:21+00:00\" \/>\n<meta name=\"twitter:card\" content=\"summary_large_image\" \/>\n<script type=\"application\/ld+json\" class=\"yoast-schema-graph\">{\"@context\":\"https:\\\/\\\/schema.org\",\"@graph\":[{\"@type\":\"WebPage\",\"@id\":\"https:\\\/\\\/www.hhglobal.com\\\/fr\\\/who-we-are\\\/strategic-partners\\\/\",\"url\":\"https:\\\/\\\/www.hhglobal.com\\\/fr\\\/who-we-are\\\/strategic-partners\\\/\",\"name\":\"Partenaires strat\u00e9giques - HH Global\",\"isPartOf\":{\"@id\":\"https:\\\/\\\/www.hhglobal.com\\\/fr\\\/#website\"},\"datePublished\":\"2022-05-19T12:38:49+00:00\",\"dateModified\":\"2023-11-24T13:45:21+00:00\",\"breadcrumb\":{\"@id\":\"https:\\\/\\\/www.hhglobal.com\\\/fr\\\/who-we-are\\\/strategic-partners\\\/#breadcrumb\"},\"inLanguage\":\"fr-FR\",\"potentialAction\":[{\"@type\":\"ReadAction\",\"target\":[\"https:\\\/\\\/www.hhglobal.com\\\/fr\\\/who-we-are\\\/strategic-partners\\\/\"]}]},{\"@type\":\"BreadcrumbList\",\"@id\":\"https:\\\/\\\/www.hhglobal.com\\\/fr\\\/who-we-are\\\/strategic-partners\\\/#breadcrumb\",\"itemListElement\":[{\"@type\":\"ListItem\",\"position\":1,\"name\":\"Home\",\"item\":\"https:\\\/\\\/www.hhglobal.com\\\/fr\\\/\"},{\"@type\":\"ListItem\",\"position\":2,\"name\":\"Partenaires strat\u00e9giques\"}]},{\"@type\":\"WebSite\",\"@id\":\"https:\\\/\\\/www.hhglobal.com\\\/fr\\\/#website\",\"url\":\"https:\\\/\\\/www.hhglobal.com\\\/fr\\\/\",\"name\":\"HH Global\",\"description\":\"The global, tech-enabled creative production and procurement partner.\",\"publisher\":{\"@id\":\"https:\\\/\\\/www.hhglobal.com\\\/fr\\\/#organization\"},\"potentialAction\":[{\"@type\":\"SearchAction\",\"target\":{\"@type\":\"EntryPoint\",\"urlTemplate\":\"https:\\\/\\\/www.hhglobal.com\\\/fr\\\/?s={search_term_string}\"},\"query-input\":{\"@type\":\"PropertyValueSpecification\",\"valueRequired\":true,\"valueName\":\"search_term_string\"}}],\"inLanguage\":\"fr-FR\"},{\"@type\":\"Organization\",\"@id\":\"https:\\\/\\\/www.hhglobal.com\\\/fr\\\/#organization\",\"name\":\"HH Global\",\"url\":\"https:\\\/\\\/www.hhglobal.com\\\/fr\\\/\",\"logo\":{\"@type\":\"ImageObject\",\"inLanguage\":\"fr-FR\",\"@id\":\"https:\\\/\\\/www.hhglobal.com\\\/fr\\\/#\\\/schema\\\/logo\\\/image\\\/\",\"url\":\"https:\\\/\\\/www.hhglobal.com\\\/wp-content\\\/uploads\\\/2023\\\/12\\\/logo-white.svg\",\"contentUrl\":\"https:\\\/\\\/www.hhglobal.com\\\/wp-content\\\/uploads\\\/2023\\\/12\\\/logo-white.svg\",\"width\":77,\"height\":18,\"caption\":\"HH Global\"},\"image\":{\"@id\":\"https:\\\/\\\/www.hhglobal.com\\\/fr\\\/#\\\/schema\\\/logo\\\/image\\\/\"}}]}<\/script>\n<!-- \/ Yoast SEO plugin. -->","yoast_head_json":{"title":"Partenaires strat\u00e9giques - HH Global","robots":{"index":"index","follow":"follow","max-snippet":"max-snippet:-1","max-image-preview":"max-image-preview:large","max-video-preview":"max-video-preview:-1"},"canonical":"https:\/\/www.hhglobal.com\/fr\/who-we-are\/strategic-partners\/","og_locale":"fr_FR","og_type":"article","og_title":"Partenaires strat\u00e9giques - HH Global","og_url":"https:\/\/www.hhglobal.com\/fr\/who-we-are\/strategic-partners\/","og_site_name":"HH Global","article_modified_time":"2023-11-24T13:45:21+00:00","twitter_card":"summary_large_image","schema":{"@context":"https:\/\/schema.org","@graph":[{"@type":"WebPage","@id":"https:\/\/www.hhglobal.com\/fr\/who-we-are\/strategic-partners\/","url":"https:\/\/www.hhglobal.com\/fr\/who-we-are\/strategic-partners\/","name":"Partenaires strat\u00e9giques - HH Global","isPartOf":{"@id":"https:\/\/www.hhglobal.com\/fr\/#website"},"datePublished":"2022-05-19T12:38:49+00:00","dateModified":"2023-11-24T13:45:21+00:00","breadcrumb":{"@id":"https:\/\/www.hhglobal.com\/fr\/who-we-are\/strategic-partners\/#breadcrumb"},"inLanguage":"fr-FR","potentialAction":[{"@type":"ReadAction","target":["https:\/\/www.hhglobal.com\/fr\/who-we-are\/strategic-partners\/"]}]},{"@type":"BreadcrumbList","@id":"https:\/\/www.hhglobal.com\/fr\/who-we-are\/strategic-partners\/#breadcrumb","itemListElement":[{"@type":"ListItem","position":1,"name":"Home","item":"https:\/\/www.hhglobal.com\/fr\/"},{"@type":"ListItem","position":2,"name":"Partenaires strat\u00e9giques"}]},{"@type":"WebSite","@id":"https:\/\/www.hhglobal.com\/fr\/#website","url":"https:\/\/www.hhglobal.com\/fr\/","name":"HH Global","description":"The global, tech-enabled creative production and procurement partner.","publisher":{"@id":"https:\/\/www.hhglobal.com\/fr\/#organization"},"potentialAction":[{"@type":"SearchAction","target":{"@type":"EntryPoint","urlTemplate":"https:\/\/www.hhglobal.com\/fr\/?s={search_term_string}"},"query-input":{"@type":"PropertyValueSpecification","valueRequired":true,"valueName":"search_term_string"}}],"inLanguage":"fr-FR"},{"@type":"Organization","@id":"https:\/\/www.hhglobal.com\/fr\/#organization","name":"HH Global","url":"https:\/\/www.hhglobal.com\/fr\/","logo":{"@type":"ImageObject","inLanguage":"fr-FR","@id":"https:\/\/www.hhglobal.com\/fr\/#\/schema\/logo\/image\/","url":"https:\/\/www.hhglobal.com\/wp-content\/uploads\/2023\/12\/logo-white.svg","contentUrl":"https:\/\/www.hhglobal.com\/wp-content\/uploads\/2023\/12\/logo-white.svg","width":77,"height":18,"caption":"HH Global"},"image":{"@id":"https:\/\/www.hhglobal.com\/fr\/#\/schema\/logo\/image\/"}}]}},"_links":{"self":[{"href":"https:\/\/www.hhglobal.com\/fr\/wp-json\/wp\/v2\/pages\/7608","targetHints":{"allow":["GET"]}}],"collection":[{"href":"https:\/\/www.hhglobal.com\/fr\/wp-json\/wp\/v2\/pages"}],"about":[{"href":"https:\/\/www.hhglobal.com\/fr\/wp-json\/wp\/v2\/types\/page"}],"author":[{"embeddable":true,"href":"https:\/\/www.hhglobal.com\/fr\/wp-json\/wp\/v2\/users\/41"}],"replies":[{"embeddable":true,"href":"https:\/\/www.hhglobal.com\/fr\/wp-json\/wp\/v2\/comments?post=7608"}],"version-history":[{"count":0,"href":"https:\/\/www.hhglobal.com\/fr\/wp-json\/wp\/v2\/pages\/7608\/revisions"}],"wp:attachment":[{"href":"https:\/\/www.hhglobal.com\/fr\/wp-json\/wp\/v2\/media?parent=7608"}],"curies":[{"name":"wp","href":"https:\/\/api.w.org\/{rel}","templated":true}]}}