{"id":7606,"date":"2022-05-18T10:29:31","date_gmt":"2022-05-18T10:29:31","guid":{"rendered":"https:\/\/decoupled-hhg.local\/company\/"},"modified":"2023-11-22T16:02:33","modified_gmt":"2023-11-22T16:02:33","slug":"company","status":"publish","type":"page","link":"https:\/\/www.hhglobal.com\/fr\/who-we-are\/company\/","title":{"rendered":"Notre soci\u00e9t\u00e9"},"content":{"rendered":"","protected":false},"excerpt":{"rendered":"","protected":false},"author":41,"featured_media":0,"parent":0,"menu_order":0,"comment_status":"closed","ping_status":"closed","template":"","meta":{"_acf_changed":"","_yoast_wpseo_focuskw":"","_yoast_wpseo_metadesc":"","_yoast_wpseo_linkdex":"","_yoast_wpseo_content_score":"","_yoast_wpseo_meta-robots-noindex":"","_yoast_wpseo_meta-robots-nofollow":"","inline_featured_image":[],"_genesis_block_theme_hide_title":false,"_cms_nav_minihome":"","_icl_lang_duplicate_of":"","_menu_item_classes":[],"_menu_item_menu_item_parent":"","_menu_item_object":"","_menu_item_object_id":"","_menu_item_orphaned":"","_menu_item_target":"","_menu_item_type":"","_menu_item_url":"","_menu_item_xfn":"","_seedprod_page":"","_seedprod_page_template_type":"","_seedprod_page_uuid":"","_top_nav_excluded":"","_wp_attachment_backup_sizes":[],"_wp_attachment_context":"","_wp_attachment_image_alt":"","_wp_old_date":"","_wpcode_auto_insert":"","_wpcode_auto_insert_number":"","_wpcode_library_id":"","_wpml_media_duplicate":"1","_wpml_media_featured":"1","_wpml_post_translation_editor_native":"","_wpml_word_count":"{\"total\":369,\"to_translate\":{\"zh-hans\":369,\"cs\":369,\"de\":369,\"it\":369,\"ja\":369,\"pt-br\":369,\"es\":369}}","_yoast_wpseo_estimated-reading-time-minutes":[],"_yoast_wpseo_primary_category":"","_yoast_wpseo_primary_industry":"","_yoast_wpseo_primary_solution":"","_yoast_wpseo_primary_the_author":"","_yoast_wpseo_wordproof_timestamp":"","acfml_non_translatable_locations":[],"career_externalLink":"","career_featuredImage":"","career_title":"","casestudy_featuredImage":"","casestudy_title":"","infocallout_excerpt":"","infocallout_featuredImage":"","infocallout_title":"","jobTitle":"","language":"","name":"","profilePicture":"","wp-smpro-smush-data":[],"wp-smush-animated":"","wp-smush-ignore-bulk":"","wp-smush-lossy":"","wpml_media_processed":"","_wpcode_conditional_logic_enabled":"","_wpcode_location_extra":"","_wpcode_note":"","_wpcode_priority":"","_wpcode_shortcode_attributes":[],"footnotes":""},"class_list":["post-7606","page","type-page","status-publish","hentry","post","without-featured-image"],"acf":{"page_title":"Leader des solutions de production et d\u2019approvisionnement cr\u00e9atives | HH Global ","page_description":"D\u00e9couvrez les raisons qui font de HH Global, soci\u00e9t\u00e9 experte des solutions et d\u2019approvisionnement, le partenaire id\u00e9al \u00e0 m\u00eame de vous aider \u00e0 faire passer vos actions efforts marketing \u00e0 la vitesse sup\u00e9rieure, et ce de mani\u00e8re durable","social_title":"","social_description":"","social_share_image":null,"modules":[{"acf_fc_layout":"hero","size":"small","theme":"light","choose_images":[{"image":null}],"show_eyebrow":false,"eyebrow":"Eyebrow title here","title":"Notre soci\u00e9t\u00e9","show_cta":false,"cta_url":"","cta_title":""},{"acf_fc_layout":"video","container_background_color":"bg-white","layout_style":"waffle","video_show_title":true,"video_title":"Un impact fort pour des id\u00e9es fortes, les v\u00f4tres.","poster":7304,"vimeoid":"https:\/\/player.vimeo.com\/video\/827617374","ytid":""},{"acf_fc_layout":"text_with_media_carousel","scroll_to_link":"","theme":"light","container_background_color":"bg-grey","highlight_color":"purple","title":"Votre partenaire de croissance","content":"Nous sommes le leader mondial des solutions de production et d\u2019approvisionnement cr\u00e9atives Nous amplifions vos campagnes marketing gr\u00e2ce \u00e0 un travail de production sans \u00e9gal, une position de leader dans le domaine de l'approvisionnement et des capacit\u00e9s de d\u00e9veloppement durable les plus avanc\u00e9es sur le march\u00e9. Le tout propos\u00e9 selon vos attentes gr\u00e2ce \u00e0 une technologie de pointe et \u00e0 l'expertise passionn\u00e9e de nos collaborateurs et collaboratrices.","additional_spacing":false,"features_title":"Comment g\u00e9n\u00e9rons-nous un impact","features":[{"navigation_label":"Technologie ","show_title":true,"title":"Technologie ","show_subtitle":false,"subtitle":"","content":"Une technologie exclusive \u00e0 m\u00eame de stimuler votre ROI et l'efficacit\u00e9 op\u00e9rationnelle\r\n\r\nNotre plateforme technologique de pointe vous permet de :\r\n<ul>\r\n \t<li>Comprendre ce que vous achetez, suivre vos d\u00e9penses et mesurer vos performances et ainsi permettre une am\u00e9lioration continue<\/li>\r\n \t<li>Recueillir des informations et obtenir des gains d'efficacit\u00e9 \u00e0 grande \u00e9chelle tout en harmonisant vos marques \u00e0 travers les pays et les r\u00e9gions<\/li>\r\n \t<li>Optimiser des fonctionnalit\u00e9s qui prennent en charge vos cycles de vie marketing, en r\u00e9duisant les gaspillages, en stimulant la croissance et en soutenant la transformation<\/li>\r\n<\/ul>","choose_media":[{"image":7261}],"vimeoid":"","ytid":""},{"navigation_label":"Production cr\u00e9ative  ","show_title":true,"title":"Production cr\u00e9ative  ","show_subtitle":false,"subtitle":"","content":"Production cr\u00e9ative bas\u00e9e sur les donn\u00e9es pour une pr\u00e9sence de marque renforc\u00e9e\r\n\r\nGr\u00e2ce \u00e0 notre r\u00e9seau mondial de studios de cr\u00e9ation num\u00e9rique et \u00e0 une \u00e9quipe v\u00e9ritablement internationale, nous :\r\n<ul>\r\n \t<li>Amplifions les campagnes cr\u00e9atives des marques sur tous les supports, tous les canaux et tous les march\u00e9s<\/li>\r\n \t<li>Offrons une conception \u00e9tudi\u00e9e et percutante, favorisant la coh\u00e9rence de la marque et sa croissance dans sa cat\u00e9gorie<\/li>\r\n \t<li>Apportons des ressources d\u00e9di\u00e9es un budget transparent et un suivi du planning et des ressources<\/li>\r\n<\/ul>","choose_media":[{"image":7111}],"vimeoid":"","ytid":""},{"navigation_label":"Leader des solutions d\u2019approvisionnement ","show_title":true,"title":"Leader des solutions d\u2019approvisionnement ","show_subtitle":false,"subtitle":"","content":"B\u00e9n\u00e9ficiez d'une force d'approvisionnement sans \u00e9quivalent\r\n\r\nEn tant que leader du secteur de l'approvisionnement avec +2 milliards de dollars de d\u00e9penses sous gestion, nous :\r\n<ul>\r\n \t<li>D\u00e9ployons une expertise sans \u00e9gal du secteur et des diff\u00e9rents canaux<\/li>\r\n \t<li>Proposons des solutions sur mesure att\u00e9nuant les risques et optimisant votre cha\u00eene d'approvisionnement<\/li>\r\n \t<li>Vous faisons b\u00e9n\u00e9ficier de plus de 8600 partenaires fournisseurs internationaux aptes \u00e0 prendre en charge toutes les cat\u00e9gories de produits<\/li>\r\n \t<li>Investissons en permanence dans notre cha\u00eene d'approvisionnement durable, tout en promouvant la diversit\u00e9 et l'inclusion<\/li>\r\n<\/ul>","choose_media":[{"image":7127}],"vimeoid":"","ytid":""},{"navigation_label":"Innovation durable  ","show_title":true,"title":"Innovation durable  ","show_subtitle":false,"subtitle":"","content":"Technologies et strat\u00e9gies de d\u00e9veloppement durable \u00e0 la pointe du secteur\r\n\r\nNotre extr\u00eame engagement envers le d\u00e9veloppement durable au niveau international nous a permis de d\u00e9velopper des capacit\u00e9s avanc\u00e9es et ainsi proposer :\r\n<ul>\r\n \t<li>Des solutions int\u00e9gr\u00e9es sur mesure venant soutenir vos objectifs de d\u00e9veloppement durable<\/li>\r\n \t<li>Une veille avanc\u00e9e afin de vous aider \u00e0 prendre des d\u00e9cisions \u00e9clair\u00e9es en tenant compte de l\u2019impact sur l\u2019environnement<\/li>\r\n \t<li>Un cadre de certification de fournisseurs unique sur le march\u00e9, align\u00e9 sur les objectifs de d\u00e9veloppement durable de l\u2019ONU<\/li>\r\n<\/ul>","choose_media":[{"image":7080}],"vimeoid":"","ytid":""},{"navigation_label":"Partenariats intelligents ","show_title":true,"title":"Partenariats intelligents ","show_subtitle":false,"subtitle":"","content":"Le partenaire le plus efficace \u00e0 travers le monde\r\n\r\nNous travaillons avec vous, cr\u00e9ant un impact fort pour des id\u00e9es fortes, les v\u00f4tres, par le biais :\r\n<ul>\r\n \t<li>de l\u2019expertise de nos collaborateurs et collaboratrices, int\u00e9gr\u00e9e dans votre entreprise, votre marque et votre culture<\/li>\r\n \t<li>de capacit\u00e9s d\u00e9ploy\u00e9es \u00e0 l\u2019international avec une approche locale<\/li>\r\n \t<li>de notre exp\u00e9rience aussi approfondie que diversifi\u00e9e au service de plus de 150 des plus grandes marques mondiales<\/li>\r\n \t<li>d\u2019une visibilit\u00e9 et d\u2019informations orient\u00e9es par la technologie pour une meilleure prise de d\u00e9cision<\/li>\r\n<\/ul>\r\n&nbsp;","choose_media":[{"image":7081}],"vimeoid":"","ytid":""}]},{"acf_fc_layout":"content_block","container_background_color":"bg-grey","show_header":false,"header":"","contents":[{"show_header_icon":false,"header_icon":null,"show_header":true,"header":"+2.5 milliards USD","header_color":"secondary-blue","show_subheader":true,"subheader":"de d\u00e9penses sous gestion","description":""},{"show_header_icon":false,"header_icon":null,"show_header":true,"header":"99 %","header_color":"purple","show_subheader":true,"subheader":"de fid\u00e9lisation clients","description":"Plus de 99 % de nos clients continuent de travailler avec nous sur de nouveaux projets"},{"show_header_icon":false,"header_icon":null,"show_header":true,"header":"+1000","header_color":"light-purple","show_subheader":true,"subheader":"Marques repr\u00e9sent\u00e9es","description":"Nous sommes partenaire de plus d'un tiers des 100 plus grandes entreprises mondiales, repr\u00e9sentant +1000 marques"},{"show_header_icon":false,"header_icon":null,"show_header":true,"header":"4500","header_color":"light-purple","show_subheader":true,"subheader":"Collaborateurs et collaboratrices","description":"Une \u00e9quipe mondiale, forte, d\u00e9di\u00e9e au succ\u00e8s de nos clients"},{"show_header_icon":false,"header_icon":null,"show_header":true,"header":"90","header_color":"purple","show_subheader":true,"subheader":"Pays servis","description":"Avec des \u00e9quipes dans 64 pays"}]},{"acf_fc_layout":"clients_awards","title":"Nos clients","logos":[{"logo":7272},{"logo":7273},{"logo":7521},{"logo":7275},{"logo":7276},{"logo":7277},{"logo":7278},{"logo":7527},{"logo":7280},{"logo":7309},{"logo":7305},{"logo":7308},{"logo":7283},{"logo":7306},{"logo":7286},{"logo":7522},{"logo":7288},{"logo":7559},{"logo":7515},{"logo":7291},{"logo":7293},{"logo":7294},{"logo":7295},{"logo":7296},{"logo":null}]},{"acf_fc_layout":"contact_form","scroll_to_link":"","title":"Nous contacter"}]},"yoast_head":"<!-- This site is optimized with the Yoast SEO plugin v27.4 - https:\/\/yoast.com\/product\/yoast-seo-wordpress\/ -->\n<title>Notre soci\u00e9t\u00e9 - HH Global<\/title>\n<meta name=\"robots\" content=\"index, follow, max-snippet:-1, max-image-preview:large, max-video-preview:-1\" \/>\n<link rel=\"canonical\" href=\"https:\/\/www.hhglobal.com\/fr\/who-we-are\/company\/\" \/>\n<meta property=\"og:locale\" content=\"fr_FR\" \/>\n<meta property=\"og:type\" content=\"article\" \/>\n<meta property=\"og:title\" content=\"Notre soci\u00e9t\u00e9 - HH Global\" \/>\n<meta property=\"og:url\" content=\"https:\/\/www.hhglobal.com\/fr\/who-we-are\/company\/\" \/>\n<meta property=\"og:site_name\" content=\"HH Global\" \/>\n<meta property=\"article:modified_time\" content=\"2023-11-22T16:02:33+00:00\" \/>\n<meta name=\"twitter:card\" content=\"summary_large_image\" \/>\n<script type=\"application\/ld+json\" class=\"yoast-schema-graph\">{\"@context\":\"https:\\\/\\\/schema.org\",\"@graph\":[{\"@type\":\"WebPage\",\"@id\":\"https:\\\/\\\/www.hhglobal.com\\\/fr\\\/who-we-are\\\/company\\\/\",\"url\":\"https:\\\/\\\/www.hhglobal.com\\\/fr\\\/who-we-are\\\/company\\\/\",\"name\":\"Notre soci\u00e9t\u00e9 - HH Global\",\"isPartOf\":{\"@id\":\"https:\\\/\\\/www.hhglobal.com\\\/fr\\\/#website\"},\"datePublished\":\"2022-05-18T10:29:31+00:00\",\"dateModified\":\"2023-11-22T16:02:33+00:00\",\"breadcrumb\":{\"@id\":\"https:\\\/\\\/www.hhglobal.com\\\/fr\\\/who-we-are\\\/company\\\/#breadcrumb\"},\"inLanguage\":\"fr-FR\",\"potentialAction\":[{\"@type\":\"ReadAction\",\"target\":[\"https:\\\/\\\/www.hhglobal.com\\\/fr\\\/who-we-are\\\/company\\\/\"]}]},{\"@type\":\"BreadcrumbList\",\"@id\":\"https:\\\/\\\/www.hhglobal.com\\\/fr\\\/who-we-are\\\/company\\\/#breadcrumb\",\"itemListElement\":[{\"@type\":\"ListItem\",\"position\":1,\"name\":\"Home\",\"item\":\"https:\\\/\\\/www.hhglobal.com\\\/fr\\\/\"},{\"@type\":\"ListItem\",\"position\":2,\"name\":\"Notre soci\u00e9t\u00e9\"}]},{\"@type\":\"WebSite\",\"@id\":\"https:\\\/\\\/www.hhglobal.com\\\/fr\\\/#website\",\"url\":\"https:\\\/\\\/www.hhglobal.com\\\/fr\\\/\",\"name\":\"HH Global\",\"description\":\"The global, tech-enabled creative production and procurement partner.\",\"publisher\":{\"@id\":\"https:\\\/\\\/www.hhglobal.com\\\/fr\\\/#organization\"},\"potentialAction\":[{\"@type\":\"SearchAction\",\"target\":{\"@type\":\"EntryPoint\",\"urlTemplate\":\"https:\\\/\\\/www.hhglobal.com\\\/fr\\\/?s={search_term_string}\"},\"query-input\":{\"@type\":\"PropertyValueSpecification\",\"valueRequired\":true,\"valueName\":\"search_term_string\"}}],\"inLanguage\":\"fr-FR\"},{\"@type\":\"Organization\",\"@id\":\"https:\\\/\\\/www.hhglobal.com\\\/fr\\\/#organization\",\"name\":\"HH Global\",\"url\":\"https:\\\/\\\/www.hhglobal.com\\\/fr\\\/\",\"logo\":{\"@type\":\"ImageObject\",\"inLanguage\":\"fr-FR\",\"@id\":\"https:\\\/\\\/www.hhglobal.com\\\/fr\\\/#\\\/schema\\\/logo\\\/image\\\/\",\"url\":\"https:\\\/\\\/www.hhglobal.com\\\/wp-content\\\/uploads\\\/2023\\\/12\\\/logo-white.svg\",\"contentUrl\":\"https:\\\/\\\/www.hhglobal.com\\\/wp-content\\\/uploads\\\/2023\\\/12\\\/logo-white.svg\",\"width\":77,\"height\":18,\"caption\":\"HH Global\"},\"image\":{\"@id\":\"https:\\\/\\\/www.hhglobal.com\\\/fr\\\/#\\\/schema\\\/logo\\\/image\\\/\"}}]}<\/script>\n<!-- \/ Yoast SEO plugin. -->","yoast_head_json":{"title":"Notre soci\u00e9t\u00e9 - HH Global","robots":{"index":"index","follow":"follow","max-snippet":"max-snippet:-1","max-image-preview":"max-image-preview:large","max-video-preview":"max-video-preview:-1"},"canonical":"https:\/\/www.hhglobal.com\/fr\/who-we-are\/company\/","og_locale":"fr_FR","og_type":"article","og_title":"Notre soci\u00e9t\u00e9 - HH Global","og_url":"https:\/\/www.hhglobal.com\/fr\/who-we-are\/company\/","og_site_name":"HH Global","article_modified_time":"2023-11-22T16:02:33+00:00","twitter_card":"summary_large_image","schema":{"@context":"https:\/\/schema.org","@graph":[{"@type":"WebPage","@id":"https:\/\/www.hhglobal.com\/fr\/who-we-are\/company\/","url":"https:\/\/www.hhglobal.com\/fr\/who-we-are\/company\/","name":"Notre soci\u00e9t\u00e9 - HH Global","isPartOf":{"@id":"https:\/\/www.hhglobal.com\/fr\/#website"},"datePublished":"2022-05-18T10:29:31+00:00","dateModified":"2023-11-22T16:02:33+00:00","breadcrumb":{"@id":"https:\/\/www.hhglobal.com\/fr\/who-we-are\/company\/#breadcrumb"},"inLanguage":"fr-FR","potentialAction":[{"@type":"ReadAction","target":["https:\/\/www.hhglobal.com\/fr\/who-we-are\/company\/"]}]},{"@type":"BreadcrumbList","@id":"https:\/\/www.hhglobal.com\/fr\/who-we-are\/company\/#breadcrumb","itemListElement":[{"@type":"ListItem","position":1,"name":"Home","item":"https:\/\/www.hhglobal.com\/fr\/"},{"@type":"ListItem","position":2,"name":"Notre soci\u00e9t\u00e9"}]},{"@type":"WebSite","@id":"https:\/\/www.hhglobal.com\/fr\/#website","url":"https:\/\/www.hhglobal.com\/fr\/","name":"HH Global","description":"The global, tech-enabled creative production and procurement partner.","publisher":{"@id":"https:\/\/www.hhglobal.com\/fr\/#organization"},"potentialAction":[{"@type":"SearchAction","target":{"@type":"EntryPoint","urlTemplate":"https:\/\/www.hhglobal.com\/fr\/?s={search_term_string}"},"query-input":{"@type":"PropertyValueSpecification","valueRequired":true,"valueName":"search_term_string"}}],"inLanguage":"fr-FR"},{"@type":"Organization","@id":"https:\/\/www.hhglobal.com\/fr\/#organization","name":"HH Global","url":"https:\/\/www.hhglobal.com\/fr\/","logo":{"@type":"ImageObject","inLanguage":"fr-FR","@id":"https:\/\/www.hhglobal.com\/fr\/#\/schema\/logo\/image\/","url":"https:\/\/www.hhglobal.com\/wp-content\/uploads\/2023\/12\/logo-white.svg","contentUrl":"https:\/\/www.hhglobal.com\/wp-content\/uploads\/2023\/12\/logo-white.svg","width":77,"height":18,"caption":"HH Global"},"image":{"@id":"https:\/\/www.hhglobal.com\/fr\/#\/schema\/logo\/image\/"}}]}},"_links":{"self":[{"href":"https:\/\/www.hhglobal.com\/fr\/wp-json\/wp\/v2\/pages\/7606","targetHints":{"allow":["GET"]}}],"collection":[{"href":"https:\/\/www.hhglobal.com\/fr\/wp-json\/wp\/v2\/pages"}],"about":[{"href":"https:\/\/www.hhglobal.com\/fr\/wp-json\/wp\/v2\/types\/page"}],"author":[{"embeddable":true,"href":"https:\/\/www.hhglobal.com\/fr\/wp-json\/wp\/v2\/users\/41"}],"replies":[{"embeddable":true,"href":"https:\/\/www.hhglobal.com\/fr\/wp-json\/wp\/v2\/comments?post=7606"}],"version-history":[{"count":0,"href":"https:\/\/www.hhglobal.com\/fr\/wp-json\/wp\/v2\/pages\/7606\/revisions"}],"wp:attachment":[{"href":"https:\/\/www.hhglobal.com\/fr\/wp-json\/wp\/v2\/media?parent=7606"}],"curies":[{"name":"wp","href":"https:\/\/api.w.org\/{rel}","templated":true}]}}