{"id":7115,"date":"2022-04-26T04:01:15","date_gmt":"2022-04-26T04:01:15","guid":{"rendered":"https:\/\/decoupled-hhg.local\/homepage\/"},"modified":"2025-07-17T14:37:21","modified_gmt":"2025-07-17T14:37:21","slug":"homepage","status":"publish","type":"page","link":"https:\/\/www.hhglobal.com\/fr\/","title":{"rendered":"Home Page"},"content":{"rendered":"\r\n<p>home page<\/p>\r\n","protected":false},"excerpt":{"rendered":"<p>home page<\/p>\n","protected":false},"author":41,"featured_media":0,"parent":0,"menu_order":0,"comment_status":"closed","ping_status":"open","template":"","meta":{"_acf_changed":"","_yoast_wpseo_focuskw":"","_yoast_wpseo_metadesc":"","_yoast_wpseo_linkdex":"","_yoast_wpseo_content_score":"","_yoast_wpseo_meta-robots-noindex":"","_yoast_wpseo_meta-robots-nofollow":"","inline_featured_image":[],"_genesis_block_theme_hide_title":false,"_cms_nav_minihome":"","_icl_lang_duplicate_of":"","_menu_item_classes":[],"_menu_item_menu_item_parent":"","_menu_item_object":"","_menu_item_object_id":"","_menu_item_orphaned":"","_menu_item_target":"","_menu_item_type":"","_menu_item_url":"","_menu_item_xfn":"","_seedprod_page":"","_seedprod_page_template_type":"","_seedprod_page_uuid":"","_top_nav_excluded":"","_wp_attachment_backup_sizes":[],"_wp_attachment_context":"","_wp_attachment_image_alt":"","_wp_old_date":"","_wpcode_auto_insert":"","_wpcode_auto_insert_number":"","_wpcode_library_id":"","_wpml_media_duplicate":"1","_wpml_media_featured":"1","_wpml_post_translation_editor_native":"","_wpml_word_count":"{\"total\":90,\"to_translate\":{\"zh-hans\":90,\"cs\":90,\"de\":90,\"it\":90,\"ja\":90,\"pt-br\":90,\"es\":90}}","_yoast_wpseo_estimated-reading-time-minutes":[],"_yoast_wpseo_primary_category":"","_yoast_wpseo_primary_industry":"","_yoast_wpseo_primary_solution":"","_yoast_wpseo_primary_the_author":"","_yoast_wpseo_wordproof_timestamp":"","acfml_non_translatable_locations":[],"career_externalLink":"","career_featuredImage":"","career_title":"","casestudy_featuredImage":"","casestudy_title":"","infocallout_excerpt":"","infocallout_featuredImage":"","infocallout_title":"","jobTitle":"","language":"","name":"","profilePicture":"","wp-smpro-smush-data":[],"wp-smush-animated":"","wp-smush-ignore-bulk":"","wp-smush-lossy":"","wpml_media_processed":"","_wpcode_conditional_logic_enabled":"","_wpcode_location_extra":"","_wpcode_note":"","_wpcode_priority":"","_wpcode_shortcode_attributes":[],"footnotes":""},"class_list":["post-7115","page","type-page","status-publish","hentry","post","without-featured-image"],"acf":{"page_title":"Solutions cr\u00e9atives pour la production et l'approvisionnement | HH Global","page_description":"Le partenaire le plus efficace vous proposant ses solutions de production et d\u2019approvisionnement cr\u00e9atives, utilisant les derni\u00e8res technologies au b\u00e9n\u00e9fice des marques recherchant une croissance durable","social_title":"","social_description":"","social_share_image":null,"modules":[{"acf_fc_layout":"hero","size":"large","theme":"dark","choose_images":[{"image":7056},{"image":7053},{"image":7054},{"image":7055}],"show_eyebrow":true,"eyebrow":"eyebrow","title":"Votre partenaire en approvisionnement et production cr\u00e9ative utilisant les derni\u00e8res technologies","show_cta":true,"cta_url":"\/fr\/company","cta_title":"D\u00e9couvrir l'entreprise "},{"acf_fc_layout":"data_visualization","title":"HH Global en un coup d'\u0153il ","stats":[{"page_link":465,"sub_heading":"Global","heading":"Monde","stat":"4500","description_type":false,"description":"","styled_description":{"before_description_text":"collaboratrices et collaborateurs travaillant au succ\u00e8s de nos clients \u00e0 travers","middle_stats":"64 ","after_description_text":"pays"},"icon":7195,"hover_color":"secondary-blue"},{"page_link":465,"sub_heading":"Monde","heading":"2.5 milliards $ de d\u00e9penses sous gestion","stat":"","description_type":true,"description":"","styled_description":{"before_description_text":"","middle_stats":"","after_description_text":""},"icon":7194,"hover_color":"primary-green-2"},{"page_link":12117,"sub_heading":"Durabilit\u00e9","heading":"","stat":"44 000 ","description_type":true,"description":"tonnes d\u2019\u00e9conomie d\u2019\u00e9mission de carbone dans les marchandises et services achet\u00e9s","styled_description":{"before_description_text":"","middle_stats":"","after_description_text":""},"icon":7198,"hover_color":"primary-green-2"},{"page_link":466,"sub_heading":"Production cr\u00e9ative \u00e0 travers le monde","heading":"","stat":"26","description_type":true,"description":"Studios de cr\u00e9ation","styled_description":{"before_description_text":"","middle_stats":"","after_description_text":""},"icon":7197,"hover_color":"secondary-purple"},{"page_link":503,"sub_heading":"Approvisionnement","heading":"","stat":"25 %","description_type":true,"description":"D\u2019\u00e9conomie pour nos clients","styled_description":{"before_description_text":"","middle_stats":"","after_description_text":""},"icon":null,"hover_color":"secondary-dark-blue"},{"page_link":502,"sub_heading":"Technologie","heading":"","stat":"1,3 m","description_type":true,"description":"De transactions trait\u00e9es gr\u00e2ce \u00e0 notre technologie","styled_description":{"before_description_text":"","middle_stats":"","after_description_text":""},"icon":7193,"hover_color":"secondary-dark-blue"},{"page_link":503,"sub_heading":"Approvisionnement","heading":"","stat":"8606","description_type":true,"description":"partenaires fournisseurs strat\u00e9giques couvrant le monde entier\r\ndans 19 cat\u00e9gories de d\u00e9penses cl\u00e9s","styled_description":{"before_description_text":"","middle_stats":"","after_description_text":""},"icon":null,"hover_color":"primary-green-2"},{"page_link":502,"sub_heading":"Technologie","heading":"","stat":"89 485","description_type":true,"description":"Utilisateurs actifs de notre technologie","styled_description":{"before_description_text":"","middle_stats":"","after_description_text":""},"icon":7196,"hover_color":"secondary-purple"},{"page_link":466,"sub_heading":"Production cr\u00e9ative \u00e0 travers le monde","heading":"","stat":"72 015","description_type":true,"description":"Actifs num\u00e9riques g\u00e9r\u00e9s","styled_description":{"before_description_text":"","middle_stats":"","after_description_text":""},"icon":null,"hover_color":"primary-green-2"}]},{"acf_fc_layout":"cards","scroll_to_link":"","container_background_color":"bg-pure-black","show_heading":true,"heading":"S'associer \u00e0 des marques \u00e0 la recherche d'une croissance plus forte et plus durable ","content":"","cards":{"layout":"case-studies-layout","sub_layout":"default","cards_display_mode":"bg-white","solution_term":null,"industry_term":null,"author_term":null,"region_term":null,"choose_cards":[365],"choose_case_studies":[7686,7673,7680,7675,7688,7682,7684,7678],"choose_featured_case_studies":null,"choose_staff_members":null,"choose_careers":null,"choose_info_callouts":null,"show_titles":true,"show_description":true,"show_date":false,"show_sector":false}},{"acf_fc_layout":"text_with_media","scroll_to_link":"","theme":"dark","container_background_color":"bg-pure-black","show_eyebrow":false,"eyebrow":"","show_title":true,"title":"Propri\u00e9taire d\u2019une technologie de pointe","show_sub_title":false,"sub_title":"","content":"Notre plateforme technologique unique optimise chaque \u00e9tape du processus afin de r\u00e9duire les d\u00e9chets, stimuler la croissance et s\u2019adapter aux besoins. Elle fournit les donn\u00e9es et informations n\u00e9cessaires aux clients pour unifier leurs marques, les pays et les r\u00e9gions \u00e0 travers le monde. Des indicateurs et des rapports de performance clairs aident de plus \u00e0 optimiser la strat\u00e9gie budg\u00e9taire.","cta_url":"\/fr\/technology","cta_text":"Explorez notre plateforme technologique","open_in_new_window":false,"choose_media":[{"image":7248}],"image_alignment":"right","image_fit":"cover","image_size":"half-width","vimeoid":"","ytid":""},{"acf_fc_layout":"sustainability","container_background_color":"bg-pure-black","title":"Faire que la durabilit\u00e9 compte","sustainability_features":[{"icon":7037,"stats":"40 %","stats_color":"primary-green","description":"de consommation d'\u00e9lectricit\u00e9 par rapport \u00e0 l'ann\u00e9e pr\u00e9c\u00e9dente"},{"icon":7310,"stats":"8 %","stats_color":"secondary-blue","description":"d\u2019\u00e9missions par rapport \u00e0 l'ann\u00e9e pr\u00e9c\u00e9dente"},{"icon":7039,"stats":"44 000+","stats_color":"light-purple","description":"tonnes d\u2019\u00e9missions carbon\u00e9es pour nos clients par rapport \u00e0 l'ann\u00e9e pr\u00e9c\u00e9dente "}]},{"acf_fc_layout":"text_with_media","scroll_to_link":"","theme":"dark","container_background_color":"bg-pure-black","show_eyebrow":false,"eyebrow":"","show_title":true,"title":"La technologie pour une innovation durable","show_sub_title":true,"sub_title":"","content":"En tant que leader en mati\u00e8re de d\u00e9veloppement durable, nous personnalisons nos solutions en exploitant les derni\u00e8res\r\ntechnologies pour soutenir vos objectifs. Cela inclut nos outils de collecte de donn\u00e9es ainsi que les technologies de\r\nmesure de l\u2019impact du CO 2 sur l\u2019environnement, pour vous aider \u00e0 prendre des d\u00e9cisions plus \u00e9clair\u00e9es en mati\u00e8re de\r\nd\u00e9veloppement durable.","cta_url":"\/fr\/sustainable-growth\/","cta_text":"Explorer la durabilit\u00e9","open_in_new_window":false,"choose_media":[{"image":7173}],"image_alignment":"left","image_fit":"cover","image_size":"half-width","vimeoid":"","ytid":""},{"acf_fc_layout":"contact_form","scroll_to_link":"","title":"Nous contacter"},{"acf_fc_layout":"map","title":"Si\u00e8ges \u00e0 travers le monde repr\u00e9sentant nos collaborateurs et collaboratrices dans 64 pays","locations":[{"region":"REGIONAL NORTH AMERICA HEADQUARTERs","title":"HH Global | Chicago","address":[{"line":"203 N. LaSalle"},{"line":"Chicago, IL 60601"},{"line":"United States"}],"map_label":"USA - Chicago","map_dotx":"12%","map_doxy":"35%","map_boxx":"62px","map_boxy":"-14px"},{"region":"REGIONAL LATIN AMERICA HEADQUARTERs","title":"HH Global | Mexico City","address":[{"line":"Av. P.\u00ba de la Reforma 350"},{"line":"Ju\u00e1rez, Cuauht\u00e9moc"},{"line":"06600 Ciudad de M\u00e9xico"},{"line":"CDMX, M\u00e9xico"}],"map_label":"Mexique","map_dotx":"5.5%","map_doxy":"63%","map_boxx":"60px","map_boxy":"-60px"},{"region":"REGIONAL EMEA HEADQUARTERs","title":"HH Global | London","address":[{"line":"Grove House,"},{"line":"Guildford Road,"},{"line":"Leatherhead, Surrey KT22 9DF"},{"line":"United Kingdom"}],"map_label":"Royaume-Uni","map_dotx":"42.2%","map_doxy":"15%","map_boxx":"45px","map_boxy":"21px"},{"region":"REGIONAL ASIA-PACIFIC HEADQUARTERs","title":"HH Global | Hong Kong","address":[{"line":"20th Floor, East Town Building,"},{"line":"No. 41 Lockhart Road, Wan Chai,"},{"line":"Hong Kong Island,"},{"line":"Hong Kong S.A.R."}],"map_label":"Hong Kong","map_dotx":"94.5%","map_doxy":"54.8%","map_boxx":"-363px","map_boxy":"-136px"}]}]},"yoast_head":"<!-- This site is optimized with the Yoast SEO plugin v27.4 - https:\/\/yoast.com\/product\/yoast-seo-wordpress\/ -->\n<title>Home Page - HH Global<\/title>\n<meta name=\"robots\" content=\"index, follow, max-snippet:-1, max-image-preview:large, max-video-preview:-1\" \/>\n<link rel=\"canonical\" href=\"https:\/\/www.hhglobal.com\/fr\/\" \/>\n<meta property=\"og:locale\" content=\"fr_FR\" \/>\n<meta property=\"og:type\" content=\"article\" \/>\n<meta property=\"og:title\" content=\"Home Page - HH Global\" \/>\n<meta property=\"og:description\" content=\"home page\" \/>\n<meta property=\"og:url\" content=\"https:\/\/www.hhglobal.com\/fr\/\" \/>\n<meta property=\"og:site_name\" content=\"HH Global\" \/>\n<meta property=\"article:modified_time\" content=\"2025-07-17T14:37:21+00:00\" \/>\n<meta name=\"twitter:card\" content=\"summary_large_image\" \/>\n<script type=\"application\/ld+json\" class=\"yoast-schema-graph\">{\"@context\":\"https:\\\/\\\/schema.org\",\"@graph\":[{\"@type\":\"WebPage\",\"@id\":\"https:\\\/\\\/www.hhglobal.com\\\/fr\\\/\",\"url\":\"https:\\\/\\\/www.hhglobal.com\\\/fr\\\/\",\"name\":\"Home Page - HH Global\",\"isPartOf\":{\"@id\":\"https:\\\/\\\/www.hhglobal.com\\\/fr\\\/#website\"},\"datePublished\":\"2022-04-26T04:01:15+00:00\",\"dateModified\":\"2025-07-17T14:37:21+00:00\",\"breadcrumb\":{\"@id\":\"https:\\\/\\\/www.hhglobal.com\\\/fr\\\/#breadcrumb\"},\"inLanguage\":\"fr-FR\",\"potentialAction\":[{\"@type\":\"ReadAction\",\"target\":[\"https:\\\/\\\/www.hhglobal.com\\\/fr\\\/\"]}]},{\"@type\":\"BreadcrumbList\",\"@id\":\"https:\\\/\\\/www.hhglobal.com\\\/fr\\\/#breadcrumb\",\"itemListElement\":[{\"@type\":\"ListItem\",\"position\":1,\"name\":\"Home\",\"item\":\"https:\\\/\\\/www.hhglobal.com\\\/fr\\\/\"},{\"@type\":\"ListItem\",\"position\":2,\"name\":\"Home Page\"}]},{\"@type\":\"WebSite\",\"@id\":\"https:\\\/\\\/www.hhglobal.com\\\/fr\\\/#website\",\"url\":\"https:\\\/\\\/www.hhglobal.com\\\/fr\\\/\",\"name\":\"HH Global\",\"description\":\"The global, tech-enabled creative production and procurement partner.\",\"publisher\":{\"@id\":\"https:\\\/\\\/www.hhglobal.com\\\/fr\\\/#organization\"},\"potentialAction\":[{\"@type\":\"SearchAction\",\"target\":{\"@type\":\"EntryPoint\",\"urlTemplate\":\"https:\\\/\\\/www.hhglobal.com\\\/fr\\\/?s={search_term_string}\"},\"query-input\":{\"@type\":\"PropertyValueSpecification\",\"valueRequired\":true,\"valueName\":\"search_term_string\"}}],\"inLanguage\":\"fr-FR\"},{\"@type\":\"Organization\",\"@id\":\"https:\\\/\\\/www.hhglobal.com\\\/fr\\\/#organization\",\"name\":\"HH Global\",\"url\":\"https:\\\/\\\/www.hhglobal.com\\\/fr\\\/\",\"logo\":{\"@type\":\"ImageObject\",\"inLanguage\":\"fr-FR\",\"@id\":\"https:\\\/\\\/www.hhglobal.com\\\/fr\\\/#\\\/schema\\\/logo\\\/image\\\/\",\"url\":\"https:\\\/\\\/www.hhglobal.com\\\/wp-content\\\/uploads\\\/2023\\\/12\\\/logo-white.svg\",\"contentUrl\":\"https:\\\/\\\/www.hhglobal.com\\\/wp-content\\\/uploads\\\/2023\\\/12\\\/logo-white.svg\",\"width\":77,\"height\":18,\"caption\":\"HH Global\"},\"image\":{\"@id\":\"https:\\\/\\\/www.hhglobal.com\\\/fr\\\/#\\\/schema\\\/logo\\\/image\\\/\"}}]}<\/script>\n<!-- \/ Yoast SEO plugin. -->","yoast_head_json":{"title":"Home Page - HH Global","robots":{"index":"index","follow":"follow","max-snippet":"max-snippet:-1","max-image-preview":"max-image-preview:large","max-video-preview":"max-video-preview:-1"},"canonical":"https:\/\/www.hhglobal.com\/fr\/","og_locale":"fr_FR","og_type":"article","og_title":"Home Page - HH Global","og_description":"home page","og_url":"https:\/\/www.hhglobal.com\/fr\/","og_site_name":"HH Global","article_modified_time":"2025-07-17T14:37:21+00:00","twitter_card":"summary_large_image","schema":{"@context":"https:\/\/schema.org","@graph":[{"@type":"WebPage","@id":"https:\/\/www.hhglobal.com\/fr\/","url":"https:\/\/www.hhglobal.com\/fr\/","name":"Home Page - HH Global","isPartOf":{"@id":"https:\/\/www.hhglobal.com\/fr\/#website"},"datePublished":"2022-04-26T04:01:15+00:00","dateModified":"2025-07-17T14:37:21+00:00","breadcrumb":{"@id":"https:\/\/www.hhglobal.com\/fr\/#breadcrumb"},"inLanguage":"fr-FR","potentialAction":[{"@type":"ReadAction","target":["https:\/\/www.hhglobal.com\/fr\/"]}]},{"@type":"BreadcrumbList","@id":"https:\/\/www.hhglobal.com\/fr\/#breadcrumb","itemListElement":[{"@type":"ListItem","position":1,"name":"Home","item":"https:\/\/www.hhglobal.com\/fr\/"},{"@type":"ListItem","position":2,"name":"Home Page"}]},{"@type":"WebSite","@id":"https:\/\/www.hhglobal.com\/fr\/#website","url":"https:\/\/www.hhglobal.com\/fr\/","name":"HH Global","description":"The global, tech-enabled creative production and procurement partner.","publisher":{"@id":"https:\/\/www.hhglobal.com\/fr\/#organization"},"potentialAction":[{"@type":"SearchAction","target":{"@type":"EntryPoint","urlTemplate":"https:\/\/www.hhglobal.com\/fr\/?s={search_term_string}"},"query-input":{"@type":"PropertyValueSpecification","valueRequired":true,"valueName":"search_term_string"}}],"inLanguage":"fr-FR"},{"@type":"Organization","@id":"https:\/\/www.hhglobal.com\/fr\/#organization","name":"HH Global","url":"https:\/\/www.hhglobal.com\/fr\/","logo":{"@type":"ImageObject","inLanguage":"fr-FR","@id":"https:\/\/www.hhglobal.com\/fr\/#\/schema\/logo\/image\/","url":"https:\/\/www.hhglobal.com\/wp-content\/uploads\/2023\/12\/logo-white.svg","contentUrl":"https:\/\/www.hhglobal.com\/wp-content\/uploads\/2023\/12\/logo-white.svg","width":77,"height":18,"caption":"HH Global"},"image":{"@id":"https:\/\/www.hhglobal.com\/fr\/#\/schema\/logo\/image\/"}}]}},"_links":{"self":[{"href":"https:\/\/www.hhglobal.com\/fr\/wp-json\/wp\/v2\/pages\/7115","targetHints":{"allow":["GET"]}}],"collection":[{"href":"https:\/\/www.hhglobal.com\/fr\/wp-json\/wp\/v2\/pages"}],"about":[{"href":"https:\/\/www.hhglobal.com\/fr\/wp-json\/wp\/v2\/types\/page"}],"author":[{"embeddable":true,"href":"https:\/\/www.hhglobal.com\/fr\/wp-json\/wp\/v2\/users\/41"}],"replies":[{"embeddable":true,"href":"https:\/\/www.hhglobal.com\/fr\/wp-json\/wp\/v2\/comments?post=7115"}],"version-history":[{"count":0,"href":"https:\/\/www.hhglobal.com\/fr\/wp-json\/wp\/v2\/pages\/7115\/revisions"}],"wp:attachment":[{"href":"https:\/\/www.hhglobal.com\/fr\/wp-json\/wp\/v2\/media?parent=7115"}],"curies":[{"name":"wp","href":"https:\/\/api.w.org\/{rel}","templated":true}]}}