{"id":24667,"date":"2025-10-07T09:25:23","date_gmt":"2025-10-07T09:25:23","guid":{"rendered":"https:\/\/www.hhglobal.com\/home-page\/"},"modified":"2026-01-05T16:41:00","modified_gmt":"2026-01-05T16:41:00","slug":"home-page","status":"publish","type":"page","link":"https:\/\/www.hhglobal.com\/home-page\/","title":{"rendered":"Home Page"},"content":{"rendered":"","protected":false},"excerpt":{"rendered":"","protected":false},"author":41,"featured_media":0,"parent":0,"menu_order":0,"comment_status":"closed","ping_status":"closed","template":"","meta":{"_acf_changed":"","_yoast_wpseo_focuskw":"","_yoast_wpseo_metadesc":"","_yoast_wpseo_linkdex":"","_yoast_wpseo_content_score":"","_yoast_wpseo_meta-robots-noindex":"","_yoast_wpseo_meta-robots-nofollow":"","inline_featured_image":[],"_genesis_block_theme_hide_title":false,"_cms_nav_minihome":"","_icl_lang_duplicate_of":"","_menu_item_classes":[],"_menu_item_menu_item_parent":"","_menu_item_object":"","_menu_item_object_id":"","_menu_item_orphaned":"","_menu_item_target":"","_menu_item_type":"","_menu_item_url":"","_menu_item_xfn":"","_seedprod_page":"","_seedprod_page_template_type":"","_seedprod_page_uuid":"","_top_nav_excluded":"","_wp_attachment_backup_sizes":[],"_wp_attachment_context":"","_wp_attachment_image_alt":"","_wp_old_date":"","_wpcode_auto_insert":"","_wpcode_auto_insert_number":"","_wpcode_library_id":"","_wpml_media_duplicate":"1","_wpml_media_featured":"1","_wpml_post_translation_editor_native":"","_wpml_word_count":"2","_yoast_wpseo_estimated-reading-time-minutes":["0"],"_yoast_wpseo_primary_category":"","_yoast_wpseo_primary_industry":"","_yoast_wpseo_primary_solution":"","_yoast_wpseo_primary_the_author":"","_yoast_wpseo_wordproof_timestamp":"","acfml_non_translatable_locations":[],"career_externalLink":"","career_featuredImage":"","career_title":"","casestudy_featuredImage":"","casestudy_title":"","infocallout_excerpt":"","infocallout_featuredImage":"","infocallout_title":"","jobTitle":"","language":"","name":"","profilePicture":"","wp-smpro-smush-data":[],"wp-smush-animated":"","wp-smush-ignore-bulk":"","wp-smush-lossy":"","wpml_media_processed":"","_wpcode_conditional_logic_enabled":"","_wpcode_location_extra":"","_wpcode_note":"","_wpcode_priority":"","_wpcode_shortcode_attributes":[],"footnotes":""},"class_list":["post-24667","page","type-page","status-publish","hentry","post","without-featured-image"],"acf":{"page_title":"Global creative production and procurement solutions | HH Global","page_description":"The world\u2019s most impactful tech-enabled creative production and procurement partner for brands seeking sustainable growth","social_title":"","social_description":"","social_share_image":null,"modules":[{"acf_fc_layout":"hero","size":"large","theme":"dark","choose_images":[{"image":22927},{"image":15421},{"image":15432},{"image":15443}],"show_eyebrow":false,"eyebrow":"","title":"The global, tech-enabled creative production and procurement partner","show_cta":true,"cta_url":"\/company","cta_title":"Learn more"},{"acf_fc_layout":"data_visualization","title":"HH Global at a glance","stats":[{"page_link":465,"sub_heading":"Global","heading":"","stat":"4,500","description_type":false,"description":"Experts committed to delivering success for every client, everywhere","styled_description":{"before_description_text":"colleagues in","middle_stats":"64","after_description_text":"markets delivering client success across more than <b>120 countries<\/b>"},"icon":15454,"hover_color":"secondary-dark-blue"},{"page_link":465,"sub_heading":"Global","heading":"+$2B spend under management ","stat":"","description_type":true,"description":"","styled_description":{"before_description_text":"","middle_stats":"","after_description_text":""},"icon":15465,"hover_color":"primary-green-2"},{"page_link":493,"sub_heading":"Sustainability","heading":"","stat":"+44k","description_type":true,"description":"Metric tons carbon reduction in purchased goods and services","styled_description":{"before_description_text":"","middle_stats":"","after_description_text":""},"icon":15476,"hover_color":"primary-green-2"},{"page_link":466,"sub_heading":"Global Creative Production","heading":"","stat":"26","description_type":true,"description":"Creative studios","styled_description":{"before_description_text":"","middle_stats":"","after_description_text":""},"icon":15487,"hover_color":"secondary-purple"},{"page_link":503,"sub_heading":"Procurement","heading":"","stat":"25%","description_type":true,"description":"Typical year one product cost savings delivered to clients","styled_description":{"before_description_text":"","middle_stats":"","after_description_text":""},"icon":null,"hover_color":"secondary-dark-blue"},{"page_link":502,"sub_heading":"Technology","heading":"","stat":"1.3m","description_type":true,"description":"Transactions processed through our technology","styled_description":{"before_description_text":"","middle_stats":"","after_description_text":""},"icon":15498,"hover_color":"secondary-dark-blue"},{"page_link":503,"sub_heading":"Procurement","heading":"","stat":"+5,800","description_type":true,"description":"Strategic supplier partners globally covering 19 key categories of spend","styled_description":{"before_description_text":"","middle_stats":"","after_description_text":""},"icon":null,"hover_color":"primary-green-2"},{"page_link":502,"sub_heading":"Technology","heading":"","stat":"111,606","description_type":true,"description":"Active users of our technology","styled_description":{"before_description_text":"","middle_stats":"","after_description_text":""},"icon":15509,"hover_color":"secondary-purple"},{"page_link":466,"sub_heading":"Global Creative Production","heading":"","stat":"206,113","description_type":true,"description":"Digital assets managed","styled_description":{"before_description_text":"","middle_stats":"","after_description_text":""},"icon":null,"hover_color":"primary-green-2"}]},{"acf_fc_layout":"cards","container_background_color":"bg-pure-black","show_heading":true,"heading":"Partnering with brands seeking stronger, more sustainable growth","content":"","cards":{"layout":"case-studies-layout","sub_layout":"default","cards_display_mode":"bg-white","solution_term":null,"industry_term":null,"author_term":null,"region_term":null,"choose_cards":0,"choose_case_studies":[590,25424,586,482,587,23820,589],"choose_featured_case_studies":0,"choose_staff_members":0,"choose_careers":0,"choose_info_callouts":0,"show_titles":true,"show_description":true,"show_date":false,"show_sector":false}},{"acf_fc_layout":"text_with_media","scroll_to_link":"","theme":"dark","container_background_color":"bg-pure-black","show_eyebrow":false,"eyebrow":"","show_title":true,"title":"Best-in-class proprietary technology","show_sub_title":false,"sub_title":"","content":"Our unique technology platform optimizes every step of the process to reduce waste, drive growth and scale as needed. It provides clients with the data and insights to help unify brands, countries and regions across the globe. And clear performance measurement and reporting help optimize budget strategy.","cta_url":"\/technology","cta_text":"Explore tech-enabled platform","open_in_new_window":false,"choose_media":[{"image":15520}],"image_alignment":"right","image_fit":"cover","image_size":"half-width","vimeoid":"","ytid":""},{"acf_fc_layout":"sustainability","container_background_color":"bg-pure-black","title":"Making sustainability count","sustainability_features":[{"icon":15531,"stats":"40%","stats_color":"primary-green","description":"reduction in electricity versus previous year"},{"icon":15542,"stats":"8%","stats_color":"secondary-blue","description":"reduction in our total emissions versus previous year"},{"icon":15553,"stats":"+44k","stats_color":"light-purple","description":"metric tons carbon reduction for our clients versus previous year"}]},{"acf_fc_layout":"text_with_media","scroll_to_link":"","theme":"dark","container_background_color":"bg-pure-black","show_eyebrow":false,"eyebrow":"","show_title":true,"title":"Technology for sustainable innovation","show_sub_title":true,"sub_title":"","content":"As leaders in sustainability, we tailor technology-driven solutions to support your objectives. This includes our proprietary environmental measurement tools and CO<sub>2<\/sub> impact technologies\u2014to help you make more informed sustainability decisions.","cta_url":"\/sustainable-growth\/","cta_text":"Explore sustainability","open_in_new_window":false,"choose_media":[{"image":24660}],"image_alignment":"left","image_fit":"cover","image_size":"half-width","vimeoid":"","ytid":""},{"acf_fc_layout":"contact_form","title":"Get in touch"},{"acf_fc_layout":"map","title":"Regional headquarters representing team members across *64 countries*","locations":[{"region":"REGIONAL NORTH AMERICA HEADQUARTERs","title":"HH Global | Chicago","address":[{"line":"203 N. LaSalle"},{"line":"Chicago, IL 60601"},{"line":"United States"}],"map_label":"Chicago","map_dotx":"12%","map_doxy":"35%","map_boxx":"62px","map_boxy":"-14px"},{"region":"REGIONAL LATIN AMERICA HEADQUARTERs","title":"HH Global | Mexico City","address":[{"line":"Av. P.\u00ba de la Reforma 350"},{"line":"Ju\u00e1rez, Cuauht\u00e9moc"},{"line":"06600 Ciudad de M\u00e9xico"},{"line":"CDMX, M\u00e9xico"}],"map_label":"Mexico","map_dotx":"5.5%","map_doxy":"63%","map_boxx":"60px","map_boxy":"-60px"},{"region":"REGIONAL EMEA HEADQUARTERs","title":"HH Global | London","address":[{"line":"Heron Tower"},{"line":"110 Bishopsgate"},{"line":"London, EC2N4AY"},{"line":"United Kingdom"}],"map_label":"United Kingdom","map_dotx":"42.2%","map_doxy":"15%","map_boxx":"45px","map_boxy":"21px"},{"region":"REGIONAL ASIA-PACIFIC HEADQUARTERs","title":"HH Global | Hong Kong","address":[{"line":"Level 15, Plaza 228"},{"line":"228 Wan Chai Road, Wan Chai"},{"line":"Hong Kong"}],"map_label":"Hong Kong","map_dotx":"94.5%","map_doxy":"54.8%","map_boxx":"-363px","map_boxy":"-136px"}]}]},"yoast_head":"<!-- This site is optimized with the Yoast SEO plugin v27.3 - https:\/\/yoast.com\/product\/yoast-seo-wordpress\/ -->\n<title>Home Page - HH Global<\/title>\n<meta name=\"robots\" content=\"index, follow, max-snippet:-1, max-image-preview:large, max-video-preview:-1\" \/>\n<link rel=\"canonical\" href=\"https:\/\/www.hhglobal.com\/home-page\/\" \/>\n<meta property=\"og:locale\" content=\"fr_FR\" \/>\n<meta property=\"og:type\" content=\"article\" \/>\n<meta property=\"og:title\" content=\"Home Page - HH Global\" \/>\n<meta property=\"og:url\" content=\"https:\/\/www.hhglobal.com\/home-page\/\" \/>\n<meta property=\"og:site_name\" content=\"HH Global\" \/>\n<meta property=\"article:modified_time\" content=\"2026-01-05T16:41:00+00:00\" \/>\n<meta name=\"twitter:card\" content=\"summary_large_image\" \/>\n<script type=\"application\/ld+json\" class=\"yoast-schema-graph\">{\"@context\":\"https:\\\/\\\/schema.org\",\"@graph\":[{\"@type\":\"WebPage\",\"@id\":\"https:\\\/\\\/www.hhglobal.com\\\/home-page\\\/\",\"url\":\"https:\\\/\\\/www.hhglobal.com\\\/home-page\\\/\",\"name\":\"Home Page - HH Global\",\"isPartOf\":{\"@id\":\"https:\\\/\\\/www.hhglobal.com\\\/fr\\\/#website\"},\"datePublished\":\"2025-10-07T09:25:23+00:00\",\"dateModified\":\"2026-01-05T16:41:00+00:00\",\"breadcrumb\":{\"@id\":\"https:\\\/\\\/www.hhglobal.com\\\/home-page\\\/#breadcrumb\"},\"inLanguage\":\"fr-FR\",\"potentialAction\":[{\"@type\":\"ReadAction\",\"target\":[\"https:\\\/\\\/www.hhglobal.com\\\/home-page\\\/\"]}]},{\"@type\":\"BreadcrumbList\",\"@id\":\"https:\\\/\\\/www.hhglobal.com\\\/home-page\\\/#breadcrumb\",\"itemListElement\":[{\"@type\":\"ListItem\",\"position\":1,\"name\":\"Home\",\"item\":\"https:\\\/\\\/www.hhglobal.com\\\/fr\\\/\"},{\"@type\":\"ListItem\",\"position\":2,\"name\":\"Home Page\"}]},{\"@type\":\"WebSite\",\"@id\":\"https:\\\/\\\/www.hhglobal.com\\\/fr\\\/#website\",\"url\":\"https:\\\/\\\/www.hhglobal.com\\\/fr\\\/\",\"name\":\"HH Global\",\"description\":\"The global, tech-enabled creative production and procurement partner.\",\"publisher\":{\"@id\":\"https:\\\/\\\/www.hhglobal.com\\\/fr\\\/#organization\"},\"potentialAction\":[{\"@type\":\"SearchAction\",\"target\":{\"@type\":\"EntryPoint\",\"urlTemplate\":\"https:\\\/\\\/www.hhglobal.com\\\/fr\\\/?s={search_term_string}\"},\"query-input\":{\"@type\":\"PropertyValueSpecification\",\"valueRequired\":true,\"valueName\":\"search_term_string\"}}],\"inLanguage\":\"fr-FR\"},{\"@type\":\"Organization\",\"@id\":\"https:\\\/\\\/www.hhglobal.com\\\/fr\\\/#organization\",\"name\":\"HH Global\",\"url\":\"https:\\\/\\\/www.hhglobal.com\\\/fr\\\/\",\"logo\":{\"@type\":\"ImageObject\",\"inLanguage\":\"fr-FR\",\"@id\":\"https:\\\/\\\/www.hhglobal.com\\\/fr\\\/#\\\/schema\\\/logo\\\/image\\\/\",\"url\":\"https:\\\/\\\/www.hhglobal.com\\\/wp-content\\\/uploads\\\/2023\\\/12\\\/logo-white.svg\",\"contentUrl\":\"https:\\\/\\\/www.hhglobal.com\\\/wp-content\\\/uploads\\\/2023\\\/12\\\/logo-white.svg\",\"width\":77,\"height\":18,\"caption\":\"HH Global\"},\"image\":{\"@id\":\"https:\\\/\\\/www.hhglobal.com\\\/fr\\\/#\\\/schema\\\/logo\\\/image\\\/\"}}]}<\/script>\n<!-- \/ Yoast SEO plugin. -->","yoast_head_json":{"title":"Home Page - HH Global","robots":{"index":"index","follow":"follow","max-snippet":"max-snippet:-1","max-image-preview":"max-image-preview:large","max-video-preview":"max-video-preview:-1"},"canonical":"https:\/\/www.hhglobal.com\/home-page\/","og_locale":"fr_FR","og_type":"article","og_title":"Home Page - HH Global","og_url":"https:\/\/www.hhglobal.com\/home-page\/","og_site_name":"HH Global","article_modified_time":"2026-01-05T16:41:00+00:00","twitter_card":"summary_large_image","schema":{"@context":"https:\/\/schema.org","@graph":[{"@type":"WebPage","@id":"https:\/\/www.hhglobal.com\/home-page\/","url":"https:\/\/www.hhglobal.com\/home-page\/","name":"Home Page - HH Global","isPartOf":{"@id":"https:\/\/www.hhglobal.com\/fr\/#website"},"datePublished":"2025-10-07T09:25:23+00:00","dateModified":"2026-01-05T16:41:00+00:00","breadcrumb":{"@id":"https:\/\/www.hhglobal.com\/home-page\/#breadcrumb"},"inLanguage":"fr-FR","potentialAction":[{"@type":"ReadAction","target":["https:\/\/www.hhglobal.com\/home-page\/"]}]},{"@type":"BreadcrumbList","@id":"https:\/\/www.hhglobal.com\/home-page\/#breadcrumb","itemListElement":[{"@type":"ListItem","position":1,"name":"Home","item":"https:\/\/www.hhglobal.com\/fr\/"},{"@type":"ListItem","position":2,"name":"Home Page"}]},{"@type":"WebSite","@id":"https:\/\/www.hhglobal.com\/fr\/#website","url":"https:\/\/www.hhglobal.com\/fr\/","name":"HH Global","description":"The global, tech-enabled creative production and procurement partner.","publisher":{"@id":"https:\/\/www.hhglobal.com\/fr\/#organization"},"potentialAction":[{"@type":"SearchAction","target":{"@type":"EntryPoint","urlTemplate":"https:\/\/www.hhglobal.com\/fr\/?s={search_term_string}"},"query-input":{"@type":"PropertyValueSpecification","valueRequired":true,"valueName":"search_term_string"}}],"inLanguage":"fr-FR"},{"@type":"Organization","@id":"https:\/\/www.hhglobal.com\/fr\/#organization","name":"HH Global","url":"https:\/\/www.hhglobal.com\/fr\/","logo":{"@type":"ImageObject","inLanguage":"fr-FR","@id":"https:\/\/www.hhglobal.com\/fr\/#\/schema\/logo\/image\/","url":"https:\/\/www.hhglobal.com\/wp-content\/uploads\/2023\/12\/logo-white.svg","contentUrl":"https:\/\/www.hhglobal.com\/wp-content\/uploads\/2023\/12\/logo-white.svg","width":77,"height":18,"caption":"HH Global"},"image":{"@id":"https:\/\/www.hhglobal.com\/fr\/#\/schema\/logo\/image\/"}}]}},"_links":{"self":[{"href":"https:\/\/www.hhglobal.com\/fr\/wp-json\/wp\/v2\/pages\/24667","targetHints":{"allow":["GET"]}}],"collection":[{"href":"https:\/\/www.hhglobal.com\/fr\/wp-json\/wp\/v2\/pages"}],"about":[{"href":"https:\/\/www.hhglobal.com\/fr\/wp-json\/wp\/v2\/types\/page"}],"author":[{"embeddable":true,"href":"https:\/\/www.hhglobal.com\/fr\/wp-json\/wp\/v2\/users\/41"}],"replies":[{"embeddable":true,"href":"https:\/\/www.hhglobal.com\/fr\/wp-json\/wp\/v2\/comments?post=24667"}],"version-history":[{"count":0,"href":"https:\/\/www.hhglobal.com\/fr\/wp-json\/wp\/v2\/pages\/24667\/revisions"}],"wp:attachment":[{"href":"https:\/\/www.hhglobal.com\/fr\/wp-json\/wp\/v2\/media?parent=24667"}],"curies":[{"name":"wp","href":"https:\/\/api.w.org\/{rel}","templated":true}]}}