{"id":12251,"date":"2023-10-04T14:40:28","date_gmt":"2023-10-04T14:40:28","guid":{"rendered":"https:\/\/decoupledhhg.wpengine.com\/conscious-creative\/"},"modified":"2024-02-02T15:52:33","modified_gmt":"2024-02-02T15:52:33","slug":"conscious-creative","status":"publish","type":"page","link":"https:\/\/www.hhglobal.com\/fr\/who-we-are\/conscious-creative\/","title":{"rendered":"Conscious Creative"},"content":{"rendered":"","protected":false},"excerpt":{"rendered":"","protected":false},"author":31,"featured_media":13339,"parent":0,"menu_order":0,"comment_status":"closed","ping_status":"closed","template":"","meta":{"_acf_changed":"","_yoast_wpseo_focuskw":"","_yoast_wpseo_metadesc":"","_yoast_wpseo_linkdex":"","_yoast_wpseo_content_score":"","_yoast_wpseo_meta-robots-noindex":"","_yoast_wpseo_meta-robots-nofollow":"","inline_featured_image":[],"_genesis_block_theme_hide_title":false,"_cms_nav_minihome":"","_icl_lang_duplicate_of":"","_menu_item_classes":[],"_menu_item_menu_item_parent":"","_menu_item_object":"","_menu_item_object_id":"","_menu_item_orphaned":"","_menu_item_target":"","_menu_item_type":"","_menu_item_url":"","_menu_item_xfn":"","_seedprod_page":"","_seedprod_page_template_type":"","_seedprod_page_uuid":"","_top_nav_excluded":"","_wp_attachment_backup_sizes":[],"_wp_attachment_context":"","_wp_attachment_image_alt":"","_wp_old_date":"","_wpcode_auto_insert":"","_wpcode_auto_insert_number":"","_wpcode_library_id":"","_wpml_media_duplicate":"1","_wpml_media_featured":"1","_wpml_post_translation_editor_native":"","_wpml_word_count":"{\"total\":433,\"to_translate\":{\"zh\":433,\"cs\":433,\"nl\":433,\"fr\":433,\"de\":433,\"it\":433,\"ja\":433,\"ko\":433,\"pt\":433,\"es\":433}}","_yoast_wpseo_estimated-reading-time-minutes":["0"],"_yoast_wpseo_primary_category":"","_yoast_wpseo_primary_industry":"","_yoast_wpseo_primary_solution":"","_yoast_wpseo_primary_the_author":"","_yoast_wpseo_wordproof_timestamp":"","acfml_non_translatable_locations":[],"career_externalLink":"","career_featuredImage":"","career_title":"","casestudy_featuredImage":"","casestudy_title":"","infocallout_excerpt":"","infocallout_featuredImage":"","infocallout_title":"","jobTitle":"","language":"","name":"","profilePicture":"","wp-smpro-smush-data":[],"wp-smush-animated":"","wp-smush-ignore-bulk":"","wp-smush-lossy":"","wpml_media_processed":"","_wpcode_conditional_logic_enabled":"","_wpcode_location_extra":"","_wpcode_note":"","_wpcode_priority":"","_wpcode_shortcode_attributes":[],"footnotes":""},"class_list":["post-12251","page","type-page","status-publish","has-post-thumbnail","hentry","post","with-featured-image"],"acf":{"page_title":"Conscious Creative | HH Global","page_description":"","social_title":"","social_description":"","social_share_image":null,"modules":[{"acf_fc_layout":"hero","size":"medium2","theme":"dark","choose_images":[{"image":9493}],"show_eyebrow":false,"eyebrow":"","title":"Conscious Creative","show_cta":false,"cta_url":"","cta_title":""},{"acf_fc_layout":"intro_content_block","scroll_to_link":"","container_background_color":"bg-white","type":false,"show_image":false,"intro_image":null,"show_background":false,"background":null,"show_eyebrow":false,"eyebrow":"","show_designations":false,"designations":null,"show_title":true,"size":"large","title":"Concevoir l\u2019avenir durablement","show_intro":true,"intro":"Il est primordial de d\u00e9fendre une conception durable pour une innovation cr\u00e9ative sans impact sur l\u2019environnement. En lan\u00e7ant <strong>Conscious Creative<\/strong>, nous nous engageons en faveur du marketing durable, de l\u2019id\u00e9ation \u00e0 la production, et au-del\u00e0. Nous y parvenons en&nbsp;:","show_body":false,"body":"","show_labels":false,"labels":{"show_social":false,"custom_categories":null}},{"acf_fc_layout":"content_block","container_background_color":"bg-white","show_header":false,"header":"","contents":[{"show_header_icon":true,"header_icon":9504,"show_header":false,"header":"","header_color":"primary-green-2","show_subheader":true,"subheader":"\u00c9valuant","description":"L\u2019\u00e9quipe cr\u00e9ative, le studio, la maturit\u00e9 ESG et les objectifs ODD, y compris une analyse sur site des pratiques de conception circulaire durables et des recommandations d\u2019am\u00e9lioration."},{"show_header_icon":true,"header_icon":9515,"show_header":false,"header":"Educating","header_color":"light-purple","show_subheader":true,"subheader":"\u00c9duquant","description":"Avec la suite de formations Conscious Creative et une palette de ressources pour promouvoir des pratiques durables\u00a0: apprentissage \u00e9lectronique, manuels des meilleures pratiques en mati\u00e8re d\u2019\u00e9ducation, ateliers de conception circulaire et autres ressources."},{"show_header_icon":true,"header_icon":9526,"show_header":false,"header":"","header_color":"primary-green-2","show_subheader":true,"subheader":"Donnant les moyens d\u2019agir","description":"La plateforme technologique Conscious Creative, la biblioth\u00e8que de mat\u00e9riaux, le calculateur des \u00e9missions de CO<sub>2<\/sub>, la technologie de tableaux de bord cr\u00e9atifs et la lab\u00e9lisation Conscious Creative."}]},{"acf_fc_layout":"text_with_media_carousel","scroll_to_link":"","theme":"light","container_background_color":"bg-grey","highlight_color":"purple","title":"Montrer la voie dans le domaine du marketing durable","content":"<strong>De la conception \u00e0 la fin de vie, nous nous effor\u00e7ons de minimiser l\u2019impact environnemental et social.<\/strong>\r\n\r\nNous \u00e9duquons, inspirons et favorisons des choix de mat\u00e9riaux et de fabrication responsables pour enclencher un changement transformateur.\r\n\r\nNotre expertise in\u00e9gal\u00e9e dans la mesure certifi\u00e9e des \u00e9missions de CO<sub>2<\/sub> garantit une conformit\u00e9 r\u00e9glementaire et une publication de l\u2019information fid\u00e8le et transparente.\r\n\r\nEn g\u00e9rant des cha\u00eenes d\u2019approvisionnement ayant fait l\u2019objet d\u2019un audit ESG, nous pr\u00e9venons les crises de r\u00e9putation, afin de cr\u00e9er une culture d\u2019excellence cr\u00e9ative \u00e9thique, tout en pr\u00f4nant des strat\u00e9gies z\u00e9ro d\u00e9chet.","additional_spacing":true,"features_title":"","features":[{"navigation_label":"\u00c9valuer + appr\u00e9cier","show_title":true,"title":"\u00c9valuer + appr\u00e9cier","show_subtitle":false,"subtitle":"","content":"<ul>\r\n \t<li><strong>Notre \u00e9valuation cr\u00e9ative sur site \u00e9tudie les capacit\u00e9s<\/strong> de conception durable et circulaire et propose des informations \u00e9clair\u00e9es sur des pratiques respectueuses de l\u2019environnement.<\/li>\r\n \t<li><strong>La plateforme ESG et durabilit\u00e9 \u00e9value les pratiques<\/strong> et les niveaux de maturit\u00e9, en s\u2019alignant sur les ODD des Nations unies pour mesurer les progr\u00e8s et les objectifs.<\/li>\r\n<\/ul>","choose_media":[{"image":9537}],"vimeoid":"","ytid":""},{"navigation_label":"\u00c9duquer + inspirer","show_title":true,"title":"\u00c9duquer + inspirer","show_subtitle":false,"subtitle":"","content":"<ul>\r\n \t<li>\u00a0<strong>La suite de formations Conscious Creative<\/strong> a \u00e9t\u00e9 cr\u00e9\u00e9e par des experts pour promouvoir une \u00e9ducation en mati\u00e8re de conception durable et une \u00e9conomie circulaire.<\/li>\r\n \t<li><strong>Des modules de formation et d\u2019apprentissage \u00e9lectronique certifi\u00e9s<\/strong> proposent des cours accr\u00e9dit\u00e9s et des supports d\u2019apprentissage en ligne pour une formation et des connaissances de qualit\u00e9.<\/li>\r\n \t<li><strong>Nous proposons des manuels des meilleures pratiques<\/strong> concis et des guides complets d\u00e9crivant les strat\u00e9gies les plus efficaces pour atteindre les objectifs vis\u00e9s.<\/li>\r\n \t<li><strong>Nos ateliers de conception circulaire<\/strong> explorent comment cr\u00e9er des syst\u00e8mes et des produits qui s\u2019\u00e9cartent des mod\u00e8les lin\u00e9aires du \u00ab\u00a0take, make, dispose\u00a0\u00bb (extraction, fabrication, d\u00e9chets) pour adopter des m\u00e9thodes plus innovantes et durables.<\/li>\r\n<\/ul>","choose_media":[{"image":9548}],"vimeoid":"","ytid":""},{"navigation_label":"Donner les moyens d\u2019agir + mesurer","show_title":true,"title":"Donner les moyens d\u2019agir + mesurer","show_subtitle":false,"subtitle":"","content":"<ul>\r\n \t<li><strong>Plateforme Conscious Creative<\/strong>. Une suite technologique avanc\u00e9e qui propose une vaste biblioth\u00e8que de mat\u00e9riaux, des mod\u00e8les de calcul des \u00e9missions de CO<sub>2<\/sub>, ainsi que la g\u00e9n\u00e9ration de tableaux de bord et de labels de conception.<\/li>\r\n \t<li><strong>La biblioth\u00e8que de mat\u00e9riaux<\/strong> contient un large \u00e9ventail de mat\u00e9riaux sans impact sur l\u2019environnement. Elle est avant tout destin\u00e9e aux cr\u00e9ateurs \u00e0 la recherche d\u2019options respectueuses de l\u2019environnement pour leurs projets.<\/li>\r\n \t<li><strong>Un calculateur des \u00e9missions de CO<sub>2<\/sub><\/strong> qui compare l\u2019impact environnemental des mat\u00e9riaux et des substrats d\u2019apr\u00e8s leur empreinte carbone et apporte de pr\u00e9cieux \u00e9clairages pour faciliter un choix de mat\u00e9riaux encourageant une conception et une fabrication durables.<\/li>\r\n \t<li><strong>La lab\u00e9lisation de la durabilit\u00e9 du processus de cr\u00e9ation \u00e0 travers l\u2019\u00e9valuation des mat\u00e9riaux<\/strong>, des \u00e9l\u00e9ments de conception, du profil de risque g\u00e9ographique et des niveaux moyens de maturit\u00e9 de la durabilit\u00e9 de la cha\u00eene d\u2019approvisionnement, ainsi que des facteurs propres au pays, comme l\u2019infrastructure des capacit\u00e9s de production, le profilage et la modularit\u00e9 \u00e9nerg\u00e9tiques r\u00e9gionaux, la recyclabilit\u00e9, la circularit\u00e9 et l\u2019action sociale.<\/li>\r\n \t<li><strong>Des tableaux de bord de durabilit\u00e9<\/strong> qui \u00e9valuent la m\u00e9thodologie sur six \u00e9tapes du cycle de vie. Pr\u00e9sent\u00e9s parall\u00e8lement \u00e0 des estimations des \u00e9missions de carbone pour faciliter une prise de d\u00e9cisions \u00e9clair\u00e9es et des scores indicatifs pour la s\u00e9lection des fournisseurs. Faisant l\u2019objet d\u2019une surveillance r\u00e9trospective pour obtenir des \u00e9clairages et attester d\u2019une am\u00e9lioration continue.<\/li>\r\n \t<li><strong>Une conceptualisation virtuelle<\/strong> qui utilise des tableaux de bord et des mesures de lab\u00e9lisation pour cr\u00e9er des visuels, mais \u00e9galement pour \u00e9valuer les performances et la durabilit\u00e9 des concepts en vue d\u2019une prise de d\u00e9cisions plus \u00e9clair\u00e9es.<\/li>\r\n<\/ul>","choose_media":[{"image":9559}],"vimeoid":"","ytid":""}]},{"acf_fc_layout":"text_with_media","scroll_to_link":"","theme":"light","container_background_color":"bg-white","show_eyebrow":false,"eyebrow":"","show_title":false,"title":"","show_sub_title":true,"sub_title":"Nous adoptons une r\u00e9flexion de conception circulaire pour cr\u00e9er des produits et des syst\u00e8mes tenant compte de l\u2019ensemble de leur cycle de vie, en aspirant \u00e0 une durabilit\u00e9 et \u00e0 une r\u00e9duction des d\u00e9chets.","content":"","cta_url":"","cta_text":"","open_in_new_window":false,"choose_media":[{"image":9570}],"image_alignment":"right","image_fit":"cover","image_size":"half-width","vimeoid":"","ytid":""},{"acf_fc_layout":"text_with_media","scroll_to_link":"","theme":"light","container_background_color":"bg-grey","show_eyebrow":false,"eyebrow":"","show_title":false,"title":"","show_sub_title":true,"sub_title":"Avoir un maximum d\u2019impact, avec une empreinte r\u00e9duite.","content":"Nous favorisons l\u2019utilisation de mat\u00e9riaux et d\u2019une production \u00e9thiques pour des conceptions novatrices qui trouvent un \u00e9cho chez les consommateurs sensibilis\u00e9s aux probl\u00e8mes de l\u2019environnement. Des m\u00e9thodes de travail responsables et inventives qui inspirent des id\u00e9es cr\u00e9atives et jouent un r\u00f4le primordial dans la cr\u00e9ation d\u2019une soci\u00e9t\u00e9 et d\u2019une plan\u00e8te florissantes.","cta_url":"","cta_text":"","open_in_new_window":false,"choose_media":[{"image":9581}],"image_alignment":"left","image_fit":"cover","image_size":"half-width","vimeoid":"","ytid":""},{"acf_fc_layout":"clients_awards","title":" Ouvrir la voie en nouant des partenariats porteurs","logos":[{"logo":7497},{"logo":7498},{"logo":7499},{"logo":7500},{"logo":7501},{"logo":9592},{"logo":9603},{"logo":9669},{"logo":9658},{"logo":9647},{"logo":9636},{"logo":9625},{"logo":9614},{"logo":9713},{"logo":9702},{"logo":9691},{"logo":9680},{"logo":7368},{"logo":9724},{"logo":7561},{"logo":7356},{"logo":9735}]},{"acf_fc_layout":"contact_form","scroll_to_link":"","title":"Nous contacter"}]},"yoast_head":"<!-- This site is optimized with the Yoast SEO plugin v27.4 - https:\/\/yoast.com\/product\/yoast-seo-wordpress\/ -->\n<title>Conscious Creative - HH Global<\/title>\n<meta name=\"robots\" content=\"index, follow, max-snippet:-1, max-image-preview:large, max-video-preview:-1\" \/>\n<link rel=\"canonical\" href=\"https:\/\/www.hhglobal.com\/fr\/who-we-are\/conscious-creative\/\" \/>\n<meta property=\"og:locale\" content=\"fr_FR\" \/>\n<meta property=\"og:type\" content=\"article\" \/>\n<meta property=\"og:title\" content=\"Conscious Creative - HH Global\" \/>\n<meta property=\"og:url\" content=\"https:\/\/www.hhglobal.com\/fr\/who-we-are\/conscious-creative\/\" \/>\n<meta property=\"og:site_name\" content=\"HH Global\" \/>\n<meta property=\"article:modified_time\" content=\"2024-02-02T15:52:33+00:00\" \/>\n<meta name=\"twitter:card\" content=\"summary_large_image\" \/>\n<script type=\"application\/ld+json\" class=\"yoast-schema-graph\">{\"@context\":\"https:\\\/\\\/schema.org\",\"@graph\":[{\"@type\":\"WebPage\",\"@id\":\"https:\\\/\\\/www.hhglobal.com\\\/fr\\\/who-we-are\\\/conscious-creative\\\/\",\"url\":\"https:\\\/\\\/www.hhglobal.com\\\/fr\\\/who-we-are\\\/conscious-creative\\\/\",\"name\":\"Conscious Creative - HH Global\",\"isPartOf\":{\"@id\":\"https:\\\/\\\/www.hhglobal.com\\\/fr\\\/#website\"},\"primaryImageOfPage\":{\"@id\":\"https:\\\/\\\/www.hhglobal.com\\\/fr\\\/who-we-are\\\/conscious-creative\\\/#primaryimage\"},\"image\":{\"@id\":\"https:\\\/\\\/www.hhglobal.com\\\/fr\\\/who-we-are\\\/conscious-creative\\\/#primaryimage\"},\"thumbnailUrl\":\"https:\\\/\\\/www.hhglobal.com\\\/wp-content\\\/uploads\\\/2024\\\/02\\\/1_ConsciousCreative.jpg\",\"datePublished\":\"2023-10-04T14:40:28+00:00\",\"dateModified\":\"2024-02-02T15:52:33+00:00\",\"breadcrumb\":{\"@id\":\"https:\\\/\\\/www.hhglobal.com\\\/fr\\\/who-we-are\\\/conscious-creative\\\/#breadcrumb\"},\"inLanguage\":\"fr-FR\",\"potentialAction\":[{\"@type\":\"ReadAction\",\"target\":[\"https:\\\/\\\/www.hhglobal.com\\\/fr\\\/who-we-are\\\/conscious-creative\\\/\"]}]},{\"@type\":\"ImageObject\",\"inLanguage\":\"fr-FR\",\"@id\":\"https:\\\/\\\/www.hhglobal.com\\\/fr\\\/who-we-are\\\/conscious-creative\\\/#primaryimage\",\"url\":\"https:\\\/\\\/www.hhglobal.com\\\/wp-content\\\/uploads\\\/2024\\\/02\\\/1_ConsciousCreative.jpg\",\"contentUrl\":\"https:\\\/\\\/www.hhglobal.com\\\/wp-content\\\/uploads\\\/2024\\\/02\\\/1_ConsciousCreative.jpg\",\"width\":1811,\"height\":1080},{\"@type\":\"BreadcrumbList\",\"@id\":\"https:\\\/\\\/www.hhglobal.com\\\/fr\\\/who-we-are\\\/conscious-creative\\\/#breadcrumb\",\"itemListElement\":[{\"@type\":\"ListItem\",\"position\":1,\"name\":\"Home\",\"item\":\"https:\\\/\\\/www.hhglobal.com\\\/fr\\\/\"},{\"@type\":\"ListItem\",\"position\":2,\"name\":\"Conscious Creative\"}]},{\"@type\":\"WebSite\",\"@id\":\"https:\\\/\\\/www.hhglobal.com\\\/fr\\\/#website\",\"url\":\"https:\\\/\\\/www.hhglobal.com\\\/fr\\\/\",\"name\":\"HH Global\",\"description\":\"The global, tech-enabled creative production and procurement partner.\",\"publisher\":{\"@id\":\"https:\\\/\\\/www.hhglobal.com\\\/fr\\\/#organization\"},\"potentialAction\":[{\"@type\":\"SearchAction\",\"target\":{\"@type\":\"EntryPoint\",\"urlTemplate\":\"https:\\\/\\\/www.hhglobal.com\\\/fr\\\/?s={search_term_string}\"},\"query-input\":{\"@type\":\"PropertyValueSpecification\",\"valueRequired\":true,\"valueName\":\"search_term_string\"}}],\"inLanguage\":\"fr-FR\"},{\"@type\":\"Organization\",\"@id\":\"https:\\\/\\\/www.hhglobal.com\\\/fr\\\/#organization\",\"name\":\"HH Global\",\"url\":\"https:\\\/\\\/www.hhglobal.com\\\/fr\\\/\",\"logo\":{\"@type\":\"ImageObject\",\"inLanguage\":\"fr-FR\",\"@id\":\"https:\\\/\\\/www.hhglobal.com\\\/fr\\\/#\\\/schema\\\/logo\\\/image\\\/\",\"url\":\"https:\\\/\\\/www.hhglobal.com\\\/wp-content\\\/uploads\\\/2023\\\/12\\\/logo-white.svg\",\"contentUrl\":\"https:\\\/\\\/www.hhglobal.com\\\/wp-content\\\/uploads\\\/2023\\\/12\\\/logo-white.svg\",\"width\":77,\"height\":18,\"caption\":\"HH Global\"},\"image\":{\"@id\":\"https:\\\/\\\/www.hhglobal.com\\\/fr\\\/#\\\/schema\\\/logo\\\/image\\\/\"}}]}<\/script>\n<!-- \/ Yoast SEO plugin. -->","yoast_head_json":{"title":"Conscious Creative - HH Global","robots":{"index":"index","follow":"follow","max-snippet":"max-snippet:-1","max-image-preview":"max-image-preview:large","max-video-preview":"max-video-preview:-1"},"canonical":"https:\/\/www.hhglobal.com\/fr\/who-we-are\/conscious-creative\/","og_locale":"fr_FR","og_type":"article","og_title":"Conscious Creative - HH Global","og_url":"https:\/\/www.hhglobal.com\/fr\/who-we-are\/conscious-creative\/","og_site_name":"HH Global","article_modified_time":"2024-02-02T15:52:33+00:00","twitter_card":"summary_large_image","schema":{"@context":"https:\/\/schema.org","@graph":[{"@type":"WebPage","@id":"https:\/\/www.hhglobal.com\/fr\/who-we-are\/conscious-creative\/","url":"https:\/\/www.hhglobal.com\/fr\/who-we-are\/conscious-creative\/","name":"Conscious Creative - HH Global","isPartOf":{"@id":"https:\/\/www.hhglobal.com\/fr\/#website"},"primaryImageOfPage":{"@id":"https:\/\/www.hhglobal.com\/fr\/who-we-are\/conscious-creative\/#primaryimage"},"image":{"@id":"https:\/\/www.hhglobal.com\/fr\/who-we-are\/conscious-creative\/#primaryimage"},"thumbnailUrl":"https:\/\/www.hhglobal.com\/wp-content\/uploads\/2024\/02\/1_ConsciousCreative.jpg","datePublished":"2023-10-04T14:40:28+00:00","dateModified":"2024-02-02T15:52:33+00:00","breadcrumb":{"@id":"https:\/\/www.hhglobal.com\/fr\/who-we-are\/conscious-creative\/#breadcrumb"},"inLanguage":"fr-FR","potentialAction":[{"@type":"ReadAction","target":["https:\/\/www.hhglobal.com\/fr\/who-we-are\/conscious-creative\/"]}]},{"@type":"ImageObject","inLanguage":"fr-FR","@id":"https:\/\/www.hhglobal.com\/fr\/who-we-are\/conscious-creative\/#primaryimage","url":"https:\/\/www.hhglobal.com\/wp-content\/uploads\/2024\/02\/1_ConsciousCreative.jpg","contentUrl":"https:\/\/www.hhglobal.com\/wp-content\/uploads\/2024\/02\/1_ConsciousCreative.jpg","width":1811,"height":1080},{"@type":"BreadcrumbList","@id":"https:\/\/www.hhglobal.com\/fr\/who-we-are\/conscious-creative\/#breadcrumb","itemListElement":[{"@type":"ListItem","position":1,"name":"Home","item":"https:\/\/www.hhglobal.com\/fr\/"},{"@type":"ListItem","position":2,"name":"Conscious Creative"}]},{"@type":"WebSite","@id":"https:\/\/www.hhglobal.com\/fr\/#website","url":"https:\/\/www.hhglobal.com\/fr\/","name":"HH Global","description":"The global, tech-enabled creative production and procurement partner.","publisher":{"@id":"https:\/\/www.hhglobal.com\/fr\/#organization"},"potentialAction":[{"@type":"SearchAction","target":{"@type":"EntryPoint","urlTemplate":"https:\/\/www.hhglobal.com\/fr\/?s={search_term_string}"},"query-input":{"@type":"PropertyValueSpecification","valueRequired":true,"valueName":"search_term_string"}}],"inLanguage":"fr-FR"},{"@type":"Organization","@id":"https:\/\/www.hhglobal.com\/fr\/#organization","name":"HH Global","url":"https:\/\/www.hhglobal.com\/fr\/","logo":{"@type":"ImageObject","inLanguage":"fr-FR","@id":"https:\/\/www.hhglobal.com\/fr\/#\/schema\/logo\/image\/","url":"https:\/\/www.hhglobal.com\/wp-content\/uploads\/2023\/12\/logo-white.svg","contentUrl":"https:\/\/www.hhglobal.com\/wp-content\/uploads\/2023\/12\/logo-white.svg","width":77,"height":18,"caption":"HH Global"},"image":{"@id":"https:\/\/www.hhglobal.com\/fr\/#\/schema\/logo\/image\/"}}]}},"_links":{"self":[{"href":"https:\/\/www.hhglobal.com\/fr\/wp-json\/wp\/v2\/pages\/12251","targetHints":{"allow":["GET"]}}],"collection":[{"href":"https:\/\/www.hhglobal.com\/fr\/wp-json\/wp\/v2\/pages"}],"about":[{"href":"https:\/\/www.hhglobal.com\/fr\/wp-json\/wp\/v2\/types\/page"}],"author":[{"embeddable":true,"href":"https:\/\/www.hhglobal.com\/fr\/wp-json\/wp\/v2\/users\/31"}],"replies":[{"embeddable":true,"href":"https:\/\/www.hhglobal.com\/fr\/wp-json\/wp\/v2\/comments?post=12251"}],"version-history":[{"count":0,"href":"https:\/\/www.hhglobal.com\/fr\/wp-json\/wp\/v2\/pages\/12251\/revisions"}],"wp:featuredmedia":[{"embeddable":true,"href":"https:\/\/www.hhglobal.com\/fr\/wp-json\/wp\/v2\/media\/13339"}],"wp:attachment":[{"href":"https:\/\/www.hhglobal.com\/fr\/wp-json\/wp\/v2\/media?parent=12251"}],"curies":[{"name":"wp","href":"https:\/\/api.w.org\/{rel}","templated":true}]}}