{"id":12117,"date":"2023-10-04T15:26:13","date_gmt":"2023-10-04T15:26:13","guid":{"rendered":"https:\/\/decoupledhhg.wpengine.com\/sustainable-growth\/"},"modified":"2023-12-01T13:37:09","modified_gmt":"2023-12-01T13:37:09","slug":"sustainable-growth","status":"publish","type":"page","link":"https:\/\/www.hhglobal.com\/fr\/who-we-are\/sustainable-growth\/","title":{"rendered":"Une croissance durable"},"content":{"rendered":"","protected":false},"excerpt":{"rendered":"","protected":false},"author":31,"featured_media":23131,"parent":0,"menu_order":0,"comment_status":"closed","ping_status":"closed","template":"","meta":{"_acf_changed":"","_yoast_wpseo_focuskw":"","_yoast_wpseo_metadesc":"","_yoast_wpseo_linkdex":"","_yoast_wpseo_content_score":"","_yoast_wpseo_meta-robots-noindex":"","_yoast_wpseo_meta-robots-nofollow":"","inline_featured_image":[],"_genesis_block_theme_hide_title":false,"_cms_nav_minihome":"","_icl_lang_duplicate_of":"","_menu_item_classes":[],"_menu_item_menu_item_parent":"","_menu_item_object":"","_menu_item_object_id":"","_menu_item_orphaned":"","_menu_item_target":"","_menu_item_type":"","_menu_item_url":"","_menu_item_xfn":"","_seedprod_page":"","_seedprod_page_template_type":"","_seedprod_page_uuid":"","_top_nav_excluded":"","_wp_attachment_backup_sizes":[],"_wp_attachment_context":"","_wp_attachment_image_alt":"","_wp_old_date":"","_wpcode_auto_insert":"","_wpcode_auto_insert_number":"","_wpcode_library_id":"","_wpml_media_duplicate":"1","_wpml_media_featured":"1","_wpml_post_translation_editor_native":"","_wpml_word_count":"{\"total\":595,\"to_translate\":{\"zh\":595,\"zh-hans\":595,\"cs\":595,\"nl\":595,\"fr\":595,\"de\":595,\"it\":595,\"ja\":595,\"ko\":595,\"pt\":595,\"pt-br\":595,\"es\":595}}","_yoast_wpseo_estimated-reading-time-minutes":[],"_yoast_wpseo_primary_category":"","_yoast_wpseo_primary_industry":"","_yoast_wpseo_primary_solution":"","_yoast_wpseo_primary_the_author":"","_yoast_wpseo_wordproof_timestamp":"","acfml_non_translatable_locations":[],"career_externalLink":"","career_featuredImage":"","career_title":"","casestudy_featuredImage":"","casestudy_title":"","infocallout_excerpt":"","infocallout_featuredImage":"","infocallout_title":"","jobTitle":"","language":"","name":"","profilePicture":"","wp-smpro-smush-data":[],"wp-smush-animated":"","wp-smush-ignore-bulk":"","wp-smush-lossy":"","wpml_media_processed":"","_wpcode_conditional_logic_enabled":"","_wpcode_location_extra":"","_wpcode_note":"","_wpcode_priority":"","_wpcode_shortcode_attributes":[],"footnotes":""},"class_list":["post-12117","page","type-page","status-publish","has-post-thumbnail","hentry","post","with-featured-image"],"acf":{"page_title":"Une croissance durable | HH Global","page_description":"","social_title":"","social_description":"","social_share_image":null,"modules":[{"acf_fc_layout":"hero","size":"medium2","theme":"dark","choose_images":[{"image":9870}],"show_eyebrow":false,"eyebrow":"","title":"Une croissance durable","show_cta":false,"cta_url":"","cta_title":""},{"acf_fc_layout":"text_with_media_carousel","theme":"light","container_background_color":"bg-white","highlight_color":"purple","title":"Donner du pouvoir aux marques gr\u00e2ce \u00e0 un marketing durable","content":"Face \u00e0 la crise climatique qui nous touche tous, la durabilit\u00e9 doit \u00eatre le moteur d\u2019un changement constructif.\r\n\r\nHH Global est \u00e0 la pointe du marketing durable, en donnant aux marques les moyens d\u2019agir pour avoir un impact majeur, tout en r\u00e9duisant leur empreinte environnementale.","additional_spacing":true,"features_title":"","features":[{"navigation_label":"Concevoir pour un avenir durable","show_title":true,"title":"Concevoir pour un avenir durable","show_subtitle":false,"subtitle":"","content":"Nous collaborons avec les marques pour changer les modes de pens\u00e9e en mati\u00e8re de conception et d\u2019ex\u00e9cution du marketing physique. En rapprochant concepteurs et fabricants, nos services permettent une prise de d\u00e9cisions \u00e9clair\u00e9es, dotant les entreprises des connaissances et des outils dont elles ont besoin pour explorer les opportunit\u00e9s prometteuses que peuvent offrir des pratiques plus durables.\r\n\r\nGr\u00e2ce \u00e0 Conscious Creative, nous optimisons la durabilit\u00e9 du marketing au sein du processus de conception, de l\u2019id\u00e9ation \u00e0 l\u2019ach\u00e8vement.\r\n\r\n<a style=\"margin-top: 15px; display: inline-flex; align-items: center; height: 54px; padding-left: 18px; padding-right: 18px; border-radius: 4px; font-size: 16px; line-height: 16px; color: #000000; background-color: #aeff24; text-decoration: none; font-weight: 400;\" href=\"\/fr\/who-we-are\/conscious-creative\/\">En savoir plus<\/a>","choose_media":[{"image":9881}],"vimeoid":"","ytid":""},{"navigation_label":"Des outils puissants pour enclencher le changement","show_title":true,"title":"Des outils puissants pour enclencher le changement","show_subtitle":false,"subtitle":"","content":"\u00c0 l\u2019aide de solutions technologiques avanc\u00e9es et d\u2019informations \u00e9clair\u00e9es fond\u00e9es sur les donn\u00e9es, nous donnons aux clients et aux partenaires strat\u00e9giques les moyens d\u2019agir. Nos outils de pointe exclusifs boostent l\u2019efficience op\u00e9rationnelle et les r\u00e9sultats.\r\n\r\nNous nous focalisons sur les besoins des clients, assurons un suivi des d\u00e9penses, \u00e9valuons les \u00e9missions de CO<sub>2<\/sub> et mesurons les performances en vue d\u2019une am\u00e9lioration continue, puis exploitons des donn\u00e9es probantes pour jouer un r\u00f4le f\u00e9d\u00e9rateur pour une extensibilit\u00e9 rapide, une fonctionnalit\u00e9 optimis\u00e9e et une croissance transformatrice, tout en r\u00e9duisant les d\u00e9chets.","choose_media":[{"image":9892}],"vimeoid":"","ytid":""},{"navigation_label":"Un approvisionnement \u00e9thique","show_title":true,"title":"Un approvisionnement \u00e9thique","show_subtitle":false,"subtitle":"","content":"Nos programmes d\u2019approvisionnement personnalis\u00e9s r\u00e9duisent le risque et optimisent les cha\u00eenes d\u2019approvisionnement. Nous excellons dans le domaine de l\u2019approvisionnement en mat\u00e9riaux durables et de la fabrication responsable, et conduisons des audits des cha\u00eenes d\u2019approvisionnement.\r\n\r\nEn r\u00e9duisant l\u2019impact environnemental et social, HH Global fait appel \u00e0 son expertise pour aider les clients \u00e0 aligner leurs valeurs sur les meilleures pratiques en mati\u00e8re d\u2019approvisionnement.\r\n\r\n<a style=\"margin-top: 15px; display: inline-flex; align-items: center; height: 54px; padding-left: 18px; padding-right: 18px; border-radius: 4px; font-size: 16px; line-height: 16px; color: #000000; background-color: #aeff24; text-decoration: none; font-weight: 400;\" href=\"\/fr\/who-we-are\/inspiring-solutions\/\">En savoir plus<\/a>","choose_media":[{"image":9903}],"vimeoid":"","ytid":""},{"navigation_label":"G\u00e9rer l\u2019empreinte carbone","show_title":true,"title":"G\u00e9rer l\u2019empreinte carbone","show_subtitle":false,"subtitle":"","content":"Nous proposons des m\u00e9thodes innovantes pour mesurer et certifier les \u00e9missions de CO<sub>2<\/sub>.\r\n\r\n<strong>Des solutions z\u00e9ro d\u00e9chet<\/strong>\r\n\r\nLes strat\u00e9gies de HH Global aident les marques \u00e0 r\u00e9duire leur empreinte \u00e9cologique. En ciblant des solutions z\u00e9ro d\u00e9chet et en encourageant une consommation circulaire, nous permettons aux marques de faire de la durabilit\u00e9 une partie int\u00e9grante de leurs activit\u00e9s.","choose_media":[{"image":9914}],"vimeoid":"","ytid":""}]},{"acf_fc_layout":"text_with_media_carousel","theme":"light","container_background_color":"bg-grey","highlight_color":"purple","title":"Normes de durabilit\u00e9","content":"Nous r\u00e9pondons sans faille aux normes environnementales, sociales et de gouvernance les plus rigoureuses.","additional_spacing":true,"features_title":"","features":[{"navigation_label":"ESG","show_title":true,"title":"ESG","show_subtitle":false,"subtitle":"","content":"La publication d\u2019informations environnementales, sociales et de gouvernance (ESG) n\u2019est plus facultative pour les grandes entreprises. Les mesures de durabilit\u00e9 font d\u00e9sormais partie int\u00e9grante des rapports annuels, afin de garantir une transparence et une obligation de rendre compte pour les consommateurs et les investisseurs. La mesure de la responsabilit\u00e9 d\u2019entreprise est la nouvelle normalit\u00e9.","choose_media":[{"image":9925}],"vimeoid":"","ytid":""},{"navigation_label":"CSRD","show_title":true,"title":"CSRD","show_subtitle":false,"subtitle":"","content":"L\u2019Union europ\u00e9enne a introduit la Directive sur la publication d\u2019informations en mati\u00e8re de durabilit\u00e9 par les entreprises (CSRD), qui exige des rapports d\u00e9taill\u00e9s pour les soci\u00e9t\u00e9s de l\u2019UE et les soci\u00e9t\u00e9s non-membres de l\u2019UE atteignant certains seuils de chiffre d\u2019affaires net au sein de l\u2019UE, ainsi que les soci\u00e9t\u00e9s dont les valeurs mobili\u00e8res sont cot\u00e9es sur des march\u00e9s r\u00e9glement\u00e9s de l\u2019UE.","choose_media":[{"image":9936}],"vimeoid":"","ytid":""},{"navigation_label":"Norme Z\u00e9ro \u00e9mission nette","show_title":true,"title":"Norme Z\u00e9ro \u00e9mission nette","show_subtitle":false,"subtitle":"","content":"Nous sommes la premi\u00e8re soci\u00e9t\u00e9 dans notre secteur, et parmi les premi\u00e8res entreprises au monde, \u00e0 avoir obtenu l\u2019approbation par la SBTi (initiative Science Based Targets) de nos objectifs Norme Z\u00e9ro \u00e9mission nette. En collaboration avec des partenaires mondiaux, nous nous sommes engag\u00e9s \u00e0 r\u00e9duire les \u00e9missions de gaz \u00e0 effet de serre de 50\u00a0% d\u2019ici 2030 et de 90\u00a0% d\u2019ici 2040.","choose_media":[{"image":9947}],"vimeoid":"","ytid":""},{"navigation_label":"TCFD","show_title":true,"title":"TCFD","show_subtitle":false,"subtitle":"","content":"Le Groupe de travail sur la publication d\u2019informations financi\u00e8res relatives au climat (TCFD) a \u00e9labor\u00e9 une s\u00e9rie de recommandations qui modifient la mani\u00e8re dont les entreprises g\u00e8rent les risques et les opportunit\u00e9s li\u00e9s au climat. Le gouvernement britannique est le premier pays du G20 \u00e0 rendre obligatoire une publication de l\u2019information align\u00e9e sur les recommandations du TCFD pour plus de 1\u00a0300\u00a0entreprises et \u00e9tablissements financiers immatricul\u00e9s au Royaume-Uni.\r\n\r\nPour de plus amples informations, rendez-vous sur\u00a0<a href=\"https:\/\/www.fsb-tcfd.org\/\">https:\/\/www.fsb-tcfd.org\/<\/a>.","choose_media":[{"image":9958}],"vimeoid":"","ytid":""},{"navigation_label":"ODD des Nations unie","show_title":true,"title":"ODD des Nations unie","show_subtitle":false,"subtitle":"","content":"Les objectifs de d\u00e9veloppement durable (ODD) des Nations unies visent \u00e0 promouvoir une action pour le climat, un d\u00e9veloppement durable, une \u00e9nergie propre et une consommation responsable\u00a0\u2013\u00a0tout en \u00e9radiquant les in\u00e9galit\u00e9s, la pauvret\u00e9 et la faim, dans le but de cr\u00e9er un monde environnementalement durable et \u00e9quitable pour tous.","choose_media":[{"image":9969}],"vimeoid":"","ytid":""},{"navigation_label":"ISO 14001","show_title":true,"title":"ISO 14001","show_subtitle":false,"subtitle":"","content":"L\u2019ISO 14001 est une norme internationale qui pr\u00e9cise la mani\u00e8re de prendre en consid\u00e9ration divers crit\u00e8res afin de r\u00e9duire l\u2019impact sur l\u2019environnement. Elle aide \u00e0 \u00e9valuer l\u2019approvisionnement, la distribution, le d\u00e9veloppement produit, les interventions en cas d\u2019urgence, les attentes des clients, les parties prenantes et les relations avec la communaut\u00e9 locale.\r\n\r\nPour de plus amples informations, <a href=\"https:\/\/www.bsigroup.com\/en-gb\/iso-14001-environmental-management\/\" target=\"_blank\" rel=\"noopener\">cliquez ici<\/a>.","choose_media":[{"image":9980}],"vimeoid":"","ytid":""},{"navigation_label":"EcoVadis","show_title":true,"title":"EcoVadis","show_subtitle":false,"subtitle":"","content":"EcoVadis est une plateforme de notation de la durabilit\u00e9 des entreprises, largement reconnue \u00e0 travers le monde.\r\n\r\nElle facilite la gestion du risque et de la conformit\u00e9 ESG, afin d\u2019am\u00e9liorer les performances des entreprises en mati\u00e8re de durabilit\u00e9. HH Global est une entreprise r\u00e9compens\u00e9e de la m\u00e9daille d\u2019Or depuis plus de 5 ans.\r\n\r\nPour de plus amples informations, <a href=\"https:\/\/ecovadis.com\/\" target=\"_blank\" rel=\"noopener\">cliquez ici<\/a>.","choose_media":[{"image":9991}],"vimeoid":"","ytid":""}]},{"acf_fc_layout":"intro_content_block","container_background_color":"bg-white","type":false,"show_image":false,"intro_image":null,"show_background":false,"background":null,"show_eyebrow":false,"eyebrow":"","show_designations":false,"designations":null,"show_title":true,"size":"large","title":"","show_intro":false,"intro":"","show_body":false,"body":"","show_labels":false,"labels":{"show_social":false,"custom_categories":null}},{"acf_fc_layout":"simple_content_block","scroll_to_link":"","container_background_color":"bg-white","columns":1,"title_one":"","content_one":"","title_two":"","content_two":""},{"acf_fc_layout":"simple_content_block","scroll_to_link":"","container_background_color":"bg-white","columns":"2","title_one":"","content_one":"<img class=\"alignnone size-medium wp-image-12300\" src=\"https:\/\/decoupledhhg.wpengine.com\/wp-content\/uploads\/2023\/11\/1644910-French-300x90.png\" alt=\"\" width=\"300\" height=\"90\" \/>\r\n\r\n<strong>Travail d\u00e9cent et croissance \u00e9conomique<\/strong>\r\n\r\nDes conditions dignes, des salaires \u00e9quitables, une \u00e9quit\u00e9 et un respect des droits des salari\u00e9s sur le lieu de travail d\u2019ici 2025 garantiront que\u00a0:\r\n<ul>\r\n \t<li>les salari\u00e9s per\u00e7oivent un salaire minimum vital ; nous avons obtenu la confirmation d\u2019une politique de salaire minimum vital de tous nos fournisseurs de Niveau 1 (directs).*<\/li>\r\n \t<li>Tous nos fournisseurs de Niveau 1 (directs)* se sont align\u00e9s sur (ou ont l\u2019intention de satisfaire) nos normes environnementales et sociales.<\/li>\r\n \t<li>Tous nos fournisseurs de Niveau 1 (directs)* ont re\u00e7u des informations et orientations sur les Objectifs de d\u00e9veloppement durable\u00a0; 30\u00a0%\u00a0affichent leur soutien.<\/li>\r\n<\/ul>\r\n<em>*Fournisseurs repr\u00e9sentant 95\u00a0% des d\u00e9penses de HH Global.<\/em>","title_two":"","content_two":"<strong><img class=\"alignnone size-medium wp-image-12421\" src=\"https:\/\/decoupledhhg.wpengine.com\/wp-content\/uploads\/2023\/11\/1644910-French-1-300x90.png\" alt=\"\" width=\"300\" height=\"90\" \/><\/strong>\r\n\r\n<strong>R\u00e9duction des in\u00e9galit\u00e9s<\/strong>\r\n\r\nUne entreprise pr\u00f4nant la diversit\u00e9 et l\u2019inclusion qui refl\u00e8te les communaut\u00e9s au sein desquelles nous conduisons nos activit\u00e9s. Nous respectons les droits et l\u2019\u00e9galit\u00e9 des chances de chaque personne, sans consid\u00e9ration du genre, de l\u2019origine ethnique, des croyances religieuses, de l\u2019orientation sexuelle ou de l\u2019origine socio-\u00e9conomique. D\u2019ici 2025, nous\u00a0:\r\n<ul>\r\n \t<li>compterons une repr\u00e9sentation de la diversit\u00e9 de 30 % au sein de la direction de HH Global* (bas\u00e9e sur le sexe, l\u2019origine ethnique, l\u2019\u00e2ge et la g\u00e9n\u00e9ration).<\/li>\r\n \t<li>allouerons 15 % de nos d\u00e9penses annuelles \u00e0 des fournisseurs de petite taille et diversifi\u00e9s.<\/li>\r\n \t<li>assurerons que l\u2019ensemble de nos programmes de d\u00e9veloppement et de formation du personnel incluent des principes DE&amp;I et soient ex\u00e9cut\u00e9s par 100\u00a0% des salari\u00e9s.<\/li>\r\n<\/ul>\r\n<em>Conseil d\u2019administration du Groupe et \u00c9quipe de Direction r\u00e9gionale.<\/em>"},{"acf_fc_layout":"simple_content_block","scroll_to_link":"","container_background_color":"bg-white","columns":"2","title_one":"","content_one":"<strong><img class=\"alignnone size-medium wp-image-12542\" src=\"https:\/\/decoupledhhg.wpengine.com\/wp-content\/uploads\/2023\/11\/1644910-French-2-300x90.png\" alt=\"\" width=\"300\" height=\"90\" \/><\/strong>\r\n\r\n<strong>Consommation et production responsables<\/strong>\r\n\r\nGarantissent que les produits fassent l\u2019objet d\u2019un approvisionnement et d\u2019une production responsables, tout en pr\u00e9sentant \u00e9galement \u00e0 nos clients les alternatives les plus durables. D\u2019ici 2025, nous\u00a0:\r\n<ul>\r\n \t<li>augmenterons de 20 % l\u2019utilisation d\u2019un contenu recycl\u00e9 dans la production (par rapport au point de r\u00e9f\u00e9rence de 2021) en \u00e9duquant nos clients sur la disponibilit\u00e9 de solutions alternatives au plastique, comme les mat\u00e9riaux \u00e0 base de fibres de cellulose.<\/li>\r\n \t<li>fournirons \u00e0 l\u2019ensemble des clients des calculs de l\u2019impact environnemental \u00e0 l\u2019\u00e9tape du devis.<\/li>\r\n \t<li>\u00e9liminerons les plastiques \u00e0 usage unique au sein de nos propres bureaux.<\/li>\r\n<\/ul>","title_two":"","content_two":"<img class=\"alignnone size-medium wp-image-12652\" src=\"https:\/\/decoupledhhg.wpengine.com\/wp-content\/uploads\/2023\/11\/1644910-French-3-300x90.png\" alt=\"\" width=\"300\" height=\"90\" \/>\r\n\r\n<strong>Action pour le climat<\/strong>\r\n\r\nNous contribuons \u00e0 maintenir le r\u00e9chauffement climatique en dessous de 1,5\u00a0\u00b0C en r\u00e9duisant notre empreinte carbone et en atteignant des jalons principaux qui permettront de parvenir \u00e0 z\u00e9ro \u00e9mission nette.\r\n<ul>\r\n \t<li>Une \u00e9nergie 100 % renouvelable au sein de nos installations d\u2019ici 2025.<\/li>\r\n \t<li>Une r\u00e9duction des \u00e9missions de 50 % d\u2019ici 2030.*<\/li>\r\n \t<li>Une r\u00e9duction des \u00e9missions de 90 % d\u2019ici 2040.*<\/li>\r\n \t<li>Un investissement continu dans des solutions fond\u00e9es sur la nature.<\/li>\r\n \t<li>Une neutralisation des \u00e9missions de 10\u00a0% d\u2019ici 2040.<\/li>\r\n<\/ul>\r\n<em>* Par rapport \u00e0 un point de r\u00e9f\u00e9rence de l\u2019exercice 2022.<\/em>"},{"acf_fc_layout":"contact_form","title":"Get in touch"}]},"yoast_head":"<!-- This site is optimized with the Yoast SEO plugin v27.3 - https:\/\/yoast.com\/product\/yoast-seo-wordpress\/ -->\n<title>Une croissance durable - HH Global<\/title>\n<meta name=\"robots\" content=\"index, follow, max-snippet:-1, max-image-preview:large, max-video-preview:-1\" \/>\n<link rel=\"canonical\" href=\"https:\/\/www.hhglobal.com\/fr\/who-we-are\/sustainable-growth\/\" \/>\n<meta property=\"og:locale\" content=\"fr_FR\" \/>\n<meta property=\"og:type\" content=\"article\" \/>\n<meta property=\"og:title\" content=\"Une croissance durable - HH Global\" \/>\n<meta property=\"og:url\" content=\"https:\/\/www.hhglobal.com\/fr\/who-we-are\/sustainable-growth\/\" \/>\n<meta property=\"og:site_name\" content=\"HH Global\" \/>\n<meta property=\"article:modified_time\" content=\"2023-12-01T13:37:09+00:00\" \/>\n<meta name=\"twitter:card\" content=\"summary_large_image\" \/>\n<script type=\"application\/ld+json\" class=\"yoast-schema-graph\">{\"@context\":\"https:\\\/\\\/schema.org\",\"@graph\":[{\"@type\":\"WebPage\",\"@id\":\"https:\\\/\\\/www.hhglobal.com\\\/fr\\\/who-we-are\\\/sustainable-growth\\\/\",\"url\":\"https:\\\/\\\/www.hhglobal.com\\\/fr\\\/who-we-are\\\/sustainable-growth\\\/\",\"name\":\"Une croissance durable - HH Global\",\"isPartOf\":{\"@id\":\"https:\\\/\\\/www.hhglobal.com\\\/fr\\\/#website\"},\"primaryImageOfPage\":{\"@id\":\"https:\\\/\\\/www.hhglobal.com\\\/fr\\\/who-we-are\\\/sustainable-growth\\\/#primaryimage\"},\"image\":{\"@id\":\"https:\\\/\\\/www.hhglobal.com\\\/fr\\\/who-we-are\\\/sustainable-growth\\\/#primaryimage\"},\"thumbnailUrl\":\"https:\\\/\\\/www.hhglobal.com\\\/wp-content\\\/uploads\\\/2024\\\/09\\\/Sustainable-growth-social-image.png\",\"datePublished\":\"2023-10-04T15:26:13+00:00\",\"dateModified\":\"2023-12-01T13:37:09+00:00\",\"breadcrumb\":{\"@id\":\"https:\\\/\\\/www.hhglobal.com\\\/fr\\\/who-we-are\\\/sustainable-growth\\\/#breadcrumb\"},\"inLanguage\":\"fr-FR\",\"potentialAction\":[{\"@type\":\"ReadAction\",\"target\":[\"https:\\\/\\\/www.hhglobal.com\\\/fr\\\/who-we-are\\\/sustainable-growth\\\/\"]}]},{\"@type\":\"ImageObject\",\"inLanguage\":\"fr-FR\",\"@id\":\"https:\\\/\\\/www.hhglobal.com\\\/fr\\\/who-we-are\\\/sustainable-growth\\\/#primaryimage\",\"url\":\"https:\\\/\\\/www.hhglobal.com\\\/wp-content\\\/uploads\\\/2024\\\/09\\\/Sustainable-growth-social-image.png\",\"contentUrl\":\"https:\\\/\\\/www.hhglobal.com\\\/wp-content\\\/uploads\\\/2024\\\/09\\\/Sustainable-growth-social-image.png\",\"width\":10667,\"height\":7113},{\"@type\":\"BreadcrumbList\",\"@id\":\"https:\\\/\\\/www.hhglobal.com\\\/fr\\\/who-we-are\\\/sustainable-growth\\\/#breadcrumb\",\"itemListElement\":[{\"@type\":\"ListItem\",\"position\":1,\"name\":\"Home\",\"item\":\"https:\\\/\\\/www.hhglobal.com\\\/fr\\\/\"},{\"@type\":\"ListItem\",\"position\":2,\"name\":\"Une croissance durable\"}]},{\"@type\":\"WebSite\",\"@id\":\"https:\\\/\\\/www.hhglobal.com\\\/fr\\\/#website\",\"url\":\"https:\\\/\\\/www.hhglobal.com\\\/fr\\\/\",\"name\":\"HH Global\",\"description\":\"The global, tech-enabled creative production and procurement partner.\",\"publisher\":{\"@id\":\"https:\\\/\\\/www.hhglobal.com\\\/fr\\\/#organization\"},\"potentialAction\":[{\"@type\":\"SearchAction\",\"target\":{\"@type\":\"EntryPoint\",\"urlTemplate\":\"https:\\\/\\\/www.hhglobal.com\\\/fr\\\/?s={search_term_string}\"},\"query-input\":{\"@type\":\"PropertyValueSpecification\",\"valueRequired\":true,\"valueName\":\"search_term_string\"}}],\"inLanguage\":\"fr-FR\"},{\"@type\":\"Organization\",\"@id\":\"https:\\\/\\\/www.hhglobal.com\\\/fr\\\/#organization\",\"name\":\"HH Global\",\"url\":\"https:\\\/\\\/www.hhglobal.com\\\/fr\\\/\",\"logo\":{\"@type\":\"ImageObject\",\"inLanguage\":\"fr-FR\",\"@id\":\"https:\\\/\\\/www.hhglobal.com\\\/fr\\\/#\\\/schema\\\/logo\\\/image\\\/\",\"url\":\"https:\\\/\\\/www.hhglobal.com\\\/wp-content\\\/uploads\\\/2023\\\/12\\\/logo-white.svg\",\"contentUrl\":\"https:\\\/\\\/www.hhglobal.com\\\/wp-content\\\/uploads\\\/2023\\\/12\\\/logo-white.svg\",\"width\":77,\"height\":18,\"caption\":\"HH Global\"},\"image\":{\"@id\":\"https:\\\/\\\/www.hhglobal.com\\\/fr\\\/#\\\/schema\\\/logo\\\/image\\\/\"}}]}<\/script>\n<!-- \/ Yoast SEO plugin. -->","yoast_head_json":{"title":"Une croissance durable - HH Global","robots":{"index":"index","follow":"follow","max-snippet":"max-snippet:-1","max-image-preview":"max-image-preview:large","max-video-preview":"max-video-preview:-1"},"canonical":"https:\/\/www.hhglobal.com\/fr\/who-we-are\/sustainable-growth\/","og_locale":"fr_FR","og_type":"article","og_title":"Une croissance durable - HH Global","og_url":"https:\/\/www.hhglobal.com\/fr\/who-we-are\/sustainable-growth\/","og_site_name":"HH Global","article_modified_time":"2023-12-01T13:37:09+00:00","twitter_card":"summary_large_image","schema":{"@context":"https:\/\/schema.org","@graph":[{"@type":"WebPage","@id":"https:\/\/www.hhglobal.com\/fr\/who-we-are\/sustainable-growth\/","url":"https:\/\/www.hhglobal.com\/fr\/who-we-are\/sustainable-growth\/","name":"Une croissance durable - HH Global","isPartOf":{"@id":"https:\/\/www.hhglobal.com\/fr\/#website"},"primaryImageOfPage":{"@id":"https:\/\/www.hhglobal.com\/fr\/who-we-are\/sustainable-growth\/#primaryimage"},"image":{"@id":"https:\/\/www.hhglobal.com\/fr\/who-we-are\/sustainable-growth\/#primaryimage"},"thumbnailUrl":"https:\/\/www.hhglobal.com\/wp-content\/uploads\/2024\/09\/Sustainable-growth-social-image.png","datePublished":"2023-10-04T15:26:13+00:00","dateModified":"2023-12-01T13:37:09+00:00","breadcrumb":{"@id":"https:\/\/www.hhglobal.com\/fr\/who-we-are\/sustainable-growth\/#breadcrumb"},"inLanguage":"fr-FR","potentialAction":[{"@type":"ReadAction","target":["https:\/\/www.hhglobal.com\/fr\/who-we-are\/sustainable-growth\/"]}]},{"@type":"ImageObject","inLanguage":"fr-FR","@id":"https:\/\/www.hhglobal.com\/fr\/who-we-are\/sustainable-growth\/#primaryimage","url":"https:\/\/www.hhglobal.com\/wp-content\/uploads\/2024\/09\/Sustainable-growth-social-image.png","contentUrl":"https:\/\/www.hhglobal.com\/wp-content\/uploads\/2024\/09\/Sustainable-growth-social-image.png","width":10667,"height":7113},{"@type":"BreadcrumbList","@id":"https:\/\/www.hhglobal.com\/fr\/who-we-are\/sustainable-growth\/#breadcrumb","itemListElement":[{"@type":"ListItem","position":1,"name":"Home","item":"https:\/\/www.hhglobal.com\/fr\/"},{"@type":"ListItem","position":2,"name":"Une croissance durable"}]},{"@type":"WebSite","@id":"https:\/\/www.hhglobal.com\/fr\/#website","url":"https:\/\/www.hhglobal.com\/fr\/","name":"HH Global","description":"The global, tech-enabled creative production and procurement partner.","publisher":{"@id":"https:\/\/www.hhglobal.com\/fr\/#organization"},"potentialAction":[{"@type":"SearchAction","target":{"@type":"EntryPoint","urlTemplate":"https:\/\/www.hhglobal.com\/fr\/?s={search_term_string}"},"query-input":{"@type":"PropertyValueSpecification","valueRequired":true,"valueName":"search_term_string"}}],"inLanguage":"fr-FR"},{"@type":"Organization","@id":"https:\/\/www.hhglobal.com\/fr\/#organization","name":"HH Global","url":"https:\/\/www.hhglobal.com\/fr\/","logo":{"@type":"ImageObject","inLanguage":"fr-FR","@id":"https:\/\/www.hhglobal.com\/fr\/#\/schema\/logo\/image\/","url":"https:\/\/www.hhglobal.com\/wp-content\/uploads\/2023\/12\/logo-white.svg","contentUrl":"https:\/\/www.hhglobal.com\/wp-content\/uploads\/2023\/12\/logo-white.svg","width":77,"height":18,"caption":"HH Global"},"image":{"@id":"https:\/\/www.hhglobal.com\/fr\/#\/schema\/logo\/image\/"}}]}},"_links":{"self":[{"href":"https:\/\/www.hhglobal.com\/fr\/wp-json\/wp\/v2\/pages\/12117","targetHints":{"allow":["GET"]}}],"collection":[{"href":"https:\/\/www.hhglobal.com\/fr\/wp-json\/wp\/v2\/pages"}],"about":[{"href":"https:\/\/www.hhglobal.com\/fr\/wp-json\/wp\/v2\/types\/page"}],"author":[{"embeddable":true,"href":"https:\/\/www.hhglobal.com\/fr\/wp-json\/wp\/v2\/users\/31"}],"replies":[{"embeddable":true,"href":"https:\/\/www.hhglobal.com\/fr\/wp-json\/wp\/v2\/comments?post=12117"}],"version-history":[{"count":0,"href":"https:\/\/www.hhglobal.com\/fr\/wp-json\/wp\/v2\/pages\/12117\/revisions"}],"wp:featuredmedia":[{"embeddable":true,"href":"https:\/\/www.hhglobal.com\/fr\/wp-json\/wp\/v2\/media\/23131"}],"wp:attachment":[{"href":"https:\/\/www.hhglobal.com\/fr\/wp-json\/wp\/v2\/media?parent=12117"}],"curies":[{"name":"wp","href":"https:\/\/api.w.org\/{rel}","templated":true}]}}