{"id":12110,"date":"2023-10-04T15:12:24","date_gmt":"2023-10-04T15:12:24","guid":{"rendered":"https:\/\/decoupledhhg.wpengine.com\/inspiring-solutions\/"},"modified":"2023-12-01T10:46:23","modified_gmt":"2023-12-01T10:46:23","slug":"inspiring-solutions","status":"publish","type":"page","link":"https:\/\/www.hhglobal.com\/fr\/who-we-are\/inspiring-solutions\/","title":{"rendered":"Des solutions inspirantes"},"content":{"rendered":"","protected":false},"excerpt":{"rendered":"","protected":false},"author":31,"featured_media":23142,"parent":0,"menu_order":0,"comment_status":"closed","ping_status":"closed","template":"","meta":{"_acf_changed":"","_yoast_wpseo_focuskw":"","_yoast_wpseo_metadesc":"","_yoast_wpseo_linkdex":"","_yoast_wpseo_content_score":"","_yoast_wpseo_meta-robots-noindex":"","_yoast_wpseo_meta-robots-nofollow":"","inline_featured_image":[],"_genesis_block_theme_hide_title":false,"_cms_nav_minihome":"","_icl_lang_duplicate_of":"","_menu_item_classes":[],"_menu_item_menu_item_parent":"","_menu_item_object":"","_menu_item_object_id":"","_menu_item_orphaned":"","_menu_item_target":"","_menu_item_type":"","_menu_item_url":"","_menu_item_xfn":"","_seedprod_page":"","_seedprod_page_template_type":"","_seedprod_page_uuid":"","_top_nav_excluded":"","_wp_attachment_backup_sizes":[],"_wp_attachment_context":"","_wp_attachment_image_alt":"","_wp_old_date":"","_wpcode_auto_insert":"","_wpcode_auto_insert_number":"","_wpcode_library_id":"","_wpml_media_duplicate":"1","_wpml_media_featured":"1","_wpml_post_translation_editor_native":"","_wpml_word_count":"{\"total\":358,\"to_translate\":{\"zh\":358,\"cs\":358,\"nl\":358,\"fr\":358,\"de\":358,\"it\":358,\"ja\":358,\"ko\":358,\"pt\":358,\"es\":358}}","_yoast_wpseo_estimated-reading-time-minutes":[],"_yoast_wpseo_primary_category":"","_yoast_wpseo_primary_industry":"","_yoast_wpseo_primary_solution":"","_yoast_wpseo_primary_the_author":"","_yoast_wpseo_wordproof_timestamp":"","acfml_non_translatable_locations":[],"career_externalLink":"","career_featuredImage":"","career_title":"","casestudy_featuredImage":"","casestudy_title":"","infocallout_excerpt":"","infocallout_featuredImage":"","infocallout_title":"","jobTitle":"","language":"","name":"","profilePicture":"","wp-smpro-smush-data":[],"wp-smush-animated":"","wp-smush-ignore-bulk":"","wp-smush-lossy":"","wpml_media_processed":"","_wpcode_conditional_logic_enabled":"","_wpcode_location_extra":"","_wpcode_note":"","_wpcode_priority":"","_wpcode_shortcode_attributes":[],"footnotes":""},"class_list":["post-12110","page","type-page","status-publish","has-post-thumbnail","hentry","post","with-featured-image"],"acf":{"page_title":"Des solutions inspirantes | HH Global","page_description":"","social_title":"","social_description":"","social_share_image":null,"modules":[{"acf_fc_layout":"hero","size":"medium2","theme":"dark","choose_images":[{"image":9747}],"show_eyebrow":false,"eyebrow":"","title":"Des solutions inspirantes","show_cta":false,"cta_url":"","cta_title":""},{"acf_fc_layout":"intro_content_block","container_background_color":"bg-white","type":false,"show_image":false,"intro_image":null,"show_background":false,"background":null,"show_eyebrow":false,"eyebrow":"","show_designations":false,"designations":null,"show_title":true,"size":"large","title":"Encourager le changement dans le marketing durable","show_intro":true,"intro":"HH Global donne aux marques les plus influentes au monde les moyens d\u2019agir gr\u00e2ce \u00e0 des services et \u00e0 des capacit\u00e9s qui aiguillent les comportements vers un avenir plus durable.\r\n\r\nEn pla\u00e7ant le marketing durable au c\u0153ur du processus de conception cr\u00e9ative, nous sommes la figure de proue de ce changement.","show_body":false,"body":"","show_labels":false,"labels":{"show_social":false,"custom_categories":null}},{"acf_fc_layout":"text_with_media","scroll_to_link":"","theme":"light","container_background_color":"bg-white","show_eyebrow":false,"eyebrow":"","show_title":false,"title":"","show_sub_title":true,"sub_title":"Une nouvelle \u00e8re pour le marketing durable","content":"Nous aspirons \u00e0 devenir l\u2019alli\u00e9 des entreprises en qu\u00eate d\u2019une croissance plus solide et plus durable ayant le plus d\u2019impact.\r\n\r\nForts de notre engagement ind\u00e9fectible envers la durabilit\u00e9, nous int\u00e9grons des solutions personnalis\u00e9es et progressistes au quotidien\u00a0\u2013\u00a0en soutenant l\u2019atteinte d\u2019objectifs environnementaux et soci\u00e9taux.","cta_url":"","cta_text":"","open_in_new_window":false,"choose_media":[{"image":9758}],"image_alignment":"left","image_fit":"cover","image_size":"half-width","vimeoid":"","ytid":""},{"acf_fc_layout":"text_with_media_carousel","theme":"light","container_background_color":"bg-grey","highlight_color":"purple","title":"S\u2019appuyer sur la technologie pour maximiser la durabilit\u00e9","content":"Les changements fond\u00e9s sur des donn\u00e9es g\u00e9n\u00e8rent des r\u00e9sultats probants en mati\u00e8re de durabilit\u00e9. Notre suite exclusive de produits et services technologiques, riches en donn\u00e9es, aide nos clients, notre entreprise et nos partenaires \u00e0 atteindre leurs objectifs de durabilit\u00e9, gr\u00e2ce \u00e0\u00a0:","additional_spacing":true,"features_title":"","features":[{"navigation_label":"Hub","show_title":true,"title":"Hub","show_subtitle":false,"subtitle":"","content":"HH Global est le premier partenaire de production cr\u00e9ative et d\u2019approvisionnement au monde \u00e0 mettre sur pied une plateforme qui g\u00e9n\u00e8re des donn\u00e9es sur l\u2019impact des \u00e9missions de CO<sub>2<\/sub> pour chaque projet. Notre moteur Calculateur environnemental, qui fait partie de notre mod\u00e8le op\u00e9rationnel standard, permet aux clients de prendre des d\u00e9cisions mieux \u00e9clair\u00e9es concernant la strat\u00e9gie des campagnes et le choix des canaux. Notre objectif est de g\u00e9n\u00e9rer en continu des donn\u00e9es plus pointues, permettant une mod\u00e9lisation pr\u00e9dictive de l\u2019impact des \u00e9missions de CO<sub>2<\/sub> qui favorise et procure des \u00e9clairages et des avantages \u00e0 long terme pour les clients.","choose_media":[{"image":9769}],"vimeoid":"","ytid":""},{"navigation_label":"Ensemble de donn\u00e9es aliment\u00e9 par l\u2019IA","show_title":true,"title":"Ensemble de donn\u00e9es aliment\u00e9 par l\u2019IA","show_subtitle":false,"subtitle":"","content":"G\u00e9n\u00e9rer en continu des donn\u00e9es plus pointues permettant une mod\u00e9lisation pr\u00e9dictive de l\u2019impact des \u00e9missions de CO2 qui fournit aux clients des informations \u00e9clair\u00e9es et des avantages sur le long terme.","choose_media":[{"image":9780}],"vimeoid":"","ytid":""},{"navigation_label":"Cadre d\u2019approvisionnement durable","show_title":true,"title":"Cadre d\u2019approvisionnement durable","show_subtitle":false,"subtitle":"","content":"Une autre nouveaut\u00e9 sur le march\u00e9, s\u2019appuyant sur l\u2019utilisation de la technologie et des donn\u00e9es pour d\u00e9ployer les meilleures pratiques sur l\u2019ensemble de notre cha\u00eene d\u2019approvisionnement mondiale. En associant les donn\u00e9es fournisseurs \u00e0 nos efforts de recherche et aux informations fournies par nos partenaires, nous avons cr\u00e9\u00e9 le tout premier cadre de gestion de la cha\u00eene d\u2019approvisionnement durable. Ce CAD aide les partenaires de la cha\u00eene d\u2019approvisionnement \u00e0 \u00e9valuer leur maturit\u00e9 en mati\u00e8re de durabilit\u00e9, \u00e0 appliquer les meilleures pratiques et \u00e0 partager leurs exp\u00e9riences.","choose_media":[{"image":9791}],"vimeoid":"","ytid":""}]},{"acf_fc_layout":"text_with_media_carousel","theme":"light","container_background_color":"bg-white","highlight_color":"purple","title":"Experts en strat\u00e9gie de durabilit\u00e9","content":"<strong>Services conseils en durabilit\u00e9<\/strong>\r\n\r\nHH Global propose des services de conseil de bout en bout en mati\u00e8re de durabilit\u00e9. Nous mettons \u00e0 profit notre expertise pour cr\u00e9er ou optimiser les initiatives ESG des clients.","additional_spacing":true,"features_title":"","features":[{"navigation_label":"Strat\u00e9gie de durabilit\u00e9","show_title":true,"title":"Strat\u00e9gie de durabilit\u00e9","show_subtitle":false,"subtitle":"","content":"<ul>\r\n \t<li>Atelier pour identifier comment atteindre les ODD des Nations unies<\/li>\r\n \t<li>\u00c9laboration de rapports<\/li>\r\n \t<li>Feuille de route ESG et durabilit\u00e9<\/li>\r\n<\/ul>","choose_media":[{"image":9802}],"vimeoid":"","ytid":""},{"navigation_label":"\u00c9laboration d\u2019une feuille de route de durabilit\u00e9","show_title":true,"title":"\u00c9laboration d\u2019une feuille de route de durabilit\u00e9","show_subtitle":false,"subtitle":"","content":"<ul>\r\n \t<li>Planification de la r\u00e9duction des \u00e9missions de CO<sub>2<\/sub><\/li>\r\n \t<li>Mesure de l\u2019impact environnemental et des r\u00e9ductions des \u00e9missions<\/li>\r\n \t<li>\u00c9valuation du cycle de vie \u2013 produits, emballages et services<\/li>\r\n \t<li>Att\u00e9nuation des \u00e9missions de carbone<\/li>\r\n<\/ul>","choose_media":[{"image":9813}],"vimeoid":"","ytid":""},{"navigation_label":"Gestion des d\u00e9chets","show_title":true,"title":"Gestion des d\u00e9chets","show_subtitle":false,"subtitle":"","content":"<ul>\r\n \t<li>Transformer les \u00e9conomies du jetable en \u00e9conomies circulaires<\/li>\r\n \t<li>Audits sur les d\u00e9chets \u2013 bureaux, entrep\u00f4ts et points de vente<\/li>\r\n \t<li>Rapports finaux sur les r\u00e9sultats des \u00e9tudes<\/li>\r\n \t<li>Recommandations, cibles et objectifs<\/li>\r\n \t<li>R\u00e9duction du co\u00fbt de mise en d\u00e9charge et d\u2019\u00e9limination<\/li>\r\n \t<li>Cr\u00e9er de nouveaux flux de revenus issus des d\u00e9chets<\/li>\r\n \t<li>Accro\u00eetre les opportunit\u00e9s de r\u00e9acheminement des d\u00e9chets et de recyclage en circuit ferm\u00e9<\/li>\r\n<\/ul>","choose_media":[{"image":9824}],"vimeoid":"","ytid":""}]},{"acf_fc_layout":"text_with_media_carousel","theme":"light","container_background_color":"bg-grey","highlight_color":"purple","title":"Relever les normes de marketing durable","content":"Pour promouvoir une conception durable et encourager une innovation cr\u00e9ative respectueuse de la plan\u00e8te, nous avons lanc\u00e9 Conscious Creative. Nous pr\u00f4nons une d\u00e9marche de marketing durable au sein du processus de conception, du d\u00e9but \u00e0 la fin.","additional_spacing":true,"features_title":"","features":[{"navigation_label":"\u00c9valuer + appr\u00e9cier","show_title":true,"title":"\u00c9valuer + appr\u00e9cier","show_subtitle":false,"subtitle":"","content":"\u00c9valuation cr\u00e9ative sur site, plateforme ESG et de durabilit\u00e9","choose_media":[{"image":9835}],"vimeoid":"","ytid":""},{"navigation_label":"\u00c9duquer + inspirer","show_title":true,"title":"\u00c9duquer + inspirer","show_subtitle":false,"subtitle":"","content":"Modules de formation et d\u2019apprentissage \u00e9lectronique certifi\u00e9s, manuels des meilleures pratiques en mati\u00e8re d\u2019\u00e9ducation, biblioth\u00e8que de mat\u00e9riaux.","choose_media":[{"image":9846}],"vimeoid":"","ytid":""},{"navigation_label":"Donner les moyens d\u2019agir + mesurer","show_title":true,"title":"Donner les moyens d\u2019agir + mesurer","show_subtitle":false,"subtitle":"","content":"Lab\u00e9lisation de la durabilit\u00e9 du processus de cr\u00e9ation, tableau de bord de durabilit\u00e9, conceptualisation virtuelle.","choose_media":[{"image":9857}],"vimeoid":"","ytid":""}]},{"acf_fc_layout":"clients_awards","title":"Ouvrir la voie en nouant des partenariats porteurs","logos":[{"logo":7497},{"logo":7498},{"logo":7499},{"logo":7500},{"logo":7501},{"logo":9592},{"logo":9603},{"logo":9669},{"logo":9658},{"logo":9647},{"logo":9636},{"logo":9625},{"logo":9614},{"logo":9713},{"logo":9702},{"logo":9691},{"logo":9680},{"logo":7368},{"logo":9724},{"logo":7561},{"logo":7356},{"logo":9735}]},{"acf_fc_layout":"contact_form","title":"Nous contacter"}]},"yoast_head":"<!-- This site is optimized with the Yoast SEO plugin v27.3 - https:\/\/yoast.com\/product\/yoast-seo-wordpress\/ -->\n<title>Des solutions inspirantes - HH Global<\/title>\n<meta name=\"robots\" content=\"index, follow, max-snippet:-1, max-image-preview:large, max-video-preview:-1\" \/>\n<link rel=\"canonical\" href=\"https:\/\/www.hhglobal.com\/fr\/who-we-are\/inspiring-solutions\/\" \/>\n<meta property=\"og:locale\" content=\"fr_FR\" \/>\n<meta property=\"og:type\" content=\"article\" \/>\n<meta property=\"og:title\" content=\"Des solutions inspirantes - HH Global\" \/>\n<meta property=\"og:url\" content=\"https:\/\/www.hhglobal.com\/fr\/who-we-are\/inspiring-solutions\/\" \/>\n<meta property=\"og:site_name\" content=\"HH Global\" \/>\n<meta property=\"article:modified_time\" content=\"2023-12-01T10:46:23+00:00\" \/>\n<meta name=\"twitter:card\" content=\"summary_large_image\" \/>\n<script type=\"application\/ld+json\" class=\"yoast-schema-graph\">{\"@context\":\"https:\\\/\\\/schema.org\",\"@graph\":[{\"@type\":\"WebPage\",\"@id\":\"https:\\\/\\\/www.hhglobal.com\\\/fr\\\/who-we-are\\\/inspiring-solutions\\\/\",\"url\":\"https:\\\/\\\/www.hhglobal.com\\\/fr\\\/who-we-are\\\/inspiring-solutions\\\/\",\"name\":\"Des solutions inspirantes - HH Global\",\"isPartOf\":{\"@id\":\"https:\\\/\\\/www.hhglobal.com\\\/fr\\\/#website\"},\"primaryImageOfPage\":{\"@id\":\"https:\\\/\\\/www.hhglobal.com\\\/fr\\\/who-we-are\\\/inspiring-solutions\\\/#primaryimage\"},\"image\":{\"@id\":\"https:\\\/\\\/www.hhglobal.com\\\/fr\\\/who-we-are\\\/inspiring-solutions\\\/#primaryimage\"},\"thumbnailUrl\":\"https:\\\/\\\/www.hhglobal.com\\\/wp-content\\\/uploads\\\/2024\\\/09\\\/Inspiring-solutions-social-image-1.png\",\"datePublished\":\"2023-10-04T15:12:24+00:00\",\"dateModified\":\"2023-12-01T10:46:23+00:00\",\"breadcrumb\":{\"@id\":\"https:\\\/\\\/www.hhglobal.com\\\/fr\\\/who-we-are\\\/inspiring-solutions\\\/#breadcrumb\"},\"inLanguage\":\"fr-FR\",\"potentialAction\":[{\"@type\":\"ReadAction\",\"target\":[\"https:\\\/\\\/www.hhglobal.com\\\/fr\\\/who-we-are\\\/inspiring-solutions\\\/\"]}]},{\"@type\":\"ImageObject\",\"inLanguage\":\"fr-FR\",\"@id\":\"https:\\\/\\\/www.hhglobal.com\\\/fr\\\/who-we-are\\\/inspiring-solutions\\\/#primaryimage\",\"url\":\"https:\\\/\\\/www.hhglobal.com\\\/wp-content\\\/uploads\\\/2024\\\/09\\\/Inspiring-solutions-social-image-1.png\",\"contentUrl\":\"https:\\\/\\\/www.hhglobal.com\\\/wp-content\\\/uploads\\\/2024\\\/09\\\/Inspiring-solutions-social-image-1.png\",\"width\":10667,\"height\":7113},{\"@type\":\"BreadcrumbList\",\"@id\":\"https:\\\/\\\/www.hhglobal.com\\\/fr\\\/who-we-are\\\/inspiring-solutions\\\/#breadcrumb\",\"itemListElement\":[{\"@type\":\"ListItem\",\"position\":1,\"name\":\"Home\",\"item\":\"https:\\\/\\\/www.hhglobal.com\\\/fr\\\/\"},{\"@type\":\"ListItem\",\"position\":2,\"name\":\"Des solutions inspirantes\"}]},{\"@type\":\"WebSite\",\"@id\":\"https:\\\/\\\/www.hhglobal.com\\\/fr\\\/#website\",\"url\":\"https:\\\/\\\/www.hhglobal.com\\\/fr\\\/\",\"name\":\"HH Global\",\"description\":\"The global, tech-enabled creative production and procurement partner.\",\"publisher\":{\"@id\":\"https:\\\/\\\/www.hhglobal.com\\\/fr\\\/#organization\"},\"potentialAction\":[{\"@type\":\"SearchAction\",\"target\":{\"@type\":\"EntryPoint\",\"urlTemplate\":\"https:\\\/\\\/www.hhglobal.com\\\/fr\\\/?s={search_term_string}\"},\"query-input\":{\"@type\":\"PropertyValueSpecification\",\"valueRequired\":true,\"valueName\":\"search_term_string\"}}],\"inLanguage\":\"fr-FR\"},{\"@type\":\"Organization\",\"@id\":\"https:\\\/\\\/www.hhglobal.com\\\/fr\\\/#organization\",\"name\":\"HH Global\",\"url\":\"https:\\\/\\\/www.hhglobal.com\\\/fr\\\/\",\"logo\":{\"@type\":\"ImageObject\",\"inLanguage\":\"fr-FR\",\"@id\":\"https:\\\/\\\/www.hhglobal.com\\\/fr\\\/#\\\/schema\\\/logo\\\/image\\\/\",\"url\":\"https:\\\/\\\/www.hhglobal.com\\\/wp-content\\\/uploads\\\/2023\\\/12\\\/logo-white.svg\",\"contentUrl\":\"https:\\\/\\\/www.hhglobal.com\\\/wp-content\\\/uploads\\\/2023\\\/12\\\/logo-white.svg\",\"width\":77,\"height\":18,\"caption\":\"HH Global\"},\"image\":{\"@id\":\"https:\\\/\\\/www.hhglobal.com\\\/fr\\\/#\\\/schema\\\/logo\\\/image\\\/\"}}]}<\/script>\n<!-- \/ Yoast SEO plugin. -->","yoast_head_json":{"title":"Des solutions inspirantes - HH Global","robots":{"index":"index","follow":"follow","max-snippet":"max-snippet:-1","max-image-preview":"max-image-preview:large","max-video-preview":"max-video-preview:-1"},"canonical":"https:\/\/www.hhglobal.com\/fr\/who-we-are\/inspiring-solutions\/","og_locale":"fr_FR","og_type":"article","og_title":"Des solutions inspirantes - HH Global","og_url":"https:\/\/www.hhglobal.com\/fr\/who-we-are\/inspiring-solutions\/","og_site_name":"HH Global","article_modified_time":"2023-12-01T10:46:23+00:00","twitter_card":"summary_large_image","schema":{"@context":"https:\/\/schema.org","@graph":[{"@type":"WebPage","@id":"https:\/\/www.hhglobal.com\/fr\/who-we-are\/inspiring-solutions\/","url":"https:\/\/www.hhglobal.com\/fr\/who-we-are\/inspiring-solutions\/","name":"Des solutions inspirantes - HH Global","isPartOf":{"@id":"https:\/\/www.hhglobal.com\/fr\/#website"},"primaryImageOfPage":{"@id":"https:\/\/www.hhglobal.com\/fr\/who-we-are\/inspiring-solutions\/#primaryimage"},"image":{"@id":"https:\/\/www.hhglobal.com\/fr\/who-we-are\/inspiring-solutions\/#primaryimage"},"thumbnailUrl":"https:\/\/www.hhglobal.com\/wp-content\/uploads\/2024\/09\/Inspiring-solutions-social-image-1.png","datePublished":"2023-10-04T15:12:24+00:00","dateModified":"2023-12-01T10:46:23+00:00","breadcrumb":{"@id":"https:\/\/www.hhglobal.com\/fr\/who-we-are\/inspiring-solutions\/#breadcrumb"},"inLanguage":"fr-FR","potentialAction":[{"@type":"ReadAction","target":["https:\/\/www.hhglobal.com\/fr\/who-we-are\/inspiring-solutions\/"]}]},{"@type":"ImageObject","inLanguage":"fr-FR","@id":"https:\/\/www.hhglobal.com\/fr\/who-we-are\/inspiring-solutions\/#primaryimage","url":"https:\/\/www.hhglobal.com\/wp-content\/uploads\/2024\/09\/Inspiring-solutions-social-image-1.png","contentUrl":"https:\/\/www.hhglobal.com\/wp-content\/uploads\/2024\/09\/Inspiring-solutions-social-image-1.png","width":10667,"height":7113},{"@type":"BreadcrumbList","@id":"https:\/\/www.hhglobal.com\/fr\/who-we-are\/inspiring-solutions\/#breadcrumb","itemListElement":[{"@type":"ListItem","position":1,"name":"Home","item":"https:\/\/www.hhglobal.com\/fr\/"},{"@type":"ListItem","position":2,"name":"Des solutions inspirantes"}]},{"@type":"WebSite","@id":"https:\/\/www.hhglobal.com\/fr\/#website","url":"https:\/\/www.hhglobal.com\/fr\/","name":"HH Global","description":"The global, tech-enabled creative production and procurement partner.","publisher":{"@id":"https:\/\/www.hhglobal.com\/fr\/#organization"},"potentialAction":[{"@type":"SearchAction","target":{"@type":"EntryPoint","urlTemplate":"https:\/\/www.hhglobal.com\/fr\/?s={search_term_string}"},"query-input":{"@type":"PropertyValueSpecification","valueRequired":true,"valueName":"search_term_string"}}],"inLanguage":"fr-FR"},{"@type":"Organization","@id":"https:\/\/www.hhglobal.com\/fr\/#organization","name":"HH Global","url":"https:\/\/www.hhglobal.com\/fr\/","logo":{"@type":"ImageObject","inLanguage":"fr-FR","@id":"https:\/\/www.hhglobal.com\/fr\/#\/schema\/logo\/image\/","url":"https:\/\/www.hhglobal.com\/wp-content\/uploads\/2023\/12\/logo-white.svg","contentUrl":"https:\/\/www.hhglobal.com\/wp-content\/uploads\/2023\/12\/logo-white.svg","width":77,"height":18,"caption":"HH Global"},"image":{"@id":"https:\/\/www.hhglobal.com\/fr\/#\/schema\/logo\/image\/"}}]}},"_links":{"self":[{"href":"https:\/\/www.hhglobal.com\/fr\/wp-json\/wp\/v2\/pages\/12110","targetHints":{"allow":["GET"]}}],"collection":[{"href":"https:\/\/www.hhglobal.com\/fr\/wp-json\/wp\/v2\/pages"}],"about":[{"href":"https:\/\/www.hhglobal.com\/fr\/wp-json\/wp\/v2\/types\/page"}],"author":[{"embeddable":true,"href":"https:\/\/www.hhglobal.com\/fr\/wp-json\/wp\/v2\/users\/31"}],"replies":[{"embeddable":true,"href":"https:\/\/www.hhglobal.com\/fr\/wp-json\/wp\/v2\/comments?post=12110"}],"version-history":[{"count":0,"href":"https:\/\/www.hhglobal.com\/fr\/wp-json\/wp\/v2\/pages\/12110\/revisions"}],"wp:featuredmedia":[{"embeddable":true,"href":"https:\/\/www.hhglobal.com\/fr\/wp-json\/wp\/v2\/media\/23142"}],"wp:attachment":[{"href":"https:\/\/www.hhglobal.com\/fr\/wp-json\/wp\/v2\/media?parent=12110"}],"curies":[{"name":"wp","href":"https:\/\/api.w.org\/{rel}","templated":true}]}}