{"id":5883,"date":"2022-05-18T09:51:38","date_gmt":"2022-05-18T09:51:38","guid":{"rendered":"https:\/\/hhassoc-dev.sbx.world\/terms-conditions\/"},"modified":"2024-01-16T15:33:23","modified_gmt":"2024-01-16T15:33:23","slug":"terms-conditions","status":"publish","type":"page","link":"https:\/\/www.hhglobal.com\/es\/terms-conditions\/","title":{"rendered":"T\u00e9rminos y Condiciones"},"content":{"rendered":"","protected":false},"excerpt":{"rendered":"","protected":false},"author":41,"featured_media":0,"parent":0,"menu_order":0,"comment_status":"closed","ping_status":"closed","template":"","meta":{"_acf_changed":"","_yoast_wpseo_focuskw":"","_yoast_wpseo_metadesc":"","_yoast_wpseo_linkdex":"","_yoast_wpseo_content_score":"","_yoast_wpseo_meta-robots-noindex":"","_yoast_wpseo_meta-robots-nofollow":"","inline_featured_image":[],"_genesis_block_theme_hide_title":false,"_cms_nav_minihome":"","_icl_lang_duplicate_of":"","_menu_item_classes":[],"_menu_item_menu_item_parent":"","_menu_item_object":"","_menu_item_object_id":"","_menu_item_orphaned":"","_menu_item_target":"","_menu_item_type":"","_menu_item_url":"","_menu_item_xfn":"","_seedprod_page":"","_seedprod_page_template_type":"","_seedprod_page_uuid":"","_top_nav_excluded":"","_wp_attachment_backup_sizes":[],"_wp_attachment_context":"","_wp_attachment_image_alt":"","_wp_old_date":"","_wpcode_auto_insert":"","_wpcode_auto_insert_number":"","_wpcode_library_id":"","_wpml_media_duplicate":"1","_wpml_media_featured":"1","_wpml_post_translation_editor_native":"","_wpml_word_count":"{\"total\":1387,\"to_translate\":{\"zh-hans\":1387,\"cs\":1387,\"de\":1387,\"ja\":1387,\"pt-br\":1387,\"es\":1387}}","_yoast_wpseo_estimated-reading-time-minutes":["0"],"_yoast_wpseo_primary_category":"","_yoast_wpseo_primary_industry":"","_yoast_wpseo_primary_solution":"","_yoast_wpseo_primary_the_author":"","_yoast_wpseo_wordproof_timestamp":"","acfml_non_translatable_locations":[],"career_externalLink":"","career_featuredImage":"","career_title":"","casestudy_featuredImage":"","casestudy_title":"","infocallout_excerpt":"","infocallout_featuredImage":"","infocallout_title":"","jobTitle":"","language":"","name":"","profilePicture":"","wp-smpro-smush-data":[],"wp-smush-animated":"","wp-smush-ignore-bulk":"","wp-smush-lossy":"","wpml_media_processed":"","_wpcode_conditional_logic_enabled":"","_wpcode_location_extra":"","_wpcode_note":"","_wpcode_priority":"","_wpcode_shortcode_attributes":[],"footnotes":""},"class_list":["post-5883","page","type-page","status-publish","hentry","post","without-featured-image"],"acf":{"page_title":"T\u00e9rminos y Condiciones | HH Global","page_description":"","social_title":"","social_description":"","social_share_image":null,"modules":[{"acf_fc_layout":"hero","size":"medium","theme":"dark","choose_images":[{"image":2389}],"show_eyebrow":false,"eyebrow":"","title":"T\u00e9rminos y Condiciones","show_cta":false,"cta_url":"","cta_title":""},{"acf_fc_layout":"rich_content","scroll_to_link":"","container_background_color":"bg-white","content":"Algunos de los t\u00e9rminos y condiciones aplicables a su relaci\u00f3n con el Grupo de Empresas de HH Global dependen de si usted es cliente o proveedor del grupo:\r\n\r\n<strong>T\u00e9rminos con nuestros clientes<\/strong>\r\n\r\nLa mayor\u00eda de nuestros clientes han firmado contratos con HH Associates Ltd. Si no se ha acordado ning\u00fan contrato, suministraremos Bienes y Servicios en base a nuestros t\u00e9rminos y condiciones est\u00e1ndar. Los precios \/ modelo comercial y cualquier nivel de servicio que pueda aplicarse a los servicios prove\u00eddos variar\u00e1n de un pedido a otro y se registrar\u00e1n en una cotizaci\u00f3n \/ pedido si no se abordan en un contrato.\r\n\r\n<a href=\"https:\/\/www.hhglobal.com\/wp-content\/uploads\/2022\/06\/ClientStandardTermsConditionsFeb2021.pdf\" target=\"_blank\" rel=\"noopener\">T\u00e9rminos y condiciones est\u00e1ndar del cliente<\/a>\r\n\r\n<strong>T\u00e9rminos para nuestros proveedores<\/strong>\r\n\r\nLa gran mayor\u00eda de nuestros proveedores celebran contratos con HH Global. Si no se ha acordado ning\u00fan contrato con un proveedor, los <a href=\"https:\/\/www.hhglobal.com\/wp-content\/uploads\/2022\/06\/americas_general-terms-and-conditions.pdf\" target=\"_blank\" rel=\"noopener\">\u00a0T\u00e9rminos y Condiciones Generales de Compra<\/a> se aplicar\u00e1n a cualquier pedido realizado por HH Global. Las copias de nuestros documentos contractuales est\u00e1n disponibles en varias versiones biling\u00fces y se pueden solicitar a info@www.hhglobal.com.\r\n\r\n<strong>Condiciones de uso del sitio web<\/strong>\r\n\r\nEstos T\u00e9rminos y Condiciones rigen su uso del sitio web de HH Global Group y su relaci\u00f3n con el Grupo de Empresas de HH Global. Por favor, l\u00e9alos detenidamente ya que afectan sus derechos y responsabilidades bajo la ley. Si no est\u00e1 de acuerdo con estos T\u00e9rminos y condiciones, no se registre ni utilice el sitio de la empresa. Si tiene alguna pregunta sobre los T\u00e9rminos y condiciones, comun\u00edquese con info@www.hhglobal.com.\r\n\r\nLa Empresa pone a su disposici\u00f3n informaci\u00f3n, materiales y productos en este sitio web, sujeto a los siguientes t\u00e9rminos y condiciones. Al acceder a cualquier parte de este sitio, se considerar\u00e1 que ha aceptado estos t\u00e9rminos y condiciones en su totalidad. Podemos actualizar estos T\u00e9rminos y Condiciones de vez en cuando por razones legales o reglamentarias o para permitir el correcto funcionamiento del Sitio de la Empresa. Cualquier cambio se le notificar\u00e1 a trav\u00e9s de la direcci\u00f3n de correo electr\u00f3nico proporcionada por usted en el registro o mediante un anuncio apropiado en el Sitio de la empresa. Los cambios se aplicar\u00e1n al uso del Sitio de la empresa despu\u00e9s de que hayamos dado aviso. Si no desea aceptar los nuevos T\u00e9rminos y Condiciones, no debe continuar utilizando el sitio de la empresa. Si contin\u00faa utilizando el sitio de la empresa despu\u00e9s de la fecha en que el cambio entre en vigor, su uso del sitio de la empresa indica su aceptaci\u00f3n de estar sujeto a los nuevos T\u00e9rminos y Condiciones.\r\n\r\n<strong>Acceso<\/strong>\r\n\r\nSi bien la Empresa se esfuerza por garantizar que este sitio est\u00e9 normalmente disponible las 24 horas del d\u00eda, la Empresa no ser\u00e1 responsable si por alguna raz\u00f3n el sitio no est\u00e1 disponible en cualquier momento o durante cualquier per\u00edodo. El acceso a este sitio puede ser suspendido temporal o permanentemente y sin previo aviso.\r\n\r\n<strong>Propiedad intelectual<\/strong>\r\n\r\nA menos que se indique lo contrario, los derechos de autor y cualquier otro derecho en todo el material de este sitio web son propiedad de la Empresa. Salvo que se permita espec\u00edficamente en \u00e1reas particulares de este sitio, ninguna parte de la informaci\u00f3n en este sitio puede reproducirse, modificarse, copiarse o distribuirse en cualquier forma o por cualquier medio sin el permiso previo por escrito de la Empresa. Ninguna parte de este sitio puede ser reproducida o almacenada en cualquier otro sitio web o incluida en cualquier sistema o servicio de recuperaci\u00f3n electr\u00f3nica p\u00fablica o privada sin el permiso previo por escrito de la Empresa y ninguna renuncia ser\u00e1 v\u00e1lida a menos que sea por escrito y dirigida directamente a la parte interesada. Las marcas comerciales, logotipos y marcas de servicios que aparecen en este sitio son propiedad de la Empresa, su licenciante u otros terceros. No puede usar ninguna de las Marcas sin el consentimiento previo por escrito de la Empresa o del tercero propietario de la Marca relevante. Todos los derechos no otorgados expresamente en estos t\u00e9rminos est\u00e1n reservados.\r\n\r\n<strong>Responsabilidad<\/strong>\r\n\r\nSi bien la Empresa se esfuerza por garantizar que la informaci\u00f3n en este sitio sea correcta, no se otorga ninguna garant\u00eda, expresa o impl\u00edcita, en cuanto a su exactitud y la Empresa no acepta ninguna responsabilidad por error u omisi\u00f3n. La Empresa no ser\u00e1 responsable de ning\u00fan da\u00f1o que surja por contrato, agravio o de otro modo del uso o la falta de capacidad para usar este sitio, o cualquier material contenido en \u00e9l, o de cualquier acci\u00f3n o decisi\u00f3n tomada como resultado del uso de este sitio o cualquier material. Parte de este sitio contiene material enviado a la Empresa por terceros. Esos terceros son responsables de garantizar que el material enviado para su inclusi\u00f3n en este sitio cumpla con la legislaci\u00f3n nacional y extranjera pertinente. La Empresa no ser\u00e1 responsable de ning\u00fan error, omisi\u00f3n o inexactitud en el material y se reserva el derecho de omitir, suspender o editar cualquier material que se le env\u00ede. Si incumplimos estos T\u00e9rminos y Condiciones, solo seremos responsables de cualquier p\u00e9rdida que sufra como resultado en la medida en que sean una consecuencia previsible para ambos en el momento en que utilice el Sitio de la Empresa. Nuestra responsabilidad no incluir\u00e1 en ning\u00fan caso cuestiones comerciales como la p\u00e9rdida de datos, la p\u00e9rdida de beneficios o la interrupci\u00f3n del negocio. Esta cl\u00e1usula no limitar\u00e1 ni afectar\u00e1 nuestra responsabilidad resultante de que se descubra que los productos vendidos a trav\u00e9s del Sitio de la Empresa no son seguros o si algo que hacemos negligentemente causa la muerte o lesiones personales.\r\n\r\n<strong>Sitios web de terceros<\/strong>\r\n\r\nLa Empresa no acepta ninguna responsabilidad por el contenido de cualquier sitio al que exista un enlace de hipertexto desde este sitio. Los enlaces se proporcionan \"tal cual\", sin garant\u00eda ya sea expresa o impl\u00edcita, por la informaci\u00f3n proporcionada dentro de ellos. La provisi\u00f3n de un enlace no implica ninguna aprobaci\u00f3n por parte de la Empresa del sitio correspondiente.\r\n\r\n<strong>Env\u00edo de correos electr\u00f3nicos<\/strong>\r\n\r\nLa prueba de env\u00edo de un correo electr\u00f3nico no es prueba de recepci\u00f3n. La Empresa no acepta ninguna responsabilidad por la no recepci\u00f3n de la informaci\u00f3n enviada a trav\u00e9s de este sitio.\r\n\r\n<strong>Legislaci\u00f3n aplicable<\/strong>\r\n\r\nEste sitio web est\u00e1 controlado por la Empresa desde sus oficinas en Inglaterra. Al acceder a este sitio, usted acepta que todos los asuntos relacionados con su acceso o uso de este sitio se regir\u00e1n por la ley inglesa; y usted acepta someterse a la jurisdicci\u00f3n de los tribunales ingleses con respecto a tales asuntos.\r\n\r\n<strong>Uso internacional<\/strong>\r\n\r\nLa Empresa no garantiza que los materiales en este sitio sean apropiados o est\u00e9n disponibles para su uso en otros lugares y est\u00e1 prohibido acceder a ellos desde territorios donde su contenido es ilegal. Cualquier persona que elija acceder a este sitio desde otros lugares lo hace por su propia iniciativa y es responsable del cumplimiento de las leyes locales.\r\n\r\n<strong>Su uso del sitio de la empresa<\/strong>\r\n\r\nNo puede utilizar el Sitio de la empresa para ninguno de los siguientes prop\u00f3sitos:\r\n<ol>\r\n \t<li>difundir cualquier material ilegal, acosador, calumnioso, abusivo, amenazante, da\u00f1ino, vulgar, ausencia de o objetable de cualquier otra manera o que de alguna manera contravenga cualquier ley<\/li>\r\n \t<li>transmitir material que fomente conductas que constituyan un delito penal o que infrinjan de otro modo las leyes, reglamentos o c\u00f3digos de pr\u00e1ctica aplicables,<\/li>\r\n \t<li>interferir con el uso o disfrute del Sitio de la Empresa por parte de cualquier otra persona<\/li>\r\n \t<li>Descargar, hacer, volver a publicar, reproducir, transmitir o almacenar u otro uso de copias electr\u00f3nicas de materiales protegidos por derechos de autor, como archivos independientes sin el permiso del propietario<\/li>\r\n<\/ol>\r\nUsted ser\u00e1 responsable de nuestras p\u00e9rdidas y costos resultantes de su incumplimiento de esta cl\u00e1usula.\r\n\r\n<strong>Miscel\u00e1neo<\/strong>\r\n\r\nNo puede transferir ninguno de sus derechos bajo estos T\u00e9rminos y Condiciones a ninguna otra persona. Podemos transferir nuestros derechos bajo estos T\u00e9rminos y Condiciones a otra empresa donde consideremos razonablemente que sus derechos no se ver\u00e1n afectados. Si incumple estos T\u00e9rminos y Condiciones y la Empresa decide ignorarlo, la Empresa a\u00fan tendr\u00e1 derecho a usar sus derechos y recursos en una fecha posterior o en cualquier otra situaci\u00f3n en la que incumpla los T\u00e9rminos y Condiciones.\r\n\r\nLa Empresa no ser\u00e1 responsable de ning\u00fan incumplimiento de estos T\u00e9rminos y Condiciones causado por circunstancias fuera de su control razonable. El Sitio de la Empresa es propiedad de y es operado por HH Associates Ltd. Oficina registrada: Grove House, Guildford Rd., Leatherhead, Surrey, SM1 2AE, U.K. N\u00famero de registro: 2671533. Si tiene alguna pregunta, p\u00f3ngase en contacto con: <a href=\"mailto:info@www.hhglobal.com\">info@www.hhglobal.com<\/a>"},{"acf_fc_layout":"contact_form","scroll_to_link":"","title":"P\u00f3ngase en contacto"}]},"yoast_head":"<!-- This site is optimized with the Yoast SEO plugin v27.4 - https:\/\/yoast.com\/product\/yoast-seo-wordpress\/ -->\n<title>T\u00e9rminos y Condiciones - HH Global<\/title>\n<meta name=\"robots\" content=\"index, follow, max-snippet:-1, max-image-preview:large, max-video-preview:-1\" \/>\n<link rel=\"canonical\" href=\"https:\/\/www.hhglobal.com\/es\/terms-conditions\/\" \/>\n<meta property=\"og:locale\" content=\"es_ES\" \/>\n<meta property=\"og:type\" content=\"article\" \/>\n<meta property=\"og:title\" content=\"T\u00e9rminos y Condiciones - HH Global\" \/>\n<meta property=\"og:url\" content=\"https:\/\/www.hhglobal.com\/es\/terms-conditions\/\" \/>\n<meta property=\"og:site_name\" content=\"HH Global\" \/>\n<meta property=\"article:modified_time\" content=\"2024-01-16T15:33:23+00:00\" \/>\n<meta name=\"twitter:card\" content=\"summary_large_image\" \/>\n<script type=\"application\/ld+json\" class=\"yoast-schema-graph\">{\"@context\":\"https:\\\/\\\/schema.org\",\"@graph\":[{\"@type\":\"WebPage\",\"@id\":\"https:\\\/\\\/www.hhglobal.com\\\/es\\\/terms-conditions\\\/\",\"url\":\"https:\\\/\\\/www.hhglobal.com\\\/es\\\/terms-conditions\\\/\",\"name\":\"T\u00e9rminos y Condiciones - HH Global\",\"isPartOf\":{\"@id\":\"https:\\\/\\\/www.hhglobal.com\\\/es\\\/#website\"},\"datePublished\":\"2022-05-18T09:51:38+00:00\",\"dateModified\":\"2024-01-16T15:33:23+00:00\",\"breadcrumb\":{\"@id\":\"https:\\\/\\\/www.hhglobal.com\\\/es\\\/terms-conditions\\\/#breadcrumb\"},\"inLanguage\":\"es\",\"potentialAction\":[{\"@type\":\"ReadAction\",\"target\":[\"https:\\\/\\\/www.hhglobal.com\\\/es\\\/terms-conditions\\\/\"]}]},{\"@type\":\"BreadcrumbList\",\"@id\":\"https:\\\/\\\/www.hhglobal.com\\\/es\\\/terms-conditions\\\/#breadcrumb\",\"itemListElement\":[{\"@type\":\"ListItem\",\"position\":1,\"name\":\"Home\",\"item\":\"https:\\\/\\\/www.hhglobal.com\\\/es\\\/\"},{\"@type\":\"ListItem\",\"position\":2,\"name\":\"T\u00e9rminos y Condiciones\"}]},{\"@type\":\"WebSite\",\"@id\":\"https:\\\/\\\/www.hhglobal.com\\\/es\\\/#website\",\"url\":\"https:\\\/\\\/www.hhglobal.com\\\/es\\\/\",\"name\":\"HH Global\",\"description\":\"The global, tech-enabled creative production and procurement partner.\",\"publisher\":{\"@id\":\"https:\\\/\\\/www.hhglobal.com\\\/es\\\/#organization\"},\"potentialAction\":[{\"@type\":\"SearchAction\",\"target\":{\"@type\":\"EntryPoint\",\"urlTemplate\":\"https:\\\/\\\/www.hhglobal.com\\\/es\\\/?s={search_term_string}\"},\"query-input\":{\"@type\":\"PropertyValueSpecification\",\"valueRequired\":true,\"valueName\":\"search_term_string\"}}],\"inLanguage\":\"es\"},{\"@type\":\"Organization\",\"@id\":\"https:\\\/\\\/www.hhglobal.com\\\/es\\\/#organization\",\"name\":\"HH Global\",\"url\":\"https:\\\/\\\/www.hhglobal.com\\\/es\\\/\",\"logo\":{\"@type\":\"ImageObject\",\"inLanguage\":\"es\",\"@id\":\"https:\\\/\\\/www.hhglobal.com\\\/es\\\/#\\\/schema\\\/logo\\\/image\\\/\",\"url\":\"https:\\\/\\\/www.hhglobal.com\\\/wp-content\\\/uploads\\\/2023\\\/12\\\/logo-white.svg\",\"contentUrl\":\"https:\\\/\\\/www.hhglobal.com\\\/wp-content\\\/uploads\\\/2023\\\/12\\\/logo-white.svg\",\"width\":77,\"height\":18,\"caption\":\"HH Global\"},\"image\":{\"@id\":\"https:\\\/\\\/www.hhglobal.com\\\/es\\\/#\\\/schema\\\/logo\\\/image\\\/\"}}]}<\/script>\n<!-- \/ Yoast SEO plugin. -->","yoast_head_json":{"title":"T\u00e9rminos y Condiciones - HH Global","robots":{"index":"index","follow":"follow","max-snippet":"max-snippet:-1","max-image-preview":"max-image-preview:large","max-video-preview":"max-video-preview:-1"},"canonical":"https:\/\/www.hhglobal.com\/es\/terms-conditions\/","og_locale":"es_ES","og_type":"article","og_title":"T\u00e9rminos y Condiciones - HH Global","og_url":"https:\/\/www.hhglobal.com\/es\/terms-conditions\/","og_site_name":"HH Global","article_modified_time":"2024-01-16T15:33:23+00:00","twitter_card":"summary_large_image","schema":{"@context":"https:\/\/schema.org","@graph":[{"@type":"WebPage","@id":"https:\/\/www.hhglobal.com\/es\/terms-conditions\/","url":"https:\/\/www.hhglobal.com\/es\/terms-conditions\/","name":"T\u00e9rminos y Condiciones - HH Global","isPartOf":{"@id":"https:\/\/www.hhglobal.com\/es\/#website"},"datePublished":"2022-05-18T09:51:38+00:00","dateModified":"2024-01-16T15:33:23+00:00","breadcrumb":{"@id":"https:\/\/www.hhglobal.com\/es\/terms-conditions\/#breadcrumb"},"inLanguage":"es","potentialAction":[{"@type":"ReadAction","target":["https:\/\/www.hhglobal.com\/es\/terms-conditions\/"]}]},{"@type":"BreadcrumbList","@id":"https:\/\/www.hhglobal.com\/es\/terms-conditions\/#breadcrumb","itemListElement":[{"@type":"ListItem","position":1,"name":"Home","item":"https:\/\/www.hhglobal.com\/es\/"},{"@type":"ListItem","position":2,"name":"T\u00e9rminos y Condiciones"}]},{"@type":"WebSite","@id":"https:\/\/www.hhglobal.com\/es\/#website","url":"https:\/\/www.hhglobal.com\/es\/","name":"HH Global","description":"The global, tech-enabled creative production and procurement partner.","publisher":{"@id":"https:\/\/www.hhglobal.com\/es\/#organization"},"potentialAction":[{"@type":"SearchAction","target":{"@type":"EntryPoint","urlTemplate":"https:\/\/www.hhglobal.com\/es\/?s={search_term_string}"},"query-input":{"@type":"PropertyValueSpecification","valueRequired":true,"valueName":"search_term_string"}}],"inLanguage":"es"},{"@type":"Organization","@id":"https:\/\/www.hhglobal.com\/es\/#organization","name":"HH Global","url":"https:\/\/www.hhglobal.com\/es\/","logo":{"@type":"ImageObject","inLanguage":"es","@id":"https:\/\/www.hhglobal.com\/es\/#\/schema\/logo\/image\/","url":"https:\/\/www.hhglobal.com\/wp-content\/uploads\/2023\/12\/logo-white.svg","contentUrl":"https:\/\/www.hhglobal.com\/wp-content\/uploads\/2023\/12\/logo-white.svg","width":77,"height":18,"caption":"HH Global"},"image":{"@id":"https:\/\/www.hhglobal.com\/es\/#\/schema\/logo\/image\/"}}]}},"_links":{"self":[{"href":"https:\/\/www.hhglobal.com\/es\/wp-json\/wp\/v2\/pages\/5883","targetHints":{"allow":["GET"]}}],"collection":[{"href":"https:\/\/www.hhglobal.com\/es\/wp-json\/wp\/v2\/pages"}],"about":[{"href":"https:\/\/www.hhglobal.com\/es\/wp-json\/wp\/v2\/types\/page"}],"author":[{"embeddable":true,"href":"https:\/\/www.hhglobal.com\/es\/wp-json\/wp\/v2\/users\/41"}],"replies":[{"embeddable":true,"href":"https:\/\/www.hhglobal.com\/es\/wp-json\/wp\/v2\/comments?post=5883"}],"version-history":[{"count":0,"href":"https:\/\/www.hhglobal.com\/es\/wp-json\/wp\/v2\/pages\/5883\/revisions"}],"wp:attachment":[{"href":"https:\/\/www.hhglobal.com\/es\/wp-json\/wp\/v2\/media?parent=5883"}],"curies":[{"name":"wp","href":"https:\/\/api.w.org\/{rel}","templated":true}]}}