{"id":5848,"date":"2022-05-18T10:29:31","date_gmt":"2022-05-18T10:29:31","guid":{"rendered":"https:\/\/hhassoc-dev.sbx.world\/company\/"},"modified":"2023-11-22T16:00:03","modified_gmt":"2023-11-22T16:00:03","slug":"company","status":"publish","type":"page","link":"https:\/\/www.hhglobal.com\/es\/who-we-are\/company\/","title":{"rendered":"Nuestra empresa"},"content":{"rendered":"","protected":false},"excerpt":{"rendered":"","protected":false},"author":41,"featured_media":0,"parent":0,"menu_order":0,"comment_status":"closed","ping_status":"closed","template":"","meta":{"_acf_changed":"","_yoast_wpseo_focuskw":"","_yoast_wpseo_metadesc":"","_yoast_wpseo_linkdex":"","_yoast_wpseo_content_score":"","_yoast_wpseo_meta-robots-noindex":"","_yoast_wpseo_meta-robots-nofollow":"","inline_featured_image":[],"_genesis_block_theme_hide_title":false,"_cms_nav_minihome":"","_icl_lang_duplicate_of":"","_menu_item_classes":[],"_menu_item_menu_item_parent":"","_menu_item_object":"","_menu_item_object_id":"","_menu_item_orphaned":"","_menu_item_target":"","_menu_item_type":"","_menu_item_url":"","_menu_item_xfn":"","_seedprod_page":"","_seedprod_page_template_type":"","_seedprod_page_uuid":"","_top_nav_excluded":"","_wp_attachment_backup_sizes":[],"_wp_attachment_context":"","_wp_attachment_image_alt":"","_wp_old_date":"","_wpcode_auto_insert":"","_wpcode_auto_insert_number":"","_wpcode_library_id":"","_wpml_media_duplicate":"1","_wpml_media_featured":"1","_wpml_post_translation_editor_native":"","_wpml_word_count":"{\"total\":498,\"to_translate\":{\"zh-hans\":498,\"cs\":498,\"de\":498,\"ja\":498,\"pt-br\":498,\"es\":498}}","_yoast_wpseo_estimated-reading-time-minutes":[],"_yoast_wpseo_primary_category":"","_yoast_wpseo_primary_industry":"","_yoast_wpseo_primary_solution":"","_yoast_wpseo_primary_the_author":"","_yoast_wpseo_wordproof_timestamp":"","acfml_non_translatable_locations":[],"career_externalLink":"","career_featuredImage":"","career_title":"","casestudy_featuredImage":"","casestudy_title":"","infocallout_excerpt":"","infocallout_featuredImage":"","infocallout_title":"","jobTitle":"","language":"","name":"","profilePicture":"","wp-smpro-smush-data":[],"wp-smush-animated":"","wp-smush-ignore-bulk":"","wp-smush-lossy":"","wpml_media_processed":"","_wpcode_conditional_logic_enabled":"","_wpcode_location_extra":"","_wpcode_note":"","_wpcode_priority":"","_wpcode_shortcode_attributes":[],"footnotes":""},"class_list":["post-5848","page","type-page","status-publish","hentry","post","without-featured-image"],"acf":{"page_title":"L\u00edder en el sector de la producci\u00f3n creativa y las adquisiciones | HH Global","page_description":"Descubra por qu\u00e9 HH Global -expertos en producci\u00f3n creativa y adquisiciones tecnol\u00f3gicas- es el socio adecuado para ayudarle a amplificar el marketing global de forma sostenible.","social_title":"","social_description":"","social_share_image":null,"modules":[{"acf_fc_layout":"hero","size":"small","theme":"light","choose_images":[{"image":null}],"show_eyebrow":false,"eyebrow":"Eyebrow title here","title":"Nuestra empresa","show_cta":false,"cta_url":"","cta_title":""},{"acf_fc_layout":"video","container_background_color":"bg-white","layout_style":"waffle","video_show_title":true,"video_title":"Gran impacto \r\npara sus grandes ideas.","poster":3895,"vimeoid":"https:\/\/player.vimeo.com\/video\/827617711","ytid":""},{"acf_fc_layout":"text_with_media_carousel","scroll_to_link":"","theme":"light","container_background_color":"bg-grey","highlight_color":"purple","title":"Su socio para el crecimiento","content":"Somos l\u00edderes mundiales en producci\u00f3n creativa y adquisiciones tecnol\u00f3gicas. Amplificamos sus campa\u00f1as de marketing a trav\u00e9s de una producci\u00f3n inigualable, liderazgo en adquisiciones y las capacidades de sostenibilidad m\u00e1s avanzadas disponibles. Todo ello a gran escala gracias a una tecnolog\u00eda l\u00edder en el sector y a la apasionada experiencia de nuestro personal.","additional_spacing":false,"features_title":"C\u00f3mo creamos impacto","features":[{"navigation_label":"Tecnolog\u00eda ","show_title":true,"title":"Tecnolog\u00eda propia para impulsar el rendimiento de la inversi\u00f3n y la eficiencia operativa","show_subtitle":false,"subtitle":"","content":"Nuestra plataforma tecnol\u00f3gica l\u00edder del sector le permite:\r\n<ul>\r\n \t<li>Comprender lo que compra, controlar el gasto y medir el rendimiento para permitir una mejora continua.<\/li>\r\n \t<li>Obtener informaci\u00f3n y eficacia a gran escala unificando las marcas en todos los pa\u00edses y regiones.<\/li>\r\n \t<li>Optimizar la funcionalidad que respalda sus ciclos de vida de marketing, reduciendo los residuos, impulsando el crecimiento y apoyando la transformaci\u00f3n.<\/li>\r\n<\/ul>","choose_media":[{"image":3637}],"vimeoid":"","ytid":""},{"navigation_label":"Producci\u00f3n creativa  ","show_title":true,"title":"Producci\u00f3n creativa  ","show_subtitle":false,"subtitle":"","content":"Producci\u00f3n creativa basada en datos para potenciar la presencia de marca\r\n\r\nA trav\u00e9s de nuestra red mundial de estudios digitales y un equipo verdaderamente global que opera las 24 horas, nosotros:\r\n<ul>\r\n \t<li>Amplificamos las campa\u00f1as creativas para las marcas en todos los medios, todos los canales y todos los mercados.<\/li>\r\n \t<li>Ofrecemos un dise\u00f1o pensado e impactante, impulsando la coherencia de la marca y el crecimiento de la categor\u00eda.<\/li>\r\n \t<li>Proporcionamos recursos dedicados de volumen optimizado, tarifas transparentes y seguimiento del tiempo y los recursos.<\/li>\r\n<\/ul>","choose_media":[{"image":2749}],"vimeoid":"","ytid":""},{"navigation_label":"Liderazgo en materia de adquisiciones ","show_title":true,"title":"Liderazgo en materia de adquisiciones ","show_subtitle":false,"subtitle":"","content":"Benef\u00edciese de un efecto multiplicador inigualable\r\n\r\nComo l\u00edder del sector de las adquisiciones con m\u00e1s de 2.000 millones de d\u00f3lares de gastos gestionados, nosotros:\r\n<ul>\r\n \t<li>Desplegamos a escala una experiencia inigualable en el sector y el canal<\/li>\r\n \t<li>Ofrecemos programas de adquisici\u00f3n a medida que reducen el riesgo y optimizan su cadena de suministro<\/li>\r\n \t<li>Nos abastecemos estrat\u00e9gicamente de m\u00e1s de 8.600 proveedores asociados de todas las categor\u00edas de productos en todo el mundo.<\/li>\r\n \t<li>Invertimos continuamente en nuestra cadena de suministro sostenible, fomentando la diversidad y la inclusi\u00f3n.<\/li>\r\n<\/ul>","choose_media":[{"image":2833}],"vimeoid":"","ytid":""},{"navigation_label":"Innovaci\u00f3n sostenible ","show_title":true,"title":"Innovaci\u00f3n sostenible ","show_subtitle":false,"subtitle":"","content":"Tecnolog\u00edas y estrategias de sostenibilidad l\u00edderes en el sector\r\n\r\nGracias a nuestro profundo compromiso con la sostenibilidad global, hemos desarrollado capacidades de primera l\u00ednea para proporcionar:\r\n<ul>\r\n \t<li>Soluciones integradas a medida para apoyar sus objetivos de sostenibilidad<\/li>\r\n \t<li>Inteligencia avanzada para ayudarle a tomar decisiones sostenibles con conocimiento de causa<\/li>\r\n \t<li>Marco de certificaci\u00f3n de proveedores l\u00edder del sector alineado con los Objetivos de Desarrollo Sostenible de la ONU<\/li>\r\n<\/ul>","choose_media":[{"image":2563}],"vimeoid":"","ytid":""},{"navigation_label":"Asociaciones inteligentes ","show_title":true,"title":"Asociaciones inteligentes ","show_subtitle":false,"subtitle":"","content":"El socio con mayor impacto del mundo\r\n\r\nTrabajamos con usted codo con codo, creando un gran impacto para sus grandes ideas, a trav\u00e9s de:\r\n<ul>\r\n \t<li>La mejor experiencia de nuestro personal, integrada en su negocio, marca y cultura<\/li>\r\n \t<li>Capacidades globales desplegadas con un enfoque local<\/li>\r\n \t<li>Profundidad y amplitud de nuestra experiencia al servicio de m\u00e1s de 150 de las principales marcas del mundo<\/li>\r\n \t<li>Visibilidad y conocimientos tecnol\u00f3gicos para mejorar la toma de decisiones<\/li>\r\n<\/ul>\r\n&nbsp;","choose_media":[{"image":2569}],"vimeoid":"","ytid":""}]},{"acf_fc_layout":"content_block","container_background_color":"bg-grey","show_header":false,"header":"","contents":[{"show_header_icon":false,"header_icon":null,"show_header":true,"header":"+$2B","header_color":"secondary-blue","show_subheader":true,"subheader":"Gasto gestionado","description":""},{"show_header_icon":false,"header_icon":null,"show_header":true,"header":"99%","header_color":"purple","show_subheader":true,"subheader":"Retenci\u00f3n de clientes","description":"M\u00e1s del 99 % de nuestros clientes siguen trabajando con nosotros en futuros proyectos."},{"show_header_icon":false,"header_icon":null,"show_header":true,"header":"+1000","header_color":"light-purple","show_subheader":true,"subheader":"Marcas representadas","description":"Somos socios de m\u00e1s de un tercio de las 100 empresas m\u00e1s importantes del mundo y representamos a m\u00e1s de 1.000 marcas."},{"show_header_icon":false,"header_icon":null,"show_header":true,"header":"4,500","header_color":"light-purple","show_subheader":true,"subheader":"Miembros del equipo","description":"Un equipo global dedicado al \u00e9xito de nuestros clientes"},{"show_header_icon":false,"header_icon":null,"show_header":true,"header":"90","header_color":"purple","show_subheader":true,"subheader":"Pa\u00edses atendidos","description":"Con equipos en 64 pa\u00edses"}]},{"acf_fc_layout":"clients_awards","title":"Nuestros clientes","logos":[{"logo":3703},{"logo":3709},{"logo":5197},{"logo":3721},{"logo":3727},{"logo":3733},{"logo":3739},{"logo":5233},{"logo":3751},{"logo":3925},{"logo":3901},{"logo":3919},{"logo":3769},{"logo":3907},{"logo":3787},{"logo":5203},{"logo":3799},{"logo":5425},{"logo":5161},{"logo":3817},{"logo":3829},{"logo":3835},{"logo":3841},{"logo":3847},{"logo":null}]},{"acf_fc_layout":"contact_form","scroll_to_link":"","title":"P\u00f3ngase en contacto"}]},"yoast_head":"<!-- This site is optimized with the Yoast SEO plugin v27.5 - https:\/\/yoast.com\/product\/yoast-seo-wordpress\/ -->\n<title>Nuestra empresa - HH Global<\/title>\n<meta name=\"robots\" content=\"index, follow, max-snippet:-1, max-image-preview:large, max-video-preview:-1\" \/>\n<link rel=\"canonical\" href=\"https:\/\/www.hhglobal.com\/es\/who-we-are\/company\/\" \/>\n<meta property=\"og:locale\" content=\"es_ES\" \/>\n<meta property=\"og:type\" content=\"article\" \/>\n<meta property=\"og:title\" content=\"Nuestra empresa - HH Global\" \/>\n<meta property=\"og:url\" content=\"https:\/\/www.hhglobal.com\/es\/who-we-are\/company\/\" \/>\n<meta property=\"og:site_name\" content=\"HH Global\" \/>\n<meta property=\"article:modified_time\" content=\"2023-11-22T16:00:03+00:00\" \/>\n<meta name=\"twitter:card\" content=\"summary_large_image\" \/>\n<script type=\"application\/ld+json\" class=\"yoast-schema-graph\">{\"@context\":\"https:\\\/\\\/schema.org\",\"@graph\":[{\"@type\":\"WebPage\",\"@id\":\"https:\\\/\\\/www.hhglobal.com\\\/es\\\/who-we-are\\\/company\\\/\",\"url\":\"https:\\\/\\\/www.hhglobal.com\\\/es\\\/who-we-are\\\/company\\\/\",\"name\":\"Nuestra empresa - HH Global\",\"isPartOf\":{\"@id\":\"https:\\\/\\\/www.hhglobal.com\\\/es\\\/#website\"},\"datePublished\":\"2022-05-18T10:29:31+00:00\",\"dateModified\":\"2023-11-22T16:00:03+00:00\",\"breadcrumb\":{\"@id\":\"https:\\\/\\\/www.hhglobal.com\\\/es\\\/who-we-are\\\/company\\\/#breadcrumb\"},\"inLanguage\":\"es\",\"potentialAction\":[{\"@type\":\"ReadAction\",\"target\":[\"https:\\\/\\\/www.hhglobal.com\\\/es\\\/who-we-are\\\/company\\\/\"]}]},{\"@type\":\"BreadcrumbList\",\"@id\":\"https:\\\/\\\/www.hhglobal.com\\\/es\\\/who-we-are\\\/company\\\/#breadcrumb\",\"itemListElement\":[{\"@type\":\"ListItem\",\"position\":1,\"name\":\"Home\",\"item\":\"https:\\\/\\\/www.hhglobal.com\\\/es\\\/\"},{\"@type\":\"ListItem\",\"position\":2,\"name\":\"Nuestra empresa\"}]},{\"@type\":\"WebSite\",\"@id\":\"https:\\\/\\\/www.hhglobal.com\\\/es\\\/#website\",\"url\":\"https:\\\/\\\/www.hhglobal.com\\\/es\\\/\",\"name\":\"HH Global\",\"description\":\"The global, tech-enabled creative production and procurement partner.\",\"publisher\":{\"@id\":\"https:\\\/\\\/www.hhglobal.com\\\/es\\\/#organization\"},\"potentialAction\":[{\"@type\":\"SearchAction\",\"target\":{\"@type\":\"EntryPoint\",\"urlTemplate\":\"https:\\\/\\\/www.hhglobal.com\\\/es\\\/?s={search_term_string}\"},\"query-input\":{\"@type\":\"PropertyValueSpecification\",\"valueRequired\":true,\"valueName\":\"search_term_string\"}}],\"inLanguage\":\"es\"},{\"@type\":\"Organization\",\"@id\":\"https:\\\/\\\/www.hhglobal.com\\\/es\\\/#organization\",\"name\":\"HH Global\",\"url\":\"https:\\\/\\\/www.hhglobal.com\\\/es\\\/\",\"logo\":{\"@type\":\"ImageObject\",\"inLanguage\":\"es\",\"@id\":\"https:\\\/\\\/www.hhglobal.com\\\/es\\\/#\\\/schema\\\/logo\\\/image\\\/\",\"url\":\"https:\\\/\\\/www.hhglobal.com\\\/wp-content\\\/uploads\\\/2023\\\/12\\\/logo-white.svg\",\"contentUrl\":\"https:\\\/\\\/www.hhglobal.com\\\/wp-content\\\/uploads\\\/2023\\\/12\\\/logo-white.svg\",\"width\":77,\"height\":18,\"caption\":\"HH Global\"},\"image\":{\"@id\":\"https:\\\/\\\/www.hhglobal.com\\\/es\\\/#\\\/schema\\\/logo\\\/image\\\/\"}}]}<\/script>\n<!-- \/ Yoast SEO plugin. -->","yoast_head_json":{"title":"Nuestra empresa - HH Global","robots":{"index":"index","follow":"follow","max-snippet":"max-snippet:-1","max-image-preview":"max-image-preview:large","max-video-preview":"max-video-preview:-1"},"canonical":"https:\/\/www.hhglobal.com\/es\/who-we-are\/company\/","og_locale":"es_ES","og_type":"article","og_title":"Nuestra empresa - HH Global","og_url":"https:\/\/www.hhglobal.com\/es\/who-we-are\/company\/","og_site_name":"HH Global","article_modified_time":"2023-11-22T16:00:03+00:00","twitter_card":"summary_large_image","schema":{"@context":"https:\/\/schema.org","@graph":[{"@type":"WebPage","@id":"https:\/\/www.hhglobal.com\/es\/who-we-are\/company\/","url":"https:\/\/www.hhglobal.com\/es\/who-we-are\/company\/","name":"Nuestra empresa - HH Global","isPartOf":{"@id":"https:\/\/www.hhglobal.com\/es\/#website"},"datePublished":"2022-05-18T10:29:31+00:00","dateModified":"2023-11-22T16:00:03+00:00","breadcrumb":{"@id":"https:\/\/www.hhglobal.com\/es\/who-we-are\/company\/#breadcrumb"},"inLanguage":"es","potentialAction":[{"@type":"ReadAction","target":["https:\/\/www.hhglobal.com\/es\/who-we-are\/company\/"]}]},{"@type":"BreadcrumbList","@id":"https:\/\/www.hhglobal.com\/es\/who-we-are\/company\/#breadcrumb","itemListElement":[{"@type":"ListItem","position":1,"name":"Home","item":"https:\/\/www.hhglobal.com\/es\/"},{"@type":"ListItem","position":2,"name":"Nuestra empresa"}]},{"@type":"WebSite","@id":"https:\/\/www.hhglobal.com\/es\/#website","url":"https:\/\/www.hhglobal.com\/es\/","name":"HH Global","description":"The global, tech-enabled creative production and procurement partner.","publisher":{"@id":"https:\/\/www.hhglobal.com\/es\/#organization"},"potentialAction":[{"@type":"SearchAction","target":{"@type":"EntryPoint","urlTemplate":"https:\/\/www.hhglobal.com\/es\/?s={search_term_string}"},"query-input":{"@type":"PropertyValueSpecification","valueRequired":true,"valueName":"search_term_string"}}],"inLanguage":"es"},{"@type":"Organization","@id":"https:\/\/www.hhglobal.com\/es\/#organization","name":"HH Global","url":"https:\/\/www.hhglobal.com\/es\/","logo":{"@type":"ImageObject","inLanguage":"es","@id":"https:\/\/www.hhglobal.com\/es\/#\/schema\/logo\/image\/","url":"https:\/\/www.hhglobal.com\/wp-content\/uploads\/2023\/12\/logo-white.svg","contentUrl":"https:\/\/www.hhglobal.com\/wp-content\/uploads\/2023\/12\/logo-white.svg","width":77,"height":18,"caption":"HH Global"},"image":{"@id":"https:\/\/www.hhglobal.com\/es\/#\/schema\/logo\/image\/"}}]}},"_links":{"self":[{"href":"https:\/\/www.hhglobal.com\/es\/wp-json\/wp\/v2\/pages\/5848","targetHints":{"allow":["GET"]}}],"collection":[{"href":"https:\/\/www.hhglobal.com\/es\/wp-json\/wp\/v2\/pages"}],"about":[{"href":"https:\/\/www.hhglobal.com\/es\/wp-json\/wp\/v2\/types\/page"}],"author":[{"embeddable":true,"href":"https:\/\/www.hhglobal.com\/es\/wp-json\/wp\/v2\/users\/41"}],"replies":[{"embeddable":true,"href":"https:\/\/www.hhglobal.com\/es\/wp-json\/wp\/v2\/comments?post=5848"}],"version-history":[{"count":0,"href":"https:\/\/www.hhglobal.com\/es\/wp-json\/wp\/v2\/pages\/5848\/revisions"}],"wp:attachment":[{"href":"https:\/\/www.hhglobal.com\/es\/wp-json\/wp\/v2\/media?parent=5848"}],"curies":[{"name":"wp","href":"https:\/\/api.w.org\/{rel}","templated":true}]}}