{"id":5824,"date":"2022-05-19T12:38:49","date_gmt":"2022-05-19T12:38:49","guid":{"rendered":"https:\/\/hhassoc-dev.sbx.world\/strategic-partners\/"},"modified":"2023-11-24T13:47:50","modified_gmt":"2023-11-24T13:47:50","slug":"strategic-partners","status":"publish","type":"page","link":"https:\/\/www.hhglobal.com\/es\/who-we-are\/strategic-partners\/","title":{"rendered":"Socios estrat\u00e9gicos"},"content":{"rendered":"","protected":false},"excerpt":{"rendered":"","protected":false},"author":41,"featured_media":0,"parent":0,"menu_order":0,"comment_status":"closed","ping_status":"closed","template":"","meta":{"_acf_changed":"","_yoast_wpseo_focuskw":"","_yoast_wpseo_metadesc":"","_yoast_wpseo_linkdex":"","_yoast_wpseo_content_score":"","_yoast_wpseo_meta-robots-noindex":"","_yoast_wpseo_meta-robots-nofollow":"","inline_featured_image":[],"_genesis_block_theme_hide_title":false,"_cms_nav_minihome":"","_icl_lang_duplicate_of":"","_menu_item_classes":[],"_menu_item_menu_item_parent":"","_menu_item_object":"","_menu_item_object_id":"","_menu_item_orphaned":"","_menu_item_target":"","_menu_item_type":"","_menu_item_url":"","_menu_item_xfn":"","_seedprod_page":"","_seedprod_page_template_type":"","_seedprod_page_uuid":"","_top_nav_excluded":"","_wp_attachment_backup_sizes":[],"_wp_attachment_context":"","_wp_attachment_image_alt":"","_wp_old_date":"","_wpcode_auto_insert":"","_wpcode_auto_insert_number":"","_wpcode_library_id":"","_wpml_media_duplicate":"1","_wpml_media_featured":"1","_wpml_post_translation_editor_native":"","_wpml_word_count":"{\"total\":586,\"to_translate\":{\"zh-hans\":586,\"cs\":586,\"de\":586,\"ja\":586,\"pt-br\":586,\"es\":586}}","_yoast_wpseo_estimated-reading-time-minutes":[],"_yoast_wpseo_primary_category":"","_yoast_wpseo_primary_industry":"","_yoast_wpseo_primary_solution":"","_yoast_wpseo_primary_the_author":"","_yoast_wpseo_wordproof_timestamp":"","acfml_non_translatable_locations":[],"career_externalLink":"","career_featuredImage":"","career_title":"","casestudy_featuredImage":"","casestudy_title":"","infocallout_excerpt":"","infocallout_featuredImage":"","infocallout_title":"","jobTitle":"","language":"","name":"","profilePicture":"","wp-smpro-smush-data":[],"wp-smush-animated":"","wp-smush-ignore-bulk":"","wp-smush-lossy":"","wpml_media_processed":"","_wpcode_conditional_logic_enabled":"","_wpcode_location_extra":"","_wpcode_note":"","_wpcode_priority":"","_wpcode_shortcode_attributes":[],"footnotes":""},"class_list":["post-5824","page","type-page","status-publish","hentry","post","without-featured-image"],"acf":{"page_title":"Ventajas y servicios clave del socio proveedor estrat\u00e9gico | HH Global","page_description":"Convi\u00e9rtase en socio estrat\u00e9gico de HH Global -l\u00edder mundial en producci\u00f3n creativa y adquisiciones- para beneficiarse de un crecimiento m\u00e1s sostenible de su negocio.","social_title":"","social_description":"","social_share_image":null,"modules":[{"acf_fc_layout":"hero","size":"medium2","theme":"dark","choose_images":[{"image":2725}],"show_eyebrow":false,"eyebrow":"","title":"Socios estrat\u00e9gicos","show_cta":false,"cta_url":"","cta_title":""},{"acf_fc_layout":"intro_content_block","container_background_color":"bg-white","type":false,"show_image":false,"intro_image":null,"show_background":false,"background":null,"show_eyebrow":false,"eyebrow":"Strategic partners ","show_designations":false,"designations":null,"show_title":true,"size":"large","title":"Socio para el crecimiento","show_intro":true,"intro":"Nos asociamos con proveedores estrat\u00e9gicos como usted para crear relaciones mutuamente beneficiosas.\r\nNuestros clientes son las mayores marcas del mundo. Cuentan con HH Global para proporcionarles la cadena de suministro m\u00e1s s\u00f3lida y eficiente disponible. Nuestra misi\u00f3n es ofrecer un impacto extraordinario a estos clientes en todo el mundo, apoyando al mismo tiempo sus objetivos de crecimiento empresarial.\r\n\r\n<a href=\"mailto:HHGSupplierInquiry@www.hhglobal.com\"><strong>Convi\u00e9rtase en socio estrat\u00e9gico<\/strong><\/a>","show_body":false,"body":"Our clients are the biggest brands in the world, and there is a reason they count on HH Global to provide the strongest, most efficient supply chain in the business. We actively partner with strategic suppliers like you to create a mutually productive relationship that ensures we can deliver extraordinary impact for our clients across the globe while enabling you to grow your business.\r\n\r\n<a href=\"mailto:HHGSupplierInquiry@www.hhglobal.com\">Become a strategic partner<\/a>","show_labels":false,"labels":{"show_social":false,"custom_categories":null}},{"acf_fc_layout":"text_with_media","scroll_to_link":"","theme":"light","container_background_color":"bg-grey","show_eyebrow":false,"eyebrow":"","show_title":false,"title":"","show_sub_title":true,"sub_title":"Prestaciones y servicios","content":"<h4>Trabaje con las marcas m\u00e1s importantes y la mejor tecnolog\u00eda de su clase<\/h4>\r\nHH Global ofrece a nuestros socios proveedores estrat\u00e9gicos ventajas y servicios sin parang\u00f3n en el sector:\r\n<ul>\r\n\t<li>Crecimiento selectivo con las mayores marcas del mundo<\/li>\r\n\r\n\t<li>Nuestros equipos regionales de gesti\u00f3n de categor\u00edas de abastecimiento estrat\u00e9gico adaptan los requisitos de nuestros clientes a sus capacidades, permiti\u00e9ndole hacer m\u00e1s de lo que sabe hacer bien.<\/li>\r\n\r\n\t<li>Proporcionamos las mejores pr\u00e1cticas de la cadena de suministro, optimizaci\u00f3n y consultor\u00eda de procesos a socios proveedores estrat\u00e9gicos para mejorar su rendimiento<\/li>\r\n\r\n\r\n<\/ul>","cta_url":"","cta_text":"","open_in_new_window":false,"choose_media":[{"image":5137}],"image_alignment":"left","image_fit":"cover","image_size":"half-width","vimeoid":"","ytid":""},{"acf_fc_layout":"text_with_media","scroll_to_link":"","theme":"light","container_background_color":"bg-grey","show_eyebrow":false,"eyebrow":"","show_title":false,"title":"Learn more about Sustainable Procurement Framework  ","show_sub_title":false,"sub_title":"Benefits and services","content":"<h4>Mejore su eficacia con nuestra suite de contrataci\u00f3n electr\u00f3nica Hub<\/h4>\r\n\r\nLa condici\u00f3n preferente de socio proveedor estrat\u00e9gico de HH Global en todos nuestros sistemas de comercio electr\u00f3nico le ofrece:\r\n<ul>\r\n \t<li>Un sistema de facturaci\u00f3n electr\u00f3nica optimizado, que minimiza los costos administrativos y reduce el ciclo de pago<\/li>\r\n<li>Acceso a un panel de control de resultados personalizado para facilitar la toma de decisiones y las operaciones<\/li>\r\n\r\n<\/ul>\r\n<h4>Consiga una mayor visibilidad de su empresa para mejorar su rendimiento<\/h4>\r\n<ul>\r\n \t<li>Inclusi\u00f3n en nuestro sistema propio de gesti\u00f3n de las relaciones con los proveedores<\/li>\r\n\t<li>Inclusi\u00f3n en el programa Supplier Insight de HH Global<\/li>      \r\n\t<li>Revisiones del rendimiento de los proveedores<\/li>\r\n\t<li>Evaluaci\u00f3n comparativa de la innovaci\u00f3n basada en las mejores pr\u00e1cticas del sector y de la categor\u00eda<\/li>\r\n\t<li>Auditor\u00edas de riesgos operativos y de seguridad de la informaci\u00f3n<\/li>\r\n<\/ul>\r\n&nbsp;","cta_url":"","cta_text":"","open_in_new_window":false,"choose_media":[{"image":5047}],"image_alignment":"right","image_fit":"cover","image_size":"half-width","vimeoid":"","ytid":""},{"acf_fc_layout":"text_with_media","scroll_to_link":"","theme":"light","container_background_color":"bg-grey","show_eyebrow":false,"eyebrow":"","show_title":false,"title":"","show_sub_title":true,"sub_title":"Mejore su perfil ASG con nuestro Marco de adquisiciones sostenible","content":"<h4>Satisfacer la creciente demanda de rendimiento sostenible<\/h4>\r\nHH Global se compromete a ayudar a nuestros socios proveedores estrat\u00e9gicos a hacer crecer sus negocios de forma sostenible.\r\nCada vez m\u00e1s clientes exigen a sus proveedores que cumplan objetivos de sostenibilidad. Para ayudarle a avanzar en su camino hacia la sostenibilidad y conseguir m\u00e1s negocios de las marcas m\u00e1s importantes del mundo, le ofrecemos el Marco Global de Adquisiciones Sostenibles (SPF) de HH .\r\n\r\nExclusivo para nuestros socios proveedores estrat\u00e9gicos, el SPF es un innovador programa tecnol\u00f3gico para la cadena de suministro que se ajusta a los Objetivos de Desarrollo Sostenible de las Naciones Unidas. Le ayudar\u00e1 a compartir f\u00e1cilmente sus credenciales y a avanzar hacia pr\u00e1cticas empresariales m\u00e1s conformes.\r\n","cta_url":"","cta_text":"","open_in_new_window":false,"choose_media":[{"image":2557}],"image_alignment":"right","image_fit":"cover","image_size":"half-width","vimeoid":"","ytid":""},{"acf_fc_layout":"quotes","container_background_color":"bg-grey","quote":[{"attribution_name":"Carolyn Pickney","attribution_title":"Presidente, Billboard Agency International, Norteam\u00e9rica","content":"Trabajar con HH Global es un soplo de aire fresco en un sector tan exigente. El respeto que HH Global tiene por sus proveedores, la colaboraci\u00f3n de confianza y la comunicaci\u00f3n son, de lejos, las mejores del sector. Disfrutamos mucho trabajando con todo el mundo en HH Global y valoramos nuestra relaci\u00f3n.","prevent_graphic":false},{"attribution_name":"Laura Soto","attribution_title":"Director, Grupo Imaginaci\u00f3n y Movimiento, M\u00e9xico","content":"Trabajar con HH Global nos obliga a mantener un alto nivel de calidad e impulsa la mejora continua. Cada proyecto es diferente y representa un nuevo reto; constantemente desarrollamos innovaciones y trabajamos con el esp\u00edritu de equipo y la orientaci\u00f3n al cliente que caracterizan a nuestro socio comercial, todo lo cual aporta un valor a\u00f1adido a nuestras operaciones. Somos socios proveedores estrat\u00e9gicos de HH Global desde hace m\u00e1s de cinco a\u00f1os, y en este tiempo hemos tenido un crecimiento constante por la incorporaci\u00f3n de nuevos clientes.","prevent_graphic":false},{"attribution_name":"Bachar Aintaoui","attribution_title":"Presidente, Grupo MBA, Reino Unido","content":"En MBA creemos que la innovaci\u00f3n y la colaboraci\u00f3n pueden transformar nuestro negocio para mejorar. Buscamos el mismo enfoque en las empresas con las que trabajamos para ofrecer un servicio mejor y m\u00e1s eficiente a nuestros clientes. Esta es la clave del \u00e9xito de nuestra relaci\u00f3n de 10 a\u00f1os con HH Global: trabajar de forma proactiva a trav\u00e9s una asociaci\u00f3n en contrataci\u00f3n que se centre en la mejora continua y ofrezca rentabilidad, mejores pr\u00e1cticas e innovaci\u00f3n.","prevent_graphic":false}],"reduce_spacing":false},{"acf_fc_layout":"contact_form","title":"P\u00f3ngase en contacto"}]},"yoast_head":"<!-- This site is optimized with the Yoast SEO plugin v27.3 - https:\/\/yoast.com\/product\/yoast-seo-wordpress\/ -->\n<title>Socios estrat\u00e9gicos - HH Global<\/title>\n<meta name=\"robots\" content=\"index, follow, max-snippet:-1, max-image-preview:large, max-video-preview:-1\" \/>\n<link rel=\"canonical\" href=\"https:\/\/www.hhglobal.com\/es\/who-we-are\/strategic-partners\/\" \/>\n<meta property=\"og:locale\" content=\"es_ES\" \/>\n<meta property=\"og:type\" content=\"article\" \/>\n<meta property=\"og:title\" content=\"Socios estrat\u00e9gicos - HH Global\" \/>\n<meta property=\"og:url\" content=\"https:\/\/www.hhglobal.com\/es\/who-we-are\/strategic-partners\/\" \/>\n<meta property=\"og:site_name\" content=\"HH Global\" \/>\n<meta property=\"article:modified_time\" content=\"2023-11-24T13:47:50+00:00\" \/>\n<meta name=\"twitter:card\" content=\"summary_large_image\" \/>\n<script type=\"application\/ld+json\" class=\"yoast-schema-graph\">{\"@context\":\"https:\\\/\\\/schema.org\",\"@graph\":[{\"@type\":\"WebPage\",\"@id\":\"https:\\\/\\\/www.hhglobal.com\\\/es\\\/who-we-are\\\/strategic-partners\\\/\",\"url\":\"https:\\\/\\\/www.hhglobal.com\\\/es\\\/who-we-are\\\/strategic-partners\\\/\",\"name\":\"Socios estrat\u00e9gicos - HH Global\",\"isPartOf\":{\"@id\":\"https:\\\/\\\/www.hhglobal.com\\\/es\\\/#website\"},\"datePublished\":\"2022-05-19T12:38:49+00:00\",\"dateModified\":\"2023-11-24T13:47:50+00:00\",\"breadcrumb\":{\"@id\":\"https:\\\/\\\/www.hhglobal.com\\\/es\\\/who-we-are\\\/strategic-partners\\\/#breadcrumb\"},\"inLanguage\":\"es\",\"potentialAction\":[{\"@type\":\"ReadAction\",\"target\":[\"https:\\\/\\\/www.hhglobal.com\\\/es\\\/who-we-are\\\/strategic-partners\\\/\"]}]},{\"@type\":\"BreadcrumbList\",\"@id\":\"https:\\\/\\\/www.hhglobal.com\\\/es\\\/who-we-are\\\/strategic-partners\\\/#breadcrumb\",\"itemListElement\":[{\"@type\":\"ListItem\",\"position\":1,\"name\":\"Home\",\"item\":\"https:\\\/\\\/www.hhglobal.com\\\/es\\\/\"},{\"@type\":\"ListItem\",\"position\":2,\"name\":\"Socios estrat\u00e9gicos\"}]},{\"@type\":\"WebSite\",\"@id\":\"https:\\\/\\\/www.hhglobal.com\\\/es\\\/#website\",\"url\":\"https:\\\/\\\/www.hhglobal.com\\\/es\\\/\",\"name\":\"HH Global\",\"description\":\"The global, tech-enabled creative production and procurement partner.\",\"publisher\":{\"@id\":\"https:\\\/\\\/www.hhglobal.com\\\/es\\\/#organization\"},\"potentialAction\":[{\"@type\":\"SearchAction\",\"target\":{\"@type\":\"EntryPoint\",\"urlTemplate\":\"https:\\\/\\\/www.hhglobal.com\\\/es\\\/?s={search_term_string}\"},\"query-input\":{\"@type\":\"PropertyValueSpecification\",\"valueRequired\":true,\"valueName\":\"search_term_string\"}}],\"inLanguage\":\"es\"},{\"@type\":\"Organization\",\"@id\":\"https:\\\/\\\/www.hhglobal.com\\\/es\\\/#organization\",\"name\":\"HH Global\",\"url\":\"https:\\\/\\\/www.hhglobal.com\\\/es\\\/\",\"logo\":{\"@type\":\"ImageObject\",\"inLanguage\":\"es\",\"@id\":\"https:\\\/\\\/www.hhglobal.com\\\/es\\\/#\\\/schema\\\/logo\\\/image\\\/\",\"url\":\"https:\\\/\\\/www.hhglobal.com\\\/wp-content\\\/uploads\\\/2023\\\/12\\\/logo-white.svg\",\"contentUrl\":\"https:\\\/\\\/www.hhglobal.com\\\/wp-content\\\/uploads\\\/2023\\\/12\\\/logo-white.svg\",\"width\":77,\"height\":18,\"caption\":\"HH Global\"},\"image\":{\"@id\":\"https:\\\/\\\/www.hhglobal.com\\\/es\\\/#\\\/schema\\\/logo\\\/image\\\/\"}}]}<\/script>\n<!-- \/ Yoast SEO plugin. -->","yoast_head_json":{"title":"Socios estrat\u00e9gicos - HH Global","robots":{"index":"index","follow":"follow","max-snippet":"max-snippet:-1","max-image-preview":"max-image-preview:large","max-video-preview":"max-video-preview:-1"},"canonical":"https:\/\/www.hhglobal.com\/es\/who-we-are\/strategic-partners\/","og_locale":"es_ES","og_type":"article","og_title":"Socios estrat\u00e9gicos - HH Global","og_url":"https:\/\/www.hhglobal.com\/es\/who-we-are\/strategic-partners\/","og_site_name":"HH Global","article_modified_time":"2023-11-24T13:47:50+00:00","twitter_card":"summary_large_image","schema":{"@context":"https:\/\/schema.org","@graph":[{"@type":"WebPage","@id":"https:\/\/www.hhglobal.com\/es\/who-we-are\/strategic-partners\/","url":"https:\/\/www.hhglobal.com\/es\/who-we-are\/strategic-partners\/","name":"Socios estrat\u00e9gicos - HH Global","isPartOf":{"@id":"https:\/\/www.hhglobal.com\/es\/#website"},"datePublished":"2022-05-19T12:38:49+00:00","dateModified":"2023-11-24T13:47:50+00:00","breadcrumb":{"@id":"https:\/\/www.hhglobal.com\/es\/who-we-are\/strategic-partners\/#breadcrumb"},"inLanguage":"es","potentialAction":[{"@type":"ReadAction","target":["https:\/\/www.hhglobal.com\/es\/who-we-are\/strategic-partners\/"]}]},{"@type":"BreadcrumbList","@id":"https:\/\/www.hhglobal.com\/es\/who-we-are\/strategic-partners\/#breadcrumb","itemListElement":[{"@type":"ListItem","position":1,"name":"Home","item":"https:\/\/www.hhglobal.com\/es\/"},{"@type":"ListItem","position":2,"name":"Socios estrat\u00e9gicos"}]},{"@type":"WebSite","@id":"https:\/\/www.hhglobal.com\/es\/#website","url":"https:\/\/www.hhglobal.com\/es\/","name":"HH Global","description":"The global, tech-enabled creative production and procurement partner.","publisher":{"@id":"https:\/\/www.hhglobal.com\/es\/#organization"},"potentialAction":[{"@type":"SearchAction","target":{"@type":"EntryPoint","urlTemplate":"https:\/\/www.hhglobal.com\/es\/?s={search_term_string}"},"query-input":{"@type":"PropertyValueSpecification","valueRequired":true,"valueName":"search_term_string"}}],"inLanguage":"es"},{"@type":"Organization","@id":"https:\/\/www.hhglobal.com\/es\/#organization","name":"HH Global","url":"https:\/\/www.hhglobal.com\/es\/","logo":{"@type":"ImageObject","inLanguage":"es","@id":"https:\/\/www.hhglobal.com\/es\/#\/schema\/logo\/image\/","url":"https:\/\/www.hhglobal.com\/wp-content\/uploads\/2023\/12\/logo-white.svg","contentUrl":"https:\/\/www.hhglobal.com\/wp-content\/uploads\/2023\/12\/logo-white.svg","width":77,"height":18,"caption":"HH Global"},"image":{"@id":"https:\/\/www.hhglobal.com\/es\/#\/schema\/logo\/image\/"}}]}},"_links":{"self":[{"href":"https:\/\/www.hhglobal.com\/es\/wp-json\/wp\/v2\/pages\/5824","targetHints":{"allow":["GET"]}}],"collection":[{"href":"https:\/\/www.hhglobal.com\/es\/wp-json\/wp\/v2\/pages"}],"about":[{"href":"https:\/\/www.hhglobal.com\/es\/wp-json\/wp\/v2\/types\/page"}],"author":[{"embeddable":true,"href":"https:\/\/www.hhglobal.com\/es\/wp-json\/wp\/v2\/users\/41"}],"replies":[{"embeddable":true,"href":"https:\/\/www.hhglobal.com\/es\/wp-json\/wp\/v2\/comments?post=5824"}],"version-history":[{"count":0,"href":"https:\/\/www.hhglobal.com\/es\/wp-json\/wp\/v2\/pages\/5824\/revisions"}],"wp:attachment":[{"href":"https:\/\/www.hhglobal.com\/es\/wp-json\/wp\/v2\/media?parent=5824"}],"curies":[{"name":"wp","href":"https:\/\/api.w.org\/{rel}","templated":true}]}}