{"id":5823,"date":"2022-05-19T12:39:43","date_gmt":"2022-05-19T12:39:43","guid":{"rendered":"https:\/\/hhassoc-dev.sbx.world\/sustainability\/"},"modified":"2023-03-14T18:03:23","modified_gmt":"2023-03-14T18:03:23","slug":"sustainability","status":"publish","type":"page","link":"https:\/\/www.hhglobal.com\/es\/sustainability\/","title":{"rendered":"Sostenibilidad"},"content":{"rendered":"","protected":false},"excerpt":{"rendered":"","protected":false},"author":41,"featured_media":0,"parent":0,"menu_order":0,"comment_status":"closed","ping_status":"closed","template":"","meta":{"_acf_changed":"","_yoast_wpseo_focuskw":"","_yoast_wpseo_metadesc":"","_yoast_wpseo_linkdex":"","_yoast_wpseo_content_score":"","_yoast_wpseo_meta-robots-noindex":"","_yoast_wpseo_meta-robots-nofollow":"","inline_featured_image":[],"_genesis_block_theme_hide_title":false,"_cms_nav_minihome":"","_icl_lang_duplicate_of":"","_menu_item_classes":[],"_menu_item_menu_item_parent":"","_menu_item_object":"","_menu_item_object_id":"","_menu_item_orphaned":"","_menu_item_target":"","_menu_item_type":"","_menu_item_url":"","_menu_item_xfn":"","_seedprod_page":"","_seedprod_page_template_type":"","_seedprod_page_uuid":"","_top_nav_excluded":"","_wp_attachment_backup_sizes":[],"_wp_attachment_context":"","_wp_attachment_image_alt":"","_wp_old_date":"","_wpcode_auto_insert":"","_wpcode_auto_insert_number":"","_wpcode_library_id":"","_wpml_media_duplicate":"1","_wpml_media_featured":"1","_wpml_post_translation_editor_native":"","_wpml_word_count":"{\"total\":1224,\"to_translate\":{\"zh-hans\":1224,\"cs\":1224,\"de\":1224,\"ja\":1224,\"pt-br\":1224,\"es\":1224}}","_yoast_wpseo_estimated-reading-time-minutes":[],"_yoast_wpseo_primary_category":"","_yoast_wpseo_primary_industry":"","_yoast_wpseo_primary_solution":"","_yoast_wpseo_primary_the_author":"","_yoast_wpseo_wordproof_timestamp":"","acfml_non_translatable_locations":[],"career_externalLink":"","career_featuredImage":"","career_title":"","casestudy_featuredImage":"","casestudy_title":"","infocallout_excerpt":"","infocallout_featuredImage":"","infocallout_title":"","jobTitle":"","language":"","name":"","profilePicture":"","wp-smpro-smush-data":[],"wp-smush-animated":"","wp-smush-ignore-bulk":"","wp-smush-lossy":"","wpml_media_processed":"","_wpcode_conditional_logic_enabled":"","_wpcode_location_extra":"","_wpcode_note":"","_wpcode_priority":"","_wpcode_shortcode_attributes":[],"footnotes":""},"class_list":["post-5823","page","type-page","status-publish","hentry","post","without-featured-image"],"acf":{"page_title":"Producci\u00f3n creativa sostenible y l\u00edder en adquisiciones | HH Global","page_description":"Asociarse con HH Global para la producci\u00f3n creativa sostenible y soluciones de adquisici\u00f3n que permitan el progreso social e impulsen el crecimiento empresarial de forma sostenible.","social_title":"","social_description":"","social_share_image":null,"modules":[{"acf_fc_layout":"hero","size":"medium2","theme":"dark","choose_images":[{"image":4945}],"show_eyebrow":false,"eyebrow":"","title":"Sostenibilidad","show_cta":false,"cta_url":"","cta_title":""},{"acf_fc_layout":"intro_content_block","scroll_to_link":"","container_background_color":"bg-white","type":false,"show_image":false,"intro_image":null,"show_background":false,"background":null,"show_eyebrow":false,"eyebrow":"","show_designations":false,"designations":null,"show_title":true,"size":"large","title":"L\u00edderes en marketing sostenible","show_intro":true,"intro":"<p class=\"Body\">Como l\u00edder en responsabilidad medioambiental y de impacto social, HH Global adapta soluciones integradas en las operaciones diarias para apoyar sus objetivos de sostenibilidad. Trabajando con las marcas m\u00e1s grandes y visibles del mundo, proporcionamos informaci\u00f3n avanzada para ayudarles a tomar decisiones informadas sobre sostenibilidad. Y nuestro marco de certificaci\u00f3n de proveedores, l\u00edder en el sector, proporciona un amplio y creciente grupo de proveedores alineados con nuestra visi\u00f3n en todo el mundo.<\/p>","show_body":false,"body":"At HH Global we have built our business practices around our sustainability goals\u2014and have enabled our clients and supplier partners to do the same. Our sustainability strategy centers on the United Nations Sustainability Development Goals (SDGs) . <link to sustainability report> as well as our Innovation with Purpose sustainability program, guiding everything we do as a company and the way we plan for the future. ","show_labels":false,"labels":{"show_social":false,"custom_categories":null}},{"acf_fc_layout":"text_with_media","scroll_to_link":"","theme":"light","container_background_color":"bg-white","show_eyebrow":false,"eyebrow":"","show_title":false,"title":"","show_sub_title":true,"sub_title":"Crecimiento sostenible para nuestros socios, nuestro personal y el planeta","content":"Nuestras estrategias de sostenibilidad se centran en los <a href=\"https:\/\/sdgs.un.org\/goals\">Objetivos de Desarrollo Sostenible <\/a>de las Naciones Unidas, as\u00ed como en nuestro programa de sostenibilidad: Innovaci\u00f3n con Prop\u00f3sito. La sostenibilidad gu\u00eda todo lo que hacemos como empresa y c\u00f3mo planificamos el futuro. Aprovechando nuestras amplias ventajas en la cadena de suministro y nuestra eficiencia operativa, impulsamos el \u00e9xito empresarial de nuestros clientes al tiempo que minimizamos los residuos para obtener beneficios a largo plazo. Consulte nuestro \u00faltimo <a href=\"https:\/\/decoupledhhg.wpengine.com\/wp-content\/uploads\/2022\/12\/HH-Global_Sustainability-AR-2023_-FINAL_HR_spreads.pdf\">informe de <\/a>sostenibilidad.","cta_url":"","cta_text":"","open_in_new_window":false,"choose_media":[{"image":4939}],"image_alignment":"left","image_fit":"cover","image_size":"half-width","vimeoid":"","ytid":""},{"acf_fc_layout":"text_with_media_carousel","scroll_to_link":"","theme":"light","container_background_color":"bg-grey","highlight_color":"purple","title":"Maximizar la sostenibilidad mediante tecnolog\u00eda punta","content":"Sabemos por experiencia que los cambios basados en los datos y el conocimiento conducen a los mejores resultados de sostenibilidad posibles. Nuestra tecnolog\u00eda patentada y nuestros productos y servicios ricos en datos ayudan a nuestros clientes, a nuestra organizaci\u00f3n y a nuestros socios proveedores estrat\u00e9gicos a alcanzar sus objetivos de sostenibilidad.","additional_spacing":false,"features_title":"","features":[{"navigation_label":"Hub","show_title":true,"title":"Hub","show_subtitle":false,"subtitle":"","content":"Nuestra plataforma Hub genera datos sobre el impacto de CO<sub>2<\/sub> en la fase de planificaci\u00f3n, lo que permite a nuestros clientes tomar decisiones informadas sobre las t\u00e1cticas de campa\u00f1a y la elecci\u00f3n de canales. HH Global es el primer socio de producci\u00f3n y contrataci\u00f3n creativa del mundo que hace esto a tal escala, integrando nuestro motor de calculadora medioambiental como parte de nuestro modelo operativo est\u00e1ndar.","choose_media":[{"image":5227}],"vimeoid":"","ytid":""},{"navigation_label":"Conjunto de datos con IA","show_title":true,"title":"Conjunto de datos con IA","show_subtitle":false,"subtitle":"","content":"Para complementar esta informaci\u00f3n sobre el CO<sub>2<\/sub> , contamos con un conjunto de datos basado en IA. A medida que se procesan m\u00e1s datos, nuestra tecnolog\u00eda ofrece continuamente a nuestros clientes un resultado m\u00e1s refinado, lo que permite la modelizaci\u00f3n predictiva del impacto del CO<sub>2<\/sub> para apoyar y ofrecer conocimientos y beneficios a largo plazo a los clientes.","choose_media":[{"image":5167}],"vimeoid":"","ytid":""},{"navigation_label":"Marco de contrataci\u00f3n sostenible","show_title":true,"title":"Marco de contrataci\u00f3n sostenible","show_subtitle":false,"subtitle":"","content":"Nuestro Marco de Adquisiciones Sostenibles es otra primicia en el mercado, ya que utiliza la tecnolog\u00eda y los datos para extender las mejores pr\u00e1cticas a toda nuestra cadena de suministro global. Combinando los datos de los proveedores de HH Global con la investigaci\u00f3n y los conocimientos de nuestros socios, hemos creado un marco de cadena de suministro sostenible \u00fanico en su g\u00e9nero. El SPF ayuda a nuestros socios de la cadena de suministro a evaluar su madurez actual en materia de sostenibilidad. El SPF tambi\u00e9n les ayuda a progresar a trav\u00e9s de recursos educativos, intercambio de mejores pr\u00e1cticas y conocimiento de las experiencias de HH Global.\r\n\r\nEl reconocimiento del \u00e9xito por parte de los socios de la cadena de suministro es una parte clave del SPF, adem\u00e1s de impulsar la mejora continua y reducir los perfiles de riesgo. Con la idea de que \"una marea creciente levanta todos los barcos\", el SPF se centra claramente en resultados mensurables y avances hacia los ODS de las Naciones Unidas.\r\n","choose_media":[{"image":5005}],"vimeoid":"","ytid":""}]},{"acf_fc_layout":"text_with_media_carousel","scroll_to_link":"","theme":"light","container_background_color":"bg-grey","highlight_color":"purple","title":"Servicios de consultor\u00eda sobre sostenibilidad","content":"HH Global ofrece servicios integrales de consultor\u00eda en sostenibilidad, aplicando nuestra experiencia para crear o aumentar las iniciativas ESG de los clientes. Estos servicios incluyen hojas de ruta de sostenibilidad, evaluaciones de sostenibilidad, auditor\u00edas de gesti\u00f3n de residuos y estrategia de sostenibilidad.","additional_spacing":false,"features_title":"","features":[{"navigation_label":"Evaluaci\u00f3n de la sostenibilidad","show_title":true,"title":"Evaluaci\u00f3n de la sostenibilidad","show_subtitle":false,"subtitle":"","content":"Nuestro servicio de evaluaci\u00f3n de la sostenibilidad, el primero en llegar al mercado, utiliza la tecnolog\u00eda y los datos junto con una oferta de servicios asistidos para ayudarle a comparar y contrastar su negocio con el de sus competidores por vertical de mercado o geograf\u00eda.\r\n<ul>\r\n \t<li>Proporciona dos m\u00e9tricas clave para la evaluaci\u00f3n comparativa<\/li>\r\n \t<li>CO 2 por mill\u00f3n de d\u00f3lares de gasto<\/li>\r\n \t<li>Puntuaci\u00f3n de alineaci\u00f3n de la compra con el principio<\/li>\r\n<\/ul>","choose_media":null,"vimeoid":"","ytid":""},{"navigation_label":"Servicios de estrategia de sostenibilidad","show_title":true,"title":"Servicios de estrategia de sostenibilidad","show_subtitle":false,"subtitle":"","content":"Como socio clave, podemos ayudarle a abordar sus retos de sostenibilidad con nuestro proceso centrado, interactivo y de tres pasos. Nuestro enfoque por fases ayuda a crear objetivos a corto plazo junto con metas de sostenibilidad a m\u00e1s largo plazo.\r\n<ul>\r\n \t<li>Un taller para determinar c\u00f3mo contribuir a los Objetivos de Desarrollo Sostenible de la ONU<\/li>\r\n \t<li>Creaci\u00f3n de informes<\/li>\r\n \t<li>Una hoja de ruta ESG y de sostenibilidad con apoyo continuo<\/li>\r\n<\/ul>","choose_media":null,"vimeoid":"","ytid":""},{"navigation_label":"Hoja de ruta estrat\u00e9gica para la sostenibilidad","show_title":true,"title":"Hoja de ruta estrat\u00e9gica para la sostenibilidad","show_subtitle":false,"subtitle":"","content":"<ul>\r\n\t<li>C\u00e1lculos y planificaci\u00f3n de la reducci\u00f3n de CO<sub>2<\/sub><\/li>\r\n\t<li>Crea una hoja de ruta de sostenibilidad a largo plazo para centrarse en las \u00e1reas de mayor impacto medioambiental, como las emisiones de CO<sub>2<\/sub> , en l\u00ednea con los compromisos de sostenibilidad corporativa del cliente.<\/li>\r\n\t<li>Establece una base de referencia para las emisiones de carbono<\/li>\r\n\t<li>Define y se alinea con los objetivos de reducci\u00f3n previstos<\/li>\r\n\t<li>Establece una estrategia de reducci\u00f3n cuantificable de las emisiones de CO2 basada en nuestros principios b\u00e1sicos de sostenibilidad.<\/li>\r\n\t<li>Impacto medioambiental y Medici\u00f3n del ahorro<\/li>\r\n\t<li>Evaluaci\u00f3n del ciclo de vida: productos, envases y servicios<\/li>\r\n\t<li>Mitigaci\u00f3n del carbono<\/li>\r\n<\/ul>","choose_media":null,"vimeoid":"","ytid":""},{"navigation_label":"Gesti\u00f3n operativa de residuos","show_title":true,"title":"Gesti\u00f3n operativa de residuos","show_subtitle":false,"subtitle":"","content":"Teniendo en cuenta la creciente ambici\u00f3n de nuestros clientes por alcanzar el objetivo de cero residuos y eliminar los pl\u00e1sticos de un solo uso en sus operaciones, HH Global puede ayudar a transformar las econom\u00edas de usar y tirar en econom\u00edas circulares. Realizamos auditor\u00edas locales de residuos, analizamos los datos recopilados y presentamos recomendaciones significativas para reducir los residuos operativos.\r\n<ul>\r\n\t<li>Auditor\u00edas de residuos: oficinas, almacenes y puntos de venta al por menor<\/li>\r\n\t<li>Elaboraci\u00f3n de informes finales sobre los resultados de las auditor\u00edas de residuos en l\u00ednea e in situ, con recomendaciones, objetivos y metas.<\/li>\r\n\t<li>Publicaci\u00f3n de los resultados con los informes de sostenibilidad de los clientes<\/li>\r\n\t<li>Reducci\u00f3n del uso de vertederos, aumento del reciclado y oportunidades de circuito cerrado<\/li>\r\n\t<li>Reducci\u00f3n de los costos de eliminaci\u00f3n y apoyo a la creaci\u00f3n de nuevas fuentes de ingresos por residuos<\/li>\r\n\t<li>Aumento de la desviaci\u00f3n de residuos y las oportunidades de reciclaje en circuito cerrado<\/li>\r\n<\/ul>","choose_media":null,"vimeoid":"","ytid":""}]},{"acf_fc_layout":"simple_content_block","scroll_to_link":"","container_background_color":"bg-white","columns":"2","title_one":"Objetivo: ODS 8","content_one":"<img class=\"alignnone size-medium wp-image-1071 aligncenter\" src=\"https:\/\/decoupledhhg.wpengine.com\/wp-content\/uploads\/2022\/05\/E-WEB-Goal-08-1024x1024-1-300x154.png\" alt=\"\" width=\"300\" height=\"154\" \/>\r\n\r\n<strong>Trabajo digno y crecimiento econ\u00f3mico<\/strong>\r\nNos comprometemos a hacer de HH Global un gran lugar de trabajo para nuestros compa\u00f1eros y a garantizar que nuestros socios proveedores estrat\u00e9gicos ofrezcan condiciones laborales dignas, salarios justos, equidad laboral y derechos de los empleados en su lugar de trabajo. Para 2025, garantizaremos:\r\n<ul>\r\n\t<li>Los empleados de nuestra empresa cobran un salario digno<\/li>\r\n\t<li>Tenemos confirmaci\u00f3n de una pol\u00edtica de salario digno del 100 % de nuestros proveedores de primer nivel*.<\/li>\r\n\t<li>El 100 % de nuestros proveedores de primer nivel* cumplen nuestras normas medioambientales y sociales claramente definidas.<\/li>\r\n\t<li>Todos nuestros proveedores de primer nivel* han recibido informaci\u00f3n y orientaci\u00f3n sobre los Objetivos de Desarrollo Sostenible, y el 30 % ha manifestado su apoyo.<\/li>\r\n<\/ul>\r\n*Proveedores que representan el 95 % del gasto global de HH.","title_two":"Objetivo: ODS 10","content_two":"<img class=\"alignnone size-medium wp-image-1072 aligncenter\" src=\"https:\/\/decoupledhhg.wpengine.com\/wp-content\/uploads\/2022\/05\/E-WEB-Goal-10-1024x1024-1-300x154.png\" alt=\"\" width=\"300\" height=\"154\" \/>\r\n\r\n<strong>Reducci\u00f3n de las desigualdades<\/strong>\r\n\r\nSomos una organizaci\u00f3n en crecimiento, diversa e integradora que refleja las comunidades en las que operamos. Respetamos los derechos y las oportunidades de todas las personas, independientemente de su sexo, origen \u00e9tnico, creencias religiosas, orientaci\u00f3n sexual u origen socioecon\u00f3mico. Para 2025:\r\n<ul>\r\n\t<li>Contaremos con un 30 % de representaci\u00f3n diversa en la direcci\u00f3n mundial de HH*. <\/li>   \r\n\t<li>Realizaremos el 15 % de nuestro gasto anual con proveedores de peque\u00f1as empresas y empresas diversas.<\/li>\r\n\t<li>Garantizaremos que todos los programas de desarrollo y formaci\u00f3n de nuestro personal incluyan los principios de DE e I y sean completados por el 100 % de los empleados.<\/li>\r\n<\/ul>\r\n*Consejo de Administraci\u00f3n del Grupo y Equipo Directivo Regional"},{"acf_fc_layout":"simple_content_block","scroll_to_link":"","container_background_color":"bg-white","columns":"2","title_one":"Objetivo: ODS 12","content_one":"<img class=\"alignnone size-medium wp-image-1073 aligncenter\" src=\"https:\/\/decoupledhhg.wpengine.com\/wp-content\/uploads\/2022\/05\/E-WEB-Goal-12-1024x1024-1-300x154.png\" alt=\"\" width=\"300\" height=\"154\" \/>\r\n\r\n<strong>Consumo y producci\u00f3n responsables<\/strong>\r\n\r\nNos aseguraremos de que los productos se obtienen y producen de forma responsable, al tiempo que mostramos a nuestros clientes las alternativas m\u00e1s sostenibles. Para 2025:\r\n<ul>\r\n \t\t<li>Aumentaremos en un 20 % el uso de contenido reciclado en la producci\u00f3n informando a nuestros clientes sobre la disponibilidad de soluciones alternativas al pl\u00e1stico, como los materiales a base de fibra celul\u00f3sica.<\/li>\r\n\t<li>Proporcionaremos a todos los clientes c\u00e1lculos de impacto ambiental en la fase de oferta.<\/li>\r\n\t<li>Eliminaremos los pl\u00e1sticos de un solo uso en nuestras propias oficinas<\/li>\r\n<\/ul>","title_two":"Objetivo: ODS 13","content_two":"<img class=\"alignnone size-medium wp-image-1074 aligncenter\" src=\"https:\/\/decoupledhhg.wpengine.com\/wp-content\/uploads\/2022\/05\/E-WEB-Goal-13-1024x1024-1-300x154.png\" alt=\"\" width=\"300\" height=\"154\" \/>\r\n\r\n<strong>Acci\u00f3n por el clima<\/strong>\r\nAyudaremos a mantener el calentamiento global por debajo de 1,5 \u00baC reduciendo nuestra huella de carbono y pasando a emisiones netas cero. HH Global propone los siguientes hitos clave para alcanzar el objetivo de emisiones netas cero: \r\n<ul>\r\n\t<li>100 % de energ\u00eda renovable en nuestras operaciones para 2025 <\/li>\r\n\t<li>Reducci\u00f3n del 50 % de las emisiones para 2030*. <\/li>\r\n\t<li>90 % de reducci\u00f3n de emisiones para 2040*. <\/li>\r\n\t<li>Inversi\u00f3n continua en soluciones basadas en la naturaleza <\/li>\r\n\t<li>Neutralizaci\u00f3n del 10 % de las emisiones en 2040 <\/li>\r\n<\/ul>\r\n\r\n"},{"acf_fc_layout":"clients_awards","title":"","logos":null},{"acf_fc_layout":"contact_form","scroll_to_link":"","title":"Get in touch"}]},"yoast_head":"<!-- This site is optimized with the Yoast SEO plugin v27.4 - https:\/\/yoast.com\/product\/yoast-seo-wordpress\/ -->\n<title>Sostenibilidad - HH Global<\/title>\n<meta name=\"robots\" content=\"index, follow, max-snippet:-1, max-image-preview:large, max-video-preview:-1\" \/>\n<link rel=\"canonical\" href=\"https:\/\/www.hhglobal.com\/es\/sustainability\/\" \/>\n<meta property=\"og:locale\" content=\"es_ES\" \/>\n<meta property=\"og:type\" content=\"article\" \/>\n<meta property=\"og:title\" content=\"Sostenibilidad - HH Global\" \/>\n<meta property=\"og:url\" content=\"https:\/\/www.hhglobal.com\/es\/sustainability\/\" \/>\n<meta property=\"og:site_name\" content=\"HH Global\" \/>\n<meta property=\"article:modified_time\" content=\"2023-03-14T18:03:23+00:00\" \/>\n<meta name=\"twitter:card\" content=\"summary_large_image\" \/>\n<script type=\"application\/ld+json\" class=\"yoast-schema-graph\">{\"@context\":\"https:\\\/\\\/schema.org\",\"@graph\":[{\"@type\":\"WebPage\",\"@id\":\"https:\\\/\\\/www.hhglobal.com\\\/es\\\/sustainability\\\/\",\"url\":\"https:\\\/\\\/www.hhglobal.com\\\/es\\\/sustainability\\\/\",\"name\":\"Sostenibilidad - HH Global\",\"isPartOf\":{\"@id\":\"https:\\\/\\\/www.hhglobal.com\\\/es\\\/#website\"},\"datePublished\":\"2022-05-19T12:39:43+00:00\",\"dateModified\":\"2023-03-14T18:03:23+00:00\",\"breadcrumb\":{\"@id\":\"https:\\\/\\\/www.hhglobal.com\\\/es\\\/sustainability\\\/#breadcrumb\"},\"inLanguage\":\"es\",\"potentialAction\":[{\"@type\":\"ReadAction\",\"target\":[\"https:\\\/\\\/www.hhglobal.com\\\/es\\\/sustainability\\\/\"]}]},{\"@type\":\"BreadcrumbList\",\"@id\":\"https:\\\/\\\/www.hhglobal.com\\\/es\\\/sustainability\\\/#breadcrumb\",\"itemListElement\":[{\"@type\":\"ListItem\",\"position\":1,\"name\":\"Home\",\"item\":\"https:\\\/\\\/www.hhglobal.com\\\/es\\\/\"},{\"@type\":\"ListItem\",\"position\":2,\"name\":\"Sostenibilidad\"}]},{\"@type\":\"WebSite\",\"@id\":\"https:\\\/\\\/www.hhglobal.com\\\/es\\\/#website\",\"url\":\"https:\\\/\\\/www.hhglobal.com\\\/es\\\/\",\"name\":\"HH Global\",\"description\":\"The global, tech-enabled creative production and procurement partner.\",\"publisher\":{\"@id\":\"https:\\\/\\\/www.hhglobal.com\\\/es\\\/#organization\"},\"potentialAction\":[{\"@type\":\"SearchAction\",\"target\":{\"@type\":\"EntryPoint\",\"urlTemplate\":\"https:\\\/\\\/www.hhglobal.com\\\/es\\\/?s={search_term_string}\"},\"query-input\":{\"@type\":\"PropertyValueSpecification\",\"valueRequired\":true,\"valueName\":\"search_term_string\"}}],\"inLanguage\":\"es\"},{\"@type\":\"Organization\",\"@id\":\"https:\\\/\\\/www.hhglobal.com\\\/es\\\/#organization\",\"name\":\"HH Global\",\"url\":\"https:\\\/\\\/www.hhglobal.com\\\/es\\\/\",\"logo\":{\"@type\":\"ImageObject\",\"inLanguage\":\"es\",\"@id\":\"https:\\\/\\\/www.hhglobal.com\\\/es\\\/#\\\/schema\\\/logo\\\/image\\\/\",\"url\":\"https:\\\/\\\/www.hhglobal.com\\\/wp-content\\\/uploads\\\/2023\\\/12\\\/logo-white.svg\",\"contentUrl\":\"https:\\\/\\\/www.hhglobal.com\\\/wp-content\\\/uploads\\\/2023\\\/12\\\/logo-white.svg\",\"width\":77,\"height\":18,\"caption\":\"HH Global\"},\"image\":{\"@id\":\"https:\\\/\\\/www.hhglobal.com\\\/es\\\/#\\\/schema\\\/logo\\\/image\\\/\"}}]}<\/script>\n<!-- \/ Yoast SEO plugin. -->","yoast_head_json":{"title":"Sostenibilidad - HH Global","robots":{"index":"index","follow":"follow","max-snippet":"max-snippet:-1","max-image-preview":"max-image-preview:large","max-video-preview":"max-video-preview:-1"},"canonical":"https:\/\/www.hhglobal.com\/es\/sustainability\/","og_locale":"es_ES","og_type":"article","og_title":"Sostenibilidad - HH Global","og_url":"https:\/\/www.hhglobal.com\/es\/sustainability\/","og_site_name":"HH Global","article_modified_time":"2023-03-14T18:03:23+00:00","twitter_card":"summary_large_image","schema":{"@context":"https:\/\/schema.org","@graph":[{"@type":"WebPage","@id":"https:\/\/www.hhglobal.com\/es\/sustainability\/","url":"https:\/\/www.hhglobal.com\/es\/sustainability\/","name":"Sostenibilidad - HH Global","isPartOf":{"@id":"https:\/\/www.hhglobal.com\/es\/#website"},"datePublished":"2022-05-19T12:39:43+00:00","dateModified":"2023-03-14T18:03:23+00:00","breadcrumb":{"@id":"https:\/\/www.hhglobal.com\/es\/sustainability\/#breadcrumb"},"inLanguage":"es","potentialAction":[{"@type":"ReadAction","target":["https:\/\/www.hhglobal.com\/es\/sustainability\/"]}]},{"@type":"BreadcrumbList","@id":"https:\/\/www.hhglobal.com\/es\/sustainability\/#breadcrumb","itemListElement":[{"@type":"ListItem","position":1,"name":"Home","item":"https:\/\/www.hhglobal.com\/es\/"},{"@type":"ListItem","position":2,"name":"Sostenibilidad"}]},{"@type":"WebSite","@id":"https:\/\/www.hhglobal.com\/es\/#website","url":"https:\/\/www.hhglobal.com\/es\/","name":"HH Global","description":"The global, tech-enabled creative production and procurement partner.","publisher":{"@id":"https:\/\/www.hhglobal.com\/es\/#organization"},"potentialAction":[{"@type":"SearchAction","target":{"@type":"EntryPoint","urlTemplate":"https:\/\/www.hhglobal.com\/es\/?s={search_term_string}"},"query-input":{"@type":"PropertyValueSpecification","valueRequired":true,"valueName":"search_term_string"}}],"inLanguage":"es"},{"@type":"Organization","@id":"https:\/\/www.hhglobal.com\/es\/#organization","name":"HH Global","url":"https:\/\/www.hhglobal.com\/es\/","logo":{"@type":"ImageObject","inLanguage":"es","@id":"https:\/\/www.hhglobal.com\/es\/#\/schema\/logo\/image\/","url":"https:\/\/www.hhglobal.com\/wp-content\/uploads\/2023\/12\/logo-white.svg","contentUrl":"https:\/\/www.hhglobal.com\/wp-content\/uploads\/2023\/12\/logo-white.svg","width":77,"height":18,"caption":"HH Global"},"image":{"@id":"https:\/\/www.hhglobal.com\/es\/#\/schema\/logo\/image\/"}}]}},"_links":{"self":[{"href":"https:\/\/www.hhglobal.com\/es\/wp-json\/wp\/v2\/pages\/5823","targetHints":{"allow":["GET"]}}],"collection":[{"href":"https:\/\/www.hhglobal.com\/es\/wp-json\/wp\/v2\/pages"}],"about":[{"href":"https:\/\/www.hhglobal.com\/es\/wp-json\/wp\/v2\/types\/page"}],"author":[{"embeddable":true,"href":"https:\/\/www.hhglobal.com\/es\/wp-json\/wp\/v2\/users\/41"}],"replies":[{"embeddable":true,"href":"https:\/\/www.hhglobal.com\/es\/wp-json\/wp\/v2\/comments?post=5823"}],"version-history":[{"count":0,"href":"https:\/\/www.hhglobal.com\/es\/wp-json\/wp\/v2\/pages\/5823\/revisions"}],"wp:attachment":[{"href":"https:\/\/www.hhglobal.com\/es\/wp-json\/wp\/v2\/media?parent=5823"}],"curies":[{"name":"wp","href":"https:\/\/api.w.org\/{rel}","templated":true}]}}