{"id":5805,"date":"2022-05-19T12:46:27","date_gmt":"2022-05-19T12:46:27","guid":{"rendered":"https:\/\/hhassoc-dev.sbx.world\/technology\/"},"modified":"2023-11-24T14:03:19","modified_gmt":"2023-11-24T14:03:19","slug":"technology","status":"publish","type":"page","link":"https:\/\/www.hhglobal.com\/es\/what-we-do\/technology\/","title":{"rendered":"Tecnolog\u00eda"},"content":{"rendered":"","protected":false},"excerpt":{"rendered":"","protected":false},"author":41,"featured_media":0,"parent":0,"menu_order":0,"comment_status":"closed","ping_status":"closed","template":"","meta":{"_acf_changed":"","_yoast_wpseo_focuskw":"","_yoast_wpseo_metadesc":"","_yoast_wpseo_linkdex":"","_yoast_wpseo_content_score":"","_yoast_wpseo_meta-robots-noindex":"","_yoast_wpseo_meta-robots-nofollow":"","inline_featured_image":[],"_genesis_block_theme_hide_title":false,"_cms_nav_minihome":"","_icl_lang_duplicate_of":"","_menu_item_classes":[],"_menu_item_menu_item_parent":"","_menu_item_object":"","_menu_item_object_id":"","_menu_item_orphaned":"","_menu_item_target":"","_menu_item_type":"","_menu_item_url":"","_menu_item_xfn":"","_seedprod_page":"","_seedprod_page_template_type":"","_seedprod_page_uuid":"","_top_nav_excluded":"","_wp_attachment_backup_sizes":[],"_wp_attachment_context":"","_wp_attachment_image_alt":"","_wp_old_date":"","_wpcode_auto_insert":"","_wpcode_auto_insert_number":"","_wpcode_library_id":"","_wpml_media_duplicate":"1","_wpml_media_featured":"1","_wpml_post_translation_editor_native":"","_wpml_word_count":"{\"total\":593,\"to_translate\":{\"zh-hans\":593,\"cs\":593,\"de\":593,\"ja\":593,\"pt-br\":593,\"es\":593}}","_yoast_wpseo_estimated-reading-time-minutes":[],"_yoast_wpseo_primary_category":"","_yoast_wpseo_primary_industry":"","_yoast_wpseo_primary_solution":"","_yoast_wpseo_primary_the_author":"","_yoast_wpseo_wordproof_timestamp":"","acfml_non_translatable_locations":[],"career_externalLink":"","career_featuredImage":"","career_title":"","casestudy_featuredImage":"","casestudy_title":"","infocallout_excerpt":"","infocallout_featuredImage":"","infocallout_title":"","jobTitle":"","language":"","name":"","profilePicture":"","wp-smpro-smush-data":[],"wp-smush-animated":"","wp-smush-ignore-bulk":"","wp-smush-lossy":"","wpml_media_processed":"","_wpcode_conditional_logic_enabled":"","_wpcode_location_extra":"","_wpcode_note":"","_wpcode_priority":"","_wpcode_shortcode_attributes":[],"footnotes":""},"class_list":["post-5805","page","type-page","status-publish","hentry","post","without-featured-image"],"acf":{"page_title":"Tecnolog\u00eda propia para un mayor rendimiento de la inversi\u00f3n en eficiencia y marketing","page_description":"Nuestra tecnolog\u00eda patentada, la mejor de su categor\u00eda, impulsa la eficiencia operativa, la visibilidad del rendimiento y la rentabilidad de la inversi\u00f3n para nuestros clientes.","social_title":"","social_description":"","social_share_image":null,"modules":[{"acf_fc_layout":"hero","size":"medium2","theme":"dark","choose_images":[{"image":4861},{"image":3433},{"image":3613},{"image":2515}],"show_eyebrow":false,"eyebrow":"","title":"Tecnolog\u00eda","show_cta":false,"cta_url":"","cta_title":""},{"acf_fc_layout":"intro_content_block","container_background_color":"bg-white","type":false,"show_image":false,"intro_image":null,"show_background":false,"background":null,"show_eyebrow":false,"eyebrow":"","show_designations":false,"designations":null,"show_title":true,"size":"large","title":"Plataforma innovadora y activaci\u00f3n de marketing racionalizada","show_intro":false,"intro":"","show_body":false,"body":"","show_labels":false,"labels":{"show_social":false,"custom_categories":null}},{"acf_fc_layout":"text_with_media_carousel","theme":"light","container_background_color":"bg-grey","highlight_color":"purple","title":"Tecnolog\u00eda propia para impulsar el retorno de la inversi\u00f3n","content":"Nuestra tecnolog\u00eda, la mejor de su categor\u00eda, genera un impacto de marketing inigualable. Une marcas, pa\u00edses y regiones para alcanzar escala a gran velocidad con informaci\u00f3n basada en datos. Realice un seguimiento del gasto y mida el rendimiento para una mejora continua. Optimice la funcionalidad en cada paso del camino para reducir los residuos, apoyar el crecimiento y permitir la transformaci\u00f3n.\r\n\r\nCreadas para empresas globales, nuestras herramientas estrat\u00e9gicas pueden integrarse en los sistemas existentes para agilizar todos los aspectos de su marketing. Esto incluye m\u00f3dulos que ayudan a planificar, crear, adquirir y ejecutar campa\u00f1as, a la vez que ofrecen informaci\u00f3n sobre los resultados.","additional_spacing":false,"features_title":"L\u00edneas de servicio","features":[{"navigation_label":"Tienda electr\u00f3nica","show_title":true,"title":"Tienda electr\u00f3nica","show_subtitle":false,"subtitle":"","content":"<ul>\r\n \t<li>Fachadas de tiendas web personalizadas para todo su material de marketing -f\u00edsico o digital- mediante un sistema de comercio electr\u00f3nico basado en carritos de la compra.<\/li>\r\n \t<li>F\u00e1cil de usar, disponible en 18 idiomas y 38 divisas, permite a los usuarios de la empresa encontrar, seleccionar, pedir y hacer un seguimiento de todo lo que necesitan desde una \u00fanica fuente.<\/li>\r\n \t<li>Los clientes controlan el acceso mediante sistemas empresariales, como Ariba y Coupa, para gestionar las identidades de los usuarios y garantizar que se presenta el contenido adecuado.<\/li>\r\n<\/ul>","choose_media":[{"image":5371}],"vimeoid":"","ytid":""},{"navigation_label":"Gesti\u00f3n de activos digitales","show_title":true,"title":"Gesti\u00f3n de activos digitales","show_subtitle":false,"subtitle":"","content":"<ul>\r\n \t<li>Tome el control de los archivos y activos de producci\u00f3n de las agencias y la cadena de suministro con Hub Digital Asset Manager, un dep\u00f3sito de archivos digitales en l\u00ednea.<\/li>\r\n \t<li>Automatice los flujos de trabajo proporcionando una interfaz integrada y segura para la entrada de archivos y un s\u00f3lido proceso de liberaci\u00f3n que garantice que los proveedores de producci\u00f3n reciben el archivo correcto en el momento adecuado.<\/li>\r\n \t<li>Desplegar, adaptar y reutilizar contenidos en todos los canales -f\u00edsicos y digitales- utilizando metadatos inteligentes y bien estructurados.<\/li>\r\n<\/ul>","choose_media":[{"image":4867}],"vimeoid":"","ytid":""},{"navigation_label":"Perfil de la tienda","show_title":true,"title":"Perfil de la tienda","show_subtitle":false,"subtitle":"","content":"<ul>\r\n \t<li>Elimine los c\u00e1lculos manuales para determinar las necesidades de producci\u00f3n de cada tienda de la red de un minorista.<\/li>\r\n \t<li>El Perfilador de tienda minorista mantiene los atributos de la tienda y la informaci\u00f3n de los puntos de exposici\u00f3n, generando autom\u00e1ticamente la se\u00f1alizaci\u00f3n y las listas de kits para reducir los residuos garantizando que solo se produce lo que se necesita.<\/li>\r\n \t<li>F\u00e1cil de mantener y actualizar, el Perfilador de tienda minorista permite desplegar la se\u00f1alizaci\u00f3n adecuada en el lugar \u00f3ptimo para lograr un mayor impacto.<\/li>\r\n<\/ul>","choose_media":[{"image":3523}],"vimeoid":"","ytid":""},{"navigation_label":"Informes y an\u00e1lisis","show_title":true,"title":"Informes y an\u00e1lisis","show_subtitle":false,"subtitle":"","content":"<ul>\r\n \t<li>Cuadros de mando personalizados con la marca del cliente para informes, an\u00e1lisis de tendencias y diferencias, sostenibilidad y an\u00e1lisis de gastos.<\/li>\r\n \t<li>F\u00e1cil acceso a los datos a trav\u00e9s de informes y cuadros de mando configurados que proporcionan informaci\u00f3n relevante y orientada a la acci\u00f3n para respaldar la toma de decisiones y la inversi\u00f3n.<\/li>\r\n \t<li>Requiere poca o ninguna formaci\u00f3n y permite a nuestros clientes trabajar en las plataformas que deseen utilizar, reuniendo m\u00faltiples fuentes de datos en un \u00fanico lugar.<\/li>\r\n \t<li>Permite revisar de un vistazo el rendimiento con respecto a los indicadores clave de rendimiento (KPI) acordados, lo que ayuda a centrarse en lo m\u00e1s importante.t<\/li>\r\n<\/ul>","choose_media":[{"image":4483}],"vimeoid":"","ytid":""},{"navigation_label":"Autoservicio de producci\u00f3n y aprovisionamiento","show_title":true,"title":"Autoservicio de producci\u00f3n y aprovisionamiento","show_subtitle":false,"subtitle":"","content":"<ul>\r\n \t<li>Software de ejecuci\u00f3n de marketing con visibilidad completa y control \u00f3ptimo de los factores de costo, calidad, tiempo y sostenibilidad durante la producci\u00f3n y ejecuci\u00f3n de las campa\u00f1as.<\/li>\r\n \t<li>Basado en API y preparado para la integraci\u00f3n, mejora la colaboraci\u00f3n a trav\u00e9s de un flujo de trabajo de marketing centralizado para equipos internos y agencias y proveedores externos.<\/li>\r\n \t<li>Soluciones SaaS flexibles y altamente configurables desde el briefing creativo, pasando por la adquisici\u00f3n y producci\u00f3n, hasta la conciliaci\u00f3n de facturas.<\/li>\r\n<\/ul>","choose_media":[{"image":4711}],"vimeoid":"","ytid":""}]},{"acf_fc_layout":"content_block","container_background_color":"bg-grey","show_header":false,"header":"","contents":[{"show_header_icon":false,"header_icon":null,"show_header":true,"header":"1.3m","header_color":"secondary-blue","show_subheader":true,"subheader":"Operaciones procesadas","description":"Gracias a nuestra tecnolog\u00eda, hemos procesado 1,3 millones de transacciones en los \u00faltimos doce meses, incluidas 692.000 partidas."},{"show_header_icon":false,"header_icon":null,"show_header":true,"header":"625k","header_color":"purple","show_subheader":true,"subheader":"Transacciones en tiendas electr\u00f3nicas","description":"En los \u00faltimos doce meses se han procesado m\u00e1s de 625.000 transacciones en tiendas electr\u00f3nicas."},{"show_header_icon":false,"header_icon":null,"show_header":true,"header":"89,485  ","header_color":"light-purple","show_subheader":true,"subheader":"Usuarios activos","description":"En mayo de 2022, cont\u00e1bamos con casi 100.000 usuarios activos de nuestra tecnolog\u00eda."},{"show_header_icon":false,"header_icon":null,"show_header":true,"header":"526k","header_color":"light-purple","show_subheader":true,"subheader":"Proyectos gestionados","description":"En los \u00faltimos doce meses hemos gestionado con \u00e9xito m\u00e1s de 500 000 proyectos."},{"show_header_icon":false,"header_icon":null,"show_header":true,"header":"1.2m","header_color":"purple","show_subheader":true,"subheader":"Estimaciones de la competencia","description":"Hemos recibido 1,2 millones de ofertas de proveedores en los \u00faltimos doce meses."}]},{"acf_fc_layout":"cards","container_background_color":"bg-pure-black","show_heading":true,"heading":"Explorar la empresa ","content":"","cards":{"layout":"case-studies-layout","sub_layout":"simple","cards_display_mode":"bg-white","solution_term":null,"industry_term":null,"author_term":null,"region_term":null,"choose_cards":null,"choose_case_studies":[5717,6243],"choose_featured_case_studies":null,"choose_staff_members":null,"choose_careers":null,"choose_info_callouts":null,"show_titles":true,"show_description":true,"show_date":false,"show_sector":false}},{"acf_fc_layout":"contact_form","title":"P\u00f3ngase en contacto"}]},"yoast_head":"<!-- This site is optimized with the Yoast SEO plugin v27.3 - https:\/\/yoast.com\/product\/yoast-seo-wordpress\/ -->\n<title>Tecnolog\u00eda - HH Global<\/title>\n<meta name=\"robots\" content=\"index, follow, max-snippet:-1, max-image-preview:large, max-video-preview:-1\" \/>\n<link rel=\"canonical\" href=\"https:\/\/www.hhglobal.com\/es\/what-we-do\/technology\/\" \/>\n<meta property=\"og:locale\" content=\"es_ES\" \/>\n<meta property=\"og:type\" content=\"article\" \/>\n<meta property=\"og:title\" content=\"Tecnolog\u00eda - HH Global\" \/>\n<meta property=\"og:url\" content=\"https:\/\/www.hhglobal.com\/es\/what-we-do\/technology\/\" \/>\n<meta property=\"og:site_name\" content=\"HH Global\" \/>\n<meta property=\"article:modified_time\" content=\"2023-11-24T14:03:19+00:00\" \/>\n<meta name=\"twitter:card\" content=\"summary_large_image\" \/>\n<script type=\"application\/ld+json\" class=\"yoast-schema-graph\">{\"@context\":\"https:\\\/\\\/schema.org\",\"@graph\":[{\"@type\":\"WebPage\",\"@id\":\"https:\\\/\\\/www.hhglobal.com\\\/es\\\/what-we-do\\\/technology\\\/\",\"url\":\"https:\\\/\\\/www.hhglobal.com\\\/es\\\/what-we-do\\\/technology\\\/\",\"name\":\"Tecnolog\u00eda - HH Global\",\"isPartOf\":{\"@id\":\"https:\\\/\\\/www.hhglobal.com\\\/es\\\/#website\"},\"datePublished\":\"2022-05-19T12:46:27+00:00\",\"dateModified\":\"2023-11-24T14:03:19+00:00\",\"breadcrumb\":{\"@id\":\"https:\\\/\\\/www.hhglobal.com\\\/es\\\/what-we-do\\\/technology\\\/#breadcrumb\"},\"inLanguage\":\"es\",\"potentialAction\":[{\"@type\":\"ReadAction\",\"target\":[\"https:\\\/\\\/www.hhglobal.com\\\/es\\\/what-we-do\\\/technology\\\/\"]}]},{\"@type\":\"BreadcrumbList\",\"@id\":\"https:\\\/\\\/www.hhglobal.com\\\/es\\\/what-we-do\\\/technology\\\/#breadcrumb\",\"itemListElement\":[{\"@type\":\"ListItem\",\"position\":1,\"name\":\"Home\",\"item\":\"https:\\\/\\\/www.hhglobal.com\\\/es\\\/\"},{\"@type\":\"ListItem\",\"position\":2,\"name\":\"Tecnolog\u00eda\"}]},{\"@type\":\"WebSite\",\"@id\":\"https:\\\/\\\/www.hhglobal.com\\\/es\\\/#website\",\"url\":\"https:\\\/\\\/www.hhglobal.com\\\/es\\\/\",\"name\":\"HH Global\",\"description\":\"The global, tech-enabled creative production and procurement partner.\",\"publisher\":{\"@id\":\"https:\\\/\\\/www.hhglobal.com\\\/es\\\/#organization\"},\"potentialAction\":[{\"@type\":\"SearchAction\",\"target\":{\"@type\":\"EntryPoint\",\"urlTemplate\":\"https:\\\/\\\/www.hhglobal.com\\\/es\\\/?s={search_term_string}\"},\"query-input\":{\"@type\":\"PropertyValueSpecification\",\"valueRequired\":true,\"valueName\":\"search_term_string\"}}],\"inLanguage\":\"es\"},{\"@type\":\"Organization\",\"@id\":\"https:\\\/\\\/www.hhglobal.com\\\/es\\\/#organization\",\"name\":\"HH Global\",\"url\":\"https:\\\/\\\/www.hhglobal.com\\\/es\\\/\",\"logo\":{\"@type\":\"ImageObject\",\"inLanguage\":\"es\",\"@id\":\"https:\\\/\\\/www.hhglobal.com\\\/es\\\/#\\\/schema\\\/logo\\\/image\\\/\",\"url\":\"https:\\\/\\\/www.hhglobal.com\\\/wp-content\\\/uploads\\\/2023\\\/12\\\/logo-white.svg\",\"contentUrl\":\"https:\\\/\\\/www.hhglobal.com\\\/wp-content\\\/uploads\\\/2023\\\/12\\\/logo-white.svg\",\"width\":77,\"height\":18,\"caption\":\"HH Global\"},\"image\":{\"@id\":\"https:\\\/\\\/www.hhglobal.com\\\/es\\\/#\\\/schema\\\/logo\\\/image\\\/\"}}]}<\/script>\n<!-- \/ Yoast SEO plugin. -->","yoast_head_json":{"title":"Tecnolog\u00eda - HH Global","robots":{"index":"index","follow":"follow","max-snippet":"max-snippet:-1","max-image-preview":"max-image-preview:large","max-video-preview":"max-video-preview:-1"},"canonical":"https:\/\/www.hhglobal.com\/es\/what-we-do\/technology\/","og_locale":"es_ES","og_type":"article","og_title":"Tecnolog\u00eda - HH Global","og_url":"https:\/\/www.hhglobal.com\/es\/what-we-do\/technology\/","og_site_name":"HH Global","article_modified_time":"2023-11-24T14:03:19+00:00","twitter_card":"summary_large_image","schema":{"@context":"https:\/\/schema.org","@graph":[{"@type":"WebPage","@id":"https:\/\/www.hhglobal.com\/es\/what-we-do\/technology\/","url":"https:\/\/www.hhglobal.com\/es\/what-we-do\/technology\/","name":"Tecnolog\u00eda - HH Global","isPartOf":{"@id":"https:\/\/www.hhglobal.com\/es\/#website"},"datePublished":"2022-05-19T12:46:27+00:00","dateModified":"2023-11-24T14:03:19+00:00","breadcrumb":{"@id":"https:\/\/www.hhglobal.com\/es\/what-we-do\/technology\/#breadcrumb"},"inLanguage":"es","potentialAction":[{"@type":"ReadAction","target":["https:\/\/www.hhglobal.com\/es\/what-we-do\/technology\/"]}]},{"@type":"BreadcrumbList","@id":"https:\/\/www.hhglobal.com\/es\/what-we-do\/technology\/#breadcrumb","itemListElement":[{"@type":"ListItem","position":1,"name":"Home","item":"https:\/\/www.hhglobal.com\/es\/"},{"@type":"ListItem","position":2,"name":"Tecnolog\u00eda"}]},{"@type":"WebSite","@id":"https:\/\/www.hhglobal.com\/es\/#website","url":"https:\/\/www.hhglobal.com\/es\/","name":"HH Global","description":"The global, tech-enabled creative production and procurement partner.","publisher":{"@id":"https:\/\/www.hhglobal.com\/es\/#organization"},"potentialAction":[{"@type":"SearchAction","target":{"@type":"EntryPoint","urlTemplate":"https:\/\/www.hhglobal.com\/es\/?s={search_term_string}"},"query-input":{"@type":"PropertyValueSpecification","valueRequired":true,"valueName":"search_term_string"}}],"inLanguage":"es"},{"@type":"Organization","@id":"https:\/\/www.hhglobal.com\/es\/#organization","name":"HH Global","url":"https:\/\/www.hhglobal.com\/es\/","logo":{"@type":"ImageObject","inLanguage":"es","@id":"https:\/\/www.hhglobal.com\/es\/#\/schema\/logo\/image\/","url":"https:\/\/www.hhglobal.com\/wp-content\/uploads\/2023\/12\/logo-white.svg","contentUrl":"https:\/\/www.hhglobal.com\/wp-content\/uploads\/2023\/12\/logo-white.svg","width":77,"height":18,"caption":"HH Global"},"image":{"@id":"https:\/\/www.hhglobal.com\/es\/#\/schema\/logo\/image\/"}}]}},"_links":{"self":[{"href":"https:\/\/www.hhglobal.com\/es\/wp-json\/wp\/v2\/pages\/5805","targetHints":{"allow":["GET"]}}],"collection":[{"href":"https:\/\/www.hhglobal.com\/es\/wp-json\/wp\/v2\/pages"}],"about":[{"href":"https:\/\/www.hhglobal.com\/es\/wp-json\/wp\/v2\/types\/page"}],"author":[{"embeddable":true,"href":"https:\/\/www.hhglobal.com\/es\/wp-json\/wp\/v2\/users\/41"}],"replies":[{"embeddable":true,"href":"https:\/\/www.hhglobal.com\/es\/wp-json\/wp\/v2\/comments?post=5805"}],"version-history":[{"count":0,"href":"https:\/\/www.hhglobal.com\/es\/wp-json\/wp\/v2\/pages\/5805\/revisions"}],"wp:attachment":[{"href":"https:\/\/www.hhglobal.com\/es\/wp-json\/wp\/v2\/media?parent=5805"}],"curies":[{"name":"wp","href":"https:\/\/api.w.org\/{rel}","templated":true}]}}