{"id":5795,"date":"2022-05-19T12:46:43","date_gmt":"2022-05-19T12:46:43","guid":{"rendered":"https:\/\/hhassoc-dev.sbx.world\/procurement\/"},"modified":"2023-11-24T14:11:23","modified_gmt":"2023-11-24T14:11:23","slug":"procurement","status":"publish","type":"page","link":"https:\/\/www.hhglobal.com\/es\/what-we-do\/procurement\/","title":{"rendered":"Adquisiciones"},"content":{"rendered":"","protected":false},"excerpt":{"rendered":"","protected":false},"author":41,"featured_media":0,"parent":0,"menu_order":0,"comment_status":"closed","ping_status":"closed","template":"","meta":{"_acf_changed":"","_yoast_wpseo_focuskw":"","_yoast_wpseo_metadesc":"","_yoast_wpseo_linkdex":"","_yoast_wpseo_content_score":"","_yoast_wpseo_meta-robots-noindex":"","_yoast_wpseo_meta-robots-nofollow":"","inline_featured_image":[],"_genesis_block_theme_hide_title":false,"_cms_nav_minihome":"","_icl_lang_duplicate_of":"","_menu_item_classes":[],"_menu_item_menu_item_parent":"","_menu_item_object":"","_menu_item_object_id":"","_menu_item_orphaned":"","_menu_item_target":"","_menu_item_type":"","_menu_item_url":"","_menu_item_xfn":"","_seedprod_page":"","_seedprod_page_template_type":"","_seedprod_page_uuid":"","_top_nav_excluded":"","_wp_attachment_backup_sizes":[],"_wp_attachment_context":"","_wp_attachment_image_alt":"","_wp_old_date":"","_wpcode_auto_insert":"","_wpcode_auto_insert_number":"","_wpcode_library_id":"","_wpml_media_duplicate":"1","_wpml_media_featured":"1","_wpml_post_translation_editor_native":"","_wpml_word_count":"{\"total\":444,\"to_translate\":{\"zh-hans\":444,\"cs\":444,\"de\":444,\"ja\":444,\"pt-br\":444,\"es\":444}}","_yoast_wpseo_estimated-reading-time-minutes":[],"_yoast_wpseo_primary_category":"","_yoast_wpseo_primary_industry":"","_yoast_wpseo_primary_solution":"","_yoast_wpseo_primary_the_author":"","_yoast_wpseo_wordproof_timestamp":"","acfml_non_translatable_locations":[],"career_externalLink":"","career_featuredImage":"","career_title":"","casestudy_featuredImage":"","casestudy_title":"","infocallout_excerpt":"","infocallout_featuredImage":"","infocallout_title":"","jobTitle":"","language":"","name":"","profilePicture":"","wp-smpro-smush-data":[],"wp-smush-animated":"","wp-smush-ignore-bulk":"","wp-smush-lossy":"","wpml_media_processed":"","_wpcode_conditional_logic_enabled":"","_wpcode_location_extra":"","_wpcode_note":"","_wpcode_priority":"","_wpcode_shortcode_attributes":[],"footnotes":""},"class_list":["post-5795","page","type-page","status-publish","hentry","post","without-featured-image"],"acf":{"page_title":"Experiencia en adquisiciones para el \u00e9xito del marketing global | HH Global","page_description":"P\u00f3ngase en contacto con HH Global, expertos en compras creativas, para abastecerse de una amplia red de proveedores de todo el mundo que se adapten a las necesidades de su proyecto.","social_title":"","social_description":"","social_share_image":null,"modules":[{"acf_fc_layout":"hero","size":"medium2","theme":"dark","choose_images":[{"image":5113},{"image":2581},{"image":4849},{"image":4837}],"show_eyebrow":false,"eyebrow":"","title":"Adquisiciones","show_cta":false,"cta_url":"","cta_title":""},{"acf_fc_layout":"intro_content_block","container_background_color":"bg-white","type":false,"show_image":false,"intro_image":null,"show_background":false,"background":null,"show_eyebrow":false,"eyebrow":"","show_designations":false,"designations":null,"show_title":true,"size":"large","title":"Experiencia en adquisiciones para el \u00e9xito del marketing mundial","show_intro":false,"intro":"","show_body":false,"body":"","show_labels":false,"labels":{"show_social":false,"custom_categories":null}},{"acf_fc_layout":"text_with_media_carousel","theme":"light","container_background_color":"bg-grey","highlight_color":"purple","title":"Acceda a una experiencia en adquisiciones, un apalancamiento y ","content":"La experiencia en canales y los recursos mundiales de HH Global ofrecen programas a medida que optimizan su cadena de suministro a la vez que mitigan los riesgos. Como l\u00edder del sector en compras, gestionamos m\u00e1s gastos que cualquier competidor. Tenemos acceso a m\u00e1s de 15.000 proveedores de todas las categor\u00edas en todo el mundo. Esto le proporciona una ventaja extraordinaria para conseguir calidad a menor costo.\r\n\r\nInvertimos continuamente en una cadena de suministro cada vez m\u00e1s sostenible, que fomente la diversidad y la inclusi\u00f3n. Esto significa que, al tiempo que reduce costos y mejora la velocidad de comercializaci\u00f3n, tambi\u00e9n puede cumplir y superar los objetivos corporativos medioambientales, sociales y de gobernanza.","additional_spacing":false,"features_title":"L\u00edneas de servicio","features":[{"navigation_label":"Optimizaci\u00f3n de la cadena de suministro","show_title":true,"title":"Optimizaci\u00f3n de la cadena de suministro","show_subtitle":false,"subtitle":"","content":"<ul>\r\n \t<li>Ponemos en contacto a los clientes con los mejores proveedores para minimizar el costo total de propiedad.<\/li>\r\n \t<li>La selecci\u00f3n de proveedores se basa en an\u00e1lisis exhaustivos de cada socio proveedor estrat\u00e9gico, desde la incorporaci\u00f3n hasta la ejecuci\u00f3n final del proyecto.<\/li>\r\n \t<li>Evaluamos m\u00e1s de 20 criterios que cruzan categor\u00edas de geograf\u00eda, capacidades, estabilidad y rendimiento<\/li>\r\n<\/ul>","choose_media":[{"image":4759}],"vimeoid":"","ytid":""},{"navigation_label":"Contrataci\u00f3n de marketing sostenible","show_title":true,"title":"Contrataci\u00f3n de marketing sostenible","show_subtitle":false,"subtitle":"","content":"<ul>\r\n \t<li>HH Global marca la pauta en materia de responsabilidad social y medioambiental en los negocios, y una \u00e9tica s\u00f3lida que cumpla sistem\u00e1ticamente las leyes y normativas aplicables.<\/li>\r\n \t<li>Estamos comprometidos con unas condiciones de trabajo seguras en toda la cadena de suministro, el respeto y la dignidad de todos los trabajadores y unos procesos de fabricaci\u00f3n responsables con el medio ambiente y la sociedad.<\/li>\r\n \t<li>Nuestros socios proveedores estrat\u00e9gicos deben cumplir todas las leyes y normativas medioambientales aplicables, as\u00ed como las pr\u00e1cticas correctas del sector, como la gesti\u00f3n y eliminaci\u00f3n de productos qu\u00edmicos y residuos, el reciclaje, el tratamiento y vertido de aguas residuales industriales, el control de las emisiones atmosf\u00e9ricas, los permisos medioambientales y la elaboraci\u00f3n de informes medioambientales.<\/li>\r\n<\/ul>","choose_media":[{"image":4963}],"vimeoid":"","ytid":""},{"navigation_label":"Gesti\u00f3n de los gastos de cola","show_title":true,"title":"Gesti\u00f3n de los gastos de cola","show_subtitle":false,"subtitle":"","content":"<ul>\r\n \t<li>La gesti\u00f3n de los gastos a medida es un compromiso con nuestros socios proveedores estrat\u00e9gicos y el n\u00facleo de nuestra estrategia de abastecimiento.<\/li>\r\n \t<li>La supervisi\u00f3n de los gastos a medida es fundamental para nuestros informes peri\u00f3dicos y el proceso continuo de evaluaci\u00f3n de proveedores.<\/li>\r\n<\/ul>","choose_media":[{"image":5359}],"vimeoid":"","ytid":""}]},{"acf_fc_layout":"content_block","container_background_color":"bg-grey","show_header":false,"header":"","contents":[{"show_header_icon":false,"header_icon":null,"show_header":true,"header":"+8,600 ","header_color":"secondary-blue","show_subheader":true,"subheader":"Socios proveedores estrat\u00e9gicos","description":"Abarcamos 19 categor\u00edas clave de gasto en marketing con nuestra red mundial"},{"show_header_icon":false,"header_icon":null,"show_header":true,"header":"25%","header_color":"purple","show_subheader":true,"subheader":"Ahorro de los clientes","description":"Conseguimos grandes ahorros para nuestros clientes aprovechando nuestra escala de adquisiciones"},{"show_header_icon":false,"header_icon":null,"show_header":true,"header":"+300","header_color":"light-purple","show_subheader":true,"subheader":"Expertos en contrataci\u00f3n estrat\u00e9gica","description":"Nuestro equipo global de compras est\u00e1 formado por expertos en una amplia gama de categor\u00edas de productos."},{"show_header_icon":false,"header_icon":null,"show_header":true,"header":"+7m","header_color":"light-purple","show_subheader":true,"subheader":"Pies cuadrados en todo el mundo","description":"Disponemos de almacenes de gran capacidad situados estrat\u00e9gicamente en todas las regiones del mundo."},{"show_header_icon":false,"header_icon":null,"show_header":true,"header":"+2m ","header_color":"purple","show_subheader":true,"subheader":"Env\u00edos y paquetes","description":"Entregamos con \u00e9xito millones de piezas al a\u00f1o a trav\u00e9s de nuestra extensa red mundial"}]},{"acf_fc_layout":"cards","container_background_color":"bg-pure-black","show_heading":true,"heading":"Explorar la empresa ","content":"","cards":{"layout":"case-studies-layout","sub_layout":"simple","cards_display_mode":"bg-white","solution_term":null,"industry_term":null,"author_term":null,"region_term":null,"choose_cards":null,"choose_case_studies":[5724,6243],"choose_featured_case_studies":null,"choose_staff_members":null,"choose_careers":null,"choose_info_callouts":null,"show_titles":true,"show_description":true,"show_date":false,"show_sector":false}},{"acf_fc_layout":"contact_form","title":"\u00bfEst\u00e1 buscando generar un mayor valor de su cadena de suministro de marketing? Estamos aqu\u00ed para ayudarle."}]},"yoast_head":"<!-- This site is optimized with the Yoast SEO plugin v27.3 - https:\/\/yoast.com\/product\/yoast-seo-wordpress\/ -->\n<title>Adquisiciones - HH Global<\/title>\n<meta name=\"robots\" content=\"index, follow, max-snippet:-1, max-image-preview:large, max-video-preview:-1\" \/>\n<link rel=\"canonical\" href=\"https:\/\/www.hhglobal.com\/es\/what-we-do\/procurement\/\" \/>\n<meta property=\"og:locale\" content=\"es_ES\" \/>\n<meta property=\"og:type\" content=\"article\" \/>\n<meta property=\"og:title\" content=\"Adquisiciones - HH Global\" \/>\n<meta property=\"og:url\" content=\"https:\/\/www.hhglobal.com\/es\/what-we-do\/procurement\/\" \/>\n<meta property=\"og:site_name\" content=\"HH Global\" \/>\n<meta property=\"article:modified_time\" content=\"2023-11-24T14:11:23+00:00\" \/>\n<meta name=\"twitter:card\" content=\"summary_large_image\" \/>\n<script type=\"application\/ld+json\" class=\"yoast-schema-graph\">{\"@context\":\"https:\\\/\\\/schema.org\",\"@graph\":[{\"@type\":\"WebPage\",\"@id\":\"https:\\\/\\\/www.hhglobal.com\\\/es\\\/what-we-do\\\/procurement\\\/\",\"url\":\"https:\\\/\\\/www.hhglobal.com\\\/es\\\/what-we-do\\\/procurement\\\/\",\"name\":\"Adquisiciones - HH Global\",\"isPartOf\":{\"@id\":\"https:\\\/\\\/www.hhglobal.com\\\/es\\\/#website\"},\"datePublished\":\"2022-05-19T12:46:43+00:00\",\"dateModified\":\"2023-11-24T14:11:23+00:00\",\"breadcrumb\":{\"@id\":\"https:\\\/\\\/www.hhglobal.com\\\/es\\\/what-we-do\\\/procurement\\\/#breadcrumb\"},\"inLanguage\":\"es\",\"potentialAction\":[{\"@type\":\"ReadAction\",\"target\":[\"https:\\\/\\\/www.hhglobal.com\\\/es\\\/what-we-do\\\/procurement\\\/\"]}]},{\"@type\":\"BreadcrumbList\",\"@id\":\"https:\\\/\\\/www.hhglobal.com\\\/es\\\/what-we-do\\\/procurement\\\/#breadcrumb\",\"itemListElement\":[{\"@type\":\"ListItem\",\"position\":1,\"name\":\"Home\",\"item\":\"https:\\\/\\\/www.hhglobal.com\\\/es\\\/\"},{\"@type\":\"ListItem\",\"position\":2,\"name\":\"Adquisiciones\"}]},{\"@type\":\"WebSite\",\"@id\":\"https:\\\/\\\/www.hhglobal.com\\\/es\\\/#website\",\"url\":\"https:\\\/\\\/www.hhglobal.com\\\/es\\\/\",\"name\":\"HH Global\",\"description\":\"The global, tech-enabled creative production and procurement partner.\",\"publisher\":{\"@id\":\"https:\\\/\\\/www.hhglobal.com\\\/es\\\/#organization\"},\"potentialAction\":[{\"@type\":\"SearchAction\",\"target\":{\"@type\":\"EntryPoint\",\"urlTemplate\":\"https:\\\/\\\/www.hhglobal.com\\\/es\\\/?s={search_term_string}\"},\"query-input\":{\"@type\":\"PropertyValueSpecification\",\"valueRequired\":true,\"valueName\":\"search_term_string\"}}],\"inLanguage\":\"es\"},{\"@type\":\"Organization\",\"@id\":\"https:\\\/\\\/www.hhglobal.com\\\/es\\\/#organization\",\"name\":\"HH Global\",\"url\":\"https:\\\/\\\/www.hhglobal.com\\\/es\\\/\",\"logo\":{\"@type\":\"ImageObject\",\"inLanguage\":\"es\",\"@id\":\"https:\\\/\\\/www.hhglobal.com\\\/es\\\/#\\\/schema\\\/logo\\\/image\\\/\",\"url\":\"https:\\\/\\\/www.hhglobal.com\\\/wp-content\\\/uploads\\\/2023\\\/12\\\/logo-white.svg\",\"contentUrl\":\"https:\\\/\\\/www.hhglobal.com\\\/wp-content\\\/uploads\\\/2023\\\/12\\\/logo-white.svg\",\"width\":77,\"height\":18,\"caption\":\"HH Global\"},\"image\":{\"@id\":\"https:\\\/\\\/www.hhglobal.com\\\/es\\\/#\\\/schema\\\/logo\\\/image\\\/\"}}]}<\/script>\n<!-- \/ Yoast SEO plugin. -->","yoast_head_json":{"title":"Adquisiciones - HH Global","robots":{"index":"index","follow":"follow","max-snippet":"max-snippet:-1","max-image-preview":"max-image-preview:large","max-video-preview":"max-video-preview:-1"},"canonical":"https:\/\/www.hhglobal.com\/es\/what-we-do\/procurement\/","og_locale":"es_ES","og_type":"article","og_title":"Adquisiciones - HH Global","og_url":"https:\/\/www.hhglobal.com\/es\/what-we-do\/procurement\/","og_site_name":"HH Global","article_modified_time":"2023-11-24T14:11:23+00:00","twitter_card":"summary_large_image","schema":{"@context":"https:\/\/schema.org","@graph":[{"@type":"WebPage","@id":"https:\/\/www.hhglobal.com\/es\/what-we-do\/procurement\/","url":"https:\/\/www.hhglobal.com\/es\/what-we-do\/procurement\/","name":"Adquisiciones - HH Global","isPartOf":{"@id":"https:\/\/www.hhglobal.com\/es\/#website"},"datePublished":"2022-05-19T12:46:43+00:00","dateModified":"2023-11-24T14:11:23+00:00","breadcrumb":{"@id":"https:\/\/www.hhglobal.com\/es\/what-we-do\/procurement\/#breadcrumb"},"inLanguage":"es","potentialAction":[{"@type":"ReadAction","target":["https:\/\/www.hhglobal.com\/es\/what-we-do\/procurement\/"]}]},{"@type":"BreadcrumbList","@id":"https:\/\/www.hhglobal.com\/es\/what-we-do\/procurement\/#breadcrumb","itemListElement":[{"@type":"ListItem","position":1,"name":"Home","item":"https:\/\/www.hhglobal.com\/es\/"},{"@type":"ListItem","position":2,"name":"Adquisiciones"}]},{"@type":"WebSite","@id":"https:\/\/www.hhglobal.com\/es\/#website","url":"https:\/\/www.hhglobal.com\/es\/","name":"HH Global","description":"The global, tech-enabled creative production and procurement partner.","publisher":{"@id":"https:\/\/www.hhglobal.com\/es\/#organization"},"potentialAction":[{"@type":"SearchAction","target":{"@type":"EntryPoint","urlTemplate":"https:\/\/www.hhglobal.com\/es\/?s={search_term_string}"},"query-input":{"@type":"PropertyValueSpecification","valueRequired":true,"valueName":"search_term_string"}}],"inLanguage":"es"},{"@type":"Organization","@id":"https:\/\/www.hhglobal.com\/es\/#organization","name":"HH Global","url":"https:\/\/www.hhglobal.com\/es\/","logo":{"@type":"ImageObject","inLanguage":"es","@id":"https:\/\/www.hhglobal.com\/es\/#\/schema\/logo\/image\/","url":"https:\/\/www.hhglobal.com\/wp-content\/uploads\/2023\/12\/logo-white.svg","contentUrl":"https:\/\/www.hhglobal.com\/wp-content\/uploads\/2023\/12\/logo-white.svg","width":77,"height":18,"caption":"HH Global"},"image":{"@id":"https:\/\/www.hhglobal.com\/es\/#\/schema\/logo\/image\/"}}]}},"_links":{"self":[{"href":"https:\/\/www.hhglobal.com\/es\/wp-json\/wp\/v2\/pages\/5795","targetHints":{"allow":["GET"]}}],"collection":[{"href":"https:\/\/www.hhglobal.com\/es\/wp-json\/wp\/v2\/pages"}],"about":[{"href":"https:\/\/www.hhglobal.com\/es\/wp-json\/wp\/v2\/types\/page"}],"author":[{"embeddable":true,"href":"https:\/\/www.hhglobal.com\/es\/wp-json\/wp\/v2\/users\/41"}],"replies":[{"embeddable":true,"href":"https:\/\/www.hhglobal.com\/es\/wp-json\/wp\/v2\/comments?post=5795"}],"version-history":[{"count":0,"href":"https:\/\/www.hhglobal.com\/es\/wp-json\/wp\/v2\/pages\/5795\/revisions"}],"wp:attachment":[{"href":"https:\/\/www.hhglobal.com\/es\/wp-json\/wp\/v2\/media?parent=5795"}],"curies":[{"name":"wp","href":"https:\/\/api.w.org\/{rel}","templated":true}]}}