{"id":5788,"date":"2022-05-19T12:47:26","date_gmt":"2022-05-19T12:47:26","guid":{"rendered":"https:\/\/hhassoc-dev.sbx.world\/logistics\/"},"modified":"2023-11-24T14:18:05","modified_gmt":"2023-11-24T14:18:05","slug":"logistics","status":"publish","type":"page","link":"https:\/\/www.hhglobal.com\/es\/what-we-do\/logistics\/","title":{"rendered":"Log\u00edsticas"},"content":{"rendered":"","protected":false},"excerpt":{"rendered":"","protected":false},"author":41,"featured_media":0,"parent":0,"menu_order":0,"comment_status":"closed","ping_status":"closed","template":"","meta":{"_acf_changed":"","_yoast_wpseo_focuskw":"","_yoast_wpseo_metadesc":"","_yoast_wpseo_linkdex":"","_yoast_wpseo_content_score":"","_yoast_wpseo_meta-robots-noindex":"","_yoast_wpseo_meta-robots-nofollow":"","inline_featured_image":[],"_genesis_block_theme_hide_title":false,"_cms_nav_minihome":"","_icl_lang_duplicate_of":"","_menu_item_classes":[],"_menu_item_menu_item_parent":"","_menu_item_object":"","_menu_item_object_id":"","_menu_item_orphaned":"","_menu_item_target":"","_menu_item_type":"","_menu_item_url":"","_menu_item_xfn":"","_seedprod_page":"","_seedprod_page_template_type":"","_seedprod_page_uuid":"","_top_nav_excluded":"","_wp_attachment_backup_sizes":[],"_wp_attachment_context":"","_wp_attachment_image_alt":"","_wp_old_date":"","_wpcode_auto_insert":"","_wpcode_auto_insert_number":"","_wpcode_library_id":"","_wpml_media_duplicate":"1","_wpml_media_featured":"1","_wpml_post_translation_editor_native":"","_wpml_word_count":"{\"total\":464,\"to_translate\":{\"zh-hans\":464,\"cs\":464,\"de\":464,\"ja\":464,\"pt-br\":464,\"es\":464}}","_yoast_wpseo_estimated-reading-time-minutes":[],"_yoast_wpseo_primary_category":"","_yoast_wpseo_primary_industry":"","_yoast_wpseo_primary_solution":"","_yoast_wpseo_primary_the_author":"","_yoast_wpseo_wordproof_timestamp":"","acfml_non_translatable_locations":[],"career_externalLink":"","career_featuredImage":"","career_title":"","casestudy_featuredImage":"","casestudy_title":"","infocallout_excerpt":"","infocallout_featuredImage":"","infocallout_title":"","jobTitle":"","language":"","name":"","profilePicture":"","wp-smpro-smush-data":[],"wp-smush-animated":"","wp-smush-ignore-bulk":"","wp-smush-lossy":"","wpml_media_processed":"","_wpcode_conditional_logic_enabled":"","_wpcode_location_extra":"","_wpcode_note":"","_wpcode_priority":"","_wpcode_shortcode_attributes":[],"footnotes":""},"class_list":["post-5788","page","type-page","status-publish","hentry","post","without-featured-image"],"acf":{"page_title":"Soluciones log\u00edsticas para un marketing estrat\u00e9gico global | HH Global ","page_description":"Deje que la experiencia log\u00edstica de HH Global, totalmente integrada con soluciones creativas de producci\u00f3n y aprovisionamiento, proporcione a su marca el \u00e9xito en el marketing global.","social_title":"","social_description":"","social_share_image":null,"modules":[{"acf_fc_layout":"hero","size":"medium2","theme":"dark","choose_images":[{"image":2719},{"image":2497},{"image":4777},{"image":4759}],"show_eyebrow":false,"eyebrow":"","title":"Log\u00edstica","show_cta":false,"cta_url":"","cta_title":""},{"acf_fc_layout":"intro_content_block","container_background_color":"bg-white","type":false,"show_image":false,"intro_image":null,"show_background":false,"background":null,"show_eyebrow":false,"eyebrow":"","show_designations":false,"designations":null,"show_title":true,"size":"large","title":"Soluciones log\u00edsticas para un marketing estrat\u00e9gico global","show_intro":false,"intro":"","show_body":false,"body":"","show_labels":false,"labels":{"show_social":false,"custom_categories":null}},{"acf_fc_layout":"text_with_media_carousel","theme":"light","container_background_color":"bg-grey","highlight_color":"purple","title":"Aseg\u00farese de que sus grandes ideas llegan listas para impactar","content":"Tiene grandes ideas para su marketing. Pero sus materiales de marketing tienen que estar en el lugar adecuado en el momento oportuno para causar un gran impacto. Nuestros almacenes inteligentes con tecnolog\u00eda, junto con ubicaciones estrat\u00e9gicas en todo el mundo, le ofrecen la visibilidad y la rapidez de comercializaci\u00f3n que necesita para triunfar.\r\n\r\nEn HH Global nuestra prioridad es comprender su negocio, desde el concepto creativo hasta los detalles de almacenamiento y entrega de sus activos de marketing. Nos integramos plenamente con sus sistemas existentes para ofrecerle visibilidad de inventario y seguimiento para una gesti\u00f3n excepcional. Y nuestra estrategia de sostenibilidad, medici\u00f3n y capacidad de elaboraci\u00f3n de informes le ayudan a cumplir y superar sus objetivos corporativos.","additional_spacing":true,"features_title":"L\u00edneas de servicio","features":[{"navigation_label":"Almacenamiento y distribuci\u00f3n","show_title":true,"title":"Almacenamiento y distribuci\u00f3n","show_subtitle":false,"subtitle":"","content":"Proporcionamos soluciones flexibles de almacenamiento y distribuci\u00f3n a escala que incluyen lo siguiente:\r\n<ul>\r\n \t<li>Flexibilidad t\u00e1ctica para establecer r\u00e1pidamente operaciones que cumplan los objetivos exclusivos de su empresa<\/li>\r\n \t<li>Varios almacenes para satisfacer mejor las necesidades de env\u00edo de los clientes<\/li>\r\n \t<li>Red diversa de proveedores de almacenes certificados que ofrecen escalabilidad en todos los sectores industriales.<\/li>\r\n \t<li>Opciones centralizadas y descentralizadas para satisfacer cualquier necesidad de distribuci\u00f3n<\/li>\r\n \t<li>Una base de proveedores en constante expansi\u00f3n para mejorar los servicios en todas las rutas.<\/li>\r\n \t<li>Econom\u00edas de escala y ahorro gracias a la agregaci\u00f3n de la actividad de los clientes dentro de nuestra cartera.<\/li>\r\n<\/ul>","choose_media":[{"image":4771}],"vimeoid":"","ytid":""},{"navigation_label":"Optimizaci\u00f3n del transporte de mercanc\u00edas","show_title":true,"title":"Optimizaci\u00f3n del transporte de mercanc\u00edas","show_subtitle":false,"subtitle":"","content":"Una s\u00f3lida gesti\u00f3n de la carga agiliza sus procesos de marketing, inventario y cumplimiento, entre otros:\r\n<ul>\r\n \t<li>Las tecnolog\u00edas propias de cat\u00e1logo y panel de control simplifican los pedidos y ofrecen informaci\u00f3n en tiempo real.<\/li>\r\n \t<li>Toda la carga se gestiona a trav\u00e9s de un programa inform\u00e1tico de gesti\u00f3n del transporte en l\u00ednea<\/li>\r\n \t<li>M\u00e1s de 31 millones de libras gestionadas anualmente<\/li>\r\n \t<li>99,5 % de puntualidad<\/li>\r\n \t<li>Importaciones y exportaciones a m\u00e1s de 60 pa\u00edses<\/li>\r\n<\/ul>","choose_media":[{"image":4807}],"vimeoid":"","ytid":""},{"navigation_label":"Montaje e instalaci\u00f3n","show_title":true,"title":"Montaje e instalaci\u00f3n","show_subtitle":false,"subtitle":"","content":"Estamos especializados en la coordinaci\u00f3n y gesti\u00f3n de programas de instalaci\u00f3n estrat\u00e9gicos para sus activos de marketing m\u00e1s importantes, incluidos:\r\n<ul>\r\n \t<li>Se\u00f1alizaci\u00f3n tradicional y digital, mobiliario y expositores, y soluciones personalizadas de todos los niveles de complejidad<\/li>\r\n \t<li>Equipo interno de especialistas experimentados en montaje e instalaci\u00f3n<\/li>\r\n \t<li>Servicios de instalaci\u00f3n expertos y r\u00e1pidos en todos los sectores<\/li>\r\n \t<li>Servicios de gesti\u00f3n de proyectos 24\/7\/365<\/li>\r\n \t<li>Comunicaci\u00f3n constante con los clientes a trav\u00e9s de gestores de proyectos especializados<\/li>\r\n \t<li>Resultados fiables en todos los proyectos<\/li>\r\n<\/ul>","choose_media":[{"image":2443}],"vimeoid":"","ytid":""},{"navigation_label":"Empacado conjunto","show_title":true,"title":"Empacado conjunto","show_subtitle":false,"subtitle":"","content":"Contamos con unas amplias instalaciones dotadas de equipos operativos y de ingenier\u00eda para facilitar los servicios de exposici\u00f3n de co-pack, entre los que se incluyen:\r\n<ul>\r\n \t<li>Instalaciones de 350.000 pies cuadrados certificadas por la AIB y registradas por la FDA<\/li>\r\n \t<li>Dos turnos de personal para el montaje de expositores, el co-packing y el embalaje de kits proporcionan flexibilidad y escala seg\u00fan las necesidades<\/li>\r\n \t<li>Mesa de vibraci\u00f3n interna para simulaci\u00f3n de transporte y pruebas en buques<\/li>\r\n \t<li>175 millones de d\u00f3lares anuales en productos de consumo envasados<\/li>\r\n<\/ul>","choose_media":[{"image":5215}],"vimeoid":"","ytid":""}]},{"acf_fc_layout":"content_block","container_background_color":"bg-white","show_header":false,"header":"","contents":[{"show_header_icon":false,"header_icon":null,"show_header":true,"header":"+7k","header_color":"secondary-blue","show_subheader":true,"subheader":"Transportistas","description":"En red"},{"show_header_icon":false,"header_icon":null,"show_header":true,"header":"+250","header_color":"purple","show_subheader":true,"subheader":"Lanzamiento de productos","description":"Gesti\u00f3n anual"},{"show_header_icon":false,"header_icon":null,"show_header":true,"header":"+150","header_color":"light-purple","show_subheader":true,"subheader":"Empresas de productos de consumo de alta rotaci\u00f3n","description":"Atendidas en todo el mundo"}]},{"acf_fc_layout":"cards","container_background_color":"bg-pure-black","show_heading":true,"heading":"Explorar la empresa ","content":"","cards":{"layout":"case-studies-layout","sub_layout":"simple","cards_display_mode":"bg-white","solution_term":null,"industry_term":null,"author_term":null,"region_term":null,"choose_cards":null,"choose_case_studies":[5740,5732],"choose_featured_case_studies":null,"choose_staff_members":null,"choose_careers":null,"choose_info_callouts":null,"show_titles":true,"show_description":true,"show_date":false,"show_sector":false}},{"acf_fc_layout":"contact_form","title":"P\u00f3ngase en contacto"}]},"yoast_head":"<!-- This site is optimized with the Yoast SEO plugin v27.3 - https:\/\/yoast.com\/product\/yoast-seo-wordpress\/ -->\n<title>Log\u00edsticas - HH Global<\/title>\n<meta name=\"robots\" content=\"index, follow, max-snippet:-1, max-image-preview:large, max-video-preview:-1\" \/>\n<link rel=\"canonical\" href=\"https:\/\/www.hhglobal.com\/es\/what-we-do\/logistics\/\" \/>\n<meta property=\"og:locale\" content=\"es_ES\" \/>\n<meta property=\"og:type\" content=\"article\" \/>\n<meta property=\"og:title\" content=\"Log\u00edsticas - HH Global\" \/>\n<meta property=\"og:url\" content=\"https:\/\/www.hhglobal.com\/es\/what-we-do\/logistics\/\" \/>\n<meta property=\"og:site_name\" content=\"HH Global\" \/>\n<meta property=\"article:modified_time\" content=\"2023-11-24T14:18:05+00:00\" \/>\n<meta name=\"twitter:card\" content=\"summary_large_image\" \/>\n<script type=\"application\/ld+json\" class=\"yoast-schema-graph\">{\"@context\":\"https:\\\/\\\/schema.org\",\"@graph\":[{\"@type\":\"WebPage\",\"@id\":\"https:\\\/\\\/www.hhglobal.com\\\/es\\\/what-we-do\\\/logistics\\\/\",\"url\":\"https:\\\/\\\/www.hhglobal.com\\\/es\\\/what-we-do\\\/logistics\\\/\",\"name\":\"Log\u00edsticas - HH Global\",\"isPartOf\":{\"@id\":\"https:\\\/\\\/www.hhglobal.com\\\/es\\\/#website\"},\"datePublished\":\"2022-05-19T12:47:26+00:00\",\"dateModified\":\"2023-11-24T14:18:05+00:00\",\"breadcrumb\":{\"@id\":\"https:\\\/\\\/www.hhglobal.com\\\/es\\\/what-we-do\\\/logistics\\\/#breadcrumb\"},\"inLanguage\":\"es\",\"potentialAction\":[{\"@type\":\"ReadAction\",\"target\":[\"https:\\\/\\\/www.hhglobal.com\\\/es\\\/what-we-do\\\/logistics\\\/\"]}]},{\"@type\":\"BreadcrumbList\",\"@id\":\"https:\\\/\\\/www.hhglobal.com\\\/es\\\/what-we-do\\\/logistics\\\/#breadcrumb\",\"itemListElement\":[{\"@type\":\"ListItem\",\"position\":1,\"name\":\"Home\",\"item\":\"https:\\\/\\\/www.hhglobal.com\\\/es\\\/\"},{\"@type\":\"ListItem\",\"position\":2,\"name\":\"Log\u00edsticas\"}]},{\"@type\":\"WebSite\",\"@id\":\"https:\\\/\\\/www.hhglobal.com\\\/es\\\/#website\",\"url\":\"https:\\\/\\\/www.hhglobal.com\\\/es\\\/\",\"name\":\"HH Global\",\"description\":\"The global, tech-enabled creative production and procurement partner.\",\"publisher\":{\"@id\":\"https:\\\/\\\/www.hhglobal.com\\\/es\\\/#organization\"},\"potentialAction\":[{\"@type\":\"SearchAction\",\"target\":{\"@type\":\"EntryPoint\",\"urlTemplate\":\"https:\\\/\\\/www.hhglobal.com\\\/es\\\/?s={search_term_string}\"},\"query-input\":{\"@type\":\"PropertyValueSpecification\",\"valueRequired\":true,\"valueName\":\"search_term_string\"}}],\"inLanguage\":\"es\"},{\"@type\":\"Organization\",\"@id\":\"https:\\\/\\\/www.hhglobal.com\\\/es\\\/#organization\",\"name\":\"HH Global\",\"url\":\"https:\\\/\\\/www.hhglobal.com\\\/es\\\/\",\"logo\":{\"@type\":\"ImageObject\",\"inLanguage\":\"es\",\"@id\":\"https:\\\/\\\/www.hhglobal.com\\\/es\\\/#\\\/schema\\\/logo\\\/image\\\/\",\"url\":\"https:\\\/\\\/www.hhglobal.com\\\/wp-content\\\/uploads\\\/2023\\\/12\\\/logo-white.svg\",\"contentUrl\":\"https:\\\/\\\/www.hhglobal.com\\\/wp-content\\\/uploads\\\/2023\\\/12\\\/logo-white.svg\",\"width\":77,\"height\":18,\"caption\":\"HH Global\"},\"image\":{\"@id\":\"https:\\\/\\\/www.hhglobal.com\\\/es\\\/#\\\/schema\\\/logo\\\/image\\\/\"}}]}<\/script>\n<!-- \/ Yoast SEO plugin. -->","yoast_head_json":{"title":"Log\u00edsticas - HH Global","robots":{"index":"index","follow":"follow","max-snippet":"max-snippet:-1","max-image-preview":"max-image-preview:large","max-video-preview":"max-video-preview:-1"},"canonical":"https:\/\/www.hhglobal.com\/es\/what-we-do\/logistics\/","og_locale":"es_ES","og_type":"article","og_title":"Log\u00edsticas - HH Global","og_url":"https:\/\/www.hhglobal.com\/es\/what-we-do\/logistics\/","og_site_name":"HH Global","article_modified_time":"2023-11-24T14:18:05+00:00","twitter_card":"summary_large_image","schema":{"@context":"https:\/\/schema.org","@graph":[{"@type":"WebPage","@id":"https:\/\/www.hhglobal.com\/es\/what-we-do\/logistics\/","url":"https:\/\/www.hhglobal.com\/es\/what-we-do\/logistics\/","name":"Log\u00edsticas - HH Global","isPartOf":{"@id":"https:\/\/www.hhglobal.com\/es\/#website"},"datePublished":"2022-05-19T12:47:26+00:00","dateModified":"2023-11-24T14:18:05+00:00","breadcrumb":{"@id":"https:\/\/www.hhglobal.com\/es\/what-we-do\/logistics\/#breadcrumb"},"inLanguage":"es","potentialAction":[{"@type":"ReadAction","target":["https:\/\/www.hhglobal.com\/es\/what-we-do\/logistics\/"]}]},{"@type":"BreadcrumbList","@id":"https:\/\/www.hhglobal.com\/es\/what-we-do\/logistics\/#breadcrumb","itemListElement":[{"@type":"ListItem","position":1,"name":"Home","item":"https:\/\/www.hhglobal.com\/es\/"},{"@type":"ListItem","position":2,"name":"Log\u00edsticas"}]},{"@type":"WebSite","@id":"https:\/\/www.hhglobal.com\/es\/#website","url":"https:\/\/www.hhglobal.com\/es\/","name":"HH Global","description":"The global, tech-enabled creative production and procurement partner.","publisher":{"@id":"https:\/\/www.hhglobal.com\/es\/#organization"},"potentialAction":[{"@type":"SearchAction","target":{"@type":"EntryPoint","urlTemplate":"https:\/\/www.hhglobal.com\/es\/?s={search_term_string}"},"query-input":{"@type":"PropertyValueSpecification","valueRequired":true,"valueName":"search_term_string"}}],"inLanguage":"es"},{"@type":"Organization","@id":"https:\/\/www.hhglobal.com\/es\/#organization","name":"HH Global","url":"https:\/\/www.hhglobal.com\/es\/","logo":{"@type":"ImageObject","inLanguage":"es","@id":"https:\/\/www.hhglobal.com\/es\/#\/schema\/logo\/image\/","url":"https:\/\/www.hhglobal.com\/wp-content\/uploads\/2023\/12\/logo-white.svg","contentUrl":"https:\/\/www.hhglobal.com\/wp-content\/uploads\/2023\/12\/logo-white.svg","width":77,"height":18,"caption":"HH Global"},"image":{"@id":"https:\/\/www.hhglobal.com\/es\/#\/schema\/logo\/image\/"}}]}},"_links":{"self":[{"href":"https:\/\/www.hhglobal.com\/es\/wp-json\/wp\/v2\/pages\/5788","targetHints":{"allow":["GET"]}}],"collection":[{"href":"https:\/\/www.hhglobal.com\/es\/wp-json\/wp\/v2\/pages"}],"about":[{"href":"https:\/\/www.hhglobal.com\/es\/wp-json\/wp\/v2\/types\/page"}],"author":[{"embeddable":true,"href":"https:\/\/www.hhglobal.com\/es\/wp-json\/wp\/v2\/users\/41"}],"replies":[{"embeddable":true,"href":"https:\/\/www.hhglobal.com\/es\/wp-json\/wp\/v2\/comments?post=5788"}],"version-history":[{"count":0,"href":"https:\/\/www.hhglobal.com\/es\/wp-json\/wp\/v2\/pages\/5788\/revisions"}],"wp:attachment":[{"href":"https:\/\/www.hhglobal.com\/es\/wp-json\/wp\/v2\/media?parent=5788"}],"curies":[{"name":"wp","href":"https:\/\/api.w.org\/{rel}","templated":true}]}}